{"id":7952,"date":"2025-05-20T02:02:09","date_gmt":"2025-05-20T02:02:09","guid":{"rendered":"https:\/\/jinsuncarbon.com\/?post_type=product&#038;p=7952"},"modified":"2025-05-20T07:06:32","modified_gmt":"2025-05-20T07:06:32","slug":"graphitformblock","status":"publish","type":"product","link":"https:\/\/jinsuncarbon.com\/de\/produkt\/graphitformblock\/","title":{"rendered":"Geformter Graphitblock"},"content":{"rendered":"<p>&nbsp;<\/p>\n<h2>Vorteile des Graphitformblocks<\/h2>\n<h3>Hohe Temperaturbest\u00e4ndigkeit<\/h3>\n<p>Geformte Graphitbl\u00f6cke k\u00f6nnen bei gro\u00dfer Hitze verwendet werden. Sie l\u00f6sen sich nicht auf oder zersetzen sich nicht, wie es bei Metallen der Fall ist. Der Block bleibt selbst bei Temperaturen von bis zu 3000\u00b0C in Takt. Er l\u00e4sst sich nicht verdrehen, verbiegen oder verziehen. Das macht ihn ideal f\u00fcr den Einsatz in \u00d6fen und Brennkammern.<\/p>\n<h3>Gute W\u00e4rmeleitf\u00e4higkeit<\/h3>\n<p>Ein geformter Graphit ist w\u00e4rmeleitf\u00e4hig. Er verteilt die W\u00e4rme gleichm\u00e4\u00dfig. Dadurch werden hei\u00dfe Stellen beim Gie\u00dfen und Erhitzen vermieden. Sie haben also eine gleichm\u00e4\u00dfige, stabile Temperaturkontrolle.<\/p>\n<h3>Ausgezeichnete elektrische Leitf\u00e4higkeit<\/h3>\n<p>In elektrischen Anlagen k\u00f6nnen Sie geformte Graphitbl\u00f6cke verwenden. Sie leiten den Strom gut. Man kann sie in Elektroden, Heizst\u00e4ben und Batteriekomponenten verwenden. Sie liefern einen gleichm\u00e4\u00dfigen Stromfluss.<\/p>\n<h3>Starke chemische Best\u00e4ndigkeit<\/h3>\n<p>Gegossene Graphitbl\u00f6cke sind gegen eine Vielzahl von Chemikalien best\u00e4ndig. Sie werden von S\u00e4uren, Laugen und L\u00f6sungsmitteln nicht angegriffen. Sie k\u00f6nnen in chemischen Tanks, Reaktoren und Verarbeitungsanlagen eingesetzt werden.<\/p>\n<h3>Geringe thermische Ausdehnung<\/h3>\n<p>Gebackener Graphit quillt beim Erhitzen nicht stark auf. Sie haben eine geringere Dimensionsstabilit\u00e4t. Dadurch verringert sich die Wahrscheinlichkeit von Rissen oder Formverschiebungen. Es hilft, diese werden Sie mit genauen Teile bieten.<\/p>\n<h3>Leicht zu bearbeiten<\/h3>\n<p>Es kann in einem geformten Graphitblock getrimmt und geformt werden. Geeignet f\u00fcr herk\u00f6mmliche oder CNC-Maschinen. Sie k\u00f6nnen es bohren, schleifen oder schnitzen, um feine Details herauszuschneiden. So sparen Sie Zeit und Kosten.<\/p>\n<h3>Hohe mechanische Festigkeit<\/h3>\n<p><a href=\"https:\/\/jinsuncarbon.com\/de\/produkt\/graphitblock\/\">Graphitbl\u00f6cke<\/a> in Form gebracht werden, sind z\u00e4h. Sie sind stark genug, um schwere Lasten und Druck zu bew\u00e4ltigen. Sie sind f\u00fcr den Einsatz in rauen Arbeitsumgebungen geeignet. Sie splittern und brechen nicht so leicht.<\/p>\n<h3>Nicht-metallisch und rein<\/h3>\n<p>Sie erhalten 99,9% Kohlenstoffreinheit und keine Kontamination mit Metallen. Sie sind ideal f\u00fcr empfindliche oder saubere Umgebungen. Geformter Graphit ist ideal f\u00fcr Lebensmittelwerkzeuge, Reinr\u00e4ume und Laborausr\u00fcstung.<\/p>\n<h3>Lange Lebensdauer<\/h3>\n<p>Geformter Graphit, der ebenfalls lange h\u00e4lt. Sie sind resistent gegen Verschlei\u00df, Hitze und Chemikalien. Sie m\u00fcssen sie nicht oft auswechseln. Das bedeutet, dass Sie kein Geld f\u00fcr die Wartung ausgeben m\u00fcssen.<\/p>\n<h2>Anwendungen des Graphitformblocks<\/h2>\n<p><strong>Komponenten des Ofens<\/strong><\/p>\n<p>Geformte Graphitbl\u00f6cke k\u00f6nnen Sie in \u00d6fen verwenden. Sie sind ideal f\u00fcr die Verwendung als Auskleidung, Isolierung, Heizelemente usw. Sie sind resistent gegen Temperaturschocks.<\/p>\n<p><strong>Gussformen<\/strong><\/p>\n<p>Die Bl\u00f6cke k\u00f6nnen zu Gussformen verarbeitet werden. Sie k\u00f6nnen auf Aluminium, Messing oder anderen Metallen eingesetzt werden. Sie ergeben saubere Oberfl\u00e4chen. Sie haften nicht an geschmolzenem Metall.<\/p>\n<p><strong>EDM-Elektroden<\/strong><\/p>\n<p>Geformter Graphit kann verwendet werden f\u00fcr <a href=\"https:\/\/en.wikipedia.org\/wiki\/Electrical_discharge_machining\" target=\"_blank\" rel=\"noopener\">EDM<\/a>. Der Block dient als Elektrode. Er modelliert Metalle mit Pr\u00e4zision. Au\u00dferdem ist er erosions- und hitzebest\u00e4ndig.<\/p>\n<p><strong>Tiegel<\/strong><\/p>\n<p>Sie k\u00f6nnen geformte Graphitbl\u00f6cke zur Herstellung von Tiegeln verwenden. Das sind Gef\u00e4\u00dfe, die mit geschmolzenem Metall gef\u00fcllt sind. Der Text antwortet nicht. Sie halten in der Regel l\u00e4nger als viele andere Optionen.<\/p>\n<p><strong>Teile f\u00fcr W\u00e4rmetauscher<\/strong><\/p>\n<p>Man kann sie zu W\u00e4rmetauscherkomponenten verarbeiten. Sie \u00fcbertragen W\u00e4rme schnell. Sie sind korrosionsbest\u00e4ndig. Man kann sie in chemischen oder thermischen Systemen einsetzen.<\/p>\n<p><strong>Ausr\u00fcstung f\u00fcr die chemische Verarbeitung<\/strong><\/p>\n<p>Geformter Graphit, der in Pumpen, Ventilen, Dichtungen und D\u00fcsen verwendet werden kann. Es funktioniert in starken S\u00e4uren und L\u00f6sungsmitteln. Er ist rost- und verschlei\u00dfbest\u00e4ndig. Es sorgt auch f\u00fcr eine langfristige Kontrolle des Chemikalienflusses.<\/p>\n<p><strong>Mechanische Teile<\/strong><\/p>\n<p>Sie k\u00f6nnen auch Buchsen, Lager und Gleitschuhe aus Graphitgu\u00dfbl\u00f6cken herstellen. Diese Teile verringern die Reibung. Sie funktionieren ohne weitere Schmierung. Sie sind am hilfreichsten in trockenen oder sauberen Systemen.<\/p>\n<p><strong>Halbleiterindustrie<\/strong><\/p>\n<p>Bei der Chipherstellung k\u00f6nnen Graphitbl\u00f6cke verwendet werden. Sie eignen sich gut f\u00fcr hohe Temperaturen in Vakuumkammern. Dank ihrer v\u00f6lligen Reinheit und hohen Stabilit\u00e4t erf\u00fcllen sie selbst die strengsten Anforderungen. Sie geben keine Partikel oder Gase ab.<\/p>","protected":false},"excerpt":{"rendered":"<p>Geformter Graphitblock ist ein hochwertiges hitzebest\u00e4ndiges Material f\u00fcr den industriellen Einsatz. Sie k\u00f6nnen es f\u00fcr extreme Hitze, Chemikalien und pr\u00e4zisionsbearbeitete Massivteile verwenden. Er wird tagt\u00e4glich in vielen Branchen eingesetzt. Es bietet eine stabile Leistung, einfache Handhabung und eine lange Nutzungsdauer.<\/p>\n<p>Ein Graphitblock, der durch ein Pulververdichtungsverfahren geformt wird, ist der geformte Graphitblock, der durch Komprimieren von fein verteiltem Graphitpulver in eine sehr dichte Form gebracht wurde. Anschlie\u00dfend wird er bei hoher Hitze gebrannt, um seine Form zu verfestigen. Das fertige Produkt ist ein harter Block von hoher Qualit\u00e4t. Er l\u00e4sst sich in viele Komponenten zerlegen. Er ist auch in verschiedenen Gr\u00f6\u00dfen und Formen erh\u00e4ltlich.<\/p>","protected":false},"featured_media":7953,"template":"","meta":[],"product_brand":[],"product_cat":[38],"product_tag":[],"class_list":{"0":"post-7952","1":"product","2":"type-product","3":"status-publish","4":"has-post-thumbnail","6":"product_cat-graphite-products","8":"first","9":"instock","10":"shipping-taxable","11":"product-type-simple"},"yoast_head":"<!-- This site is optimized with the Yoast SEO Premium plugin v19.2.1 (Yoast SEO v25.3) - https:\/\/yoast.com\/wordpress\/plugins\/seo\/ -->\n<title>Molded Graphite Block | Jinsun Carbon<\/title>\n<meta name=\"robots\" content=\"index, follow, max-snippet:-1, max-image-preview:large, max-video-preview:-1\" \/>\n<link rel=\"canonical\" href=\"https:\/\/jinsuncarbon.com\/de\/produkt\/graphitformblock\/\" \/>\n<meta property=\"og:locale\" content=\"de_DE\" \/>\n<meta property=\"og:type\" content=\"article\" \/>\n<meta property=\"og:title\" content=\"Molded Graphite Block\" \/>\n<meta property=\"og:description\" content=\"Molded graphite block is a high quality heat-resistant material for industrial use. You can use it for extreme heat, chemicals and precision machined solid parts. It is used every day in many industries. This provides stable performance, easy handling, and extended service life.  A graphite block which is shaped by a powder compaction process is the formed graphite block which was shaped by compressing finely divided graphite powder into a highly dense shape. It is then baked at a high heat to firm up its shape. The finished product is a hard block of high quality. It machines into many components. It\u2019s also available in various sizes and shapes.\" \/>\n<meta property=\"og:url\" content=\"https:\/\/jinsuncarbon.com\/de\/produkt\/graphitformblock\/\" \/>\n<meta property=\"og:site_name\" content=\"Jinsun Carbon\" \/>\n<meta property=\"article:publisher\" content=\"https:\/\/www.facebook.com\/Graphite-Electrode-109336238661595\" \/>\n<meta property=\"article:modified_time\" content=\"2025-05-20T07:06:32+00:00\" \/>\n<meta property=\"og:image\" content=\"https:\/\/jinsuncarbon.com\/wp-content\/uploads\/2025\/05\/Molded-Graphite-Block.jpg\" \/>\n\t<meta property=\"og:image:width\" content=\"1024\" \/>\n\t<meta property=\"og:image:height\" content=\"763\" \/>\n\t<meta property=\"og:image:type\" content=\"image\/jpeg\" \/>\n<meta name=\"twitter:card\" content=\"summary_large_image\" \/>\n<meta name=\"twitter:site\" content=\"@jinsuncarbon_\" \/>\n<meta name=\"twitter:label1\" content=\"Gesch\u00e4tzte Lesezeit\" \/>\n\t<meta name=\"twitter:data1\" content=\"3\u00a0Minuten\" \/>\n<script type=\"application\/ld+json\" class=\"yoast-schema-graph\">{\"@context\":\"https:\/\/schema.org\",\"@graph\":[{\"@type\":\"WebPage\",\"@id\":\"https:\/\/jinsuncarbon.com\/product\/molded-graphite-block\/\",\"url\":\"https:\/\/jinsuncarbon.com\/product\/molded-graphite-block\/\",\"name\":\"Molded Graphite Block | Jinsun Carbon\",\"isPartOf\":{\"@id\":\"https:\/\/jinsuncarbon.com\/#website\"},\"primaryImageOfPage\":{\"@id\":\"https:\/\/jinsuncarbon.com\/product\/molded-graphite-block\/#primaryimage\"},\"image\":{\"@id\":\"https:\/\/jinsuncarbon.com\/product\/molded-graphite-block\/#primaryimage\"},\"thumbnailUrl\":\"https:\/\/jinsuncarbon.com\/wp-content\/uploads\/2025\/05\/Molded-Graphite-Block.jpg\",\"datePublished\":\"2025-05-20T02:02:09+00:00\",\"dateModified\":\"2025-05-20T07:06:32+00:00\",\"breadcrumb\":{\"@id\":\"https:\/\/jinsuncarbon.com\/product\/molded-graphite-block\/#breadcrumb\"},\"inLanguage\":\"de\",\"potentialAction\":[{\"@type\":\"ReadAction\",\"target\":[\"https:\/\/jinsuncarbon.com\/product\/molded-graphite-block\/\"]}]},{\"@type\":\"ImageObject\",\"inLanguage\":\"de\",\"@id\":\"https:\/\/jinsuncarbon.com\/product\/molded-graphite-block\/#primaryimage\",\"url\":\"https:\/\/jinsuncarbon.com\/wp-content\/uploads\/2025\/05\/Molded-Graphite-Block.jpg\",\"contentUrl\":\"https:\/\/jinsuncarbon.com\/wp-content\/uploads\/2025\/05\/Molded-Graphite-Block.jpg\",\"width\":1024,\"height\":763,\"caption\":\"Molded Graphite Block\"},{\"@type\":\"BreadcrumbList\",\"@id\":\"https:\/\/jinsuncarbon.com\/product\/molded-graphite-block\/#breadcrumb\",\"itemListElement\":[{\"@type\":\"ListItem\",\"position\":1,\"name\":\"Home\",\"item\":\"https:\/\/jinsuncarbon.com\/\"},{\"@type\":\"ListItem\",\"position\":2,\"name\":\"Products\",\"item\":\"https:\/\/jinsuncarbon.com\/graphite-carbon\/\"},{\"@type\":\"ListItem\",\"position\":3,\"name\":\"Molded Graphite Block\"}]},{\"@type\":\"WebSite\",\"@id\":\"https:\/\/jinsuncarbon.com\/#website\",\"url\":\"https:\/\/jinsuncarbon.com\/\",\"name\":\"Jinsun Carbon\",\"description\":\"We are the successful graphite electrode manufacturer in China\",\"publisher\":{\"@id\":\"https:\/\/jinsuncarbon.com\/#organization\"},\"potentialAction\":[{\"@type\":\"SearchAction\",\"target\":{\"@type\":\"EntryPoint\",\"urlTemplate\":\"https:\/\/jinsuncarbon.com\/?s={search_term_string}\"},\"query-input\":{\"@type\":\"PropertyValueSpecification\",\"valueRequired\":true,\"valueName\":\"search_term_string\"}}],\"inLanguage\":\"de\"},{\"@type\":\"Organization\",\"@id\":\"https:\/\/jinsuncarbon.com\/#organization\",\"name\":\"Jinsun Carbon\",\"alternateName\":\"Jinsun Carbon\",\"url\":\"https:\/\/jinsuncarbon.com\/\",\"logo\":{\"@type\":\"ImageObject\",\"inLanguage\":\"de\",\"@id\":\"https:\/\/jinsuncarbon.com\/#\/schema\/logo\/image\/\",\"url\":\"https:\/\/jinsuncarbon.com\/wp-content\/uploads\/2022\/12\/LOGO-1.png\",\"contentUrl\":\"https:\/\/jinsuncarbon.com\/wp-content\/uploads\/2022\/12\/LOGO-1.png\",\"width\":207,\"height\":80,\"caption\":\"Jinsun Carbon\"},\"image\":{\"@id\":\"https:\/\/jinsuncarbon.com\/#\/schema\/logo\/image\/\"},\"sameAs\":[\"https:\/\/www.facebook.com\/Graphite-Electrode-109336238661595\",\"https:\/\/x.com\/jinsuncarbon_\",\"https:\/\/www.linkedin.com\/in\/jinsungraphite\",\"https:\/\/www.youtube.com\/channel\/UCysDNyvyR5-3cCWEmpkVC0g\"]}]}<\/script>\n<!-- \/ Yoast SEO Premium plugin. -->","yoast_head_json":{"title":"Geformter Graphitblock | Jinsun Carbon","robots":{"index":"index","follow":"follow","max-snippet":"max-snippet:-1","max-image-preview":"max-image-preview:large","max-video-preview":"max-video-preview:-1"},"canonical":"https:\/\/jinsuncarbon.com\/de\/produkt\/graphitformblock\/","og_locale":"de_DE","og_type":"article","og_title":"Molded Graphite Block","og_description":"Molded graphite block is a high quality heat-resistant material for industrial use. You can use it for extreme heat, chemicals and precision machined solid parts. It is used every day in many industries. This provides stable performance, easy handling, and extended service life.  A graphite block which is shaped by a powder compaction process is the formed graphite block which was shaped by compressing finely divided graphite powder into a highly dense shape. It is then baked at a high heat to firm up its shape. The finished product is a hard block of high quality. It machines into many components. It\u2019s also available in various sizes and shapes.","og_url":"https:\/\/jinsuncarbon.com\/de\/produkt\/graphitformblock\/","og_site_name":"Jinsun Carbon","article_publisher":"https:\/\/www.facebook.com\/Graphite-Electrode-109336238661595","article_modified_time":"2025-05-20T07:06:32+00:00","og_image":[{"width":1024,"height":763,"url":"https:\/\/jinsuncarbon.com\/wp-content\/uploads\/2025\/05\/Molded-Graphite-Block.jpg","type":"image\/jpeg"}],"twitter_card":"summary_large_image","twitter_site":"@jinsuncarbon_","twitter_misc":{"Gesch\u00e4tzte Lesezeit":"3\u00a0Minuten"},"schema":{"@context":"https:\/\/schema.org","@graph":[{"@type":"WebPage","@id":"https:\/\/jinsuncarbon.com\/product\/molded-graphite-block\/","url":"https:\/\/jinsuncarbon.com\/product\/molded-graphite-block\/","name":"Geformter Graphitblock | Jinsun Carbon","isPartOf":{"@id":"https:\/\/jinsuncarbon.com\/#website"},"primaryImageOfPage":{"@id":"https:\/\/jinsuncarbon.com\/product\/molded-graphite-block\/#primaryimage"},"image":{"@id":"https:\/\/jinsuncarbon.com\/product\/molded-graphite-block\/#primaryimage"},"thumbnailUrl":"https:\/\/jinsuncarbon.com\/wp-content\/uploads\/2025\/05\/Molded-Graphite-Block.jpg","datePublished":"2025-05-20T02:02:09+00:00","dateModified":"2025-05-20T07:06:32+00:00","breadcrumb":{"@id":"https:\/\/jinsuncarbon.com\/product\/molded-graphite-block\/#breadcrumb"},"inLanguage":"de","potentialAction":[{"@type":"ReadAction","target":["https:\/\/jinsuncarbon.com\/product\/molded-graphite-block\/"]}]},{"@type":"ImageObject","inLanguage":"de","@id":"https:\/\/jinsuncarbon.com\/product\/molded-graphite-block\/#primaryimage","url":"https:\/\/jinsuncarbon.com\/wp-content\/uploads\/2025\/05\/Molded-Graphite-Block.jpg","contentUrl":"https:\/\/jinsuncarbon.com\/wp-content\/uploads\/2025\/05\/Molded-Graphite-Block.jpg","width":1024,"height":763,"caption":"Molded Graphite Block"},{"@type":"BreadcrumbList","@id":"https:\/\/jinsuncarbon.com\/product\/molded-graphite-block\/#breadcrumb","itemListElement":[{"@type":"ListItem","position":1,"name":"Home","item":"https:\/\/jinsuncarbon.com\/"},{"@type":"ListItem","position":2,"name":"Products","item":"https:\/\/jinsuncarbon.com\/graphite-carbon\/"},{"@type":"ListItem","position":3,"name":"Molded Graphite Block"}]},{"@type":"WebSite","@id":"https:\/\/jinsuncarbon.com\/#website","url":"https:\/\/jinsuncarbon.com\/","name":"Jinsun Kohlenstoff","description":"Wir sind der erfolgreiche Hersteller von Graphitelektroden in China","publisher":{"@id":"https:\/\/jinsuncarbon.com\/#organization"},"potentialAction":[{"@type":"SearchAction","target":{"@type":"EntryPoint","urlTemplate":"https:\/\/jinsuncarbon.com\/?s={search_term_string}"},"query-input":{"@type":"PropertyValueSpecification","valueRequired":true,"valueName":"search_term_string"}}],"inLanguage":"de"},{"@type":"Organization","@id":"https:\/\/jinsuncarbon.com\/#organization","name":"Jinsun Kohlenstoff","alternateName":"Jinsun Carbon","url":"https:\/\/jinsuncarbon.com\/","logo":{"@type":"ImageObject","inLanguage":"de","@id":"https:\/\/jinsuncarbon.com\/#\/schema\/logo\/image\/","url":"https:\/\/jinsuncarbon.com\/wp-content\/uploads\/2022\/12\/LOGO-1.png","contentUrl":"https:\/\/jinsuncarbon.com\/wp-content\/uploads\/2022\/12\/LOGO-1.png","width":207,"height":80,"caption":"Jinsun Carbon"},"image":{"@id":"https:\/\/jinsuncarbon.com\/#\/schema\/logo\/image\/"},"sameAs":["https:\/\/www.facebook.com\/Graphite-Electrode-109336238661595","https:\/\/x.com\/jinsuncarbon_","https:\/\/www.linkedin.com\/in\/jinsungraphite","https:\/\/www.youtube.com\/channel\/UCysDNyvyR5-3cCWEmpkVC0g"]}]}},"_links":{"self":[{"href":"https:\/\/jinsuncarbon.com\/de\/wp-json\/wp\/v2\/product\/7952","targetHints":{"allow":["GET"]}}],"collection":[{"href":"https:\/\/jinsuncarbon.com\/de\/wp-json\/wp\/v2\/product"}],"about":[{"href":"https:\/\/jinsuncarbon.com\/de\/wp-json\/wp\/v2\/types\/product"}],"wp:featuredmedia":[{"embeddable":true,"href":"https:\/\/jinsuncarbon.com\/de\/wp-json\/wp\/v2\/media\/7953"}],"wp:attachment":[{"href":"https:\/\/jinsuncarbon.com\/de\/wp-json\/wp\/v2\/media?parent=7952"}],"wp:term":[{"taxonomy":"product_brand","embeddable":true,"href":"https:\/\/jinsuncarbon.com\/de\/wp-json\/wp\/v2\/product_brand?post=7952"},{"taxonomy":"product_cat","embeddable":true,"href":"https:\/\/jinsuncarbon.com\/de\/wp-json\/wp\/v2\/product_cat?post=7952"},{"taxonomy":"product_tag","embeddable":true,"href":"https:\/\/jinsuncarbon.com\/de\/wp-json\/wp\/v2\/product_tag?post=7952"}],"curies":[{"name":"wp","href":"https:\/\/api.w.org\/{rel}","templated":true}]}}