{"id":7941,"date":"2025-05-10T09:15:32","date_gmt":"2025-05-10T09:15:32","guid":{"rendered":"https:\/\/jinsuncarbon.com\/?post_type=product&#038;p=7941"},"modified":"2025-05-10T09:15:33","modified_gmt":"2025-05-10T09:15:33","slug":"graphitfahne","status":"publish","type":"product","link":"https:\/\/jinsuncarbon.com\/de\/produkt\/graphitfahne\/","title":{"rendered":"Graphitfahne"},"content":{"rendered":"<h2>Vorteile der Graphitfahne<\/h2>\n<p><strong><b>Gro\u00dfartig<\/b><\/strong><strong><b>\u00a0W\u00e4rmestabilit\u00e4t <\/b><\/strong><\/p>\n<p>Es kann seine Struktur- und Leistungsstabilit\u00e4t in einem weiten Temperaturbereich von -200\u2103 bis 450\u2103 beibehalten und kommt mit hohen oder niedrigen Temperaturen gut zurecht.<\/p>\n<p>&nbsp;<\/p>\n<p><strong><b>Stabil <\/b><\/strong><strong><b>chemische Eigenschaften<\/b><\/strong><\/p>\n<p>Es reagiert kaum mit den \u00fcblichen chemischen Substanzen, so dass es auch in chemisch korrosiven Umgebungen lange Zeit verwendet werden kann.<\/p>\n<p>&nbsp;<\/p>\n<p><strong><b>\u00c4u\u00dferst niedriger Reibungskoeffizient <\/b><\/strong><\/p>\n<p>Dadurch ist es in der Lage, sich selbst zu schmieren, was die Reibungsverluste mit anderen Komponenten erheblich reduziert und die H\u00e4ufigkeit der Wartung verringert.<\/p>\n<p>&nbsp;<\/p>\n<p><strong><b>Ausgezeichnete thermische und elektrische Leitf\u00e4higkeit<\/b><\/strong><\/p>\n<p>Es kann W\u00e4rme schnell ableiten, verhindert lokale \u00dcberhitzung und erf\u00fcllt auch die Anwendungsanforderungen in bestimmten elektromagnetischen Umgebungen.<\/p>\n<p>&nbsp;<\/p>\n<p><strong><b>Geringe Dichte<\/b><\/strong><\/p>\n<p>Das geringe Gewicht tr\u00e4gt dazu bei, die Gesamtlast des Ger\u00e4ts zu verringern und die Betriebseffizienz zu verbessern.<\/p>\n<p>&nbsp;<\/p>\n<p><strong><b>Gute Verarbeitungsleistung<\/b><\/strong><\/p>\n<p>Sie k\u00f6nnen die Formen und Gr\u00f6\u00dfen je nach Bedarf anpassen, z. B. hohle Graphitschaufeln, massive Graphitschaufeln usw. Dar\u00fcber hinaus k\u00f6nnen Sie auch verschiedene Arten von Graphitfahnen w\u00e4hlen, die durch Pressverfahren und Pr\u00e4zisionsbearbeitungstechniken hergestellt werden.<\/p>\n<p><strong><b>\u00a0<\/b><\/strong><\/p>\n<h2>Verwendungszwecke von Graphitschaufeln<\/h2>\n<h3>Energiefeld:<\/h3>\n<p><strong><b>Stromerzeugung aus Windkraft<\/b><\/strong><\/p>\n<p>Aufgrund ihrer hohen Festigkeit und Witterungsbest\u00e4ndigkeit k\u00f6nnen Graphitschaufeln als Windturbinenbl\u00e4tter verwendet werden. Sie k\u00f6nnen in Au\u00dfenbereichen, die langfristig Wind, Sonne, Sand und Staub ausgesetzt sind, stabil arbeiten. Auf diese Weise wird die Windenergie effektiv genutzt und die Effizienz der Stromerzeugung erh\u00f6ht.<\/p>\n<p>&nbsp;<\/p>\n<p><strong><b>Kernkraftwerk<\/b><\/strong><\/p>\n<p>Schaufeln aus hochreinem Graphit funktionieren zuverl\u00e4ssig in Umgebungen mit hohen Temperaturen und Strahlung.<\/p>\n<p>So k\u00f6nnen Sie sie im K\u00fchlkreislaufsystem von <a href=\"https:\/\/en.wikipedia.org\/wiki\/Nuclear_reactor\" target=\"_blank\" rel=\"noopener\">Atomreaktoren<\/a>\u00a0um die stabile Zufuhr von K\u00fchlmitteln zu gew\u00e4hrleisten.<\/p>\n<p>&nbsp;<\/p>\n<h3>Industrielle Fertigung:<\/h3>\n<p><strong><b>Chemische Ausr\u00fcstung<\/b><\/strong><\/p>\n<p>Sie k\u00f6nnen in den R\u00fchrwerken von chemischen Reaktionsgef\u00e4\u00dfen und in Pumpen zum Umf\u00fcllen von S\u00e4uren und Laugen verwendet werden. Aufgrund ihrer chemischen Inertheit widerstehen sie der Erosion durch stark korrosive Medien und verl\u00e4ngern so die Lebensdauer der Ger\u00e4te. Und in der Zentrifuge verringert die selbstschmierende Eigenschaft die Reibung und erh\u00f6ht die Trennleistung.<\/p>\n<p>&nbsp;<\/p>\n<p><strong><b>Metallurgische Industrie<\/b><\/strong><\/p>\n<p>Sie k\u00f6nnen auch im Bel\u00fcftungssystem von Hochtemperatur\u00f6fen eingesetzt werden. Sie halten den hohen Temperaturen in staubiger Umgebung stand und sorgen f\u00fcr Luftzirkulation und Temperaturstabilit\u00e4t im Inneren des Ofens. <a href=\"https:\/\/jinsuncarbon.com\/de\/graphit-im-vakuumofen\/\">\u00d6fen<\/a>.<\/p>\n<p>&nbsp;<\/p>\n<h3>Elektronik und Luft- und Raumfahrt:<\/h3>\n<p><strong><b>Elektronische W\u00e4rmeableitung<\/b><\/strong><\/p>\n<p>Auch in den K\u00fchlventilatoren von Servern und Hochleistungscomputern spielen Graphitschaufeln eine entscheidende Rolle. Dank ihrer hohen W\u00e4rmeleitf\u00e4higkeit und ihres geringen Luftwiderstands leiten sie die W\u00e4rme schnell ab und sorgen f\u00fcr einen stabilen Betrieb der elektronischen Komponenten.<\/p>\n<p>&nbsp;<\/p>\n<p><strong><b>Luft- und Raumfahrt<\/b><\/strong><\/p>\n<p>Dar\u00fcber hinaus werden sie im Umweltkontrollsystem von Flugzeugen eingesetzt, um die Luftzirkulation in der Kabine zu regulieren. Ihre Eigenschaften, leicht, hitzebest\u00e4ndig und hochfest zu sein, erf\u00fcllen die strengen Anforderungen der Luft- und Raumfahrt an Leichtgewicht und Zuverl\u00e4ssigkeit.<\/p>","protected":false},"excerpt":{"rendered":"<p>Graphitschaufeln sind Schaufeln oder F\u00fchrungselemente aus hochreinem Graphit als Grundmaterial, die h\u00e4ufig in bestimmten Industrieanlagen oder mechanischen Systemen zu finden sind. Zum Beispiel im R\u00fchrsystem von chemischen Reaktionsgef\u00e4\u00dfen, in Windturbinen, K\u00fchlgebl\u00e4sen von elektronischen Ger\u00e4ten usw. Durch die Optimierung der Graphitkristallstruktur kombiniert es die intrinsischen Eigenschaften von Graphitmaterialien mit der speziellen Funktionsmorphologie von Schaufeln. Dadurch verf\u00fcgt es \u00fcber eine hervorragende Hochtemperaturbest\u00e4ndigkeit, chemische Korrosionsbest\u00e4ndigkeit, Selbstschmierung und gute mechanische Festigkeit. Und es zeigt Leistungsvorteile, die die herk\u00f6mmlicher Schaufelmaterialien unter rauen Arbeitsbedingungen wie hohen Temperaturen, starker Korrosion und hoher Reibung weit \u00fcbertreffen.<\/p>","protected":false},"featured_media":7948,"template":"","meta":[],"product_brand":[],"product_cat":[38],"product_tag":[],"class_list":{"0":"post-7941","1":"product","2":"type-product","3":"status-publish","4":"has-post-thumbnail","6":"product_cat-graphite-products","8":"first","9":"instock","10":"shipping-taxable","11":"product-type-simple"},"yoast_head":"<!-- This site is optimized with the Yoast SEO Premium plugin v19.2.1 (Yoast SEO v25.3) - https:\/\/yoast.com\/wordpress\/plugins\/seo\/ -->\n<title>Graphite Vane Manufacturer in China | Jinsun Carbon<\/title>\n<meta name=\"robots\" content=\"index, follow, max-snippet:-1, max-image-preview:large, max-video-preview:-1\" \/>\n<link rel=\"canonical\" href=\"https:\/\/jinsuncarbon.com\/de\/produkt\/graphitfahne\/\" \/>\n<meta property=\"og:locale\" content=\"de_DE\" \/>\n<meta property=\"og:type\" content=\"article\" \/>\n<meta property=\"og:title\" content=\"Graphite Vane\" \/>\n<meta property=\"og:description\" content=\"Graphite vanes are blades or guiding components made from high-purity graphite as the base material, which are commonly found in certain industrial equipment or mechanical systems. For example, in the stirring system of chemical reaction vessels, wind turbines, cooling fans of electronic equipment, etc. Through the optimization of the graphite crystal structure, it combines the intrinsic characteristics of graphite materials and the special functional morphology of vanes. So it has outstanding high-temperature resistance, chemical corrosion resistance, self-lubrication and good mechanical strength. And it demonstrates performance advantages far exceeding those of traditional blade materials under harsh working conditions such as high temperature, strong corrosion and high friction.\" \/>\n<meta property=\"og:url\" content=\"https:\/\/jinsuncarbon.com\/de\/produkt\/graphitfahne\/\" \/>\n<meta property=\"og:site_name\" content=\"Jinsun Carbon\" \/>\n<meta property=\"article:publisher\" content=\"https:\/\/www.facebook.com\/Graphite-Electrode-109336238661595\" \/>\n<meta property=\"article:modified_time\" content=\"2025-05-10T09:15:33+00:00\" \/>\n<meta property=\"og:image\" content=\"https:\/\/jinsuncarbon.com\/wp-content\/uploads\/2025\/05\/Graphite-Vane.jpg\" \/>\n\t<meta property=\"og:image:width\" content=\"1024\" \/>\n\t<meta property=\"og:image:height\" content=\"774\" \/>\n\t<meta property=\"og:image:type\" content=\"image\/jpeg\" \/>\n<meta name=\"twitter:card\" content=\"summary_large_image\" \/>\n<meta name=\"twitter:site\" content=\"@jinsuncarbon_\" \/>\n<meta name=\"twitter:label1\" content=\"Gesch\u00e4tzte Lesezeit\" \/>\n\t<meta name=\"twitter:data1\" content=\"3\u00a0Minuten\" \/>\n<script type=\"application\/ld+json\" class=\"yoast-schema-graph\">{\"@context\":\"https:\/\/schema.org\",\"@graph\":[{\"@type\":\"WebPage\",\"@id\":\"https:\/\/jinsuncarbon.com\/product\/graphite-vane\/\",\"url\":\"https:\/\/jinsuncarbon.com\/product\/graphite-vane\/\",\"name\":\"Graphite Vane Manufacturer in China | Jinsun Carbon\",\"isPartOf\":{\"@id\":\"https:\/\/jinsuncarbon.com\/#website\"},\"primaryImageOfPage\":{\"@id\":\"https:\/\/jinsuncarbon.com\/product\/graphite-vane\/#primaryimage\"},\"image\":{\"@id\":\"https:\/\/jinsuncarbon.com\/product\/graphite-vane\/#primaryimage\"},\"thumbnailUrl\":\"https:\/\/jinsuncarbon.com\/wp-content\/uploads\/2025\/05\/Graphite-Vane.jpg\",\"datePublished\":\"2025-05-10T09:15:32+00:00\",\"dateModified\":\"2025-05-10T09:15:33+00:00\",\"breadcrumb\":{\"@id\":\"https:\/\/jinsuncarbon.com\/product\/graphite-vane\/#breadcrumb\"},\"inLanguage\":\"de\",\"potentialAction\":[{\"@type\":\"ReadAction\",\"target\":[\"https:\/\/jinsuncarbon.com\/product\/graphite-vane\/\"]}]},{\"@type\":\"ImageObject\",\"inLanguage\":\"de\",\"@id\":\"https:\/\/jinsuncarbon.com\/product\/graphite-vane\/#primaryimage\",\"url\":\"https:\/\/jinsuncarbon.com\/wp-content\/uploads\/2025\/05\/Graphite-Vane.jpg\",\"contentUrl\":\"https:\/\/jinsuncarbon.com\/wp-content\/uploads\/2025\/05\/Graphite-Vane.jpg\",\"width\":1024,\"height\":774,\"caption\":\"Graphite Vane\"},{\"@type\":\"BreadcrumbList\",\"@id\":\"https:\/\/jinsuncarbon.com\/product\/graphite-vane\/#breadcrumb\",\"itemListElement\":[{\"@type\":\"ListItem\",\"position\":1,\"name\":\"Home\",\"item\":\"https:\/\/jinsuncarbon.com\/\"},{\"@type\":\"ListItem\",\"position\":2,\"name\":\"Products\",\"item\":\"https:\/\/jinsuncarbon.com\/graphite-carbon\/\"},{\"@type\":\"ListItem\",\"position\":3,\"name\":\"Graphite Vane\"}]},{\"@type\":\"WebSite\",\"@id\":\"https:\/\/jinsuncarbon.com\/#website\",\"url\":\"https:\/\/jinsuncarbon.com\/\",\"name\":\"Jinsun Carbon\",\"description\":\"We are the successful graphite electrode manufacturer in China\",\"publisher\":{\"@id\":\"https:\/\/jinsuncarbon.com\/#organization\"},\"potentialAction\":[{\"@type\":\"SearchAction\",\"target\":{\"@type\":\"EntryPoint\",\"urlTemplate\":\"https:\/\/jinsuncarbon.com\/?s={search_term_string}\"},\"query-input\":{\"@type\":\"PropertyValueSpecification\",\"valueRequired\":true,\"valueName\":\"search_term_string\"}}],\"inLanguage\":\"de\"},{\"@type\":\"Organization\",\"@id\":\"https:\/\/jinsuncarbon.com\/#organization\",\"name\":\"Jinsun Carbon\",\"alternateName\":\"Jinsun Carbon\",\"url\":\"https:\/\/jinsuncarbon.com\/\",\"logo\":{\"@type\":\"ImageObject\",\"inLanguage\":\"de\",\"@id\":\"https:\/\/jinsuncarbon.com\/#\/schema\/logo\/image\/\",\"url\":\"https:\/\/jinsuncarbon.com\/wp-content\/uploads\/2022\/12\/LOGO-1.png\",\"contentUrl\":\"https:\/\/jinsuncarbon.com\/wp-content\/uploads\/2022\/12\/LOGO-1.png\",\"width\":207,\"height\":80,\"caption\":\"Jinsun Carbon\"},\"image\":{\"@id\":\"https:\/\/jinsuncarbon.com\/#\/schema\/logo\/image\/\"},\"sameAs\":[\"https:\/\/www.facebook.com\/Graphite-Electrode-109336238661595\",\"https:\/\/x.com\/jinsuncarbon_\",\"https:\/\/www.linkedin.com\/in\/jinsungraphite\",\"https:\/\/www.youtube.com\/channel\/UCysDNyvyR5-3cCWEmpkVC0g\"]}]}<\/script>\n<!-- \/ Yoast SEO Premium plugin. -->","yoast_head_json":{"title":"Graphit Schaufeln Hersteller in China | Jinsun Carbon","robots":{"index":"index","follow":"follow","max-snippet":"max-snippet:-1","max-image-preview":"max-image-preview:large","max-video-preview":"max-video-preview:-1"},"canonical":"https:\/\/jinsuncarbon.com\/de\/produkt\/graphitfahne\/","og_locale":"de_DE","og_type":"article","og_title":"Graphite Vane","og_description":"Graphite vanes are blades or guiding components made from high-purity graphite as the base material, which are commonly found in certain industrial equipment or mechanical systems. For example, in the stirring system of chemical reaction vessels, wind turbines, cooling fans of electronic equipment, etc. Through the optimization of the graphite crystal structure, it combines the intrinsic characteristics of graphite materials and the special functional morphology of vanes. So it has outstanding high-temperature resistance, chemical corrosion resistance, self-lubrication and good mechanical strength. And it demonstrates performance advantages far exceeding those of traditional blade materials under harsh working conditions such as high temperature, strong corrosion and high friction.","og_url":"https:\/\/jinsuncarbon.com\/de\/produkt\/graphitfahne\/","og_site_name":"Jinsun Carbon","article_publisher":"https:\/\/www.facebook.com\/Graphite-Electrode-109336238661595","article_modified_time":"2025-05-10T09:15:33+00:00","og_image":[{"width":1024,"height":774,"url":"https:\/\/jinsuncarbon.com\/wp-content\/uploads\/2025\/05\/Graphite-Vane.jpg","type":"image\/jpeg"}],"twitter_card":"summary_large_image","twitter_site":"@jinsuncarbon_","twitter_misc":{"Gesch\u00e4tzte Lesezeit":"3\u00a0Minuten"},"schema":{"@context":"https:\/\/schema.org","@graph":[{"@type":"WebPage","@id":"https:\/\/jinsuncarbon.com\/product\/graphite-vane\/","url":"https:\/\/jinsuncarbon.com\/product\/graphite-vane\/","name":"Graphit Schaufeln Hersteller in China | Jinsun Carbon","isPartOf":{"@id":"https:\/\/jinsuncarbon.com\/#website"},"primaryImageOfPage":{"@id":"https:\/\/jinsuncarbon.com\/product\/graphite-vane\/#primaryimage"},"image":{"@id":"https:\/\/jinsuncarbon.com\/product\/graphite-vane\/#primaryimage"},"thumbnailUrl":"https:\/\/jinsuncarbon.com\/wp-content\/uploads\/2025\/05\/Graphite-Vane.jpg","datePublished":"2025-05-10T09:15:32+00:00","dateModified":"2025-05-10T09:15:33+00:00","breadcrumb":{"@id":"https:\/\/jinsuncarbon.com\/product\/graphite-vane\/#breadcrumb"},"inLanguage":"de","potentialAction":[{"@type":"ReadAction","target":["https:\/\/jinsuncarbon.com\/product\/graphite-vane\/"]}]},{"@type":"ImageObject","inLanguage":"de","@id":"https:\/\/jinsuncarbon.com\/product\/graphite-vane\/#primaryimage","url":"https:\/\/jinsuncarbon.com\/wp-content\/uploads\/2025\/05\/Graphite-Vane.jpg","contentUrl":"https:\/\/jinsuncarbon.com\/wp-content\/uploads\/2025\/05\/Graphite-Vane.jpg","width":1024,"height":774,"caption":"Graphite Vane"},{"@type":"BreadcrumbList","@id":"https:\/\/jinsuncarbon.com\/product\/graphite-vane\/#breadcrumb","itemListElement":[{"@type":"ListItem","position":1,"name":"Home","item":"https:\/\/jinsuncarbon.com\/"},{"@type":"ListItem","position":2,"name":"Products","item":"https:\/\/jinsuncarbon.com\/graphite-carbon\/"},{"@type":"ListItem","position":3,"name":"Graphite Vane"}]},{"@type":"WebSite","@id":"https:\/\/jinsuncarbon.com\/#website","url":"https:\/\/jinsuncarbon.com\/","name":"Jinsun Kohlenstoff","description":"Wir sind der erfolgreiche Hersteller von Graphitelektroden in China","publisher":{"@id":"https:\/\/jinsuncarbon.com\/#organization"},"potentialAction":[{"@type":"SearchAction","target":{"@type":"EntryPoint","urlTemplate":"https:\/\/jinsuncarbon.com\/?s={search_term_string}"},"query-input":{"@type":"PropertyValueSpecification","valueRequired":true,"valueName":"search_term_string"}}],"inLanguage":"de"},{"@type":"Organization","@id":"https:\/\/jinsuncarbon.com\/#organization","name":"Jinsun Kohlenstoff","alternateName":"Jinsun Carbon","url":"https:\/\/jinsuncarbon.com\/","logo":{"@type":"ImageObject","inLanguage":"de","@id":"https:\/\/jinsuncarbon.com\/#\/schema\/logo\/image\/","url":"https:\/\/jinsuncarbon.com\/wp-content\/uploads\/2022\/12\/LOGO-1.png","contentUrl":"https:\/\/jinsuncarbon.com\/wp-content\/uploads\/2022\/12\/LOGO-1.png","width":207,"height":80,"caption":"Jinsun Carbon"},"image":{"@id":"https:\/\/jinsuncarbon.com\/#\/schema\/logo\/image\/"},"sameAs":["https:\/\/www.facebook.com\/Graphite-Electrode-109336238661595","https:\/\/x.com\/jinsuncarbon_","https:\/\/www.linkedin.com\/in\/jinsungraphite","https:\/\/www.youtube.com\/channel\/UCysDNyvyR5-3cCWEmpkVC0g"]}]}},"_links":{"self":[{"href":"https:\/\/jinsuncarbon.com\/de\/wp-json\/wp\/v2\/product\/7941","targetHints":{"allow":["GET"]}}],"collection":[{"href":"https:\/\/jinsuncarbon.com\/de\/wp-json\/wp\/v2\/product"}],"about":[{"href":"https:\/\/jinsuncarbon.com\/de\/wp-json\/wp\/v2\/types\/product"}],"wp:featuredmedia":[{"embeddable":true,"href":"https:\/\/jinsuncarbon.com\/de\/wp-json\/wp\/v2\/media\/7948"}],"wp:attachment":[{"href":"https:\/\/jinsuncarbon.com\/de\/wp-json\/wp\/v2\/media?parent=7941"}],"wp:term":[{"taxonomy":"product_brand","embeddable":true,"href":"https:\/\/jinsuncarbon.com\/de\/wp-json\/wp\/v2\/product_brand?post=7941"},{"taxonomy":"product_cat","embeddable":true,"href":"https:\/\/jinsuncarbon.com\/de\/wp-json\/wp\/v2\/product_cat?post=7941"},{"taxonomy":"product_tag","embeddable":true,"href":"https:\/\/jinsuncarbon.com\/de\/wp-json\/wp\/v2\/product_tag?post=7941"}],"curies":[{"name":"wp","href":"https:\/\/api.w.org\/{rel}","templated":true}]}}