{"id":7915,"date":"2025-05-03T03:46:00","date_gmt":"2025-05-03T03:46:00","guid":{"rendered":"https:\/\/jinsuncarbon.com\/?post_type=product&#038;p=7915"},"modified":"2025-05-03T03:46:00","modified_gmt":"2025-05-03T03:46:00","slug":"graphitform-fur-glas","status":"publish","type":"product","link":"https:\/\/jinsuncarbon.com\/de\/produkt\/graphitform-fur-glas\/","title":{"rendered":"Graphitform f\u00fcr Glas"},"content":{"rendered":"<h2>Vorteile der Graphitform f\u00fcr Glas<\/h2>\n<p>Die Glasgraphitform kann je nach den Anforderungen der Glasproduktion in verschiedene Formen gebracht werden, und ihre Vorteile sind sehr bemerkenswert.<\/p>\n<p><strong><b>Ausgezeichnete Hochtemperaturbest\u00e4ndigkeit <\/b><\/strong><\/p>\n<p>Es kann in der Hochtemperatur-Glasformungsumgebung von 1000\u2103-1600\u2103 ohne Verformung oder Besch\u00e4digung stabil bleiben.<\/p>\n<p>&nbsp;<\/p>\n<p><strong><b>\u00c4u\u00dferst stabile chemische Eigenschaften <\/b><\/strong><\/p>\n<p>Es geht kaum chemische Reaktionen mit der Glasschmelze ein und gew\u00e4hrleistet die Reinheit und Qualit\u00e4t der Glasprodukte.<\/p>\n<p>&nbsp;<\/p>\n<p><strong><b>Gleichm\u00e4\u00dfige W\u00e4rmeableitung <\/b><\/strong><\/p>\n<p>Sie erm\u00f6glicht ein schnelles und gleichm\u00e4\u00dfiges Abk\u00fchlen und Formen des Glases in der Form, was die Produktionseffizienz effektiv steigert.<\/p>\n<p>&nbsp;<\/p>\n<p><strong><b>Ausgezeichnete Entformungsleistung<\/b><\/strong><\/p>\n<p>Seine Oberfl\u00e4che ist glatt, so dass die Adh\u00e4sion zwischen Glasprodukten und Formen verringert und die Ausschussrate gesenkt werden kann. Und es erleichtert auch die Reinigung und Wiederverwendung von Formen.<\/p>\n<p>&nbsp;<\/p>\n<p><strong><b>Hohe mechanische Festigkeit und ausgezeichnete Verschlei\u00dffestigkeit<\/b><\/strong><\/p>\n<p>Selbst nach mehrmaligem Gebrauch kann die Formgenauigkeit beibehalten und die Lebensdauer der Form verl\u00e4ngert werden.<\/p>\n<p><strong><b>\u00a0<\/b><\/strong><\/p>\n<h2>Arten von Graphitformen f\u00fcr Glas<\/h2>\n<p><strong><b>Formgebung: <\/b><\/strong><\/p>\n<p>Speziell f\u00fcr die Herstellung von Glasprodukten in bestimmten Formen, z. B. f\u00fcr die Formung von Flaschen, Schalen, Tellern usw. Der Entwurf dieser Art von Form muss entsprechend der endg\u00fcltigen Form und Gr\u00f6\u00dfe des Glasprodukts genau bearbeitet werden. Um den Anforderungen an das Aussehen und die Verwendung des Produkts gerecht zu werden.<\/p>\n<p><strong><b>\u00a0<\/b><\/strong><\/p>\n<p><strong><b>Gl\u00fchende Form: <\/b><\/strong><\/p>\n<p>Es wird beim Gl\u00fchen von Glas verwendet, wobei die Hauptfunktion darin besteht, die Glasprodukte zu st\u00fctzen und zu fixieren. Es kann innere Spannungen w\u00e4hrend des langsamen Abk\u00fchlungsprozesses des Glases beseitigen und Defekte wie Risse verhindern.<\/p>\n<p>&nbsp;<\/p>\n<h2>Verwendungen von Graphitformen f\u00fcr Glas<\/h2>\n<p><strong><b>Herstellung von Glaswaren: <\/b><\/strong><\/p>\n<p>Sie k\u00f6nnen Graphitformen zur Herstellung verschiedener Glasvasen, Weingl\u00e4ser, Tafelgeschirr und anderer Glaswaren verwenden. Sie kann die Formen und Details der Gef\u00e4\u00dfe pr\u00e4zise formen. Durch die hervorragende Entformungsleistung ist die Oberfl\u00e4che der Glaswaren nach dem Formen glatt und die Kontur klar. Dies reduziert die nachfolgenden Schleif- und Bearbeitungsvorg\u00e4nge und verbessert die Produktionseffizienz und Produktqualit\u00e4t.<\/p>\n<p>&nbsp;<\/p>\n<p><strong><b>Herstellung von Architekturglas: <\/b><\/strong><\/p>\n<p>Bei der Herstellung von Flachglas, Isolierglas und anderen architektonischen Gl\u00e4sern kann es f\u00fcr die Formgebung und Gestaltung des Glases verwendet werden. Aufgrund seiner hervorragenden <a href=\"https:\/\/en.wikipedia.org\/wiki\/Thermal_conductivity_and_resistivity\" target=\"_blank\" rel=\"noopener\">W\u00e4rmeleitf\u00e4higkeit<\/a>k\u00f6nnen Sie das Glas schnell abk\u00fchlen und formen und die Ebenheit und Ma\u00dfhaltigkeit des Glases gew\u00e4hrleisten. Und erf\u00fcllen die strengen Anforderungen der Bauindustrie an die Qualit\u00e4t und die Spezifikationen von Glas.<\/p>\n<p>&nbsp;<\/p>\n<p><strong><b>Verarbeitung von optischem Glas: <\/b><\/strong><\/p>\n<p>Sie k\u00f6nnen es zur Herstellung von optischen Linsen, Prismen und anderen optischen Glasprodukten mit hoher Pr\u00e4zision verwenden. Seine stabilen chemischen Eigenschaften und hochpr\u00e4zisen Verarbeitungsma\u00dfe k\u00f6nnen sicherstellen, dass optisches Glas w\u00e4hrend des Formgebungsprozesses nicht kontaminiert wird. Und es hat eine ausgezeichnete optische Leistung, die qualitativ hochwertige Glaskomponenten f\u00fcr die Herstellung von optischen Instrumenten bietet.<\/p>\n<p>&nbsp;<\/p>\n<p><strong><b>Herstellung von Spezialglas: <\/b><\/strong><\/p>\n<p>Sie k\u00f6nnen es auch f\u00fcr einige Spezialgl\u00e4ser verwenden, wie z. B. hochtemperaturbest\u00e4ndiges Glas und strahlungsbest\u00e4ndiges Glas. <a href=\"https:\/\/jinsuncarbon.com\/de\/wie-man-graphitformen-herstellt\/\">Graphitform<\/a> kann normalerweise unter komplexen Bedingungen wie hohen Temperaturen und speziellen chemischen Umgebungen verwendet werden. Es gew\u00e4hrleistet die Stabilit\u00e4t der Formgebung und Leistung von Spezialgl\u00e4sern. Daher spielt es eine wichtige Rolle bei der Herstellung von Spezialglas in Bereichen wie der Luft- und Raumfahrt und der Nuklearindustrie.<\/p>","protected":false},"excerpt":{"rendered":"<p>Graphitform f\u00fcr Glas ist eine Art von Formen f\u00fcr die Formung und Verarbeitung von Glasprodukten, die aus hochreinem Graphitmaterial hergestellt werden. Es hat eine ausgezeichnete Hochtemperaturbest\u00e4ndigkeit, chemische Stabilit\u00e4t und gute W\u00e4rmeleitf\u00e4higkeit von Graphit, die eine wichtige Position im Bereich der Glasformung und -verarbeitung einnimmt. Die Graphitform kann bei Hochtemperatur- und komplexen Glasherstellungsprozessen stabil arbeiten. Sie ist also ein zuverl\u00e4ssiges und langlebiges Werkzeug im Glasformungsprozess. Ob es sich um die Herstellung von Glasflaschen und -gl\u00e4sern f\u00fcr den t\u00e4glichen Gebrauch oder um die Herstellung von pr\u00e4zisen optischen Linsen und elektronischem Displayglas handelt, Graphitformen spielen eine unverzichtbare Rolle.<\/p>","protected":false},"featured_media":7917,"template":"","meta":[],"product_brand":[],"product_cat":[38],"product_tag":[],"class_list":{"0":"post-7915","1":"product","2":"type-product","3":"status-publish","4":"has-post-thumbnail","6":"product_cat-graphite-products","8":"first","9":"instock","10":"shipping-taxable","11":"product-type-simple"},"yoast_head":"<!-- This site is optimized with the Yoast SEO Premium plugin v19.2.1 (Yoast SEO v25.3) - https:\/\/yoast.com\/wordpress\/plugins\/seo\/ -->\n<title>Graphite Mold for Glass | Jinsun Carbon<\/title>\n<meta name=\"description\" content=\"Graphite mold manufacturers, custom graphite molds for sale, for glass, metal casting, aluminum, jewelry and other industries, contact us now\" \/>\n<meta name=\"robots\" content=\"index, follow, max-snippet:-1, max-image-preview:large, max-video-preview:-1\" \/>\n<link rel=\"canonical\" href=\"https:\/\/jinsuncarbon.com\/de\/produkt\/graphitform-fur-glas\/\" \/>\n<meta property=\"og:locale\" content=\"de_DE\" \/>\n<meta property=\"og:type\" content=\"article\" \/>\n<meta property=\"og:title\" content=\"Graphite Mold for Glass\" \/>\n<meta property=\"og:description\" content=\"Graphite mold manufacturers, custom graphite molds for sale, for glass, metal casting, aluminum, jewelry and other industries, contact us now\" \/>\n<meta property=\"og:url\" content=\"https:\/\/jinsuncarbon.com\/de\/produkt\/graphitform-fur-glas\/\" \/>\n<meta property=\"og:site_name\" content=\"Jinsun Carbon\" \/>\n<meta property=\"article:publisher\" content=\"https:\/\/www.facebook.com\/Graphite-Electrode-109336238661595\" \/>\n<meta property=\"og:image\" content=\"https:\/\/jinsuncarbon.com\/wp-content\/uploads\/2025\/05\/Graphite-Mold-for-Glass-1.jpg\" \/>\n\t<meta property=\"og:image:width\" content=\"1025\" \/>\n\t<meta property=\"og:image:height\" content=\"763\" \/>\n\t<meta property=\"og:image:type\" content=\"image\/jpeg\" \/>\n<meta name=\"twitter:card\" content=\"summary_large_image\" \/>\n<meta name=\"twitter:site\" content=\"@jinsuncarbon_\" \/>\n<meta name=\"twitter:label1\" content=\"Gesch\u00e4tzte Lesezeit\" \/>\n\t<meta name=\"twitter:data1\" content=\"3\u00a0Minuten\" \/>\n<script type=\"application\/ld+json\" class=\"yoast-schema-graph\">{\"@context\":\"https:\/\/schema.org\",\"@graph\":[{\"@type\":\"WebPage\",\"@id\":\"https:\/\/jinsuncarbon.com\/product\/graphite-mold-for-glass\/\",\"url\":\"https:\/\/jinsuncarbon.com\/product\/graphite-mold-for-glass\/\",\"name\":\"Graphite Mold for Glass | Jinsun Carbon\",\"isPartOf\":{\"@id\":\"https:\/\/jinsuncarbon.com\/#website\"},\"primaryImageOfPage\":{\"@id\":\"https:\/\/jinsuncarbon.com\/product\/graphite-mold-for-glass\/#primaryimage\"},\"image\":{\"@id\":\"https:\/\/jinsuncarbon.com\/product\/graphite-mold-for-glass\/#primaryimage\"},\"thumbnailUrl\":\"https:\/\/jinsuncarbon.com\/wp-content\/uploads\/2025\/05\/Graphite-Mold-for-Glass-1.jpg\",\"datePublished\":\"2025-05-03T03:46:00+00:00\",\"description\":\"Graphite mold manufacturers, custom graphite molds for sale, for glass, metal casting, aluminum, jewelry and other industries, contact us now\",\"breadcrumb\":{\"@id\":\"https:\/\/jinsuncarbon.com\/product\/graphite-mold-for-glass\/#breadcrumb\"},\"inLanguage\":\"de\",\"potentialAction\":[{\"@type\":\"ReadAction\",\"target\":[\"https:\/\/jinsuncarbon.com\/product\/graphite-mold-for-glass\/\"]}]},{\"@type\":\"ImageObject\",\"inLanguage\":\"de\",\"@id\":\"https:\/\/jinsuncarbon.com\/product\/graphite-mold-for-glass\/#primaryimage\",\"url\":\"https:\/\/jinsuncarbon.com\/wp-content\/uploads\/2025\/05\/Graphite-Mold-for-Glass-1.jpg\",\"contentUrl\":\"https:\/\/jinsuncarbon.com\/wp-content\/uploads\/2025\/05\/Graphite-Mold-for-Glass-1.jpg\",\"width\":1025,\"height\":763,\"caption\":\"Graphite Mold for Glass\"},{\"@type\":\"BreadcrumbList\",\"@id\":\"https:\/\/jinsuncarbon.com\/product\/graphite-mold-for-glass\/#breadcrumb\",\"itemListElement\":[{\"@type\":\"ListItem\",\"position\":1,\"name\":\"Home\",\"item\":\"https:\/\/jinsuncarbon.com\/\"},{\"@type\":\"ListItem\",\"position\":2,\"name\":\"Products\",\"item\":\"https:\/\/jinsuncarbon.com\/graphite-carbon\/\"},{\"@type\":\"ListItem\",\"position\":3,\"name\":\"Graphite Mold for Glass\"}]},{\"@type\":\"WebSite\",\"@id\":\"https:\/\/jinsuncarbon.com\/#website\",\"url\":\"https:\/\/jinsuncarbon.com\/\",\"name\":\"Jinsun Carbon\",\"description\":\"We are the successful graphite electrode manufacturer in China\",\"publisher\":{\"@id\":\"https:\/\/jinsuncarbon.com\/#organization\"},\"potentialAction\":[{\"@type\":\"SearchAction\",\"target\":{\"@type\":\"EntryPoint\",\"urlTemplate\":\"https:\/\/jinsuncarbon.com\/?s={search_term_string}\"},\"query-input\":{\"@type\":\"PropertyValueSpecification\",\"valueRequired\":true,\"valueName\":\"search_term_string\"}}],\"inLanguage\":\"de\"},{\"@type\":\"Organization\",\"@id\":\"https:\/\/jinsuncarbon.com\/#organization\",\"name\":\"Jinsun Carbon\",\"alternateName\":\"Jinsun Carbon\",\"url\":\"https:\/\/jinsuncarbon.com\/\",\"logo\":{\"@type\":\"ImageObject\",\"inLanguage\":\"de\",\"@id\":\"https:\/\/jinsuncarbon.com\/#\/schema\/logo\/image\/\",\"url\":\"https:\/\/jinsuncarbon.com\/wp-content\/uploads\/2022\/12\/LOGO-1.png\",\"contentUrl\":\"https:\/\/jinsuncarbon.com\/wp-content\/uploads\/2022\/12\/LOGO-1.png\",\"width\":207,\"height\":80,\"caption\":\"Jinsun Carbon\"},\"image\":{\"@id\":\"https:\/\/jinsuncarbon.com\/#\/schema\/logo\/image\/\"},\"sameAs\":[\"https:\/\/www.facebook.com\/Graphite-Electrode-109336238661595\",\"https:\/\/x.com\/jinsuncarbon_\",\"https:\/\/www.linkedin.com\/in\/jinsungraphite\",\"https:\/\/www.youtube.com\/channel\/UCysDNyvyR5-3cCWEmpkVC0g\"]}]}<\/script>\n<!-- \/ Yoast SEO Premium plugin. -->","yoast_head_json":{"title":"Graphitform f\u00fcr Glas | Jinsun Carbon","description":"Hersteller von Graphitformen, kundenspezifische Graphitformen zum Verkauf, f\u00fcr Glas, Metallguss, Aluminium, Schmuck und andere Industrien, kontaktieren Sie uns jetzt","robots":{"index":"index","follow":"follow","max-snippet":"max-snippet:-1","max-image-preview":"max-image-preview:large","max-video-preview":"max-video-preview:-1"},"canonical":"https:\/\/jinsuncarbon.com\/de\/produkt\/graphitform-fur-glas\/","og_locale":"de_DE","og_type":"article","og_title":"Graphite Mold for Glass","og_description":"Graphite mold manufacturers, custom graphite molds for sale, for glass, metal casting, aluminum, jewelry and other industries, contact us now","og_url":"https:\/\/jinsuncarbon.com\/de\/produkt\/graphitform-fur-glas\/","og_site_name":"Jinsun Carbon","article_publisher":"https:\/\/www.facebook.com\/Graphite-Electrode-109336238661595","og_image":[{"width":1025,"height":763,"url":"https:\/\/jinsuncarbon.com\/wp-content\/uploads\/2025\/05\/Graphite-Mold-for-Glass-1.jpg","type":"image\/jpeg"}],"twitter_card":"summary_large_image","twitter_site":"@jinsuncarbon_","twitter_misc":{"Gesch\u00e4tzte Lesezeit":"3\u00a0Minuten"},"schema":{"@context":"https:\/\/schema.org","@graph":[{"@type":"WebPage","@id":"https:\/\/jinsuncarbon.com\/product\/graphite-mold-for-glass\/","url":"https:\/\/jinsuncarbon.com\/product\/graphite-mold-for-glass\/","name":"Graphitform f\u00fcr Glas | Jinsun Carbon","isPartOf":{"@id":"https:\/\/jinsuncarbon.com\/#website"},"primaryImageOfPage":{"@id":"https:\/\/jinsuncarbon.com\/product\/graphite-mold-for-glass\/#primaryimage"},"image":{"@id":"https:\/\/jinsuncarbon.com\/product\/graphite-mold-for-glass\/#primaryimage"},"thumbnailUrl":"https:\/\/jinsuncarbon.com\/wp-content\/uploads\/2025\/05\/Graphite-Mold-for-Glass-1.jpg","datePublished":"2025-05-03T03:46:00+00:00","description":"Hersteller von Graphitformen, kundenspezifische Graphitformen zum Verkauf, f\u00fcr Glas, Metallguss, Aluminium, Schmuck und andere Industrien, kontaktieren Sie uns jetzt","breadcrumb":{"@id":"https:\/\/jinsuncarbon.com\/product\/graphite-mold-for-glass\/#breadcrumb"},"inLanguage":"de","potentialAction":[{"@type":"ReadAction","target":["https:\/\/jinsuncarbon.com\/product\/graphite-mold-for-glass\/"]}]},{"@type":"ImageObject","inLanguage":"de","@id":"https:\/\/jinsuncarbon.com\/product\/graphite-mold-for-glass\/#primaryimage","url":"https:\/\/jinsuncarbon.com\/wp-content\/uploads\/2025\/05\/Graphite-Mold-for-Glass-1.jpg","contentUrl":"https:\/\/jinsuncarbon.com\/wp-content\/uploads\/2025\/05\/Graphite-Mold-for-Glass-1.jpg","width":1025,"height":763,"caption":"Graphite Mold for Glass"},{"@type":"BreadcrumbList","@id":"https:\/\/jinsuncarbon.com\/product\/graphite-mold-for-glass\/#breadcrumb","itemListElement":[{"@type":"ListItem","position":1,"name":"Home","item":"https:\/\/jinsuncarbon.com\/"},{"@type":"ListItem","position":2,"name":"Products","item":"https:\/\/jinsuncarbon.com\/graphite-carbon\/"},{"@type":"ListItem","position":3,"name":"Graphite Mold for Glass"}]},{"@type":"WebSite","@id":"https:\/\/jinsuncarbon.com\/#website","url":"https:\/\/jinsuncarbon.com\/","name":"Jinsun Kohlenstoff","description":"Wir sind der erfolgreiche Hersteller von Graphitelektroden in China","publisher":{"@id":"https:\/\/jinsuncarbon.com\/#organization"},"potentialAction":[{"@type":"SearchAction","target":{"@type":"EntryPoint","urlTemplate":"https:\/\/jinsuncarbon.com\/?s={search_term_string}"},"query-input":{"@type":"PropertyValueSpecification","valueRequired":true,"valueName":"search_term_string"}}],"inLanguage":"de"},{"@type":"Organization","@id":"https:\/\/jinsuncarbon.com\/#organization","name":"Jinsun Kohlenstoff","alternateName":"Jinsun Carbon","url":"https:\/\/jinsuncarbon.com\/","logo":{"@type":"ImageObject","inLanguage":"de","@id":"https:\/\/jinsuncarbon.com\/#\/schema\/logo\/image\/","url":"https:\/\/jinsuncarbon.com\/wp-content\/uploads\/2022\/12\/LOGO-1.png","contentUrl":"https:\/\/jinsuncarbon.com\/wp-content\/uploads\/2022\/12\/LOGO-1.png","width":207,"height":80,"caption":"Jinsun Carbon"},"image":{"@id":"https:\/\/jinsuncarbon.com\/#\/schema\/logo\/image\/"},"sameAs":["https:\/\/www.facebook.com\/Graphite-Electrode-109336238661595","https:\/\/x.com\/jinsuncarbon_","https:\/\/www.linkedin.com\/in\/jinsungraphite","https:\/\/www.youtube.com\/channel\/UCysDNyvyR5-3cCWEmpkVC0g"]}]}},"_links":{"self":[{"href":"https:\/\/jinsuncarbon.com\/de\/wp-json\/wp\/v2\/product\/7915","targetHints":{"allow":["GET"]}}],"collection":[{"href":"https:\/\/jinsuncarbon.com\/de\/wp-json\/wp\/v2\/product"}],"about":[{"href":"https:\/\/jinsuncarbon.com\/de\/wp-json\/wp\/v2\/types\/product"}],"wp:featuredmedia":[{"embeddable":true,"href":"https:\/\/jinsuncarbon.com\/de\/wp-json\/wp\/v2\/media\/7917"}],"wp:attachment":[{"href":"https:\/\/jinsuncarbon.com\/de\/wp-json\/wp\/v2\/media?parent=7915"}],"wp:term":[{"taxonomy":"product_brand","embeddable":true,"href":"https:\/\/jinsuncarbon.com\/de\/wp-json\/wp\/v2\/product_brand?post=7915"},{"taxonomy":"product_cat","embeddable":true,"href":"https:\/\/jinsuncarbon.com\/de\/wp-json\/wp\/v2\/product_cat?post=7915"},{"taxonomy":"product_tag","embeddable":true,"href":"https:\/\/jinsuncarbon.com\/de\/wp-json\/wp\/v2\/product_tag?post=7915"}],"curies":[{"name":"wp","href":"https:\/\/api.w.org\/{rel}","templated":true}]}}