{"id":7895,"date":"2025-04-30T09:26:18","date_gmt":"2025-04-30T09:26:18","guid":{"rendered":"https:\/\/jinsuncarbon.com\/?post_type=product&#038;p=7895"},"modified":"2025-04-30T09:26:19","modified_gmt":"2025-04-30T09:26:19","slug":"graphit-gleitplatte","status":"publish","type":"product","link":"https:\/\/jinsuncarbon.com\/de\/produkt\/graphit-gleitplatte\/","title":{"rendered":"Graphit-Schiebeplatte"},"content":{"rendered":"<h2 class=\"ql-align-justify\">Vorteile von Graphitschiebeplatten<\/h2>\n<p class=\"ql-align-justify\">Graphit-Gleitplatten werden in der Regel in regelm\u00e4\u00dfigen plattenf\u00f6rmigen Formen angeboten, einige k\u00f6nnen aber auch je nach Bedarf in Sonderformen hergestellt werden. Je nach den spezifischen Anforderungen bestimmter Ausr\u00fcstungen oder Verfahren k\u00f6nnen Sie Gleitplatten in besonderen Gr\u00f6\u00dfen, Formen oder mit besonderen Leistungen anfertigen lassen. So k\u00f6nnen z. B. spezielle Gleitteile in unregelm\u00e4\u00dfig geformten mechanischen Strukturen den individuellen Nutzungsanforderungen entsprechen.<\/p>\n<p class=\"ql-align-justify\">Seine Vorteile sind die folgenden:<\/p>\n<p class=\"ql-align-justify\"><strong>Ausgezeichnete selbstschmierende Leistung<\/strong><\/p>\n<p class=\"ql-align-justify\">Es erm\u00f6glicht ein reibungsarmes Gleiten ohne zus\u00e4tzliche Schmiermittel, was den Energieverbrauch effektiv senkt.<\/p>\n<p class=\"ql-align-justify\">\n<p class=\"ql-align-justify\"><strong>\u00c4u\u00dferst niedriger Reibungskoeffizient<\/strong><\/p>\n<p class=\"ql-align-justify\">Sie kann erheblich\u00a0<span data-type=\"0\" data-index=\"1\" data-gid=\"0\">reduzieren den Verschlei\u00df zwischen den Komponenten und verl\u00e4ngern die Lebensdauer der<\/span>\u00a0Ausr\u00fcstung.<\/p>\n<p class=\"ql-align-justify\">\n<p class=\"ql-align-justify\"><strong>Ausgezeichnete Hochtemperaturbest\u00e4ndigkeit<\/strong><\/p>\n<p class=\"ql-align-justify\">Er kann auch bei hohen Temperaturen stabil arbeiten und erf\u00fcllt somit die Anforderungen f\u00fcr den Einsatz unter Hochtemperaturbedingungen.<\/p>\n<p class=\"ql-align-justify\">\n<p class=\"ql-align-justify\"><strong>Stabile chemische Eigenschaften<\/strong><\/p>\n<p class=\"ql-align-justify\">Es weist eine gute Best\u00e4ndigkeit gegen\u00fcber den meisten korrosiven Medien auf und ist nicht anf\u00e4llig f\u00fcr chemische Reaktionen.<\/p>\n<p class=\"ql-align-justify\">\n<p class=\"ql-align-justify\"><strong>Relativ hohe mechanische Festigkeit<\/strong><\/p>\n<p class=\"ql-align-justify\">Es kann einem gewissen Druck und einer gewissen Sto\u00dfkraft standhalten und beh\u00e4lt seine strukturelle Integrit\u00e4t w\u00e4hrend des Gleitvorgangs bei.<\/p>\n<p class=\"ql-align-justify\">\n<p class=\"ql-align-justify\"><strong>Ausgezeichnete W\u00e4rmeleitf\u00e4higkeit<\/strong><\/p>\n<p class=\"ql-align-justify\">Es kann die W\u00e4rme schnell ableiten und eine lokale \u00dcberhitzung durch Reibungsw\u00e4rme verhindern, wodurch der Betrieb der Ger\u00e4te nicht beeintr\u00e4chtigt wird.<\/p>\n<p class=\"ql-align-justify\">\n<h2 class=\"ql-align-justify\">Verwendungen von Graphitschiebeplatten<\/h2>\n<h3 class=\"ql-align-justify\">Metallurgische Industrie<\/h3>\n<p class=\"ql-align-justify\"><strong>Stranggussverfahren:<\/strong><\/p>\n<p class=\"ql-align-justify\">Sie k\u00f6nnen es als durchflusssteuerndes Bauteil verwenden, das die Durchflussmenge von geschmolzenem Stahl pr\u00e4zise regelt. Es sichert die Qualit\u00e4t der <a href=\"https:\/\/en.wikipedia.org\/wiki\/Continuous_casting#:~:text=Continuous%20casting%2C%20also%20called%20strand,stationary%20molds%20to%20form%20ingots.\" target=\"_blank\" rel=\"noopener\">Stranggie\u00dfen<\/a> Kn\u00fcppel und Produktionseffizienz und hat eine lange Lebensdauer.<\/p>\n<p class=\"ql-align-justify\">\n<p class=\"ql-align-justify\"><strong>Schmelzen von Nichteisenmetallen:<\/strong><\/p>\n<p class=\"ql-align-justify\">Sie k\u00f6nnen es verwenden, um die Durchflussmenge und Richtung des geschmolzenen Metalls wie Kupfer und Aluminium zu kontrollieren. Es kann die Stabilit\u00e4t und Genauigkeit des Gie\u00dfprozesses gew\u00e4hrleisten und die Formqualit\u00e4t der Produkte verbessern.<\/p>\n<p class=\"ql-align-justify\">\n<h3 class=\"ql-align-justify\">Der Bereich der mechanischen Fertigung<\/h3>\n<p class=\"ql-align-justify\"><strong>Gleitlager und F\u00fchrungsschienen:<\/strong><\/p>\n<p class=\"ql-align-justify\">Die geringen Reibungseigenschaften erm\u00f6glichen einen reibungslosen und effizienten Betrieb mechanischer Teile und verringern Reibungsverluste. Au\u00dferdem erh\u00f6ht es die Betriebsgenauigkeit und Zuverl\u00e4ssigkeit von Ger\u00e4ten. Sie k\u00f6nnen es in Werkzeugmaschinen, automatisierten Produktionslinien und anderen Ger\u00e4ten weithin verwenden.<\/p>\n<p class=\"ql-align-justify\">\n<p class=\"ql-align-justify\"><strong>F\u00f6rderanlagen:<\/strong><\/p>\n<p class=\"ql-align-justify\">Es kann die Reibung zwischen dem F\u00f6rderband und den tragenden Bauteilen reduzieren und den Verschlei\u00df des F\u00f6rderbandes verringern. Und verbessern die Stabilit\u00e4t und Lebensdauer des F\u00f6rdersystems.<\/p>\n<p class=\"ql-align-justify\">\n<h3 class=\"ql-align-justify\">Elektronik- und Halbleiterindustrie<\/h3>\n<p class=\"ql-align-justify\"><strong>Ausr\u00fcstung zur Herstellung von Chips:<\/strong><\/p>\n<p class=\"ql-align-justify\">Sie k\u00f6nnen verwenden <a href=\"https:\/\/jinsuncarbon.com\/de\/produkt\/graphitplatte\/\">Graphitplatte<\/a> als Gleitelemente in Pr\u00e4zisionsger\u00e4ten wie Fotolithographie- und \u00c4tzmaschinen. Die hohe Reinheit und die geringe Reibung k\u00f6nnen die hochpr\u00e4zise Bewegung der Ger\u00e4te gew\u00e4hrleisten. Dadurch wird eine durch Reibung verursachte Partikelkontamination vermieden und die Ausbeute bei der Chipherstellung gew\u00e4hrleistet.<\/p>\n<p class=\"ql-align-justify\">\n<p class=\"ql-align-justify\"><strong>W\u00e4rmeableitung von elektronischen Ger\u00e4ten:<\/strong><\/p>\n<p class=\"ql-align-justify\">Aufgrund seiner ausgezeichneten W\u00e4rmeleitf\u00e4higkeit k\u00f6nnen Sie es als W\u00e4rmeableitungspolster f\u00fcr elektronische Ger\u00e4te verwenden. Es kann die w\u00e4hrend des Betriebs der Ger\u00e4te erzeugte W\u00e4rme schnell leiten und abf\u00fchren. So verbessert es die W\u00e4rmeableitung Effizienz der elektronischen Ger\u00e4te und sorgt f\u00fcr den stabilen Betrieb.<\/p>\n<p class=\"ql-align-justify\">\n<p class=\"ql-align-justify\"><strong>Bereich Luft- und Raumfahrt<\/strong><\/p>\n<p class=\"ql-align-justify\">In der Luft- und Raumfahrttechnik kann es f\u00fcr einige mechanische Komponenten verwendet werden, die eine geringe Reibung und hohe Zuverl\u00e4ssigkeit erfordern. So zum Beispiel die Gleitstruktur von Flugzeugfahrwerken und der Ausfahrmechanismus von Satellitenantennen. Es kann eine gute Leistung unter extremen Umweltbedingungen aufrechterhalten und den normalen Betrieb der Ausr\u00fcstung gew\u00e4hrleisten.<\/p>","protected":false},"excerpt":{"rendered":"<p>Die Graphit-Gleitplatte ist ein plattenf\u00f6rmiges Produkt, das durch spezielle Verarbeitungstechniken aus hochreinem Graphitmaterial hergestellt wird. Es verf\u00fcgt \u00fcber hervorragende selbstschmierende Eigenschaften, einen niedrigen Reibungskoeffizienten, hohe Temperaturbest\u00e4ndigkeit und gute chemische Stabilit\u00e4t. Es eignet sich hervorragend f\u00fcr viele industrielle Anwendungen mit strengen Anforderungen an die Gleitleistung und die Umweltvertr\u00e4glichkeit. Sie k\u00f6nnen es zum Beispiel beim Stranggie\u00dfen, bei der Metallschmelze, bei der Chipherstellung usw. verwenden. Es ist ein Hochleistungswerkstoff, der die dynamischen Anforderungen komplexer Arbeitsbedingungen effektiv erf\u00fcllen kann.<\/p>","protected":false},"featured_media":7896,"template":"","meta":[],"product_brand":[],"product_cat":[38],"product_tag":[],"class_list":{"0":"post-7895","1":"product","2":"type-product","3":"status-publish","4":"has-post-thumbnail","6":"product_cat-graphite-products","8":"first","9":"instock","10":"shipping-taxable","11":"product-type-simple"},"yoast_head":"<!-- This site is optimized with the Yoast SEO Premium plugin v19.2.1 (Yoast SEO v25.3) - https:\/\/yoast.com\/wordpress\/plugins\/seo\/ -->\n<title>Graphite Slide Plate Manufacturer in China | Jinsun Carbon<\/title>\n<meta name=\"description\" content=\"Graphite slide plate manufacturer and supplier, we can provide high-quality products with different specifications for your industrial production.\" \/>\n<meta name=\"robots\" content=\"index, follow, max-snippet:-1, max-image-preview:large, max-video-preview:-1\" \/>\n<link rel=\"canonical\" href=\"https:\/\/jinsuncarbon.com\/de\/produkt\/graphit-gleitplatte\/\" \/>\n<meta property=\"og:locale\" content=\"de_DE\" \/>\n<meta property=\"og:type\" content=\"article\" \/>\n<meta property=\"og:title\" content=\"Graphite Slide Plate\" \/>\n<meta property=\"og:description\" content=\"Graphite slide plate manufacturer and supplier, we can provide high-quality products with different specifications for your industrial production.\" \/>\n<meta property=\"og:url\" content=\"https:\/\/jinsuncarbon.com\/de\/produkt\/graphit-gleitplatte\/\" \/>\n<meta property=\"og:site_name\" content=\"Jinsun Carbon\" \/>\n<meta property=\"article:publisher\" content=\"https:\/\/www.facebook.com\/Graphite-Electrode-109336238661595\" \/>\n<meta property=\"article:modified_time\" content=\"2025-04-30T09:26:19+00:00\" \/>\n<meta property=\"og:image\" content=\"https:\/\/jinsuncarbon.com\/wp-content\/uploads\/2025\/04\/Graphite-Slide-Plate.jpg\" \/>\n\t<meta property=\"og:image:width\" content=\"1024\" \/>\n\t<meta property=\"og:image:height\" content=\"763\" \/>\n\t<meta property=\"og:image:type\" content=\"image\/jpeg\" \/>\n<meta name=\"twitter:card\" content=\"summary_large_image\" \/>\n<meta name=\"twitter:site\" content=\"@jinsuncarbon_\" \/>\n<meta name=\"twitter:label1\" content=\"Gesch\u00e4tzte Lesezeit\" \/>\n\t<meta name=\"twitter:data1\" content=\"3\u00a0Minuten\" \/>\n<script type=\"application\/ld+json\" class=\"yoast-schema-graph\">{\"@context\":\"https:\/\/schema.org\",\"@graph\":[{\"@type\":\"WebPage\",\"@id\":\"https:\/\/jinsuncarbon.com\/product\/graphite-slide-plate\/\",\"url\":\"https:\/\/jinsuncarbon.com\/product\/graphite-slide-plate\/\",\"name\":\"Graphite Slide Plate Manufacturer in China | Jinsun Carbon\",\"isPartOf\":{\"@id\":\"https:\/\/jinsuncarbon.com\/#website\"},\"primaryImageOfPage\":{\"@id\":\"https:\/\/jinsuncarbon.com\/product\/graphite-slide-plate\/#primaryimage\"},\"image\":{\"@id\":\"https:\/\/jinsuncarbon.com\/product\/graphite-slide-plate\/#primaryimage\"},\"thumbnailUrl\":\"https:\/\/jinsuncarbon.com\/wp-content\/uploads\/2025\/04\/Graphite-Slide-Plate.jpg\",\"datePublished\":\"2025-04-30T09:26:18+00:00\",\"dateModified\":\"2025-04-30T09:26:19+00:00\",\"description\":\"Graphite slide plate manufacturer and supplier, we can provide high-quality products with different specifications for your industrial production.\",\"breadcrumb\":{\"@id\":\"https:\/\/jinsuncarbon.com\/product\/graphite-slide-plate\/#breadcrumb\"},\"inLanguage\":\"de\",\"potentialAction\":[{\"@type\":\"ReadAction\",\"target\":[\"https:\/\/jinsuncarbon.com\/product\/graphite-slide-plate\/\"]}]},{\"@type\":\"ImageObject\",\"inLanguage\":\"de\",\"@id\":\"https:\/\/jinsuncarbon.com\/product\/graphite-slide-plate\/#primaryimage\",\"url\":\"https:\/\/jinsuncarbon.com\/wp-content\/uploads\/2025\/04\/Graphite-Slide-Plate.jpg\",\"contentUrl\":\"https:\/\/jinsuncarbon.com\/wp-content\/uploads\/2025\/04\/Graphite-Slide-Plate.jpg\",\"width\":1024,\"height\":763,\"caption\":\"Graphite Slide Plate\"},{\"@type\":\"BreadcrumbList\",\"@id\":\"https:\/\/jinsuncarbon.com\/product\/graphite-slide-plate\/#breadcrumb\",\"itemListElement\":[{\"@type\":\"ListItem\",\"position\":1,\"name\":\"Home\",\"item\":\"https:\/\/jinsuncarbon.com\/\"},{\"@type\":\"ListItem\",\"position\":2,\"name\":\"Products\",\"item\":\"https:\/\/jinsuncarbon.com\/graphite-carbon\/\"},{\"@type\":\"ListItem\",\"position\":3,\"name\":\"Graphite Slide Plate\"}]},{\"@type\":\"WebSite\",\"@id\":\"https:\/\/jinsuncarbon.com\/#website\",\"url\":\"https:\/\/jinsuncarbon.com\/\",\"name\":\"Jinsun Carbon\",\"description\":\"We are the successful graphite electrode manufacturer in China\",\"publisher\":{\"@id\":\"https:\/\/jinsuncarbon.com\/#organization\"},\"potentialAction\":[{\"@type\":\"SearchAction\",\"target\":{\"@type\":\"EntryPoint\",\"urlTemplate\":\"https:\/\/jinsuncarbon.com\/?s={search_term_string}\"},\"query-input\":{\"@type\":\"PropertyValueSpecification\",\"valueRequired\":true,\"valueName\":\"search_term_string\"}}],\"inLanguage\":\"de\"},{\"@type\":\"Organization\",\"@id\":\"https:\/\/jinsuncarbon.com\/#organization\",\"name\":\"Jinsun Carbon\",\"alternateName\":\"Jinsun Carbon\",\"url\":\"https:\/\/jinsuncarbon.com\/\",\"logo\":{\"@type\":\"ImageObject\",\"inLanguage\":\"de\",\"@id\":\"https:\/\/jinsuncarbon.com\/#\/schema\/logo\/image\/\",\"url\":\"https:\/\/jinsuncarbon.com\/wp-content\/uploads\/2022\/12\/LOGO-1.png\",\"contentUrl\":\"https:\/\/jinsuncarbon.com\/wp-content\/uploads\/2022\/12\/LOGO-1.png\",\"width\":207,\"height\":80,\"caption\":\"Jinsun Carbon\"},\"image\":{\"@id\":\"https:\/\/jinsuncarbon.com\/#\/schema\/logo\/image\/\"},\"sameAs\":[\"https:\/\/www.facebook.com\/Graphite-Electrode-109336238661595\",\"https:\/\/x.com\/jinsuncarbon_\",\"https:\/\/www.linkedin.com\/in\/jinsungraphite\",\"https:\/\/www.youtube.com\/channel\/UCysDNyvyR5-3cCWEmpkVC0g\"]}]}<\/script>\n<!-- \/ Yoast SEO Premium plugin. -->","yoast_head_json":{"title":"Graphit-Gleitplatte Hersteller in China | Jinsun Carbon","description":"Als Hersteller und Lieferant von Graphitgleitplatten k\u00f6nnen wir Ihnen hochwertige Produkte mit unterschiedlichen Spezifikationen f\u00fcr Ihre industrielle Produktion anbieten.","robots":{"index":"index","follow":"follow","max-snippet":"max-snippet:-1","max-image-preview":"max-image-preview:large","max-video-preview":"max-video-preview:-1"},"canonical":"https:\/\/jinsuncarbon.com\/de\/produkt\/graphit-gleitplatte\/","og_locale":"de_DE","og_type":"article","og_title":"Graphite Slide Plate","og_description":"Graphite slide plate manufacturer and supplier, we can provide high-quality products with different specifications for your industrial production.","og_url":"https:\/\/jinsuncarbon.com\/de\/produkt\/graphit-gleitplatte\/","og_site_name":"Jinsun Carbon","article_publisher":"https:\/\/www.facebook.com\/Graphite-Electrode-109336238661595","article_modified_time":"2025-04-30T09:26:19+00:00","og_image":[{"width":1024,"height":763,"url":"https:\/\/jinsuncarbon.com\/wp-content\/uploads\/2025\/04\/Graphite-Slide-Plate.jpg","type":"image\/jpeg"}],"twitter_card":"summary_large_image","twitter_site":"@jinsuncarbon_","twitter_misc":{"Gesch\u00e4tzte Lesezeit":"3\u00a0Minuten"},"schema":{"@context":"https:\/\/schema.org","@graph":[{"@type":"WebPage","@id":"https:\/\/jinsuncarbon.com\/product\/graphite-slide-plate\/","url":"https:\/\/jinsuncarbon.com\/product\/graphite-slide-plate\/","name":"Graphit-Gleitplatte Hersteller in China | Jinsun Carbon","isPartOf":{"@id":"https:\/\/jinsuncarbon.com\/#website"},"primaryImageOfPage":{"@id":"https:\/\/jinsuncarbon.com\/product\/graphite-slide-plate\/#primaryimage"},"image":{"@id":"https:\/\/jinsuncarbon.com\/product\/graphite-slide-plate\/#primaryimage"},"thumbnailUrl":"https:\/\/jinsuncarbon.com\/wp-content\/uploads\/2025\/04\/Graphite-Slide-Plate.jpg","datePublished":"2025-04-30T09:26:18+00:00","dateModified":"2025-04-30T09:26:19+00:00","description":"Als Hersteller und Lieferant von Graphitgleitplatten k\u00f6nnen wir Ihnen hochwertige Produkte mit unterschiedlichen Spezifikationen f\u00fcr Ihre industrielle Produktion anbieten.","breadcrumb":{"@id":"https:\/\/jinsuncarbon.com\/product\/graphite-slide-plate\/#breadcrumb"},"inLanguage":"de","potentialAction":[{"@type":"ReadAction","target":["https:\/\/jinsuncarbon.com\/product\/graphite-slide-plate\/"]}]},{"@type":"ImageObject","inLanguage":"de","@id":"https:\/\/jinsuncarbon.com\/product\/graphite-slide-plate\/#primaryimage","url":"https:\/\/jinsuncarbon.com\/wp-content\/uploads\/2025\/04\/Graphite-Slide-Plate.jpg","contentUrl":"https:\/\/jinsuncarbon.com\/wp-content\/uploads\/2025\/04\/Graphite-Slide-Plate.jpg","width":1024,"height":763,"caption":"Graphite Slide Plate"},{"@type":"BreadcrumbList","@id":"https:\/\/jinsuncarbon.com\/product\/graphite-slide-plate\/#breadcrumb","itemListElement":[{"@type":"ListItem","position":1,"name":"Home","item":"https:\/\/jinsuncarbon.com\/"},{"@type":"ListItem","position":2,"name":"Products","item":"https:\/\/jinsuncarbon.com\/graphite-carbon\/"},{"@type":"ListItem","position":3,"name":"Graphite Slide Plate"}]},{"@type":"WebSite","@id":"https:\/\/jinsuncarbon.com\/#website","url":"https:\/\/jinsuncarbon.com\/","name":"Jinsun Kohlenstoff","description":"Wir sind der erfolgreiche Hersteller von Graphitelektroden in China","publisher":{"@id":"https:\/\/jinsuncarbon.com\/#organization"},"potentialAction":[{"@type":"SearchAction","target":{"@type":"EntryPoint","urlTemplate":"https:\/\/jinsuncarbon.com\/?s={search_term_string}"},"query-input":{"@type":"PropertyValueSpecification","valueRequired":true,"valueName":"search_term_string"}}],"inLanguage":"de"},{"@type":"Organization","@id":"https:\/\/jinsuncarbon.com\/#organization","name":"Jinsun Kohlenstoff","alternateName":"Jinsun Carbon","url":"https:\/\/jinsuncarbon.com\/","logo":{"@type":"ImageObject","inLanguage":"de","@id":"https:\/\/jinsuncarbon.com\/#\/schema\/logo\/image\/","url":"https:\/\/jinsuncarbon.com\/wp-content\/uploads\/2022\/12\/LOGO-1.png","contentUrl":"https:\/\/jinsuncarbon.com\/wp-content\/uploads\/2022\/12\/LOGO-1.png","width":207,"height":80,"caption":"Jinsun Carbon"},"image":{"@id":"https:\/\/jinsuncarbon.com\/#\/schema\/logo\/image\/"},"sameAs":["https:\/\/www.facebook.com\/Graphite-Electrode-109336238661595","https:\/\/x.com\/jinsuncarbon_","https:\/\/www.linkedin.com\/in\/jinsungraphite","https:\/\/www.youtube.com\/channel\/UCysDNyvyR5-3cCWEmpkVC0g"]}]}},"_links":{"self":[{"href":"https:\/\/jinsuncarbon.com\/de\/wp-json\/wp\/v2\/product\/7895","targetHints":{"allow":["GET"]}}],"collection":[{"href":"https:\/\/jinsuncarbon.com\/de\/wp-json\/wp\/v2\/product"}],"about":[{"href":"https:\/\/jinsuncarbon.com\/de\/wp-json\/wp\/v2\/types\/product"}],"wp:featuredmedia":[{"embeddable":true,"href":"https:\/\/jinsuncarbon.com\/de\/wp-json\/wp\/v2\/media\/7896"}],"wp:attachment":[{"href":"https:\/\/jinsuncarbon.com\/de\/wp-json\/wp\/v2\/media?parent=7895"}],"wp:term":[{"taxonomy":"product_brand","embeddable":true,"href":"https:\/\/jinsuncarbon.com\/de\/wp-json\/wp\/v2\/product_brand?post=7895"},{"taxonomy":"product_cat","embeddable":true,"href":"https:\/\/jinsuncarbon.com\/de\/wp-json\/wp\/v2\/product_cat?post=7895"},{"taxonomy":"product_tag","embeddable":true,"href":"https:\/\/jinsuncarbon.com\/de\/wp-json\/wp\/v2\/product_tag?post=7895"}],"curies":[{"name":"wp","href":"https:\/\/api.w.org\/{rel}","templated":true}]}}