{"id":7881,"date":"2025-04-18T01:56:46","date_gmt":"2025-04-18T01:56:46","guid":{"rendered":"https:\/\/jinsuncarbon.com\/?post_type=product&#038;p=7881"},"modified":"2025-04-18T01:56:46","modified_gmt":"2025-04-18T01:56:46","slug":"graphiteinlage","status":"publish","type":"product","link":"https:\/\/jinsuncarbon.com\/de\/produkt\/graphiteinlage\/","title":{"rendered":"Graphit-Liner"},"content":{"rendered":"<h2>Vorteile der Graphitauskleidung<\/h2>\n<p>Es wird in der Regel durch Mischen von Graphitpulver mit einem bestimmten Bindemittel hergestellt. Dann wird es durch einen Formgebungsprozess, wie z. B. Gie\u00dfen, Strangpressen oder isostatisches Pressen, in die gew\u00fcnschte Form und Gr\u00f6\u00dfe gebracht. Nach dem R\u00f6sten bei hoher Temperatur und anderen Behandlungen werden Dichte, Festigkeit und Leistung des Materials verbessert. So hat Graphit Liner hervorragende Vorteile.<\/p>\n<p><strong><b>S<\/b><\/strong><strong><b>h\u00f6here Temperaturbest\u00e4ndigkeit<\/b><\/strong><\/p>\n<p>Es kann in einer Umgebung mit hohen Temperaturen \u00fcber 1000\u00b0C stabil bleiben, ohne zu schmelzen oder sich zu zersetzen.<\/p>\n<p>&nbsp;<\/p>\n<p><strong><b>Ausgezeichnete chemische Stabilit\u00e4t<\/b><\/strong><\/p>\n<p>Es kann einer Vielzahl von starken S\u00e4uren, Laugen und korrosiven Gasen wirksam widerstehen, da es fast nicht mit chemischen Substanzen reagiert.<\/p>\n<p>&nbsp;<\/p>\n<p><strong><b>Gute Verschlei\u00dffestigkeit<\/b><\/strong><\/p>\n<p>Es widersteht Materialerosion und Reibung und verringert den Verschlei\u00df der Ger\u00e4te.<\/p>\n<p>&nbsp;<\/p>\n<p><strong><b>G<\/b><\/strong><strong><b>gute Selbstschmierf\u00e4higkeit<\/b><\/strong><\/p>\n<p>Es kann den Widerstand des in der Anlage flie\u00dfenden Materials verringern.<\/p>\n<p>&nbsp;<\/p>\n<p><strong><b>Niedrig<\/b><\/strong><strong><b>\u00a0W\u00e4rmeausdehnungskoeffizient<\/b><\/strong><\/p>\n<p>Seine Struktur kann auch bei starken Temperaturschwankungen stabil bleiben. Und es ist nicht leicht, durch W\u00e4rmeausdehnung und K\u00e4ltekontraktion besch\u00e4digt werden.<\/p>\n<p>&nbsp;<\/p>\n<p><strong><b>C<\/b><\/strong><strong><b>bestimmte elektrische Leitf\u00e4higkeit<\/b><\/strong><\/p>\n<p>Es kann in einigen Ger\u00e4ten, die elektrochemische Prozesse beinhalten, eine einzigartige Rolle spielen.<\/p>\n<p><strong><b>\u00a0<\/b><\/strong><\/p>\n<h2>Verwendungszwecke von Graphitauskleidungen<\/h2>\n<p>Graphitauskleidungen haben eine gute Korrosionsbest\u00e4ndigkeit, W\u00e4rmeleitf\u00e4higkeit und Verschlei\u00dffestigkeit, weshalb sie in vielen Bereichen eingesetzt werden. Im Folgenden sind einige der wichtigsten Anwendungen aufgef\u00fchrt:<\/p>\n<p><strong><b>Chemische Industrie<\/b><\/strong><\/p>\n<p>Sie k\u00f6nnen es f\u00fcr die Auskleidung von Reaktoren, Lagertanks, Rohrleitungen und anderen Anlagen verwenden. Da es der Korrosion verschiedener starker S\u00e4uren, starker Laugen und organischer L\u00f6sungsmittel widerstehen kann, gew\u00e4hrleistet es die Sicherheit und Stabilit\u00e4t des chemischen Produktionsprozesses.<\/p>\n<p>&nbsp;<\/p>\n<p><strong><b>Metallurgische Industrie<\/b><\/strong><\/p>\n<p>In elektrolytischen Zellen k\u00f6nnen Graphiteinlagen als Kathode verwendet werden. <a href=\"https:\/\/jinsuncarbon.com\/de\/produkt\/graphit-ofenauskleidung\/\">Auskleidung<\/a> Material. Mit seiner guten elektrischen Leitf\u00e4higkeit und seiner Widerstandsf\u00e4higkeit gegen die Erosion durch geschmolzenes Salz tr\u00e4gt es zur Verbesserung der elektrolytischen Effizienz und zur Verl\u00e4ngerung der Lebensdauer der Anlagen bei. Dar\u00fcber hinaus kann es in einigen Hochtemperatur\u00f6fen auch die Rolle der W\u00e4rmed\u00e4mmung und des Schutzes des Ofenk\u00f6rpers \u00fcbernehmen.<\/p>\n<p>&nbsp;<\/p>\n<p><strong><b>Elektronikindustrie<\/b><\/strong><\/p>\n<p>Sie k\u00f6nnen es zur Herstellung von Graphitbooten und Graphitvorrichtungen in der Halbleiterchipherstellung verwenden. Graphitauskleidungen k\u00f6nnen eine stabile Temperaturumgebung und eine gute mechanische Unterst\u00fctzung f\u00fcr die Chipherstellung bieten. Der hohe Reinheitsgrad und der geringe Gehalt an Verunreinigungen erf\u00fcllen die strengen Anforderungen der Elektronikindustrie an Materialien.<\/p>\n<p>&nbsp;<\/p>\n<p><strong><b>Maschinenindustrie<\/b><\/strong><\/p>\n<p>Sie k\u00f6nnen Graphit-Liner f\u00fcr die Herstellung von Gleitringdichtungen, Lagern und anderen Teilen der Auskleidung verwenden. Es hat eine gute Selbstschmierung und Verschlei\u00dffestigkeit, die den Reibungskoeffizienten zwischen den mechanischen Teilen reduzieren kann. Und es verbessert auch die Betriebseffizienz und Zuverl\u00e4ssigkeit der Ausr\u00fcstung.<\/p>\n<p>&nbsp;<\/p>\n<p><strong><b>Umweltschutzindustrie<\/b><\/strong><\/p>\n<p>In Kl\u00e4ranlagen k\u00f6nnen Sie es f\u00fcr die Auskleidung von Belebungsbecken, Absetzbecken usw. verwenden. Aufgrund seiner Korrosionsbest\u00e4ndigkeit und biologischen Adh\u00e4sionsbest\u00e4ndigkeit kann es die Betriebseffizienz und Lebensdauer der Anlage verbessern. Dar\u00fcber hinaus k\u00f6nnen Sie es in einigen Abgasbehandlungsanlagen auch als Tr\u00e4ger von <a href=\"https:\/\/www.sciencedirect.com\/topics\/engineering\/adsorbent-material\" target=\"_blank\" rel=\"noopener\">adsorbierte Stoffe<\/a>. Es kann die Wirkung der Abgasbehandlung verbessern.<\/p>","protected":false},"excerpt":{"rendered":"<p>Die Graphitauskleidung ist eine Struktur aus hochreinem Graphitmaterial zum internen Schutz von Ger\u00e4ten. Aufgrund der hervorragenden Eigenschaften von Graphit selbst spielt es eine Schl\u00fcsselrolle in vielen komplexen Arbeitsbedingungen. So zum Beispiel in Reaktoren der chemischen Industrie, in Hochtemperatur\u00f6fen der Metallurgie und anderen Anlagen. Es kann eine zuverl\u00e4ssige Garantie f\u00fcr den stabilen Betrieb der Ausr\u00fcstung bieten, was eine unverzichtbare Komponente ist, um den stabilen Betrieb aller Arten von Industrieanlagen zu gew\u00e4hrleisten.<\/p>","protected":false},"featured_media":7882,"template":"","meta":[],"product_brand":[],"product_cat":[38],"product_tag":[],"class_list":{"0":"post-7881","1":"product","2":"type-product","3":"status-publish","4":"has-post-thumbnail","6":"product_cat-graphite-products","8":"first","9":"instock","10":"shipping-taxable","11":"product-type-simple"},"yoast_head":"<!-- This site is optimized with the Yoast SEO Premium plugin v19.2.1 (Yoast SEO v25.3) - https:\/\/yoast.com\/wordpress\/plugins\/seo\/ -->\n<title>Graphite Liner Manufacturer in China | Jinsun Carbon<\/title>\n<meta name=\"description\" content=\"Graphite Liners manufacturers and suppliers. Jinsun can supply graphite liners in a range of sizes for your application, please contact us now.\" \/>\n<meta name=\"robots\" content=\"index, follow, max-snippet:-1, max-image-preview:large, max-video-preview:-1\" \/>\n<link rel=\"canonical\" href=\"https:\/\/jinsuncarbon.com\/de\/produkt\/graphiteinlage\/\" \/>\n<meta property=\"og:locale\" content=\"de_DE\" \/>\n<meta property=\"og:type\" content=\"article\" \/>\n<meta property=\"og:title\" content=\"Graphite Liner\" \/>\n<meta property=\"og:description\" content=\"Graphite Liners manufacturers and suppliers. Jinsun can supply graphite liners in a range of sizes for your application, please contact us now.\" \/>\n<meta property=\"og:url\" content=\"https:\/\/jinsuncarbon.com\/de\/produkt\/graphiteinlage\/\" \/>\n<meta property=\"og:site_name\" content=\"Jinsun Carbon\" \/>\n<meta property=\"article:publisher\" content=\"https:\/\/www.facebook.com\/Graphite-Electrode-109336238661595\" \/>\n<meta property=\"og:image\" content=\"https:\/\/jinsuncarbon.com\/wp-content\/uploads\/2025\/04\/Graphite-Liner.jpg\" \/>\n\t<meta property=\"og:image:width\" content=\"1024\" \/>\n\t<meta property=\"og:image:height\" content=\"763\" \/>\n\t<meta property=\"og:image:type\" content=\"image\/jpeg\" \/>\n<meta name=\"twitter:card\" content=\"summary_large_image\" \/>\n<meta name=\"twitter:site\" content=\"@jinsuncarbon_\" \/>\n<meta name=\"twitter:label1\" content=\"Gesch\u00e4tzte Lesezeit\" \/>\n\t<meta name=\"twitter:data1\" content=\"3\u00a0Minuten\" \/>\n<script type=\"application\/ld+json\" class=\"yoast-schema-graph\">{\"@context\":\"https:\/\/schema.org\",\"@graph\":[{\"@type\":\"WebPage\",\"@id\":\"https:\/\/jinsuncarbon.com\/product\/graphite-liner\/\",\"url\":\"https:\/\/jinsuncarbon.com\/product\/graphite-liner\/\",\"name\":\"Graphite Liner Manufacturer in China | Jinsun Carbon\",\"isPartOf\":{\"@id\":\"https:\/\/jinsuncarbon.com\/#website\"},\"primaryImageOfPage\":{\"@id\":\"https:\/\/jinsuncarbon.com\/product\/graphite-liner\/#primaryimage\"},\"image\":{\"@id\":\"https:\/\/jinsuncarbon.com\/product\/graphite-liner\/#primaryimage\"},\"thumbnailUrl\":\"https:\/\/jinsuncarbon.com\/wp-content\/uploads\/2025\/04\/Graphite-Liner.jpg\",\"datePublished\":\"2025-04-18T01:56:46+00:00\",\"description\":\"Graphite Liners manufacturers and suppliers. Jinsun can supply graphite liners in a range of sizes for your application, please contact us now.\",\"breadcrumb\":{\"@id\":\"https:\/\/jinsuncarbon.com\/product\/graphite-liner\/#breadcrumb\"},\"inLanguage\":\"de\",\"potentialAction\":[{\"@type\":\"ReadAction\",\"target\":[\"https:\/\/jinsuncarbon.com\/product\/graphite-liner\/\"]}]},{\"@type\":\"ImageObject\",\"inLanguage\":\"de\",\"@id\":\"https:\/\/jinsuncarbon.com\/product\/graphite-liner\/#primaryimage\",\"url\":\"https:\/\/jinsuncarbon.com\/wp-content\/uploads\/2025\/04\/Graphite-Liner.jpg\",\"contentUrl\":\"https:\/\/jinsuncarbon.com\/wp-content\/uploads\/2025\/04\/Graphite-Liner.jpg\",\"width\":1024,\"height\":763,\"caption\":\"Graphite Liner\"},{\"@type\":\"BreadcrumbList\",\"@id\":\"https:\/\/jinsuncarbon.com\/product\/graphite-liner\/#breadcrumb\",\"itemListElement\":[{\"@type\":\"ListItem\",\"position\":1,\"name\":\"Home\",\"item\":\"https:\/\/jinsuncarbon.com\/\"},{\"@type\":\"ListItem\",\"position\":2,\"name\":\"Products\",\"item\":\"https:\/\/jinsuncarbon.com\/graphite-carbon\/\"},{\"@type\":\"ListItem\",\"position\":3,\"name\":\"Graphite Liner\"}]},{\"@type\":\"WebSite\",\"@id\":\"https:\/\/jinsuncarbon.com\/#website\",\"url\":\"https:\/\/jinsuncarbon.com\/\",\"name\":\"Jinsun Carbon\",\"description\":\"We are the successful graphite electrode manufacturer in China\",\"publisher\":{\"@id\":\"https:\/\/jinsuncarbon.com\/#organization\"},\"potentialAction\":[{\"@type\":\"SearchAction\",\"target\":{\"@type\":\"EntryPoint\",\"urlTemplate\":\"https:\/\/jinsuncarbon.com\/?s={search_term_string}\"},\"query-input\":{\"@type\":\"PropertyValueSpecification\",\"valueRequired\":true,\"valueName\":\"search_term_string\"}}],\"inLanguage\":\"de\"},{\"@type\":\"Organization\",\"@id\":\"https:\/\/jinsuncarbon.com\/#organization\",\"name\":\"Jinsun Carbon\",\"alternateName\":\"Jinsun Carbon\",\"url\":\"https:\/\/jinsuncarbon.com\/\",\"logo\":{\"@type\":\"ImageObject\",\"inLanguage\":\"de\",\"@id\":\"https:\/\/jinsuncarbon.com\/#\/schema\/logo\/image\/\",\"url\":\"https:\/\/jinsuncarbon.com\/wp-content\/uploads\/2022\/12\/LOGO-1.png\",\"contentUrl\":\"https:\/\/jinsuncarbon.com\/wp-content\/uploads\/2022\/12\/LOGO-1.png\",\"width\":207,\"height\":80,\"caption\":\"Jinsun Carbon\"},\"image\":{\"@id\":\"https:\/\/jinsuncarbon.com\/#\/schema\/logo\/image\/\"},\"sameAs\":[\"https:\/\/www.facebook.com\/Graphite-Electrode-109336238661595\",\"https:\/\/x.com\/jinsuncarbon_\",\"https:\/\/www.linkedin.com\/in\/jinsungraphite\",\"https:\/\/www.youtube.com\/channel\/UCysDNyvyR5-3cCWEmpkVC0g\"]}]}<\/script>\n<!-- \/ Yoast SEO Premium plugin. -->","yoast_head_json":{"title":"Graphitauskleidung Hersteller in China | Jinsun Carbon","description":"Hersteller und Lieferanten von Graphitauskleidungen. Jinsun kann Graphitauskleidungen in einer Reihe von Gr\u00f6\u00dfen f\u00fcr Ihre Anwendung liefern, bitte kontaktieren Sie uns jetzt.","robots":{"index":"index","follow":"follow","max-snippet":"max-snippet:-1","max-image-preview":"max-image-preview:large","max-video-preview":"max-video-preview:-1"},"canonical":"https:\/\/jinsuncarbon.com\/de\/produkt\/graphiteinlage\/","og_locale":"de_DE","og_type":"article","og_title":"Graphite Liner","og_description":"Graphite Liners manufacturers and suppliers. Jinsun can supply graphite liners in a range of sizes for your application, please contact us now.","og_url":"https:\/\/jinsuncarbon.com\/de\/produkt\/graphiteinlage\/","og_site_name":"Jinsun Carbon","article_publisher":"https:\/\/www.facebook.com\/Graphite-Electrode-109336238661595","og_image":[{"width":1024,"height":763,"url":"https:\/\/jinsuncarbon.com\/wp-content\/uploads\/2025\/04\/Graphite-Liner.jpg","type":"image\/jpeg"}],"twitter_card":"summary_large_image","twitter_site":"@jinsuncarbon_","twitter_misc":{"Gesch\u00e4tzte Lesezeit":"3\u00a0Minuten"},"schema":{"@context":"https:\/\/schema.org","@graph":[{"@type":"WebPage","@id":"https:\/\/jinsuncarbon.com\/product\/graphite-liner\/","url":"https:\/\/jinsuncarbon.com\/product\/graphite-liner\/","name":"Graphitauskleidung Hersteller in China | Jinsun Carbon","isPartOf":{"@id":"https:\/\/jinsuncarbon.com\/#website"},"primaryImageOfPage":{"@id":"https:\/\/jinsuncarbon.com\/product\/graphite-liner\/#primaryimage"},"image":{"@id":"https:\/\/jinsuncarbon.com\/product\/graphite-liner\/#primaryimage"},"thumbnailUrl":"https:\/\/jinsuncarbon.com\/wp-content\/uploads\/2025\/04\/Graphite-Liner.jpg","datePublished":"2025-04-18T01:56:46+00:00","description":"Hersteller und Lieferanten von Graphitauskleidungen. Jinsun kann Graphitauskleidungen in einer Reihe von Gr\u00f6\u00dfen f\u00fcr Ihre Anwendung liefern, bitte kontaktieren Sie uns jetzt.","breadcrumb":{"@id":"https:\/\/jinsuncarbon.com\/product\/graphite-liner\/#breadcrumb"},"inLanguage":"de","potentialAction":[{"@type":"ReadAction","target":["https:\/\/jinsuncarbon.com\/product\/graphite-liner\/"]}]},{"@type":"ImageObject","inLanguage":"de","@id":"https:\/\/jinsuncarbon.com\/product\/graphite-liner\/#primaryimage","url":"https:\/\/jinsuncarbon.com\/wp-content\/uploads\/2025\/04\/Graphite-Liner.jpg","contentUrl":"https:\/\/jinsuncarbon.com\/wp-content\/uploads\/2025\/04\/Graphite-Liner.jpg","width":1024,"height":763,"caption":"Graphite Liner"},{"@type":"BreadcrumbList","@id":"https:\/\/jinsuncarbon.com\/product\/graphite-liner\/#breadcrumb","itemListElement":[{"@type":"ListItem","position":1,"name":"Home","item":"https:\/\/jinsuncarbon.com\/"},{"@type":"ListItem","position":2,"name":"Products","item":"https:\/\/jinsuncarbon.com\/graphite-carbon\/"},{"@type":"ListItem","position":3,"name":"Graphite Liner"}]},{"@type":"WebSite","@id":"https:\/\/jinsuncarbon.com\/#website","url":"https:\/\/jinsuncarbon.com\/","name":"Jinsun Kohlenstoff","description":"Wir sind der erfolgreiche Hersteller von Graphitelektroden in China","publisher":{"@id":"https:\/\/jinsuncarbon.com\/#organization"},"potentialAction":[{"@type":"SearchAction","target":{"@type":"EntryPoint","urlTemplate":"https:\/\/jinsuncarbon.com\/?s={search_term_string}"},"query-input":{"@type":"PropertyValueSpecification","valueRequired":true,"valueName":"search_term_string"}}],"inLanguage":"de"},{"@type":"Organization","@id":"https:\/\/jinsuncarbon.com\/#organization","name":"Jinsun Kohlenstoff","alternateName":"Jinsun Carbon","url":"https:\/\/jinsuncarbon.com\/","logo":{"@type":"ImageObject","inLanguage":"de","@id":"https:\/\/jinsuncarbon.com\/#\/schema\/logo\/image\/","url":"https:\/\/jinsuncarbon.com\/wp-content\/uploads\/2022\/12\/LOGO-1.png","contentUrl":"https:\/\/jinsuncarbon.com\/wp-content\/uploads\/2022\/12\/LOGO-1.png","width":207,"height":80,"caption":"Jinsun Carbon"},"image":{"@id":"https:\/\/jinsuncarbon.com\/#\/schema\/logo\/image\/"},"sameAs":["https:\/\/www.facebook.com\/Graphite-Electrode-109336238661595","https:\/\/x.com\/jinsuncarbon_","https:\/\/www.linkedin.com\/in\/jinsungraphite","https:\/\/www.youtube.com\/channel\/UCysDNyvyR5-3cCWEmpkVC0g"]}]}},"_links":{"self":[{"href":"https:\/\/jinsuncarbon.com\/de\/wp-json\/wp\/v2\/product\/7881","targetHints":{"allow":["GET"]}}],"collection":[{"href":"https:\/\/jinsuncarbon.com\/de\/wp-json\/wp\/v2\/product"}],"about":[{"href":"https:\/\/jinsuncarbon.com\/de\/wp-json\/wp\/v2\/types\/product"}],"wp:featuredmedia":[{"embeddable":true,"href":"https:\/\/jinsuncarbon.com\/de\/wp-json\/wp\/v2\/media\/7882"}],"wp:attachment":[{"href":"https:\/\/jinsuncarbon.com\/de\/wp-json\/wp\/v2\/media?parent=7881"}],"wp:term":[{"taxonomy":"product_brand","embeddable":true,"href":"https:\/\/jinsuncarbon.com\/de\/wp-json\/wp\/v2\/product_brand?post=7881"},{"taxonomy":"product_cat","embeddable":true,"href":"https:\/\/jinsuncarbon.com\/de\/wp-json\/wp\/v2\/product_cat?post=7881"},{"taxonomy":"product_tag","embeddable":true,"href":"https:\/\/jinsuncarbon.com\/de\/wp-json\/wp\/v2\/product_tag?post=7881"}],"curies":[{"name":"wp","href":"https:\/\/api.w.org\/{rel}","templated":true}]}}