{"id":7835,"date":"2025-04-18T05:09:26","date_gmt":"2025-04-18T05:09:26","guid":{"rendered":"https:\/\/jinsuncarbon.com\/?post_type=product&#038;p=7835"},"modified":"2025-04-18T05:09:27","modified_gmt":"2025-04-18T05:09:27","slug":"nusskoks","status":"publish","type":"product","link":"https:\/\/jinsuncarbon.com\/de\/produkt\/nusskoks\/","title":{"rendered":"Nuss-Koks"},"content":{"rendered":"<h2>Nusskoks-Spezifikation<\/h2>\n<p>Im Allgemeinen ist der Kleinkoks unregelm\u00e4\u00dfig und die Gr\u00f6\u00dfengleichm\u00e4\u00dfigkeit ist gut, und seine Vorteile sind hervorragend.<\/p>\n<p><strong><b>\u00a0<\/b><\/strong><\/p>\n<p><strong><b>G<\/b><\/strong><strong><b>gute Reaktivit\u00e4t<\/b><\/strong><\/p>\n<p>Es kann schnell mit anderen Stoffen in metallurgischen, chemischen und anderen Reaktionen reagieren und die Produktionseffizienz verbessern.<\/p>\n<p>&nbsp;<\/p>\n<p><strong><b>Hoher Kohlenstoffgehalt<\/b><\/strong><\/p>\n<p>Dadurch bleibt der Heizwert stabil, und es kann viel W\u00e4rmeenergie freigesetzt werden, die den Anforderungen des Hochtemperaturbetriebs entspricht.<\/p>\n<p><strong><b>\u00a0<\/b><\/strong><\/p>\n<p><strong><b>Hohe mechanische Festigkeit<\/b><\/strong><\/p>\n<p>Beim Be- und Entladen, beim Transport und bei der Verwendung ist es nicht leicht zu brechen, was die Verluste verringert.<\/p>\n<p>&nbsp;<\/p>\n<p><strong><b>Gute chemische Stabilit\u00e4t<\/b><\/strong><\/p>\n<p>Es ist s\u00e4ure- und laugenkorrosionsbest\u00e4ndig und kann in komplexen chemischen Umgebungen stabil eingesetzt werden.<\/p>\n<p>&nbsp;<\/p>\n<p><strong><b>R<\/b><\/strong><strong><b>vern\u00fcnftige Porenstruktur <\/b><\/strong><\/p>\n<p>Die Permeabilit\u00e4t und Adsorption sind gut, was zur Optimierung des Reaktionsprozesses beitr\u00e4gt.<\/p>\n<h2>Nuss-Cola-Gr\u00f6\u00dfen<\/h2>\n<p>Seine Gr\u00f6\u00dfe liegt zwischen 10 und 25 mm, was einem kleinen St\u00fcck Koks entspricht. Verglichen mit dem <a href=\"https:\/\/jinsuncarbon.com\/de\/produkt\/hochofenkoks\/\">Hochofenkoks<\/a> 40-80 mm, Nusskoks ist kleiner und eignet sich besser f\u00fcr die Beschickung zur Verbesserung der Permeabilit\u00e4t.<\/p>\n<p><strong><b>\u00a0<\/b><\/strong><\/p>\n<h2>Arten von Nusskoks<\/h2>\n<p>Nach der Klassifizierung des Qualit\u00e4tsindex kann Kleinkoks in Prim\u00e4r- und Sekund\u00e4rkoks unterteilt werden.<\/p>\n<p><strong><b>\u00a0<\/b><\/strong><\/p>\n<p><strong><b>Prim\u00e4re<\/b><\/strong><strong><b>\u00a0<\/b><\/strong><strong><b>Nuss<\/b><\/strong><strong><b>\u00a0Koks<\/b><\/strong><\/p>\n<p>Es hat einen hohen Gehalt an festem Kohlenstoff, in der Regel mehr als 85%, und der Asche-, Schwefelgehalt und andere Verunreinigungen sind gering, die Festigkeit ist hoch. Es eignet sich daher f\u00fcr die hohen Anforderungen der Industrie an die Produktqualit\u00e4t, z. B. bei der Herstellung von Eisen und hochwertigen Gusserzeugnissen.<\/p>\n<p>&nbsp;<\/p>\n<p><strong><b>Sekund\u00e4res <\/b><\/strong><strong><b>Nuss<\/b><\/strong><strong><b>\u00a0Koks<\/b><\/strong><\/p>\n<p>Der Gehalt an festem Kohlenstoff betr\u00e4gt im Allgemeinen 80%-85%, und der Gehalt an Verunreinigungen ist etwas h\u00f6her als beim Prim\u00e4rkoks. Er kann in einigen Industriebereichen verwendet werden, in denen die Anforderungen an den Rohstoff nicht besonders hoch sind. So z. B. f\u00fcr den gew\u00f6hnlichen Guss, die Verbrennung in Industriekesseln usw.<\/p>\n<p><strong><b>\u00a0<\/b><\/strong><\/p>\n<h2>Verwendungen von Nusskoks<\/h2>\n<p><strong><b>I<\/b><\/strong><strong><b>ronherstellung: <\/b><\/strong><\/p>\n<p>Unter <a href=\"https:\/\/en.wikipedia.org\/wiki\/Blast_furnace\" target=\"_blank\" rel=\"noopener\">Gebl\u00e4seofen<\/a> Bei der Eisenerzeugung kann Nusskoks als Reduktionsmittel verwendet werden, um das Eisenoxid im Eisenerz zu Eisen zu reduzieren. Er liefert W\u00e4rme f\u00fcr die Eisenherstellung, st\u00fctzt die Materials\u00e4ule und sorgt f\u00fcr einen guten Gasfluss im Hochofen.<\/p>\n<p>&nbsp;<\/p>\n<p><strong><b>Schmelzen von Nichteisenmetallen:<\/b><\/strong><\/p>\n<p>Bei der Verh\u00fcttung von Kupfer, Blei, Zink und anderen Nichteisenmetallen kann Nusskoks als Brennstoff und Reduktionsmittel verwendet werden. Er kann helfen, Metalle zu extrahieren und die Schmelzreaktion zu f\u00f6rdern.<\/p>\n<p>&nbsp;<\/p>\n<p><strong><b>Gie\u00dfen<\/b><\/strong><strong><b>\u00a0Feld<\/b><\/strong><strong><b>: <\/b><\/strong><\/p>\n<p>Sie k\u00f6nnen es in der Gie\u00dfereiindustrie verwenden, um W\u00e4rme zum Schmelzen von Metall bereitzustellen. Er kann das Metallmaterial auf die erforderliche hohe Temperatur bringen, um es in Gussst\u00fccke verschiedener Formen zu gie\u00dfen.<\/p>\n<p>&nbsp;<\/p>\n<p><strong><b>Chemisch<\/b><\/strong><strong><b>\u00a0Produktion<\/b><\/strong><strong><b>: <\/b><\/strong><\/p>\n<p>Es ist ein wichtiger Rohstoff f\u00fcr die Herstellung von Kalziumkarbid, Siliziumkarbid und anderen chemischen Produkten. Durch chemische Reaktionen mit anderen Stoffen entstehen diese chemischen Zwischenprodukte oder Erzeugnisse, die in der Industrie eine Vielzahl von Verwendungen finden.<\/p>\n<p>&nbsp;<\/p>\n<p><strong><b>Andere<\/b><\/strong><strong><b>\u00a0Felder<\/b><\/strong><strong><b>: <\/b><\/strong><\/p>\n<p>Sie k\u00f6nnen es als Brennstoff f\u00fcr Industriekessel, Heiz\u00f6fen usw. verwenden, um den W\u00e4rmebedarf im Produktionsprozess zu decken. Aufgrund der hohen Verbrennungseffizienz und der geringen Schadstoffemissionen kann es einige herk\u00f6mmliche Kohlen ersetzen. Als hochwertiger Brennstoff kann es den Bedarf an industrieller Heizung und Trocknung decken.<\/p>","protected":false},"excerpt":{"rendered":"<p>Nusskoks geh\u00f6rt zur Kategorie Koks, einem festen Brennstoff, der durch Destillation und andere Verfahren aus Kohle hergestellt wird. Es handelt sich in der Regel um relativ kleine Kokspartikel, die im Allgemeinen aus hochwertiger Steinkohle oder Anthrazit bei hohen Temperaturen und unter Luftabschluss hergestellt werden. Sein Hauptbestandteil ist Kohlenstoff, aber er enth\u00e4lt auch geringe Mengen an Wasserstoff, Sauerstoff, Stickstoff und Schwefel.<\/p>\n<p>&nbsp;<\/p>\n<p>Es verf\u00fcgt \u00fcber eine gute Reaktivit\u00e4t, einen festen Kohlenstoffgehalt und geringe Verunreinigungen und kann die spezifischen Anforderungen verschiedener Prozesse erf\u00fcllen. Sie k\u00f6nnen es als eine starke Anwendbarkeit von industriellen Rohstoffen in der Metallurgie, Chemie und anderen Industrien verwenden.<\/p>","protected":false},"featured_media":7884,"template":"","meta":[],"product_brand":[],"product_cat":[40],"product_tag":[],"class_list":{"0":"post-7835","1":"product","2":"type-product","3":"status-publish","4":"has-post-thumbnail","6":"product_cat-petroleum-coke","8":"first","9":"instock","10":"shipping-taxable","11":"product-type-simple"},"yoast_head":"<!-- This site is optimized with the Yoast SEO Premium plugin v19.2.1 (Yoast SEO v25.3) - https:\/\/yoast.com\/wordpress\/plugins\/seo\/ -->\n<title>Nut Coke Manufacturer in China | Jinsun Carbon<\/title>\n<meta name=\"description\" content=\"Nut coke is used in blast furnace, Jinsun supplies different sizes of Nut coke, contact us to get the best price for your industrial applications.\" \/>\n<meta name=\"robots\" content=\"index, follow, max-snippet:-1, max-image-preview:large, max-video-preview:-1\" \/>\n<link rel=\"canonical\" href=\"https:\/\/jinsuncarbon.com\/de\/produkt\/nusskoks\/\" \/>\n<meta property=\"og:locale\" content=\"de_DE\" \/>\n<meta property=\"og:type\" content=\"article\" \/>\n<meta property=\"og:title\" content=\"Nut Coke\" \/>\n<meta property=\"og:description\" content=\"Nut coke is used in blast furnace, Jinsun supplies different sizes of Nut coke, contact us to get the best price for your industrial applications.\" \/>\n<meta property=\"og:url\" content=\"https:\/\/jinsuncarbon.com\/de\/produkt\/nusskoks\/\" \/>\n<meta property=\"og:site_name\" content=\"Jinsun Carbon\" \/>\n<meta property=\"article:publisher\" content=\"https:\/\/www.facebook.com\/Graphite-Electrode-109336238661595\" \/>\n<meta property=\"article:modified_time\" content=\"2025-04-18T05:09:27+00:00\" \/>\n<meta property=\"og:image\" content=\"https:\/\/jinsuncarbon.com\/wp-content\/uploads\/2025\/04\/Nut-coke.jpg\" \/>\n\t<meta property=\"og:image:width\" content=\"1024\" \/>\n\t<meta property=\"og:image:height\" content=\"763\" \/>\n\t<meta property=\"og:image:type\" content=\"image\/jpeg\" \/>\n<meta name=\"twitter:card\" content=\"summary_large_image\" \/>\n<meta name=\"twitter:site\" content=\"@jinsuncarbon_\" \/>\n<meta name=\"twitter:label1\" content=\"Gesch\u00e4tzte Lesezeit\" \/>\n\t<meta name=\"twitter:data1\" content=\"3\u00a0Minuten\" \/>\n<script type=\"application\/ld+json\" class=\"yoast-schema-graph\">{\"@context\":\"https:\/\/schema.org\",\"@graph\":[{\"@type\":\"WebPage\",\"@id\":\"https:\/\/jinsuncarbon.com\/product\/nut-coke\/\",\"url\":\"https:\/\/jinsuncarbon.com\/product\/nut-coke\/\",\"name\":\"Nut Coke Manufacturer in China | Jinsun Carbon\",\"isPartOf\":{\"@id\":\"https:\/\/jinsuncarbon.com\/#website\"},\"primaryImageOfPage\":{\"@id\":\"https:\/\/jinsuncarbon.com\/product\/nut-coke\/#primaryimage\"},\"image\":{\"@id\":\"https:\/\/jinsuncarbon.com\/product\/nut-coke\/#primaryimage\"},\"thumbnailUrl\":\"https:\/\/jinsuncarbon.com\/wp-content\/uploads\/2025\/04\/Nut-coke.jpg\",\"datePublished\":\"2025-04-18T05:09:26+00:00\",\"dateModified\":\"2025-04-18T05:09:27+00:00\",\"description\":\"Nut coke is used in blast furnace, Jinsun supplies different sizes of Nut coke, contact us to get the best price for your industrial applications.\",\"breadcrumb\":{\"@id\":\"https:\/\/jinsuncarbon.com\/product\/nut-coke\/#breadcrumb\"},\"inLanguage\":\"de\",\"potentialAction\":[{\"@type\":\"ReadAction\",\"target\":[\"https:\/\/jinsuncarbon.com\/product\/nut-coke\/\"]}]},{\"@type\":\"ImageObject\",\"inLanguage\":\"de\",\"@id\":\"https:\/\/jinsuncarbon.com\/product\/nut-coke\/#primaryimage\",\"url\":\"https:\/\/jinsuncarbon.com\/wp-content\/uploads\/2025\/04\/Nut-coke.jpg\",\"contentUrl\":\"https:\/\/jinsuncarbon.com\/wp-content\/uploads\/2025\/04\/Nut-coke.jpg\",\"width\":1024,\"height\":763,\"caption\":\"Nut coke\"},{\"@type\":\"BreadcrumbList\",\"@id\":\"https:\/\/jinsuncarbon.com\/product\/nut-coke\/#breadcrumb\",\"itemListElement\":[{\"@type\":\"ListItem\",\"position\":1,\"name\":\"Home\",\"item\":\"https:\/\/jinsuncarbon.com\/\"},{\"@type\":\"ListItem\",\"position\":2,\"name\":\"Products\",\"item\":\"https:\/\/jinsuncarbon.com\/graphite-carbon\/\"},{\"@type\":\"ListItem\",\"position\":3,\"name\":\"Nut Coke\"}]},{\"@type\":\"WebSite\",\"@id\":\"https:\/\/jinsuncarbon.com\/#website\",\"url\":\"https:\/\/jinsuncarbon.com\/\",\"name\":\"Jinsun Carbon\",\"description\":\"We are the successful graphite electrode manufacturer in China\",\"publisher\":{\"@id\":\"https:\/\/jinsuncarbon.com\/#organization\"},\"potentialAction\":[{\"@type\":\"SearchAction\",\"target\":{\"@type\":\"EntryPoint\",\"urlTemplate\":\"https:\/\/jinsuncarbon.com\/?s={search_term_string}\"},\"query-input\":{\"@type\":\"PropertyValueSpecification\",\"valueRequired\":true,\"valueName\":\"search_term_string\"}}],\"inLanguage\":\"de\"},{\"@type\":\"Organization\",\"@id\":\"https:\/\/jinsuncarbon.com\/#organization\",\"name\":\"Jinsun Carbon\",\"alternateName\":\"Jinsun Carbon\",\"url\":\"https:\/\/jinsuncarbon.com\/\",\"logo\":{\"@type\":\"ImageObject\",\"inLanguage\":\"de\",\"@id\":\"https:\/\/jinsuncarbon.com\/#\/schema\/logo\/image\/\",\"url\":\"https:\/\/jinsuncarbon.com\/wp-content\/uploads\/2022\/12\/LOGO-1.png\",\"contentUrl\":\"https:\/\/jinsuncarbon.com\/wp-content\/uploads\/2022\/12\/LOGO-1.png\",\"width\":207,\"height\":80,\"caption\":\"Jinsun Carbon\"},\"image\":{\"@id\":\"https:\/\/jinsuncarbon.com\/#\/schema\/logo\/image\/\"},\"sameAs\":[\"https:\/\/www.facebook.com\/Graphite-Electrode-109336238661595\",\"https:\/\/x.com\/jinsuncarbon_\",\"https:\/\/www.linkedin.com\/in\/jinsungraphite\",\"https:\/\/www.youtube.com\/channel\/UCysDNyvyR5-3cCWEmpkVC0g\"]}]}<\/script>\n<!-- \/ Yoast SEO Premium plugin. -->","yoast_head_json":{"title":"Mutterkoks Hersteller in China | Jinsun Carbon","description":"Nusskoks wird in Hoch\u00f6fen verwendet. Jinsun liefert verschiedene Gr\u00f6\u00dfen von Nusskoks, kontaktieren Sie uns, um den besten Preis f\u00fcr Ihre industriellen Anwendungen zu erhalten.","robots":{"index":"index","follow":"follow","max-snippet":"max-snippet:-1","max-image-preview":"max-image-preview:large","max-video-preview":"max-video-preview:-1"},"canonical":"https:\/\/jinsuncarbon.com\/de\/produkt\/nusskoks\/","og_locale":"de_DE","og_type":"article","og_title":"Nut Coke","og_description":"Nut coke is used in blast furnace, Jinsun supplies different sizes of Nut coke, contact us to get the best price for your industrial applications.","og_url":"https:\/\/jinsuncarbon.com\/de\/produkt\/nusskoks\/","og_site_name":"Jinsun Carbon","article_publisher":"https:\/\/www.facebook.com\/Graphite-Electrode-109336238661595","article_modified_time":"2025-04-18T05:09:27+00:00","og_image":[{"width":1024,"height":763,"url":"https:\/\/jinsuncarbon.com\/wp-content\/uploads\/2025\/04\/Nut-coke.jpg","type":"image\/jpeg"}],"twitter_card":"summary_large_image","twitter_site":"@jinsuncarbon_","twitter_misc":{"Gesch\u00e4tzte Lesezeit":"3\u00a0Minuten"},"schema":{"@context":"https:\/\/schema.org","@graph":[{"@type":"WebPage","@id":"https:\/\/jinsuncarbon.com\/product\/nut-coke\/","url":"https:\/\/jinsuncarbon.com\/product\/nut-coke\/","name":"Mutterkoks Hersteller in China | Jinsun Carbon","isPartOf":{"@id":"https:\/\/jinsuncarbon.com\/#website"},"primaryImageOfPage":{"@id":"https:\/\/jinsuncarbon.com\/product\/nut-coke\/#primaryimage"},"image":{"@id":"https:\/\/jinsuncarbon.com\/product\/nut-coke\/#primaryimage"},"thumbnailUrl":"https:\/\/jinsuncarbon.com\/wp-content\/uploads\/2025\/04\/Nut-coke.jpg","datePublished":"2025-04-18T05:09:26+00:00","dateModified":"2025-04-18T05:09:27+00:00","description":"Nusskoks wird in Hoch\u00f6fen verwendet. Jinsun liefert verschiedene Gr\u00f6\u00dfen von Nusskoks, kontaktieren Sie uns, um den besten Preis f\u00fcr Ihre industriellen Anwendungen zu erhalten.","breadcrumb":{"@id":"https:\/\/jinsuncarbon.com\/product\/nut-coke\/#breadcrumb"},"inLanguage":"de","potentialAction":[{"@type":"ReadAction","target":["https:\/\/jinsuncarbon.com\/product\/nut-coke\/"]}]},{"@type":"ImageObject","inLanguage":"de","@id":"https:\/\/jinsuncarbon.com\/product\/nut-coke\/#primaryimage","url":"https:\/\/jinsuncarbon.com\/wp-content\/uploads\/2025\/04\/Nut-coke.jpg","contentUrl":"https:\/\/jinsuncarbon.com\/wp-content\/uploads\/2025\/04\/Nut-coke.jpg","width":1024,"height":763,"caption":"Nut coke"},{"@type":"BreadcrumbList","@id":"https:\/\/jinsuncarbon.com\/product\/nut-coke\/#breadcrumb","itemListElement":[{"@type":"ListItem","position":1,"name":"Home","item":"https:\/\/jinsuncarbon.com\/"},{"@type":"ListItem","position":2,"name":"Products","item":"https:\/\/jinsuncarbon.com\/graphite-carbon\/"},{"@type":"ListItem","position":3,"name":"Nut Coke"}]},{"@type":"WebSite","@id":"https:\/\/jinsuncarbon.com\/#website","url":"https:\/\/jinsuncarbon.com\/","name":"Jinsun Kohlenstoff","description":"Wir sind der erfolgreiche Hersteller von Graphitelektroden in China","publisher":{"@id":"https:\/\/jinsuncarbon.com\/#organization"},"potentialAction":[{"@type":"SearchAction","target":{"@type":"EntryPoint","urlTemplate":"https:\/\/jinsuncarbon.com\/?s={search_term_string}"},"query-input":{"@type":"PropertyValueSpecification","valueRequired":true,"valueName":"search_term_string"}}],"inLanguage":"de"},{"@type":"Organization","@id":"https:\/\/jinsuncarbon.com\/#organization","name":"Jinsun Kohlenstoff","alternateName":"Jinsun Carbon","url":"https:\/\/jinsuncarbon.com\/","logo":{"@type":"ImageObject","inLanguage":"de","@id":"https:\/\/jinsuncarbon.com\/#\/schema\/logo\/image\/","url":"https:\/\/jinsuncarbon.com\/wp-content\/uploads\/2022\/12\/LOGO-1.png","contentUrl":"https:\/\/jinsuncarbon.com\/wp-content\/uploads\/2022\/12\/LOGO-1.png","width":207,"height":80,"caption":"Jinsun Carbon"},"image":{"@id":"https:\/\/jinsuncarbon.com\/#\/schema\/logo\/image\/"},"sameAs":["https:\/\/www.facebook.com\/Graphite-Electrode-109336238661595","https:\/\/x.com\/jinsuncarbon_","https:\/\/www.linkedin.com\/in\/jinsungraphite","https:\/\/www.youtube.com\/channel\/UCysDNyvyR5-3cCWEmpkVC0g"]}]}},"_links":{"self":[{"href":"https:\/\/jinsuncarbon.com\/de\/wp-json\/wp\/v2\/product\/7835","targetHints":{"allow":["GET"]}}],"collection":[{"href":"https:\/\/jinsuncarbon.com\/de\/wp-json\/wp\/v2\/product"}],"about":[{"href":"https:\/\/jinsuncarbon.com\/de\/wp-json\/wp\/v2\/types\/product"}],"wp:featuredmedia":[{"embeddable":true,"href":"https:\/\/jinsuncarbon.com\/de\/wp-json\/wp\/v2\/media\/7884"}],"wp:attachment":[{"href":"https:\/\/jinsuncarbon.com\/de\/wp-json\/wp\/v2\/media?parent=7835"}],"wp:term":[{"taxonomy":"product_brand","embeddable":true,"href":"https:\/\/jinsuncarbon.com\/de\/wp-json\/wp\/v2\/product_brand?post=7835"},{"taxonomy":"product_cat","embeddable":true,"href":"https:\/\/jinsuncarbon.com\/de\/wp-json\/wp\/v2\/product_cat?post=7835"},{"taxonomy":"product_tag","embeddable":true,"href":"https:\/\/jinsuncarbon.com\/de\/wp-json\/wp\/v2\/product_tag?post=7835"}],"curies":[{"name":"wp","href":"https:\/\/api.w.org\/{rel}","templated":true}]}}