{"id":7688,"date":"2025-02-25T03:40:27","date_gmt":"2025-02-25T03:40:27","guid":{"rendered":"https:\/\/jinsuncarbon.com\/?post_type=product&#038;p=7688"},"modified":"2025-02-25T03:40:28","modified_gmt":"2025-02-25T03:40:28","slug":"graphit-erdungsmodul","status":"publish","type":"product","link":"https:\/\/jinsuncarbon.com\/de\/produkt\/graphit-erdungsmodul\/","title":{"rendered":"Graphit-Erdungsmodul"},"content":{"rendered":"<h2 class=\"ql-align-justify\">Vorteile des Graphit-Erdungsmoduls<\/h2>\n<p class=\"ql-align-justify\"><strong>Ausgezeichnete elektrische Leitf\u00e4higkeit<\/strong><\/p>\n<p class=\"ql-align-justify\">Es hat eine gute Leitf\u00e4higkeit, einen geringen Widerstand und eine schnelle Leitung des Erdungsmoduls, um die elektrische Sicherheit und die Zuverl\u00e4ssigkeit der Erdung zu gew\u00e4hrleisten.<\/p>\n<p class=\"ql-align-justify\"><strong>Hohe chemische Stabilit\u00e4t<\/strong><\/p>\n<p class=\"ql-align-justify\">Hervorragende Korrosionsbest\u00e4ndigkeit, da sie in komplexen Bodenumgebungen nicht so leicht korrodieren, was die Lebensdauer verl\u00e4ngert und die Wartungskosten senkt.<\/p>\n<p class=\"ql-align-justify\"><strong>Hohe mechanische Festigkeit<\/strong><\/p>\n<p class=\"ql-align-justify\">Komprimierung und <a href=\"https:\/\/jinsuncarbon.com\/de\/mechanische-eigenschaften-von-graphit\/\">Zugfestigkeit<\/a>Er kann dem Bodendruck und externen St\u00f6\u00dfen standhalten und die Erdungsfunktion auch unter schwierigen Bedingungen aufrechterhalten.<\/p>\n<p class=\"ql-align-justify\"><strong>Einfache und flexible Installation<\/strong><\/p>\n<p class=\"ql-align-justify\">Geringes Gewicht, anpassbares Volumen, keine Notwendigkeit f\u00fcr gro\u00dfe Ger\u00e4te, flexible Anordnung des Erdungssystems je nach Gel\u00e4nde und Anforderungen.<\/p>\n<p class=\"ql-align-justify\"><strong>Lang anhaltender Effekt der Widerstandsreduzierung<\/strong><\/p>\n<p class=\"ql-align-justify\">Im Vergleich zu herk\u00f6mmlichen Materialien ist der Bodenwiderstand gering und wird weniger von der Umwelt beeinflusst. Au\u00dferdem ist der Effekt der Widerstandsreduzierung langfristig und stabil.<\/p>\n<p class=\"ql-align-justify\">Dar\u00fcber hinaus k\u00f6nnen wir sie nach Ihren Vorgaben bearbeiten, sowohl in Bezug auf die Gr\u00f6\u00dfe als auch auf die Anschl\u00fcsse. Und Sie k\u00f6nnen auch zwischen einzelnen Graphit-Erdungsmodulen, kombinierten Graphit-Erdungsmodulen, Graphit-Erdungsmodulen mit Spurenelementen oder anderen Arten von Graphit-Erdungsmodulen w\u00e4hlen.<\/p>\n<p>&nbsp;<\/p>\n<h2 class=\"ql-align-justify\">Verwendung von Graphit-Erdungsmodulen<\/h2>\n<p class=\"ql-align-justify\"><strong>In der <a href=\"https:\/\/en.wikipedia.org\/wiki\/Electric_power_system\" target=\"_blank\" rel=\"noopener\">Stromsystem<\/a><\/strong><\/p>\n<p class=\"ql-align-justify\">Im Kraftwerk k\u00f6nnen Sie das Graphit-Erdungsmodul zum Anschluss an die Stromerzeugungsanlage verwenden. Es kann schnell den Leckstrom entfernen und die Wahrscheinlichkeit eines Ausfalls verringern. Im Umspannwerk verbindet es den Transformator und andere Ger\u00e4te, um den Fehlerstrom zu beseitigen und die Ausweitung des Unfalls zu vermeiden. Masten und T\u00fcrme von Hochspannungsleitungen nutzen es, um den Blitzableiterwiderstand zu verringern und eine stabile Strom\u00fcbertragung zu gew\u00e4hrleisten.<\/p>\n<p class=\"ql-align-justify\"><strong>Im Bereich der Kommunikation<\/strong><\/p>\n<p class=\"ql-align-justify\">Die Kommunikationsbasisstation verwendet das Graphit-Erdungsmodul, um das Ger\u00e4tegeh\u00e4use mit der Kabelabschirmung zu verbinden. Um Blitzschlag und elektromagnetische St\u00f6rungen zu verhindern und die Stabilit\u00e4t des Kommunikationssignals zu gew\u00e4hrleisten. Radio- und Fernsehsendeturm durch den Blitzschutz, um die normale \u00dcbertragung von Signalen zu gew\u00e4hrleisten. Dann halten Sie die Kontinuit\u00e4t der Kommunikation Gesch\u00e4ft.<\/p>\n<p class=\"ql-align-justify\"><strong>Baugewerbe<\/strong><\/p>\n<p class=\"ql-align-justify\">In Hochh\u00e4usern der Bauindustrie leitet das Graphit-Erdungsmodul den Blitzstrom in den Boden ein und sch\u00fctzt so die Geb\u00e4udestruktur. Es bietet eine sichere Erdung f\u00fcr elektrische Ger\u00e4te und verringert das Risiko eines Stromschlags. In Industrieanlagen leitet es statische Elektrizit\u00e4t und Kriechstrom ab, um die Sicherheit der industriellen Produktion zu gew\u00e4hrleisten.<\/p>\n<p class=\"ql-align-justify\"><strong>Herstellung elektronischer Ger\u00e4te<\/strong><\/p>\n<p class=\"ql-align-justify\">Produktionswerkstatt f\u00fcr elektronische Ger\u00e4te, elektrostatisch gef\u00e4hrdete Bauteile. Sie kann statische Elektrizit\u00e4t schnell abbauen, statische Sch\u00e4den verhindern, die Produktausbeute verbessern und die Qualit\u00e4t und Stabilit\u00e4t der hergestellten elektronischen Ger\u00e4te gew\u00e4hrleisten.<\/p>\n<p class=\"ql-align-justify\"><strong>Petrochemie<\/strong><\/p>\n<p class=\"ql-align-justify\">Die Umgebung in petrochemischen Unternehmen ist komplex, entflammbar und explosiv. Sie k\u00f6nnen das Graphit-Erdungsmodul f\u00fcr die Erdung von Anlagen und Lagertanks verwenden, um Unf\u00e4lle aufgrund von Leckagen zu vermeiden. Und seine Korrosionsbest\u00e4ndigkeit kann sich an die raue Umgebung anpassen, um die Sicherheit und kontinuierliche chemische Produktion zu gew\u00e4hrleisten.<\/p>","protected":false},"excerpt":{"rendered":"<p class=\"ql-align-justify\">Das Graphit-Erdungsmodul ist eine Art Erdungsvorrichtung, die durch ein spezielles Verfahren aus hochreinem Graphitmaterial hergestellt wird. In Stromnetzen kann es in Umspannwerken verwendet werden, um Fehlerstr\u00f6me in den Boden einzuleiten. In einer Kommunikationsbasisstation kann es vor Blitzschlag und elektromagnetischen St\u00f6rungen sch\u00fctzen. Aufgrund seiner ausgezeichneten elektrischen Leitf\u00e4higkeit, chemischen Stabilit\u00e4t und Korrosionsbest\u00e4ndigkeit eignet es sich hervorragend f\u00fcr den Einsatz in verschiedenen Stromversorgungssystemen, Kommunikationsbasisstationen und anderen Szenarien. Es ist eine Schl\u00fcsselausr\u00fcstung, um einen sicheren und stabilen elektrischen Betrieb zu gew\u00e4hrleisten, und kann sich an komplexe und ver\u00e4nderliche Erdungsanforderungen anpassen.<\/p>\n<p class=\"ql-align-justify\">","protected":false},"featured_media":7703,"template":"","meta":[],"product_brand":[],"product_cat":[38],"product_tag":[],"class_list":{"0":"post-7688","1":"product","2":"type-product","3":"status-publish","4":"has-post-thumbnail","6":"product_cat-graphite-products","8":"first","9":"instock","10":"shipping-taxable","11":"product-type-simple"},"yoast_head":"<!-- This site is optimized with the Yoast SEO Premium plugin v19.2.1 (Yoast SEO v25.3) - https:\/\/yoast.com\/wordpress\/plugins\/seo\/ -->\n<title>Graphite Grounding Module Manufacturer in China | Jinsun Carbon<\/title>\n<meta name=\"description\" content=\"Graphite grounding module manufacturer in China, Jinsun can supply types of graphite grounding modules are used in power industry lightning protection systems.\" \/>\n<meta name=\"robots\" content=\"index, follow, max-snippet:-1, max-image-preview:large, max-video-preview:-1\" \/>\n<link rel=\"canonical\" href=\"https:\/\/jinsuncarbon.com\/de\/produkt\/graphit-erdungsmodul\/\" \/>\n<meta property=\"og:locale\" content=\"de_DE\" \/>\n<meta property=\"og:type\" content=\"article\" \/>\n<meta property=\"og:title\" content=\"Graphite Grounding Module\" \/>\n<meta property=\"og:description\" content=\"Graphite grounding module manufacturer in China, Jinsun can supply types of graphite grounding modules are used in power industry lightning protection systems.\" \/>\n<meta property=\"og:url\" content=\"https:\/\/jinsuncarbon.com\/de\/produkt\/graphit-erdungsmodul\/\" \/>\n<meta property=\"og:site_name\" content=\"Jinsun Carbon\" \/>\n<meta property=\"article:publisher\" content=\"https:\/\/www.facebook.com\/Graphite-Electrode-109336238661595\" \/>\n<meta property=\"article:modified_time\" content=\"2025-02-25T03:40:28+00:00\" \/>\n<meta property=\"og:image\" content=\"https:\/\/jinsuncarbon.com\/wp-content\/uploads\/2025\/02\/Graphite-grounding-module-1.jpg\" \/>\n\t<meta property=\"og:image:width\" content=\"1024\" \/>\n\t<meta property=\"og:image:height\" content=\"763\" \/>\n\t<meta property=\"og:image:type\" content=\"image\/jpeg\" \/>\n<meta name=\"twitter:card\" content=\"summary_large_image\" \/>\n<meta name=\"twitter:site\" content=\"@jinsuncarbon_\" \/>\n<meta name=\"twitter:label1\" content=\"Gesch\u00e4tzte Lesezeit\" \/>\n\t<meta name=\"twitter:data1\" content=\"3\u00a0Minuten\" \/>\n<script type=\"application\/ld+json\" class=\"yoast-schema-graph\">{\"@context\":\"https:\/\/schema.org\",\"@graph\":[{\"@type\":\"WebPage\",\"@id\":\"https:\/\/jinsuncarbon.com\/product\/graphite-grounding-module\/\",\"url\":\"https:\/\/jinsuncarbon.com\/product\/graphite-grounding-module\/\",\"name\":\"Graphite Grounding Module Manufacturer in China | Jinsun Carbon\",\"isPartOf\":{\"@id\":\"https:\/\/jinsuncarbon.com\/#website\"},\"primaryImageOfPage\":{\"@id\":\"https:\/\/jinsuncarbon.com\/product\/graphite-grounding-module\/#primaryimage\"},\"image\":{\"@id\":\"https:\/\/jinsuncarbon.com\/product\/graphite-grounding-module\/#primaryimage\"},\"thumbnailUrl\":\"https:\/\/jinsuncarbon.com\/wp-content\/uploads\/2025\/02\/Graphite-grounding-module-1.jpg\",\"datePublished\":\"2025-02-25T03:40:27+00:00\",\"dateModified\":\"2025-02-25T03:40:28+00:00\",\"description\":\"Graphite grounding module manufacturer in China, Jinsun can supply types of graphite grounding modules are used in power industry lightning protection systems.\",\"breadcrumb\":{\"@id\":\"https:\/\/jinsuncarbon.com\/product\/graphite-grounding-module\/#breadcrumb\"},\"inLanguage\":\"de\",\"potentialAction\":[{\"@type\":\"ReadAction\",\"target\":[\"https:\/\/jinsuncarbon.com\/product\/graphite-grounding-module\/\"]}]},{\"@type\":\"ImageObject\",\"inLanguage\":\"de\",\"@id\":\"https:\/\/jinsuncarbon.com\/product\/graphite-grounding-module\/#primaryimage\",\"url\":\"https:\/\/jinsuncarbon.com\/wp-content\/uploads\/2025\/02\/Graphite-grounding-module-1.jpg\",\"contentUrl\":\"https:\/\/jinsuncarbon.com\/wp-content\/uploads\/2025\/02\/Graphite-grounding-module-1.jpg\",\"width\":1024,\"height\":763,\"caption\":\"Graphite grounding module\"},{\"@type\":\"BreadcrumbList\",\"@id\":\"https:\/\/jinsuncarbon.com\/product\/graphite-grounding-module\/#breadcrumb\",\"itemListElement\":[{\"@type\":\"ListItem\",\"position\":1,\"name\":\"Home\",\"item\":\"https:\/\/jinsuncarbon.com\/\"},{\"@type\":\"ListItem\",\"position\":2,\"name\":\"Products\",\"item\":\"https:\/\/jinsuncarbon.com\/graphite-carbon\/\"},{\"@type\":\"ListItem\",\"position\":3,\"name\":\"Graphite Grounding Module\"}]},{\"@type\":\"WebSite\",\"@id\":\"https:\/\/jinsuncarbon.com\/#website\",\"url\":\"https:\/\/jinsuncarbon.com\/\",\"name\":\"Jinsun Carbon\",\"description\":\"We are the successful graphite electrode manufacturer in China\",\"publisher\":{\"@id\":\"https:\/\/jinsuncarbon.com\/#organization\"},\"potentialAction\":[{\"@type\":\"SearchAction\",\"target\":{\"@type\":\"EntryPoint\",\"urlTemplate\":\"https:\/\/jinsuncarbon.com\/?s={search_term_string}\"},\"query-input\":{\"@type\":\"PropertyValueSpecification\",\"valueRequired\":true,\"valueName\":\"search_term_string\"}}],\"inLanguage\":\"de\"},{\"@type\":\"Organization\",\"@id\":\"https:\/\/jinsuncarbon.com\/#organization\",\"name\":\"Jinsun Carbon\",\"alternateName\":\"Jinsun Carbon\",\"url\":\"https:\/\/jinsuncarbon.com\/\",\"logo\":{\"@type\":\"ImageObject\",\"inLanguage\":\"de\",\"@id\":\"https:\/\/jinsuncarbon.com\/#\/schema\/logo\/image\/\",\"url\":\"https:\/\/jinsuncarbon.com\/wp-content\/uploads\/2022\/12\/LOGO-1.png\",\"contentUrl\":\"https:\/\/jinsuncarbon.com\/wp-content\/uploads\/2022\/12\/LOGO-1.png\",\"width\":207,\"height\":80,\"caption\":\"Jinsun Carbon\"},\"image\":{\"@id\":\"https:\/\/jinsuncarbon.com\/#\/schema\/logo\/image\/\"},\"sameAs\":[\"https:\/\/www.facebook.com\/Graphite-Electrode-109336238661595\",\"https:\/\/x.com\/jinsuncarbon_\",\"https:\/\/www.linkedin.com\/in\/jinsungraphite\",\"https:\/\/www.youtube.com\/channel\/UCysDNyvyR5-3cCWEmpkVC0g\"]}]}<\/script>\n<!-- \/ Yoast SEO Premium plugin. -->","yoast_head_json":{"title":"Graphit Erdungsmodul Hersteller in China | Jinsun Carbon","description":"Graphit Erdungsmodul Hersteller in China, kann Jinsun liefern Arten von Graphit Erdungsmodule sind in der Energiewirtschaft Blitzschutzsysteme verwendet.","robots":{"index":"index","follow":"follow","max-snippet":"max-snippet:-1","max-image-preview":"max-image-preview:large","max-video-preview":"max-video-preview:-1"},"canonical":"https:\/\/jinsuncarbon.com\/de\/produkt\/graphit-erdungsmodul\/","og_locale":"de_DE","og_type":"article","og_title":"Graphite Grounding Module","og_description":"Graphite grounding module manufacturer in China, Jinsun can supply types of graphite grounding modules are used in power industry lightning protection systems.","og_url":"https:\/\/jinsuncarbon.com\/de\/produkt\/graphit-erdungsmodul\/","og_site_name":"Jinsun Carbon","article_publisher":"https:\/\/www.facebook.com\/Graphite-Electrode-109336238661595","article_modified_time":"2025-02-25T03:40:28+00:00","og_image":[{"width":1024,"height":763,"url":"https:\/\/jinsuncarbon.com\/wp-content\/uploads\/2025\/02\/Graphite-grounding-module-1.jpg","type":"image\/jpeg"}],"twitter_card":"summary_large_image","twitter_site":"@jinsuncarbon_","twitter_misc":{"Gesch\u00e4tzte Lesezeit":"3\u00a0Minuten"},"schema":{"@context":"https:\/\/schema.org","@graph":[{"@type":"WebPage","@id":"https:\/\/jinsuncarbon.com\/product\/graphite-grounding-module\/","url":"https:\/\/jinsuncarbon.com\/product\/graphite-grounding-module\/","name":"Graphit Erdungsmodul Hersteller in China | Jinsun Carbon","isPartOf":{"@id":"https:\/\/jinsuncarbon.com\/#website"},"primaryImageOfPage":{"@id":"https:\/\/jinsuncarbon.com\/product\/graphite-grounding-module\/#primaryimage"},"image":{"@id":"https:\/\/jinsuncarbon.com\/product\/graphite-grounding-module\/#primaryimage"},"thumbnailUrl":"https:\/\/jinsuncarbon.com\/wp-content\/uploads\/2025\/02\/Graphite-grounding-module-1.jpg","datePublished":"2025-02-25T03:40:27+00:00","dateModified":"2025-02-25T03:40:28+00:00","description":"Graphit Erdungsmodul Hersteller in China, kann Jinsun liefern Arten von Graphit Erdungsmodule sind in der Energiewirtschaft Blitzschutzsysteme verwendet.","breadcrumb":{"@id":"https:\/\/jinsuncarbon.com\/product\/graphite-grounding-module\/#breadcrumb"},"inLanguage":"de","potentialAction":[{"@type":"ReadAction","target":["https:\/\/jinsuncarbon.com\/product\/graphite-grounding-module\/"]}]},{"@type":"ImageObject","inLanguage":"de","@id":"https:\/\/jinsuncarbon.com\/product\/graphite-grounding-module\/#primaryimage","url":"https:\/\/jinsuncarbon.com\/wp-content\/uploads\/2025\/02\/Graphite-grounding-module-1.jpg","contentUrl":"https:\/\/jinsuncarbon.com\/wp-content\/uploads\/2025\/02\/Graphite-grounding-module-1.jpg","width":1024,"height":763,"caption":"Graphite grounding module"},{"@type":"BreadcrumbList","@id":"https:\/\/jinsuncarbon.com\/product\/graphite-grounding-module\/#breadcrumb","itemListElement":[{"@type":"ListItem","position":1,"name":"Home","item":"https:\/\/jinsuncarbon.com\/"},{"@type":"ListItem","position":2,"name":"Products","item":"https:\/\/jinsuncarbon.com\/graphite-carbon\/"},{"@type":"ListItem","position":3,"name":"Graphite Grounding Module"}]},{"@type":"WebSite","@id":"https:\/\/jinsuncarbon.com\/#website","url":"https:\/\/jinsuncarbon.com\/","name":"Jinsun Kohlenstoff","description":"Wir sind der erfolgreiche Hersteller von Graphitelektroden in China","publisher":{"@id":"https:\/\/jinsuncarbon.com\/#organization"},"potentialAction":[{"@type":"SearchAction","target":{"@type":"EntryPoint","urlTemplate":"https:\/\/jinsuncarbon.com\/?s={search_term_string}"},"query-input":{"@type":"PropertyValueSpecification","valueRequired":true,"valueName":"search_term_string"}}],"inLanguage":"de"},{"@type":"Organization","@id":"https:\/\/jinsuncarbon.com\/#organization","name":"Jinsun Kohlenstoff","alternateName":"Jinsun Carbon","url":"https:\/\/jinsuncarbon.com\/","logo":{"@type":"ImageObject","inLanguage":"de","@id":"https:\/\/jinsuncarbon.com\/#\/schema\/logo\/image\/","url":"https:\/\/jinsuncarbon.com\/wp-content\/uploads\/2022\/12\/LOGO-1.png","contentUrl":"https:\/\/jinsuncarbon.com\/wp-content\/uploads\/2022\/12\/LOGO-1.png","width":207,"height":80,"caption":"Jinsun Carbon"},"image":{"@id":"https:\/\/jinsuncarbon.com\/#\/schema\/logo\/image\/"},"sameAs":["https:\/\/www.facebook.com\/Graphite-Electrode-109336238661595","https:\/\/x.com\/jinsuncarbon_","https:\/\/www.linkedin.com\/in\/jinsungraphite","https:\/\/www.youtube.com\/channel\/UCysDNyvyR5-3cCWEmpkVC0g"]}]}},"_links":{"self":[{"href":"https:\/\/jinsuncarbon.com\/de\/wp-json\/wp\/v2\/product\/7688","targetHints":{"allow":["GET"]}}],"collection":[{"href":"https:\/\/jinsuncarbon.com\/de\/wp-json\/wp\/v2\/product"}],"about":[{"href":"https:\/\/jinsuncarbon.com\/de\/wp-json\/wp\/v2\/types\/product"}],"wp:featuredmedia":[{"embeddable":true,"href":"https:\/\/jinsuncarbon.com\/de\/wp-json\/wp\/v2\/media\/7703"}],"wp:attachment":[{"href":"https:\/\/jinsuncarbon.com\/de\/wp-json\/wp\/v2\/media?parent=7688"}],"wp:term":[{"taxonomy":"product_brand","embeddable":true,"href":"https:\/\/jinsuncarbon.com\/de\/wp-json\/wp\/v2\/product_brand?post=7688"},{"taxonomy":"product_cat","embeddable":true,"href":"https:\/\/jinsuncarbon.com\/de\/wp-json\/wp\/v2\/product_cat?post=7688"},{"taxonomy":"product_tag","embeddable":true,"href":"https:\/\/jinsuncarbon.com\/de\/wp-json\/wp\/v2\/product_tag?post=7688"}],"curies":[{"name":"wp","href":"https:\/\/api.w.org\/{rel}","templated":true}]}}