{"id":7687,"date":"2025-03-04T02:54:53","date_gmt":"2025-03-04T02:54:53","guid":{"rendered":"https:\/\/jinsuncarbon.com\/?post_type=product&#038;p=7687"},"modified":"2025-03-04T02:54:54","modified_gmt":"2025-03-04T02:54:54","slug":"graphitdraht","status":"publish","type":"product","link":"https:\/\/jinsuncarbon.com\/de\/produkt\/graphitdraht\/","title":{"rendered":"Graphit-Draht"},"content":{"rendered":"<h2 class=\"ql-align-justify\">Vorteile von Graphitdraht<\/h2>\n<p class=\"ql-align-justify\">Die Vorteile von Graphitfilamenten liegen auf der Hand.<\/p>\n<p class=\"ql-align-justify\"><strong>Ausgezeichnete Hochtemperaturbest\u00e4ndigkeit<\/strong><\/p>\n<p class=\"ql-align-justify\">Es kann seine Struktur auch bei extrem hohen Temperaturen stabil halten, es schmilzt nicht und wird nicht weich.<\/p>\n<p class=\"ql-align-justify\"><strong>Gute elektrische Leitf\u00e4higkeit<\/strong><\/p>\n<p class=\"ql-align-justify\">Es kann Strom effizient \u00fcbertragen und ist daher f\u00fcr elektronische Schaltungen gut geeignet.<\/p>\n<p class=\"ql-align-justify\"><strong>Stabile chemische Eigenschaften<\/strong><\/p>\n<p class=\"ql-align-justify\">Es hat eine hohe Korrosionsbest\u00e4ndigkeit und reagiert nicht leicht mit den meisten chemischen Substanzen.<\/p>\n<p class=\"ql-align-justify\"><strong>Hohe mechanische Festigkeit<\/strong><\/p>\n<p class=\"ql-align-justify\">Obwohl es d\u00fcnn ist, hat es eine gewisse Z\u00e4higkeit, die nicht leicht zu brechen ist.<\/p>\n<p class=\"ql-align-justify\"><strong>Gute Flexibilit\u00e4t<\/strong><\/p>\n<p class=\"ql-align-justify\">Es kann gebogen, gewickelt und anderweitig bearbeitet werden.<\/p>\n<p class=\"ql-align-justify\"><strong>Selbstschmierende Eigenschaften<\/strong><\/p>\n<p class=\"ql-align-justify\">Es kann die Reibung bei einigen mechanischen Bewegungsabl\u00e4ufen verringern, was es zu einem wirksamen Hilfsmittel f\u00fcr mechanische Antriebskomponenten macht.<\/p>\n<p>&nbsp;<\/p>\n<h2 class=\"ql-align-justify\">Verwendungen von Graphitdraht<\/h2>\n<h3 class=\"ql-align-justify\">Elektronischer und elektrischer Bereich<\/h3>\n<p class=\"ql-align-justify\"><strong>Anschluss des Stromkreises<\/strong><\/p>\n<p class=\"ql-align-justify\">Es hat eine gute elektrische Leitf\u00e4higkeit und ist die ideale Wahl f\u00fcr die feinen Verbindungsleitungen von kleinen, hochintegrierten elektronischen Ger\u00e4ten. Wie im Inneren von Mobiltelefonen und Computern kann es den Strom auf kleinem Raum stabil \u00fcbertragen. Dies gew\u00e4hrleistet eine effiziente Zusammenarbeit der Komponenten, sorgt f\u00fcr eine schnelle Signal\u00fcbertragung und -verarbeitung und erm\u00f6glicht es dem Ger\u00e4t, verschiedene Funktionen reibungslos auszuf\u00fchren.<\/p>\n<p class=\"ql-align-justify\"><strong>Material der B\u00fcrste<\/strong><\/p>\n<p class=\"ql-align-justify\">Bei dem Motor handelt es sich um ein hochwertiges <a href=\"https:\/\/jinsuncarbon.com\/de\/kohleburstentypen\/\">B\u00fcrstenmaterial<\/a>. Es hat eine starke Leitf\u00e4higkeit, kann Strom in der Zeit zu leiten, und selbst schmieren kann Reibung mit dem Kommutator zu reduzieren. Es kann den Verschlei\u00df reduzieren, die Lebensdauer verl\u00e4ngern und den stabilen Betrieb des Motors gew\u00e4hrleisten. Sie k\u00f6nnen es oft in Industrie-, Automobil- und anderen Arten von Motoren verwenden.<\/p>\n<h3 class=\"ql-align-justify\"><strong>Mechanische Industrie<\/strong><\/h3>\n<p class=\"ql-align-justify\"><strong>Verst\u00e4rkungsmaterialien<\/strong><\/p>\n<p class=\"ql-align-justify\">Die Zugabe von Graphitdraht zu Verbundwerkstoffen wie Kunststoffen kann deren Eigenschaften erheblich verbessern. Bei der Herstellung von Kfz-Innenteilen kann er die Zugfestigkeit und Verschlei\u00dffestigkeit verbessern und die Lebensdauer verl\u00e4ngern. Sie k\u00f6nnen es f\u00fcr mechanische Getriebe verwenden, es kann die Festigkeit verbessern, den Verschlei\u00df verringern, den L\u00e4rm reduzieren und die Effizienz der mechanischen \u00dcbertragung verbessern.<\/p>\n<p class=\"ql-align-justify\"><strong>Dichtungshilfsmittel<\/strong><\/p>\n<p class=\"ql-align-justify\">Chemierohrleitung zum Transport gef\u00e4hrlicher Medien, hohe Dichtungsanforderungen. Es hat eine gute Flexibilit\u00e4t, kann die L\u00fccke an der Verbindung der Pipeline zu f\u00fcllen. Seine chemische Stabilit\u00e4t kann mittlerer Korrosion widerstehen, Leckagen verhindern und die Sicherheit der chemischen Produktion gew\u00e4hrleisten. Und Sie k\u00f6nnen auch h\u00e4ufig verwenden es in der Abdichtung von \u00d6l, Gas und anderen Pipelines.<\/p>\n<h3 class=\"ql-align-justify\">Bereich Luft- und Raumfahrt<\/h3>\n<p class=\"ql-align-justify\"><strong>Leichte Strukturkomponenten<\/strong><\/p>\n<p class=\"ql-align-justify\">Luft- und Raumfahrzeuge haben hohe Anforderungen an Gewicht und Festigkeit, die sie erf\u00fcllen k\u00f6nnen. Bei der Herstellung von Flugzeugfl\u00fcgeln, -r\u00fcmpfen und anderen Bauteilen ist die Verwendung von <a href=\"https:\/\/en.wikipedia.org\/wiki\/Composite_material\" target=\"_blank\" rel=\"noopener\">Verbundwerkstoffe<\/a> mit Graphitdraht kann das Gewicht reduzieren, den Energieverbrauch senken. W\u00e4hrend die strukturelle Festigkeit zu gew\u00e4hrleisten, so dass es Flug Stress standhalten kann, sondern auch in Satelliten, Raketenherstellung verwendet.<\/p>\n<p class=\"ql-align-justify\"><strong>Anschluss des elektronischen Systems<\/strong><\/p>\n<p class=\"ql-align-justify\">Die Betriebsumgebung von elektronischen Systemen in der Luft- und Raumfahrt ist rau, daher k\u00f6nnen sie eine hohe Zuverl\u00e4ssigkeit der Schaltkreise gew\u00e4hrleisten. Satelliten sind im Weltraum mit einer komplexen Umgebung konfrontiert, und es m\u00fcssen elektronische Ger\u00e4te angeschlossen werden, um den stabilen Betrieb von Kommunikations-, Navigations- und anderen Systemen zu gew\u00e4hrleisten. Und es gew\u00e4hrleistet die Genauigkeit der \u00dcbertragungsanweisungen und Daten.<\/p>","protected":false},"excerpt":{"rendered":"<p class=\"ql-align-justify\">Graphitdraht ist ein feines, fadenf\u00f6rmiges Material, das aus hochreinem Graphit hergestellt wird. Er dient als feiner Schaltkreisverbindungsdraht in elektronischen Produkten und als wichtiges Verst\u00e4rkungsmaterial f\u00fcr leichte Strukturteile in der Luft- und Raumfahrt und hat sich in vielen modernen Industriebereichen bew\u00e4hrt. Mit seinen einzigartigen thermischen, elektrischen, mechanischen und chemischen Eigenschaften ist es ein Material mit ausgezeichneter Leistung und flexiblen Anwendungsm\u00f6glichkeiten.<\/p>\n<p class=\"ql-align-justify\">Je nach Bedarf werden sie so bearbeitet, dass sie Ihren Anforderungen entsprechen, z. B. durch Anpassung des Drahtdurchmessers und Kontrolle der L\u00e4nge des Drahtes.<\/p>","protected":false},"featured_media":7732,"template":"","meta":[],"product_brand":[],"product_cat":[38],"product_tag":[],"class_list":{"0":"post-7687","1":"product","2":"type-product","3":"status-publish","4":"has-post-thumbnail","6":"product_cat-graphite-products","8":"first","9":"instock","10":"shipping-taxable","11":"product-type-simple"},"yoast_head":"<!-- This site is optimized with the Yoast SEO Premium plugin v19.2.1 (Yoast SEO v25.3) - https:\/\/yoast.com\/wordpress\/plugins\/seo\/ -->\n<title>Graphite Wire Manufacturer in China | Jinsun Carbon<\/title>\n<meta name=\"description\" content=\"Graphite wire is a fine filament-like material made of high purity graphite, We can customize graphite wire according to your needs, contact us now!\" \/>\n<meta name=\"robots\" content=\"index, follow, max-snippet:-1, max-image-preview:large, max-video-preview:-1\" \/>\n<link rel=\"canonical\" href=\"https:\/\/jinsuncarbon.com\/de\/produkt\/graphitdraht\/\" \/>\n<meta property=\"og:locale\" content=\"de_DE\" \/>\n<meta property=\"og:type\" content=\"article\" \/>\n<meta property=\"og:title\" content=\"Graphite Wire\" \/>\n<meta property=\"og:description\" content=\"Graphite wire is a fine filament-like material made of high purity graphite, We can customize graphite wire according to your needs, contact us now!\" \/>\n<meta property=\"og:url\" content=\"https:\/\/jinsuncarbon.com\/de\/produkt\/graphitdraht\/\" \/>\n<meta property=\"og:site_name\" content=\"Jinsun Carbon\" \/>\n<meta property=\"article:publisher\" content=\"https:\/\/www.facebook.com\/Graphite-Electrode-109336238661595\" \/>\n<meta property=\"article:modified_time\" content=\"2025-03-04T02:54:54+00:00\" \/>\n<meta property=\"og:image\" content=\"https:\/\/jinsuncarbon.com\/wp-content\/uploads\/2025\/03\/Graphite-wire.jpg\" \/>\n\t<meta property=\"og:image:width\" content=\"1024\" \/>\n\t<meta property=\"og:image:height\" content=\"763\" \/>\n\t<meta property=\"og:image:type\" content=\"image\/jpeg\" \/>\n<meta name=\"twitter:card\" content=\"summary_large_image\" \/>\n<meta name=\"twitter:site\" content=\"@jinsuncarbon_\" \/>\n<meta name=\"twitter:label1\" content=\"Gesch\u00e4tzte Lesezeit\" \/>\n\t<meta name=\"twitter:data1\" content=\"3\u00a0Minuten\" \/>\n<script type=\"application\/ld+json\" class=\"yoast-schema-graph\">{\"@context\":\"https:\/\/schema.org\",\"@graph\":[{\"@type\":\"WebPage\",\"@id\":\"https:\/\/jinsuncarbon.com\/product\/graphite-wire\/\",\"url\":\"https:\/\/jinsuncarbon.com\/product\/graphite-wire\/\",\"name\":\"Graphite Wire Manufacturer in China | Jinsun Carbon\",\"isPartOf\":{\"@id\":\"https:\/\/jinsuncarbon.com\/#website\"},\"primaryImageOfPage\":{\"@id\":\"https:\/\/jinsuncarbon.com\/product\/graphite-wire\/#primaryimage\"},\"image\":{\"@id\":\"https:\/\/jinsuncarbon.com\/product\/graphite-wire\/#primaryimage\"},\"thumbnailUrl\":\"https:\/\/jinsuncarbon.com\/wp-content\/uploads\/2025\/03\/Graphite-wire.jpg\",\"datePublished\":\"2025-03-04T02:54:53+00:00\",\"dateModified\":\"2025-03-04T02:54:54+00:00\",\"description\":\"Graphite wire is a fine filament-like material made of high purity graphite, We can customize graphite wire according to your needs, contact us now!\",\"breadcrumb\":{\"@id\":\"https:\/\/jinsuncarbon.com\/product\/graphite-wire\/#breadcrumb\"},\"inLanguage\":\"de\",\"potentialAction\":[{\"@type\":\"ReadAction\",\"target\":[\"https:\/\/jinsuncarbon.com\/product\/graphite-wire\/\"]}]},{\"@type\":\"ImageObject\",\"inLanguage\":\"de\",\"@id\":\"https:\/\/jinsuncarbon.com\/product\/graphite-wire\/#primaryimage\",\"url\":\"https:\/\/jinsuncarbon.com\/wp-content\/uploads\/2025\/03\/Graphite-wire.jpg\",\"contentUrl\":\"https:\/\/jinsuncarbon.com\/wp-content\/uploads\/2025\/03\/Graphite-wire.jpg\",\"width\":1024,\"height\":763,\"caption\":\"Graphite wire\"},{\"@type\":\"BreadcrumbList\",\"@id\":\"https:\/\/jinsuncarbon.com\/product\/graphite-wire\/#breadcrumb\",\"itemListElement\":[{\"@type\":\"ListItem\",\"position\":1,\"name\":\"Home\",\"item\":\"https:\/\/jinsuncarbon.com\/\"},{\"@type\":\"ListItem\",\"position\":2,\"name\":\"Products\",\"item\":\"https:\/\/jinsuncarbon.com\/graphite-carbon\/\"},{\"@type\":\"ListItem\",\"position\":3,\"name\":\"Graphite Wire\"}]},{\"@type\":\"WebSite\",\"@id\":\"https:\/\/jinsuncarbon.com\/#website\",\"url\":\"https:\/\/jinsuncarbon.com\/\",\"name\":\"Jinsun Carbon\",\"description\":\"We are the successful graphite electrode manufacturer in China\",\"publisher\":{\"@id\":\"https:\/\/jinsuncarbon.com\/#organization\"},\"potentialAction\":[{\"@type\":\"SearchAction\",\"target\":{\"@type\":\"EntryPoint\",\"urlTemplate\":\"https:\/\/jinsuncarbon.com\/?s={search_term_string}\"},\"query-input\":{\"@type\":\"PropertyValueSpecification\",\"valueRequired\":true,\"valueName\":\"search_term_string\"}}],\"inLanguage\":\"de\"},{\"@type\":\"Organization\",\"@id\":\"https:\/\/jinsuncarbon.com\/#organization\",\"name\":\"Jinsun Carbon\",\"alternateName\":\"Jinsun Carbon\",\"url\":\"https:\/\/jinsuncarbon.com\/\",\"logo\":{\"@type\":\"ImageObject\",\"inLanguage\":\"de\",\"@id\":\"https:\/\/jinsuncarbon.com\/#\/schema\/logo\/image\/\",\"url\":\"https:\/\/jinsuncarbon.com\/wp-content\/uploads\/2022\/12\/LOGO-1.png\",\"contentUrl\":\"https:\/\/jinsuncarbon.com\/wp-content\/uploads\/2022\/12\/LOGO-1.png\",\"width\":207,\"height\":80,\"caption\":\"Jinsun Carbon\"},\"image\":{\"@id\":\"https:\/\/jinsuncarbon.com\/#\/schema\/logo\/image\/\"},\"sameAs\":[\"https:\/\/www.facebook.com\/Graphite-Electrode-109336238661595\",\"https:\/\/x.com\/jinsuncarbon_\",\"https:\/\/www.linkedin.com\/in\/jinsungraphite\",\"https:\/\/www.youtube.com\/channel\/UCysDNyvyR5-3cCWEmpkVC0g\"]}]}<\/script>\n<!-- \/ Yoast SEO Premium plugin. -->","yoast_head_json":{"title":"Graphitdraht Hersteller in China | Jinsun Carbon","description":"Graphitdraht ist ein feines, fadenf\u00f6rmiges Material, das aus hochreinem Graphit hergestellt wird. Wir k\u00f6nnen Graphitdraht nach Ihren Bed\u00fcrfnissen anpassen, kontaktieren Sie uns jetzt!","robots":{"index":"index","follow":"follow","max-snippet":"max-snippet:-1","max-image-preview":"max-image-preview:large","max-video-preview":"max-video-preview:-1"},"canonical":"https:\/\/jinsuncarbon.com\/de\/produkt\/graphitdraht\/","og_locale":"de_DE","og_type":"article","og_title":"Graphite Wire","og_description":"Graphite wire is a fine filament-like material made of high purity graphite, We can customize graphite wire according to your needs, contact us now!","og_url":"https:\/\/jinsuncarbon.com\/de\/produkt\/graphitdraht\/","og_site_name":"Jinsun Carbon","article_publisher":"https:\/\/www.facebook.com\/Graphite-Electrode-109336238661595","article_modified_time":"2025-03-04T02:54:54+00:00","og_image":[{"width":1024,"height":763,"url":"https:\/\/jinsuncarbon.com\/wp-content\/uploads\/2025\/03\/Graphite-wire.jpg","type":"image\/jpeg"}],"twitter_card":"summary_large_image","twitter_site":"@jinsuncarbon_","twitter_misc":{"Gesch\u00e4tzte Lesezeit":"3\u00a0Minuten"},"schema":{"@context":"https:\/\/schema.org","@graph":[{"@type":"WebPage","@id":"https:\/\/jinsuncarbon.com\/product\/graphite-wire\/","url":"https:\/\/jinsuncarbon.com\/product\/graphite-wire\/","name":"Graphitdraht Hersteller in China | Jinsun Carbon","isPartOf":{"@id":"https:\/\/jinsuncarbon.com\/#website"},"primaryImageOfPage":{"@id":"https:\/\/jinsuncarbon.com\/product\/graphite-wire\/#primaryimage"},"image":{"@id":"https:\/\/jinsuncarbon.com\/product\/graphite-wire\/#primaryimage"},"thumbnailUrl":"https:\/\/jinsuncarbon.com\/wp-content\/uploads\/2025\/03\/Graphite-wire.jpg","datePublished":"2025-03-04T02:54:53+00:00","dateModified":"2025-03-04T02:54:54+00:00","description":"Graphitdraht ist ein feines, fadenf\u00f6rmiges Material, das aus hochreinem Graphit hergestellt wird. Wir k\u00f6nnen Graphitdraht nach Ihren Bed\u00fcrfnissen anpassen, kontaktieren Sie uns jetzt!","breadcrumb":{"@id":"https:\/\/jinsuncarbon.com\/product\/graphite-wire\/#breadcrumb"},"inLanguage":"de","potentialAction":[{"@type":"ReadAction","target":["https:\/\/jinsuncarbon.com\/product\/graphite-wire\/"]}]},{"@type":"ImageObject","inLanguage":"de","@id":"https:\/\/jinsuncarbon.com\/product\/graphite-wire\/#primaryimage","url":"https:\/\/jinsuncarbon.com\/wp-content\/uploads\/2025\/03\/Graphite-wire.jpg","contentUrl":"https:\/\/jinsuncarbon.com\/wp-content\/uploads\/2025\/03\/Graphite-wire.jpg","width":1024,"height":763,"caption":"Graphite wire"},{"@type":"BreadcrumbList","@id":"https:\/\/jinsuncarbon.com\/product\/graphite-wire\/#breadcrumb","itemListElement":[{"@type":"ListItem","position":1,"name":"Home","item":"https:\/\/jinsuncarbon.com\/"},{"@type":"ListItem","position":2,"name":"Products","item":"https:\/\/jinsuncarbon.com\/graphite-carbon\/"},{"@type":"ListItem","position":3,"name":"Graphite Wire"}]},{"@type":"WebSite","@id":"https:\/\/jinsuncarbon.com\/#website","url":"https:\/\/jinsuncarbon.com\/","name":"Jinsun Kohlenstoff","description":"Wir sind der erfolgreiche Hersteller von Graphitelektroden in China","publisher":{"@id":"https:\/\/jinsuncarbon.com\/#organization"},"potentialAction":[{"@type":"SearchAction","target":{"@type":"EntryPoint","urlTemplate":"https:\/\/jinsuncarbon.com\/?s={search_term_string}"},"query-input":{"@type":"PropertyValueSpecification","valueRequired":true,"valueName":"search_term_string"}}],"inLanguage":"de"},{"@type":"Organization","@id":"https:\/\/jinsuncarbon.com\/#organization","name":"Jinsun Kohlenstoff","alternateName":"Jinsun Carbon","url":"https:\/\/jinsuncarbon.com\/","logo":{"@type":"ImageObject","inLanguage":"de","@id":"https:\/\/jinsuncarbon.com\/#\/schema\/logo\/image\/","url":"https:\/\/jinsuncarbon.com\/wp-content\/uploads\/2022\/12\/LOGO-1.png","contentUrl":"https:\/\/jinsuncarbon.com\/wp-content\/uploads\/2022\/12\/LOGO-1.png","width":207,"height":80,"caption":"Jinsun Carbon"},"image":{"@id":"https:\/\/jinsuncarbon.com\/#\/schema\/logo\/image\/"},"sameAs":["https:\/\/www.facebook.com\/Graphite-Electrode-109336238661595","https:\/\/x.com\/jinsuncarbon_","https:\/\/www.linkedin.com\/in\/jinsungraphite","https:\/\/www.youtube.com\/channel\/UCysDNyvyR5-3cCWEmpkVC0g"]}]}},"_links":{"self":[{"href":"https:\/\/jinsuncarbon.com\/de\/wp-json\/wp\/v2\/product\/7687","targetHints":{"allow":["GET"]}}],"collection":[{"href":"https:\/\/jinsuncarbon.com\/de\/wp-json\/wp\/v2\/product"}],"about":[{"href":"https:\/\/jinsuncarbon.com\/de\/wp-json\/wp\/v2\/types\/product"}],"wp:featuredmedia":[{"embeddable":true,"href":"https:\/\/jinsuncarbon.com\/de\/wp-json\/wp\/v2\/media\/7732"}],"wp:attachment":[{"href":"https:\/\/jinsuncarbon.com\/de\/wp-json\/wp\/v2\/media?parent=7687"}],"wp:term":[{"taxonomy":"product_brand","embeddable":true,"href":"https:\/\/jinsuncarbon.com\/de\/wp-json\/wp\/v2\/product_brand?post=7687"},{"taxonomy":"product_cat","embeddable":true,"href":"https:\/\/jinsuncarbon.com\/de\/wp-json\/wp\/v2\/product_cat?post=7687"},{"taxonomy":"product_tag","embeddable":true,"href":"https:\/\/jinsuncarbon.com\/de\/wp-json\/wp\/v2\/product_tag?post=7687"}],"curies":[{"name":"wp","href":"https:\/\/api.w.org\/{rel}","templated":true}]}}