{"id":7536,"date":"2025-02-09T01:52:28","date_gmt":"2025-02-09T01:52:28","guid":{"rendered":"https:\/\/jinsuncarbon.com\/?post_type=product&#038;p=7536"},"modified":"2025-02-09T01:52:29","modified_gmt":"2025-02-09T01:52:29","slug":"ultrafeines-graphitpulver","status":"publish","type":"product","link":"https:\/\/jinsuncarbon.com\/de\/produkt\/ultrafeines-graphitpulver\/","title":{"rendered":"Ultrafeines Graphitpulver"},"content":{"rendered":"<p>Ultrafeines Graphitpulver ist ein feines Pulver. Seine Vorteile sind erheblich.<\/p>\n<p><strong><b>E<\/b><\/strong><strong><b>Hervorragende thermische Stabilit\u00e4t <\/b><\/strong><\/p>\n<p>Es kann seine Eigenschaften in einem weiten Temperaturbereich von -200\u00b0C bis etwa 600\u00b0C stabil halten.<\/p>\n<p>&nbsp;<\/p>\n<p><strong><b>Hohe Aktivit\u00e4t<\/b><\/strong><\/p>\n<p>Aufgrund seiner geringen Partikelgr\u00f6\u00dfe und hohen Reinheit hat es eine gro\u00dfe spezifische Oberfl\u00e4che und eine erh\u00f6hte chemische Reaktionsaktivit\u00e4t. Daher hat es potenzielle Vorteile in der Katalyse und anderen Bereichen.<\/p>\n<p>&nbsp;<\/p>\n<p><strong><b>G<\/b><\/strong><strong><b>gute elektrische Leitf\u00e4higkeit<\/b><\/strong><\/p>\n<p>Es ist vergleichbar mit einigen metallischen Leitern, hervorragende Leistung bei der Herstellung von elektronischen Komponenten.<\/p>\n<p>&nbsp;<\/p>\n<p><strong><b>Hervorragende Schmierungsleistung<\/b><\/strong><\/p>\n<p><a href=\"https:\/\/jinsuncarbon.com\/de\/produkt\/graphitpulver\/\">Graphitpulver<\/a> kann den Reibungskoeffizienten wirksam verringern und als Hochleistungsschmierstoff f\u00fcr feinmechanische Teile verwendet werden.<\/p>\n<p>&nbsp;<\/p>\n<p><strong><b>Gute Dispersion<\/b><\/strong><\/p>\n<p>Es l\u00e4sst sich leicht gleichm\u00e4\u00dfig in verschiedenen Substraten dispergieren, was die Herstellung von Verbundwerkstoffen erleichtert.<\/p>\n<p>&nbsp;<\/p>\n<p><strong><b>H<\/b><\/strong><strong><b>hohe W\u00e4rmeleitf\u00e4higkeit<\/b><\/strong><\/p>\n<p>Im Bereich der elektronischen W\u00e4rmeableitung erm\u00f6glicht es eine schnelle und gleichm\u00e4\u00dfige Verteilung der W\u00e4rme. Der W\u00e4rmeableitungseffekt ist f\u00fcr Pr\u00e4zisionschips und andere Komponenten bemerkenswert.<\/p>\n<p>&nbsp;<\/p>\n<h2>Verwendungszwecke von ultrafeinem Graphitpulver<\/h2>\n<h3>Elektronischer und elektrischer Bereich<\/h3>\n<p>&nbsp;<\/p>\n<p><strong><b>Herstellung integrierter Schaltkreise: <\/b><\/strong><\/p>\n<p>Sie k\u00f6nnen es als F\u00fcllmaterial f\u00fcr die Herstellung von leitf\u00e4higem Klebstoff verwenden, der den Chip einer integrierten Schaltung mit dem Substrat verbindet. Es gew\u00e4hrleistet eine effiziente elektrische Verbindung und verbessert die Stabilit\u00e4t der Signal\u00fcbertragung.<\/p>\n<p><strong><b>\u00a0<\/b><\/strong><\/p>\n<p><strong><b>Elektromagnetisch abschirmendes Material: <\/b><\/strong><\/p>\n<p>Sie k\u00f6nnen es zu Kunststoff, Gummi und anderen Substraten hinzuf\u00fcgen, um elektromagnetisch abschirmendes Verbundmaterial herzustellen. Sie k\u00f6nnen dies f\u00fcr elektronische Ger\u00e4tegeh\u00e4use verwenden, um elektromagnetische St\u00f6rungen wirksam zu blockieren und den normalen Betrieb der Ger\u00e4te zu sch\u00fctzen.<\/p>\n<p>&nbsp;<\/p>\n<h3>Energiefeld<\/h3>\n<p>&nbsp;<\/p>\n<p><strong><b>Lithium-Ionen-Akku: <\/b><\/strong><\/p>\n<p>Sie k\u00f6nnen es als Zusatzstoff f\u00fcr das negative Elektrodenmaterial der Batterie verwenden. Graphitpulver verbessert die Leitf\u00e4higkeit und die Lithium-Speicherleistung der <a href=\"https:\/\/www.sciencedirect.com\/topics\/engineering\/negative-electrode\" target=\"_blank\" rel=\"noopener\">negative Elektrode<\/a> Material, erh\u00f6ht die Batteriekapazit\u00e4t und verl\u00e4ngert die Lebensdauer.<\/p>\n<p>&nbsp;<\/p>\n<p><strong><b>Super<\/b><\/strong><strong><b>\u00a0<\/b><\/strong><strong><b>Kondensator: <\/b><\/strong><\/p>\n<p>Es kann zur Herstellung von Elektrodenmaterialien f\u00fcr Superkondensatoren beitragen, indem es seine hohe Leitf\u00e4higkeit und gro\u00dfe spezifische Oberfl\u00e4che nutzt. Zur Verbesserung der Lade- und Entladegeschwindigkeit und Energiedichte von Superkondensatoren.<\/p>\n<p>&nbsp;<\/p>\n<h3>Maschinenindustrie<\/h3>\n<p>&nbsp;<\/p>\n<p><strong><b>Hochleistungs-Schmierstoff: <\/b><\/strong><\/p>\n<p>Sie k\u00f6nnen es dem Schmier\u00f6l, dem Fett oder direkt als Festschmierstoff f\u00fcr mechanische Teile mit hoher Geschwindigkeit, hoher Temperatur und hoher Belastung hinzuf\u00fcgen. (z. B. Lager von Flugzeugtriebwerken, Kolben von Kraftfahrzeugmotoren). Ultrafeines Graphitpulver kann die Reibung und den Verschlei\u00df verringern, die mechanische Effizienz verbessern und die Lebensdauer der Ausr\u00fcstung verl\u00e4ngern.<\/p>\n<p>&nbsp;<\/p>\n<p><strong><b>Pulvermetallurgie: <\/b><\/strong><\/p>\n<p>Als Zusatzstoff zu Metallpulver kann es die Formgebungsleistung und die Sinterleistung von Pulver verbessern. Und dann verbessert es die Festigkeit, H\u00e4rte und Verschlei\u00dffestigkeit von pulvermetallurgischen Produkten.<\/p>\n<p><strong><b>\u00a0<\/b><\/strong><\/p>\n<h3>Chemische Industrie<\/h3>\n<p>&nbsp;<\/p>\n<p><strong><b>Katalysatortr\u00e4ger: <\/b><\/strong><\/p>\n<p>Es tr\u00e4gt verschiedene aktive katalytische Komponenten und kann als Katalysatortr\u00e4ger in der Petrochemie, Feinchemie und anderen katalytischen Reaktionsprozessen verwendet werden. Durch seine hohe spezifische Oberfl\u00e4che und chemische Stabilit\u00e4t verbessert es die Aktivit\u00e4t und Stabilit\u00e4t der Katalysatoren. <a href=\"https:\/\/www.catalyst.org\/\" target=\"_blank\" rel=\"noopener\">Katalysator<\/a>.<\/p>\n<p>&nbsp;<\/p>\n<p><strong><b>Zusatzstoff f\u00fcr die Beschichtung: <\/b><\/strong><\/p>\n<p>Sie k\u00f6nnen es zu Korrosionsschutzbeschichtungen und leitf\u00e4higen Beschichtungen hinzuf\u00fcgen, um die Korrosionsschutzeigenschaften und die leitf\u00e4higen Eigenschaften von Beschichtungen zu verbessern. Sie k\u00f6nnen es auch f\u00fcr den Schutz von chemischen Anlagen und Rohrleitungen sowie zur Beseitigung statischer Aufladung verwenden.<\/p>","protected":false},"excerpt":{"rendered":"<p>Ultrafeines Graphitpulver bezieht sich auf Graphitpulver mit ultrafeiner Partikelgr\u00f6\u00dfe, das aus hochreinen Graphitrohstoffen durch spezielles Mahlen, Sortieren und andere feine Verfahren hergestellt wird. Es kann in Lithium-Ionen-Batterien, in der Halbleiterlithografie und in der Schmierung verwendet werden. Mit seiner einzigartigen Mikrostruktur und seinen physikalischen und chemischen Eigenschaften zeigt es hervorragende Leistungen in vielen Spitzentechnologien und traditionellen Industriebereichen. Es ist ein Schl\u00fcsselmaterial, das die Anforderungen an hohe Pr\u00e4zision und hohe Leistung erf\u00fcllt. Je nach Ihren spezifischen Anforderungen werden sie so verarbeitet, dass sie Ihren Anforderungen an Reinheit, Partikelgr\u00f6\u00dfe usw. entsprechen.<\/p>","protected":false},"featured_media":7538,"template":"","meta":[],"product_brand":[],"product_cat":[38],"product_tag":[],"class_list":{"0":"post-7536","1":"product","2":"type-product","3":"status-publish","4":"has-post-thumbnail","6":"product_cat-graphite-products","8":"first","9":"instock","10":"shipping-taxable","11":"product-type-simple"},"yoast_head":"<!-- This site is optimized with the Yoast SEO Premium plugin v19.2.1 (Yoast SEO v25.3) - https:\/\/yoast.com\/wordpress\/plugins\/seo\/ -->\n<title>Ultra Fine Graphite Powder Manufacturer in China | Jinsun Carbon<\/title>\n<meta name=\"description\" content=\"Ultra Fine Graphite Powder for sale, it can be used in lithium-ion batteries, semiconductor lithography, refractory materials, and lubrication fields.\" \/>\n<meta name=\"robots\" content=\"index, follow, max-snippet:-1, max-image-preview:large, max-video-preview:-1\" \/>\n<link rel=\"canonical\" href=\"https:\/\/jinsuncarbon.com\/de\/produkt\/ultrafeines-graphitpulver\/\" \/>\n<meta property=\"og:locale\" content=\"de_DE\" \/>\n<meta property=\"og:type\" content=\"article\" \/>\n<meta property=\"og:title\" content=\"Ultra Fine Graphite Powder\" \/>\n<meta property=\"og:description\" content=\"Ultra Fine Graphite Powder for sale, it can be used in lithium-ion batteries, semiconductor lithography, refractory materials, and lubrication fields.\" \/>\n<meta property=\"og:url\" content=\"https:\/\/jinsuncarbon.com\/de\/produkt\/ultrafeines-graphitpulver\/\" \/>\n<meta property=\"og:site_name\" content=\"Jinsun Carbon\" \/>\n<meta property=\"article:publisher\" content=\"https:\/\/www.facebook.com\/Graphite-Electrode-109336238661595\" \/>\n<meta property=\"article:modified_time\" content=\"2025-02-09T01:52:29+00:00\" \/>\n<meta property=\"og:image\" content=\"https:\/\/jinsuncarbon.com\/wp-content\/uploads\/2025\/02\/ultra-fine-graphite-powder.jpg\" \/>\n\t<meta property=\"og:image:width\" content=\"1024\" \/>\n\t<meta property=\"og:image:height\" content=\"763\" \/>\n\t<meta property=\"og:image:type\" content=\"image\/jpeg\" \/>\n<meta name=\"twitter:card\" content=\"summary_large_image\" \/>\n<meta name=\"twitter:site\" content=\"@jinsuncarbon_\" \/>\n<meta name=\"twitter:label1\" content=\"Gesch\u00e4tzte Lesezeit\" \/>\n\t<meta name=\"twitter:data1\" content=\"3\u00a0Minuten\" \/>\n<script type=\"application\/ld+json\" class=\"yoast-schema-graph\">{\"@context\":\"https:\/\/schema.org\",\"@graph\":[{\"@type\":\"WebPage\",\"@id\":\"https:\/\/jinsuncarbon.com\/product\/ultra-fine-graphite-powder\/\",\"url\":\"https:\/\/jinsuncarbon.com\/product\/ultra-fine-graphite-powder\/\",\"name\":\"Ultra Fine Graphite Powder Manufacturer in China | Jinsun Carbon\",\"isPartOf\":{\"@id\":\"https:\/\/jinsuncarbon.com\/#website\"},\"primaryImageOfPage\":{\"@id\":\"https:\/\/jinsuncarbon.com\/product\/ultra-fine-graphite-powder\/#primaryimage\"},\"image\":{\"@id\":\"https:\/\/jinsuncarbon.com\/product\/ultra-fine-graphite-powder\/#primaryimage\"},\"thumbnailUrl\":\"https:\/\/jinsuncarbon.com\/wp-content\/uploads\/2025\/02\/ultra-fine-graphite-powder.jpg\",\"datePublished\":\"2025-02-09T01:52:28+00:00\",\"dateModified\":\"2025-02-09T01:52:29+00:00\",\"description\":\"Ultra Fine Graphite Powder for sale, it can be used in lithium-ion batteries, semiconductor lithography, refractory materials, and lubrication fields.\",\"breadcrumb\":{\"@id\":\"https:\/\/jinsuncarbon.com\/product\/ultra-fine-graphite-powder\/#breadcrumb\"},\"inLanguage\":\"de\",\"potentialAction\":[{\"@type\":\"ReadAction\",\"target\":[\"https:\/\/jinsuncarbon.com\/product\/ultra-fine-graphite-powder\/\"]}]},{\"@type\":\"ImageObject\",\"inLanguage\":\"de\",\"@id\":\"https:\/\/jinsuncarbon.com\/product\/ultra-fine-graphite-powder\/#primaryimage\",\"url\":\"https:\/\/jinsuncarbon.com\/wp-content\/uploads\/2025\/02\/ultra-fine-graphite-powder.jpg\",\"contentUrl\":\"https:\/\/jinsuncarbon.com\/wp-content\/uploads\/2025\/02\/ultra-fine-graphite-powder.jpg\",\"width\":1024,\"height\":763,\"caption\":\"ultra fine graphite powder\"},{\"@type\":\"BreadcrumbList\",\"@id\":\"https:\/\/jinsuncarbon.com\/product\/ultra-fine-graphite-powder\/#breadcrumb\",\"itemListElement\":[{\"@type\":\"ListItem\",\"position\":1,\"name\":\"Home\",\"item\":\"https:\/\/jinsuncarbon.com\/\"},{\"@type\":\"ListItem\",\"position\":2,\"name\":\"Products\",\"item\":\"https:\/\/jinsuncarbon.com\/graphite-carbon\/\"},{\"@type\":\"ListItem\",\"position\":3,\"name\":\"Ultra Fine Graphite Powder\"}]},{\"@type\":\"WebSite\",\"@id\":\"https:\/\/jinsuncarbon.com\/#website\",\"url\":\"https:\/\/jinsuncarbon.com\/\",\"name\":\"Jinsun Carbon\",\"description\":\"We are the successful graphite electrode manufacturer in China\",\"publisher\":{\"@id\":\"https:\/\/jinsuncarbon.com\/#organization\"},\"potentialAction\":[{\"@type\":\"SearchAction\",\"target\":{\"@type\":\"EntryPoint\",\"urlTemplate\":\"https:\/\/jinsuncarbon.com\/?s={search_term_string}\"},\"query-input\":{\"@type\":\"PropertyValueSpecification\",\"valueRequired\":true,\"valueName\":\"search_term_string\"}}],\"inLanguage\":\"de\"},{\"@type\":\"Organization\",\"@id\":\"https:\/\/jinsuncarbon.com\/#organization\",\"name\":\"Jinsun Carbon\",\"alternateName\":\"Jinsun Carbon\",\"url\":\"https:\/\/jinsuncarbon.com\/\",\"logo\":{\"@type\":\"ImageObject\",\"inLanguage\":\"de\",\"@id\":\"https:\/\/jinsuncarbon.com\/#\/schema\/logo\/image\/\",\"url\":\"https:\/\/jinsuncarbon.com\/wp-content\/uploads\/2022\/12\/LOGO-1.png\",\"contentUrl\":\"https:\/\/jinsuncarbon.com\/wp-content\/uploads\/2022\/12\/LOGO-1.png\",\"width\":207,\"height\":80,\"caption\":\"Jinsun Carbon\"},\"image\":{\"@id\":\"https:\/\/jinsuncarbon.com\/#\/schema\/logo\/image\/\"},\"sameAs\":[\"https:\/\/www.facebook.com\/Graphite-Electrode-109336238661595\",\"https:\/\/x.com\/jinsuncarbon_\",\"https:\/\/www.linkedin.com\/in\/jinsungraphite\",\"https:\/\/www.youtube.com\/channel\/UCysDNyvyR5-3cCWEmpkVC0g\"]}]}<\/script>\n<!-- \/ Yoast SEO Premium plugin. -->","yoast_head_json":{"title":"Ultrafeines Graphitpulver Hersteller in China | Jinsun Carbon","description":"Ultrafeines Graphitpulver zum Verkauf, es kann in Lithium-Ionen-Batterien, Halbleiter-Lithographie, feuerfesten Materialien und Schmierung Felder verwendet werden.","robots":{"index":"index","follow":"follow","max-snippet":"max-snippet:-1","max-image-preview":"max-image-preview:large","max-video-preview":"max-video-preview:-1"},"canonical":"https:\/\/jinsuncarbon.com\/de\/produkt\/ultrafeines-graphitpulver\/","og_locale":"de_DE","og_type":"article","og_title":"Ultra Fine Graphite Powder","og_description":"Ultra Fine Graphite Powder for sale, it can be used in lithium-ion batteries, semiconductor lithography, refractory materials, and lubrication fields.","og_url":"https:\/\/jinsuncarbon.com\/de\/produkt\/ultrafeines-graphitpulver\/","og_site_name":"Jinsun Carbon","article_publisher":"https:\/\/www.facebook.com\/Graphite-Electrode-109336238661595","article_modified_time":"2025-02-09T01:52:29+00:00","og_image":[{"width":1024,"height":763,"url":"https:\/\/jinsuncarbon.com\/wp-content\/uploads\/2025\/02\/ultra-fine-graphite-powder.jpg","type":"image\/jpeg"}],"twitter_card":"summary_large_image","twitter_site":"@jinsuncarbon_","twitter_misc":{"Gesch\u00e4tzte Lesezeit":"3\u00a0Minuten"},"schema":{"@context":"https:\/\/schema.org","@graph":[{"@type":"WebPage","@id":"https:\/\/jinsuncarbon.com\/product\/ultra-fine-graphite-powder\/","url":"https:\/\/jinsuncarbon.com\/product\/ultra-fine-graphite-powder\/","name":"Ultrafeines Graphitpulver Hersteller in China | Jinsun Carbon","isPartOf":{"@id":"https:\/\/jinsuncarbon.com\/#website"},"primaryImageOfPage":{"@id":"https:\/\/jinsuncarbon.com\/product\/ultra-fine-graphite-powder\/#primaryimage"},"image":{"@id":"https:\/\/jinsuncarbon.com\/product\/ultra-fine-graphite-powder\/#primaryimage"},"thumbnailUrl":"https:\/\/jinsuncarbon.com\/wp-content\/uploads\/2025\/02\/ultra-fine-graphite-powder.jpg","datePublished":"2025-02-09T01:52:28+00:00","dateModified":"2025-02-09T01:52:29+00:00","description":"Ultrafeines Graphitpulver zum Verkauf, es kann in Lithium-Ionen-Batterien, Halbleiter-Lithographie, feuerfesten Materialien und Schmierung Felder verwendet werden.","breadcrumb":{"@id":"https:\/\/jinsuncarbon.com\/product\/ultra-fine-graphite-powder\/#breadcrumb"},"inLanguage":"de","potentialAction":[{"@type":"ReadAction","target":["https:\/\/jinsuncarbon.com\/product\/ultra-fine-graphite-powder\/"]}]},{"@type":"ImageObject","inLanguage":"de","@id":"https:\/\/jinsuncarbon.com\/product\/ultra-fine-graphite-powder\/#primaryimage","url":"https:\/\/jinsuncarbon.com\/wp-content\/uploads\/2025\/02\/ultra-fine-graphite-powder.jpg","contentUrl":"https:\/\/jinsuncarbon.com\/wp-content\/uploads\/2025\/02\/ultra-fine-graphite-powder.jpg","width":1024,"height":763,"caption":"ultra fine graphite powder"},{"@type":"BreadcrumbList","@id":"https:\/\/jinsuncarbon.com\/product\/ultra-fine-graphite-powder\/#breadcrumb","itemListElement":[{"@type":"ListItem","position":1,"name":"Home","item":"https:\/\/jinsuncarbon.com\/"},{"@type":"ListItem","position":2,"name":"Products","item":"https:\/\/jinsuncarbon.com\/graphite-carbon\/"},{"@type":"ListItem","position":3,"name":"Ultra Fine Graphite Powder"}]},{"@type":"WebSite","@id":"https:\/\/jinsuncarbon.com\/#website","url":"https:\/\/jinsuncarbon.com\/","name":"Jinsun Kohlenstoff","description":"Wir sind der erfolgreiche Hersteller von Graphitelektroden in China","publisher":{"@id":"https:\/\/jinsuncarbon.com\/#organization"},"potentialAction":[{"@type":"SearchAction","target":{"@type":"EntryPoint","urlTemplate":"https:\/\/jinsuncarbon.com\/?s={search_term_string}"},"query-input":{"@type":"PropertyValueSpecification","valueRequired":true,"valueName":"search_term_string"}}],"inLanguage":"de"},{"@type":"Organization","@id":"https:\/\/jinsuncarbon.com\/#organization","name":"Jinsun Kohlenstoff","alternateName":"Jinsun Carbon","url":"https:\/\/jinsuncarbon.com\/","logo":{"@type":"ImageObject","inLanguage":"de","@id":"https:\/\/jinsuncarbon.com\/#\/schema\/logo\/image\/","url":"https:\/\/jinsuncarbon.com\/wp-content\/uploads\/2022\/12\/LOGO-1.png","contentUrl":"https:\/\/jinsuncarbon.com\/wp-content\/uploads\/2022\/12\/LOGO-1.png","width":207,"height":80,"caption":"Jinsun Carbon"},"image":{"@id":"https:\/\/jinsuncarbon.com\/#\/schema\/logo\/image\/"},"sameAs":["https:\/\/www.facebook.com\/Graphite-Electrode-109336238661595","https:\/\/x.com\/jinsuncarbon_","https:\/\/www.linkedin.com\/in\/jinsungraphite","https:\/\/www.youtube.com\/channel\/UCysDNyvyR5-3cCWEmpkVC0g"]}]}},"_links":{"self":[{"href":"https:\/\/jinsuncarbon.com\/de\/wp-json\/wp\/v2\/product\/7536","targetHints":{"allow":["GET"]}}],"collection":[{"href":"https:\/\/jinsuncarbon.com\/de\/wp-json\/wp\/v2\/product"}],"about":[{"href":"https:\/\/jinsuncarbon.com\/de\/wp-json\/wp\/v2\/types\/product"}],"wp:featuredmedia":[{"embeddable":true,"href":"https:\/\/jinsuncarbon.com\/de\/wp-json\/wp\/v2\/media\/7538"}],"wp:attachment":[{"href":"https:\/\/jinsuncarbon.com\/de\/wp-json\/wp\/v2\/media?parent=7536"}],"wp:term":[{"taxonomy":"product_brand","embeddable":true,"href":"https:\/\/jinsuncarbon.com\/de\/wp-json\/wp\/v2\/product_brand?post=7536"},{"taxonomy":"product_cat","embeddable":true,"href":"https:\/\/jinsuncarbon.com\/de\/wp-json\/wp\/v2\/product_cat?post=7536"},{"taxonomy":"product_tag","embeddable":true,"href":"https:\/\/jinsuncarbon.com\/de\/wp-json\/wp\/v2\/product_tag?post=7536"}],"curies":[{"name":"wp","href":"https:\/\/api.w.org\/{rel}","templated":true}]}}