{"id":7529,"date":"2025-02-08T04:54:05","date_gmt":"2025-02-08T04:54:05","guid":{"rendered":"https:\/\/jinsuncarbon.com\/?post_type=product&#038;p=7529"},"modified":"2025-02-08T04:54:06","modified_gmt":"2025-02-08T04:54:06","slug":"hd-graphitelektrode","status":"publish","type":"product","link":"https:\/\/jinsuncarbon.com\/de\/produkt\/hd-graphitelektrode\/","title":{"rendered":"HD-Graphit-Elektrode"},"content":{"rendered":"<h2>Vorteile der HD-Graphitelektrode<\/h2>\n<p>Die hochdichte Graphitelektrode ist im Allgemeinen zylindrisch und hat viele herausragende Vorteile.<\/p>\n<p><strong><b>H<\/b><\/strong><strong><b>hohe mechanische Festigkeit<\/b><\/strong><\/p>\n<p>Es kann gr\u00f6\u00dferen mechanischen Belastungen und St\u00f6\u00dfen standhalten. Und es ist nicht leicht zu brechen oder w\u00e4hrend der Elektrodenverarbeitung, Installation und Verwendung zu besch\u00e4digen.<\/p>\n<p>&nbsp;<\/p>\n<p><strong><b>Ausgezeichnete Oxidationsbest\u00e4ndigkeit<\/b><\/strong><\/p>\n<p>In Hochtemperaturumgebungen kann es die Oxidationsrate wirksam verz\u00f6gern, die Lebensdauer verl\u00e4ngern und die Betriebskosten senken.<\/p>\n<p>&nbsp;<\/p>\n<p><strong><b>Stabile chemische Eigenschaften<\/b><\/strong><\/p>\n<p>Es hat eine gute Korrosionsbest\u00e4ndigkeit und ist nicht leicht zu korrodieren. Sie k\u00f6nnen es in einer Vielzahl von komplexen chemischen Umgebungen verwenden.<\/p>\n<p>&nbsp;<\/p>\n<p><strong><b>Ausgezeichnete elektrische Leitf\u00e4higkeit<\/b><\/strong><\/p>\n<p>Es kann den Energie\u00fcbertragungsverlust erheblich reduzieren und die Effizienz der elektrochemischen Reaktion verbessern.<\/p>\n<p><strong><b>\u00a0<\/b><\/strong><\/p>\n<p><strong><b>Gute thermische Stabilit\u00e4t<\/b><\/strong><\/p>\n<p>Es kann bei hohen Temperaturen von \u00fcber 1000\u00b0C gehalten werden, um den normalen Betrieb in Hochtemperatur-Industrie\u00f6fen und anderen Anlagen zu gew\u00e4hrleisten.<\/p>\n<p>&nbsp;<\/p>\n<p><strong><b>Gro\u00dfartig<\/b><\/strong><strong><b>\u00a0Verarbeitungsleistung<\/b><\/strong><\/p>\n<p>Es ist leicht zu verarbeiten und zu formen. Und Sie k\u00f6nnen es durch Schneiden, Bohren, Schleifen und andere Bearbeitungen in verschiedene Gr\u00f6\u00dfen und Formen bringen, je nach Bedarf. Um die Anforderungen spezifischer Ger\u00e4te und Prozesse zu erf\u00fcllen.<\/p>\n<p>&nbsp;<\/p>\n<p>Dar\u00fcber hinaus k\u00f6nnen Sie zwischen isostatisch druckgeformten Graphitelektroden hoher Dichte, gesenkgeformten Graphitelektroden hoher Dichte oder anderen Arten von Graphitelektroden hoher Dichte w\u00e4hlen.<\/p>\n<p>&nbsp;<\/p>\n<h2>Verwendungen der HD-Graphitelektrode<\/h2>\n<p>Die HD-Graphitelektrode hat ein breites Spektrum an Anwendungen.<\/p>\n<p>&nbsp;<\/p>\n<h3>Eisen- und Stahlmetallurgische Industrie:<\/h3>\n<p><strong><b>I<\/b><\/strong><strong><b>n Herstellung von Stahl im Elektroofen<\/b><\/strong><\/p>\n<p>Als Leiter kann die HD-Graphitelektrode einen Lichtbogen mit hoher Temperatur erzeugen und die Ladung schnell schmelzen. Aufgrund ihrer hohen Leitf\u00e4higkeit und guten thermischen Stabilit\u00e4t kann sie hohen Str\u00f6men und hohen Temperaturen standhalten. Und verbessern Sie die Effizienz der Stahlerzeugung, reduzieren Sie den Energieverbrauch.<\/p>\n<p>&nbsp;<\/p>\n<p><strong><b>I<\/b><\/strong><strong><b>n Raffinationsofen <\/b><\/strong><\/p>\n<p>Sie k\u00f6nnen es verwenden, um W\u00e4rme f\u00fcr die Raffination Reaktion w\u00e4hrend der Raffination von geschmolzenem Stahl zu liefern. Es kann die Homogenisierung der Zusammensetzung und Temperatur des fl\u00fcssigen Stahls f\u00f6rdern und die Qualit\u00e4t des Stahls verbessern.<\/p>\n<p>&nbsp;<\/p>\n<h3>Nichteisen-Metallverh\u00fcttungsindustrie:<\/h3>\n<p><strong><b>Beim Schmelzen von Nichteisenmetallen <\/b><\/strong><\/p>\n<p>Die HD-Graphitelektrode kann z. B. bei Aluminium und Kupfer im Erzofen eingesetzt werden, um die Hochtemperaturbedingungen f\u00fcr den Schmelzprozess zu gew\u00e4hrleisten. Dank ihrer hohen mechanischen Festigkeit und Oxidationsbest\u00e4ndigkeit funktioniert sie in der Schmelzumgebung mit hohen Temperaturen und starker Korrosion \u00fcber einen langen Zeitraum stabil. Zur Gew\u00e4hrleistung einer effizienten Gewinnung und <a href=\"https:\/\/en.wikipedia.org\/wiki\/Refining\" target=\"_blank\" rel=\"noopener\">Veredelung<\/a> von Nichteisenmetallen.<\/p>\n<p>&nbsp;<\/p>\n<h3>Elektrochemischer Bereich:<\/h3>\n<p><strong><b>Bei der Herstellung von elektrolytischem Aluminium<\/b><\/strong><\/p>\n<p>Als ein <a href=\"https:\/\/jinsuncarbon.com\/de\/produkt\/graphitanode\/\">Anode<\/a> hat die HD-Graphitelektrode eine gute elektrische Leitf\u00e4higkeit und Korrosionsbest\u00e4ndigkeit. Und es kann stabil durchf\u00fchren elektrochemische Reaktionen unter den Bedingungen der hohen Stromdichte und starke <a href=\"https:\/\/en.wikipedia.org\/wiki\/Electrolyte\" target=\"_blank\" rel=\"noopener\">Elektrolyt<\/a> Korrosion. Dann die Verbesserung der Produktionseffizienz und Qualit\u00e4t von Aluminium.<\/p>\n<p>&nbsp;<\/p>\n<p><strong><b>Bei anderen elektrochemischen Syntheseverfahren<\/b><\/strong><\/p>\n<p>F\u00fcr die organische Synthese und die Aufbereitung von chemischen Rohstoffen kann es als Hilfsmittel verwendet werden. <a href=\"https:\/\/jinsuncarbon.com\/de\/produkt\/400mm-graphitelektrode\/\">Elektrode<\/a> Material. Nutzung seiner hervorragenden elektrischen Leitf\u00e4higkeit und chemischen Stabilit\u00e4t zur Herstellung von Zielprodukten und zur Vorbereitung von chemischen Rohstoffen.<\/p>","protected":false},"excerpt":{"rendered":"<p>Die HD-Graphitelektrode ist eine Elektrode, die mit einer speziellen Technologie und hochreinen Graphitrohstoffen hergestellt wird. Durch die Optimierung der Graphitkristallstruktur wird die Dichte erheblich verbessert, die Porosit\u00e4t verringert und die physikalischen Eigenschaften werden im Vergleich zu herk\u00f6mmlichen Graphitelektroden deutlich verbessert. Es spielt eine Schl\u00fcsselrolle in vielen industriellen Szenarien, in denen die Elektrodenleistung anspruchsvoll ist. Dazu geh\u00f6ren die Elektrostahlerzeugung, das Schmelzen von Nichteisenmetallen, die elektrochemische Synthese und so weiter. Es handelt sich um ein Hochleistungsmaterial, das f\u00fcr komplexe Arbeitsbedingungen geeignet ist.<\/p>","protected":false},"featured_media":7530,"template":"","meta":[],"product_brand":[],"product_cat":[37],"product_tag":[],"class_list":{"0":"post-7529","1":"product","2":"type-product","3":"status-publish","4":"has-post-thumbnail","6":"product_cat-graphite-electrode","8":"first","9":"instock","10":"shipping-taxable","11":"product-type-simple"},"yoast_head":"<!-- This site is optimized with the Yoast SEO Premium plugin v19.2.1 (Yoast SEO v25.3) - https:\/\/yoast.com\/wordpress\/plugins\/seo\/ -->\n<title>HD Graphite Electrode Manufacturer in China | Jinsun Carbon<\/title>\n<meta name=\"description\" content=\"HD graphite electrode manufacturer in China, it can be used in electric furnace steelmaking, nonferrous metal smelting, electrochemical synthesis.\" \/>\n<meta name=\"robots\" content=\"index, follow, max-snippet:-1, max-image-preview:large, max-video-preview:-1\" \/>\n<link rel=\"canonical\" href=\"https:\/\/jinsuncarbon.com\/de\/produkt\/hd-graphitelektrode\/\" \/>\n<meta property=\"og:locale\" content=\"de_DE\" \/>\n<meta property=\"og:type\" content=\"article\" \/>\n<meta property=\"og:title\" content=\"HD Graphite Electrode\" \/>\n<meta property=\"og:description\" content=\"HD graphite electrode manufacturer in China, it can be used in electric furnace steelmaking, nonferrous metal smelting, electrochemical synthesis.\" \/>\n<meta property=\"og:url\" content=\"https:\/\/jinsuncarbon.com\/de\/produkt\/hd-graphitelektrode\/\" \/>\n<meta property=\"og:site_name\" content=\"Jinsun Carbon\" \/>\n<meta property=\"article:publisher\" content=\"https:\/\/www.facebook.com\/Graphite-Electrode-109336238661595\" \/>\n<meta property=\"article:modified_time\" content=\"2025-02-08T04:54:06+00:00\" \/>\n<meta property=\"og:image\" content=\"https:\/\/jinsuncarbon.com\/wp-content\/uploads\/2025\/02\/HD-graphite-electrode.jpg\" \/>\n\t<meta property=\"og:image:width\" content=\"1024\" \/>\n\t<meta property=\"og:image:height\" content=\"763\" \/>\n\t<meta property=\"og:image:type\" content=\"image\/jpeg\" \/>\n<meta name=\"twitter:card\" content=\"summary_large_image\" \/>\n<meta name=\"twitter:site\" content=\"@jinsuncarbon_\" \/>\n<meta name=\"twitter:label1\" content=\"Gesch\u00e4tzte Lesezeit\" \/>\n\t<meta name=\"twitter:data1\" content=\"3\u00a0Minuten\" \/>\n<script type=\"application\/ld+json\" class=\"yoast-schema-graph\">{\"@context\":\"https:\/\/schema.org\",\"@graph\":[{\"@type\":\"WebPage\",\"@id\":\"https:\/\/jinsuncarbon.com\/product\/hd-graphite-electrode\/\",\"url\":\"https:\/\/jinsuncarbon.com\/product\/hd-graphite-electrode\/\",\"name\":\"HD Graphite Electrode Manufacturer in China | Jinsun Carbon\",\"isPartOf\":{\"@id\":\"https:\/\/jinsuncarbon.com\/#website\"},\"primaryImageOfPage\":{\"@id\":\"https:\/\/jinsuncarbon.com\/product\/hd-graphite-electrode\/#primaryimage\"},\"image\":{\"@id\":\"https:\/\/jinsuncarbon.com\/product\/hd-graphite-electrode\/#primaryimage\"},\"thumbnailUrl\":\"https:\/\/jinsuncarbon.com\/wp-content\/uploads\/2025\/02\/HD-graphite-electrode.jpg\",\"datePublished\":\"2025-02-08T04:54:05+00:00\",\"dateModified\":\"2025-02-08T04:54:06+00:00\",\"description\":\"HD graphite electrode manufacturer in China, it can be used in electric furnace steelmaking, nonferrous metal smelting, electrochemical synthesis.\",\"breadcrumb\":{\"@id\":\"https:\/\/jinsuncarbon.com\/product\/hd-graphite-electrode\/#breadcrumb\"},\"inLanguage\":\"de\",\"potentialAction\":[{\"@type\":\"ReadAction\",\"target\":[\"https:\/\/jinsuncarbon.com\/product\/hd-graphite-electrode\/\"]}]},{\"@type\":\"ImageObject\",\"inLanguage\":\"de\",\"@id\":\"https:\/\/jinsuncarbon.com\/product\/hd-graphite-electrode\/#primaryimage\",\"url\":\"https:\/\/jinsuncarbon.com\/wp-content\/uploads\/2025\/02\/HD-graphite-electrode.jpg\",\"contentUrl\":\"https:\/\/jinsuncarbon.com\/wp-content\/uploads\/2025\/02\/HD-graphite-electrode.jpg\",\"width\":1024,\"height\":763,\"caption\":\"HD graphite electrode\"},{\"@type\":\"BreadcrumbList\",\"@id\":\"https:\/\/jinsuncarbon.com\/product\/hd-graphite-electrode\/#breadcrumb\",\"itemListElement\":[{\"@type\":\"ListItem\",\"position\":1,\"name\":\"Home\",\"item\":\"https:\/\/jinsuncarbon.com\/\"},{\"@type\":\"ListItem\",\"position\":2,\"name\":\"Products\",\"item\":\"https:\/\/jinsuncarbon.com\/graphite-carbon\/\"},{\"@type\":\"ListItem\",\"position\":3,\"name\":\"HD Graphite Electrode\"}]},{\"@type\":\"WebSite\",\"@id\":\"https:\/\/jinsuncarbon.com\/#website\",\"url\":\"https:\/\/jinsuncarbon.com\/\",\"name\":\"Jinsun Carbon\",\"description\":\"We are the successful graphite electrode manufacturer in China\",\"publisher\":{\"@id\":\"https:\/\/jinsuncarbon.com\/#organization\"},\"potentialAction\":[{\"@type\":\"SearchAction\",\"target\":{\"@type\":\"EntryPoint\",\"urlTemplate\":\"https:\/\/jinsuncarbon.com\/?s={search_term_string}\"},\"query-input\":{\"@type\":\"PropertyValueSpecification\",\"valueRequired\":true,\"valueName\":\"search_term_string\"}}],\"inLanguage\":\"de\"},{\"@type\":\"Organization\",\"@id\":\"https:\/\/jinsuncarbon.com\/#organization\",\"name\":\"Jinsun Carbon\",\"alternateName\":\"Jinsun Carbon\",\"url\":\"https:\/\/jinsuncarbon.com\/\",\"logo\":{\"@type\":\"ImageObject\",\"inLanguage\":\"de\",\"@id\":\"https:\/\/jinsuncarbon.com\/#\/schema\/logo\/image\/\",\"url\":\"https:\/\/jinsuncarbon.com\/wp-content\/uploads\/2022\/12\/LOGO-1.png\",\"contentUrl\":\"https:\/\/jinsuncarbon.com\/wp-content\/uploads\/2022\/12\/LOGO-1.png\",\"width\":207,\"height\":80,\"caption\":\"Jinsun Carbon\"},\"image\":{\"@id\":\"https:\/\/jinsuncarbon.com\/#\/schema\/logo\/image\/\"},\"sameAs\":[\"https:\/\/www.facebook.com\/Graphite-Electrode-109336238661595\",\"https:\/\/x.com\/jinsuncarbon_\",\"https:\/\/www.linkedin.com\/in\/jinsungraphite\",\"https:\/\/www.youtube.com\/channel\/UCysDNyvyR5-3cCWEmpkVC0g\"]}]}<\/script>\n<!-- \/ Yoast SEO Premium plugin. -->","yoast_head_json":{"title":"HD Graphitelektrode Hersteller in China | Jinsun Carbon","description":"HD Graphitelektrode Hersteller in China, kann es in Elektroofen Stahlherstellung, Nichteisenmetall-Schmelzen, elektrochemische Synthese verwendet werden.","robots":{"index":"index","follow":"follow","max-snippet":"max-snippet:-1","max-image-preview":"max-image-preview:large","max-video-preview":"max-video-preview:-1"},"canonical":"https:\/\/jinsuncarbon.com\/de\/produkt\/hd-graphitelektrode\/","og_locale":"de_DE","og_type":"article","og_title":"HD Graphite Electrode","og_description":"HD graphite electrode manufacturer in China, it can be used in electric furnace steelmaking, nonferrous metal smelting, electrochemical synthesis.","og_url":"https:\/\/jinsuncarbon.com\/de\/produkt\/hd-graphitelektrode\/","og_site_name":"Jinsun Carbon","article_publisher":"https:\/\/www.facebook.com\/Graphite-Electrode-109336238661595","article_modified_time":"2025-02-08T04:54:06+00:00","og_image":[{"width":1024,"height":763,"url":"https:\/\/jinsuncarbon.com\/wp-content\/uploads\/2025\/02\/HD-graphite-electrode.jpg","type":"image\/jpeg"}],"twitter_card":"summary_large_image","twitter_site":"@jinsuncarbon_","twitter_misc":{"Gesch\u00e4tzte Lesezeit":"3\u00a0Minuten"},"schema":{"@context":"https:\/\/schema.org","@graph":[{"@type":"WebPage","@id":"https:\/\/jinsuncarbon.com\/product\/hd-graphite-electrode\/","url":"https:\/\/jinsuncarbon.com\/product\/hd-graphite-electrode\/","name":"HD Graphitelektrode Hersteller in China | Jinsun Carbon","isPartOf":{"@id":"https:\/\/jinsuncarbon.com\/#website"},"primaryImageOfPage":{"@id":"https:\/\/jinsuncarbon.com\/product\/hd-graphite-electrode\/#primaryimage"},"image":{"@id":"https:\/\/jinsuncarbon.com\/product\/hd-graphite-electrode\/#primaryimage"},"thumbnailUrl":"https:\/\/jinsuncarbon.com\/wp-content\/uploads\/2025\/02\/HD-graphite-electrode.jpg","datePublished":"2025-02-08T04:54:05+00:00","dateModified":"2025-02-08T04:54:06+00:00","description":"HD Graphitelektrode Hersteller in China, kann es in Elektroofen Stahlherstellung, Nichteisenmetall-Schmelzen, elektrochemische Synthese verwendet werden.","breadcrumb":{"@id":"https:\/\/jinsuncarbon.com\/product\/hd-graphite-electrode\/#breadcrumb"},"inLanguage":"de","potentialAction":[{"@type":"ReadAction","target":["https:\/\/jinsuncarbon.com\/product\/hd-graphite-electrode\/"]}]},{"@type":"ImageObject","inLanguage":"de","@id":"https:\/\/jinsuncarbon.com\/product\/hd-graphite-electrode\/#primaryimage","url":"https:\/\/jinsuncarbon.com\/wp-content\/uploads\/2025\/02\/HD-graphite-electrode.jpg","contentUrl":"https:\/\/jinsuncarbon.com\/wp-content\/uploads\/2025\/02\/HD-graphite-electrode.jpg","width":1024,"height":763,"caption":"HD graphite electrode"},{"@type":"BreadcrumbList","@id":"https:\/\/jinsuncarbon.com\/product\/hd-graphite-electrode\/#breadcrumb","itemListElement":[{"@type":"ListItem","position":1,"name":"Home","item":"https:\/\/jinsuncarbon.com\/"},{"@type":"ListItem","position":2,"name":"Products","item":"https:\/\/jinsuncarbon.com\/graphite-carbon\/"},{"@type":"ListItem","position":3,"name":"HD Graphite Electrode"}]},{"@type":"WebSite","@id":"https:\/\/jinsuncarbon.com\/#website","url":"https:\/\/jinsuncarbon.com\/","name":"Jinsun Kohlenstoff","description":"Wir sind der erfolgreiche Hersteller von Graphitelektroden in China","publisher":{"@id":"https:\/\/jinsuncarbon.com\/#organization"},"potentialAction":[{"@type":"SearchAction","target":{"@type":"EntryPoint","urlTemplate":"https:\/\/jinsuncarbon.com\/?s={search_term_string}"},"query-input":{"@type":"PropertyValueSpecification","valueRequired":true,"valueName":"search_term_string"}}],"inLanguage":"de"},{"@type":"Organization","@id":"https:\/\/jinsuncarbon.com\/#organization","name":"Jinsun Kohlenstoff","alternateName":"Jinsun Carbon","url":"https:\/\/jinsuncarbon.com\/","logo":{"@type":"ImageObject","inLanguage":"de","@id":"https:\/\/jinsuncarbon.com\/#\/schema\/logo\/image\/","url":"https:\/\/jinsuncarbon.com\/wp-content\/uploads\/2022\/12\/LOGO-1.png","contentUrl":"https:\/\/jinsuncarbon.com\/wp-content\/uploads\/2022\/12\/LOGO-1.png","width":207,"height":80,"caption":"Jinsun Carbon"},"image":{"@id":"https:\/\/jinsuncarbon.com\/#\/schema\/logo\/image\/"},"sameAs":["https:\/\/www.facebook.com\/Graphite-Electrode-109336238661595","https:\/\/x.com\/jinsuncarbon_","https:\/\/www.linkedin.com\/in\/jinsungraphite","https:\/\/www.youtube.com\/channel\/UCysDNyvyR5-3cCWEmpkVC0g"]}]}},"_links":{"self":[{"href":"https:\/\/jinsuncarbon.com\/de\/wp-json\/wp\/v2\/product\/7529","targetHints":{"allow":["GET"]}}],"collection":[{"href":"https:\/\/jinsuncarbon.com\/de\/wp-json\/wp\/v2\/product"}],"about":[{"href":"https:\/\/jinsuncarbon.com\/de\/wp-json\/wp\/v2\/types\/product"}],"wp:featuredmedia":[{"embeddable":true,"href":"https:\/\/jinsuncarbon.com\/de\/wp-json\/wp\/v2\/media\/7530"}],"wp:attachment":[{"href":"https:\/\/jinsuncarbon.com\/de\/wp-json\/wp\/v2\/media?parent=7529"}],"wp:term":[{"taxonomy":"product_brand","embeddable":true,"href":"https:\/\/jinsuncarbon.com\/de\/wp-json\/wp\/v2\/product_brand?post=7529"},{"taxonomy":"product_cat","embeddable":true,"href":"https:\/\/jinsuncarbon.com\/de\/wp-json\/wp\/v2\/product_cat?post=7529"},{"taxonomy":"product_tag","embeddable":true,"href":"https:\/\/jinsuncarbon.com\/de\/wp-json\/wp\/v2\/product_tag?post=7529"}],"curies":[{"name":"wp","href":"https:\/\/api.w.org\/{rel}","templated":true}]}}