{"id":7512,"date":"2025-02-08T03:01:29","date_gmt":"2025-02-08T03:01:29","guid":{"rendered":"https:\/\/jinsuncarbon.com\/?post_type=product&#038;p=7512"},"modified":"2025-02-08T03:01:31","modified_gmt":"2025-02-08T03:01:31","slug":"graphit-rohrbundelwarmetauscher","status":"publish","type":"product","link":"https:\/\/jinsuncarbon.com\/de\/produkt\/graphit-rohrbundelwarmetauscher\/","title":{"rendered":"Rohrb\u00fcndelw\u00e4rmetauscher aus Graphit"},"content":{"rendered":"<h2>Vorteile von Graphit-Rohrb\u00fcndelw\u00e4rmetauschern<\/h2>\n<p>Graphit-Rohrb\u00fcndel-W\u00e4rmetauscher k\u00f6nnen eine gro\u00dfe W\u00e4rmeaustauschfl\u00e4che auf kleinem Raum erreichen, die sich leicht in verschiedenen Produktionsst\u00e4tten installieren und einrichten l\u00e4sst. Und er hat eine Menge von Vorteilen.<\/p>\n<p><strong><b>Extrem hohe W\u00e4rme\u00fcbertragungseffizienz <\/b><\/strong><\/p>\n<p>Er kann bei einem geringen Temperaturunterschied eine gro\u00dfe W\u00e4rmemenge austauschen.<\/p>\n<p><strong><b>Stabile chemische Eigenschaften <\/b><\/strong><\/p>\n<p>Es ist resistent gegen S\u00e4uren, Laugen und andere chemische Substanzen. Und es kann in einer stark korrosiven Umgebung f\u00fcr eine lange Zeit stabil arbeiten.<\/p>\n<p><strong><b>Kleiner W\u00e4rmeausdehnungskoeffizient <\/b><\/strong><\/p>\n<p>Es kann seine strukturelle Stabilit\u00e4t auch bei starken Temperaturschwankungen beibehalten und ist nicht leicht zu verformen und zu besch\u00e4digen.<\/p>\n<p><strong><b>Gute Best\u00e4ndigkeit gegen hohe Temperaturen <\/b><\/strong><\/p>\n<p>Es kann Prozessfl\u00fcssigkeiten mit h\u00f6herer Temperatur standhalten, was den Anwendungsbereich erweitert. In einigen Hochtemperatur-, starke Korrosion chemische Reaktion Prozess, kann zuverl\u00e4ssig den W\u00e4rmeaustausch Aufgabe abzuschlie\u00dfen. Um die Kontinuit\u00e4t und Stabilit\u00e4t der Produktion zu gew\u00e4hrleisten.<\/p>\n<p>&nbsp;<\/p>\n<p>Dar\u00fcber hinaus k\u00f6nnen Sie je nach den spezifischen Einsatzbedingungen und Leistungsanforderungen verschiedene Typen w\u00e4hlen. Wie zum Beispiel feste Rohrplatte <a href=\"https:\/\/jinsuncarbon.com\/de\/produkt\/graphitrohr-zu-verkaufen\/\">Graphitrohr<\/a> und Mantelw\u00e4rmetauscher, Graphitrohr- und Mantelw\u00e4rmetauscher mit schwimmendem Kopf, U-f\u00f6rmige Rohr- und Mantelw\u00e4rmetauscher oder andere spezielle Konstruktionen von Graphitrohr- und Mantelw\u00e4rmetauschern.<\/p>\n<p><strong><b>\u00a0<\/b><\/strong><\/p>\n<h2>Verwendung von Rohrb\u00fcndelw\u00e4rmetauschern aus Graphit<\/h2>\n<h3>Chemische Industrie<\/h3>\n<p><strong><b>R<\/b><\/strong><strong><b>eaktionsw\u00e4rmeaustausch: <\/b><\/strong><\/p>\n<p>Sie k\u00f6nnen es f\u00fcr Schwefels\u00e4ure, Salpeters\u00e4ure und andere starke S\u00e4ure Produktion, K\u00fchlung R\u00fcckgewinnung von Reaktionsgas W\u00e4rme verwenden. Und Sie k\u00f6nnen es auch f\u00fcr organische synthetische Materialien, K\u00fchlung verwenden.<\/p>\n<p>&nbsp;<\/p>\n<p><strong><b>Destillation und Rektifikation:<\/b><\/strong><\/p>\n<p>Bei der petrochemischen Destillation wirkt die Rektifikation als <a href=\"https:\/\/en.wikipedia.org\/wiki\/Condenser_(heat_transfer)#:~:text=A%20condenser%20is%20designed%20to,a%20vapor%20into%20a%20liquid.\" target=\"_blank\" rel=\"noopener\">Kondensator<\/a> oder Reboiler, um eine Stofftrennung und Reinigung zu erreichen.<\/p>\n<p>&nbsp;<\/p>\n<p><strong><b>Materialtransport: <\/b><\/strong><\/p>\n<p>Er kann hochkorrosive chemische Stoffe erw\u00e4rmen oder k\u00fchlen, um den Transport zu gew\u00e4hrleisten und Kristallisationen und Verfestigungen zu verhindern.<\/p>\n<p>&nbsp;<\/p>\n<h3>Elektronisches Feld<\/h3>\n<p><strong><b>C<\/b><\/strong><strong><b>Herstellung von H\u00fcften: <\/b><\/strong><\/p>\n<p>Im Fotolithografie- und \u00c4tzprozess kann es die Temperatur von hochreinem Entwickler und \u00c4tzfl\u00fcssigkeit pr\u00e4zise steuern. Um die Pr\u00e4zision der Chip-Herstellung zu gew\u00e4hrleisten.<\/p>\n<p>&nbsp;<\/p>\n<p><strong><b>K\u00fchlung der Ausr\u00fcstung: <\/b><\/strong><\/p>\n<p>W\u00e4rme\u00fcbertragung von korrosiven K\u00fchlmitteln f\u00fcr K\u00fchlsysteme in der Produktion von elektronischen Ger\u00e4ten, um die Lebensdauer der Ger\u00e4te zu verl\u00e4ngern.<\/p>\n<p>&nbsp;<\/p>\n<h3>Neues Energiefeld<\/h3>\n<p><strong><b>Produktion von Lithiumbatterien: <\/b><\/strong><\/p>\n<p>Bei der Herstellung von Lithiumbatterie-Elektrolyten kann die Temperatur von korrosiven Rohstoffen und Zwischenprodukten kontrolliert werden. Um die Leistung und Qualit\u00e4t des Elektrolyten zu gew\u00e4hrleisten.<\/p>\n<p>&nbsp;<\/p>\n<p><strong><b>Wasserstoff-Energie-Industrie: <\/b><\/strong><\/p>\n<p>Bei der Elektrolyse von Wasser zur Herstellung von <a href=\"https:\/\/en.wikipedia.org\/wiki\/Hydrogen\" target=\"_blank\" rel=\"noopener\">Wasserstoff<\/a>k\u00f6nnen Sie damit die Elektrolysezelle k\u00fchlen oder die Temperatur des Elektrolyten einstellen. Um die Effizienz und Reinheit des Wasserstoffs zu verbessern.<\/p>\n<p>&nbsp;<\/p>\n<h3>Pharmazeutischer Bereich<\/h3>\n<p><strong><b>D<\/b><\/strong><strong><b>Teppichsynthese: <\/b><\/strong><\/p>\n<p>Es kann die Temperatur von Antibiotika, Vitaminen und anderen Reaktionsmaterialien f\u00fcr die Arzneimittelsynthese steuern und die Umwandlungsrate und Produktqualit\u00e4t verbessern.<\/p>\n<p>&nbsp;<\/p>\n<p><strong><b>Konzentrierte Kristallisation: <\/b><\/strong><\/p>\n<p>Sie k\u00f6nnen es verwenden, um die Temperatur der L\u00f6sung w\u00e4hrend der Konzentration und Kristallisation des Arzneimittels genau zu kontrollieren. Um die Reinheit und Kristallform des Arzneimittels zu gew\u00e4hrleisten.<\/p>\n<p>&nbsp;<\/p>\n<h3>Schutz der Umwelt<\/h3>\n<p><strong><b>W<\/b><\/strong><strong><b>astwasseraufbereitung: <\/b><\/strong><\/p>\n<p>Sie k\u00f6nnen verwenden <a href=\"https:\/\/jinsuncarbon.com\/de\/was-ist-ein-graphit-warmetauscher\/\">Graphit-W\u00e4rmetauscher<\/a> zur Behandlung von s\u00e4ure- und laugenhaltigen Industrieabw\u00e4ssern, Vorw\u00e4rm- oder K\u00fchlabw\u00e4ssern. Es kann die Effizienz der Behandlung verbessern und die Kosten senken.<\/p>\n<p>&nbsp;<\/p>\n<p><strong><b>Abgasbehandlung: <\/b><\/strong><\/p>\n<p>Es kann Abgasentschwefelung, Entstickung Absorptionsfl\u00fcssigkeit zu k\u00fchlen, verbessern Absorption Wirkung, reduzieren sch\u00e4dliche Gasemissionen.<\/p>\n<p>&nbsp;<\/p>","protected":false},"excerpt":{"rendered":"<p>Der Graphitrohrb\u00fcndelw\u00e4rmetauscher ist ein Ger\u00e4t zum W\u00e4rmeaustausch, das die hervorragenden Eigenschaften von Graphit nutzt. Er besteht aus einem Rohrb\u00fcndel und einem Mantel aus Graphit. Aufgrund seiner W\u00e4rmeleitf\u00e4higkeit, chemischen Stabilit\u00e4t und Korrosionsbest\u00e4ndigkeit kann er zur K\u00fchlung von Reaktionsfl\u00fcssigkeiten, zum W\u00e4rmeaustausch w\u00e4hrend des Konzentrationsprozesses von Arzneimitteln usw. verwendet werden. Dieser W\u00e4rmetauscher bew\u00e4hrt sich in vielen Industriezweigen, in denen Korrosionsbest\u00e4ndigkeit und W\u00e4rme\u00fcbertragung von entscheidender Bedeutung sind, und ist somit ideal f\u00fcr den W\u00e4rmeaustausch unter komplexen Bedingungen.<\/p>\n<p>&nbsp;<\/p>\n<p>Je nach den unterschiedlichen Arbeitsbedingungen und Prozessanforderungen k\u00f6nnen der Rohrdurchmesser, die Rohrl\u00e4nge, die Anordnung der Rohrb\u00fcndel und die Mantelgr\u00f6\u00dfe angepasst werden. Um verschiedene komplexe W\u00e4rmeaustauschanforderungen zu erf\u00fcllen.<\/p>","protected":false},"featured_media":7521,"template":"","meta":[],"product_brand":[],"product_cat":[38],"product_tag":[],"class_list":{"0":"post-7512","1":"product","2":"type-product","3":"status-publish","4":"has-post-thumbnail","6":"product_cat-graphite-products","8":"first","9":"instock","10":"shipping-taxable","11":"product-type-simple"},"yoast_head":"<!-- This site is optimized with the Yoast SEO Premium plugin v19.2.1 (Yoast SEO v25.3) - https:\/\/yoast.com\/wordpress\/plugins\/seo\/ -->\n<title>Graphite\u00a0Shell and Tube Heat Exchanger | Jinsun Carbon<\/title>\n<meta name=\"description\" content=\"Graphite shell and tube heat exchanger manufacturer in China, It is primarily used in industrial applications where highly corrosive fluids need to be heated or cooled.\" \/>\n<meta name=\"robots\" content=\"index, follow, max-snippet:-1, max-image-preview:large, max-video-preview:-1\" \/>\n<link rel=\"canonical\" href=\"https:\/\/jinsuncarbon.com\/de\/produkt\/graphit-rohrbundelwarmetauscher\/\" \/>\n<meta property=\"og:locale\" content=\"de_DE\" \/>\n<meta property=\"og:type\" content=\"article\" \/>\n<meta property=\"og:title\" content=\"Graphite\u00a0Shell and Tube Heat Exchanger\" \/>\n<meta property=\"og:description\" content=\"Graphite shell and tube heat exchanger manufacturer in China, It is primarily used in industrial applications where highly corrosive fluids need to be heated or cooled.\" \/>\n<meta property=\"og:url\" content=\"https:\/\/jinsuncarbon.com\/de\/produkt\/graphit-rohrbundelwarmetauscher\/\" \/>\n<meta property=\"og:site_name\" content=\"Jinsun Carbon\" \/>\n<meta property=\"article:publisher\" content=\"https:\/\/www.facebook.com\/Graphite-Electrode-109336238661595\" \/>\n<meta property=\"article:modified_time\" content=\"2025-02-08T03:01:31+00:00\" \/>\n<meta property=\"og:image\" content=\"https:\/\/jinsuncarbon.com\/wp-content\/uploads\/2025\/02\/graphite-shell-and-tube-heat-exchanger.jpg\" \/>\n\t<meta property=\"og:image:width\" content=\"1024\" \/>\n\t<meta property=\"og:image:height\" content=\"763\" \/>\n\t<meta property=\"og:image:type\" content=\"image\/jpeg\" \/>\n<meta name=\"twitter:card\" content=\"summary_large_image\" \/>\n<meta name=\"twitter:site\" content=\"@jinsuncarbon_\" \/>\n<meta name=\"twitter:label1\" content=\"Gesch\u00e4tzte Lesezeit\" \/>\n\t<meta name=\"twitter:data1\" content=\"3\u00a0Minuten\" \/>\n<script type=\"application\/ld+json\" class=\"yoast-schema-graph\">{\"@context\":\"https:\/\/schema.org\",\"@graph\":[{\"@type\":\"WebPage\",\"@id\":\"https:\/\/jinsuncarbon.com\/product\/graphite-shell-and-tube-heat-exchanger\/\",\"url\":\"https:\/\/jinsuncarbon.com\/product\/graphite-shell-and-tube-heat-exchanger\/\",\"name\":\"Graphite\u00a0Shell and Tube Heat Exchanger | Jinsun Carbon\",\"isPartOf\":{\"@id\":\"https:\/\/jinsuncarbon.com\/#website\"},\"primaryImageOfPage\":{\"@id\":\"https:\/\/jinsuncarbon.com\/product\/graphite-shell-and-tube-heat-exchanger\/#primaryimage\"},\"image\":{\"@id\":\"https:\/\/jinsuncarbon.com\/product\/graphite-shell-and-tube-heat-exchanger\/#primaryimage\"},\"thumbnailUrl\":\"https:\/\/jinsuncarbon.com\/wp-content\/uploads\/2025\/02\/graphite-shell-and-tube-heat-exchanger.jpg\",\"datePublished\":\"2025-02-08T03:01:29+00:00\",\"dateModified\":\"2025-02-08T03:01:31+00:00\",\"description\":\"Graphite shell and tube heat exchanger manufacturer in China, It is primarily used in industrial applications where highly corrosive fluids need to be heated or cooled.\",\"breadcrumb\":{\"@id\":\"https:\/\/jinsuncarbon.com\/product\/graphite-shell-and-tube-heat-exchanger\/#breadcrumb\"},\"inLanguage\":\"de\",\"potentialAction\":[{\"@type\":\"ReadAction\",\"target\":[\"https:\/\/jinsuncarbon.com\/product\/graphite-shell-and-tube-heat-exchanger\/\"]}]},{\"@type\":\"ImageObject\",\"inLanguage\":\"de\",\"@id\":\"https:\/\/jinsuncarbon.com\/product\/graphite-shell-and-tube-heat-exchanger\/#primaryimage\",\"url\":\"https:\/\/jinsuncarbon.com\/wp-content\/uploads\/2025\/02\/graphite-shell-and-tube-heat-exchanger.jpg\",\"contentUrl\":\"https:\/\/jinsuncarbon.com\/wp-content\/uploads\/2025\/02\/graphite-shell-and-tube-heat-exchanger.jpg\",\"width\":1024,\"height\":763,\"caption\":\"Graphite shell and tube heat exchanger\"},{\"@type\":\"BreadcrumbList\",\"@id\":\"https:\/\/jinsuncarbon.com\/product\/graphite-shell-and-tube-heat-exchanger\/#breadcrumb\",\"itemListElement\":[{\"@type\":\"ListItem\",\"position\":1,\"name\":\"Home\",\"item\":\"https:\/\/jinsuncarbon.com\/\"},{\"@type\":\"ListItem\",\"position\":2,\"name\":\"Products\",\"item\":\"https:\/\/jinsuncarbon.com\/graphite-carbon\/\"},{\"@type\":\"ListItem\",\"position\":3,\"name\":\"Graphite\u00a0Shell and Tube Heat Exchanger\"}]},{\"@type\":\"WebSite\",\"@id\":\"https:\/\/jinsuncarbon.com\/#website\",\"url\":\"https:\/\/jinsuncarbon.com\/\",\"name\":\"Jinsun Carbon\",\"description\":\"We are the successful graphite electrode manufacturer in China\",\"publisher\":{\"@id\":\"https:\/\/jinsuncarbon.com\/#organization\"},\"potentialAction\":[{\"@type\":\"SearchAction\",\"target\":{\"@type\":\"EntryPoint\",\"urlTemplate\":\"https:\/\/jinsuncarbon.com\/?s={search_term_string}\"},\"query-input\":{\"@type\":\"PropertyValueSpecification\",\"valueRequired\":true,\"valueName\":\"search_term_string\"}}],\"inLanguage\":\"de\"},{\"@type\":\"Organization\",\"@id\":\"https:\/\/jinsuncarbon.com\/#organization\",\"name\":\"Jinsun Carbon\",\"alternateName\":\"Jinsun Carbon\",\"url\":\"https:\/\/jinsuncarbon.com\/\",\"logo\":{\"@type\":\"ImageObject\",\"inLanguage\":\"de\",\"@id\":\"https:\/\/jinsuncarbon.com\/#\/schema\/logo\/image\/\",\"url\":\"https:\/\/jinsuncarbon.com\/wp-content\/uploads\/2022\/12\/LOGO-1.png\",\"contentUrl\":\"https:\/\/jinsuncarbon.com\/wp-content\/uploads\/2022\/12\/LOGO-1.png\",\"width\":207,\"height\":80,\"caption\":\"Jinsun Carbon\"},\"image\":{\"@id\":\"https:\/\/jinsuncarbon.com\/#\/schema\/logo\/image\/\"},\"sameAs\":[\"https:\/\/www.facebook.com\/Graphite-Electrode-109336238661595\",\"https:\/\/x.com\/jinsuncarbon_\",\"https:\/\/www.linkedin.com\/in\/jinsungraphite\",\"https:\/\/www.youtube.com\/channel\/UCysDNyvyR5-3cCWEmpkVC0g\"]}]}<\/script>\n<!-- \/ Yoast SEO Premium plugin. -->","yoast_head_json":{"title":"Graphit-Rohrb\u00fcndelw\u00e4rmetauscher | Jinsun Carbon","description":"Hersteller von Rohrb\u00fcndelw\u00e4rmetauschern aus Graphit in China. Sie werden haupts\u00e4chlich in industriellen Anwendungen eingesetzt, bei denen hochkorrosive Fl\u00fcssigkeiten erhitzt oder gek\u00fchlt werden m\u00fcssen.","robots":{"index":"index","follow":"follow","max-snippet":"max-snippet:-1","max-image-preview":"max-image-preview:large","max-video-preview":"max-video-preview:-1"},"canonical":"https:\/\/jinsuncarbon.com\/de\/produkt\/graphit-rohrbundelwarmetauscher\/","og_locale":"de_DE","og_type":"article","og_title":"Graphite\u00a0Shell and Tube Heat Exchanger","og_description":"Graphite shell and tube heat exchanger manufacturer in China, It is primarily used in industrial applications where highly corrosive fluids need to be heated or cooled.","og_url":"https:\/\/jinsuncarbon.com\/de\/produkt\/graphit-rohrbundelwarmetauscher\/","og_site_name":"Jinsun Carbon","article_publisher":"https:\/\/www.facebook.com\/Graphite-Electrode-109336238661595","article_modified_time":"2025-02-08T03:01:31+00:00","og_image":[{"width":1024,"height":763,"url":"https:\/\/jinsuncarbon.com\/wp-content\/uploads\/2025\/02\/graphite-shell-and-tube-heat-exchanger.jpg","type":"image\/jpeg"}],"twitter_card":"summary_large_image","twitter_site":"@jinsuncarbon_","twitter_misc":{"Gesch\u00e4tzte Lesezeit":"3\u00a0Minuten"},"schema":{"@context":"https:\/\/schema.org","@graph":[{"@type":"WebPage","@id":"https:\/\/jinsuncarbon.com\/product\/graphite-shell-and-tube-heat-exchanger\/","url":"https:\/\/jinsuncarbon.com\/product\/graphite-shell-and-tube-heat-exchanger\/","name":"Graphit-Rohrb\u00fcndelw\u00e4rmetauscher | Jinsun Carbon","isPartOf":{"@id":"https:\/\/jinsuncarbon.com\/#website"},"primaryImageOfPage":{"@id":"https:\/\/jinsuncarbon.com\/product\/graphite-shell-and-tube-heat-exchanger\/#primaryimage"},"image":{"@id":"https:\/\/jinsuncarbon.com\/product\/graphite-shell-and-tube-heat-exchanger\/#primaryimage"},"thumbnailUrl":"https:\/\/jinsuncarbon.com\/wp-content\/uploads\/2025\/02\/graphite-shell-and-tube-heat-exchanger.jpg","datePublished":"2025-02-08T03:01:29+00:00","dateModified":"2025-02-08T03:01:31+00:00","description":"Hersteller von Rohrb\u00fcndelw\u00e4rmetauschern aus Graphit in China. Sie werden haupts\u00e4chlich in industriellen Anwendungen eingesetzt, bei denen hochkorrosive Fl\u00fcssigkeiten erhitzt oder gek\u00fchlt werden m\u00fcssen.","breadcrumb":{"@id":"https:\/\/jinsuncarbon.com\/product\/graphite-shell-and-tube-heat-exchanger\/#breadcrumb"},"inLanguage":"de","potentialAction":[{"@type":"ReadAction","target":["https:\/\/jinsuncarbon.com\/product\/graphite-shell-and-tube-heat-exchanger\/"]}]},{"@type":"ImageObject","inLanguage":"de","@id":"https:\/\/jinsuncarbon.com\/product\/graphite-shell-and-tube-heat-exchanger\/#primaryimage","url":"https:\/\/jinsuncarbon.com\/wp-content\/uploads\/2025\/02\/graphite-shell-and-tube-heat-exchanger.jpg","contentUrl":"https:\/\/jinsuncarbon.com\/wp-content\/uploads\/2025\/02\/graphite-shell-and-tube-heat-exchanger.jpg","width":1024,"height":763,"caption":"Graphite shell and tube heat exchanger"},{"@type":"BreadcrumbList","@id":"https:\/\/jinsuncarbon.com\/product\/graphite-shell-and-tube-heat-exchanger\/#breadcrumb","itemListElement":[{"@type":"ListItem","position":1,"name":"Home","item":"https:\/\/jinsuncarbon.com\/"},{"@type":"ListItem","position":2,"name":"Products","item":"https:\/\/jinsuncarbon.com\/graphite-carbon\/"},{"@type":"ListItem","position":3,"name":"Graphite\u00a0Shell and Tube Heat Exchanger"}]},{"@type":"WebSite","@id":"https:\/\/jinsuncarbon.com\/#website","url":"https:\/\/jinsuncarbon.com\/","name":"Jinsun Kohlenstoff","description":"Wir sind der erfolgreiche Hersteller von Graphitelektroden in China","publisher":{"@id":"https:\/\/jinsuncarbon.com\/#organization"},"potentialAction":[{"@type":"SearchAction","target":{"@type":"EntryPoint","urlTemplate":"https:\/\/jinsuncarbon.com\/?s={search_term_string}"},"query-input":{"@type":"PropertyValueSpecification","valueRequired":true,"valueName":"search_term_string"}}],"inLanguage":"de"},{"@type":"Organization","@id":"https:\/\/jinsuncarbon.com\/#organization","name":"Jinsun Kohlenstoff","alternateName":"Jinsun Carbon","url":"https:\/\/jinsuncarbon.com\/","logo":{"@type":"ImageObject","inLanguage":"de","@id":"https:\/\/jinsuncarbon.com\/#\/schema\/logo\/image\/","url":"https:\/\/jinsuncarbon.com\/wp-content\/uploads\/2022\/12\/LOGO-1.png","contentUrl":"https:\/\/jinsuncarbon.com\/wp-content\/uploads\/2022\/12\/LOGO-1.png","width":207,"height":80,"caption":"Jinsun Carbon"},"image":{"@id":"https:\/\/jinsuncarbon.com\/#\/schema\/logo\/image\/"},"sameAs":["https:\/\/www.facebook.com\/Graphite-Electrode-109336238661595","https:\/\/x.com\/jinsuncarbon_","https:\/\/www.linkedin.com\/in\/jinsungraphite","https:\/\/www.youtube.com\/channel\/UCysDNyvyR5-3cCWEmpkVC0g"]}]}},"_links":{"self":[{"href":"https:\/\/jinsuncarbon.com\/de\/wp-json\/wp\/v2\/product\/7512","targetHints":{"allow":["GET"]}}],"collection":[{"href":"https:\/\/jinsuncarbon.com\/de\/wp-json\/wp\/v2\/product"}],"about":[{"href":"https:\/\/jinsuncarbon.com\/de\/wp-json\/wp\/v2\/types\/product"}],"wp:featuredmedia":[{"embeddable":true,"href":"https:\/\/jinsuncarbon.com\/de\/wp-json\/wp\/v2\/media\/7521"}],"wp:attachment":[{"href":"https:\/\/jinsuncarbon.com\/de\/wp-json\/wp\/v2\/media?parent=7512"}],"wp:term":[{"taxonomy":"product_brand","embeddable":true,"href":"https:\/\/jinsuncarbon.com\/de\/wp-json\/wp\/v2\/product_brand?post=7512"},{"taxonomy":"product_cat","embeddable":true,"href":"https:\/\/jinsuncarbon.com\/de\/wp-json\/wp\/v2\/product_cat?post=7512"},{"taxonomy":"product_tag","embeddable":true,"href":"https:\/\/jinsuncarbon.com\/de\/wp-json\/wp\/v2\/product_tag?post=7512"}],"curies":[{"name":"wp","href":"https:\/\/api.w.org\/{rel}","templated":true}]}}