{"id":7511,"date":"2025-02-07T22:55:11","date_gmt":"2025-02-07T22:55:11","guid":{"rendered":"https:\/\/jinsuncarbon.com\/?post_type=product&#038;p=7511"},"modified":"2025-02-07T23:02:52","modified_gmt":"2025-02-07T23:02:52","slug":"graphit-dichtring","status":"publish","type":"product","link":"https:\/\/jinsuncarbon.com\/de\/produkt\/graphit-dichtring\/","title":{"rendered":"Graphit-Dichtring"},"content":{"rendered":"<h2>Graphit Dichtungsring Hersteller<\/h2>\n<p>Der Graphitdichtring ist in der Regel eine kreisf\u00f6rmige Ringstruktur. Seine Vorteile sind herausragend.<\/p>\n<p><strong><b>Ausgezeichnete chemische Stabilit\u00e4t<\/b><\/strong><\/p>\n<p>Es ist inert gegen\u00fcber den meisten chemischen Substanzen und kann lange Zeit in korrosiver Umgebung verwendet werden.<\/p>\n<p><strong><b>Ausgezeichnete Hochtemperaturbest\u00e4ndigkeit<\/b><\/strong><\/p>\n<p>Es kann Temperaturen von bis zu 800\u00b0C oder mehr standhalten und ist f\u00fcr hohe Temperaturen geeignet.<\/p>\n<p><strong><b>Niedriger Reibungskoeffizient<\/b><\/strong><\/p>\n<p>Es kann effektiv die Reibung zwischen der Dichtungsfl\u00e4che zu reduzieren, reduzieren den Energieverbrauch. Und es hat selbstschmierende Eigenschaften, keine zus\u00e4tzliche Schmierung, reduzieren die Wartungskosten.<\/p>\n<p><strong><b>Gute Resilienz<\/b><\/strong><\/p>\n<p>Selbst bei lang anhaltender Kompression oder Vibration bleibt die Dichtung dicht.<\/p>\n<p>&nbsp;<\/p>\n<p>Dar\u00fcber hinaus werden seine Dichtungseigenschaften nicht durch Druckschwankungen beeintr\u00e4chtigt und k\u00f6nnen unter verschiedenen Druckbedingungen stabil arbeiten.<\/p>\n<p><strong><b>\u00a0<\/b><\/strong><\/p>\n<h2>Typen von Graphitdichtungsringen<\/h2>\n<p><strong><b>Gew\u00f6hnlicher gepresster Graphitdichtring: <\/b><\/strong><\/p>\n<p>Die Verwendung von herk\u00f6mmlichen Pressverfahren, niedrige Produktionskosten, geeignet f\u00fcr allgemeine industrielle Ausr\u00fcstung Abdichtung. Wie z.B. gew\u00f6hnliche Rohrverbindung, allgemeine Pumpenk\u00f6rperdichtung, etc. Es kann die gemeinsame Wasser, Luft, schwach korrosives Gas und andere Medien Abdichtung Bed\u00fcrfnisse erf\u00fcllen.<\/p>\n<p><strong><b>\u00a0<\/b><\/strong><\/p>\n<p><strong><b>Impr\u00e4gnierter Graphit-Dichtring: <\/b><\/strong><\/p>\n<p>Nach einer speziellen Impr\u00e4gnierungsbehandlung werden Harz, Metall und andere Stoffe in die Graphitporen gef\u00fcllt, um die mechanische Festigkeit und Korrosionsbest\u00e4ndigkeit zu erh\u00f6hen. Es wird in der Regel in der Chemie-, Erd\u00f6l- und anderen Industrien verwendet, um hochkorrosive Fl\u00fcssigkeiten oder Gase abzudichten. Wie z.B. Schwefels\u00e4ure, <a href=\"https:\/\/en.wikipedia.org\/wiki\/Hydrochloric_acid\" target=\"_blank\" rel=\"noopener\">Salzs\u00e4ure<\/a> S\u00e4ure und andere Medien.<\/p>\n<p><strong><b>\u00a0<\/b><\/strong><\/p>\n<p><strong><b>Dichtungsring aus Sintergraphit: <\/b><\/strong><\/p>\n<p>Hergestellt im Hochtemperatur-Sinterverfahren, hat es h\u00f6here <a href=\"https:\/\/jinsuncarbon.com\/de\/wie-hoch-ist-die-dichte-von-graphit\/\">Dichte<\/a> und H\u00e4rte, ausgezeichnete Verschlei\u00dffestigkeit. Es eignet sich f\u00fcr hohe Geschwindigkeiten, hohen Druck und strenge Dichtungsanforderungen, wie z. B. hochtourig rotierende Gleitringdichtungsteile.<\/p>\n<p><strong><b>\u00a0<\/b><\/strong><\/p>\n<h2>Verwendungen von Graphitdichtungsringen<\/h2>\n<p><strong><b>Petrochemische Industrie:<\/b><\/strong><\/p>\n<p>In Raffinerieanlagen, chemischen Reaktoren, Pipeline-Ventilen und anderen Anlagen k\u00f6nnen Sie damit eine Vielzahl von korrosiven Fl\u00fcssigkeiten und Gasen abdichten. Wie z.B. Roh\u00f6l, raffiniertes \u00d6l, organische Verbindungen usw., um das Austreten von Medien zu verhindern und eine sichere Produktion zu gew\u00e4hrleisten.<\/p>\n<p>&nbsp;<\/p>\n<p><strong><b>Energiewirtschaft: <\/b><\/strong><\/p>\n<p>Sie k\u00f6nnen Graphitdichtungsringe in Dampfturbinen, Wasserpumpen, Rohrleitungen und anderen Teilen zur Abdichtung von Dampf, Wasser, chemischen Stoffen und anderen Medien verwenden. Um den effizienten und stabilen Betrieb von Stromerzeugungsanlagen zu gew\u00e4hrleisten, reduzieren Sie den Energieverbrauch und die Umweltverschmutzung.<\/p>\n<p>&nbsp;<\/p>\n<p><strong><b>Maschinenbauindustrie: <\/b><\/strong><\/p>\n<p>In der rotierenden Welle und den sich hin- und herbewegenden Teilen verschiedener mechanischer Ger\u00e4te, wie Kompressoren, Pumpen, Hydraulikzylindern usw., spielt es eine abdichtende und staubdichte Rolle. Es reduziert den Verschlei\u00df der Ausr\u00fcstung, verl\u00e4ngert die Lebensdauer und verbessert die mechanische Effizienz.<\/p>\n<p>&nbsp;<\/p>\n<p><strong><b>Automobilbauindustrie: <\/b><\/strong><\/p>\n<p>Sie k\u00f6nnen verwenden <a href=\"https:\/\/jinsuncarbon.com\/de\/produkt\/graphitring\/\">Graphitringe<\/a> zur Abdichtung von Schl\u00fcsselkomponenten wie Motor, Getriebe und Bremssystem. Um die Motorleistung, das reibungslose Schalten des Getriebes und die Zuverl\u00e4ssigkeit des Bremssystems zu gew\u00e4hrleisten. Und verbessern die Gesamtleistung und Sicherheit von Fahrzeugen.<\/p>\n<p>&nbsp;<\/p>\n<p><strong><b>Bereich Luft- und Raumfahrt: <\/b><\/strong><\/p>\n<p>Mit seiner hohen Temperaturbest\u00e4ndigkeit, seiner niedrigen Temperaturbest\u00e4ndigkeit, seinem geringen Gewicht und anderen Eigenschaften erf\u00fcllt es die Dichtungsanforderungen von Luft- und Raumfahrtger\u00e4ten in extremen Umgebungen. Wie zum Beispiel in der <a href=\"https:\/\/en.wikipedia.org\/wiki\/Aircraft_engine\" target=\"_blank\" rel=\"noopener\">Flugmotor<\/a>, das Hydrauliksystem des Flugzeugs und andere Komponenten und gew\u00e4hrleistet so die Flugsicherheit.<\/p>\n<p>&nbsp;<\/p>","protected":false},"excerpt":{"rendered":"<p>Der Graphitdichtungsring ist eine Art hochreiner Graphit als Rohstoff, der durch ein spezielles Verfahren zu Ringdichtungselementen verarbeitet wird. Er nutzt die einzigartige Kristallstruktur von Graphit, hat eine hervorragende Dichtungsleistung und spielt eine Schl\u00fcsselrolle in vielen industriellen Szenarien. Es wird h\u00e4ufig in Pumpen, Kompressoren, Reaktoren, Ventilen und anderen Ger\u00e4ten eingesetzt. Es ist eine zuverl\u00e4ssige Wahl, um den stabilen Betrieb von Anlagen zu gew\u00e4hrleisten und den Austritt von Medien zu verhindern.<\/p>\n<p>Ob es sich um die Eigenschaften des Dichtungsmediums, den Betriebsdruck oder die Temperaturbedingungen handelt, Sie k\u00f6nnen ihn durch ein professionelles Verfahren genau an Ihre Spezifikationen anpassen. Es kann ein Graphitdruckring oder ein Kohlegraphitdichtring sein.<\/p>\n<p>&nbsp;<\/p>","protected":false},"featured_media":7518,"template":"","meta":[],"product_brand":[],"product_cat":[38],"product_tag":[],"class_list":{"0":"post-7511","1":"product","2":"type-product","3":"status-publish","4":"has-post-thumbnail","6":"product_cat-graphite-products","8":"first","9":"instock","10":"shipping-taxable","11":"product-type-simple"},"yoast_head":"<!-- This site is optimized with the Yoast SEO Premium plugin v19.2.1 (Yoast SEO v25.3) - https:\/\/yoast.com\/wordpress\/plugins\/seo\/ -->\n<title>Graphite Seal Ring Manufacturers | Jinsun Carbon<\/title>\n<meta name=\"description\" content=\"Graphite Seal Ring Manufacturer in China, It can be widely used as seals in pumps, compressors, reactors, valves and other equipment.\" \/>\n<meta name=\"robots\" content=\"index, follow, max-snippet:-1, max-image-preview:large, max-video-preview:-1\" \/>\n<link rel=\"canonical\" href=\"https:\/\/jinsuncarbon.com\/de\/produkt\/graphit-dichtring\/\" \/>\n<meta property=\"og:locale\" content=\"de_DE\" \/>\n<meta property=\"og:type\" content=\"article\" \/>\n<meta property=\"og:title\" content=\"Graphite Seal Ring\" \/>\n<meta property=\"og:description\" content=\"Graphite Seal Ring Manufacturer in China, It can be widely used as seals in pumps, compressors, reactors, valves and other equipment.\" \/>\n<meta property=\"og:url\" content=\"https:\/\/jinsuncarbon.com\/de\/produkt\/graphit-dichtring\/\" \/>\n<meta property=\"og:site_name\" content=\"Jinsun Carbon\" \/>\n<meta property=\"article:publisher\" content=\"https:\/\/www.facebook.com\/Graphite-Electrode-109336238661595\" \/>\n<meta property=\"article:modified_time\" content=\"2025-02-07T23:02:52+00:00\" \/>\n<meta property=\"og:image\" content=\"https:\/\/jinsuncarbon.com\/wp-content\/uploads\/2025\/02\/Graphite-Seal-Ring.jpg\" \/>\n\t<meta property=\"og:image:width\" content=\"1024\" \/>\n\t<meta property=\"og:image:height\" content=\"763\" \/>\n\t<meta property=\"og:image:type\" content=\"image\/jpeg\" \/>\n<meta name=\"twitter:card\" content=\"summary_large_image\" \/>\n<meta name=\"twitter:site\" content=\"@jinsuncarbon_\" \/>\n<meta name=\"twitter:label1\" content=\"Gesch\u00e4tzte Lesezeit\" \/>\n\t<meta name=\"twitter:data1\" content=\"3\u00a0Minuten\" \/>\n<script type=\"application\/ld+json\" class=\"yoast-schema-graph\">{\"@context\":\"https:\/\/schema.org\",\"@graph\":[{\"@type\":\"WebPage\",\"@id\":\"https:\/\/jinsuncarbon.com\/product\/graphite-seal-ring\/\",\"url\":\"https:\/\/jinsuncarbon.com\/product\/graphite-seal-ring\/\",\"name\":\"Graphite Seal Ring Manufacturers | Jinsun Carbon\",\"isPartOf\":{\"@id\":\"https:\/\/jinsuncarbon.com\/#website\"},\"primaryImageOfPage\":{\"@id\":\"https:\/\/jinsuncarbon.com\/product\/graphite-seal-ring\/#primaryimage\"},\"image\":{\"@id\":\"https:\/\/jinsuncarbon.com\/product\/graphite-seal-ring\/#primaryimage\"},\"thumbnailUrl\":\"https:\/\/jinsuncarbon.com\/wp-content\/uploads\/2025\/02\/Graphite-Seal-Ring.jpg\",\"datePublished\":\"2025-02-07T22:55:11+00:00\",\"dateModified\":\"2025-02-07T23:02:52+00:00\",\"description\":\"Graphite Seal Ring Manufacturer in China, It can be widely used as seals in pumps, compressors, reactors, valves and other equipment.\",\"breadcrumb\":{\"@id\":\"https:\/\/jinsuncarbon.com\/product\/graphite-seal-ring\/#breadcrumb\"},\"inLanguage\":\"de\",\"potentialAction\":[{\"@type\":\"ReadAction\",\"target\":[\"https:\/\/jinsuncarbon.com\/product\/graphite-seal-ring\/\"]}]},{\"@type\":\"ImageObject\",\"inLanguage\":\"de\",\"@id\":\"https:\/\/jinsuncarbon.com\/product\/graphite-seal-ring\/#primaryimage\",\"url\":\"https:\/\/jinsuncarbon.com\/wp-content\/uploads\/2025\/02\/Graphite-Seal-Ring.jpg\",\"contentUrl\":\"https:\/\/jinsuncarbon.com\/wp-content\/uploads\/2025\/02\/Graphite-Seal-Ring.jpg\",\"width\":1024,\"height\":763,\"caption\":\"Graphite Seal Ring\"},{\"@type\":\"BreadcrumbList\",\"@id\":\"https:\/\/jinsuncarbon.com\/product\/graphite-seal-ring\/#breadcrumb\",\"itemListElement\":[{\"@type\":\"ListItem\",\"position\":1,\"name\":\"Home\",\"item\":\"https:\/\/jinsuncarbon.com\/\"},{\"@type\":\"ListItem\",\"position\":2,\"name\":\"Products\",\"item\":\"https:\/\/jinsuncarbon.com\/graphite-carbon\/\"},{\"@type\":\"ListItem\",\"position\":3,\"name\":\"Graphite Seal Ring\"}]},{\"@type\":\"WebSite\",\"@id\":\"https:\/\/jinsuncarbon.com\/#website\",\"url\":\"https:\/\/jinsuncarbon.com\/\",\"name\":\"Jinsun Carbon\",\"description\":\"We are the successful graphite electrode manufacturer in China\",\"publisher\":{\"@id\":\"https:\/\/jinsuncarbon.com\/#organization\"},\"potentialAction\":[{\"@type\":\"SearchAction\",\"target\":{\"@type\":\"EntryPoint\",\"urlTemplate\":\"https:\/\/jinsuncarbon.com\/?s={search_term_string}\"},\"query-input\":{\"@type\":\"PropertyValueSpecification\",\"valueRequired\":true,\"valueName\":\"search_term_string\"}}],\"inLanguage\":\"de\"},{\"@type\":\"Organization\",\"@id\":\"https:\/\/jinsuncarbon.com\/#organization\",\"name\":\"Jinsun Carbon\",\"alternateName\":\"Jinsun Carbon\",\"url\":\"https:\/\/jinsuncarbon.com\/\",\"logo\":{\"@type\":\"ImageObject\",\"inLanguage\":\"de\",\"@id\":\"https:\/\/jinsuncarbon.com\/#\/schema\/logo\/image\/\",\"url\":\"https:\/\/jinsuncarbon.com\/wp-content\/uploads\/2022\/12\/LOGO-1.png\",\"contentUrl\":\"https:\/\/jinsuncarbon.com\/wp-content\/uploads\/2022\/12\/LOGO-1.png\",\"width\":207,\"height\":80,\"caption\":\"Jinsun Carbon\"},\"image\":{\"@id\":\"https:\/\/jinsuncarbon.com\/#\/schema\/logo\/image\/\"},\"sameAs\":[\"https:\/\/www.facebook.com\/Graphite-Electrode-109336238661595\",\"https:\/\/x.com\/jinsuncarbon_\",\"https:\/\/www.linkedin.com\/in\/jinsungraphite\",\"https:\/\/www.youtube.com\/channel\/UCysDNyvyR5-3cCWEmpkVC0g\"]}]}<\/script>\n<!-- \/ Yoast SEO Premium plugin. -->","yoast_head_json":{"title":"Graphit Dichtungsring Hersteller | Jinsun Carbon","description":"Graphit Dichtungsring Hersteller in China, Es kann weithin als Dichtungen in Pumpen, Kompressoren, Reaktoren, Ventile und andere Ger\u00e4te verwendet werden.","robots":{"index":"index","follow":"follow","max-snippet":"max-snippet:-1","max-image-preview":"max-image-preview:large","max-video-preview":"max-video-preview:-1"},"canonical":"https:\/\/jinsuncarbon.com\/de\/produkt\/graphit-dichtring\/","og_locale":"de_DE","og_type":"article","og_title":"Graphite Seal Ring","og_description":"Graphite Seal Ring Manufacturer in China, It can be widely used as seals in pumps, compressors, reactors, valves and other equipment.","og_url":"https:\/\/jinsuncarbon.com\/de\/produkt\/graphit-dichtring\/","og_site_name":"Jinsun Carbon","article_publisher":"https:\/\/www.facebook.com\/Graphite-Electrode-109336238661595","article_modified_time":"2025-02-07T23:02:52+00:00","og_image":[{"width":1024,"height":763,"url":"https:\/\/jinsuncarbon.com\/wp-content\/uploads\/2025\/02\/Graphite-Seal-Ring.jpg","type":"image\/jpeg"}],"twitter_card":"summary_large_image","twitter_site":"@jinsuncarbon_","twitter_misc":{"Gesch\u00e4tzte Lesezeit":"3\u00a0Minuten"},"schema":{"@context":"https:\/\/schema.org","@graph":[{"@type":"WebPage","@id":"https:\/\/jinsuncarbon.com\/product\/graphite-seal-ring\/","url":"https:\/\/jinsuncarbon.com\/product\/graphite-seal-ring\/","name":"Graphit Dichtungsring Hersteller | Jinsun Carbon","isPartOf":{"@id":"https:\/\/jinsuncarbon.com\/#website"},"primaryImageOfPage":{"@id":"https:\/\/jinsuncarbon.com\/product\/graphite-seal-ring\/#primaryimage"},"image":{"@id":"https:\/\/jinsuncarbon.com\/product\/graphite-seal-ring\/#primaryimage"},"thumbnailUrl":"https:\/\/jinsuncarbon.com\/wp-content\/uploads\/2025\/02\/Graphite-Seal-Ring.jpg","datePublished":"2025-02-07T22:55:11+00:00","dateModified":"2025-02-07T23:02:52+00:00","description":"Graphit Dichtungsring Hersteller in China, Es kann weithin als Dichtungen in Pumpen, Kompressoren, Reaktoren, Ventile und andere Ger\u00e4te verwendet werden.","breadcrumb":{"@id":"https:\/\/jinsuncarbon.com\/product\/graphite-seal-ring\/#breadcrumb"},"inLanguage":"de","potentialAction":[{"@type":"ReadAction","target":["https:\/\/jinsuncarbon.com\/product\/graphite-seal-ring\/"]}]},{"@type":"ImageObject","inLanguage":"de","@id":"https:\/\/jinsuncarbon.com\/product\/graphite-seal-ring\/#primaryimage","url":"https:\/\/jinsuncarbon.com\/wp-content\/uploads\/2025\/02\/Graphite-Seal-Ring.jpg","contentUrl":"https:\/\/jinsuncarbon.com\/wp-content\/uploads\/2025\/02\/Graphite-Seal-Ring.jpg","width":1024,"height":763,"caption":"Graphite Seal Ring"},{"@type":"BreadcrumbList","@id":"https:\/\/jinsuncarbon.com\/product\/graphite-seal-ring\/#breadcrumb","itemListElement":[{"@type":"ListItem","position":1,"name":"Home","item":"https:\/\/jinsuncarbon.com\/"},{"@type":"ListItem","position":2,"name":"Products","item":"https:\/\/jinsuncarbon.com\/graphite-carbon\/"},{"@type":"ListItem","position":3,"name":"Graphite Seal Ring"}]},{"@type":"WebSite","@id":"https:\/\/jinsuncarbon.com\/#website","url":"https:\/\/jinsuncarbon.com\/","name":"Jinsun Kohlenstoff","description":"Wir sind der erfolgreiche Hersteller von Graphitelektroden in China","publisher":{"@id":"https:\/\/jinsuncarbon.com\/#organization"},"potentialAction":[{"@type":"SearchAction","target":{"@type":"EntryPoint","urlTemplate":"https:\/\/jinsuncarbon.com\/?s={search_term_string}"},"query-input":{"@type":"PropertyValueSpecification","valueRequired":true,"valueName":"search_term_string"}}],"inLanguage":"de"},{"@type":"Organization","@id":"https:\/\/jinsuncarbon.com\/#organization","name":"Jinsun Kohlenstoff","alternateName":"Jinsun Carbon","url":"https:\/\/jinsuncarbon.com\/","logo":{"@type":"ImageObject","inLanguage":"de","@id":"https:\/\/jinsuncarbon.com\/#\/schema\/logo\/image\/","url":"https:\/\/jinsuncarbon.com\/wp-content\/uploads\/2022\/12\/LOGO-1.png","contentUrl":"https:\/\/jinsuncarbon.com\/wp-content\/uploads\/2022\/12\/LOGO-1.png","width":207,"height":80,"caption":"Jinsun Carbon"},"image":{"@id":"https:\/\/jinsuncarbon.com\/#\/schema\/logo\/image\/"},"sameAs":["https:\/\/www.facebook.com\/Graphite-Electrode-109336238661595","https:\/\/x.com\/jinsuncarbon_","https:\/\/www.linkedin.com\/in\/jinsungraphite","https:\/\/www.youtube.com\/channel\/UCysDNyvyR5-3cCWEmpkVC0g"]}]}},"_links":{"self":[{"href":"https:\/\/jinsuncarbon.com\/de\/wp-json\/wp\/v2\/product\/7511","targetHints":{"allow":["GET"]}}],"collection":[{"href":"https:\/\/jinsuncarbon.com\/de\/wp-json\/wp\/v2\/product"}],"about":[{"href":"https:\/\/jinsuncarbon.com\/de\/wp-json\/wp\/v2\/types\/product"}],"wp:featuredmedia":[{"embeddable":true,"href":"https:\/\/jinsuncarbon.com\/de\/wp-json\/wp\/v2\/media\/7518"}],"wp:attachment":[{"href":"https:\/\/jinsuncarbon.com\/de\/wp-json\/wp\/v2\/media?parent=7511"}],"wp:term":[{"taxonomy":"product_brand","embeddable":true,"href":"https:\/\/jinsuncarbon.com\/de\/wp-json\/wp\/v2\/product_brand?post=7511"},{"taxonomy":"product_cat","embeddable":true,"href":"https:\/\/jinsuncarbon.com\/de\/wp-json\/wp\/v2\/product_cat?post=7511"},{"taxonomy":"product_tag","embeddable":true,"href":"https:\/\/jinsuncarbon.com\/de\/wp-json\/wp\/v2\/product_tag?post=7511"}],"curies":[{"name":"wp","href":"https:\/\/api.w.org\/{rel}","templated":true}]}}