{"id":7453,"date":"2025-01-27T02:20:01","date_gmt":"2025-01-27T02:20:01","guid":{"rendered":"https:\/\/jinsuncarbon.com\/?post_type=product&#038;p=7453"},"modified":"2025-01-27T02:21:16","modified_gmt":"2025-01-27T02:21:16","slug":"formen-fur-goldbarren","status":"publish","type":"product","link":"https:\/\/jinsuncarbon.com\/de\/produkt\/formen-fur-goldbarren\/","title":{"rendered":"Formen f\u00fcr Goldbarren"},"content":{"rendered":"<h2 class=\"ql-align-justify\">Formen f\u00fcr Goldbarren zu verkaufen<\/h2>\n<h3 class=\"ql-align-justify\">Vorteile der Goldbarrengie\u00dfform<\/h3>\n<ul>\n<li class=\"ql-align-justify\"><strong>Hohe Ma\u00dfhaltigkeit<\/strong><\/li>\n<\/ul>\n<p class=\"ql-align-justify\">Die Abweichung ist sehr gering, kann die finanzielle Lagerung, den Handel und die industrielle Fertigung von seinen Spezifikationen strengen Anforderungen gerecht zu werden.<\/p>\n<ul>\n<li class=\"ql-align-justify\"><strong>Gro\u00dfe strukturelle St\u00e4rke<\/strong><\/li>\n<\/ul>\n<p class=\"ql-align-justify\">Es kann die Auswirkungen und den Druck von Hochtemperatur-Fl\u00fcssiggold zu widerstehen, wiederholte Verwendung ist nicht leicht zu verformen, Sch\u00e4den.<\/p>\n<ul>\n<li class=\"ql-align-justify\"><strong>Hohe Gl\u00e4tte der Oberfl\u00e4che<\/strong><\/li>\n<\/ul>\n<p class=\"ql-align-justify\">Dies beg\u00fcnstigt das Abl\u00f6sen des Goldbarrens und besch\u00e4digt nicht die Oberfl\u00e4che des Goldbarrens. Um sicherzustellen, dass die Oberfl\u00e4che des Goldbarrens glatt ist.<\/p>\n<ul>\n<li class=\"ql-align-justify\"><strong>Hohe chemische Stabilit\u00e4t<\/strong><\/li>\n<\/ul>\n<p class=\"ql-align-justify\">Es reagiert nicht mit Gold, um die Reinheit und Qualit\u00e4t der Goldbarren zu gew\u00e4hrleisten.<\/p>\n<p>&nbsp;<\/p>\n<h2 class=\"ql-align-justify\">Produktionsprozess f\u00fcr Goldbarrenformen<\/h2>\n<p class=\"ql-align-justify\">Wir produzieren den hochwertigen Graphitgoldbarren <a href=\"https:\/\/jinsuncarbon.com\/de\/produkt\/graphitform\/\">Form<\/a>und wir m\u00fcssen strenge Schritte einhalten:<\/p>\n<p class=\"ql-align-justify\"><strong>Schritt 1. W\u00e4hlen Sie das Formmaterial:<\/strong><\/p>\n<p class=\"ql-align-justify\">Die Auswahl von hochreinen <a href=\"https:\/\/jinsuncarbon.com\/de\/produkt\/naturflockengraphit\/\">Lamellengraphit<\/a> als Material f\u00fcr die Herstellung von Goldbarrenformen. Es hat eine ausgezeichnete Hochtemperaturbest\u00e4ndigkeit und Antihafteigenschaften, um die beste Leistung im Goldbarrengussprozess zu gew\u00e4hrleisten.<\/p>\n<p class=\"ql-align-justify\"><strong>Schritt 2. Verarbeitung von Rohstoffen:<\/strong><\/p>\n<p class=\"ql-align-justify\">Zun\u00e4chst zerkleinern wir den Graphit, um seine Partikelgr\u00f6\u00dfe in den entsprechenden Bereich zu bringen. Durch anschlie\u00dfende Reinigungsvorg\u00e4nge werden Verunreinigungen entfernt, um die Reinheit zu verbessern. Schlie\u00dflich wird der behandelte Graphit durch Formpressen oder isostatisches Pressen zu einem Rohling verarbeitet.<\/p>\n<p class=\"ql-align-justify\"><strong>Schritt 3. Formgebung und Endbearbeitung:<\/strong><\/p>\n<p class=\"ql-align-justify\">Der Einsatz von CNC-Bearbeitungsmaschinen, nach der genauen Form Design-Zeichnungen, die Graphit vorl\u00e4ufigen Blank Schneiden, Bohren, Schleifen und andere mechanische Bearbeitung. Zur Herstellung einer Goldbarrenform, die die Anforderungen an die Ma\u00dfgenauigkeit und Oberfl\u00e4chenqualit\u00e4t erf\u00fcllt. Schlie\u00dflich werden wir fein-trimmen die Form, und behandeln die Oberfl\u00e4chenbeschichtung, um seine Haltbarkeit und Release-Leistung zu verbessern.<\/p>\n<p>&nbsp;<\/p>\n<h2 class=\"ql-align-justify\">Verwendungen von Goldbarrengie\u00dfformen<\/h2>\n<p class=\"ql-align-justify\">Die Goldbarrenform ist weit verbreitet und wird haupts\u00e4chlich in den folgenden Bereichen eingesetzt.<\/p>\n<p class=\"ql-align-justify\"><strong>Bereich Finanzanlagen:<\/strong><\/p>\n<p class=\"ql-align-justify\">Wir verf\u00fcgen \u00fcber eine gro\u00dfe Anzahl von Standardspezifikationen f\u00fcr Goldbarren, um die Nachfrage der Investoren nach Goldanlagen zu erf\u00fcllen. Zum Beispiel, 1 Unze, 10 Unzen, 1 Kilogramm, etc. Er ist ein wichtiger Tr\u00e4ger des Goldumlaufs auf dem Finanzmarkt.<\/p>\n<p class=\"ql-align-justify\"><strong>Feld der Gedenksammlung:<\/strong><\/p>\n<p class=\"ql-align-justify\">Herstellung einer Vielzahl von Goldbarren mit Gedenk- und Sammlungswert, wie z. B. Goldbarren zum Gedenken an wichtige historische Ereignisse, kulturelle Aktivit\u00e4ten usw. Durch einzigartiges Design und Technologie erh\u00f6hen wir den k\u00fcnstlerischen Wert und den Sammlungswert von Goldbarren.<\/p>\n<p class=\"ql-align-justify\"><strong>Industrielle Fertigung:<\/strong><\/p>\n<p class=\"ql-align-justify\">Liefern Sie Kn\u00fcppel f\u00fcr einige industrielle Produktionen mit besonderen Anforderungen an Form und Gr\u00f6\u00dfe von Gold. Wie z.B. Goldverbinder, die in der <a href=\"https:\/\/en.wikipedia.org\/wiki\/Electronics_industry\" target=\"_blank\" rel=\"noopener\">Elektronikindustrie<\/a>Goldschmiedeteile in der hochwertigen Dekorationsindustrie, usw.. Sie gew\u00e4hrleistet die Genauigkeit und Qualit\u00e4t der Kn\u00fcppel und bildet die Grundlage f\u00fcr die weitere Verarbeitung.<\/p>\n<p class=\"ql-align-justify\">","protected":false},"excerpt":{"rendered":"<p class=\"ql-align-justify\">Die Goldbarrenform ist ein Instrument, das speziell zum Gie\u00dfen von fl\u00fcssigem Gold in Goldbarren verwendet wird. Sie besteht meist aus hochtemperaturbest\u00e4ndigen, hochfesten und chemisch stabilen Materialien, wie z. B. hochwertigem Graphit.<\/p>\n<p class=\"ql-align-justify\">Durch eine pr\u00e4zise Formgestaltung k\u00f6nnen Goldbarren mit genauer Gr\u00f6\u00dfe und regelm\u00e4\u00dfiger Form hergestellt werden. Sie spielt eine Schl\u00fcsselrolle in der Goldproduktion und -verarbeitung. Nach Ihren speziellen Bed\u00fcrfnissen k\u00f6nnen wir kundenspezifische Goldbarrenformen in verschiedenen Gewichten, Formen oder mit einem einzigartigen Muster Logo.<\/p>\n<p class=\"ql-align-justify\">","protected":false},"featured_media":7457,"template":"","meta":[],"product_brand":[],"product_cat":[38],"product_tag":[],"class_list":{"0":"post-7453","1":"product","2":"type-product","3":"status-publish","4":"has-post-thumbnail","6":"product_cat-graphite-products","8":"first","9":"instock","10":"shipping-taxable","11":"product-type-simple"},"yoast_head":"<!-- This site is optimized with the Yoast SEO Premium plugin v19.2.1 (Yoast SEO v25.3) - https:\/\/yoast.com\/wordpress\/plugins\/seo\/ -->\n<title>Gold Bar Molds Manufacturer in China | Jinsun Carbon<\/title>\n<meta name=\"description\" content=\"Gold bar molds for sale, Graphite has good high temperature resistance and high thermal conductivity, making it suitable for the melting process of gold.\" \/>\n<meta name=\"robots\" content=\"index, follow, max-snippet:-1, max-image-preview:large, max-video-preview:-1\" \/>\n<link rel=\"canonical\" href=\"https:\/\/jinsuncarbon.com\/de\/produkt\/formen-fur-goldbarren\/\" \/>\n<meta property=\"og:locale\" content=\"de_DE\" \/>\n<meta property=\"og:type\" content=\"article\" \/>\n<meta property=\"og:title\" content=\"Gold Bar Molds\" \/>\n<meta property=\"og:description\" content=\"Gold bar molds for sale, Graphite has good high temperature resistance and high thermal conductivity, making it suitable for the melting process of gold.\" \/>\n<meta property=\"og:url\" content=\"https:\/\/jinsuncarbon.com\/de\/produkt\/formen-fur-goldbarren\/\" \/>\n<meta property=\"og:site_name\" content=\"Jinsun Carbon\" \/>\n<meta property=\"article:publisher\" content=\"https:\/\/www.facebook.com\/Graphite-Electrode-109336238661595\" \/>\n<meta property=\"article:modified_time\" content=\"2025-01-27T02:21:16+00:00\" \/>\n<meta property=\"og:image\" content=\"https:\/\/jinsuncarbon.com\/wp-content\/uploads\/2025\/01\/Gold-Bar-Mold.jpg\" \/>\n\t<meta property=\"og:image:width\" content=\"1024\" \/>\n\t<meta property=\"og:image:height\" content=\"763\" \/>\n\t<meta property=\"og:image:type\" content=\"image\/jpeg\" \/>\n<meta name=\"twitter:card\" content=\"summary_large_image\" \/>\n<meta name=\"twitter:site\" content=\"@jinsuncarbon_\" \/>\n<meta name=\"twitter:label1\" content=\"Gesch\u00e4tzte Lesezeit\" \/>\n\t<meta name=\"twitter:data1\" content=\"3\u00a0Minuten\" \/>\n<script type=\"application\/ld+json\" class=\"yoast-schema-graph\">{\"@context\":\"https:\/\/schema.org\",\"@graph\":[{\"@type\":\"WebPage\",\"@id\":\"https:\/\/jinsuncarbon.com\/product\/gold-bar-molds\/\",\"url\":\"https:\/\/jinsuncarbon.com\/product\/gold-bar-molds\/\",\"name\":\"Gold Bar Molds Manufacturer in China | Jinsun Carbon\",\"isPartOf\":{\"@id\":\"https:\/\/jinsuncarbon.com\/#website\"},\"primaryImageOfPage\":{\"@id\":\"https:\/\/jinsuncarbon.com\/product\/gold-bar-molds\/#primaryimage\"},\"image\":{\"@id\":\"https:\/\/jinsuncarbon.com\/product\/gold-bar-molds\/#primaryimage\"},\"thumbnailUrl\":\"https:\/\/jinsuncarbon.com\/wp-content\/uploads\/2025\/01\/Gold-Bar-Mold.jpg\",\"datePublished\":\"2025-01-27T02:20:01+00:00\",\"dateModified\":\"2025-01-27T02:21:16+00:00\",\"description\":\"Gold bar molds for sale, Graphite has good high temperature resistance and high thermal conductivity, making it suitable for the melting process of gold.\",\"breadcrumb\":{\"@id\":\"https:\/\/jinsuncarbon.com\/product\/gold-bar-molds\/#breadcrumb\"},\"inLanguage\":\"de\",\"potentialAction\":[{\"@type\":\"ReadAction\",\"target\":[\"https:\/\/jinsuncarbon.com\/product\/gold-bar-molds\/\"]}]},{\"@type\":\"ImageObject\",\"inLanguage\":\"de\",\"@id\":\"https:\/\/jinsuncarbon.com\/product\/gold-bar-molds\/#primaryimage\",\"url\":\"https:\/\/jinsuncarbon.com\/wp-content\/uploads\/2025\/01\/Gold-Bar-Mold.jpg\",\"contentUrl\":\"https:\/\/jinsuncarbon.com\/wp-content\/uploads\/2025\/01\/Gold-Bar-Mold.jpg\",\"width\":1024,\"height\":763,\"caption\":\"Gold Bar Mold\"},{\"@type\":\"BreadcrumbList\",\"@id\":\"https:\/\/jinsuncarbon.com\/product\/gold-bar-molds\/#breadcrumb\",\"itemListElement\":[{\"@type\":\"ListItem\",\"position\":1,\"name\":\"Home\",\"item\":\"https:\/\/jinsuncarbon.com\/\"},{\"@type\":\"ListItem\",\"position\":2,\"name\":\"Products\",\"item\":\"https:\/\/jinsuncarbon.com\/graphite-carbon\/\"},{\"@type\":\"ListItem\",\"position\":3,\"name\":\"Gold Bar Molds\"}]},{\"@type\":\"WebSite\",\"@id\":\"https:\/\/jinsuncarbon.com\/#website\",\"url\":\"https:\/\/jinsuncarbon.com\/\",\"name\":\"Jinsun Carbon\",\"description\":\"We are the successful graphite electrode manufacturer in China\",\"publisher\":{\"@id\":\"https:\/\/jinsuncarbon.com\/#organization\"},\"potentialAction\":[{\"@type\":\"SearchAction\",\"target\":{\"@type\":\"EntryPoint\",\"urlTemplate\":\"https:\/\/jinsuncarbon.com\/?s={search_term_string}\"},\"query-input\":{\"@type\":\"PropertyValueSpecification\",\"valueRequired\":true,\"valueName\":\"search_term_string\"}}],\"inLanguage\":\"de\"},{\"@type\":\"Organization\",\"@id\":\"https:\/\/jinsuncarbon.com\/#organization\",\"name\":\"Jinsun Carbon\",\"alternateName\":\"Jinsun Carbon\",\"url\":\"https:\/\/jinsuncarbon.com\/\",\"logo\":{\"@type\":\"ImageObject\",\"inLanguage\":\"de\",\"@id\":\"https:\/\/jinsuncarbon.com\/#\/schema\/logo\/image\/\",\"url\":\"https:\/\/jinsuncarbon.com\/wp-content\/uploads\/2022\/12\/LOGO-1.png\",\"contentUrl\":\"https:\/\/jinsuncarbon.com\/wp-content\/uploads\/2022\/12\/LOGO-1.png\",\"width\":207,\"height\":80,\"caption\":\"Jinsun Carbon\"},\"image\":{\"@id\":\"https:\/\/jinsuncarbon.com\/#\/schema\/logo\/image\/\"},\"sameAs\":[\"https:\/\/www.facebook.com\/Graphite-Electrode-109336238661595\",\"https:\/\/x.com\/jinsuncarbon_\",\"https:\/\/www.linkedin.com\/in\/jinsungraphite\",\"https:\/\/www.youtube.com\/channel\/UCysDNyvyR5-3cCWEmpkVC0g\"]}]}<\/script>\n<!-- \/ Yoast SEO Premium plugin. -->","yoast_head_json":{"title":"Goldbarrenformen Hersteller in China | Jinsun Carbon","description":"Goldbarrenformen zum Verkauf, Graphit hat eine gute Hochtemperaturbest\u00e4ndigkeit und eine hohe W\u00e4rmeleitf\u00e4higkeit, wodurch es f\u00fcr den Schmelzprozess von Gold geeignet ist.","robots":{"index":"index","follow":"follow","max-snippet":"max-snippet:-1","max-image-preview":"max-image-preview:large","max-video-preview":"max-video-preview:-1"},"canonical":"https:\/\/jinsuncarbon.com\/de\/produkt\/formen-fur-goldbarren\/","og_locale":"de_DE","og_type":"article","og_title":"Gold Bar Molds","og_description":"Gold bar molds for sale, Graphite has good high temperature resistance and high thermal conductivity, making it suitable for the melting process of gold.","og_url":"https:\/\/jinsuncarbon.com\/de\/produkt\/formen-fur-goldbarren\/","og_site_name":"Jinsun Carbon","article_publisher":"https:\/\/www.facebook.com\/Graphite-Electrode-109336238661595","article_modified_time":"2025-01-27T02:21:16+00:00","og_image":[{"width":1024,"height":763,"url":"https:\/\/jinsuncarbon.com\/wp-content\/uploads\/2025\/01\/Gold-Bar-Mold.jpg","type":"image\/jpeg"}],"twitter_card":"summary_large_image","twitter_site":"@jinsuncarbon_","twitter_misc":{"Gesch\u00e4tzte Lesezeit":"3\u00a0Minuten"},"schema":{"@context":"https:\/\/schema.org","@graph":[{"@type":"WebPage","@id":"https:\/\/jinsuncarbon.com\/product\/gold-bar-molds\/","url":"https:\/\/jinsuncarbon.com\/product\/gold-bar-molds\/","name":"Goldbarrenformen Hersteller in China | Jinsun Carbon","isPartOf":{"@id":"https:\/\/jinsuncarbon.com\/#website"},"primaryImageOfPage":{"@id":"https:\/\/jinsuncarbon.com\/product\/gold-bar-molds\/#primaryimage"},"image":{"@id":"https:\/\/jinsuncarbon.com\/product\/gold-bar-molds\/#primaryimage"},"thumbnailUrl":"https:\/\/jinsuncarbon.com\/wp-content\/uploads\/2025\/01\/Gold-Bar-Mold.jpg","datePublished":"2025-01-27T02:20:01+00:00","dateModified":"2025-01-27T02:21:16+00:00","description":"Goldbarrenformen zum Verkauf, Graphit hat eine gute Hochtemperaturbest\u00e4ndigkeit und eine hohe W\u00e4rmeleitf\u00e4higkeit, wodurch es f\u00fcr den Schmelzprozess von Gold geeignet ist.","breadcrumb":{"@id":"https:\/\/jinsuncarbon.com\/product\/gold-bar-molds\/#breadcrumb"},"inLanguage":"de","potentialAction":[{"@type":"ReadAction","target":["https:\/\/jinsuncarbon.com\/product\/gold-bar-molds\/"]}]},{"@type":"ImageObject","inLanguage":"de","@id":"https:\/\/jinsuncarbon.com\/product\/gold-bar-molds\/#primaryimage","url":"https:\/\/jinsuncarbon.com\/wp-content\/uploads\/2025\/01\/Gold-Bar-Mold.jpg","contentUrl":"https:\/\/jinsuncarbon.com\/wp-content\/uploads\/2025\/01\/Gold-Bar-Mold.jpg","width":1024,"height":763,"caption":"Gold Bar Mold"},{"@type":"BreadcrumbList","@id":"https:\/\/jinsuncarbon.com\/product\/gold-bar-molds\/#breadcrumb","itemListElement":[{"@type":"ListItem","position":1,"name":"Home","item":"https:\/\/jinsuncarbon.com\/"},{"@type":"ListItem","position":2,"name":"Products","item":"https:\/\/jinsuncarbon.com\/graphite-carbon\/"},{"@type":"ListItem","position":3,"name":"Gold Bar Molds"}]},{"@type":"WebSite","@id":"https:\/\/jinsuncarbon.com\/#website","url":"https:\/\/jinsuncarbon.com\/","name":"Jinsun Kohlenstoff","description":"Wir sind der erfolgreiche Hersteller von Graphitelektroden in China","publisher":{"@id":"https:\/\/jinsuncarbon.com\/#organization"},"potentialAction":[{"@type":"SearchAction","target":{"@type":"EntryPoint","urlTemplate":"https:\/\/jinsuncarbon.com\/?s={search_term_string}"},"query-input":{"@type":"PropertyValueSpecification","valueRequired":true,"valueName":"search_term_string"}}],"inLanguage":"de"},{"@type":"Organization","@id":"https:\/\/jinsuncarbon.com\/#organization","name":"Jinsun Kohlenstoff","alternateName":"Jinsun Carbon","url":"https:\/\/jinsuncarbon.com\/","logo":{"@type":"ImageObject","inLanguage":"de","@id":"https:\/\/jinsuncarbon.com\/#\/schema\/logo\/image\/","url":"https:\/\/jinsuncarbon.com\/wp-content\/uploads\/2022\/12\/LOGO-1.png","contentUrl":"https:\/\/jinsuncarbon.com\/wp-content\/uploads\/2022\/12\/LOGO-1.png","width":207,"height":80,"caption":"Jinsun Carbon"},"image":{"@id":"https:\/\/jinsuncarbon.com\/#\/schema\/logo\/image\/"},"sameAs":["https:\/\/www.facebook.com\/Graphite-Electrode-109336238661595","https:\/\/x.com\/jinsuncarbon_","https:\/\/www.linkedin.com\/in\/jinsungraphite","https:\/\/www.youtube.com\/channel\/UCysDNyvyR5-3cCWEmpkVC0g"]}]}},"_links":{"self":[{"href":"https:\/\/jinsuncarbon.com\/de\/wp-json\/wp\/v2\/product\/7453","targetHints":{"allow":["GET"]}}],"collection":[{"href":"https:\/\/jinsuncarbon.com\/de\/wp-json\/wp\/v2\/product"}],"about":[{"href":"https:\/\/jinsuncarbon.com\/de\/wp-json\/wp\/v2\/types\/product"}],"wp:featuredmedia":[{"embeddable":true,"href":"https:\/\/jinsuncarbon.com\/de\/wp-json\/wp\/v2\/media\/7457"}],"wp:attachment":[{"href":"https:\/\/jinsuncarbon.com\/de\/wp-json\/wp\/v2\/media?parent=7453"}],"wp:term":[{"taxonomy":"product_brand","embeddable":true,"href":"https:\/\/jinsuncarbon.com\/de\/wp-json\/wp\/v2\/product_brand?post=7453"},{"taxonomy":"product_cat","embeddable":true,"href":"https:\/\/jinsuncarbon.com\/de\/wp-json\/wp\/v2\/product_cat?post=7453"},{"taxonomy":"product_tag","embeddable":true,"href":"https:\/\/jinsuncarbon.com\/de\/wp-json\/wp\/v2\/product_tag?post=7453"}],"curies":[{"name":"wp","href":"https:\/\/api.w.org\/{rel}","templated":true}]}}