{"id":7441,"date":"2025-01-25T14:52:45","date_gmt":"2025-01-25T14:52:45","guid":{"rendered":"https:\/\/jinsuncarbon.com\/?post_type=product&#038;p=7441"},"modified":"2025-10-07T02:21:55","modified_gmt":"2025-10-07T02:21:55","slug":"kohle-stabelektrode","status":"publish","type":"product","link":"https:\/\/jinsuncarbon.com\/de\/produkt\/kohle-stabelektrode\/","title":{"rendered":"Kohle-Stabelektrode"},"content":{"rendered":"<h2>Vorteile der Kohlestabelektrode<\/h2>\n<p>Das Aussehen der Kohlenstoffstabelektrode ist zylindrisch. Ihre Vorteile sind herausragend.<\/p>\n<p><strong><b>G<\/b><\/strong><strong><b>gute elektrische Leitf\u00e4higkeit<\/b><\/strong><\/p>\n<p>Es kann den Strom effizient leiten, um den reibungslosen Ablauf der elektrochemischen Reaktion zu gew\u00e4hrleisten.<\/p>\n<p>&nbsp;<\/p>\n<p><strong><b>Stabile chemische Eigenschaften<\/b><\/strong><\/p>\n<p>In einer Vielzahl von chemischen Umgebungen sind nicht leicht zu korrodieren und oxidiert werden, und kann die langfristige Stabilit\u00e4t.<\/p>\n<p><strong><b>\u00a0<\/b><\/strong><\/p>\n<p><strong><b>Ausgezeichnete Hochtemperaturbest\u00e4ndigkeit<\/b><\/strong><\/p>\n<p>Es kann hohen Temperaturen ohne offensichtliche Verformung oder Besch\u00e4digung standhalten und eignet sich f\u00fcr den Einsatz bei hohen Temperaturen.<\/p>\n<p><strong><b>\u00a0<\/b><\/strong><\/p>\n<p><strong><b>Hohe mechanische Festigkeit<\/b><\/strong><\/p>\n<p>Es ist nicht leicht zu brechen und einfach zu installieren und zu benutzen.<\/p>\n<p>&nbsp;<\/p>\n<p><strong><b>R<\/b><\/strong><strong><b>relativ geringe Kosten <\/b><\/strong><\/p>\n<p>Es ist kosteng\u00fcnstig und eignet sich f\u00fcr gro\u00df angelegte Anwendungen.<\/p>\n<p>&nbsp;<\/p>\n<p><strong><b>G<\/b><\/strong><strong><b>gute Verarbeitungsleistung <\/b><\/strong><\/p>\n<p>Sie k\u00f6nnen je nach Bedarf geschnitten, geschliffen und anderweitig bearbeitet werden. Je nach Ihren spezifischen Anforderungen werden Kohlestabelektroden so bearbeitet, dass sie Ihren Gr\u00f6\u00dfen- und Anwendungsanforderungen entsprechen.<\/p>\n<p>&nbsp;<\/p>\n<p>Dar\u00fcber hinaus k\u00f6nnen Sie zwischen einfachen Kohlenstoffelektroden, hochreinen Kohlenstoffelektroden, standardm\u00e4\u00dfigen geraden Kohlenstoffelektroden, kundenspezifisch geformten Kohlenstoffelektroden und anderen Arten von Kohlenstoffelektroden w\u00e4hlen.<\/p>\n<p>&nbsp;<\/p>\n<h2>Verwendungszwecke von Kohlestabelektroden<\/h2>\n<p>Die Verwendung von Kohlestabelektroden ist sehr breit gef\u00e4chert und umfasst haupts\u00e4chlich die folgenden Aspekte.<\/p>\n<h3>Elektrochemische Industrie<\/h3>\n<p><strong><b>E<\/b><\/strong><strong><b>lectroplating: <\/b><\/strong><\/p>\n<p>Als Anode im Galvanisierungsprozess liefert sie einen stabilen Strom f\u00fcr die Galvanisierungsl\u00f6sung. So werden die Metallionen gleichm\u00e4\u00dfig auf der Oberfl\u00e4che der zu beschichtenden Teile abgeschieden. Zum Beispiel beim Verkupfern und Verchromen von Hardware-Produkten.<\/p>\n<p>&nbsp;<\/p>\n<h4>Kohlestabelektrode f\u00fcr <strong>Elektrolyse: <\/strong><\/h4>\n<p>Sie k\u00f6nnen es in der Chlor-Alkali-Industrie f\u00fcr die Elektrolyse von Wasser zur Herstellung von Wasserstoff und Sauerstoff verwenden. Und die Elektrolyse von Salzwasser zur Herstellung von Natronlauge, Chlorgas und Wasserstoff. Sie k\u00f6nnen es als Anodenmaterial verwenden, um einer hohen Konzentration von Elektrolyt und starkem Strom standzuhalten und eine effiziente elektrolytische Reaktion zu erreichen.<\/p>\n<p>&nbsp;<\/p>\n<h3>Kohlestabelektrode im Batteriebereich<\/h3>\n<p><strong><b>P<\/b><\/strong><strong><b>r\u00e4re Batterie: <\/b><\/strong><\/p>\n<p>Wie gemeinsame Zink-Mangan-Trockenbatterie, Kohlenstoff-Stab als eine positive Elektrode Material. Es beteiligt sich an der Batterie Entladung Prozess, Leitung Elektronen, so dass die <a href=\"https:\/\/www.energy.gov\/science\/doe-explainsbatteries\" target=\"_blank\" rel=\"noopener\">Batterie<\/a> elektrische Energie abgeben kann.<\/p>\n<p>&nbsp;<\/p>\n<p><strong><b>Sekund\u00e4rbatterien: <\/b><\/strong><\/p>\n<p>In der Forschung und Produktion von einigen neuen sekund\u00e4ren Batterien, k\u00f6nnen Sie auch als eine Auswahl von Elektroden-Materialien zu verwenden. Zur Teilnahme an der Ladung und Entladung Reaktion der Batterie, wie einige neue Wasser-Batterien.<\/p>\n<p>&nbsp;<\/p>\n<h3>Bogen-Anwendung<\/h3>\n<p><strong><b>Lichtbogenofen:<\/b><\/strong><\/p>\n<p>Im elektrischen Lichtbogenofen der Eisen- und Stahlverh\u00fcttung und anderer Industrien k\u00f6nnen Sie Kohlestabelektroden verwenden, um einen Lichtbogen zu erzeugen. Die hohe Temperatur des Lichtbogens wird zum Schmelzen von Metallrohstoffen verwendet. Um das Schmelzen von Stahl und anderen Metallen zu erreichen.<\/p>\n<p>&nbsp;<\/p>\n<h4>Kohlestabelektrode zum Lichtbogenschwei\u00dfen:<\/h4>\n<p>In der <a href=\"https:\/\/jinsuncarbon.com\/de\/kohlenstoff-lichtbogenschweisen\/\">Lichtbogenschwei\u00dfen<\/a> Prozess k\u00f6nnen Sie es als Hilfsmittel f\u00fcr die Lichtbogenz\u00fcndung oder die lokale Erw\u00e4rmung in bestimmten F\u00e4llen verwenden.<\/p>\n<p>&nbsp;<\/p>\n<h3>Andere Bereiche<\/h3>\n<p><strong><b>EDM:<\/b><\/strong><\/p>\n<p>In der <a href=\"https:\/\/en.wikipedia.org\/wiki\/Electrical_discharge_machining\" target=\"_blank\" rel=\"noopener\">EDM<\/a> im Bereich der Formenbau und anderen Bereichen, k\u00f6nnen Sie es als ein Werkzeug-Elektrode verwenden. Und es kann das Werkst\u00fcck durch die EDM-Entladung verarbeiten, und verarbeitet den Formhohlraum von komplexer Form.<\/p>\n<p>&nbsp;<\/p>\n<p><strong><b>Analyse und Aufdeckung: <\/b><\/strong><\/p>\n<p>Bei einigen chemischen Analyse- und Nachweisexperimenten, wie z. B. der Voltammetrie, k\u00f6nnen Sie es als Arbeitsmittel verwenden. <a href=\"https:\/\/jinsuncarbon.com\/de\/unterschiede-zwischen-graphitelektroden-und-kohlenstoffelektroden\/\">Elektroden<\/a>. Zum Nachweis der elektrochemischen Eigenschaften von Substanzen in L\u00f6sung und zur Analyse der Zusammensetzung und des Gehalts von Substanzen.<\/p>","protected":false},"excerpt":{"rendered":"<p>Eine Kohlestabelektrode ist eine stabf\u00f6rmige Elektrode aus einem Kohlenstoffmaterial. Sie wird in der Regel aus hochreinen Kohlenstoffrohstoffen hergestellt und in einem speziellen Verfahren verarbeitet. Aufgrund ihrer guten elektrischen Leitf\u00e4higkeit, chemischen Stabilit\u00e4t und hohen Temperaturbest\u00e4ndigkeit spielt sie eine Schl\u00fcsselrolle in vielen elektrochemischen und industriellen Produktionsbereichen. Dazu geh\u00f6ren die Galvanotechnik, die Elektrolyse, die Batterieherstellung und die Chlor-Alkali-Industrie. Und es ist ein praktisches Elektrodenmaterial, das sich an eine Vielzahl komplexer Bedingungen anpassen kann.<\/p>","protected":false},"featured_media":7442,"template":"","meta":[],"product_brand":[],"product_cat":[39],"product_tag":[],"class_list":{"0":"post-7441","1":"product","2":"type-product","3":"status-publish","4":"has-post-thumbnail","6":"product_cat-carbon-products","8":"first","9":"instock","10":"shipping-taxable","11":"product-type-simple"},"yoast_head":"<!-- This site is optimized with the Yoast SEO Premium plugin v19.2.1 (Yoast SEO v27.5) - https:\/\/yoast.com\/product\/yoast-seo-premium-wordpress\/ -->\n<title>Carbon Rod Electrode Manufacturer in China | Jinsun Carbon<\/title>\n<meta name=\"description\" content=\"Carbon electrodes for sale, The purity is as high as 99.99% and can be used in arc welding, fuel cells, electrolysis, electroplating and other industries.\" \/>\n<meta name=\"robots\" content=\"index, follow, max-snippet:-1, max-image-preview:large, max-video-preview:-1\" \/>\n<link rel=\"canonical\" href=\"https:\/\/jinsuncarbon.com\/de\/produkt\/kohle-stabelektrode\/\" \/>\n<meta property=\"og:locale\" content=\"de_DE\" \/>\n<meta property=\"og:type\" content=\"article\" \/>\n<meta property=\"og:title\" content=\"Carbon Rod Electrode\" \/>\n<meta property=\"og:description\" content=\"Carbon electrodes for sale, The purity is as high as 99.99% and can be used in arc welding, fuel cells, electrolysis, electroplating and other industries.\" \/>\n<meta property=\"og:url\" content=\"https:\/\/jinsuncarbon.com\/de\/produkt\/kohle-stabelektrode\/\" \/>\n<meta property=\"og:site_name\" content=\"Jinsun Carbon\" \/>\n<meta property=\"article:publisher\" content=\"https:\/\/www.facebook.com\/Graphite-Electrode-109336238661595\" \/>\n<meta property=\"article:modified_time\" content=\"2025-10-07T02:21:55+00:00\" \/>\n<meta property=\"og:image\" content=\"https:\/\/jinsuncarbon.com\/wp-content\/uploads\/2025\/01\/Carbon-rod-electrode.jpg\" \/>\n\t<meta property=\"og:image:width\" content=\"1024\" \/>\n\t<meta property=\"og:image:height\" content=\"763\" \/>\n\t<meta property=\"og:image:type\" content=\"image\/jpeg\" \/>\n<meta name=\"twitter:card\" content=\"summary_large_image\" \/>\n<meta name=\"twitter:site\" content=\"@jinsuncarbon_\" \/>\n<meta name=\"twitter:label1\" content=\"Gesch\u00e4tzte Lesezeit\" \/>\n\t<meta name=\"twitter:data1\" content=\"3\u00a0Minuten\" \/>\n<script type=\"application\/ld+json\" class=\"yoast-schema-graph\">{\"@context\":\"https:\\\/\\\/schema.org\",\"@graph\":[{\"@type\":\"WebPage\",\"@id\":\"https:\\\/\\\/jinsuncarbon.com\\\/product\\\/carbon-rod-electrode\\\/\",\"url\":\"https:\\\/\\\/jinsuncarbon.com\\\/product\\\/carbon-rod-electrode\\\/\",\"name\":\"Carbon Rod Electrode Manufacturer in China | Jinsun Carbon\",\"isPartOf\":{\"@id\":\"https:\\\/\\\/jinsuncarbon.com\\\/#website\"},\"primaryImageOfPage\":{\"@id\":\"https:\\\/\\\/jinsuncarbon.com\\\/product\\\/carbon-rod-electrode\\\/#primaryimage\"},\"image\":{\"@id\":\"https:\\\/\\\/jinsuncarbon.com\\\/product\\\/carbon-rod-electrode\\\/#primaryimage\"},\"thumbnailUrl\":\"https:\\\/\\\/jinsuncarbon.com\\\/wp-content\\\/uploads\\\/2025\\\/01\\\/Carbon-rod-electrode.jpg\",\"datePublished\":\"2025-01-25T14:52:45+00:00\",\"dateModified\":\"2025-10-07T02:21:55+00:00\",\"description\":\"Carbon electrodes for sale, The purity is as high as 99.99% and can be used in arc welding, fuel cells, electrolysis, electroplating and other industries.\",\"breadcrumb\":{\"@id\":\"https:\\\/\\\/jinsuncarbon.com\\\/product\\\/carbon-rod-electrode\\\/#breadcrumb\"},\"inLanguage\":\"de\",\"potentialAction\":[{\"@type\":\"ReadAction\",\"target\":[\"https:\\\/\\\/jinsuncarbon.com\\\/product\\\/carbon-rod-electrode\\\/\"]}]},{\"@type\":\"ImageObject\",\"inLanguage\":\"de\",\"@id\":\"https:\\\/\\\/jinsuncarbon.com\\\/product\\\/carbon-rod-electrode\\\/#primaryimage\",\"url\":\"https:\\\/\\\/jinsuncarbon.com\\\/wp-content\\\/uploads\\\/2025\\\/01\\\/Carbon-rod-electrode.jpg\",\"contentUrl\":\"https:\\\/\\\/jinsuncarbon.com\\\/wp-content\\\/uploads\\\/2025\\\/01\\\/Carbon-rod-electrode.jpg\",\"width\":1024,\"height\":763,\"caption\":\"Carbon rod electrode\"},{\"@type\":\"BreadcrumbList\",\"@id\":\"https:\\\/\\\/jinsuncarbon.com\\\/product\\\/carbon-rod-electrode\\\/#breadcrumb\",\"itemListElement\":[{\"@type\":\"ListItem\",\"position\":1,\"name\":\"Home\",\"item\":\"https:\\\/\\\/jinsuncarbon.com\\\/\"},{\"@type\":\"ListItem\",\"position\":2,\"name\":\"Products\",\"item\":\"https:\\\/\\\/jinsuncarbon.com\\\/graphite-carbon\\\/\"},{\"@type\":\"ListItem\",\"position\":3,\"name\":\"Carbon Rod Electrode\"}]},{\"@type\":\"WebSite\",\"@id\":\"https:\\\/\\\/jinsuncarbon.com\\\/#website\",\"url\":\"https:\\\/\\\/jinsuncarbon.com\\\/\",\"name\":\"Jinsun Carbon\",\"description\":\"We are the successful graphite electrode manufacturer in China\",\"publisher\":{\"@id\":\"https:\\\/\\\/jinsuncarbon.com\\\/#organization\"},\"potentialAction\":[{\"@type\":\"SearchAction\",\"target\":{\"@type\":\"EntryPoint\",\"urlTemplate\":\"https:\\\/\\\/jinsuncarbon.com\\\/?s={search_term_string}\"},\"query-input\":{\"@type\":\"PropertyValueSpecification\",\"valueRequired\":true,\"valueName\":\"search_term_string\"}}],\"inLanguage\":\"de\"},{\"@type\":\"Organization\",\"@id\":\"https:\\\/\\\/jinsuncarbon.com\\\/#organization\",\"name\":\"Jinsun Carbon\",\"alternateName\":\"Jinsun Carbon\",\"url\":\"https:\\\/\\\/jinsuncarbon.com\\\/\",\"logo\":{\"@type\":\"ImageObject\",\"inLanguage\":\"de\",\"@id\":\"https:\\\/\\\/jinsuncarbon.com\\\/#\\\/schema\\\/logo\\\/image\\\/\",\"url\":\"https:\\\/\\\/jinsuncarbon.com\\\/wp-content\\\/uploads\\\/2022\\\/12\\\/LOGO-1.png\",\"contentUrl\":\"https:\\\/\\\/jinsuncarbon.com\\\/wp-content\\\/uploads\\\/2022\\\/12\\\/LOGO-1.png\",\"width\":207,\"height\":80,\"caption\":\"Jinsun Carbon\"},\"image\":{\"@id\":\"https:\\\/\\\/jinsuncarbon.com\\\/#\\\/schema\\\/logo\\\/image\\\/\"},\"sameAs\":[\"https:\\\/\\\/www.facebook.com\\\/Graphite-Electrode-109336238661595\",\"https:\\\/\\\/x.com\\\/jinsuncarbon_\",\"https:\\\/\\\/www.linkedin.com\\\/in\\\/jinsungraphite\",\"https:\\\/\\\/www.youtube.com\\\/channel\\\/UCysDNyvyR5-3cCWEmpkVC0g\"]}]}<\/script>\n<!-- \/ Yoast SEO Premium plugin. -->","yoast_head_json":{"title":"Kohlenstoffstabelektrode Hersteller in China | Jinsun Carbon","description":"Kohlenstoffelektroden zu verkaufen, Die Reinheit ist so hoch wie 99,99% und kann in Lichtbogenschwei\u00dfen, Brennstoffzellen, Elektrolyse, Galvanik und anderen Industrien verwendet werden.","robots":{"index":"index","follow":"follow","max-snippet":"max-snippet:-1","max-image-preview":"max-image-preview:large","max-video-preview":"max-video-preview:-1"},"canonical":"https:\/\/jinsuncarbon.com\/de\/produkt\/kohle-stabelektrode\/","og_locale":"de_DE","og_type":"article","og_title":"Carbon Rod Electrode","og_description":"Carbon electrodes for sale, The purity is as high as 99.99% and can be used in arc welding, fuel cells, electrolysis, electroplating and other industries.","og_url":"https:\/\/jinsuncarbon.com\/de\/produkt\/kohle-stabelektrode\/","og_site_name":"Jinsun Carbon","article_publisher":"https:\/\/www.facebook.com\/Graphite-Electrode-109336238661595","article_modified_time":"2025-10-07T02:21:55+00:00","og_image":[{"width":1024,"height":763,"url":"https:\/\/jinsuncarbon.com\/wp-content\/uploads\/2025\/01\/Carbon-rod-electrode.jpg","type":"image\/jpeg"}],"twitter_card":"summary_large_image","twitter_site":"@jinsuncarbon_","twitter_misc":{"Gesch\u00e4tzte Lesezeit":"3\u00a0Minuten"},"schema":{"@context":"https:\/\/schema.org","@graph":[{"@type":"WebPage","@id":"https:\/\/jinsuncarbon.com\/product\/carbon-rod-electrode\/","url":"https:\/\/jinsuncarbon.com\/product\/carbon-rod-electrode\/","name":"Kohlenstoffstabelektrode Hersteller in China | Jinsun Carbon","isPartOf":{"@id":"https:\/\/jinsuncarbon.com\/#website"},"primaryImageOfPage":{"@id":"https:\/\/jinsuncarbon.com\/product\/carbon-rod-electrode\/#primaryimage"},"image":{"@id":"https:\/\/jinsuncarbon.com\/product\/carbon-rod-electrode\/#primaryimage"},"thumbnailUrl":"https:\/\/jinsuncarbon.com\/wp-content\/uploads\/2025\/01\/Carbon-rod-electrode.jpg","datePublished":"2025-01-25T14:52:45+00:00","dateModified":"2025-10-07T02:21:55+00:00","description":"Kohlenstoffelektroden zu verkaufen, Die Reinheit ist so hoch wie 99,99% und kann in Lichtbogenschwei\u00dfen, Brennstoffzellen, Elektrolyse, Galvanik und anderen Industrien verwendet werden.","breadcrumb":{"@id":"https:\/\/jinsuncarbon.com\/product\/carbon-rod-electrode\/#breadcrumb"},"inLanguage":"de","potentialAction":[{"@type":"ReadAction","target":["https:\/\/jinsuncarbon.com\/product\/carbon-rod-electrode\/"]}]},{"@type":"ImageObject","inLanguage":"de","@id":"https:\/\/jinsuncarbon.com\/product\/carbon-rod-electrode\/#primaryimage","url":"https:\/\/jinsuncarbon.com\/wp-content\/uploads\/2025\/01\/Carbon-rod-electrode.jpg","contentUrl":"https:\/\/jinsuncarbon.com\/wp-content\/uploads\/2025\/01\/Carbon-rod-electrode.jpg","width":1024,"height":763,"caption":"Carbon rod electrode"},{"@type":"BreadcrumbList","@id":"https:\/\/jinsuncarbon.com\/product\/carbon-rod-electrode\/#breadcrumb","itemListElement":[{"@type":"ListItem","position":1,"name":"Home","item":"https:\/\/jinsuncarbon.com\/"},{"@type":"ListItem","position":2,"name":"Products","item":"https:\/\/jinsuncarbon.com\/graphite-carbon\/"},{"@type":"ListItem","position":3,"name":"Carbon Rod Electrode"}]},{"@type":"WebSite","@id":"https:\/\/jinsuncarbon.com\/#website","url":"https:\/\/jinsuncarbon.com\/","name":"Jinsun Kohlenstoff","description":"Wir sind der erfolgreiche Hersteller von Graphitelektroden in China","publisher":{"@id":"https:\/\/jinsuncarbon.com\/#organization"},"potentialAction":[{"@type":"SearchAction","target":{"@type":"EntryPoint","urlTemplate":"https:\/\/jinsuncarbon.com\/?s={search_term_string}"},"query-input":{"@type":"PropertyValueSpecification","valueRequired":true,"valueName":"search_term_string"}}],"inLanguage":"de"},{"@type":"Organization","@id":"https:\/\/jinsuncarbon.com\/#organization","name":"Jinsun Kohlenstoff","alternateName":"Jinsun Carbon","url":"https:\/\/jinsuncarbon.com\/","logo":{"@type":"ImageObject","inLanguage":"de","@id":"https:\/\/jinsuncarbon.com\/#\/schema\/logo\/image\/","url":"https:\/\/jinsuncarbon.com\/wp-content\/uploads\/2022\/12\/LOGO-1.png","contentUrl":"https:\/\/jinsuncarbon.com\/wp-content\/uploads\/2022\/12\/LOGO-1.png","width":207,"height":80,"caption":"Jinsun Carbon"},"image":{"@id":"https:\/\/jinsuncarbon.com\/#\/schema\/logo\/image\/"},"sameAs":["https:\/\/www.facebook.com\/Graphite-Electrode-109336238661595","https:\/\/x.com\/jinsuncarbon_","https:\/\/www.linkedin.com\/in\/jinsungraphite","https:\/\/www.youtube.com\/channel\/UCysDNyvyR5-3cCWEmpkVC0g"]}]}},"_links":{"self":[{"href":"https:\/\/jinsuncarbon.com\/de\/wp-json\/wp\/v2\/product\/7441","targetHints":{"allow":["GET"]}}],"collection":[{"href":"https:\/\/jinsuncarbon.com\/de\/wp-json\/wp\/v2\/product"}],"about":[{"href":"https:\/\/jinsuncarbon.com\/de\/wp-json\/wp\/v2\/types\/product"}],"wp:featuredmedia":[{"embeddable":true,"href":"https:\/\/jinsuncarbon.com\/de\/wp-json\/wp\/v2\/media\/7442"}],"wp:attachment":[{"href":"https:\/\/jinsuncarbon.com\/de\/wp-json\/wp\/v2\/media?parent=7441"}],"wp:term":[{"taxonomy":"product_brand","embeddable":true,"href":"https:\/\/jinsuncarbon.com\/de\/wp-json\/wp\/v2\/product_brand?post=7441"},{"taxonomy":"product_cat","embeddable":true,"href":"https:\/\/jinsuncarbon.com\/de\/wp-json\/wp\/v2\/product_cat?post=7441"},{"taxonomy":"product_tag","embeddable":true,"href":"https:\/\/jinsuncarbon.com\/de\/wp-json\/wp\/v2\/product_tag?post=7441"}],"curies":[{"name":"wp","href":"https:\/\/api.w.org\/{rel}","templated":true}]}}