{"id":7375,"date":"2025-01-18T12:58:06","date_gmt":"2025-01-18T12:58:06","guid":{"rendered":"https:\/\/jinsuncarbon.com\/?post_type=product&#038;p=7375"},"modified":"2025-01-18T13:25:02","modified_gmt":"2025-01-18T13:25:02","slug":"graphit-sinterform","status":"publish","type":"product","link":"https:\/\/jinsuncarbon.com\/de\/produkt\/graphit-sinterform\/","title":{"rendered":"Graphit-Sinterform"},"content":{"rendered":"<h2 class=\"ql-align-justify\">Sinterformen f\u00fcr Graphit<\/h2>\n<p class=\"ql-align-justify\"><span data-type=\"2\" data-index=\"3\" data-gid=\"0\">Die Graphitsinterform wird haupts\u00e4chlich in einer Vielzahl von Formen angeboten, die an das zu formende Werkst\u00fcck angepasst sind.<\/span>\u00a0Wie z.B. komplexe Sonderformen, regelm\u00e4\u00dfige Zylinder, etc. Und es hat eine Menge Vorteile.<\/p>\n<p class=\"ql-align-justify\"><strong>Hohe Temperaturbest\u00e4ndigkeit<\/strong><\/p>\n<p class=\"ql-align-justify\">Es h\u00e4lt extrem hohen Temperaturen stand und kann in der Regel bei 1500\u00b0C oder noch h\u00f6heren Temperaturen stabil arbeiten. Und es wird nicht verformt oder geschmolzen werden aufgrund der hohen Temperatur, die es sehr geeignet f\u00fcr Hochtemperatur-Sinterprozess macht.<\/p>\n<p class=\"ql-align-justify\"><strong>Chemische Stabilit\u00e4t<\/strong><\/p>\n<p class=\"ql-align-justify\">Es ist inert gegen\u00fcber den meisten chemischen Substanzen und reagiert w\u00e4hrend des Sinterprozesses nicht mit dem Sintermaterial. Dadurch wird die Reinheit und Qualit\u00e4tsstabilit\u00e4t des Produkts gew\u00e4hrleistet.<\/p>\n<p class=\"ql-align-justify\"><strong>Gute W\u00e4rmeleitf\u00e4higkeit<\/strong><\/p>\n<p class=\"ql-align-justify\">Er kann die W\u00e4rme schnell und gleichm\u00e4\u00dfig \u00fcbertragen, so dass das Sintermaterial gleichm\u00e4\u00dfig erhitzt wird. Es vermeidet effektiv lokale \u00dcberhitzung oder Unterk\u00fchlung Ph\u00e4nomen und verbessert die Qualit\u00e4t Konsistenz der gesinterten Produkte.<\/p>\n<p class=\"ql-align-justify\"><strong>Gute Bearbeitbarkeit<\/strong><\/p>\n<p class=\"ql-align-justify\">Es ist leicht mechanisch zu bearbeiten. Sie k\u00f6nnen es in eine Vielzahl komplexer Formen entsprechend den verschiedenen Designanforderungen verarbeiten, um die vielf\u00e4ltigen Produktionsanforderungen zu erf\u00fcllen.<\/p>\n<p class=\"ql-align-justify\"><strong>Hohe Ma\u00dfhaltigkeit<\/strong><\/p>\n<p class=\"ql-align-justify\">Die Ma\u00dfgenauigkeit der verarbeiteten Graphit-Sinterform ist hoch. Dies kann die Ma\u00dfhaltigkeit der gesinterten Produkte gew\u00e4hrleisten und die Ausschussrate reduzieren.<\/p>\n<p class=\"ql-align-justify\"><strong>Lange Lebensdauer<\/strong><\/p>\n<p class=\"ql-align-justify\">Dank seiner stabilen Leistung und starken Struktur hat er unter normalen Einsatzbedingungen eine lange Lebensdauer und senkt die Produktionskosten.<\/p>\n<p>&nbsp;<\/p>\n<h2 class=\"ql-align-justify\">Verwendung von Graphit-Sinterformen<\/h2>\n<p class=\"ql-align-justify\"><strong>Die pulvermetallurgische Industrie:<\/strong><\/p>\n<p class=\"ql-align-justify\">Sie k\u00f6nnen verwenden <span data-type=\"2\" data-index=\"3\" data-gid=\"0\">Graphit-Sinterform <\/span>zur Herstellung verschiedener <a href=\"https:\/\/en.wikipedia.org\/wiki\/Powder_metallurgy\" target=\"_blank\" rel=\"noopener\">Pulvermetallurgie<\/a> Teile, z. B. mechanische Teile, Autoteile, Teile f\u00fcr die Luft- und Raumfahrt und so weiter. <span class=\"\" data-type=\"2\" data-index=\"5\" data-gid=\"1\">Durch das Einbringen von Metallpulvern in Graphitsinterformen und deren Verdichtung bei hohen Temperaturen werden Produkte mit spezifischen Formen, Ma\u00dfhaltigkeit und mechanischen Eigenschaften hergestellt.<\/span><\/p>\n<p>&nbsp;<\/p>\n<p class=\"ql-align-justify\"><strong>Herstellung elektronischer Komponenten:<\/strong><\/p>\n<p class=\"ql-align-justify\">Sie k\u00f6nnen damit keramische Substrate und magnetische Materialien f\u00fcr elektronische Bauteile herstellen. Bei der Herstellung von elektronischen Bauteilen kann es die Ma\u00dfhaltigkeit und Leistungsstabilit\u00e4t der Produkte gew\u00e4hrleisten. Und es erf\u00fcllt auch die Anforderungen der Elektronikindustrie an hochpr\u00e4zise Produkte.<\/p>\n<p>&nbsp;<\/p>\n<p class=\"ql-align-justify\"><strong><span data-type=\"2\" data-index=\"7\" data-gid=\"2\">Keramische Industrie:<\/span><\/strong><\/p>\n<p class=\"ql-align-justify\"><span data-type=\"2\" data-index=\"9\" data-gid=\"2\">Sinterformen f\u00fcr Graphit sind<\/span><strong>\u00a0<\/strong><span class=\"\" data-type=\"2\" data-index=\"11\" data-gid=\"2\">weit verbreitet beim Sintern von Keramikprodukten.<\/span>\u00a0Mit seiner guten W\u00e4rmeleitf\u00e4higkeit kann es zum Beispiel die Mikrostruktur genau steuern und die Isolierung und elektrische Zuverl\u00e4ssigkeit von elektronischen Keramiksubstraten verbessern. Es kann keramischen Materialien helfen, die Verdichtung bei hohen Temperaturen zu erreichen und die Festigkeit und Leistung von Keramikprodukten zu verbessern.<\/p>\n<p>&nbsp;<\/p>\n<p class=\"ql-align-justify\"><strong>Herstellung von Sinterkarbid:<\/strong><\/p>\n<p class=\"ql-align-justify\">Die Sinterform f\u00fcr Sinterkarbid ist untrennbar mit der Sinterform f\u00fcr Graphit verbunden. Durch Sintern des Hartmetallpulvers bei hoher Temperatur in der <a href=\"https:\/\/jinsuncarbon.com\/de\/produkt\/graphitform\/\">Form<\/a>werden Sinterkarbidprodukte mit hoher H\u00e4rte und hoher Festigkeit hergestellt. Sie k\u00f6nnen es weit in Schneidwerkzeugen, Bergbauwerkzeuge und anderen Bereichen verwenden.<\/p>\n<p>&nbsp;<\/p>\n<p class=\"ql-align-justify\"><strong>Verarbeitung von anderen Hochtemperaturwerkstoffen:<\/strong><\/p>\n<p class=\"ql-align-justify\">Auch f\u00fcr die Entwicklung und Herstellung einiger neuer Hochtemperaturwerkstoffe spielt sie eine wichtige Rolle. Sie kann zuverl\u00e4ssige Werkzeugunterst\u00fctzung f\u00fcr die Formgebung und Leistungsoptimierung dieser Materialien bei hohen Temperaturen bieten.<\/p>\n<p>&nbsp;<\/p>\n<p><strong>Herstellung von Diamantwerkzeugen<\/strong><\/p>\n<p>Graphit-Sinterformen werden bei der Herstellung von Diamantwerkzeugen verwendet. Sie sind Heizelemente und spielen auch die Rolle des Formtr\u00e4gers. Graphitmaterialien haben eine geringe Porosit\u00e4t, eine dichte Struktur und eine hohe Oxidationsbest\u00e4ndigkeit, die die Ma\u00dfhaltigkeit und Form von Diamantwerkzeugen gew\u00e4hrleistet.<\/p>","protected":false},"excerpt":{"rendered":"<p class=\"ql-align-justify\">Graphit-Sinterform ist eine Art Form, die sorgf\u00e4ltig aus hochreinem Graphitmaterial hergestellt wird. Aufgrund der ausgezeichneten Eigenschaften von Graphit, hat es eine ausgezeichnete Leistung in verschiedenen Hochtemperatur-Sinterprozessen. Es hat eine breite Palette von Anwendungen, wie z. B. Pulvermetallurgie, Keramik Brennen, elektronische Komponenten Herstellung und anderen Branchen.<\/p>\n<p class=\"ql-align-justify\">Diese Form kann die Form verschiedener Materialien genau formen, um die hochpr\u00e4zisen Anforderungen der verschiedenen industriellen Produktionen zu erf\u00fcllen. Und sie ist eine unverzichtbare Schl\u00fcsselkomponente in der modernen industriellen Fertigung.<\/p>","protected":false},"featured_media":7376,"template":"","meta":[],"product_brand":[],"product_cat":[38],"product_tag":[],"class_list":{"0":"post-7375","1":"product","2":"type-product","3":"status-publish","4":"has-post-thumbnail","6":"product_cat-graphite-products","8":"first","9":"instock","10":"shipping-taxable","11":"product-type-simple"},"yoast_head":"<!-- This site is optimized with the Yoast SEO Premium plugin v19.2.1 (Yoast SEO v25.3) - https:\/\/yoast.com\/wordpress\/plugins\/seo\/ -->\n<title>Graphite Sintering Mold Manufacturer in China | Jinsun Carbon<\/title>\n<meta name=\"description\" content=\"Graphite Sintering Mold Manufacturer in China, custom graphite sintering molds are used in powder metallurgy, heat treatment, diamond tool manufacturing processes.\" \/>\n<meta name=\"robots\" content=\"index, follow, max-snippet:-1, max-image-preview:large, max-video-preview:-1\" \/>\n<link rel=\"canonical\" href=\"https:\/\/jinsuncarbon.com\/de\/produkt\/graphit-sinterform\/\" \/>\n<meta property=\"og:locale\" content=\"de_DE\" \/>\n<meta property=\"og:type\" content=\"article\" \/>\n<meta property=\"og:title\" content=\"Graphite Sintering Mold\" \/>\n<meta property=\"og:description\" content=\"Graphite Sintering Mold Manufacturer in China, custom graphite sintering molds are used in powder metallurgy, heat treatment, diamond tool manufacturing processes.\" \/>\n<meta property=\"og:url\" content=\"https:\/\/jinsuncarbon.com\/de\/produkt\/graphit-sinterform\/\" \/>\n<meta property=\"og:site_name\" content=\"Jinsun Carbon\" \/>\n<meta property=\"article:publisher\" content=\"https:\/\/www.facebook.com\/Graphite-Electrode-109336238661595\" \/>\n<meta property=\"article:modified_time\" content=\"2025-01-18T13:25:02+00:00\" \/>\n<meta property=\"og:image\" content=\"https:\/\/jinsuncarbon.com\/wp-content\/uploads\/2025\/01\/Graphite-Sintering-Mold-.jpg\" \/>\n\t<meta property=\"og:image:width\" content=\"1024\" \/>\n\t<meta property=\"og:image:height\" content=\"763\" \/>\n\t<meta property=\"og:image:type\" content=\"image\/jpeg\" \/>\n<meta name=\"twitter:card\" content=\"summary_large_image\" \/>\n<meta name=\"twitter:site\" content=\"@jinsuncarbon_\" \/>\n<meta name=\"twitter:label1\" content=\"Gesch\u00e4tzte Lesezeit\" \/>\n\t<meta name=\"twitter:data1\" content=\"3\u00a0Minuten\" \/>\n<script type=\"application\/ld+json\" class=\"yoast-schema-graph\">{\"@context\":\"https:\/\/schema.org\",\"@graph\":[{\"@type\":\"WebPage\",\"@id\":\"https:\/\/jinsuncarbon.com\/product\/graphite-sintering-mold\/\",\"url\":\"https:\/\/jinsuncarbon.com\/product\/graphite-sintering-mold\/\",\"name\":\"Graphite Sintering Mold Manufacturer in China | Jinsun Carbon\",\"isPartOf\":{\"@id\":\"https:\/\/jinsuncarbon.com\/#website\"},\"primaryImageOfPage\":{\"@id\":\"https:\/\/jinsuncarbon.com\/product\/graphite-sintering-mold\/#primaryimage\"},\"image\":{\"@id\":\"https:\/\/jinsuncarbon.com\/product\/graphite-sintering-mold\/#primaryimage\"},\"thumbnailUrl\":\"https:\/\/jinsuncarbon.com\/wp-content\/uploads\/2025\/01\/Graphite-Sintering-Mold-.jpg\",\"datePublished\":\"2025-01-18T12:58:06+00:00\",\"dateModified\":\"2025-01-18T13:25:02+00:00\",\"description\":\"Graphite Sintering Mold Manufacturer in China, custom graphite sintering molds are used in powder metallurgy, heat treatment, diamond tool manufacturing processes.\",\"breadcrumb\":{\"@id\":\"https:\/\/jinsuncarbon.com\/product\/graphite-sintering-mold\/#breadcrumb\"},\"inLanguage\":\"de\",\"potentialAction\":[{\"@type\":\"ReadAction\",\"target\":[\"https:\/\/jinsuncarbon.com\/product\/graphite-sintering-mold\/\"]}]},{\"@type\":\"ImageObject\",\"inLanguage\":\"de\",\"@id\":\"https:\/\/jinsuncarbon.com\/product\/graphite-sintering-mold\/#primaryimage\",\"url\":\"https:\/\/jinsuncarbon.com\/wp-content\/uploads\/2025\/01\/Graphite-Sintering-Mold-.jpg\",\"contentUrl\":\"https:\/\/jinsuncarbon.com\/wp-content\/uploads\/2025\/01\/Graphite-Sintering-Mold-.jpg\",\"width\":1024,\"height\":763,\"caption\":\"Graphite Sintering Mold\"},{\"@type\":\"BreadcrumbList\",\"@id\":\"https:\/\/jinsuncarbon.com\/product\/graphite-sintering-mold\/#breadcrumb\",\"itemListElement\":[{\"@type\":\"ListItem\",\"position\":1,\"name\":\"Home\",\"item\":\"https:\/\/jinsuncarbon.com\/\"},{\"@type\":\"ListItem\",\"position\":2,\"name\":\"Products\",\"item\":\"https:\/\/jinsuncarbon.com\/graphite-carbon\/\"},{\"@type\":\"ListItem\",\"position\":3,\"name\":\"Graphite Sintering Mold\"}]},{\"@type\":\"WebSite\",\"@id\":\"https:\/\/jinsuncarbon.com\/#website\",\"url\":\"https:\/\/jinsuncarbon.com\/\",\"name\":\"Jinsun Carbon\",\"description\":\"We are the successful graphite electrode manufacturer in China\",\"publisher\":{\"@id\":\"https:\/\/jinsuncarbon.com\/#organization\"},\"potentialAction\":[{\"@type\":\"SearchAction\",\"target\":{\"@type\":\"EntryPoint\",\"urlTemplate\":\"https:\/\/jinsuncarbon.com\/?s={search_term_string}\"},\"query-input\":{\"@type\":\"PropertyValueSpecification\",\"valueRequired\":true,\"valueName\":\"search_term_string\"}}],\"inLanguage\":\"de\"},{\"@type\":\"Organization\",\"@id\":\"https:\/\/jinsuncarbon.com\/#organization\",\"name\":\"Jinsun Carbon\",\"alternateName\":\"Jinsun Carbon\",\"url\":\"https:\/\/jinsuncarbon.com\/\",\"logo\":{\"@type\":\"ImageObject\",\"inLanguage\":\"de\",\"@id\":\"https:\/\/jinsuncarbon.com\/#\/schema\/logo\/image\/\",\"url\":\"https:\/\/jinsuncarbon.com\/wp-content\/uploads\/2022\/12\/LOGO-1.png\",\"contentUrl\":\"https:\/\/jinsuncarbon.com\/wp-content\/uploads\/2022\/12\/LOGO-1.png\",\"width\":207,\"height\":80,\"caption\":\"Jinsun Carbon\"},\"image\":{\"@id\":\"https:\/\/jinsuncarbon.com\/#\/schema\/logo\/image\/\"},\"sameAs\":[\"https:\/\/www.facebook.com\/Graphite-Electrode-109336238661595\",\"https:\/\/x.com\/jinsuncarbon_\",\"https:\/\/www.linkedin.com\/in\/jinsungraphite\",\"https:\/\/www.youtube.com\/channel\/UCysDNyvyR5-3cCWEmpkVC0g\"]}]}<\/script>\n<!-- \/ Yoast SEO Premium plugin. -->","yoast_head_json":{"title":"Graphit Sinterform Hersteller in China | Jinsun Carbon","description":"Hersteller von Graphitsinterformen in China, kundenspezifische Graphitsinterformen werden in der Pulvermetallurgie, der W\u00e4rmebehandlung und der Herstellung von Diamantwerkzeugen verwendet.","robots":{"index":"index","follow":"follow","max-snippet":"max-snippet:-1","max-image-preview":"max-image-preview:large","max-video-preview":"max-video-preview:-1"},"canonical":"https:\/\/jinsuncarbon.com\/de\/produkt\/graphit-sinterform\/","og_locale":"de_DE","og_type":"article","og_title":"Graphite Sintering Mold","og_description":"Graphite Sintering Mold Manufacturer in China, custom graphite sintering molds are used in powder metallurgy, heat treatment, diamond tool manufacturing processes.","og_url":"https:\/\/jinsuncarbon.com\/de\/produkt\/graphit-sinterform\/","og_site_name":"Jinsun Carbon","article_publisher":"https:\/\/www.facebook.com\/Graphite-Electrode-109336238661595","article_modified_time":"2025-01-18T13:25:02+00:00","og_image":[{"width":1024,"height":763,"url":"https:\/\/jinsuncarbon.com\/wp-content\/uploads\/2025\/01\/Graphite-Sintering-Mold-.jpg","type":"image\/jpeg"}],"twitter_card":"summary_large_image","twitter_site":"@jinsuncarbon_","twitter_misc":{"Gesch\u00e4tzte Lesezeit":"3\u00a0Minuten"},"schema":{"@context":"https:\/\/schema.org","@graph":[{"@type":"WebPage","@id":"https:\/\/jinsuncarbon.com\/product\/graphite-sintering-mold\/","url":"https:\/\/jinsuncarbon.com\/product\/graphite-sintering-mold\/","name":"Graphit Sinterform Hersteller in China | Jinsun Carbon","isPartOf":{"@id":"https:\/\/jinsuncarbon.com\/#website"},"primaryImageOfPage":{"@id":"https:\/\/jinsuncarbon.com\/product\/graphite-sintering-mold\/#primaryimage"},"image":{"@id":"https:\/\/jinsuncarbon.com\/product\/graphite-sintering-mold\/#primaryimage"},"thumbnailUrl":"https:\/\/jinsuncarbon.com\/wp-content\/uploads\/2025\/01\/Graphite-Sintering-Mold-.jpg","datePublished":"2025-01-18T12:58:06+00:00","dateModified":"2025-01-18T13:25:02+00:00","description":"Hersteller von Graphitsinterformen in China, kundenspezifische Graphitsinterformen werden in der Pulvermetallurgie, der W\u00e4rmebehandlung und der Herstellung von Diamantwerkzeugen verwendet.","breadcrumb":{"@id":"https:\/\/jinsuncarbon.com\/product\/graphite-sintering-mold\/#breadcrumb"},"inLanguage":"de","potentialAction":[{"@type":"ReadAction","target":["https:\/\/jinsuncarbon.com\/product\/graphite-sintering-mold\/"]}]},{"@type":"ImageObject","inLanguage":"de","@id":"https:\/\/jinsuncarbon.com\/product\/graphite-sintering-mold\/#primaryimage","url":"https:\/\/jinsuncarbon.com\/wp-content\/uploads\/2025\/01\/Graphite-Sintering-Mold-.jpg","contentUrl":"https:\/\/jinsuncarbon.com\/wp-content\/uploads\/2025\/01\/Graphite-Sintering-Mold-.jpg","width":1024,"height":763,"caption":"Graphite Sintering Mold"},{"@type":"BreadcrumbList","@id":"https:\/\/jinsuncarbon.com\/product\/graphite-sintering-mold\/#breadcrumb","itemListElement":[{"@type":"ListItem","position":1,"name":"Home","item":"https:\/\/jinsuncarbon.com\/"},{"@type":"ListItem","position":2,"name":"Products","item":"https:\/\/jinsuncarbon.com\/graphite-carbon\/"},{"@type":"ListItem","position":3,"name":"Graphite Sintering Mold"}]},{"@type":"WebSite","@id":"https:\/\/jinsuncarbon.com\/#website","url":"https:\/\/jinsuncarbon.com\/","name":"Jinsun Kohlenstoff","description":"Wir sind der erfolgreiche Hersteller von Graphitelektroden in China","publisher":{"@id":"https:\/\/jinsuncarbon.com\/#organization"},"potentialAction":[{"@type":"SearchAction","target":{"@type":"EntryPoint","urlTemplate":"https:\/\/jinsuncarbon.com\/?s={search_term_string}"},"query-input":{"@type":"PropertyValueSpecification","valueRequired":true,"valueName":"search_term_string"}}],"inLanguage":"de"},{"@type":"Organization","@id":"https:\/\/jinsuncarbon.com\/#organization","name":"Jinsun Kohlenstoff","alternateName":"Jinsun Carbon","url":"https:\/\/jinsuncarbon.com\/","logo":{"@type":"ImageObject","inLanguage":"de","@id":"https:\/\/jinsuncarbon.com\/#\/schema\/logo\/image\/","url":"https:\/\/jinsuncarbon.com\/wp-content\/uploads\/2022\/12\/LOGO-1.png","contentUrl":"https:\/\/jinsuncarbon.com\/wp-content\/uploads\/2022\/12\/LOGO-1.png","width":207,"height":80,"caption":"Jinsun Carbon"},"image":{"@id":"https:\/\/jinsuncarbon.com\/#\/schema\/logo\/image\/"},"sameAs":["https:\/\/www.facebook.com\/Graphite-Electrode-109336238661595","https:\/\/x.com\/jinsuncarbon_","https:\/\/www.linkedin.com\/in\/jinsungraphite","https:\/\/www.youtube.com\/channel\/UCysDNyvyR5-3cCWEmpkVC0g"]}]}},"_links":{"self":[{"href":"https:\/\/jinsuncarbon.com\/de\/wp-json\/wp\/v2\/product\/7375","targetHints":{"allow":["GET"]}}],"collection":[{"href":"https:\/\/jinsuncarbon.com\/de\/wp-json\/wp\/v2\/product"}],"about":[{"href":"https:\/\/jinsuncarbon.com\/de\/wp-json\/wp\/v2\/types\/product"}],"wp:featuredmedia":[{"embeddable":true,"href":"https:\/\/jinsuncarbon.com\/de\/wp-json\/wp\/v2\/media\/7376"}],"wp:attachment":[{"href":"https:\/\/jinsuncarbon.com\/de\/wp-json\/wp\/v2\/media?parent=7375"}],"wp:term":[{"taxonomy":"product_brand","embeddable":true,"href":"https:\/\/jinsuncarbon.com\/de\/wp-json\/wp\/v2\/product_brand?post=7375"},{"taxonomy":"product_cat","embeddable":true,"href":"https:\/\/jinsuncarbon.com\/de\/wp-json\/wp\/v2\/product_cat?post=7375"},{"taxonomy":"product_tag","embeddable":true,"href":"https:\/\/jinsuncarbon.com\/de\/wp-json\/wp\/v2\/product_tag?post=7375"}],"curies":[{"name":"wp","href":"https:\/\/api.w.org\/{rel}","templated":true}]}}