{"id":7362,"date":"2025-01-17T08:13:31","date_gmt":"2025-01-17T08:13:31","guid":{"rendered":"https:\/\/jinsuncarbon.com\/?post_type=product&#038;p=7362"},"modified":"2025-01-19T06:05:03","modified_gmt":"2025-01-19T06:05:03","slug":"graphitduse","status":"publish","type":"product","link":"https:\/\/jinsuncarbon.com\/de\/produkt\/graphitduse\/","title":{"rendered":"Graphit-D\u00fcse"},"content":{"rendered":"<h2>Graphitd\u00fcsenanwendungen<\/h2>\n<h3>Metallgie\u00dfen<\/h3>\n<p>Graphitd\u00fcsen sind beim Metallguss von entscheidender Bedeutung, da sie die geschmolzenen Metalle in die Formen leiten. Da Graphit sehr temperaturbest\u00e4ndig ist, k\u00f6nnen diese D\u00fcsen den hohen Temperaturen geschmolzener Metalle (Aluminium, Stahl und Messing) standhalten. Diese F\u00e4higkeit, den Fluss des Metalls pr\u00e4zise zu modulieren, bedeutet eine bessere Qualit\u00e4t des Gusses und weniger Abfall.<\/p>\n<p>Die Korrosions- und Verschlei\u00dfbest\u00e4ndigkeit von Graphit macht es f\u00fcr Metallgie\u00dfereien typisch langlebig: Diese D\u00fcsen verhindern auch Verstopfungen und Materialansammlungen an den D\u00fcsen, die einen reibungslosen und ungehinderten Metallfluss verhindern.<\/p>\n<h3>Luft- und Raumfahrt und Luftfahrt<\/h3>\n<p>Im Laufe seiner Karriere in der Luft- und Raumfahrt hat sich das Material in D\u00fcsenkomponenten f\u00fcr Raketen und andere Antriebszellen bew\u00e4hrt. Diese D\u00fcsen sind extremer Hitze und extremem Druck ausgesetzt, insbesondere bei Raketenstarts. Seine F\u00e4higkeit, dies unter extremen Bedingungen zu tun, ohne sich zu zersetzen, macht Graphit zum perfekten Material f\u00fcr diese Hochleistungsanwendungen.<\/p>\n<p>Neben Raketentriebwerken werden Graphitd\u00fcsen auch in Raumfahrtsystemen eingesetzt, bei denen die Gesetzgebung in Bezug auf Gase oder Treibstoffe genau gesteuert werden muss. Da sie extremen Temperaturen standhalten k\u00f6nnen und gleichzeitig superleicht und langlebig sind, sind Graphitd\u00fcsen f\u00fcr die Sicherheit und Wiederholbarkeit von Raumfahrtmissionen von entscheidender Bedeutung.<\/p>\n<h3>Lasertechnik<\/h3>\n<p>Laserschneiden und -schwei\u00dfen geh\u00f6ren zu den wichtigen Anwendungen von Lasern, die effiziente D\u00fcsen erfordern, um die Gase f\u00fcr den Prozess in einem gewissen Umfang zu bewegen. Bei diesen Anwendungen werden Graphitd\u00fcsen f\u00fcr den Durchfluss verwendet, um eine Verunreinigung durch den Laserprozess zu verhindern. <a href=\"https:\/\/jinsuncarbon.com\/de\/was-ist-graphit-und-woraus-besteht-graphit\/\">Graphit<\/a> ist dank seiner Hitzebest\u00e4ndigkeit und glatten Oberfl\u00e4che das ideale Material, um die Leistung von Lasersystemen zu gew\u00e4hrleisten.<\/p>\n<p>Die F\u00e4higkeit, den Laserstrahl fokussiert und stabil zu halten, erm\u00f6glicht das Schneiden und Schwei\u00dfen mit hoher Pr\u00e4zision mit Graphitd\u00fcsen. Die geringe Reibung des Graphitmaterials minimiert auch den Verschlei\u00df der D\u00fcsenteile, was zu einer langen Lebensdauer der Komponenten und geringeren Wartungskosten f\u00fchrt.<\/p>\n<h3>Elektronikfertigung<\/h3>\n<p>In der Elektronikindustrie werden Graphitd\u00fcsen h\u00e4ufig bei Anwendungen eingesetzt, die hohe Temperaturen oder empfindliche Materialien erfordern. Bei der Arbeit mit Halbleitern werden Graphitd\u00fcsen verwendet, um geschmolzene Metalle oder Gase zuzuf\u00fchren. Die Hitze- und Korrosionsbest\u00e4ndigkeit von Graphit sorgt daf\u00fcr, dass die D\u00fcse unter den hohen Belastungen unversehrt bleibt - entscheidend f\u00fcr die Produktqualit\u00e4t.<\/p>\n<p>Dar\u00fcber hinaus werden Graphitd\u00fcsen auch in Ger\u00e4ten wie L\u00f6tmaschinen verwendet, bei denen eine genaue Steuerung des Materialflusses entscheidend ist. Daher kann die Anpassung des D\u00fcsendesigns bei solchen Anwendungen die Materialabscheidung verbessern, was zu einer h\u00f6heren Qualit\u00e4t und Gleichm\u00e4\u00dfigkeit des Endprodukts f\u00fchrt.<\/p>\n<h2>Die wichtigsten Vorteile von Graphitd\u00fcsen<\/h2>\n<h3>Ausgezeichnete Hitzebest\u00e4ndigkeit<\/h3>\n<p>Die bemerkenswerteste Eigenschaft von Graphitd\u00fcsen ist ihre hohe Hitzebest\u00e4ndigkeit. Graphit ist ein ausgezeichneter Hochtemperaturwerkstoff und kann extrem hohen Temperaturen standhalten. Ob beim Schmieden von Metallen in einer Gie\u00dferei oder bei hohen Temperaturen in einem Triebwerk in der Luft- und Raumfahrt, Graphitd\u00fcsen behalten ihre strukturelle Integrit\u00e4t unter widrigen Bedingungen, die andere Materialien innerhalb weniger Stunden zersetzen w\u00fcrden.<\/p>\n<p>Geschmolzenes Aluminium oder Stahl kann bei Temperaturen von \u00fcber 1.000 \u00b0C schmelzen und flie\u00dfen - und selbst Graphitd\u00fcsen k\u00f6nnen an solchen Stellen verbrennen und zu Tr\u00fcmmern zerfetzen, ohne dass die Leitung wesentlich abf\u00e4llt. Aufgrund seiner F\u00e4higkeit, diesen hohen Temperaturen standzuhalten, wird das Material h\u00e4ufig in Branchen bevorzugt, in denen die Best\u00e4ndigkeit gegen gro\u00dfe Hitze eine wichtige Rolle spielt.<\/p>\n<h3>\u00dcberlegene Langlebigkeit<\/h3>\n<p>Die Langlebigkeit von Graphitd\u00fcsen ist wichtig, um die Wartungskosten zu minimieren. Graphit ist resistent gegen den Verschlei\u00df, der bei verschiedenen f\u00fcr die D\u00fcse verwendeten Materialien wie Metallen und Keramik auftritt. Es widersteht den abrasiven Kr\u00e4ften von geschmolzenen Materialien oder Gasen, wodurch Ihre D\u00fcse l\u00e4nger h\u00e4lt und mit der Zeit effizienter wird.<\/p>\n<p>Im Gegensatz zu vielen anderen Metallen ist Graphit resistent gegen Erosion und Zersetzung in hei\u00dfen Umgebungen und beh\u00e4lt daher seine Festigkeit und Leistung \u00fcber lange Zeitr\u00e4ume bei. Da Graphitd\u00fcsen lange halten, m\u00fcssen sie au\u00dferdem seltener ausgetauscht werden, was weniger Ausfallzeiten in Ihrem Betrieb und letztlich weniger Geld und Zeitaufwand bedeutet.<\/p>\n<h3>Korrosionsbest\u00e4ndigkeit<\/h3>\n<p>Es ist von Natur aus korrosionsbest\u00e4ndig, selbst in Gegenwart von aggressiven Chemikalien und extremen Temperaturen. D\u00fcsen in Branchen wie dem Metallguss oder der chemischen Verarbeitung beispielsweise k\u00f6nnen routinem\u00e4\u00dfig korrosiven Materialien ausgesetzt sein, die sie im Laufe der Zeit erodieren, schw\u00e4chen oder beeintr\u00e4chtigen. Graphitd\u00fcsen sind sehr korrosionsbest\u00e4ndig und gelten daher oft als zuverl\u00e4ssige Option in chemisch aggressiven Umgebungen.<\/p>\n<p>Graphit ist korrosionsbest\u00e4ndig gegen\u00fcber geschmolzenen Metallen, S\u00e4uren und Laugen. Die D\u00fcse ist au\u00dferdem f\u00fcr eine lange Lebensdauer ausgelegt, was den Muda-Abfall in Ihrem Betrieb verringert, da sie ohne st\u00e4ndige Wartung oder Austausch funktioniert.<\/p>\n<h3>Geringe Reibung<\/h3>\n<p>Die inh\u00e4rente Schmierf\u00e4higkeit von Graphit f\u00fchrt zu einer reibungsarmen Oberfl\u00e4che, was sie f\u00fcr Anwendungen, bei denen ein reibungsloser Materialfluss wichtig ist, besonders geeignet macht. Diese reibungsarme Eigenschaft ist vorteilhaft f\u00fcr D\u00fcsen f\u00fcr <a href=\"https:\/\/en.wikipedia.org\/wiki\/Metal_casting\" target=\"_blank\" rel=\"noopener\">Metallguss<\/a> oder Fluiddynamik. Graphitd\u00fcsen verringern die Reibung, was zu einem verbesserten Materialfluss, weniger Verstopfungen und geringerem Verschlei\u00df von D\u00fcse und Material f\u00fchrt.<\/p>\n<p>Graphitd\u00fcsen bieten auch eine glattere Oberfl\u00e4che, die einen kontrollierteren und gleichm\u00e4\u00dfigeren Durchfluss erm\u00f6glicht, was f\u00fcr Pr\u00e4zisionsanwendungen wie Laserschneiden oder Luftfahrtantriebe wichtig ist. Geringe Reibung ist ein wichtiger Faktor f\u00fcr eine gleichm\u00e4\u00dfigere Leistung und ein insgesamt effizienteres System.<\/p>\n<h3>Anpassbare Designs<\/h3>\n<p>Ein weiterer gro\u00dfer Vorteil von Graphitd\u00fcsen ist ihre Vielseitigkeit und die M\u00f6glichkeit, das Design individuell anzupassen. Da Graphit ein hochgradig formbares Material ist, k\u00f6nnen D\u00fcsen in verschiedenen Formen und Gr\u00f6\u00dfen hergestellt und entsprechend den spezifischen Anwendungen angepasst werden. Von einer schmalen bis zu einer breiten \u00d6ffnung, von einer bestimmten L\u00e4nge bis zu kundenspezifischen Innenkan\u00e4len - Graphit l\u00e4sst sich relativ leicht an Ihre spezifischen Anforderungen anpassen.<\/p>\n<p>D\u00fcsen k\u00f6nnen auch in anderen Aspekten wie Wandst\u00e4rke, D\u00fcsenspitzen und andere Str\u00f6mungsdynamik angepasst werden, um Ihnen genau die Leistung zu bieten, die Sie f\u00fcr Ihre D\u00fcse ben\u00f6tigen. Dank dieser Flexibilit\u00e4t k\u00f6nnen Graphitd\u00fcsen in fast allen Branchen und Anwendungen eingesetzt werden.<\/p>\n<p class=\"ql-align-justify\">","protected":false},"excerpt":{"rendered":"<p>Die Graphitd\u00fcse ist ein leistungsstarkes Mehrzweckbauteil, das aus hochwertigem Graphit hergestellt wird. Die au\u00dfergew\u00f6hnlichen thermischen Eigenschaften von Graphit machen es widerstandsf\u00e4hig gegen Besch\u00e4digung und Verschlei\u00df, was den Einsatz dieser Materialien in Umgebungen mit hohen Temperaturen oder aggressiven Medien erm\u00f6glicht.<\/p>\n<p>Graphitd\u00fcsen eignen sich f\u00fcr zahlreiche Industriezweige wie Metallverarbeitung, Raketentriebwerke, Elektronikfertigung und Laser und werden in zahlreichen Produktionsprozessen eingesetzt. Graphitd\u00fcsen eignen sich perfekt f\u00fcr diese Anwendungen, da sie den Belastungen durch extrem hohe Hitze und korrosive Umgebungen besser standhalten als viele andere Werkstoffe und somit \u00fcber einen l\u00e4ngeren Zeitraum hinweg eine zuverl\u00e4ssige L\u00f6sung bieten.<\/p>","protected":false},"featured_media":7363,"template":"","meta":[],"product_brand":[],"product_cat":[38],"product_tag":[],"class_list":{"0":"post-7362","1":"product","2":"type-product","3":"status-publish","4":"has-post-thumbnail","6":"product_cat-graphite-products","8":"first","9":"instock","10":"shipping-taxable","11":"product-type-simple"},"yoast_head":"<!-- This site is optimized with the Yoast SEO Premium plugin v19.2.1 (Yoast SEO v25.3) - https:\/\/yoast.com\/wordpress\/plugins\/seo\/ -->\n<title>Graphite Nozzle Manufacturer in China | Jinsun Carbon<\/title>\n<meta name=\"description\" content=\"Graphite rocket nozzles for sale, it is a critical component used in rocket engines, particularly in those that utilize solid rocket propellants or hybrid propulsion systems.\" \/>\n<meta name=\"robots\" content=\"index, follow, max-snippet:-1, max-image-preview:large, max-video-preview:-1\" \/>\n<link rel=\"canonical\" href=\"https:\/\/jinsuncarbon.com\/de\/produkt\/graphitduse\/\" \/>\n<meta property=\"og:locale\" content=\"de_DE\" \/>\n<meta property=\"og:type\" content=\"article\" \/>\n<meta property=\"og:title\" content=\"Graphite Nozzle\" \/>\n<meta property=\"og:description\" content=\"Graphite rocket nozzles for sale, it is a critical component used in rocket engines, particularly in those that utilize solid rocket propellants or hybrid propulsion systems.\" \/>\n<meta property=\"og:url\" content=\"https:\/\/jinsuncarbon.com\/de\/produkt\/graphitduse\/\" \/>\n<meta property=\"og:site_name\" content=\"Jinsun Carbon\" \/>\n<meta property=\"article:publisher\" content=\"https:\/\/www.facebook.com\/Graphite-Electrode-109336238661595\" \/>\n<meta property=\"article:modified_time\" content=\"2025-01-19T06:05:03+00:00\" \/>\n<meta property=\"og:image\" content=\"https:\/\/jinsuncarbon.com\/wp-content\/uploads\/2025\/01\/Graphite-nozzle.jpg\" \/>\n\t<meta property=\"og:image:width\" content=\"1024\" \/>\n\t<meta property=\"og:image:height\" content=\"763\" \/>\n\t<meta property=\"og:image:type\" content=\"image\/jpeg\" \/>\n<meta name=\"twitter:card\" content=\"summary_large_image\" \/>\n<meta name=\"twitter:site\" content=\"@jinsuncarbon_\" \/>\n<meta name=\"twitter:label1\" content=\"Gesch\u00e4tzte Lesezeit\" \/>\n\t<meta name=\"twitter:data1\" content=\"5\u00a0Minuten\" \/>\n<script type=\"application\/ld+json\" class=\"yoast-schema-graph\">{\"@context\":\"https:\/\/schema.org\",\"@graph\":[{\"@type\":\"WebPage\",\"@id\":\"https:\/\/jinsuncarbon.com\/product\/graphite-nozzle\/\",\"url\":\"https:\/\/jinsuncarbon.com\/product\/graphite-nozzle\/\",\"name\":\"Graphite Nozzle Manufacturer in China | Jinsun Carbon\",\"isPartOf\":{\"@id\":\"https:\/\/jinsuncarbon.com\/#website\"},\"primaryImageOfPage\":{\"@id\":\"https:\/\/jinsuncarbon.com\/product\/graphite-nozzle\/#primaryimage\"},\"image\":{\"@id\":\"https:\/\/jinsuncarbon.com\/product\/graphite-nozzle\/#primaryimage\"},\"thumbnailUrl\":\"https:\/\/jinsuncarbon.com\/wp-content\/uploads\/2025\/01\/Graphite-nozzle.jpg\",\"datePublished\":\"2025-01-17T08:13:31+00:00\",\"dateModified\":\"2025-01-19T06:05:03+00:00\",\"description\":\"Graphite rocket nozzles for sale, it is a critical component used in rocket engines, particularly in those that utilize solid rocket propellants or hybrid propulsion systems.\",\"breadcrumb\":{\"@id\":\"https:\/\/jinsuncarbon.com\/product\/graphite-nozzle\/#breadcrumb\"},\"inLanguage\":\"de\",\"potentialAction\":[{\"@type\":\"ReadAction\",\"target\":[\"https:\/\/jinsuncarbon.com\/product\/graphite-nozzle\/\"]}]},{\"@type\":\"ImageObject\",\"inLanguage\":\"de\",\"@id\":\"https:\/\/jinsuncarbon.com\/product\/graphite-nozzle\/#primaryimage\",\"url\":\"https:\/\/jinsuncarbon.com\/wp-content\/uploads\/2025\/01\/Graphite-nozzle.jpg\",\"contentUrl\":\"https:\/\/jinsuncarbon.com\/wp-content\/uploads\/2025\/01\/Graphite-nozzle.jpg\",\"width\":1024,\"height\":763,\"caption\":\"Graphite nozzle\"},{\"@type\":\"BreadcrumbList\",\"@id\":\"https:\/\/jinsuncarbon.com\/product\/graphite-nozzle\/#breadcrumb\",\"itemListElement\":[{\"@type\":\"ListItem\",\"position\":1,\"name\":\"Home\",\"item\":\"https:\/\/jinsuncarbon.com\/\"},{\"@type\":\"ListItem\",\"position\":2,\"name\":\"Products\",\"item\":\"https:\/\/jinsuncarbon.com\/graphite-carbon\/\"},{\"@type\":\"ListItem\",\"position\":3,\"name\":\"Graphite Nozzle\"}]},{\"@type\":\"WebSite\",\"@id\":\"https:\/\/jinsuncarbon.com\/#website\",\"url\":\"https:\/\/jinsuncarbon.com\/\",\"name\":\"Jinsun Carbon\",\"description\":\"We are the successful graphite electrode manufacturer in China\",\"publisher\":{\"@id\":\"https:\/\/jinsuncarbon.com\/#organization\"},\"potentialAction\":[{\"@type\":\"SearchAction\",\"target\":{\"@type\":\"EntryPoint\",\"urlTemplate\":\"https:\/\/jinsuncarbon.com\/?s={search_term_string}\"},\"query-input\":{\"@type\":\"PropertyValueSpecification\",\"valueRequired\":true,\"valueName\":\"search_term_string\"}}],\"inLanguage\":\"de\"},{\"@type\":\"Organization\",\"@id\":\"https:\/\/jinsuncarbon.com\/#organization\",\"name\":\"Jinsun Carbon\",\"alternateName\":\"Jinsun Carbon\",\"url\":\"https:\/\/jinsuncarbon.com\/\",\"logo\":{\"@type\":\"ImageObject\",\"inLanguage\":\"de\",\"@id\":\"https:\/\/jinsuncarbon.com\/#\/schema\/logo\/image\/\",\"url\":\"https:\/\/jinsuncarbon.com\/wp-content\/uploads\/2022\/12\/LOGO-1.png\",\"contentUrl\":\"https:\/\/jinsuncarbon.com\/wp-content\/uploads\/2022\/12\/LOGO-1.png\",\"width\":207,\"height\":80,\"caption\":\"Jinsun Carbon\"},\"image\":{\"@id\":\"https:\/\/jinsuncarbon.com\/#\/schema\/logo\/image\/\"},\"sameAs\":[\"https:\/\/www.facebook.com\/Graphite-Electrode-109336238661595\",\"https:\/\/x.com\/jinsuncarbon_\",\"https:\/\/www.linkedin.com\/in\/jinsungraphite\",\"https:\/\/www.youtube.com\/channel\/UCysDNyvyR5-3cCWEmpkVC0g\"]}]}<\/script>\n<!-- \/ Yoast SEO Premium plugin. -->","yoast_head_json":{"title":"Graphitd\u00fcsen Hersteller in China | Jinsun Carbon","description":"Graphit Raketend\u00fcsen zum Verkauf, es ist eine kritische Komponente in Raketentriebwerken, insbesondere in solchen, die feste Raketentreibstoffe oder Hybridantriebe verwenden.","robots":{"index":"index","follow":"follow","max-snippet":"max-snippet:-1","max-image-preview":"max-image-preview:large","max-video-preview":"max-video-preview:-1"},"canonical":"https:\/\/jinsuncarbon.com\/de\/produkt\/graphitduse\/","og_locale":"de_DE","og_type":"article","og_title":"Graphite Nozzle","og_description":"Graphite rocket nozzles for sale, it is a critical component used in rocket engines, particularly in those that utilize solid rocket propellants or hybrid propulsion systems.","og_url":"https:\/\/jinsuncarbon.com\/de\/produkt\/graphitduse\/","og_site_name":"Jinsun Carbon","article_publisher":"https:\/\/www.facebook.com\/Graphite-Electrode-109336238661595","article_modified_time":"2025-01-19T06:05:03+00:00","og_image":[{"width":1024,"height":763,"url":"https:\/\/jinsuncarbon.com\/wp-content\/uploads\/2025\/01\/Graphite-nozzle.jpg","type":"image\/jpeg"}],"twitter_card":"summary_large_image","twitter_site":"@jinsuncarbon_","twitter_misc":{"Gesch\u00e4tzte Lesezeit":"5\u00a0Minuten"},"schema":{"@context":"https:\/\/schema.org","@graph":[{"@type":"WebPage","@id":"https:\/\/jinsuncarbon.com\/product\/graphite-nozzle\/","url":"https:\/\/jinsuncarbon.com\/product\/graphite-nozzle\/","name":"Graphitd\u00fcsen Hersteller in China | Jinsun Carbon","isPartOf":{"@id":"https:\/\/jinsuncarbon.com\/#website"},"primaryImageOfPage":{"@id":"https:\/\/jinsuncarbon.com\/product\/graphite-nozzle\/#primaryimage"},"image":{"@id":"https:\/\/jinsuncarbon.com\/product\/graphite-nozzle\/#primaryimage"},"thumbnailUrl":"https:\/\/jinsuncarbon.com\/wp-content\/uploads\/2025\/01\/Graphite-nozzle.jpg","datePublished":"2025-01-17T08:13:31+00:00","dateModified":"2025-01-19T06:05:03+00:00","description":"Graphit Raketend\u00fcsen zum Verkauf, es ist eine kritische Komponente in Raketentriebwerken, insbesondere in solchen, die feste Raketentreibstoffe oder Hybridantriebe verwenden.","breadcrumb":{"@id":"https:\/\/jinsuncarbon.com\/product\/graphite-nozzle\/#breadcrumb"},"inLanguage":"de","potentialAction":[{"@type":"ReadAction","target":["https:\/\/jinsuncarbon.com\/product\/graphite-nozzle\/"]}]},{"@type":"ImageObject","inLanguage":"de","@id":"https:\/\/jinsuncarbon.com\/product\/graphite-nozzle\/#primaryimage","url":"https:\/\/jinsuncarbon.com\/wp-content\/uploads\/2025\/01\/Graphite-nozzle.jpg","contentUrl":"https:\/\/jinsuncarbon.com\/wp-content\/uploads\/2025\/01\/Graphite-nozzle.jpg","width":1024,"height":763,"caption":"Graphite nozzle"},{"@type":"BreadcrumbList","@id":"https:\/\/jinsuncarbon.com\/product\/graphite-nozzle\/#breadcrumb","itemListElement":[{"@type":"ListItem","position":1,"name":"Home","item":"https:\/\/jinsuncarbon.com\/"},{"@type":"ListItem","position":2,"name":"Products","item":"https:\/\/jinsuncarbon.com\/graphite-carbon\/"},{"@type":"ListItem","position":3,"name":"Graphite Nozzle"}]},{"@type":"WebSite","@id":"https:\/\/jinsuncarbon.com\/#website","url":"https:\/\/jinsuncarbon.com\/","name":"Jinsun Kohlenstoff","description":"Wir sind der erfolgreiche Hersteller von Graphitelektroden in China","publisher":{"@id":"https:\/\/jinsuncarbon.com\/#organization"},"potentialAction":[{"@type":"SearchAction","target":{"@type":"EntryPoint","urlTemplate":"https:\/\/jinsuncarbon.com\/?s={search_term_string}"},"query-input":{"@type":"PropertyValueSpecification","valueRequired":true,"valueName":"search_term_string"}}],"inLanguage":"de"},{"@type":"Organization","@id":"https:\/\/jinsuncarbon.com\/#organization","name":"Jinsun Kohlenstoff","alternateName":"Jinsun Carbon","url":"https:\/\/jinsuncarbon.com\/","logo":{"@type":"ImageObject","inLanguage":"de","@id":"https:\/\/jinsuncarbon.com\/#\/schema\/logo\/image\/","url":"https:\/\/jinsuncarbon.com\/wp-content\/uploads\/2022\/12\/LOGO-1.png","contentUrl":"https:\/\/jinsuncarbon.com\/wp-content\/uploads\/2022\/12\/LOGO-1.png","width":207,"height":80,"caption":"Jinsun Carbon"},"image":{"@id":"https:\/\/jinsuncarbon.com\/#\/schema\/logo\/image\/"},"sameAs":["https:\/\/www.facebook.com\/Graphite-Electrode-109336238661595","https:\/\/x.com\/jinsuncarbon_","https:\/\/www.linkedin.com\/in\/jinsungraphite","https:\/\/www.youtube.com\/channel\/UCysDNyvyR5-3cCWEmpkVC0g"]}]}},"_links":{"self":[{"href":"https:\/\/jinsuncarbon.com\/de\/wp-json\/wp\/v2\/product\/7362","targetHints":{"allow":["GET"]}}],"collection":[{"href":"https:\/\/jinsuncarbon.com\/de\/wp-json\/wp\/v2\/product"}],"about":[{"href":"https:\/\/jinsuncarbon.com\/de\/wp-json\/wp\/v2\/types\/product"}],"wp:featuredmedia":[{"embeddable":true,"href":"https:\/\/jinsuncarbon.com\/de\/wp-json\/wp\/v2\/media\/7363"}],"wp:attachment":[{"href":"https:\/\/jinsuncarbon.com\/de\/wp-json\/wp\/v2\/media?parent=7362"}],"wp:term":[{"taxonomy":"product_brand","embeddable":true,"href":"https:\/\/jinsuncarbon.com\/de\/wp-json\/wp\/v2\/product_brand?post=7362"},{"taxonomy":"product_cat","embeddable":true,"href":"https:\/\/jinsuncarbon.com\/de\/wp-json\/wp\/v2\/product_cat?post=7362"},{"taxonomy":"product_tag","embeddable":true,"href":"https:\/\/jinsuncarbon.com\/de\/wp-json\/wp\/v2\/product_tag?post=7362"}],"curies":[{"name":"wp","href":"https:\/\/api.w.org\/{rel}","templated":true}]}}