{"id":7335,"date":"2025-01-15T03:22:44","date_gmt":"2025-01-15T03:22:44","guid":{"rendered":"https:\/\/jinsuncarbon.com\/?post_type=product&#038;p=7335"},"modified":"2025-01-15T03:22:44","modified_gmt":"2025-01-15T03:22:44","slug":"graphitbox","status":"publish","type":"product","link":"https:\/\/jinsuncarbon.com\/de\/produkt\/graphitbox\/","title":{"rendered":"Graphit-Box"},"content":{"rendered":"<h2>Hersteller von Graphitboxen<\/h2>\n<p><strong>Vorteile der Graphitbox<\/strong><\/p>\n<p>Graphitboxen sind in der Regel quadratisch, rund und andere regelm\u00e4\u00dfige Formen, die einfach zu installieren und zu verwenden sind.<\/p>\n<p><strong>Ausgezeichnete thermische Stabilit\u00e4t<\/strong><\/p>\n<p>Es kann die strukturelle Stabilit\u00e4t in extremen Temperaturumgebungen von -200\u00b0C bis 1000\u2103 und sogar h\u00f6her aufrechterhalten. Und es wird nicht leicht verformt oder besch\u00e4digt.<\/p>\n<p><strong>\u00c4u\u00dferst stabile chemische Eigenschaften<\/strong><\/p>\n<p>Es hat eine gute Korrosionsbest\u00e4ndigkeit und reagiert kaum mit g\u00e4ngigen chemischen Substanzen wie S\u00e4uren und Basen.<\/p>\n<p><strong>Gute elektrische Leitf\u00e4higkeit <\/strong><\/p>\n<p>Es kann den Strom in einigen Szenen mit elektrochemischen Reaktionen effizient leiten.<\/p>\n<p><strong>Hohe mechanische Festigkeit<\/strong><\/p>\n<p>Es ist druck- und verschlei\u00dffest und hat eine lange Lebensdauer.<\/p>\n<p>&nbsp;<\/p>\n<p>Au\u00dferdem hat es eine hohe W\u00e4rmeleitf\u00e4higkeit, die die W\u00e4rme schnell und gleichm\u00e4\u00dfig \u00fcbertragen kann. Und die gleichm\u00e4\u00dfige Verteilung der Temperatur in der Hei\u00dfverarbeitung gew\u00e4hrleisten.<\/p>\n<p>&nbsp;<\/p>\n<h2>Verwendungen von Graphitboxen<\/h2>\n<ul>\n<li>\n<h3>Materialvorbereitung f\u00fcr Lithium-Batterien\uff1a<\/h3>\n<\/li>\n<\/ul>\n<p>&nbsp;<\/p>\n<h4>Sintern von Lithium-Eisenphosphat-Batterien<\/h4>\n<p>Graphit-Box hat ausgezeichnete hohe Temperaturbest\u00e4ndigkeit, stabile Best\u00e4ndigkeit gegen \u00fcber 1000\u2103 hohe Temperatur und stabile Struktur. Seine relativ geschlossenen Raum kann die Vermischung von Verunreinigungen zu vermeiden, gew\u00e4hrleisten die Reinheit des Materials. Und es erm\u00f6glicht die W\u00e4rme gleichm\u00e4\u00dfig zu \u00fcbertragen, so dass die Sinterung ist ausreichend. Dies ist f\u00f6rderlich f\u00fcr die Bildung einer idealen Kristallstruktur und verbessert die Leistung der Batterie.<\/p>\n<p>&nbsp;<\/p>\n<h4>Hochtemperaturverkohlung von negativem Elektrodenmaterial<\/h4>\n<p>Dieser Prozess wird bei 800-1500 \u2103 durchgef\u00fchrt, und die Graphitbox kann die Oxidation des Materials verhindern. Es sorgt f\u00fcr die gleichm\u00e4\u00dfige Verteilung der W\u00e4rme, hilft, vollst\u00e4ndig zu verkohlen, bildet eine Kohlenstoffstruktur mit guter Leistung. Und legen den Grundstein f\u00fcr die Vorbereitung der negativen Elektrode des Hochleistungs <a href=\"https:\/\/www.energy.gov\/energysaver\/articles\/how-lithium-ion-batteries-work\" target=\"_blank\" rel=\"noopener\">Lithium-Batterie<\/a>.<\/p>\n<p>&nbsp;<\/p>\n<h3>Metallurgie:<\/h3>\n<p>Bei der Metallverh\u00fcttung kann man h\u00e4ufig Graphitboxen als <a href=\"https:\/\/jinsuncarbon.com\/de\/produkt\/graphit-tiegel\/\">Schmelztiegel<\/a>. Seine chemischen Eigenschaften sind stabil und k\u00f6nnen chemische Reaktionen zwischen Metallen und anderen Stoffen verhindern. Es sorgt f\u00fcr einen reibungslosen Ablauf des Metallschmelzprozesses und gew\u00e4hrleistet die Reinheit und Qualit\u00e4t des Metalls. Zur gleichen Zeit, in den Reinigungsprozess von einigen speziellen Metallen, kann es auch eine wichtige Rolle bei der Unterst\u00fctzung der Entfernung von Verunreinigungen spielen, und verbessern die Reinheit des Metalls.<\/p>\n<p>&nbsp;<\/p>\n<h3>Elektronikindustrie:<\/h3>\n<p>Bei der Herstellung von Halbleitern k\u00f6nnen Sie Graphitboxen f\u00fcr die W\u00e4rmebehandlung von Chips verwenden. Es kann eine stabile Hochtemperaturumgebung f\u00fcr den Chip bereitstellen und wird keine Verunreinigungen einf\u00fchren. Um die Leistung und Zuverl\u00e4ssigkeit des Chips zu gew\u00e4hrleisten. Dar\u00fcber hinaus k\u00f6nnen Sie die Box beim Sintern von elektronischen Bauteilen auch als Transportmittel verwenden. Mit seiner guten W\u00e4rmeleitung Leistung, so dass die elektronischen Bauteile gleichm\u00e4\u00dfig erhitzt werden und die Sinterqualit\u00e4t zu verbessern.<\/p>\n<p>&nbsp;<\/p>\n<h3>Chemische Industrie:<\/h3>\n<p>Bei chemischen Synthesereaktionen, wenn die Reaktion unter hohen Temperaturen, hohem Druck und in korrosiver Umgebung durchgef\u00fchrt werden muss, k\u00f6nnen Sie es als Reaktionsbeh\u00e4lter verwenden. Seine chemische Stabilit\u00e4t und seine Best\u00e4ndigkeit bei hohen Temperaturen und hohem Druck k\u00f6nnen der Korrosion chemischer Substanzen wirksam widerstehen. So wird die Sicherheit und Stabilit\u00e4t der Reaktion gew\u00e4hrleistet. Zur gleichen Zeit, in der Trocknung und R\u00f6stung von einigen chemischen Produkten, kann es auch eine Rolle spielen, um eine effiziente Trocknung und R\u00f6stung Operationen zu erreichen.<\/p>\n<p>&nbsp;<\/p>\n<h3>Andere Verwendungen von Graphitboxen<\/h3>\n<p><strong>Hochtemperatur-W\u00e4rmebehandlungsofen<\/strong><\/p>\n<p>Graphitboxen k\u00f6nnen eine relativ unabh\u00e4ngige Hochtemperaturumgebung f\u00fcr die zu behandelnden Gegenst\u00e4nde bieten. Seine hervorragende W\u00e4rmeleitf\u00e4higkeit tr\u00e4gt zur gleichm\u00e4\u00dfigen Erw\u00e4rmung und zur Verbesserung der Behandlungswirkung bei.<\/p>\n<p>&nbsp;<\/p>\n<p><strong>Pulvermetallurgischer Guss<\/strong><\/p>\n<p>In der Regel kann man sie zur Aufnahme von Pulverrohstoffen verwenden. W\u00e4hrend des Gie\u00dfens kann die Graphitbox hohen Temperaturen standhalten und die Oxidation des Pulvers verhindern, was f\u00fcr die Herstellung hochwertiger metallurgischer Gussteile f\u00f6rderlich ist.<\/p>","protected":false},"excerpt":{"rendered":"<p>Die Graphitbox ist ein Beh\u00e4lter aus hochreinem Graphitmaterial. Aufgrund seiner einzigartigen physikalischen und chemischen Eigenschaften spielt er in vielen Industriebereichen eine wichtige Rolle. Und es ist ein hochleistungsf\u00e4higes und zuverl\u00e4ssiges Material, das verschiedene Produktionsanforderungen erf\u00fcllen kann.<\/p>\n<p>Beim Schmelzen und Gie\u00dfen k\u00f6nnen Sie Graphitboxen als Hochtemperaturformen verwenden, um verschiedene Metallteile genau zu formen. Bei der Sinterung von Lithiumbatterien bietet es eine stabile Hochtemperatur-Reaktionsumgebung f\u00fcr Batteriematerialien.<\/p>\n<p>Dar\u00fcber hinaus k\u00f6nnen Sie die Gr\u00f6\u00dfe, die Form und die innere Struktur der Steintintenpatrone entsprechend Ihren eigenen Prozessmerkmalen und Produktionsanforderungen anpassen.<\/p>\n<p>&nbsp;<\/p>","protected":false},"featured_media":7341,"template":"","meta":[],"product_brand":[],"product_cat":[38],"product_tag":[],"class_list":{"0":"post-7335","1":"product","2":"type-product","3":"status-publish","4":"has-post-thumbnail","6":"product_cat-graphite-products","8":"first","9":"instock","10":"shipping-taxable","11":"product-type-simple"},"yoast_head":"<!-- This site is optimized with the Yoast SEO Premium plugin v19.2.1 (Yoast SEO v25.3) - https:\/\/yoast.com\/wordpress\/plugins\/seo\/ -->\n<title>Graphite Box Manufacturer in China | Jinsun Carbon<\/title>\n<meta name=\"description\" content=\"Graphite Box Manufacturer in China, It is used for smelting and casting of non-ferrous metals such as aluminum and copper alloys.\" \/>\n<meta name=\"robots\" content=\"index, follow, max-snippet:-1, max-image-preview:large, max-video-preview:-1\" \/>\n<link rel=\"canonical\" href=\"https:\/\/jinsuncarbon.com\/de\/produkt\/graphitbox\/\" \/>\n<meta property=\"og:locale\" content=\"de_DE\" \/>\n<meta property=\"og:type\" content=\"article\" \/>\n<meta property=\"og:title\" content=\"Graphite Box\" \/>\n<meta property=\"og:description\" content=\"Graphite Box Manufacturer in China, It is used for smelting and casting of non-ferrous metals such as aluminum and copper alloys.\" \/>\n<meta property=\"og:url\" content=\"https:\/\/jinsuncarbon.com\/de\/produkt\/graphitbox\/\" \/>\n<meta property=\"og:site_name\" content=\"Jinsun Carbon\" \/>\n<meta property=\"article:publisher\" content=\"https:\/\/www.facebook.com\/Graphite-Electrode-109336238661595\" \/>\n<meta property=\"og:image\" content=\"https:\/\/jinsuncarbon.com\/wp-content\/uploads\/2025\/01\/Graphite-box.jpg\" \/>\n\t<meta property=\"og:image:width\" content=\"1024\" \/>\n\t<meta property=\"og:image:height\" content=\"763\" \/>\n\t<meta property=\"og:image:type\" content=\"image\/jpeg\" \/>\n<meta name=\"twitter:card\" content=\"summary_large_image\" \/>\n<meta name=\"twitter:site\" content=\"@jinsuncarbon_\" \/>\n<meta name=\"twitter:label1\" content=\"Gesch\u00e4tzte Lesezeit\" \/>\n\t<meta name=\"twitter:data1\" content=\"3\u00a0Minuten\" \/>\n<script type=\"application\/ld+json\" class=\"yoast-schema-graph\">{\"@context\":\"https:\/\/schema.org\",\"@graph\":[{\"@type\":\"WebPage\",\"@id\":\"https:\/\/jinsuncarbon.com\/product\/graphite-box\/\",\"url\":\"https:\/\/jinsuncarbon.com\/product\/graphite-box\/\",\"name\":\"Graphite Box Manufacturer in China | Jinsun Carbon\",\"isPartOf\":{\"@id\":\"https:\/\/jinsuncarbon.com\/#website\"},\"primaryImageOfPage\":{\"@id\":\"https:\/\/jinsuncarbon.com\/product\/graphite-box\/#primaryimage\"},\"image\":{\"@id\":\"https:\/\/jinsuncarbon.com\/product\/graphite-box\/#primaryimage\"},\"thumbnailUrl\":\"https:\/\/jinsuncarbon.com\/wp-content\/uploads\/2025\/01\/Graphite-box.jpg\",\"datePublished\":\"2025-01-15T03:22:44+00:00\",\"description\":\"Graphite Box Manufacturer in China, It is used for smelting and casting of non-ferrous metals such as aluminum and copper alloys.\",\"breadcrumb\":{\"@id\":\"https:\/\/jinsuncarbon.com\/product\/graphite-box\/#breadcrumb\"},\"inLanguage\":\"de\",\"potentialAction\":[{\"@type\":\"ReadAction\",\"target\":[\"https:\/\/jinsuncarbon.com\/product\/graphite-box\/\"]}]},{\"@type\":\"ImageObject\",\"inLanguage\":\"de\",\"@id\":\"https:\/\/jinsuncarbon.com\/product\/graphite-box\/#primaryimage\",\"url\":\"https:\/\/jinsuncarbon.com\/wp-content\/uploads\/2025\/01\/Graphite-box.jpg\",\"contentUrl\":\"https:\/\/jinsuncarbon.com\/wp-content\/uploads\/2025\/01\/Graphite-box.jpg\",\"width\":1024,\"height\":763,\"caption\":\"Graphite box\"},{\"@type\":\"BreadcrumbList\",\"@id\":\"https:\/\/jinsuncarbon.com\/product\/graphite-box\/#breadcrumb\",\"itemListElement\":[{\"@type\":\"ListItem\",\"position\":1,\"name\":\"Home\",\"item\":\"https:\/\/jinsuncarbon.com\/\"},{\"@type\":\"ListItem\",\"position\":2,\"name\":\"Products\",\"item\":\"https:\/\/jinsuncarbon.com\/graphite-carbon\/\"},{\"@type\":\"ListItem\",\"position\":3,\"name\":\"Graphite Box\"}]},{\"@type\":\"WebSite\",\"@id\":\"https:\/\/jinsuncarbon.com\/#website\",\"url\":\"https:\/\/jinsuncarbon.com\/\",\"name\":\"Jinsun Carbon\",\"description\":\"We are the successful graphite electrode manufacturer in China\",\"publisher\":{\"@id\":\"https:\/\/jinsuncarbon.com\/#organization\"},\"potentialAction\":[{\"@type\":\"SearchAction\",\"target\":{\"@type\":\"EntryPoint\",\"urlTemplate\":\"https:\/\/jinsuncarbon.com\/?s={search_term_string}\"},\"query-input\":{\"@type\":\"PropertyValueSpecification\",\"valueRequired\":true,\"valueName\":\"search_term_string\"}}],\"inLanguage\":\"de\"},{\"@type\":\"Organization\",\"@id\":\"https:\/\/jinsuncarbon.com\/#organization\",\"name\":\"Jinsun Carbon\",\"alternateName\":\"Jinsun Carbon\",\"url\":\"https:\/\/jinsuncarbon.com\/\",\"logo\":{\"@type\":\"ImageObject\",\"inLanguage\":\"de\",\"@id\":\"https:\/\/jinsuncarbon.com\/#\/schema\/logo\/image\/\",\"url\":\"https:\/\/jinsuncarbon.com\/wp-content\/uploads\/2022\/12\/LOGO-1.png\",\"contentUrl\":\"https:\/\/jinsuncarbon.com\/wp-content\/uploads\/2022\/12\/LOGO-1.png\",\"width\":207,\"height\":80,\"caption\":\"Jinsun Carbon\"},\"image\":{\"@id\":\"https:\/\/jinsuncarbon.com\/#\/schema\/logo\/image\/\"},\"sameAs\":[\"https:\/\/www.facebook.com\/Graphite-Electrode-109336238661595\",\"https:\/\/x.com\/jinsuncarbon_\",\"https:\/\/www.linkedin.com\/in\/jinsungraphite\",\"https:\/\/www.youtube.com\/channel\/UCysDNyvyR5-3cCWEmpkVC0g\"]}]}<\/script>\n<!-- \/ Yoast SEO Premium plugin. -->","yoast_head_json":{"title":"Graphit Box Hersteller in China | Jinsun Carbon","description":"Graphit Box Hersteller in China, Es ist f\u00fcr das Schmelzen und Gie\u00dfen von Nichteisenmetallen wie Aluminium und Kupfer-Legierungen verwendet.","robots":{"index":"index","follow":"follow","max-snippet":"max-snippet:-1","max-image-preview":"max-image-preview:large","max-video-preview":"max-video-preview:-1"},"canonical":"https:\/\/jinsuncarbon.com\/de\/produkt\/graphitbox\/","og_locale":"de_DE","og_type":"article","og_title":"Graphite Box","og_description":"Graphite Box Manufacturer in China, It is used for smelting and casting of non-ferrous metals such as aluminum and copper alloys.","og_url":"https:\/\/jinsuncarbon.com\/de\/produkt\/graphitbox\/","og_site_name":"Jinsun Carbon","article_publisher":"https:\/\/www.facebook.com\/Graphite-Electrode-109336238661595","og_image":[{"width":1024,"height":763,"url":"https:\/\/jinsuncarbon.com\/wp-content\/uploads\/2025\/01\/Graphite-box.jpg","type":"image\/jpeg"}],"twitter_card":"summary_large_image","twitter_site":"@jinsuncarbon_","twitter_misc":{"Gesch\u00e4tzte Lesezeit":"3\u00a0Minuten"},"schema":{"@context":"https:\/\/schema.org","@graph":[{"@type":"WebPage","@id":"https:\/\/jinsuncarbon.com\/product\/graphite-box\/","url":"https:\/\/jinsuncarbon.com\/product\/graphite-box\/","name":"Graphit Box Hersteller in China | Jinsun Carbon","isPartOf":{"@id":"https:\/\/jinsuncarbon.com\/#website"},"primaryImageOfPage":{"@id":"https:\/\/jinsuncarbon.com\/product\/graphite-box\/#primaryimage"},"image":{"@id":"https:\/\/jinsuncarbon.com\/product\/graphite-box\/#primaryimage"},"thumbnailUrl":"https:\/\/jinsuncarbon.com\/wp-content\/uploads\/2025\/01\/Graphite-box.jpg","datePublished":"2025-01-15T03:22:44+00:00","description":"Graphit Box Hersteller in China, Es ist f\u00fcr das Schmelzen und Gie\u00dfen von Nichteisenmetallen wie Aluminium und Kupfer-Legierungen verwendet.","breadcrumb":{"@id":"https:\/\/jinsuncarbon.com\/product\/graphite-box\/#breadcrumb"},"inLanguage":"de","potentialAction":[{"@type":"ReadAction","target":["https:\/\/jinsuncarbon.com\/product\/graphite-box\/"]}]},{"@type":"ImageObject","inLanguage":"de","@id":"https:\/\/jinsuncarbon.com\/product\/graphite-box\/#primaryimage","url":"https:\/\/jinsuncarbon.com\/wp-content\/uploads\/2025\/01\/Graphite-box.jpg","contentUrl":"https:\/\/jinsuncarbon.com\/wp-content\/uploads\/2025\/01\/Graphite-box.jpg","width":1024,"height":763,"caption":"Graphite box"},{"@type":"BreadcrumbList","@id":"https:\/\/jinsuncarbon.com\/product\/graphite-box\/#breadcrumb","itemListElement":[{"@type":"ListItem","position":1,"name":"Home","item":"https:\/\/jinsuncarbon.com\/"},{"@type":"ListItem","position":2,"name":"Products","item":"https:\/\/jinsuncarbon.com\/graphite-carbon\/"},{"@type":"ListItem","position":3,"name":"Graphite Box"}]},{"@type":"WebSite","@id":"https:\/\/jinsuncarbon.com\/#website","url":"https:\/\/jinsuncarbon.com\/","name":"Jinsun Kohlenstoff","description":"Wir sind der erfolgreiche Hersteller von Graphitelektroden in China","publisher":{"@id":"https:\/\/jinsuncarbon.com\/#organization"},"potentialAction":[{"@type":"SearchAction","target":{"@type":"EntryPoint","urlTemplate":"https:\/\/jinsuncarbon.com\/?s={search_term_string}"},"query-input":{"@type":"PropertyValueSpecification","valueRequired":true,"valueName":"search_term_string"}}],"inLanguage":"de"},{"@type":"Organization","@id":"https:\/\/jinsuncarbon.com\/#organization","name":"Jinsun Kohlenstoff","alternateName":"Jinsun Carbon","url":"https:\/\/jinsuncarbon.com\/","logo":{"@type":"ImageObject","inLanguage":"de","@id":"https:\/\/jinsuncarbon.com\/#\/schema\/logo\/image\/","url":"https:\/\/jinsuncarbon.com\/wp-content\/uploads\/2022\/12\/LOGO-1.png","contentUrl":"https:\/\/jinsuncarbon.com\/wp-content\/uploads\/2022\/12\/LOGO-1.png","width":207,"height":80,"caption":"Jinsun Carbon"},"image":{"@id":"https:\/\/jinsuncarbon.com\/#\/schema\/logo\/image\/"},"sameAs":["https:\/\/www.facebook.com\/Graphite-Electrode-109336238661595","https:\/\/x.com\/jinsuncarbon_","https:\/\/www.linkedin.com\/in\/jinsungraphite","https:\/\/www.youtube.com\/channel\/UCysDNyvyR5-3cCWEmpkVC0g"]}]}},"_links":{"self":[{"href":"https:\/\/jinsuncarbon.com\/de\/wp-json\/wp\/v2\/product\/7335","targetHints":{"allow":["GET"]}}],"collection":[{"href":"https:\/\/jinsuncarbon.com\/de\/wp-json\/wp\/v2\/product"}],"about":[{"href":"https:\/\/jinsuncarbon.com\/de\/wp-json\/wp\/v2\/types\/product"}],"wp:featuredmedia":[{"embeddable":true,"href":"https:\/\/jinsuncarbon.com\/de\/wp-json\/wp\/v2\/media\/7341"}],"wp:attachment":[{"href":"https:\/\/jinsuncarbon.com\/de\/wp-json\/wp\/v2\/media?parent=7335"}],"wp:term":[{"taxonomy":"product_brand","embeddable":true,"href":"https:\/\/jinsuncarbon.com\/de\/wp-json\/wp\/v2\/product_brand?post=7335"},{"taxonomy":"product_cat","embeddable":true,"href":"https:\/\/jinsuncarbon.com\/de\/wp-json\/wp\/v2\/product_cat?post=7335"},{"taxonomy":"product_tag","embeddable":true,"href":"https:\/\/jinsuncarbon.com\/de\/wp-json\/wp\/v2\/product_tag?post=7335"}],"curies":[{"name":"wp","href":"https:\/\/api.w.org\/{rel}","templated":true}]}}