{"id":7327,"date":"2025-01-14T00:52:47","date_gmt":"2025-01-14T00:52:47","guid":{"rendered":"https:\/\/jinsuncarbon.com\/?post_type=product&#038;p=7327"},"modified":"2025-01-17T20:37:46","modified_gmt":"2025-01-17T20:37:46","slug":"300mm-graphit-gelekrode","status":"publish","type":"product","link":"https:\/\/jinsuncarbon.com\/de\/produkt\/300mm-graphit-gelekrode\/","title":{"rendered":"300mm Graphit-Elektrode"},"content":{"rendered":"<h2 class=\"ql-align-justify\">300mm Graphitelektrode Hersteller<\/h2>\n<p class=\"ql-align-justify\">Die Vorteile der 300-mm-Graphitelektrode sind sehr bedeutend.<\/p>\n<p class=\"ql-align-justify\"><strong>Ausgezeichnete elektrische Leitf\u00e4higkeit<\/strong><\/p>\n<p class=\"ql-align-justify\">Es kann den Strom im stromf\u00fchrenden Betrieb effizient \u00fcbertragen und so den Leistungsverlust erheblich reduzieren. Dies ist besonders wichtig in industriellen Szenarien, in denen hohe Anforderungen an die Strom\u00fcbertragung bestehen.<\/p>\n<p class=\"ql-align-justify\"><strong>Ausgezeichnete Hochtemperaturbest\u00e4ndigkeit<\/strong><\/p>\n<p class=\"ql-align-justify\">Es kann extrem hohen Temperaturen ohne Erweichung, Verformung oder andere Probleme standhalten. Und es kann in Hochtemperaturumgebungen f\u00fcr eine lange Zeit stabil arbeiten.<\/p>\n<p class=\"ql-align-justify\"><strong>Gute chemische Stabilit\u00e4t<\/strong><\/p>\n<p class=\"ql-align-justify\">Dies ist auch ein Highlight der 300-mm-Graphitelektrode, sie hat eine starke Korrosionsbest\u00e4ndigkeit gegen\u00fcber verschiedenen chemischen Substanzen. Selbst in der rauen chemischen Umgebung, wie z. B. starke S\u00e4uren und Laugen, kann sie ihre eigene Struktur und Leistungsstabilit\u00e4t beibehalten.<\/p>\n<p class=\"ql-align-justify\"><strong>Hohe mechanische Festigkeit<\/strong><\/p>\n<p class=\"ql-align-justify\">Es ist nicht leicht zu brechen und hat eine gute Sto\u00dffestigkeit. Es kann ein gewisses Ma\u00df an \u00e4u\u00dferen Kr\u00e4ften im industriellen Betrieb aushalten, um die Kontinuit\u00e4t der Produktion zu gew\u00e4hrleisten.<\/p>\n<p class=\"ql-align-justify\">Dar\u00fcber hinaus ist seine Verarbeitungsleistung gut, bequem f\u00fcr Schneiden, Bohren und andere Bearbeitungsvorg\u00e4nge nach verschiedenen industriellen Bed\u00fcrfnissen.<\/p>\n<h2 class=\"ql-align-justify\">Verwendung von 300-mm-Graphitelektroden<\/h2>\n<p class=\"ql-align-justify\">Die 300-mm-Graphitelektrode hat ein breites Spektrum an Anwendungen.<\/p>\n<p class=\"ql-align-justify\"><strong>In der Stahlverh\u00fcttungsindustrie<\/strong><\/p>\n<p class=\"ql-align-justify\">Er ist das Kernst\u00fcck der Stahlerzeugung im Elektrolichtbogenofen. Der starke Strom bildet einen Lichtbogen zwischen den <a href=\"https:\/\/jinsuncarbon.com\/de\/produkt\/600mm-graphitelektrode-uhp\/\">Elektrode<\/a> und die Ladung, wodurch sofort gro\u00dfe Hitze freigesetzt wird. Sie l\u00e4sst die Ladung schnell schmelzen, was die Effizienz und Qualit\u00e4t der <a href=\"https:\/\/www.britannica.com\/technology\/steel\/Primary-steelmaking\" target=\"_blank\" rel=\"noopener\">Stahlwerk<\/a>. Und sie ist ein unverzichtbares Schl\u00fcsselelement der modernen Stahlproduktion.<\/p>\n<p class=\"ql-align-justify\"><strong>Im Bereich der Verh\u00fcttung von Nichteisenmetallen<\/strong><\/p>\n<p class=\"ql-align-justify\">Wie Kupfer, Aluminium und andere Metalle elektrolytische Raffination Prozess, 300mm Graphit-Elektrode als die <a href=\"https:\/\/jinsuncarbon.com\/de\/herstellung-von-aluminium-mit-kohlenstoffanoden\/\">Anode<\/a>die an der elektrochemischen Reaktion teilnehmen. Es f\u00f6rdert die reibungslose Ausf\u00e4llung von Metallionen in der Kathode, um die Reinigung und Raffination von Metall zu erreichen.<\/p>\n<p class=\"ql-align-justify\"><strong>In der chemischen Industrie<\/strong><\/p>\n<p class=\"ql-align-justify\">In vielen elektrolytischen Prozessen kann es stabil eine Rolle in der Elektrolysezelle spielen. (Zum Beispiel bei der Herstellung von Chlor, Wasserstoff und Natronlauge durch Elektrolyse von Salzwasser in der Chlor-Alkali-Industrie. Sowie verschiedene andere elektrolytische Synthesereaktionen.) Es kann der Korrosion des Elektrolyten und den verschiedenen Einfl\u00fcssen der elektrochemischen Reaktion widerstehen. Und gew\u00e4hrleistet den effizienten und stabilen Betrieb der <a href=\"https:\/\/www.merriam-webster.com\/dictionary\/electrolytic\" target=\"_blank\" rel=\"noopener\">Elektrolytische<\/a> Prozess.<\/p>\n<p class=\"ql-align-justify\"><strong>In einigen speziellen industriellen Heizger\u00e4ten<\/strong><\/p>\n<p class=\"ql-align-justify\">Sie k\u00f6nnen auch 300-mm-Graphitelektroden als Heizelemente verwenden. Aufgrund ihrer guten elektrischen Leitf\u00e4higkeit und hohen Temperaturbest\u00e4ndigkeit k\u00f6nnen sie nach dem Einschalten schnell stabile W\u00e4rme erzeugen, um den Heizbedarf bestimmter industrieller Produktionsprozesse zu decken.<\/p>\n<h2>Spezifikation<\/h2>\n<div class=\"J_module\">\n<div class=\"ife-detail-decorate-table\">\n<table class=\"has-title is-zebra hight-light-first-column all magic-13\">\n<tbody>\n<tr>\n<td colspan=\"3\" rowspan=\"1\">\n<div class=\"magic-14\">\n<div class=\"magic-4\" data-spm-anchor-id=\"0.0.0.i20.40134f05OSVOko\">\u00a0300mm Graphit-Elektrode<\/div>\n<\/div>\n<\/td>\n<\/tr>\n<tr>\n<td colspan=\"1\" rowspan=\"1\">\n<div class=\"magic-18\">Artikel<\/div>\n<\/td>\n<td colspan=\"1\" rowspan=\"1\">\n<div class=\"magic-16\">Einheit<\/div>\n<\/td>\n<td colspan=\"1\" rowspan=\"1\">\n<div class=\"magic-19\">Wert<\/div>\n<\/td>\n<\/tr>\n<tr>\n<td colspan=\"1\" rowspan=\"1\">\n<div class=\"magic-18\">Sch\u00fcttdichte<\/div>\n<\/td>\n<td colspan=\"1\" rowspan=\"1\">\n<div class=\"magic-16\">g\/cm3<\/div>\n<\/td>\n<td colspan=\"1\" rowspan=\"1\">\n<div class=\"magic-19\">1.68-1.72<\/div>\n<\/td>\n<\/tr>\n<tr>\n<td colspan=\"1\" rowspan=\"1\">\n<div class=\"magic-18\">Spezifischer Widerstand<\/div>\n<\/td>\n<td colspan=\"1\" rowspan=\"1\">\n<div class=\"magic-16\">\u03bc\u03a9-m<\/div>\n<\/td>\n<td colspan=\"1\" rowspan=\"1\">\n<div class=\"magic-19\">5.5<\/div>\n<\/td>\n<\/tr>\n<tr>\n<td colspan=\"1\" rowspan=\"1\">\n<div class=\"magic-18\">Biegefestigkeit<\/div>\n<\/td>\n<td colspan=\"1\" rowspan=\"1\">\n<div class=\"magic-16\">Mpa<\/div>\n<\/td>\n<td colspan=\"1\" rowspan=\"1\">\n<div class=\"magic-19\">10.5-11<\/div>\n<\/td>\n<\/tr>\n<tr>\n<td colspan=\"1\" rowspan=\"1\">\n<div class=\"magic-18\">Aschegehalt<\/div>\n<\/td>\n<td colspan=\"1\" rowspan=\"1\">\n<div class=\"magic-16\">%<\/div>\n<\/td>\n<td colspan=\"1\" rowspan=\"1\">\n<div class=\"magic-19\">0.2-0.3<\/div>\n<\/td>\n<\/tr>\n<tr>\n<td colspan=\"1\" rowspan=\"1\">\n<div class=\"magic-18\">Elastizit\u00e4tsmodul<\/div>\n<\/td>\n<td colspan=\"1\" rowspan=\"1\">\n<div class=\"magic-16\">Gpa<\/div>\n<\/td>\n<td colspan=\"1\" rowspan=\"1\">\n<div class=\"magic-19\">14<\/div>\n<\/td>\n<\/tr>\n<\/tbody>\n<\/table>\n<\/div>\n<\/div>\n<div class=\"J_module\">\n<div class=\"detail-decorate-json-renderer-container\">\n<div class=\"magic-0\"><\/div>\n<\/div>\n<\/div>","protected":false},"excerpt":{"rendered":"<p class=\"ql-align-justify\">Die 300-mm-Graphitelektrode ist eine zylindrische Elektrode, die sorgf\u00e4ltig aus hochreinen Graphitrohstoffen hergestellt wird. Mit ihren hervorragenden physikalischen und chemischen Eigenschaften spielt sie eine Schl\u00fcsselrolle in vielen industriellen Produktionsabl\u00e4ufen. Es handelt sich um ein hochwertiges Material, das eine hohe Festigkeit und hohe Anforderungen f\u00fcr den industriellen Betrieb erf\u00fcllen kann.<\/p>\n<p class=\"ql-align-justify\">Bei der Herstellung wird eine \u00e4u\u00dferst strenge Auswahl der Rohstoffe getroffen, und wir verwenden nur hochwertige und \u00e4u\u00dferst reine Graphitrohstoffe. Dies bietet eine solide Garantie f\u00fcr die Produktqualit\u00e4t von der Quelle an. Im Produktionsprozess werden fortschrittliche Formgebungsverfahren wie isostatisches Pressen usw. eingesetzt. Um sicherzustellen, dass die Dichte der Elektrode ist einheitlich und die Struktur ist dicht.<\/p>\n<p class=\"ql-align-justify\">","protected":false},"featured_media":7331,"template":"","meta":[],"product_brand":[],"product_cat":[37],"product_tag":[],"class_list":{"0":"post-7327","1":"product","2":"type-product","3":"status-publish","4":"has-post-thumbnail","6":"product_cat-graphite-electrode","8":"first","9":"instock","10":"shipping-taxable","11":"product-type-simple"},"yoast_head":"<!-- This site is optimized with the Yoast SEO Premium plugin v19.2.1 (Yoast SEO v25.3) - https:\/\/yoast.com\/wordpress\/plugins\/seo\/ -->\n<title>300mm Graphite Electrode Manufacturer | Jinsun Carbon<\/title>\n<meta name=\"description\" content=\"300mm Graphite Electrode Manufacturer in China, It is used in the smelting of non-ferrous metals, including refining and crude steelmaking in electric arc furnaces.\" \/>\n<meta name=\"robots\" content=\"index, follow, max-snippet:-1, max-image-preview:large, max-video-preview:-1\" \/>\n<link rel=\"canonical\" href=\"https:\/\/jinsuncarbon.com\/de\/produkt\/300mm-graphit-gelekrode\/\" \/>\n<meta property=\"og:locale\" content=\"de_DE\" \/>\n<meta property=\"og:type\" content=\"article\" \/>\n<meta property=\"og:title\" content=\"300mm Graphite Electrode\" \/>\n<meta property=\"og:description\" content=\"300mm Graphite Electrode Manufacturer in China, It is used in the smelting of non-ferrous metals, including refining and crude steelmaking in electric arc furnaces.\" \/>\n<meta property=\"og:url\" content=\"https:\/\/jinsuncarbon.com\/de\/produkt\/300mm-graphit-gelekrode\/\" \/>\n<meta property=\"og:site_name\" content=\"Jinsun Carbon\" \/>\n<meta property=\"article:publisher\" content=\"https:\/\/www.facebook.com\/Graphite-Electrode-109336238661595\" \/>\n<meta property=\"article:modified_time\" content=\"2025-01-17T20:37:46+00:00\" \/>\n<meta property=\"og:image\" content=\"https:\/\/jinsuncarbon.com\/wp-content\/uploads\/2025\/01\/300mm-Graphite-Electrode.jpg\" \/>\n\t<meta property=\"og:image:width\" content=\"1024\" \/>\n\t<meta property=\"og:image:height\" content=\"763\" \/>\n\t<meta property=\"og:image:type\" content=\"image\/jpeg\" \/>\n<meta name=\"twitter:card\" content=\"summary_large_image\" \/>\n<meta name=\"twitter:site\" content=\"@jinsuncarbon_\" \/>\n<meta name=\"twitter:label1\" content=\"Gesch\u00e4tzte Lesezeit\" \/>\n\t<meta name=\"twitter:data1\" content=\"3\u00a0Minuten\" \/>\n<script type=\"application\/ld+json\" class=\"yoast-schema-graph\">{\"@context\":\"https:\/\/schema.org\",\"@graph\":[{\"@type\":\"WebPage\",\"@id\":\"https:\/\/jinsuncarbon.com\/product\/300mm-graphite-glectrode\/\",\"url\":\"https:\/\/jinsuncarbon.com\/product\/300mm-graphite-glectrode\/\",\"name\":\"300mm Graphite Electrode Manufacturer | Jinsun Carbon\",\"isPartOf\":{\"@id\":\"https:\/\/jinsuncarbon.com\/#website\"},\"primaryImageOfPage\":{\"@id\":\"https:\/\/jinsuncarbon.com\/product\/300mm-graphite-glectrode\/#primaryimage\"},\"image\":{\"@id\":\"https:\/\/jinsuncarbon.com\/product\/300mm-graphite-glectrode\/#primaryimage\"},\"thumbnailUrl\":\"https:\/\/jinsuncarbon.com\/wp-content\/uploads\/2025\/01\/300mm-Graphite-Electrode.jpg\",\"datePublished\":\"2025-01-14T00:52:47+00:00\",\"dateModified\":\"2025-01-17T20:37:46+00:00\",\"description\":\"300mm Graphite Electrode Manufacturer in China, It is used in the smelting of non-ferrous metals, including refining and crude steelmaking in electric arc furnaces.\",\"breadcrumb\":{\"@id\":\"https:\/\/jinsuncarbon.com\/product\/300mm-graphite-glectrode\/#breadcrumb\"},\"inLanguage\":\"de\",\"potentialAction\":[{\"@type\":\"ReadAction\",\"target\":[\"https:\/\/jinsuncarbon.com\/product\/300mm-graphite-glectrode\/\"]}]},{\"@type\":\"ImageObject\",\"inLanguage\":\"de\",\"@id\":\"https:\/\/jinsuncarbon.com\/product\/300mm-graphite-glectrode\/#primaryimage\",\"url\":\"https:\/\/jinsuncarbon.com\/wp-content\/uploads\/2025\/01\/300mm-Graphite-Electrode.jpg\",\"contentUrl\":\"https:\/\/jinsuncarbon.com\/wp-content\/uploads\/2025\/01\/300mm-Graphite-Electrode.jpg\",\"width\":1024,\"height\":763,\"caption\":\"300mm Graphite Electrode\"},{\"@type\":\"BreadcrumbList\",\"@id\":\"https:\/\/jinsuncarbon.com\/product\/300mm-graphite-glectrode\/#breadcrumb\",\"itemListElement\":[{\"@type\":\"ListItem\",\"position\":1,\"name\":\"Home\",\"item\":\"https:\/\/jinsuncarbon.com\/\"},{\"@type\":\"ListItem\",\"position\":2,\"name\":\"Products\",\"item\":\"https:\/\/jinsuncarbon.com\/graphite-carbon\/\"},{\"@type\":\"ListItem\",\"position\":3,\"name\":\"300mm Graphite Electrode\"}]},{\"@type\":\"WebSite\",\"@id\":\"https:\/\/jinsuncarbon.com\/#website\",\"url\":\"https:\/\/jinsuncarbon.com\/\",\"name\":\"Jinsun Carbon\",\"description\":\"We are the successful graphite electrode manufacturer in China\",\"publisher\":{\"@id\":\"https:\/\/jinsuncarbon.com\/#organization\"},\"potentialAction\":[{\"@type\":\"SearchAction\",\"target\":{\"@type\":\"EntryPoint\",\"urlTemplate\":\"https:\/\/jinsuncarbon.com\/?s={search_term_string}\"},\"query-input\":{\"@type\":\"PropertyValueSpecification\",\"valueRequired\":true,\"valueName\":\"search_term_string\"}}],\"inLanguage\":\"de\"},{\"@type\":\"Organization\",\"@id\":\"https:\/\/jinsuncarbon.com\/#organization\",\"name\":\"Jinsun Carbon\",\"alternateName\":\"Jinsun Carbon\",\"url\":\"https:\/\/jinsuncarbon.com\/\",\"logo\":{\"@type\":\"ImageObject\",\"inLanguage\":\"de\",\"@id\":\"https:\/\/jinsuncarbon.com\/#\/schema\/logo\/image\/\",\"url\":\"https:\/\/jinsuncarbon.com\/wp-content\/uploads\/2022\/12\/LOGO-1.png\",\"contentUrl\":\"https:\/\/jinsuncarbon.com\/wp-content\/uploads\/2022\/12\/LOGO-1.png\",\"width\":207,\"height\":80,\"caption\":\"Jinsun Carbon\"},\"image\":{\"@id\":\"https:\/\/jinsuncarbon.com\/#\/schema\/logo\/image\/\"},\"sameAs\":[\"https:\/\/www.facebook.com\/Graphite-Electrode-109336238661595\",\"https:\/\/x.com\/jinsuncarbon_\",\"https:\/\/www.linkedin.com\/in\/jinsungraphite\",\"https:\/\/www.youtube.com\/channel\/UCysDNyvyR5-3cCWEmpkVC0g\"]}]}<\/script>\n<!-- \/ Yoast SEO Premium plugin. -->","yoast_head_json":{"title":"300mm Graphitelektrode Hersteller | Jinsun Carbon","description":"300mm Graphitelektrode Hersteller in China, Es wird in der Schmelze von Nichteisenmetallen, einschlie\u00dflich Raffination und Rohstahlerzeugung in Elektrolichtbogen\u00f6fen verwendet.","robots":{"index":"index","follow":"follow","max-snippet":"max-snippet:-1","max-image-preview":"max-image-preview:large","max-video-preview":"max-video-preview:-1"},"canonical":"https:\/\/jinsuncarbon.com\/de\/produkt\/300mm-graphit-gelekrode\/","og_locale":"de_DE","og_type":"article","og_title":"300mm Graphite Electrode","og_description":"300mm Graphite Electrode Manufacturer in China, It is used in the smelting of non-ferrous metals, including refining and crude steelmaking in electric arc furnaces.","og_url":"https:\/\/jinsuncarbon.com\/de\/produkt\/300mm-graphit-gelekrode\/","og_site_name":"Jinsun Carbon","article_publisher":"https:\/\/www.facebook.com\/Graphite-Electrode-109336238661595","article_modified_time":"2025-01-17T20:37:46+00:00","og_image":[{"width":1024,"height":763,"url":"https:\/\/jinsuncarbon.com\/wp-content\/uploads\/2025\/01\/300mm-Graphite-Electrode.jpg","type":"image\/jpeg"}],"twitter_card":"summary_large_image","twitter_site":"@jinsuncarbon_","twitter_misc":{"Gesch\u00e4tzte Lesezeit":"3\u00a0Minuten"},"schema":{"@context":"https:\/\/schema.org","@graph":[{"@type":"WebPage","@id":"https:\/\/jinsuncarbon.com\/product\/300mm-graphite-glectrode\/","url":"https:\/\/jinsuncarbon.com\/product\/300mm-graphite-glectrode\/","name":"300mm Graphitelektrode Hersteller | Jinsun Carbon","isPartOf":{"@id":"https:\/\/jinsuncarbon.com\/#website"},"primaryImageOfPage":{"@id":"https:\/\/jinsuncarbon.com\/product\/300mm-graphite-glectrode\/#primaryimage"},"image":{"@id":"https:\/\/jinsuncarbon.com\/product\/300mm-graphite-glectrode\/#primaryimage"},"thumbnailUrl":"https:\/\/jinsuncarbon.com\/wp-content\/uploads\/2025\/01\/300mm-Graphite-Electrode.jpg","datePublished":"2025-01-14T00:52:47+00:00","dateModified":"2025-01-17T20:37:46+00:00","description":"300mm Graphitelektrode Hersteller in China, Es wird in der Schmelze von Nichteisenmetallen, einschlie\u00dflich Raffination und Rohstahlerzeugung in Elektrolichtbogen\u00f6fen verwendet.","breadcrumb":{"@id":"https:\/\/jinsuncarbon.com\/product\/300mm-graphite-glectrode\/#breadcrumb"},"inLanguage":"de","potentialAction":[{"@type":"ReadAction","target":["https:\/\/jinsuncarbon.com\/product\/300mm-graphite-glectrode\/"]}]},{"@type":"ImageObject","inLanguage":"de","@id":"https:\/\/jinsuncarbon.com\/product\/300mm-graphite-glectrode\/#primaryimage","url":"https:\/\/jinsuncarbon.com\/wp-content\/uploads\/2025\/01\/300mm-Graphite-Electrode.jpg","contentUrl":"https:\/\/jinsuncarbon.com\/wp-content\/uploads\/2025\/01\/300mm-Graphite-Electrode.jpg","width":1024,"height":763,"caption":"300mm Graphite Electrode"},{"@type":"BreadcrumbList","@id":"https:\/\/jinsuncarbon.com\/product\/300mm-graphite-glectrode\/#breadcrumb","itemListElement":[{"@type":"ListItem","position":1,"name":"Home","item":"https:\/\/jinsuncarbon.com\/"},{"@type":"ListItem","position":2,"name":"Products","item":"https:\/\/jinsuncarbon.com\/graphite-carbon\/"},{"@type":"ListItem","position":3,"name":"300mm Graphite Electrode"}]},{"@type":"WebSite","@id":"https:\/\/jinsuncarbon.com\/#website","url":"https:\/\/jinsuncarbon.com\/","name":"Jinsun Kohlenstoff","description":"Wir sind der erfolgreiche Hersteller von Graphitelektroden in China","publisher":{"@id":"https:\/\/jinsuncarbon.com\/#organization"},"potentialAction":[{"@type":"SearchAction","target":{"@type":"EntryPoint","urlTemplate":"https:\/\/jinsuncarbon.com\/?s={search_term_string}"},"query-input":{"@type":"PropertyValueSpecification","valueRequired":true,"valueName":"search_term_string"}}],"inLanguage":"de"},{"@type":"Organization","@id":"https:\/\/jinsuncarbon.com\/#organization","name":"Jinsun Kohlenstoff","alternateName":"Jinsun Carbon","url":"https:\/\/jinsuncarbon.com\/","logo":{"@type":"ImageObject","inLanguage":"de","@id":"https:\/\/jinsuncarbon.com\/#\/schema\/logo\/image\/","url":"https:\/\/jinsuncarbon.com\/wp-content\/uploads\/2022\/12\/LOGO-1.png","contentUrl":"https:\/\/jinsuncarbon.com\/wp-content\/uploads\/2022\/12\/LOGO-1.png","width":207,"height":80,"caption":"Jinsun Carbon"},"image":{"@id":"https:\/\/jinsuncarbon.com\/#\/schema\/logo\/image\/"},"sameAs":["https:\/\/www.facebook.com\/Graphite-Electrode-109336238661595","https:\/\/x.com\/jinsuncarbon_","https:\/\/www.linkedin.com\/in\/jinsungraphite","https:\/\/www.youtube.com\/channel\/UCysDNyvyR5-3cCWEmpkVC0g"]}]}},"_links":{"self":[{"href":"https:\/\/jinsuncarbon.com\/de\/wp-json\/wp\/v2\/product\/7327","targetHints":{"allow":["GET"]}}],"collection":[{"href":"https:\/\/jinsuncarbon.com\/de\/wp-json\/wp\/v2\/product"}],"about":[{"href":"https:\/\/jinsuncarbon.com\/de\/wp-json\/wp\/v2\/types\/product"}],"wp:featuredmedia":[{"embeddable":true,"href":"https:\/\/jinsuncarbon.com\/de\/wp-json\/wp\/v2\/media\/7331"}],"wp:attachment":[{"href":"https:\/\/jinsuncarbon.com\/de\/wp-json\/wp\/v2\/media?parent=7327"}],"wp:term":[{"taxonomy":"product_brand","embeddable":true,"href":"https:\/\/jinsuncarbon.com\/de\/wp-json\/wp\/v2\/product_brand?post=7327"},{"taxonomy":"product_cat","embeddable":true,"href":"https:\/\/jinsuncarbon.com\/de\/wp-json\/wp\/v2\/product_cat?post=7327"},{"taxonomy":"product_tag","embeddable":true,"href":"https:\/\/jinsuncarbon.com\/de\/wp-json\/wp\/v2\/product_tag?post=7327"}],"curies":[{"name":"wp","href":"https:\/\/api.w.org\/{rel}","templated":true}]}}