{"id":7316,"date":"2025-01-12T13:56:18","date_gmt":"2025-01-12T13:56:18","guid":{"rendered":"https:\/\/jinsuncarbon.com\/?post_type=product&#038;p=7316"},"modified":"2025-04-06T11:14:39","modified_gmt":"2025-04-06T11:14:39","slug":"soderbergh-elektrodenpaste","status":"publish","type":"product","link":"https:\/\/jinsuncarbon.com\/de\/produkt\/soderbergh-elektrodenpaste\/","title":{"rendered":"Soderberg Elektrodenpaste"},"content":{"rendered":"<h2>Soderbergh-Elektrodenpaste<\/h2>\n<p>Soderbergh-Elektrodenpaste erscheint normalerweise als dicke Paste. Ihre Vorteile sind herausragend.<\/p>\n<p><strong><b>Gute Best\u00e4ndigkeit gegen hohe Temperaturen<\/b><\/strong><\/p>\n<p>Es kann seine physikalische Form und seine chemischen Eigenschaften auch bei hohen Temperaturen \u00fcber 1000\u00b0C beibehalten. Und es wird nicht leicht schmelzen, sich verfl\u00fcchtigen oder zersetzen.<\/p>\n<p><strong><b>\u00a0<\/b><\/strong><\/p>\n<p><strong><b>Ausgezeichnete elektrische Leitf\u00e4higkeit<\/b><\/strong><\/p>\n<p>Dadurch kann der Strom effizient durch die Elektrodenpaste auf die Elektrode \u00fcbertragen werden. Poviding stabile Macht Unterst\u00fctzung f\u00fcr Elektrolyse, Schmelzen und andere Prozesse in der industriellen Produktion.<\/p>\n<p>&nbsp;<\/p>\n<p><strong><b>Starke Adh\u00e4sion<\/b><\/strong><\/p>\n<p>Bei der Elektrodenherstellung kann es eng mit der Elektrodenh\u00fclle und anderen Komponenten verbunden werden. Es bildet ein festes Ganzes, das die strukturelle Stabilit\u00e4t der Elektrode gew\u00e4hrleistet.<\/p>\n<p>&nbsp;<\/p>\n<p><strong><b>Gute Plastizit\u00e4t<\/b><\/strong><\/p>\n<p>Es ist einfach, die Elektrodenschale zu f\u00fcllen, um sich an verschiedene Formen und Gr\u00f6\u00dfen von Elektrodenproduktionsanforderungen anzupassen.<\/p>\n<p><strong><b>\u00a0<\/b><\/strong><\/p>\n<p><strong><b>Hohe chemische Stabilit\u00e4t<\/b><\/strong><\/p>\n<p>Es hat eine hohe Korrosionsbest\u00e4ndigkeit gegen\u00fcber den meisten chemischen Substanzen. Sie k\u00f6nnen es in komplexen chemischen Umgebungen lange Zeit verwenden, ohne dass es erodiert.<\/p>\n<p>&nbsp;<\/p>\n<p>Dar\u00fcber hinaus hat die Soderbergh-Elektrodenpaste auch eine gewisse Selbstheilungsf\u00e4higkeit. Bei der Verwendung der Elektrode kann die Elektrodenpaste bei einer leichten lokalen Besch\u00e4digung bis zu einem gewissen Grad aufgef\u00fcllt und repariert werden. Dadurch wird die Lebensdauer der Elektrode verl\u00e4ngert.<\/p>\n<p><strong><b>\u00a0<\/b><\/strong><\/p>\n<h2>Verwendungen von Soderberg Elektrodenpaste<\/h2>\n<p>Die Soderbergh-Elektrodenpaste ist weit verbreitet und in vielen Industriebereichen unverzichtbar.<\/p>\n<p>&nbsp;<\/p>\n<p><strong><b>Nichteisen-Metallverh\u00fcttungsindustrie:<\/b><\/strong><\/p>\n<p>Bei der Herstellung von elektrolytischem Aluminium ist die Soderberg-Elektrodenpaste das wichtigste Material. Sie k\u00f6nnen es in die Elektrodenschale f\u00fcllen. Nach dem Sintern, um eine gute leitende Form <a href=\"https:\/\/jinsuncarbon.com\/de\/produkt\/graphitstab-elektrode\/\">Elektrode<\/a>kann sie den erforderlichen Strom f\u00fcr die Elektrolyse von Aluminiumoxid liefern. Zur F\u00f6rderung der Reduktion von Aluminium-Ionen in Aluminium in der Kathode, und sorgen f\u00fcr die effiziente Produktion von elektrolytischen Aluminium.<\/p>\n<p>&nbsp;<\/p>\n<p>Bei der Verh\u00fcttung anderer Nichteisenmetalle wie Kupfer, Blei, Zink usw. spielt es auch eine wichtige Rolle bei der Leitung und als Elektrodentr\u00e4ger. Es hilft bei der Metallgewinnung und Raffination.<\/p>\n<p>&nbsp;<\/p>\n<p><strong><b>Produktionsbereich Ferrolegierung: <\/b><\/strong><\/p>\n<p>Bei der Herstellung von Ferrosilizium, Ferromangan, Ferrochrom und anderen Ferrolegierungen kann die Elektrode aus Soderberg-Elektrodenpaste einen starken Strom f\u00fcr den Erzofen liefern. Damit das Erz und das Reduktionsmittel im Ofen chemisch reagieren, um das Schmelzen der Ferrolegierung zu erreichen. Die gute Hochtemperaturbest\u00e4ndigkeit und die leitf\u00e4higen Eigenschaften gew\u00e4hrleisten den stabilen Betrieb der Elektrode bei hohen Temperaturen. Au\u00dferdem sorgen sie f\u00fcr hochstromige Arbeitsbedingungen und verbessern die Produktionseffizienz und Qualit\u00e4t der Ferrolegierung.<\/p>\n<p>&nbsp;<\/p>\n<p><strong><b>Chemische Industrie: <\/b><\/strong><\/p>\n<p>In einigen chemischen Produktionsprozessen, die eine elektrolytische Reaktion erfordern, wie z.B. in der Chlor-Alkali-Industrie, kann es als Elektrodenmaterial verwendet werden. Es widersteht korrosiven Medien wie starken S\u00e4uren und Laugen in der <a href=\"https:\/\/en.wikipedia.org\/wiki\/Electrolysis\" target=\"_blank\" rel=\"noopener\">Elektrolytische<\/a> Prozess. Sie sorgen f\u00fcr eine stabile Elektrodenumgebung f\u00fcr die elektrolytische Reaktion und gew\u00e4hrleisten die reibungslose Herstellung chemischer Produkte. Zur gleichen Zeit, in der Synthese von einigen chemischen Produkten, wenn die elektrochemische Reaktion beteiligt ist, kann es auch eine wichtige Rolle spielen.<\/p>\n<p>&nbsp;<\/p>\n<h2>Spezifikation der Soderberg-Elektrodenpaste<\/h2>\n<table class=\"has-title is-zebra hight-light-first-column all magic-10\">\n<tbody>\n<tr>\n<td colspan=\"1\" rowspan=\"2\">\n<div class=\"magic-13\">Artikel<\/div>\n<\/td>\n<td colspan=\"2\" rowspan=\"1\">\n<div class=\"magic-14\">Versiegelte Elektrodenpaste<\/div>\n<\/td>\n<td colspan=\"3\" rowspan=\"1\">\n<div class=\"magic-17\">Standard-Elektrodenpaste<\/div>\n<\/td>\n<\/tr>\n<tr>\n<td colspan=\"1\" rowspan=\"1\">\n<div class=\"magic-21\">Gr\u00f6nland-1<\/div>\n<\/td>\n<td colspan=\"1\" rowspan=\"1\">\n<div class=\"magic-16\">Gr\u00f6nland-2<\/div>\n<\/td>\n<td colspan=\"1\" rowspan=\"1\">\n<div class=\"magic-22\">Gr\u00f6nland-3<\/div>\n<\/td>\n<td colspan=\"1\" rowspan=\"1\">\n<div class=\"magic-18\">Gr\u00f6nland-4<\/div>\n<\/td>\n<td colspan=\"1\" rowspan=\"1\">\n<div class=\"magic-23\">Gr\u00f6nland-5<\/div>\n<\/td>\n<\/tr>\n<tr>\n<td colspan=\"1\" rowspan=\"1\">\n<div class=\"magic-20\">Fl\u00fcchtiger Fluss(%)<\/div>\n<\/td>\n<td colspan=\"1\" rowspan=\"1\">\n<div class=\"magic-21\">12.0-15.5<\/div>\n<\/td>\n<td colspan=\"1\" rowspan=\"1\">\n<div class=\"magic-16\">12.0-15.5<\/div>\n<\/td>\n<td colspan=\"1\" rowspan=\"1\">\n<div class=\"magic-22\">9.5-13.5<\/div>\n<\/td>\n<td colspan=\"1\" rowspan=\"1\">\n<div class=\"magic-18\">11.5-15.5<\/div>\n<\/td>\n<td colspan=\"1\" rowspan=\"1\">\n<div class=\"magic-23\">11.5-15.5<\/div>\n<\/td>\n<\/tr>\n<tr>\n<td colspan=\"1\" rowspan=\"1\">\n<div class=\"magic-20\">Druckfestigkeit (Mpa)<\/div>\n<\/td>\n<td colspan=\"1\" rowspan=\"1\">\n<div class=\"magic-21\">18<\/div>\n<\/td>\n<td colspan=\"1\" rowspan=\"1\">\n<div class=\"magic-16\">17<\/div>\n<\/td>\n<td colspan=\"1\" rowspan=\"1\">\n<div class=\"magic-22\">22<\/div>\n<\/td>\n<td colspan=\"1\" rowspan=\"1\">\n<div class=\"magic-18\">21<\/div>\n<\/td>\n<td colspan=\"1\" rowspan=\"1\">\n<div class=\"magic-23\">20<\/div>\n<\/td>\n<\/tr>\n<tr>\n<td colspan=\"1\" rowspan=\"1\">\n<div class=\"magic-20\">Widerstandsf\u00e4higkeit(u\u03a9m)<\/div>\n<\/td>\n<td colspan=\"1\" rowspan=\"1\">\n<div class=\"magic-21\">65<\/div>\n<\/td>\n<td colspan=\"1\" rowspan=\"1\">\n<div class=\"magic-16\">75<\/div>\n<\/td>\n<td colspan=\"1\" rowspan=\"1\">\n<div class=\"magic-22\">80<\/div>\n<\/td>\n<td colspan=\"1\" rowspan=\"1\">\n<div class=\"magic-18\">85<\/div>\n<\/td>\n<td colspan=\"1\" rowspan=\"1\">\n<div class=\"magic-23\">90<\/div>\n<\/td>\n<\/tr>\n<tr>\n<td colspan=\"1\" rowspan=\"1\">\n<div class=\"magic-20\">Volumendichte(g\/cm3)<\/div>\n<\/td>\n<td colspan=\"1\" rowspan=\"1\">\n<div class=\"magic-21\">1.38<\/div>\n<\/td>\n<td colspan=\"1\" rowspan=\"1\">\n<div class=\"magic-16\">1.38<\/div>\n<\/td>\n<td colspan=\"1\" rowspan=\"1\">\n<div class=\"magic-22\">1.38<\/div>\n<\/td>\n<td colspan=\"1\" rowspan=\"1\">\n<div class=\"magic-18\">1.38<\/div>\n<\/td>\n<td colspan=\"1\" rowspan=\"1\">\n<div class=\"magic-23\">1.38<\/div>\n<\/td>\n<\/tr>\n<tr>\n<td colspan=\"1\" rowspan=\"1\">\n<div class=\"magic-20\">Dehnung(%)<\/div>\n<\/td>\n<td colspan=\"1\" rowspan=\"1\">\n<div class=\"magic-21\">5-20<\/div>\n<\/td>\n<td colspan=\"1\" rowspan=\"1\">\n<div class=\"magic-16\">5-20<\/div>\n<\/td>\n<td colspan=\"1\" rowspan=\"1\">\n<div class=\"magic-22\">5-30<\/div>\n<\/td>\n<td colspan=\"1\" rowspan=\"1\">\n<div class=\"magic-18\">15-40<\/div>\n<\/td>\n<td colspan=\"1\" rowspan=\"1\">\n<div class=\"magic-23\">15-40<\/div>\n<\/td>\n<\/tr>\n<tr>\n<td colspan=\"1\" rowspan=\"1\">\n<div class=\"magic-20\">Esche(%)<\/div>\n<\/td>\n<td colspan=\"1\" rowspan=\"1\">\n<div class=\"magic-21\">4<\/div>\n<\/td>\n<td colspan=\"1\" rowspan=\"1\">\n<div class=\"magic-16\">6<\/div>\n<\/td>\n<td colspan=\"1\" rowspan=\"1\">\n<div class=\"magic-22\">7<\/div>\n<\/td>\n<td colspan=\"1\" rowspan=\"1\">\n<div class=\"magic-18\">9<\/div>\n<\/td>\n<td colspan=\"1\" rowspan=\"1\">\n<div class=\"magic-23\" data-spm-anchor-id=\"a2700.details.0.i68.2af16603U6DgBr\">11<\/div>\n<\/td>\n<\/tr>\n<\/tbody>\n<\/table>","protected":false},"excerpt":{"rendered":"<p>Die Soderbergh-Elektrodenpaste ist eine spezielle Paste, die speziell f\u00fcr Soderbergh-Elektroden verwendet wird. Sie wird durch Mischen einer Vielzahl ausgew\u00e4hlter Rohstoffe in einem bestimmten Verh\u00e4ltnis hergestellt. Aufgrund ihrer einzigartigen physikalischen und chemischen Eigenschaften spielt sie in vielen industriellen Produktionsszenarien eine Schl\u00fcsselrolle. Es handelt sich um ein industrielles Material mit ausgezeichneter Leistung und Zuverl\u00e4ssigkeit.<\/p>\n<p>&nbsp;<\/p>","protected":false},"featured_media":7317,"template":"","meta":[],"product_brand":[],"product_cat":[39],"product_tag":[],"class_list":{"0":"post-7316","1":"product","2":"type-product","3":"status-publish","4":"has-post-thumbnail","6":"product_cat-carbon-products","8":"first","9":"instock","10":"shipping-taxable","11":"product-type-simple"},"yoast_head":"<!-- This site is optimized with the Yoast SEO Premium plugin v19.2.1 (Yoast SEO v25.3) - https:\/\/yoast.com\/wordpress\/plugins\/seo\/ -->\n<title>Soderberg Electrode Paste Manufacturer in China<\/title>\n<meta name=\"robots\" content=\"index, follow, max-snippet:-1, max-image-preview:large, max-video-preview:-1\" \/>\n<link rel=\"canonical\" href=\"https:\/\/jinsuncarbon.com\/de\/produkt\/soderbergh-elektrodenpaste\/\" \/>\n<meta property=\"og:locale\" content=\"de_DE\" \/>\n<meta property=\"og:type\" content=\"article\" \/>\n<meta property=\"og:title\" content=\"Soderberg Electrode Paste\" \/>\n<meta property=\"og:description\" content=\"Soderbergh electrode paste is a special paste specially used for Soderbergh electrode. It is made by mixing a variety of selected raw materials in a specific proportion. And with its unique physical and chemical properties, it plays a key role in many industrial production scenarios. And it is an industrial material with excellent performance and reliability.  &nbsp;\" \/>\n<meta property=\"og:url\" content=\"https:\/\/jinsuncarbon.com\/de\/produkt\/soderbergh-elektrodenpaste\/\" \/>\n<meta property=\"og:site_name\" content=\"Jinsun Carbon\" \/>\n<meta property=\"article:publisher\" content=\"https:\/\/www.facebook.com\/Graphite-Electrode-109336238661595\" \/>\n<meta property=\"article:modified_time\" content=\"2025-04-06T11:14:39+00:00\" \/>\n<meta property=\"og:image\" content=\"https:\/\/jinsuncarbon.com\/wp-content\/uploads\/2025\/01\/Soderbergh-electrode-paste.jpg\" \/>\n\t<meta property=\"og:image:width\" content=\"1024\" \/>\n\t<meta property=\"og:image:height\" content=\"763\" \/>\n\t<meta property=\"og:image:type\" content=\"image\/jpeg\" \/>\n<meta name=\"twitter:card\" content=\"summary_large_image\" \/>\n<meta name=\"twitter:site\" content=\"@jinsuncarbon_\" \/>\n<meta name=\"twitter:label1\" content=\"Gesch\u00e4tzte Lesezeit\" \/>\n\t<meta name=\"twitter:data1\" content=\"3\u00a0Minuten\" \/>\n<script type=\"application\/ld+json\" class=\"yoast-schema-graph\">{\"@context\":\"https:\/\/schema.org\",\"@graph\":[{\"@type\":\"WebPage\",\"@id\":\"https:\/\/jinsuncarbon.com\/product\/soderbergh-electrode-paste\/\",\"url\":\"https:\/\/jinsuncarbon.com\/product\/soderbergh-electrode-paste\/\",\"name\":\"Soderberg Electrode Paste Manufacturer in China\",\"isPartOf\":{\"@id\":\"https:\/\/jinsuncarbon.com\/#website\"},\"primaryImageOfPage\":{\"@id\":\"https:\/\/jinsuncarbon.com\/product\/soderbergh-electrode-paste\/#primaryimage\"},\"image\":{\"@id\":\"https:\/\/jinsuncarbon.com\/product\/soderbergh-electrode-paste\/#primaryimage\"},\"thumbnailUrl\":\"https:\/\/jinsuncarbon.com\/wp-content\/uploads\/2025\/01\/Soderbergh-electrode-paste.jpg\",\"datePublished\":\"2025-01-12T13:56:18+00:00\",\"dateModified\":\"2025-04-06T11:14:39+00:00\",\"breadcrumb\":{\"@id\":\"https:\/\/jinsuncarbon.com\/product\/soderbergh-electrode-paste\/#breadcrumb\"},\"inLanguage\":\"de\",\"potentialAction\":[{\"@type\":\"ReadAction\",\"target\":[\"https:\/\/jinsuncarbon.com\/product\/soderbergh-electrode-paste\/\"]}]},{\"@type\":\"ImageObject\",\"inLanguage\":\"de\",\"@id\":\"https:\/\/jinsuncarbon.com\/product\/soderbergh-electrode-paste\/#primaryimage\",\"url\":\"https:\/\/jinsuncarbon.com\/wp-content\/uploads\/2025\/01\/Soderbergh-electrode-paste.jpg\",\"contentUrl\":\"https:\/\/jinsuncarbon.com\/wp-content\/uploads\/2025\/01\/Soderbergh-electrode-paste.jpg\",\"width\":1024,\"height\":763,\"caption\":\"Soderbergh electrode paste\"},{\"@type\":\"BreadcrumbList\",\"@id\":\"https:\/\/jinsuncarbon.com\/product\/soderbergh-electrode-paste\/#breadcrumb\",\"itemListElement\":[{\"@type\":\"ListItem\",\"position\":1,\"name\":\"Home\",\"item\":\"https:\/\/jinsuncarbon.com\/\"},{\"@type\":\"ListItem\",\"position\":2,\"name\":\"Products\",\"item\":\"https:\/\/jinsuncarbon.com\/graphite-carbon\/\"},{\"@type\":\"ListItem\",\"position\":3,\"name\":\"Soderberg Electrode Paste\"}]},{\"@type\":\"WebSite\",\"@id\":\"https:\/\/jinsuncarbon.com\/#website\",\"url\":\"https:\/\/jinsuncarbon.com\/\",\"name\":\"Jinsun Carbon\",\"description\":\"We are the successful graphite electrode manufacturer in China\",\"publisher\":{\"@id\":\"https:\/\/jinsuncarbon.com\/#organization\"},\"potentialAction\":[{\"@type\":\"SearchAction\",\"target\":{\"@type\":\"EntryPoint\",\"urlTemplate\":\"https:\/\/jinsuncarbon.com\/?s={search_term_string}\"},\"query-input\":{\"@type\":\"PropertyValueSpecification\",\"valueRequired\":true,\"valueName\":\"search_term_string\"}}],\"inLanguage\":\"de\"},{\"@type\":\"Organization\",\"@id\":\"https:\/\/jinsuncarbon.com\/#organization\",\"name\":\"Jinsun Carbon\",\"alternateName\":\"Jinsun Carbon\",\"url\":\"https:\/\/jinsuncarbon.com\/\",\"logo\":{\"@type\":\"ImageObject\",\"inLanguage\":\"de\",\"@id\":\"https:\/\/jinsuncarbon.com\/#\/schema\/logo\/image\/\",\"url\":\"https:\/\/jinsuncarbon.com\/wp-content\/uploads\/2022\/12\/LOGO-1.png\",\"contentUrl\":\"https:\/\/jinsuncarbon.com\/wp-content\/uploads\/2022\/12\/LOGO-1.png\",\"width\":207,\"height\":80,\"caption\":\"Jinsun Carbon\"},\"image\":{\"@id\":\"https:\/\/jinsuncarbon.com\/#\/schema\/logo\/image\/\"},\"sameAs\":[\"https:\/\/www.facebook.com\/Graphite-Electrode-109336238661595\",\"https:\/\/x.com\/jinsuncarbon_\",\"https:\/\/www.linkedin.com\/in\/jinsungraphite\",\"https:\/\/www.youtube.com\/channel\/UCysDNyvyR5-3cCWEmpkVC0g\"]}]}<\/script>\n<!-- \/ Yoast SEO Premium plugin. -->","yoast_head_json":{"title":"Soderberg Elektrodenpaste Hersteller in China","robots":{"index":"index","follow":"follow","max-snippet":"max-snippet:-1","max-image-preview":"max-image-preview:large","max-video-preview":"max-video-preview:-1"},"canonical":"https:\/\/jinsuncarbon.com\/de\/produkt\/soderbergh-elektrodenpaste\/","og_locale":"de_DE","og_type":"article","og_title":"Soderberg Electrode Paste","og_description":"Soderbergh electrode paste is a special paste specially used for Soderbergh electrode. It is made by mixing a variety of selected raw materials in a specific proportion. And with its unique physical and chemical properties, it plays a key role in many industrial production scenarios. And it is an industrial material with excellent performance and reliability.  &nbsp;","og_url":"https:\/\/jinsuncarbon.com\/de\/produkt\/soderbergh-elektrodenpaste\/","og_site_name":"Jinsun Carbon","article_publisher":"https:\/\/www.facebook.com\/Graphite-Electrode-109336238661595","article_modified_time":"2025-04-06T11:14:39+00:00","og_image":[{"width":1024,"height":763,"url":"https:\/\/jinsuncarbon.com\/wp-content\/uploads\/2025\/01\/Soderbergh-electrode-paste.jpg","type":"image\/jpeg"}],"twitter_card":"summary_large_image","twitter_site":"@jinsuncarbon_","twitter_misc":{"Gesch\u00e4tzte Lesezeit":"3\u00a0Minuten"},"schema":{"@context":"https:\/\/schema.org","@graph":[{"@type":"WebPage","@id":"https:\/\/jinsuncarbon.com\/product\/soderbergh-electrode-paste\/","url":"https:\/\/jinsuncarbon.com\/product\/soderbergh-electrode-paste\/","name":"Soderberg Elektrodenpaste Hersteller in China","isPartOf":{"@id":"https:\/\/jinsuncarbon.com\/#website"},"primaryImageOfPage":{"@id":"https:\/\/jinsuncarbon.com\/product\/soderbergh-electrode-paste\/#primaryimage"},"image":{"@id":"https:\/\/jinsuncarbon.com\/product\/soderbergh-electrode-paste\/#primaryimage"},"thumbnailUrl":"https:\/\/jinsuncarbon.com\/wp-content\/uploads\/2025\/01\/Soderbergh-electrode-paste.jpg","datePublished":"2025-01-12T13:56:18+00:00","dateModified":"2025-04-06T11:14:39+00:00","breadcrumb":{"@id":"https:\/\/jinsuncarbon.com\/product\/soderbergh-electrode-paste\/#breadcrumb"},"inLanguage":"de","potentialAction":[{"@type":"ReadAction","target":["https:\/\/jinsuncarbon.com\/product\/soderbergh-electrode-paste\/"]}]},{"@type":"ImageObject","inLanguage":"de","@id":"https:\/\/jinsuncarbon.com\/product\/soderbergh-electrode-paste\/#primaryimage","url":"https:\/\/jinsuncarbon.com\/wp-content\/uploads\/2025\/01\/Soderbergh-electrode-paste.jpg","contentUrl":"https:\/\/jinsuncarbon.com\/wp-content\/uploads\/2025\/01\/Soderbergh-electrode-paste.jpg","width":1024,"height":763,"caption":"Soderbergh electrode paste"},{"@type":"BreadcrumbList","@id":"https:\/\/jinsuncarbon.com\/product\/soderbergh-electrode-paste\/#breadcrumb","itemListElement":[{"@type":"ListItem","position":1,"name":"Home","item":"https:\/\/jinsuncarbon.com\/"},{"@type":"ListItem","position":2,"name":"Products","item":"https:\/\/jinsuncarbon.com\/graphite-carbon\/"},{"@type":"ListItem","position":3,"name":"Soderberg Electrode Paste"}]},{"@type":"WebSite","@id":"https:\/\/jinsuncarbon.com\/#website","url":"https:\/\/jinsuncarbon.com\/","name":"Jinsun Kohlenstoff","description":"Wir sind der erfolgreiche Hersteller von Graphitelektroden in China","publisher":{"@id":"https:\/\/jinsuncarbon.com\/#organization"},"potentialAction":[{"@type":"SearchAction","target":{"@type":"EntryPoint","urlTemplate":"https:\/\/jinsuncarbon.com\/?s={search_term_string}"},"query-input":{"@type":"PropertyValueSpecification","valueRequired":true,"valueName":"search_term_string"}}],"inLanguage":"de"},{"@type":"Organization","@id":"https:\/\/jinsuncarbon.com\/#organization","name":"Jinsun Kohlenstoff","alternateName":"Jinsun Carbon","url":"https:\/\/jinsuncarbon.com\/","logo":{"@type":"ImageObject","inLanguage":"de","@id":"https:\/\/jinsuncarbon.com\/#\/schema\/logo\/image\/","url":"https:\/\/jinsuncarbon.com\/wp-content\/uploads\/2022\/12\/LOGO-1.png","contentUrl":"https:\/\/jinsuncarbon.com\/wp-content\/uploads\/2022\/12\/LOGO-1.png","width":207,"height":80,"caption":"Jinsun Carbon"},"image":{"@id":"https:\/\/jinsuncarbon.com\/#\/schema\/logo\/image\/"},"sameAs":["https:\/\/www.facebook.com\/Graphite-Electrode-109336238661595","https:\/\/x.com\/jinsuncarbon_","https:\/\/www.linkedin.com\/in\/jinsungraphite","https:\/\/www.youtube.com\/channel\/UCysDNyvyR5-3cCWEmpkVC0g"]}]}},"_links":{"self":[{"href":"https:\/\/jinsuncarbon.com\/de\/wp-json\/wp\/v2\/product\/7316","targetHints":{"allow":["GET"]}}],"collection":[{"href":"https:\/\/jinsuncarbon.com\/de\/wp-json\/wp\/v2\/product"}],"about":[{"href":"https:\/\/jinsuncarbon.com\/de\/wp-json\/wp\/v2\/types\/product"}],"wp:featuredmedia":[{"embeddable":true,"href":"https:\/\/jinsuncarbon.com\/de\/wp-json\/wp\/v2\/media\/7317"}],"wp:attachment":[{"href":"https:\/\/jinsuncarbon.com\/de\/wp-json\/wp\/v2\/media?parent=7316"}],"wp:term":[{"taxonomy":"product_brand","embeddable":true,"href":"https:\/\/jinsuncarbon.com\/de\/wp-json\/wp\/v2\/product_brand?post=7316"},{"taxonomy":"product_cat","embeddable":true,"href":"https:\/\/jinsuncarbon.com\/de\/wp-json\/wp\/v2\/product_cat?post=7316"},{"taxonomy":"product_tag","embeddable":true,"href":"https:\/\/jinsuncarbon.com\/de\/wp-json\/wp\/v2\/product_tag?post=7316"}],"curies":[{"name":"wp","href":"https:\/\/api.w.org\/{rel}","templated":true}]}}