{"id":7262,"date":"2025-01-09T01:32:34","date_gmt":"2025-01-09T01:32:34","guid":{"rendered":"https:\/\/jinsuncarbon.com\/?post_type=product&#038;p=7262"},"modified":"2025-01-09T01:33:11","modified_gmt":"2025-01-09T01:33:11","slug":"graphit-munzform","status":"publish","type":"product","link":"https:\/\/jinsuncarbon.com\/de\/produkt\/graphit-munzform\/","title":{"rendered":"Graphit-M\u00fcnzform"},"content":{"rendered":"<h2>Graphit-M\u00fcnzform f\u00fcr Metallguss<\/h2>\n<p><strong><b>Hohe W\u00e4rmeleitf\u00e4higkeit<\/b><\/strong><\/p>\n<p>Graphitformen verf\u00fcgen \u00fcber eine hohe W\u00e4rmeleitf\u00e4higkeit. Die M\u00fcnzform verteilt die Schmelztemperatur gleichm\u00e4\u00dfig, wodurch Produktfehler reduziert und hochwertige Graphitm\u00fcnzformen erzeugt werden.<\/p>\n<p><strong><b>Ausgezeichnete Hochtemperaturbest\u00e4ndigkeit<\/b><\/strong><\/p>\n<p>Diese Form kann auch bei hohen Temperaturen stabil bleiben. W\u00e4hrend der hohen Temperatur im Schmelzprozess, h\u00e4lt es die Stabilit\u00e4t des Produkts f\u00fcr die Herstellung von Graphit-M\u00fcnzen.<\/p>\n<p><strong><b>Hochpr\u00e4zise Verarbeitung<\/b><\/strong><\/p>\n<p>Graphitformen k\u00f6nnen komplizierte geometrische Formen und hochpr\u00e4zise Details tragen. Aus diesem Grund ist diese Form f\u00fcr die Reproduktion komplexer Muster und die Herstellung von M\u00fcnzen sehr gut geeignet.<\/p>\n<p><strong><b>Korrosionsschutz<\/b><\/strong><\/p>\n<p>Das Graphitmaterial dieses M\u00fcnzstempels ist sehr widerstandsf\u00e4hig gegen chemische Angriffe durch die meisten Metallschmelzen. Das Graphitmaterial kann die Lebensdauer des M\u00fcnzstempels verl\u00e4ngern.<\/p>\n<p><strong><b>Reproduzierbarkeit<\/b><\/strong><\/p>\n<p>Die Hersteller k\u00f6nnen diesen Stempel f\u00fcr mehrere Pr\u00e4gezyklen wiederverwenden. Zusammen mit langfristiger Pflege und Reinigung wird dieser Stempel im Laufe der Zeit qualitativ hochwertige M\u00fcnzen produzieren.<\/p>\n<h2>Arten von Schimmelpilzen<\/h2>\n<h2><strong style=\"font-size: 16px;\"><b>Arten von M\u00fcnzformen<\/b><\/strong><\/h2>\n<p>Im Allgemeinen werden M\u00fcnzformen aus Graphit, Stahl, Silizium, Messing, Aluminium, Magneten, Silber usw. hergestellt. Die Hersteller verwenden Graphit- und Stahlformen, um M\u00fcnzen in gro\u00dfen Mengen herzustellen. Wegen der hohen Temperatur im Arbeitsprozess k\u00f6nnen mit Keramikformen M\u00fcnzen mit komplexen Designs gegossen werden. F\u00fcr die Herstellung von Prototypen oder f\u00fcr Anwendungen bei niedrigen Temperaturen k\u00f6nnen die Hersteller Formen aus Silizium, Messing und Aluminium verwenden. Formen f\u00fcr Silberm\u00fcnzen erfordern Pr\u00e4zision bei der Gestaltung der Produkte und thermische Stabilit\u00e4t w\u00e4hrend der Herstellung. <a href=\"https:\/\/en.wikipedia.org\/wiki\/Casting\" target=\"_blank\" rel=\"noopener\">Gie\u00dfen<\/a>.<\/p>\n<p><strong><b>Arten von Graphit-M\u00fcnzformen<\/b><\/strong><\/p>\n<p>Die Hersteller kategorisieren Graphitm\u00fcnzformen in einseitige Formen, zweiseitige Formen, feste Formen, kundenspezifische Formen, eingelegte Formen und geteilte Formen. Basierend auf den Unterschieden in Design und Verwendung, gibt es diese Arten von Formen Klassifizierung<\/p>\n<h2>Wie man Graphitm\u00fcnzen formt\uff1f<\/h2>\n<h2><strong style=\"font-size: 16px;\"><b>Auswahl des Materials<\/b><\/strong><\/h2>\n<p>Die Hersteller m\u00fcssen das Graphitmaterial aussieben, um gute Graphitformen herzustellen. Wir sollten Graphit ausw\u00e4hlen, der hochrein und k\u00f6rnig ist. Die Verwendung von Graphit guter Qualit\u00e4t erh\u00f6ht die Produktqualit\u00e4t und gew\u00e4hrleistet eine hohe Genauigkeit der M\u00fcnzen.<\/p>\n<p><strong><b>Formenbau<\/b><\/strong><\/p>\n<p>Entwerfen Sie die Details der M\u00fcnzen mit CAD, d. h. computergest\u00fctztem Design. Mit Hilfe des Computerdesigns k\u00f6nnen Sie computergest\u00fctzte Fertigungssoftware (CAM) f\u00fcr die Konstruktion von Werkzeugen durch computergesteuerte Bearbeitung verwenden.<\/p>\n<p><strong><b>Behandlung von Schimmel<\/b><\/strong><\/p>\n<p>Anschlie\u00dfend montieren die Hersteller den Graphitblock auf die CNC-Fr\u00e4smaschine und gravieren das M\u00fcnzmuster mit dem Gravierwerkzeug in die Graphitoberfl\u00e4che. Danach polieren sie die Form mit Sandpapier, um eine glatte Graphitoberfl\u00e4che zu erhalten.<\/p>\n<p><strong><b>Pr\u00fcfung der Form<\/b><\/strong><\/p>\n<p>Um die Herstellung qualitativ hochwertiger Formen zu gew\u00e4hrleisten, m\u00fcssen die Techniker das Ergebnis pr\u00fcfen und kontrollieren. Anschlie\u00dfend testen sie den Formguss, um die erforderlichen Musterm\u00fcnzen herzustellen. Au\u00dferdem pr\u00fcfen die Techniker die produzierten M\u00fcnzen auf Designgenauigkeit und Gr\u00f6\u00dfenkonsistenz.<\/p>\n<p><strong><b>Herstellung der Form<\/b><\/strong><\/p>\n<p>Nach Abschluss des Produktionsprozesses verwenden wir die <a href=\"https:\/\/jinsuncarbon.com\/de\/produkt\/graphitform\/\">Graphitform<\/a> um M\u00fcnzen herzustellen. Zuerst gie\u00dfen wir das geschmolzene Metall in die Form. Dann wird das Metallst\u00fcck mit hohem Druck erweicht, damit es in die Form gepresst werden kann.<\/p>\n<h2>Anwendung der Graphit-M\u00fcnzform<\/h2>\n<p><strong><b>M\u00fcnzpr\u00e4gung<\/b><\/strong><\/p>\n<p>Graphit-M\u00fcnzstempel sind f\u00fcr die Herstellung von Metallm\u00fcnzen bestimmt. Mit diesem Stempel lassen sich feine Gravuren auf M\u00fcnzen herstellen.<\/p>\n<p><strong><b>Herstellung der Gedenkm\u00fcnze<\/b><\/strong><\/p>\n<p>F\u00fcr die Herstellung von Gedenkm\u00fcnzen und -medaillen k\u00f6nnen Hersteller Graphitformen verwenden. Es wird schwierig sein, komplexe Muster auf einer Gedenkm\u00fcnze oder -medaille genau zu erzeugen; diese Form erf\u00fcllt diese Aufgabe perfekt.<\/p>\n<p><strong><b>Herstellung individueller M\u00fcnzen<\/b><\/strong><\/p>\n<p>Individuell gestaltete Pr\u00e4gestempel, die den Anforderungen der Kunden entsprechen, k\u00f6nnen auch komplexe Designs tragen. Sie k\u00f6nnen M\u00fcnzen f\u00fcr private Organisationen mit Graphitstempeln individuell gestalten.<\/p>\n<h3>Graphitformen f\u00fcr den Metallguss<\/h3>\n<p>Sie k\u00f6nnen Graphitformen zum Pr\u00e4gen von M\u00fcnzen aus Metallen verwenden, die einen hohen Schmelzpunkt haben. Dies liegt daran, dass die thermische Stabilit\u00e4t von <a href=\"https:\/\/jinsuncarbon.com\/de\/was-ist-graphit-und-woraus-besteht-graphit\/\">Graphit<\/a> sorgt daf\u00fcr, dass bei hohen Temperaturen eine gute Qualit\u00e4t der M\u00fcnzen erreicht wird.<\/p>\n<p>&nbsp;<\/p>\n<h2>Warum sollten Sie sich f\u00fcr unsere Graphitm\u00fcnzform entscheiden?<\/h2>\n<p>Wir stellen unsere Graphitm\u00fcnzformen aus hochreinem Graphit her. Die hergestellten M\u00fcnzen k\u00f6nnen von guter Qualit\u00e4t sein und haben eine l\u00e4ngere Lebensdauer mit ausgezeichneter thermischer Stabilit\u00e4t und Korrosionsbest\u00e4ndigkeit. Die von unserem Unternehmen hergestellten Graphitm\u00fcnzformen sind auch gegen hohe Temperaturen best\u00e4ndig und k\u00f6nnen zum Gie\u00dfen von Edelmetallmaterialien verwendet werden, wie z. B. <a href=\"https:\/\/en.wikipedia.org\/wiki\/Silver\" target=\"_blank\" rel=\"noopener\">Silber<\/a> und Goldm\u00fcnzen. Wir entwerfen hochwertige Graphitm\u00fcnzformen in \u00dcbereinstimmung mit der Form, Gr\u00f6\u00dfe und den spezifischen Designanforderungen der Kunden. Unsere kundenspezifischen Graphitm\u00fcnzformen k\u00f6nnen mit hoher Pr\u00e4zision, komplex und mit perfekter Oberfl\u00e4chenbehandlung verarbeitet werden. F\u00fcr das Gie\u00dfen von Gedenkm\u00fcnzen, Sammlerm\u00fcnzen und Umlaufm\u00fcnzen ist die Form die beste Wahl.<\/p>\n<p>&nbsp;<\/p>\n<p class=\"ql-align-justify\">","protected":false},"excerpt":{"rendered":"<p>Graphitm\u00fcnzformen sind unverzichtbare Werkzeuge f\u00fcr die Herstellung hochwertiger M\u00fcnzen und Gedenkm\u00fcnzen. Diese Form wird aus hochreinem Graphit hergestellt. Die Graphitform bietet eine gute thermische Stabilit\u00e4t und hohe Temperaturbest\u00e4ndigkeit. Sie erf\u00fcllt die Anforderungen komplexer Muster und Designs f\u00fcr kundenspezifische M\u00fcnzen und Gedenkm\u00fcnzen. Mit dieser Form werden Produkte von hervorragender Qualit\u00e4t und Pr\u00e4zision hergestellt.<\/p>","protected":false},"featured_media":7278,"template":"","meta":[],"product_brand":[],"product_cat":[38],"product_tag":[],"class_list":{"0":"post-7262","1":"product","2":"type-product","3":"status-publish","4":"has-post-thumbnail","6":"product_cat-graphite-products","8":"first","9":"instock","10":"shipping-taxable","11":"product-type-simple"},"yoast_head":"<!-- This site is optimized with the Yoast SEO Premium plugin v19.2.1 (Yoast SEO v25.3) - https:\/\/yoast.com\/wordpress\/plugins\/seo\/ -->\n<title>Graphite Coin Mold Manufacturer in China | Jinsun Carbon<\/title>\n<meta name=\"description\" content=\"Graphite coin mold manufacture \/ supplier, for metal casting, glass, copper, gold, silver, jewelry. Custom graphite coin mold for metal casting needs.\" \/>\n<meta name=\"robots\" content=\"index, follow, max-snippet:-1, max-image-preview:large, max-video-preview:-1\" \/>\n<link rel=\"canonical\" href=\"https:\/\/jinsuncarbon.com\/de\/produkt\/graphit-munzform\/\" \/>\n<meta property=\"og:locale\" content=\"de_DE\" \/>\n<meta property=\"og:type\" content=\"article\" \/>\n<meta property=\"og:title\" content=\"Graphite Coin Mold\" \/>\n<meta property=\"og:description\" content=\"Graphite coin mold manufacture \/ supplier, for metal casting, glass, copper, gold, silver, jewelry. Custom graphite coin mold for metal casting needs.\" \/>\n<meta property=\"og:url\" content=\"https:\/\/jinsuncarbon.com\/de\/produkt\/graphit-munzform\/\" \/>\n<meta property=\"og:site_name\" content=\"Jinsun Carbon\" \/>\n<meta property=\"article:publisher\" content=\"https:\/\/www.facebook.com\/Graphite-Electrode-109336238661595\" \/>\n<meta property=\"article:modified_time\" content=\"2025-01-09T01:33:11+00:00\" \/>\n<meta property=\"og:image\" content=\"https:\/\/jinsuncarbon.com\/wp-content\/uploads\/2025\/01\/Graphite-Coin-Mold.jpg\" \/>\n\t<meta property=\"og:image:width\" content=\"1024\" \/>\n\t<meta property=\"og:image:height\" content=\"763\" \/>\n\t<meta property=\"og:image:type\" content=\"image\/jpeg\" \/>\n<meta name=\"twitter:card\" content=\"summary_large_image\" \/>\n<meta name=\"twitter:site\" content=\"@jinsuncarbon_\" \/>\n<meta name=\"twitter:label1\" content=\"Gesch\u00e4tzte Lesezeit\" \/>\n\t<meta name=\"twitter:data1\" content=\"4\u00a0Minuten\" \/>\n<script type=\"application\/ld+json\" class=\"yoast-schema-graph\">{\"@context\":\"https:\/\/schema.org\",\"@graph\":[{\"@type\":\"WebPage\",\"@id\":\"https:\/\/jinsuncarbon.com\/product\/graphite-coin-mold\/\",\"url\":\"https:\/\/jinsuncarbon.com\/product\/graphite-coin-mold\/\",\"name\":\"Graphite Coin Mold Manufacturer in China | Jinsun Carbon\",\"isPartOf\":{\"@id\":\"https:\/\/jinsuncarbon.com\/#website\"},\"primaryImageOfPage\":{\"@id\":\"https:\/\/jinsuncarbon.com\/product\/graphite-coin-mold\/#primaryimage\"},\"image\":{\"@id\":\"https:\/\/jinsuncarbon.com\/product\/graphite-coin-mold\/#primaryimage\"},\"thumbnailUrl\":\"https:\/\/jinsuncarbon.com\/wp-content\/uploads\/2025\/01\/Graphite-Coin-Mold.jpg\",\"datePublished\":\"2025-01-09T01:32:34+00:00\",\"dateModified\":\"2025-01-09T01:33:11+00:00\",\"description\":\"Graphite coin mold manufacture \/ supplier, for metal casting, glass, copper, gold, silver, jewelry. Custom graphite coin mold for metal casting needs.\",\"breadcrumb\":{\"@id\":\"https:\/\/jinsuncarbon.com\/product\/graphite-coin-mold\/#breadcrumb\"},\"inLanguage\":\"de\",\"potentialAction\":[{\"@type\":\"ReadAction\",\"target\":[\"https:\/\/jinsuncarbon.com\/product\/graphite-coin-mold\/\"]}]},{\"@type\":\"ImageObject\",\"inLanguage\":\"de\",\"@id\":\"https:\/\/jinsuncarbon.com\/product\/graphite-coin-mold\/#primaryimage\",\"url\":\"https:\/\/jinsuncarbon.com\/wp-content\/uploads\/2025\/01\/Graphite-Coin-Mold.jpg\",\"contentUrl\":\"https:\/\/jinsuncarbon.com\/wp-content\/uploads\/2025\/01\/Graphite-Coin-Mold.jpg\",\"width\":1024,\"height\":763,\"caption\":\"Graphite Coin Mold\"},{\"@type\":\"BreadcrumbList\",\"@id\":\"https:\/\/jinsuncarbon.com\/product\/graphite-coin-mold\/#breadcrumb\",\"itemListElement\":[{\"@type\":\"ListItem\",\"position\":1,\"name\":\"Home\",\"item\":\"https:\/\/jinsuncarbon.com\/\"},{\"@type\":\"ListItem\",\"position\":2,\"name\":\"Products\",\"item\":\"https:\/\/jinsuncarbon.com\/graphite-carbon\/\"},{\"@type\":\"ListItem\",\"position\":3,\"name\":\"Graphite Coin Mold\"}]},{\"@type\":\"WebSite\",\"@id\":\"https:\/\/jinsuncarbon.com\/#website\",\"url\":\"https:\/\/jinsuncarbon.com\/\",\"name\":\"Jinsun Carbon\",\"description\":\"We are the successful graphite electrode manufacturer in China\",\"publisher\":{\"@id\":\"https:\/\/jinsuncarbon.com\/#organization\"},\"potentialAction\":[{\"@type\":\"SearchAction\",\"target\":{\"@type\":\"EntryPoint\",\"urlTemplate\":\"https:\/\/jinsuncarbon.com\/?s={search_term_string}\"},\"query-input\":{\"@type\":\"PropertyValueSpecification\",\"valueRequired\":true,\"valueName\":\"search_term_string\"}}],\"inLanguage\":\"de\"},{\"@type\":\"Organization\",\"@id\":\"https:\/\/jinsuncarbon.com\/#organization\",\"name\":\"Jinsun Carbon\",\"alternateName\":\"Jinsun Carbon\",\"url\":\"https:\/\/jinsuncarbon.com\/\",\"logo\":{\"@type\":\"ImageObject\",\"inLanguage\":\"de\",\"@id\":\"https:\/\/jinsuncarbon.com\/#\/schema\/logo\/image\/\",\"url\":\"https:\/\/jinsuncarbon.com\/wp-content\/uploads\/2022\/12\/LOGO-1.png\",\"contentUrl\":\"https:\/\/jinsuncarbon.com\/wp-content\/uploads\/2022\/12\/LOGO-1.png\",\"width\":207,\"height\":80,\"caption\":\"Jinsun Carbon\"},\"image\":{\"@id\":\"https:\/\/jinsuncarbon.com\/#\/schema\/logo\/image\/\"},\"sameAs\":[\"https:\/\/www.facebook.com\/Graphite-Electrode-109336238661595\",\"https:\/\/x.com\/jinsuncarbon_\",\"https:\/\/www.linkedin.com\/in\/jinsungraphite\",\"https:\/\/www.youtube.com\/channel\/UCysDNyvyR5-3cCWEmpkVC0g\"]}]}<\/script>\n<!-- \/ Yoast SEO Premium plugin. -->","yoast_head_json":{"title":"Graphit-M\u00fcnzform Hersteller in China | Jinsun Carbon","description":"Graphit-M\u00fcnzform Hersteller \/ Lieferant, f\u00fcr Metallguss, Glas, Kupfer, Gold, Silber, Schmuck. Benutzerdefinierte Graphit-M\u00fcnze Form f\u00fcr Metallguss braucht.","robots":{"index":"index","follow":"follow","max-snippet":"max-snippet:-1","max-image-preview":"max-image-preview:large","max-video-preview":"max-video-preview:-1"},"canonical":"https:\/\/jinsuncarbon.com\/de\/produkt\/graphit-munzform\/","og_locale":"de_DE","og_type":"article","og_title":"Graphite Coin Mold","og_description":"Graphite coin mold manufacture \/ supplier, for metal casting, glass, copper, gold, silver, jewelry. Custom graphite coin mold for metal casting needs.","og_url":"https:\/\/jinsuncarbon.com\/de\/produkt\/graphit-munzform\/","og_site_name":"Jinsun Carbon","article_publisher":"https:\/\/www.facebook.com\/Graphite-Electrode-109336238661595","article_modified_time":"2025-01-09T01:33:11+00:00","og_image":[{"width":1024,"height":763,"url":"https:\/\/jinsuncarbon.com\/wp-content\/uploads\/2025\/01\/Graphite-Coin-Mold.jpg","type":"image\/jpeg"}],"twitter_card":"summary_large_image","twitter_site":"@jinsuncarbon_","twitter_misc":{"Gesch\u00e4tzte Lesezeit":"4\u00a0Minuten"},"schema":{"@context":"https:\/\/schema.org","@graph":[{"@type":"WebPage","@id":"https:\/\/jinsuncarbon.com\/product\/graphite-coin-mold\/","url":"https:\/\/jinsuncarbon.com\/product\/graphite-coin-mold\/","name":"Graphit-M\u00fcnzform Hersteller in China | Jinsun Carbon","isPartOf":{"@id":"https:\/\/jinsuncarbon.com\/#website"},"primaryImageOfPage":{"@id":"https:\/\/jinsuncarbon.com\/product\/graphite-coin-mold\/#primaryimage"},"image":{"@id":"https:\/\/jinsuncarbon.com\/product\/graphite-coin-mold\/#primaryimage"},"thumbnailUrl":"https:\/\/jinsuncarbon.com\/wp-content\/uploads\/2025\/01\/Graphite-Coin-Mold.jpg","datePublished":"2025-01-09T01:32:34+00:00","dateModified":"2025-01-09T01:33:11+00:00","description":"Graphit-M\u00fcnzform Hersteller \/ Lieferant, f\u00fcr Metallguss, Glas, Kupfer, Gold, Silber, Schmuck. Benutzerdefinierte Graphit-M\u00fcnze Form f\u00fcr Metallguss braucht.","breadcrumb":{"@id":"https:\/\/jinsuncarbon.com\/product\/graphite-coin-mold\/#breadcrumb"},"inLanguage":"de","potentialAction":[{"@type":"ReadAction","target":["https:\/\/jinsuncarbon.com\/product\/graphite-coin-mold\/"]}]},{"@type":"ImageObject","inLanguage":"de","@id":"https:\/\/jinsuncarbon.com\/product\/graphite-coin-mold\/#primaryimage","url":"https:\/\/jinsuncarbon.com\/wp-content\/uploads\/2025\/01\/Graphite-Coin-Mold.jpg","contentUrl":"https:\/\/jinsuncarbon.com\/wp-content\/uploads\/2025\/01\/Graphite-Coin-Mold.jpg","width":1024,"height":763,"caption":"Graphite Coin Mold"},{"@type":"BreadcrumbList","@id":"https:\/\/jinsuncarbon.com\/product\/graphite-coin-mold\/#breadcrumb","itemListElement":[{"@type":"ListItem","position":1,"name":"Home","item":"https:\/\/jinsuncarbon.com\/"},{"@type":"ListItem","position":2,"name":"Products","item":"https:\/\/jinsuncarbon.com\/graphite-carbon\/"},{"@type":"ListItem","position":3,"name":"Graphite Coin Mold"}]},{"@type":"WebSite","@id":"https:\/\/jinsuncarbon.com\/#website","url":"https:\/\/jinsuncarbon.com\/","name":"Jinsun Kohlenstoff","description":"Wir sind der erfolgreiche Hersteller von Graphitelektroden in China","publisher":{"@id":"https:\/\/jinsuncarbon.com\/#organization"},"potentialAction":[{"@type":"SearchAction","target":{"@type":"EntryPoint","urlTemplate":"https:\/\/jinsuncarbon.com\/?s={search_term_string}"},"query-input":{"@type":"PropertyValueSpecification","valueRequired":true,"valueName":"search_term_string"}}],"inLanguage":"de"},{"@type":"Organization","@id":"https:\/\/jinsuncarbon.com\/#organization","name":"Jinsun Kohlenstoff","alternateName":"Jinsun Carbon","url":"https:\/\/jinsuncarbon.com\/","logo":{"@type":"ImageObject","inLanguage":"de","@id":"https:\/\/jinsuncarbon.com\/#\/schema\/logo\/image\/","url":"https:\/\/jinsuncarbon.com\/wp-content\/uploads\/2022\/12\/LOGO-1.png","contentUrl":"https:\/\/jinsuncarbon.com\/wp-content\/uploads\/2022\/12\/LOGO-1.png","width":207,"height":80,"caption":"Jinsun Carbon"},"image":{"@id":"https:\/\/jinsuncarbon.com\/#\/schema\/logo\/image\/"},"sameAs":["https:\/\/www.facebook.com\/Graphite-Electrode-109336238661595","https:\/\/x.com\/jinsuncarbon_","https:\/\/www.linkedin.com\/in\/jinsungraphite","https:\/\/www.youtube.com\/channel\/UCysDNyvyR5-3cCWEmpkVC0g"]}]}},"_links":{"self":[{"href":"https:\/\/jinsuncarbon.com\/de\/wp-json\/wp\/v2\/product\/7262","targetHints":{"allow":["GET"]}}],"collection":[{"href":"https:\/\/jinsuncarbon.com\/de\/wp-json\/wp\/v2\/product"}],"about":[{"href":"https:\/\/jinsuncarbon.com\/de\/wp-json\/wp\/v2\/types\/product"}],"wp:featuredmedia":[{"embeddable":true,"href":"https:\/\/jinsuncarbon.com\/de\/wp-json\/wp\/v2\/media\/7278"}],"wp:attachment":[{"href":"https:\/\/jinsuncarbon.com\/de\/wp-json\/wp\/v2\/media?parent=7262"}],"wp:term":[{"taxonomy":"product_brand","embeddable":true,"href":"https:\/\/jinsuncarbon.com\/de\/wp-json\/wp\/v2\/product_brand?post=7262"},{"taxonomy":"product_cat","embeddable":true,"href":"https:\/\/jinsuncarbon.com\/de\/wp-json\/wp\/v2\/product_cat?post=7262"},{"taxonomy":"product_tag","embeddable":true,"href":"https:\/\/jinsuncarbon.com\/de\/wp-json\/wp\/v2\/product_tag?post=7262"}],"curies":[{"name":"wp","href":"https:\/\/api.w.org\/{rel}","templated":true}]}}