{"id":7261,"date":"2025-01-07T13:11:32","date_gmt":"2025-01-07T13:11:32","guid":{"rendered":"https:\/\/jinsuncarbon.com\/?post_type=product&#038;p=7261"},"modified":"2025-01-07T13:17:25","modified_gmt":"2025-01-07T13:17:25","slug":"graphitplattenelektrode","status":"publish","type":"product","link":"https:\/\/jinsuncarbon.com\/de\/produkt\/graphitplattenelektrode\/","title":{"rendered":"Graphitplattenelektrode"},"content":{"rendered":"<p class=\"ql-align-justify\">Graphitplattenelektroden sind haupts\u00e4chlich Formteile mit verschiedenen Formen wie rechteckig, quadratisch oder rund. Je nach Ihrem spezifischen Anwendungsszenario und Ihren technischen Anforderungen k\u00f6nnen sie durch Schneiden, Schleifen und andere Bearbeitungsverfahren die von Ihnen geforderten Gr\u00f6\u00dfenvorgaben und Genauigkeitsstandards genau erf\u00fcllen.<\/p>\n<h2>Vorteile der Graphitplattenelektrode<\/h2>\n<p class=\"ql-align-justify\">Die Graphitplattenelektrode hat normalerweise die Form einer regelm\u00e4\u00dfigen Platte. Ihre Vorteile sind sehr bedeutend.<\/p>\n<p class=\"ql-align-justify\"><strong>Mit guter elektrischer Leitf\u00e4higkeit<\/strong><\/p>\n<p class=\"ql-align-justify\">Es kann den Strom effizient leiten, um den reibungslosen Ablauf des elektrochemischen Prozesses zu gew\u00e4hrleisten.<\/p>\n<p class=\"ql-align-justify\"><strong>Hohe chemische Stabilit\u00e4t<\/strong><\/p>\n<p class=\"ql-align-justify\">Es kann immer noch die Stabilit\u00e4t der Struktur und Leistung in der korrosiven Umgebung wie starke S\u00e4ure und Lauge. Und es ist nicht leicht, durch chemische Reaktion korrodiert werden.<\/p>\n<p class=\"ql-align-justify\"><strong>Ausgezeichnete Hochtemperaturbest\u00e4ndigkeit<\/strong><\/p>\n<p class=\"ql-align-justify\">Es kann in Hochtemperaturumgebungen \u00fcber lange Zeit stabil arbeiten und sich an Hochtemperaturbetriebsszenarien wie Elektrolyse und Schmelzen anpassen.<\/p>\n<p class=\"ql-align-justify\"><strong>Hohe mechanische Festigkeit<\/strong><\/p>\n<p class=\"ql-align-justify\">Es kann einem gewissen Druck und einer gewissen Reibung standhalten, ist nicht leicht zu brechen und hat eine lange Lebensdauer.<\/p>\n<p class=\"ql-align-justify\">Dar\u00fcber hinaus ist seine Verarbeitungsleistung gut. Je nach den tats\u00e4chlichen Bed\u00fcrfnissen der Schneiden, Bohren und andere Verarbeitungsvorg\u00e4nge, ist es einfach zu installieren und zu verwenden.<\/p>\n<p class=\"ql-align-justify\">Wenn Sie die detaillierten Informationen zu den Leistungsparametern wie elektrische Leitf\u00e4higkeit und chemische Stabilit\u00e4t genau verstehen wollen, bieten wir Ihnen professionelle technische Beratung und genaue Datenreferenzen. Und geben Ihnen gezielte Auswahlvorschl\u00e4ge entsprechend Ihren tats\u00e4chlichen Einsatzbedingungen.<\/p>\n<h2 class=\"ql-align-justify\">Verwendungen von Graphitplattenelektroden<\/h2>\n<p class=\"ql-align-justify\">Graphitplattenelektroden haben ein breites Anwendungsspektrum, und im Folgenden werden einige g\u00e4ngige Anwendungsrichtungen beschrieben.<\/p>\n<p class=\"ql-align-justify\"><strong>Elektrochemischer Bereich:<\/strong><\/p>\n<p class=\"ql-align-justify\">Bei der Elektrolyse wird die Graphitplattenelektrode als Anode oder <a href=\"https:\/\/jinsuncarbon.com\/de\/produkt\/kathodenblock\/\">Kathode<\/a>kann den Strom stabil leiten. F\u00f6rdert die Migration und Reaktion von Ionen in der Elektrolytl\u00f6sung. Sie k\u00f6nnen es weithin in Nichteisen-Metallschmelze, Chlor-Alkali-Industrie und anderen Bereichen verwenden. Es hilft bei der Verbesserung der Effizienz der <a href=\"https:\/\/en.wikipedia.org\/wiki\/Electrolysis\" target=\"_blank\" rel=\"noopener\">Elektrolyse<\/a> und Produktqualit\u00e4t. Dank seiner hohen Temperaturbest\u00e4ndigkeit und Korrosionsbest\u00e4ndigkeit kann es lange Zeit in einer rauen elektrolytischen Umgebung eingesetzt werden.<\/p>\n<p class=\"ql-align-justify\"><strong>Feld Batterie:<\/strong><\/p>\n<p class=\"ql-align-justify\">Sie k\u00f6nnen es als Batterieelektrodenmaterial verwenden, wie z. B. in einigen speziellen Hochtemperaturbatterien oder Batteriesystemen mit hohem <a href=\"https:\/\/jinsuncarbon.com\/de\/produkt\/graphitelektrode-mit-kleinem-durchmesser\/\">Elektrode<\/a> Anforderungen an die Stabilit\u00e4t. Die gute Leitf\u00e4higkeit und chemische Stabilit\u00e4t von Graphitplattenelektroden kann die Lade- und Entladeleistung der Batterie gew\u00e4hrleisten. Sie verbessern die Zykluslebensdauer und die Energieumwandlungseffizienz der Batterie. Und bieten eine solide Grundlage f\u00fcr den stabilen Betrieb der Batterie.<\/p>\n<p class=\"ql-align-justify\"><strong>Industrieller Heizungsbereich:<\/strong><\/p>\n<p class=\"ql-align-justify\">Aufgrund ihrer guten elektrischen Leitf\u00e4higkeit und hohen Temperaturbest\u00e4ndigkeit k\u00f6nnen Sie die Graphitplattenelektrode als Heizelement verwenden. Zur effizienten Umwandlung von elektrischer Energie in W\u00e4rmeenergie f\u00fcr die Beheizung von Industrie\u00f6fen, Hochtemperatur <a href=\"https:\/\/en.wikipedia.org\/wiki\/Furnace\" target=\"_blank\" rel=\"noopener\">\u00d6fen<\/a> und andere Ger\u00e4te. Es kann eine schnelle Erw\u00e4rmung und eine pr\u00e4zise Temperaturregelung erreichen, um den Anforderungen verschiedener industrieller Erw\u00e4rmungsprozesse gerecht zu werden. Und seine Stabilit\u00e4t und Zuverl\u00e4ssigkeit gew\u00e4hrleisten einen kontinuierlichen und effizienten Heizprozess.<\/p>","protected":false},"excerpt":{"rendered":"<p class=\"ql-align-justify\">Die Graphitplattenelektrode ist eine Plattenelektrode, die durch ein spezielles Verfahren aus hochwertigem Graphitmaterial hergestellt wird. Sie zeichnet sich durch eine hervorragende elektrische Leitf\u00e4higkeit, chemische Stabilit\u00e4t und hohe Temperaturbest\u00e4ndigkeit aus. Aufgrund dieser hervorragenden Eigenschaften spielt sie in vielen Industriebereichen, insbesondere in der elektrochemischen Industrie, eine Schl\u00fcsselrolle. Es ist ein zuverl\u00e4ssiges und effizientes Elektrodenmaterial, das die Anforderungen einer Vielzahl komplexer Arbeitsbedingungen erf\u00fcllen kann.<\/p>\n<p class=\"ql-align-justify\">","protected":false},"featured_media":7265,"template":"","meta":[],"product_brand":[],"product_cat":[38],"product_tag":[],"class_list":{"0":"post-7261","1":"product","2":"type-product","3":"status-publish","4":"has-post-thumbnail","6":"product_cat-graphite-products","8":"first","9":"instock","10":"shipping-taxable","11":"product-type-simple"},"yoast_head":"<!-- This site is optimized with the Yoast SEO Premium plugin v19.2.1 (Yoast SEO v25.3) - https:\/\/yoast.com\/wordpress\/plugins\/seo\/ -->\n<title>Graphite Plate Electrode Manufacturer in China | Jinsun Carbon<\/title>\n<meta name=\"description\" content=\"Graphite plate electrodes are mainly shaped parts with various shapes such as rectangle, square or round. We supply graphite plate electrode at best price.\" \/>\n<meta name=\"robots\" content=\"index, follow, max-snippet:-1, max-image-preview:large, max-video-preview:-1\" \/>\n<link rel=\"canonical\" href=\"https:\/\/jinsuncarbon.com\/de\/produkt\/graphitplattenelektrode\/\" \/>\n<meta property=\"og:locale\" content=\"de_DE\" \/>\n<meta property=\"og:type\" content=\"article\" \/>\n<meta property=\"og:title\" content=\"Graphite Plate Electrode\" \/>\n<meta property=\"og:description\" content=\"Graphite plate electrodes are mainly shaped parts with various shapes such as rectangle, square or round. We supply graphite plate electrode at best price.\" \/>\n<meta property=\"og:url\" content=\"https:\/\/jinsuncarbon.com\/de\/produkt\/graphitplattenelektrode\/\" \/>\n<meta property=\"og:site_name\" content=\"Jinsun Carbon\" \/>\n<meta property=\"article:publisher\" content=\"https:\/\/www.facebook.com\/Graphite-Electrode-109336238661595\" \/>\n<meta property=\"article:modified_time\" content=\"2025-01-07T13:17:25+00:00\" \/>\n<meta property=\"og:image\" content=\"https:\/\/jinsuncarbon.com\/wp-content\/uploads\/2025\/01\/Graphite-Plate-Electrode.jpg\" \/>\n\t<meta property=\"og:image:width\" content=\"1024\" \/>\n\t<meta property=\"og:image:height\" content=\"763\" \/>\n\t<meta property=\"og:image:type\" content=\"image\/jpeg\" \/>\n<meta name=\"twitter:card\" content=\"summary_large_image\" \/>\n<meta name=\"twitter:site\" content=\"@jinsuncarbon_\" \/>\n<meta name=\"twitter:label1\" content=\"Gesch\u00e4tzte Lesezeit\" \/>\n\t<meta name=\"twitter:data1\" content=\"3\u00a0Minuten\" \/>\n<script type=\"application\/ld+json\" class=\"yoast-schema-graph\">{\"@context\":\"https:\/\/schema.org\",\"@graph\":[{\"@type\":\"WebPage\",\"@id\":\"https:\/\/jinsuncarbon.com\/product\/graphite-plate-electrode\/\",\"url\":\"https:\/\/jinsuncarbon.com\/product\/graphite-plate-electrode\/\",\"name\":\"Graphite Plate Electrode Manufacturer in China | Jinsun Carbon\",\"isPartOf\":{\"@id\":\"https:\/\/jinsuncarbon.com\/#website\"},\"primaryImageOfPage\":{\"@id\":\"https:\/\/jinsuncarbon.com\/product\/graphite-plate-electrode\/#primaryimage\"},\"image\":{\"@id\":\"https:\/\/jinsuncarbon.com\/product\/graphite-plate-electrode\/#primaryimage\"},\"thumbnailUrl\":\"https:\/\/jinsuncarbon.com\/wp-content\/uploads\/2025\/01\/Graphite-Plate-Electrode.jpg\",\"datePublished\":\"2025-01-07T13:11:32+00:00\",\"dateModified\":\"2025-01-07T13:17:25+00:00\",\"description\":\"Graphite plate electrodes are mainly shaped parts with various shapes such as rectangle, square or round. We supply graphite plate electrode at best price.\",\"breadcrumb\":{\"@id\":\"https:\/\/jinsuncarbon.com\/product\/graphite-plate-electrode\/#breadcrumb\"},\"inLanguage\":\"de\",\"potentialAction\":[{\"@type\":\"ReadAction\",\"target\":[\"https:\/\/jinsuncarbon.com\/product\/graphite-plate-electrode\/\"]}]},{\"@type\":\"ImageObject\",\"inLanguage\":\"de\",\"@id\":\"https:\/\/jinsuncarbon.com\/product\/graphite-plate-electrode\/#primaryimage\",\"url\":\"https:\/\/jinsuncarbon.com\/wp-content\/uploads\/2025\/01\/Graphite-Plate-Electrode.jpg\",\"contentUrl\":\"https:\/\/jinsuncarbon.com\/wp-content\/uploads\/2025\/01\/Graphite-Plate-Electrode.jpg\",\"width\":1024,\"height\":763,\"caption\":\"Graphite Plate Electrode\"},{\"@type\":\"BreadcrumbList\",\"@id\":\"https:\/\/jinsuncarbon.com\/product\/graphite-plate-electrode\/#breadcrumb\",\"itemListElement\":[{\"@type\":\"ListItem\",\"position\":1,\"name\":\"Home\",\"item\":\"https:\/\/jinsuncarbon.com\/\"},{\"@type\":\"ListItem\",\"position\":2,\"name\":\"Products\",\"item\":\"https:\/\/jinsuncarbon.com\/graphite-carbon\/\"},{\"@type\":\"ListItem\",\"position\":3,\"name\":\"Graphite Plate Electrode\"}]},{\"@type\":\"WebSite\",\"@id\":\"https:\/\/jinsuncarbon.com\/#website\",\"url\":\"https:\/\/jinsuncarbon.com\/\",\"name\":\"Jinsun Carbon\",\"description\":\"We are the successful graphite electrode manufacturer in China\",\"publisher\":{\"@id\":\"https:\/\/jinsuncarbon.com\/#organization\"},\"potentialAction\":[{\"@type\":\"SearchAction\",\"target\":{\"@type\":\"EntryPoint\",\"urlTemplate\":\"https:\/\/jinsuncarbon.com\/?s={search_term_string}\"},\"query-input\":{\"@type\":\"PropertyValueSpecification\",\"valueRequired\":true,\"valueName\":\"search_term_string\"}}],\"inLanguage\":\"de\"},{\"@type\":\"Organization\",\"@id\":\"https:\/\/jinsuncarbon.com\/#organization\",\"name\":\"Jinsun Carbon\",\"alternateName\":\"Jinsun Carbon\",\"url\":\"https:\/\/jinsuncarbon.com\/\",\"logo\":{\"@type\":\"ImageObject\",\"inLanguage\":\"de\",\"@id\":\"https:\/\/jinsuncarbon.com\/#\/schema\/logo\/image\/\",\"url\":\"https:\/\/jinsuncarbon.com\/wp-content\/uploads\/2022\/12\/LOGO-1.png\",\"contentUrl\":\"https:\/\/jinsuncarbon.com\/wp-content\/uploads\/2022\/12\/LOGO-1.png\",\"width\":207,\"height\":80,\"caption\":\"Jinsun Carbon\"},\"image\":{\"@id\":\"https:\/\/jinsuncarbon.com\/#\/schema\/logo\/image\/\"},\"sameAs\":[\"https:\/\/www.facebook.com\/Graphite-Electrode-109336238661595\",\"https:\/\/x.com\/jinsuncarbon_\",\"https:\/\/www.linkedin.com\/in\/jinsungraphite\",\"https:\/\/www.youtube.com\/channel\/UCysDNyvyR5-3cCWEmpkVC0g\"]}]}<\/script>\n<!-- \/ Yoast SEO Premium plugin. -->","yoast_head_json":{"title":"Graphitplatte Elektrode Hersteller in China | Jinsun Carbon","description":"Graphitplattenelektroden sind haupts\u00e4chlich Formteile mit verschiedenen Formen wie Rechteck, Quadrat oder Rund. Wir liefern Graphitplatte Elektrode zum besten Preis.","robots":{"index":"index","follow":"follow","max-snippet":"max-snippet:-1","max-image-preview":"max-image-preview:large","max-video-preview":"max-video-preview:-1"},"canonical":"https:\/\/jinsuncarbon.com\/de\/produkt\/graphitplattenelektrode\/","og_locale":"de_DE","og_type":"article","og_title":"Graphite Plate Electrode","og_description":"Graphite plate electrodes are mainly shaped parts with various shapes such as rectangle, square or round. We supply graphite plate electrode at best price.","og_url":"https:\/\/jinsuncarbon.com\/de\/produkt\/graphitplattenelektrode\/","og_site_name":"Jinsun Carbon","article_publisher":"https:\/\/www.facebook.com\/Graphite-Electrode-109336238661595","article_modified_time":"2025-01-07T13:17:25+00:00","og_image":[{"width":1024,"height":763,"url":"https:\/\/jinsuncarbon.com\/wp-content\/uploads\/2025\/01\/Graphite-Plate-Electrode.jpg","type":"image\/jpeg"}],"twitter_card":"summary_large_image","twitter_site":"@jinsuncarbon_","twitter_misc":{"Gesch\u00e4tzte Lesezeit":"3\u00a0Minuten"},"schema":{"@context":"https:\/\/schema.org","@graph":[{"@type":"WebPage","@id":"https:\/\/jinsuncarbon.com\/product\/graphite-plate-electrode\/","url":"https:\/\/jinsuncarbon.com\/product\/graphite-plate-electrode\/","name":"Graphitplatte Elektrode Hersteller in China | Jinsun Carbon","isPartOf":{"@id":"https:\/\/jinsuncarbon.com\/#website"},"primaryImageOfPage":{"@id":"https:\/\/jinsuncarbon.com\/product\/graphite-plate-electrode\/#primaryimage"},"image":{"@id":"https:\/\/jinsuncarbon.com\/product\/graphite-plate-electrode\/#primaryimage"},"thumbnailUrl":"https:\/\/jinsuncarbon.com\/wp-content\/uploads\/2025\/01\/Graphite-Plate-Electrode.jpg","datePublished":"2025-01-07T13:11:32+00:00","dateModified":"2025-01-07T13:17:25+00:00","description":"Graphitplattenelektroden sind haupts\u00e4chlich Formteile mit verschiedenen Formen wie Rechteck, Quadrat oder Rund. Wir liefern Graphitplatte Elektrode zum besten Preis.","breadcrumb":{"@id":"https:\/\/jinsuncarbon.com\/product\/graphite-plate-electrode\/#breadcrumb"},"inLanguage":"de","potentialAction":[{"@type":"ReadAction","target":["https:\/\/jinsuncarbon.com\/product\/graphite-plate-electrode\/"]}]},{"@type":"ImageObject","inLanguage":"de","@id":"https:\/\/jinsuncarbon.com\/product\/graphite-plate-electrode\/#primaryimage","url":"https:\/\/jinsuncarbon.com\/wp-content\/uploads\/2025\/01\/Graphite-Plate-Electrode.jpg","contentUrl":"https:\/\/jinsuncarbon.com\/wp-content\/uploads\/2025\/01\/Graphite-Plate-Electrode.jpg","width":1024,"height":763,"caption":"Graphite Plate Electrode"},{"@type":"BreadcrumbList","@id":"https:\/\/jinsuncarbon.com\/product\/graphite-plate-electrode\/#breadcrumb","itemListElement":[{"@type":"ListItem","position":1,"name":"Home","item":"https:\/\/jinsuncarbon.com\/"},{"@type":"ListItem","position":2,"name":"Products","item":"https:\/\/jinsuncarbon.com\/graphite-carbon\/"},{"@type":"ListItem","position":3,"name":"Graphite Plate Electrode"}]},{"@type":"WebSite","@id":"https:\/\/jinsuncarbon.com\/#website","url":"https:\/\/jinsuncarbon.com\/","name":"Jinsun Kohlenstoff","description":"Wir sind der erfolgreiche Hersteller von Graphitelektroden in China","publisher":{"@id":"https:\/\/jinsuncarbon.com\/#organization"},"potentialAction":[{"@type":"SearchAction","target":{"@type":"EntryPoint","urlTemplate":"https:\/\/jinsuncarbon.com\/?s={search_term_string}"},"query-input":{"@type":"PropertyValueSpecification","valueRequired":true,"valueName":"search_term_string"}}],"inLanguage":"de"},{"@type":"Organization","@id":"https:\/\/jinsuncarbon.com\/#organization","name":"Jinsun Kohlenstoff","alternateName":"Jinsun Carbon","url":"https:\/\/jinsuncarbon.com\/","logo":{"@type":"ImageObject","inLanguage":"de","@id":"https:\/\/jinsuncarbon.com\/#\/schema\/logo\/image\/","url":"https:\/\/jinsuncarbon.com\/wp-content\/uploads\/2022\/12\/LOGO-1.png","contentUrl":"https:\/\/jinsuncarbon.com\/wp-content\/uploads\/2022\/12\/LOGO-1.png","width":207,"height":80,"caption":"Jinsun Carbon"},"image":{"@id":"https:\/\/jinsuncarbon.com\/#\/schema\/logo\/image\/"},"sameAs":["https:\/\/www.facebook.com\/Graphite-Electrode-109336238661595","https:\/\/x.com\/jinsuncarbon_","https:\/\/www.linkedin.com\/in\/jinsungraphite","https:\/\/www.youtube.com\/channel\/UCysDNyvyR5-3cCWEmpkVC0g"]}]}},"_links":{"self":[{"href":"https:\/\/jinsuncarbon.com\/de\/wp-json\/wp\/v2\/product\/7261","targetHints":{"allow":["GET"]}}],"collection":[{"href":"https:\/\/jinsuncarbon.com\/de\/wp-json\/wp\/v2\/product"}],"about":[{"href":"https:\/\/jinsuncarbon.com\/de\/wp-json\/wp\/v2\/types\/product"}],"wp:featuredmedia":[{"embeddable":true,"href":"https:\/\/jinsuncarbon.com\/de\/wp-json\/wp\/v2\/media\/7265"}],"wp:attachment":[{"href":"https:\/\/jinsuncarbon.com\/de\/wp-json\/wp\/v2\/media?parent=7261"}],"wp:term":[{"taxonomy":"product_brand","embeddable":true,"href":"https:\/\/jinsuncarbon.com\/de\/wp-json\/wp\/v2\/product_brand?post=7261"},{"taxonomy":"product_cat","embeddable":true,"href":"https:\/\/jinsuncarbon.com\/de\/wp-json\/wp\/v2\/product_cat?post=7261"},{"taxonomy":"product_tag","embeddable":true,"href":"https:\/\/jinsuncarbon.com\/de\/wp-json\/wp\/v2\/product_tag?post=7261"}],"curies":[{"name":"wp","href":"https:\/\/api.w.org\/{rel}","templated":true}]}}