{"id":7260,"date":"2025-01-07T12:47:57","date_gmt":"2025-01-07T12:47:57","guid":{"rendered":"https:\/\/jinsuncarbon.com\/?post_type=product&#038;p=7260"},"modified":"2025-01-07T12:47:59","modified_gmt":"2025-01-07T12:47:59","slug":"pan-graphit-filz","status":"publish","type":"product","link":"https:\/\/jinsuncarbon.com\/de\/produkt\/pan-graphit-filz\/","title":{"rendered":"Pan Graphitfilz"},"content":{"rendered":"<p class=\"ql-align-justify\">Pan-Graphitfilz liegt in der Regel in einer filz\u00e4hnlichen Form vor und hat viele bedeutende Vorteile.<\/p>\n<p class=\"ql-align-justify\"><strong>Gute thermische Stabilit\u00e4t<\/strong><\/p>\n<p class=\"ql-align-justify\">Es kann die strukturelle Stabilit\u00e4t in einer Hochtemperaturumgebung aufrechterhalten und Temperaturschwankungen von normaler Temperatur bis zu Tausenden von Grad Celsius standhalten. Es eignet sich f\u00fcr Hochtemperatur-Betriebsszenarien wie Hochtemperatur-W\u00e4rmebehandlung, Metallurgie, etc.<\/p>\n<p class=\"ql-align-justify\"><strong>Hohe chemische Stabilit\u00e4t<\/strong><\/p>\n<p class=\"ql-align-justify\">Es hat eine gewisse Toleranz gegen\u00fcber den meisten S\u00e4uren und Basen und anderen chemischen Substanzen. Sie k\u00f6nnen es normalerweise in einer rauen chemischen Umgebung verwenden, ohne dass es leicht korrodiert.<\/p>\n<p class=\"ql-align-justify\"><strong>Hohe spezifische Oberfl\u00e4che<\/strong><\/p>\n<p class=\"ql-align-justify\">Dadurch hat es potenzielle Vorteile bei der Adsorption, Katalyse usw. und kann mehr aktive Stellen f\u00fcr chemische Reaktionen bieten.<\/p>\n<p class=\"ql-align-justify\"><strong>Gute Flexibilit\u00e4t<\/strong><\/p>\n<p class=\"ql-align-justify\">Es kann leicht geschnitten, gefaltet und gebogen werden, um sich an verschiedene Formen und Gr\u00f6\u00dfen von Ger\u00e4ten und Vorrichtungen anzupassen.<\/p>\n<p class=\"ql-align-justify\"><strong>Bestimmte Porenstruktur<\/strong><\/p>\n<p class=\"ql-align-justify\">Dies f\u00f6rdert die Durchdringung und Diffusion von Gasen und Fl\u00fcssigkeiten. Und es kann eine einzigartige Rolle bei Anwendungen spielen, die den Umgang mit Fl\u00fcssigkeiten oder den Materialtransport betreffen. Dadurch werden sein Anwendungswert und sein Einsatzbereich weiter verbessert.<\/p>\n<p class=\"ql-align-justify\">Obwohl seine elektrische Leitf\u00e4higkeit etwas geringer ist als die einiger hochreiner <a href=\"https:\/\/jinsuncarbon.com\/de\/produkt\/graphitmaterial\/\">Graphitwerkstoffe<\/a>kann es dennoch viele Anwendungen erf\u00fcllen, die elektrische Leitf\u00e4higkeit erfordern. Und kann eine effektive Ladungs\u00fcbertragung erreichen.<\/p>\n<h2 class=\"ql-align-justify\">Verwendungszwecke von Pan-Graphitfilz<\/h2>\n<p class=\"ql-align-justify\"><strong>Neues Energiefeld:<\/strong><\/p>\n<p class=\"ql-align-justify\">In Lithium-Ionen-Batterien kann es als Zusatzstoff oder leitf\u00e4higes Ger\u00fcst f\u00fcr Elektrodenmaterialien verwendet werden. Aufgrund seiner guten Leitf\u00e4higkeit und por\u00f6sen Struktur kann es die Elektronenleitf\u00e4higkeit und die Ionendiffusionseffizienz der Elektrode verbessern. Dadurch werden die Lade- und Entladeleistung und die Zykluslebensdauer der Batterie verbessert. <a href=\"https:\/\/www.britannica.com\/technology\/battery-electronics#:~:text=battery%2C%20in%20electricity%20and%20electrochemistry,single%20cell%20of%20this%20kind.\" target=\"_blank\" rel=\"noopener\">Batterie<\/a>. Bereitstellung effizienterer und stabilerer Energiespeicherl\u00f6sungen f\u00fcr Fahrzeuge mit neuen Energien, tragbare elektronische Ger\u00e4te usw. F\u00f6rderung der Entwicklung und Anwendung von sauberer Energie.<\/p>\n<p class=\"ql-align-justify\"><strong>Im Bereich des Umweltschutzes:<\/strong><\/p>\n<p class=\"ql-align-justify\">In der Abwasserbehandlung kann es als Elektrodenmaterial f\u00fcr die elektrochemische REDOX-Reaktion verwendet werden. Seine gro\u00dfe spezifische Oberfl\u00e4che und gute elektrische Leitf\u00e4higkeit k\u00f6nnen die Zersetzung und Umwandlung von Schadstoffen im Wasser f\u00f6rdern. Und erreichen Abwasserreinigung Behandlung;<\/p>\n<p class=\"ql-align-justify\">Gleichzeitig k\u00f6nnen Sie es bei der Bek\u00e4mpfung der Luftverschmutzung auch zur Absorption einiger sch\u00e4dlicher Gase verwenden. Mit seiner Porenstruktur und chemischen Stabilit\u00e4t kann es Schadstoffe in der Luft wirksam entfernen und zur Verbesserung der Umweltqualit\u00e4t beitragen. Und helfen, die Ziele der nachhaltigen Entwicklung zu erreichen.<\/p>\n<p class=\"ql-align-justify\"><strong>Industrieller Fertigungsbereich:<\/strong><\/p>\n<p class=\"ql-align-justify\">In der metallurgischen Industrie, wie z.B. Stahl und Nichteisenmetalle, kann es als Auskleidungs- oder W\u00e4rmed\u00e4mmmaterial f\u00fcr hohe Temperaturen verwendet werden. <a href=\"https:\/\/en.wikipedia.org\/wiki\/Furnace_(central_heating)\" target=\"_blank\" rel=\"noopener\">Ofen<\/a>. Mit seiner hohen Temperaturbest\u00e4ndigkeit und W\u00e4rmed\u00e4mmung Eigenschaften zu reduzieren W\u00e4rmeverlust, Verbesserung der Energieeffizienz. Gleichzeitig sch\u00fctzen sie die Ofenstruktur und verl\u00e4ngern die Lebensdauer der Ausr\u00fcstung;<\/p>\n<p class=\"ql-align-justify\">In der chemischen Produktion k\u00f6nnen Sie es als Katalysatortr\u00e4ger verwenden. Mit seinen zahlreichen aktiven Stellen und seiner chemischen Stabilit\u00e4t verbessert es die Aktivit\u00e4t und Selektivit\u00e4t des Katalysators. Optimieren Sie den chemischen Reaktionsprozess, senken Sie die Produktionskosten, verbessern Sie die Produktqualit\u00e4t und die Produktionseffizienz. Und verbessern die industrielle Wettbewerbsf\u00e4higkeit.<\/p>","protected":false},"excerpt":{"rendered":"<p>Pan-Graphitfilz ist eine Art Graphitfilzmaterial, das durch eine Reihe komplexer Prozesse wie Hochtemperaturverkohlung mit Polyacrylnitril als Vorprodukt hergestellt wird. Er weist einige der hervorragenden Eigenschaften von Graphit auf. Und aufgrund des einzigartigen Herstellungsverfahrens bildet es seine eigenen strukturellen Eigenschaften. Mit hoher Festigkeit, guter Flexibilit\u00e4t und guter elektrischer Leitf\u00e4higkeit, usw., in vielen Bereichen zu zeigen, breite Anwendungsm\u00f6glichkeiten. Es ist ein funktionelles Material mit ausgezeichneter Leistung, meistert eine Vielzahl von komplexen Bedingungen der Nutzung und Prozessanforderungen.<\/p>","protected":false},"featured_media":7263,"template":"","meta":[],"product_brand":[],"product_cat":[38],"product_tag":[],"class_list":{"0":"post-7260","1":"product","2":"type-product","3":"status-publish","4":"has-post-thumbnail","6":"product_cat-graphite-products","8":"first","9":"instock","10":"shipping-taxable","11":"product-type-simple"},"yoast_head":"<!-- This site is optimized with the Yoast SEO Premium plugin v19.2.1 (Yoast SEO v25.3) - https:\/\/yoast.com\/wordpress\/plugins\/seo\/ -->\n<title>Pan Graphite Felt Manufacturer in China | Jinsun Carbon<\/title>\n<meta name=\"description\" content=\"Pan Graphite Felt for sale at good price, for your furnace insulation materials and components, heat shields and radiators, welding and battery.\" \/>\n<meta name=\"robots\" content=\"index, follow, max-snippet:-1, max-image-preview:large, max-video-preview:-1\" \/>\n<link rel=\"canonical\" href=\"https:\/\/jinsuncarbon.com\/de\/produkt\/pan-graphit-filz\/\" \/>\n<meta property=\"og:locale\" content=\"de_DE\" \/>\n<meta property=\"og:type\" content=\"article\" \/>\n<meta property=\"og:title\" content=\"Pan Graphite Felt\" \/>\n<meta property=\"og:description\" content=\"Pan Graphite Felt for sale at good price, for your furnace insulation materials and components, heat shields and radiators, welding and battery.\" \/>\n<meta property=\"og:url\" content=\"https:\/\/jinsuncarbon.com\/de\/produkt\/pan-graphit-filz\/\" \/>\n<meta property=\"og:site_name\" content=\"Jinsun Carbon\" \/>\n<meta property=\"article:publisher\" content=\"https:\/\/www.facebook.com\/Graphite-Electrode-109336238661595\" \/>\n<meta property=\"article:modified_time\" content=\"2025-01-07T12:47:59+00:00\" \/>\n<meta property=\"og:image\" content=\"https:\/\/jinsuncarbon.com\/wp-content\/uploads\/2025\/01\/Pan-Graphite-Felt.jpg\" \/>\n\t<meta property=\"og:image:width\" content=\"1024\" \/>\n\t<meta property=\"og:image:height\" content=\"763\" \/>\n\t<meta property=\"og:image:type\" content=\"image\/jpeg\" \/>\n<meta name=\"twitter:card\" content=\"summary_large_image\" \/>\n<meta name=\"twitter:site\" content=\"@jinsuncarbon_\" \/>\n<meta name=\"twitter:label1\" content=\"Gesch\u00e4tzte Lesezeit\" \/>\n\t<meta name=\"twitter:data1\" content=\"3\u00a0Minuten\" \/>\n<script type=\"application\/ld+json\" class=\"yoast-schema-graph\">{\"@context\":\"https:\/\/schema.org\",\"@graph\":[{\"@type\":\"WebPage\",\"@id\":\"https:\/\/jinsuncarbon.com\/product\/pan-graphite-felt\/\",\"url\":\"https:\/\/jinsuncarbon.com\/product\/pan-graphite-felt\/\",\"name\":\"Pan Graphite Felt Manufacturer in China | Jinsun Carbon\",\"isPartOf\":{\"@id\":\"https:\/\/jinsuncarbon.com\/#website\"},\"primaryImageOfPage\":{\"@id\":\"https:\/\/jinsuncarbon.com\/product\/pan-graphite-felt\/#primaryimage\"},\"image\":{\"@id\":\"https:\/\/jinsuncarbon.com\/product\/pan-graphite-felt\/#primaryimage\"},\"thumbnailUrl\":\"https:\/\/jinsuncarbon.com\/wp-content\/uploads\/2025\/01\/Pan-Graphite-Felt.jpg\",\"datePublished\":\"2025-01-07T12:47:57+00:00\",\"dateModified\":\"2025-01-07T12:47:59+00:00\",\"description\":\"Pan Graphite Felt for sale at good price, for your furnace insulation materials and components, heat shields and radiators, welding and battery.\",\"breadcrumb\":{\"@id\":\"https:\/\/jinsuncarbon.com\/product\/pan-graphite-felt\/#breadcrumb\"},\"inLanguage\":\"de\",\"potentialAction\":[{\"@type\":\"ReadAction\",\"target\":[\"https:\/\/jinsuncarbon.com\/product\/pan-graphite-felt\/\"]}]},{\"@type\":\"ImageObject\",\"inLanguage\":\"de\",\"@id\":\"https:\/\/jinsuncarbon.com\/product\/pan-graphite-felt\/#primaryimage\",\"url\":\"https:\/\/jinsuncarbon.com\/wp-content\/uploads\/2025\/01\/Pan-Graphite-Felt.jpg\",\"contentUrl\":\"https:\/\/jinsuncarbon.com\/wp-content\/uploads\/2025\/01\/Pan-Graphite-Felt.jpg\",\"width\":1024,\"height\":763,\"caption\":\"Pan Graphite Felt\"},{\"@type\":\"BreadcrumbList\",\"@id\":\"https:\/\/jinsuncarbon.com\/product\/pan-graphite-felt\/#breadcrumb\",\"itemListElement\":[{\"@type\":\"ListItem\",\"position\":1,\"name\":\"Home\",\"item\":\"https:\/\/jinsuncarbon.com\/\"},{\"@type\":\"ListItem\",\"position\":2,\"name\":\"Products\",\"item\":\"https:\/\/jinsuncarbon.com\/graphite-carbon\/\"},{\"@type\":\"ListItem\",\"position\":3,\"name\":\"Pan Graphite Felt\"}]},{\"@type\":\"WebSite\",\"@id\":\"https:\/\/jinsuncarbon.com\/#website\",\"url\":\"https:\/\/jinsuncarbon.com\/\",\"name\":\"Jinsun Carbon\",\"description\":\"We are the successful graphite electrode manufacturer in China\",\"publisher\":{\"@id\":\"https:\/\/jinsuncarbon.com\/#organization\"},\"potentialAction\":[{\"@type\":\"SearchAction\",\"target\":{\"@type\":\"EntryPoint\",\"urlTemplate\":\"https:\/\/jinsuncarbon.com\/?s={search_term_string}\"},\"query-input\":{\"@type\":\"PropertyValueSpecification\",\"valueRequired\":true,\"valueName\":\"search_term_string\"}}],\"inLanguage\":\"de\"},{\"@type\":\"Organization\",\"@id\":\"https:\/\/jinsuncarbon.com\/#organization\",\"name\":\"Jinsun Carbon\",\"alternateName\":\"Jinsun Carbon\",\"url\":\"https:\/\/jinsuncarbon.com\/\",\"logo\":{\"@type\":\"ImageObject\",\"inLanguage\":\"de\",\"@id\":\"https:\/\/jinsuncarbon.com\/#\/schema\/logo\/image\/\",\"url\":\"https:\/\/jinsuncarbon.com\/wp-content\/uploads\/2022\/12\/LOGO-1.png\",\"contentUrl\":\"https:\/\/jinsuncarbon.com\/wp-content\/uploads\/2022\/12\/LOGO-1.png\",\"width\":207,\"height\":80,\"caption\":\"Jinsun Carbon\"},\"image\":{\"@id\":\"https:\/\/jinsuncarbon.com\/#\/schema\/logo\/image\/\"},\"sameAs\":[\"https:\/\/www.facebook.com\/Graphite-Electrode-109336238661595\",\"https:\/\/x.com\/jinsuncarbon_\",\"https:\/\/www.linkedin.com\/in\/jinsungraphite\",\"https:\/\/www.youtube.com\/channel\/UCysDNyvyR5-3cCWEmpkVC0g\"]}]}<\/script>\n<!-- \/ Yoast SEO Premium plugin. -->","yoast_head_json":{"title":"Pan Graphitfilz Hersteller in China | Jinsun Carbon","description":"Pan Graphit Filz zum Verkauf zu einem guten Preis, f\u00fcr Ihren Ofen Isoliermaterialien und Komponenten, Hitzeschilde und Heizk\u00f6rper, Schwei\u00dfen und Batterie.","robots":{"index":"index","follow":"follow","max-snippet":"max-snippet:-1","max-image-preview":"max-image-preview:large","max-video-preview":"max-video-preview:-1"},"canonical":"https:\/\/jinsuncarbon.com\/de\/produkt\/pan-graphit-filz\/","og_locale":"de_DE","og_type":"article","og_title":"Pan Graphite Felt","og_description":"Pan Graphite Felt for sale at good price, for your furnace insulation materials and components, heat shields and radiators, welding and battery.","og_url":"https:\/\/jinsuncarbon.com\/de\/produkt\/pan-graphit-filz\/","og_site_name":"Jinsun Carbon","article_publisher":"https:\/\/www.facebook.com\/Graphite-Electrode-109336238661595","article_modified_time":"2025-01-07T12:47:59+00:00","og_image":[{"width":1024,"height":763,"url":"https:\/\/jinsuncarbon.com\/wp-content\/uploads\/2025\/01\/Pan-Graphite-Felt.jpg","type":"image\/jpeg"}],"twitter_card":"summary_large_image","twitter_site":"@jinsuncarbon_","twitter_misc":{"Gesch\u00e4tzte Lesezeit":"3\u00a0Minuten"},"schema":{"@context":"https:\/\/schema.org","@graph":[{"@type":"WebPage","@id":"https:\/\/jinsuncarbon.com\/product\/pan-graphite-felt\/","url":"https:\/\/jinsuncarbon.com\/product\/pan-graphite-felt\/","name":"Pan Graphitfilz Hersteller in China | Jinsun Carbon","isPartOf":{"@id":"https:\/\/jinsuncarbon.com\/#website"},"primaryImageOfPage":{"@id":"https:\/\/jinsuncarbon.com\/product\/pan-graphite-felt\/#primaryimage"},"image":{"@id":"https:\/\/jinsuncarbon.com\/product\/pan-graphite-felt\/#primaryimage"},"thumbnailUrl":"https:\/\/jinsuncarbon.com\/wp-content\/uploads\/2025\/01\/Pan-Graphite-Felt.jpg","datePublished":"2025-01-07T12:47:57+00:00","dateModified":"2025-01-07T12:47:59+00:00","description":"Pan Graphit Filz zum Verkauf zu einem guten Preis, f\u00fcr Ihren Ofen Isoliermaterialien und Komponenten, Hitzeschilde und Heizk\u00f6rper, Schwei\u00dfen und Batterie.","breadcrumb":{"@id":"https:\/\/jinsuncarbon.com\/product\/pan-graphite-felt\/#breadcrumb"},"inLanguage":"de","potentialAction":[{"@type":"ReadAction","target":["https:\/\/jinsuncarbon.com\/product\/pan-graphite-felt\/"]}]},{"@type":"ImageObject","inLanguage":"de","@id":"https:\/\/jinsuncarbon.com\/product\/pan-graphite-felt\/#primaryimage","url":"https:\/\/jinsuncarbon.com\/wp-content\/uploads\/2025\/01\/Pan-Graphite-Felt.jpg","contentUrl":"https:\/\/jinsuncarbon.com\/wp-content\/uploads\/2025\/01\/Pan-Graphite-Felt.jpg","width":1024,"height":763,"caption":"Pan Graphite Felt"},{"@type":"BreadcrumbList","@id":"https:\/\/jinsuncarbon.com\/product\/pan-graphite-felt\/#breadcrumb","itemListElement":[{"@type":"ListItem","position":1,"name":"Home","item":"https:\/\/jinsuncarbon.com\/"},{"@type":"ListItem","position":2,"name":"Products","item":"https:\/\/jinsuncarbon.com\/graphite-carbon\/"},{"@type":"ListItem","position":3,"name":"Pan Graphite Felt"}]},{"@type":"WebSite","@id":"https:\/\/jinsuncarbon.com\/#website","url":"https:\/\/jinsuncarbon.com\/","name":"Jinsun Kohlenstoff","description":"Wir sind der erfolgreiche Hersteller von Graphitelektroden in China","publisher":{"@id":"https:\/\/jinsuncarbon.com\/#organization"},"potentialAction":[{"@type":"SearchAction","target":{"@type":"EntryPoint","urlTemplate":"https:\/\/jinsuncarbon.com\/?s={search_term_string}"},"query-input":{"@type":"PropertyValueSpecification","valueRequired":true,"valueName":"search_term_string"}}],"inLanguage":"de"},{"@type":"Organization","@id":"https:\/\/jinsuncarbon.com\/#organization","name":"Jinsun Kohlenstoff","alternateName":"Jinsun Carbon","url":"https:\/\/jinsuncarbon.com\/","logo":{"@type":"ImageObject","inLanguage":"de","@id":"https:\/\/jinsuncarbon.com\/#\/schema\/logo\/image\/","url":"https:\/\/jinsuncarbon.com\/wp-content\/uploads\/2022\/12\/LOGO-1.png","contentUrl":"https:\/\/jinsuncarbon.com\/wp-content\/uploads\/2022\/12\/LOGO-1.png","width":207,"height":80,"caption":"Jinsun Carbon"},"image":{"@id":"https:\/\/jinsuncarbon.com\/#\/schema\/logo\/image\/"},"sameAs":["https:\/\/www.facebook.com\/Graphite-Electrode-109336238661595","https:\/\/x.com\/jinsuncarbon_","https:\/\/www.linkedin.com\/in\/jinsungraphite","https:\/\/www.youtube.com\/channel\/UCysDNyvyR5-3cCWEmpkVC0g"]}]}},"_links":{"self":[{"href":"https:\/\/jinsuncarbon.com\/de\/wp-json\/wp\/v2\/product\/7260","targetHints":{"allow":["GET"]}}],"collection":[{"href":"https:\/\/jinsuncarbon.com\/de\/wp-json\/wp\/v2\/product"}],"about":[{"href":"https:\/\/jinsuncarbon.com\/de\/wp-json\/wp\/v2\/types\/product"}],"wp:featuredmedia":[{"embeddable":true,"href":"https:\/\/jinsuncarbon.com\/de\/wp-json\/wp\/v2\/media\/7263"}],"wp:attachment":[{"href":"https:\/\/jinsuncarbon.com\/de\/wp-json\/wp\/v2\/media?parent=7260"}],"wp:term":[{"taxonomy":"product_brand","embeddable":true,"href":"https:\/\/jinsuncarbon.com\/de\/wp-json\/wp\/v2\/product_brand?post=7260"},{"taxonomy":"product_cat","embeddable":true,"href":"https:\/\/jinsuncarbon.com\/de\/wp-json\/wp\/v2\/product_cat?post=7260"},{"taxonomy":"product_tag","embeddable":true,"href":"https:\/\/jinsuncarbon.com\/de\/wp-json\/wp\/v2\/product_tag?post=7260"}],"curies":[{"name":"wp","href":"https:\/\/api.w.org\/{rel}","templated":true}]}}