{"id":7251,"date":"2025-01-06T12:38:15","date_gmt":"2025-01-06T12:38:15","guid":{"rendered":"https:\/\/jinsuncarbon.com\/?post_type=product&#038;p=7251"},"modified":"2025-01-17T20:46:07","modified_gmt":"2025-01-17T20:46:07","slug":"isostatischer-graphitblock","status":"publish","type":"product","link":"https:\/\/jinsuncarbon.com\/de\/produkt\/isostatischer-graphitblock\/","title":{"rendered":"Isostatischer Graphitblock"},"content":{"rendered":"<h2 class=\"ql-align-justify\">Isostatische Graphitbl\u00f6cke<\/h2>\n<p class=\"ql-align-justify\">Der isostatische Graphitblock ist sehr gut elektrisch leitend. Die elektrische Leitf\u00e4higkeit ist f\u00fcr Stromanwendungen geeignet. <span class=\"\" data-type=\"2\" data-index=\"9\" data-gid=\"1\">Die Leistung bleibt auch bei Temperaturen von mehr als 3000\u00b0C stabil.<\/span>\u00a0Dieses Material beh\u00e4lt seine Festigkeit und verformt sich auch bei so hohen Temperaturen nicht.<\/p>\n<ul>\n<li class=\"ql-align-justify\">Chemische Best\u00e4ndigkeit<\/li>\n<\/ul>\n<p class=\"ql-align-justify\">Diese Art von isostatischen Graphitbl\u00f6cken kann der Erosion durch starke S\u00e4uren, Basen und Oxidationsmittel standhalten. Daher kann er f\u00fcr chemische Reaktoren, Pipelines und andere Anwendungen unter extremen Bedingungen verwendet werden.<\/p>\n<ul>\n<li class=\"ql-align-justify\">Hohe Festigkeit<\/li>\n<\/ul>\n<p class=\"ql-align-justify\">Isostatische Graphitbl\u00f6cke haben eine hohe Zugfestigkeit und eine geringe Dichte. Isostatische Graphitbl\u00f6cke reduzieren den Energieverbrauch im Transportwesen und in der Luft- und Raumfahrt. Dieses Material ist stark und dennoch leicht. Es kann schwere Lasten tragen und gleichzeitig die strukturelle Effizienz beibehalten.<\/p>\n<ul>\n<li class=\"ql-align-justify\">Ausgezeichnete Isotropie<\/li>\n<\/ul>\n<p class=\"ql-align-justify\">Isostatischer Graphit hat einen Isotropiewert zwischen 1,0 und 1,1. Die gleichm\u00e4\u00dfigen Eigenschaften in allen Richtungen machen ihn f\u00fcr Pr\u00e4zisionsanwendungen geeignet.<\/p>\n<ul>\n<li class=\"ql-align-justify\">Gro\u00dfe Gr\u00f6\u00dfe und feine Struktur<\/li>\n<\/ul>\n<p class=\"ql-align-justify\">Isostatisch gepresste Graphitbl\u00f6cke zeichnen sich durch ihre Gr\u00f6\u00dfe und Struktur aus. Durch isostatisches Pressen kann eine gleichm\u00e4\u00dfige Dichte aufrechterhalten und das Risiko von Rissen minimiert werden; au\u00dferdem k\u00f6nnen einige komplizierte Formen verarbeitet werden.<\/p>\n<ul>\n<li class=\"ql-align-justify\">Hohe Homogenit\u00e4t<\/li>\n<\/ul>\n<p class=\"ql-align-justify\">Die Materialstruktur weist eine hohe Gleichm\u00e4\u00dfigkeit auf. Der Druck in jeder Richtung innerhalb eines isostatischen Graphitblocks ist gleichm\u00e4\u00dfig, so dass die Volumendichte, der spezifische Widerstand und die Festigkeit des isostatischen Graphitblocks einheitlich bleiben.<\/p>\n<h3 class=\"ql-align-justify\">Klassifizierung von isostatischem Graphit<\/h3>\n<p class=\"ql-align-justify\">Es gibt zwei Arten der Klassifizierung von isostatischem Graphit, n\u00e4mlich die Klassifizierung nach Form und nach Rohstoffen. Bei der Klassifizierung nach der Form wird zwischen rundem isostatischem Graphit und rechteckigem isostatischem Graphit unterschieden. Nach der Klassifizierung der Rohstoffe kann er in isostatischen Asphaltkoks und isostatischen Petrolkoks unterteilt werden.<\/p>\n<h2 class=\"ql-align-justify\">Gussverfahren f\u00fcr isostatische Graphitbl\u00f6cke<\/h2>\n<p class=\"ql-align-justify\">Rohmaterialien<\/p>\n<p class=\"ql-align-justify\">Die Rohstoffe f\u00fcr isostatische Graphitbl\u00f6cke sind Petrolkoks, Pechkoks und mesophasige Kohlenstoff-Mikrokugeln. Petrolkoks wird zur Graphitierung zugesetzt. Pechkoks dient zur Erh\u00f6hung der Festigkeit. Steinkohlenteerpech hat die Aufgabe, diese Materialien zu einer klebrigen Paste zu binden.<\/p>\n<p class=\"ql-align-justify\">Mischen und Kneten<\/p>\n<p class=\"ql-align-justify\">Graphitpulver wird mit einem Bindemittel in einem bestimmten Verh\u00e4ltnis gemischt. Ziel des Mischvorgangs ist es lediglich, die Gleichm\u00e4\u00dfigkeit des Materials vor dem Kalandrieren und Mahlen zu gew\u00e4hrleisten.<\/p>\n<p class=\"ql-align-justify\">Gie\u00dfen<\/p>\n<p class=\"ql-align-justify\">Das isostatische Kaltpressen kann zur pr\u00e4zisen Formung von Graphit verwendet werden. Ein solches Verfahren kann die Verarbeitung von Graphitprodukten mit hoher Pr\u00e4zision verbessern und die w\u00e4hrend des Prozesses entstehenden Produktfehler reduzieren.<\/p>\n<p class=\"ql-align-justify\">Graphitierung<\/p>\n<p class=\"ql-align-justify\">In diesem Schritt wird Kohlenstoff bei Temperaturen \u00fcber 1800 \u00b0C in Graphit umgewandelt. Dieser kontrollierte Prozess verbessert auch die hohe elektrische Leitf\u00e4higkeit und Stabilit\u00e4t des Materials.<\/p>\n<p class=\"ql-align-justify\">Gussanwendung<\/p>\n<p class=\"ql-align-justify\">Zun\u00e4chst wird das Metall bis zum Schmelzpunkt erhitzt, um eine Fl\u00fcssigkeit zu bilden; dann wird das fl\u00fcssige Metall in die Graphitform gespritzt. Schlie\u00dflich wartet man, bis das Metall abgek\u00fchlt und erstarrt ist, und entnimmt dann die geformten Teile. Isostatische Graphitbl\u00f6cke haben eine ausgezeichnete Hochtemperaturleistung. Daher werden w\u00e4hrend des Gie\u00dfens die chemische Reaktion von Metallen und die nachteilige Reaktion des Materials w\u00e4hrend des Gie\u00dfens reduziert.<\/p>\n<h2 class=\"ql-align-justify\">Isostatischer Graphitblock Anwendungen<\/h2>\n<h3 class=\"ql-align-justify\">Siliziumwachstum und Gussheizungen<\/h3>\n<p class=\"ql-align-justify\">Isostatisch gepresste Graphitbl\u00f6cke werden bei der Herstellung von CZ-Einkristall und multikristallinem Silizium verwendet. Es wird auch f\u00fcr Schmelztiegel, Heizelemente, Elektroden und Isolierschilde verwendet. Graphitheizungen k\u00f6nnen extrem hohen Temperaturen standhalten, was das Wachsen und Gie\u00dfen von Silizium f\u00fcr Photovoltaik-Zellen erm\u00f6glicht.<\/p>\n<h3 class=\"ql-align-justify\">Nuklearindustrie<\/h3>\n<p class=\"ql-align-justify\">Weil Graphit <a href=\"https:\/\/www.britannica.com\/dictionary\/moderate\" target=\"_blank\" rel=\"noopener\">moderiert<\/a> Neutronen und reflektiert W\u00e4rme in gasgek\u00fchlten Hochtemperaturreaktoren. Isostatische Graphitbl\u00f6cke widerstehen mechanischen Belastungen. Dieses Material ist auch eines der best\u00e4ndigsten Materialien f\u00fcr die dem Plasma zugewandte Wand in kerntechnischen Anlagen.<\/p>\n<h3 class=\"ql-align-justify\">Elektroerosive Bearbeitung<\/h3>\n<p class=\"ql-align-justify\">Graphitelektroden eignen sich gut f\u00fcr die Funkenerosion und k\u00f6nnen Pr\u00e4zisionsformen und -teile pr\u00e4zise bearbeiten. Die hervorragende Leitf\u00e4higkeit von Graphit f\u00fchrt zu stabilen Entladungen bei der Funkenerosion, was auch die Effizienz und Genauigkeit der Bearbeitung gew\u00e4hrleistet. Graphitelektroden sind bei Hochtemperaturentladungen sehr haltbar, was auch die Lebensdauer des Produkts verl\u00e4ngert.<\/p>\n<h3 class=\"ql-align-justify\">Nichteisen-Metallgussformen<\/h3>\n<p class=\"ql-align-justify\">Isostatischer Graphit <a href=\"https:\/\/jinsuncarbon.com\/de\/wie-man-graphitformen-herstellt\/\">Schimmelpilze<\/a> sind unverzichtbar f\u00fcr das Stranggie\u00dfen von Nichteisenmetallen wie <a href=\"https:\/\/en.wikipedia.org\/wiki\/Copper\" target=\"_blank\" rel=\"noopener\">Kupfer<\/a>Aluminium, Zink, usw. Die Materialeigenschaften der thermischen Stabilit\u00e4t und der Selbstschmierung machen die Herstellung von isostatischen Graphitbl\u00f6cken reibungslos.<\/p>\n<h2 class=\"ql-align-justify\">Warum sollten Sie sich f\u00fcr unsere isostatischen Graphitbl\u00f6cke entscheiden?<\/h2>\n<p class=\"ql-align-justify\">Unsere isostatischen Graphitbl\u00f6cke zeichnen sich durch hohe elektrische Leitf\u00e4higkeit, thermische Best\u00e4ndigkeit, chemische Stabilit\u00e4t, feine Struktur, hohe Festigkeit und Reinheit aus und erf\u00fcllen die Anforderungen der Photovoltaik-, Maschinen- und Kernkraftindustrie. Diese isostatischen Graphitbl\u00f6cke sind sehr langlebig und kosteneffizient, um die Betriebskosten zu senken. Wir bieten wettbewerbsf\u00e4hige Preise, die unsere isostatischen Graphitbl\u00f6cke zu einer geeigneten Wahl f\u00fcr ihre verschiedenen Anwendungen machen.<\/p>","protected":false},"excerpt":{"rendered":"<p><span class=\"\" data-type=\"2\" data-index=\"3\" data-gid=\"0\">Isostatische Graphitbl\u00f6cke sind eine Art von Graphitmaterial, das durch isostatisches Pressen hergestellt wird.<\/span> Sie haben einen hohen Reinheitsgrad, eine hohe Festigkeit und eine hohe Dichte. Aufgrund der hohen Qualit\u00e4t des Graphits erf\u00fcllt der isostatische Graphitblock die Anforderungen der Photovoltaik, Halbleiterindustrie und Metallurgie. Hauptmerkmale:<\/p>\n<ul>\n<li>Feines Korn<\/li>\n<li>Homogene Struktur<\/li>\n<li>Isotrope Eigenschaften<\/li>\n<li>Hohe Dichte und hohe mechanische Festigkeit<\/li>\n<\/ul>","protected":false},"featured_media":7252,"template":"","meta":[],"product_brand":[],"product_cat":[38],"product_tag":[],"class_list":{"0":"post-7251","1":"product","2":"type-product","3":"status-publish","4":"has-post-thumbnail","6":"product_cat-graphite-products","8":"first","9":"instock","10":"shipping-taxable","11":"product-type-simple"},"yoast_head":"<!-- This site is optimized with the Yoast SEO Premium plugin v19.2.1 (Yoast SEO v25.3) - https:\/\/yoast.com\/wordpress\/plugins\/seo\/ -->\n<title>Isostatic Graphite Block Manufacturer in China | Jinsun Carbon<\/title>\n<meta name=\"robots\" content=\"index, follow, max-snippet:-1, max-image-preview:large, max-video-preview:-1\" \/>\n<link rel=\"canonical\" href=\"https:\/\/jinsuncarbon.com\/de\/produkt\/isostatischer-graphitblock\/\" \/>\n<meta property=\"og:locale\" content=\"de_DE\" \/>\n<meta property=\"og:type\" content=\"article\" \/>\n<meta property=\"og:title\" content=\"Isostatic Graphite Block\" \/>\n<meta property=\"og:description\" content=\"Isostatic graphite blocks are a type of graphite material formed by isostatic pressing technology. They have high purity, high strength and high density. Based on the high quality of graphite, isostatic graphite block meets the needs of photovoltaic, semiconductor, and metallurgy. Main Features:   Fine grain  Homogeneous structure  Isotropic properties  High density and high mechanical strength\" \/>\n<meta property=\"og:url\" content=\"https:\/\/jinsuncarbon.com\/de\/produkt\/isostatischer-graphitblock\/\" \/>\n<meta property=\"og:site_name\" content=\"Jinsun Carbon\" \/>\n<meta property=\"article:publisher\" content=\"https:\/\/www.facebook.com\/Graphite-Electrode-109336238661595\" \/>\n<meta property=\"article:modified_time\" content=\"2025-01-17T20:46:07+00:00\" \/>\n<meta property=\"og:image\" content=\"https:\/\/jinsuncarbon.com\/wp-content\/uploads\/2025\/01\/Isostatic-Graphite-Block.jpg\" \/>\n\t<meta property=\"og:image:width\" content=\"1024\" \/>\n\t<meta property=\"og:image:height\" content=\"680\" \/>\n\t<meta property=\"og:image:type\" content=\"image\/jpeg\" \/>\n<meta name=\"twitter:card\" content=\"summary_large_image\" \/>\n<meta name=\"twitter:site\" content=\"@jinsuncarbon_\" \/>\n<meta name=\"twitter:label1\" content=\"Gesch\u00e4tzte Lesezeit\" \/>\n\t<meta name=\"twitter:data1\" content=\"4\u00a0Minuten\" \/>\n<script type=\"application\/ld+json\" class=\"yoast-schema-graph\">{\"@context\":\"https:\/\/schema.org\",\"@graph\":[{\"@type\":\"WebPage\",\"@id\":\"https:\/\/jinsuncarbon.com\/product\/isostatic-graphite-block\/\",\"url\":\"https:\/\/jinsuncarbon.com\/product\/isostatic-graphite-block\/\",\"name\":\"Isostatic Graphite Block Manufacturer in China | Jinsun Carbon\",\"isPartOf\":{\"@id\":\"https:\/\/jinsuncarbon.com\/#website\"},\"primaryImageOfPage\":{\"@id\":\"https:\/\/jinsuncarbon.com\/product\/isostatic-graphite-block\/#primaryimage\"},\"image\":{\"@id\":\"https:\/\/jinsuncarbon.com\/product\/isostatic-graphite-block\/#primaryimage\"},\"thumbnailUrl\":\"https:\/\/jinsuncarbon.com\/wp-content\/uploads\/2025\/01\/Isostatic-Graphite-Block.jpg\",\"datePublished\":\"2025-01-06T12:38:15+00:00\",\"dateModified\":\"2025-01-17T20:46:07+00:00\",\"breadcrumb\":{\"@id\":\"https:\/\/jinsuncarbon.com\/product\/isostatic-graphite-block\/#breadcrumb\"},\"inLanguage\":\"de\",\"potentialAction\":[{\"@type\":\"ReadAction\",\"target\":[\"https:\/\/jinsuncarbon.com\/product\/isostatic-graphite-block\/\"]}]},{\"@type\":\"ImageObject\",\"inLanguage\":\"de\",\"@id\":\"https:\/\/jinsuncarbon.com\/product\/isostatic-graphite-block\/#primaryimage\",\"url\":\"https:\/\/jinsuncarbon.com\/wp-content\/uploads\/2025\/01\/Isostatic-Graphite-Block.jpg\",\"contentUrl\":\"https:\/\/jinsuncarbon.com\/wp-content\/uploads\/2025\/01\/Isostatic-Graphite-Block.jpg\",\"width\":1024,\"height\":680,\"caption\":\"Isostatic Graphite Block\"},{\"@type\":\"BreadcrumbList\",\"@id\":\"https:\/\/jinsuncarbon.com\/product\/isostatic-graphite-block\/#breadcrumb\",\"itemListElement\":[{\"@type\":\"ListItem\",\"position\":1,\"name\":\"Home\",\"item\":\"https:\/\/jinsuncarbon.com\/\"},{\"@type\":\"ListItem\",\"position\":2,\"name\":\"Products\",\"item\":\"https:\/\/jinsuncarbon.com\/graphite-carbon\/\"},{\"@type\":\"ListItem\",\"position\":3,\"name\":\"Isostatic Graphite Block\"}]},{\"@type\":\"WebSite\",\"@id\":\"https:\/\/jinsuncarbon.com\/#website\",\"url\":\"https:\/\/jinsuncarbon.com\/\",\"name\":\"Jinsun Carbon\",\"description\":\"We are the successful graphite electrode manufacturer in China\",\"publisher\":{\"@id\":\"https:\/\/jinsuncarbon.com\/#organization\"},\"potentialAction\":[{\"@type\":\"SearchAction\",\"target\":{\"@type\":\"EntryPoint\",\"urlTemplate\":\"https:\/\/jinsuncarbon.com\/?s={search_term_string}\"},\"query-input\":{\"@type\":\"PropertyValueSpecification\",\"valueRequired\":true,\"valueName\":\"search_term_string\"}}],\"inLanguage\":\"de\"},{\"@type\":\"Organization\",\"@id\":\"https:\/\/jinsuncarbon.com\/#organization\",\"name\":\"Jinsun Carbon\",\"alternateName\":\"Jinsun Carbon\",\"url\":\"https:\/\/jinsuncarbon.com\/\",\"logo\":{\"@type\":\"ImageObject\",\"inLanguage\":\"de\",\"@id\":\"https:\/\/jinsuncarbon.com\/#\/schema\/logo\/image\/\",\"url\":\"https:\/\/jinsuncarbon.com\/wp-content\/uploads\/2022\/12\/LOGO-1.png\",\"contentUrl\":\"https:\/\/jinsuncarbon.com\/wp-content\/uploads\/2022\/12\/LOGO-1.png\",\"width\":207,\"height\":80,\"caption\":\"Jinsun Carbon\"},\"image\":{\"@id\":\"https:\/\/jinsuncarbon.com\/#\/schema\/logo\/image\/\"},\"sameAs\":[\"https:\/\/www.facebook.com\/Graphite-Electrode-109336238661595\",\"https:\/\/x.com\/jinsuncarbon_\",\"https:\/\/www.linkedin.com\/in\/jinsungraphite\",\"https:\/\/www.youtube.com\/channel\/UCysDNyvyR5-3cCWEmpkVC0g\"]}]}<\/script>\n<!-- \/ Yoast SEO Premium plugin. -->","yoast_head_json":{"title":"Isostatische Graphitbl\u00f6cke Hersteller in China | Jinsun Carbon","robots":{"index":"index","follow":"follow","max-snippet":"max-snippet:-1","max-image-preview":"max-image-preview:large","max-video-preview":"max-video-preview:-1"},"canonical":"https:\/\/jinsuncarbon.com\/de\/produkt\/isostatischer-graphitblock\/","og_locale":"de_DE","og_type":"article","og_title":"Isostatic Graphite Block","og_description":"Isostatic graphite blocks are a type of graphite material formed by isostatic pressing technology. They have high purity, high strength and high density. Based on the high quality of graphite, isostatic graphite block meets the needs of photovoltaic, semiconductor, and metallurgy. Main Features:   Fine grain  Homogeneous structure  Isotropic properties  High density and high mechanical strength","og_url":"https:\/\/jinsuncarbon.com\/de\/produkt\/isostatischer-graphitblock\/","og_site_name":"Jinsun Carbon","article_publisher":"https:\/\/www.facebook.com\/Graphite-Electrode-109336238661595","article_modified_time":"2025-01-17T20:46:07+00:00","og_image":[{"width":1024,"height":680,"url":"https:\/\/jinsuncarbon.com\/wp-content\/uploads\/2025\/01\/Isostatic-Graphite-Block.jpg","type":"image\/jpeg"}],"twitter_card":"summary_large_image","twitter_site":"@jinsuncarbon_","twitter_misc":{"Gesch\u00e4tzte Lesezeit":"4\u00a0Minuten"},"schema":{"@context":"https:\/\/schema.org","@graph":[{"@type":"WebPage","@id":"https:\/\/jinsuncarbon.com\/product\/isostatic-graphite-block\/","url":"https:\/\/jinsuncarbon.com\/product\/isostatic-graphite-block\/","name":"Isostatische Graphitbl\u00f6cke Hersteller in China | Jinsun Carbon","isPartOf":{"@id":"https:\/\/jinsuncarbon.com\/#website"},"primaryImageOfPage":{"@id":"https:\/\/jinsuncarbon.com\/product\/isostatic-graphite-block\/#primaryimage"},"image":{"@id":"https:\/\/jinsuncarbon.com\/product\/isostatic-graphite-block\/#primaryimage"},"thumbnailUrl":"https:\/\/jinsuncarbon.com\/wp-content\/uploads\/2025\/01\/Isostatic-Graphite-Block.jpg","datePublished":"2025-01-06T12:38:15+00:00","dateModified":"2025-01-17T20:46:07+00:00","breadcrumb":{"@id":"https:\/\/jinsuncarbon.com\/product\/isostatic-graphite-block\/#breadcrumb"},"inLanguage":"de","potentialAction":[{"@type":"ReadAction","target":["https:\/\/jinsuncarbon.com\/product\/isostatic-graphite-block\/"]}]},{"@type":"ImageObject","inLanguage":"de","@id":"https:\/\/jinsuncarbon.com\/product\/isostatic-graphite-block\/#primaryimage","url":"https:\/\/jinsuncarbon.com\/wp-content\/uploads\/2025\/01\/Isostatic-Graphite-Block.jpg","contentUrl":"https:\/\/jinsuncarbon.com\/wp-content\/uploads\/2025\/01\/Isostatic-Graphite-Block.jpg","width":1024,"height":680,"caption":"Isostatic Graphite Block"},{"@type":"BreadcrumbList","@id":"https:\/\/jinsuncarbon.com\/product\/isostatic-graphite-block\/#breadcrumb","itemListElement":[{"@type":"ListItem","position":1,"name":"Home","item":"https:\/\/jinsuncarbon.com\/"},{"@type":"ListItem","position":2,"name":"Products","item":"https:\/\/jinsuncarbon.com\/graphite-carbon\/"},{"@type":"ListItem","position":3,"name":"Isostatic Graphite Block"}]},{"@type":"WebSite","@id":"https:\/\/jinsuncarbon.com\/#website","url":"https:\/\/jinsuncarbon.com\/","name":"Jinsun Kohlenstoff","description":"Wir sind der erfolgreiche Hersteller von Graphitelektroden in China","publisher":{"@id":"https:\/\/jinsuncarbon.com\/#organization"},"potentialAction":[{"@type":"SearchAction","target":{"@type":"EntryPoint","urlTemplate":"https:\/\/jinsuncarbon.com\/?s={search_term_string}"},"query-input":{"@type":"PropertyValueSpecification","valueRequired":true,"valueName":"search_term_string"}}],"inLanguage":"de"},{"@type":"Organization","@id":"https:\/\/jinsuncarbon.com\/#organization","name":"Jinsun Kohlenstoff","alternateName":"Jinsun Carbon","url":"https:\/\/jinsuncarbon.com\/","logo":{"@type":"ImageObject","inLanguage":"de","@id":"https:\/\/jinsuncarbon.com\/#\/schema\/logo\/image\/","url":"https:\/\/jinsuncarbon.com\/wp-content\/uploads\/2022\/12\/LOGO-1.png","contentUrl":"https:\/\/jinsuncarbon.com\/wp-content\/uploads\/2022\/12\/LOGO-1.png","width":207,"height":80,"caption":"Jinsun Carbon"},"image":{"@id":"https:\/\/jinsuncarbon.com\/#\/schema\/logo\/image\/"},"sameAs":["https:\/\/www.facebook.com\/Graphite-Electrode-109336238661595","https:\/\/x.com\/jinsuncarbon_","https:\/\/www.linkedin.com\/in\/jinsungraphite","https:\/\/www.youtube.com\/channel\/UCysDNyvyR5-3cCWEmpkVC0g"]}]}},"_links":{"self":[{"href":"https:\/\/jinsuncarbon.com\/de\/wp-json\/wp\/v2\/product\/7251","targetHints":{"allow":["GET"]}}],"collection":[{"href":"https:\/\/jinsuncarbon.com\/de\/wp-json\/wp\/v2\/product"}],"about":[{"href":"https:\/\/jinsuncarbon.com\/de\/wp-json\/wp\/v2\/types\/product"}],"wp:featuredmedia":[{"embeddable":true,"href":"https:\/\/jinsuncarbon.com\/de\/wp-json\/wp\/v2\/media\/7252"}],"wp:attachment":[{"href":"https:\/\/jinsuncarbon.com\/de\/wp-json\/wp\/v2\/media?parent=7251"}],"wp:term":[{"taxonomy":"product_brand","embeddable":true,"href":"https:\/\/jinsuncarbon.com\/de\/wp-json\/wp\/v2\/product_brand?post=7251"},{"taxonomy":"product_cat","embeddable":true,"href":"https:\/\/jinsuncarbon.com\/de\/wp-json\/wp\/v2\/product_cat?post=7251"},{"taxonomy":"product_tag","embeddable":true,"href":"https:\/\/jinsuncarbon.com\/de\/wp-json\/wp\/v2\/product_tag?post=7251"}],"curies":[{"name":"wp","href":"https:\/\/api.w.org\/{rel}","templated":true}]}}