{"id":7191,"date":"2025-01-02T03:14:08","date_gmt":"2025-01-02T03:14:08","guid":{"rendered":"https:\/\/jinsuncarbon.com\/?post_type=product&#038;p=7191"},"modified":"2025-01-02T03:14:09","modified_gmt":"2025-01-02T03:14:09","slug":"nadelkoks-graphitelektrode","status":"publish","type":"product","link":"https:\/\/jinsuncarbon.com\/de\/produkt\/nadelkoks-graphitelektrode\/","title":{"rendered":"Nadelkoks-Graphitelektrode"},"content":{"rendered":"<h2>\u00a0Hersteller von Graphitelektroden aus Nadelkoks<\/h2>\n<h3>Was ist Nadelkoks und Graphitelektrode?<\/h3>\n<p>Nadelkoks ist ein silberwei\u00dfer fester Kohlenstoff mit Metallglanz. Unter dem Mikroskop zeigt er eine nadelf\u00f6rmige Struktur und wird h\u00e4ufig f\u00fcr Hochleistungsgrafit-Elektrodenmaterialien verwendet. Auf der Grundlage der verschiedenen verwendeten Rohstoffe kann Nadelkoks in zwei Arten unterteilt werden: auf Erd\u00f6lbasis und auf Kohlebasis. Ersterer wird mit Erd\u00f6lr\u00fcckst\u00e4nden als Rohstoff hergestellt, w\u00e4hrend Nadelkoks auf Kohlebasis mit Steinkohlenteerpech und dessen Fraktionen als Rohstoff hergestellt wird.<\/p>\n<p>Graphitelektroden werden aus Graphit und organischem Bindemittel hergestellt. Sie haben die Aufgabe, die elektrische Energie von der Stromquelle in den geschmolzenen Stahl in einem Lichtbogenofen zu leiten.<\/p>\n<h2>Vorteile der Nadelkoks-Graphitelektrode<\/h2>\n<p><strong><b>Hohe Leistung<\/b><\/strong><\/p>\n<ol>\n<li><b><\/b><strong><b>Hohe elektrische Leitf\u00e4higkeit<\/b><\/strong><\/li>\n<\/ol>\n<p>Graphitelektrodennadel Koks Leitf\u00e4higkeit, wodurch die Energie\u00fcbertragung bei der EAF-Stahlerzeugung effizienter wird.<\/p>\n<ol start=\"2\">\n<li><strong><b> \u00a0Niedriger thermischer Ausdehnungskoeffizient (CTE)<\/b><\/strong><\/li>\n<\/ol>\n<p>Ein niedriger WAK weist auf minimale thermische Spannungen und Rissbildung bei hohen Temperaturschwankungen hin und f\u00f6rdert somit die Haltbarkeit bei extremen Eins\u00e4tzen.<\/p>\n<ol start=\"3\">\n<li><strong><b> \u00a0\u00a0\u00dcberlegene mechanische Festigkeit<\/b><\/strong><\/li>\n<\/ol>\n<p>Hervorragende mechanische Festigkeit Die nadelartige Mikrostruktur des Koks bietet eine h\u00f6here mechanische Festigkeit gegen Bruch bei der Handhabung und im Betrieb.<\/p>\n<ol start=\"4\">\n<li><strong><b> \u00a0Hoher W\u00e4rmewiderstand<\/b><\/strong><\/li>\n<\/ol>\n<p>Das Material verf\u00fcgt \u00fcber strukturelle Integrit\u00e4t bei sehr extremen Temperaturen, eine Eigenschaft, die f\u00fcr die kontinuierliche und zuverl\u00e4ssige Leistung in Hochtemperatur-Stahlerzeugungsprozessen sehr wichtig ist.<\/p>\n<ol start=\"5\">\n<li><strong><b> \u00a0Ausgezeichnete Oxidationsbest\u00e4ndigkeit<\/b><\/strong><\/li>\n<\/ol>\n<p>Die Oxidationsbest\u00e4ndigkeit verl\u00e4ngert die Lebensdauer der Elektroden und verringert somit die H\u00e4ufigkeit des Austauschs.<\/p>\n<ol start=\"6\">\n<li><strong><b> \u00a0Konsistente Dimensionsstabilit\u00e4t<\/b><\/strong><\/li>\n<\/ol>\n<p>Die Pr\u00e4zisionsfertigung gew\u00e4hrleistet einheitliche Abmessungen, ein wichtiger Faktor f\u00fcr eine bessere Kompatibilit\u00e4t mit EAF-Systemen.<\/p>\n<p><strong><b>Industrielle und nachhaltige Vorteile<\/b><\/strong><\/p>\n<p><a href=\"https:\/\/jinsuncarbon.com\/de\/die-verwendung-von-graphit\/\">Graphit<\/a> ist in hohem Ma\u00dfe hilfreich und senkt die Produktionskosten von Stahl bei derart schwankenden Preisen. F\u00fcr verschiedene industrielle Anwendungen, <a href=\"https:\/\/jinsuncarbon.com\/de\/produktkategorie\/graphitelektrode\/\">Graphit-Elektroden<\/a> sind wirtschaftlich und sehr zuverl\u00e4ssig. Angesichts der Herausforderungen einer nachhaltigen Produktion und der Tatsache, dass dies die ideale Materialwahl f\u00fcr die heutige Industrie ist, ist dies eine gute Nachricht.<\/p>\n<h2>Anwendung der Nadelkoks-Graphitelektrode<\/h2>\n<p><strong><b>Stahlerzeugung und Metallurgie<\/b><\/strong><\/p>\n<p>Nadelkokselektroden Elektroden sind ein unverzichtbarer Bestandteil in allen Anwendungen, die mit hohen Temperaturen und Energie zu tun haben. In einem elektrischen Lichtbogenofen zur Stahlerzeugung leiten Elektroden einen sehr hohen Strom. Sie liefern die erforderliche W\u00e4rmemenge, um Stahlschrott und Eisen zu schmelzen. Solche Elektroden werden in der metallurgischen Industrie f\u00fcr den Ultrahochstrombetrieb dringend ben\u00f6tigt. Sie haben eine hohe Strombelastbarkeit bei geringem Verbrauch unter extremen Bedingungen.<\/p>\n<p>&nbsp;<\/p>\n<p><strong><b>Verschiedene industrielle Anwendungen<\/b><\/strong><\/p>\n<p>Auch bei der Herstellung von Anoden f\u00fcr Lithium-Ionen-Batterien spielen diese Elektroden eine wichtige Rolle, da ihre hohe Reinheit und ihre hohe Leitf\u00e4higkeit die Leistung der Batterien deutlich steigern. In der petrochemischen und chemischen Industrie sind solche Elektroden f\u00fcr bestimmte Prozesse unverzichtbar, beispielsweise f\u00fcr die Produktion in der Silizium- und Phosphorindustrie. Auch die Verh\u00fcttung von Nichteisenmetallen, z. B. Aluminium und Magnesium, kann nur mit diesen Elektroden durchgef\u00fchrt werden. Ihre in dieser Hinsicht \u00fcberlegenen Eigenschaften gew\u00e4hrleisten Effizienz, Haltbarkeit und Zuverl\u00e4ssigkeit in diesen Bereichen.<\/p>\n<h2>Wie stellt man eine Graphitelektrode aus Nadelkoks her?<\/h2>\n<ol>\n<li><strong><b> Auswahl des Rohmaterials und Herstellung von Nadelkoks<\/b><\/strong><\/li>\n<\/ol>\n<p><a href=\"https:\/\/www.m-chemical.co.jp\/en\/products\/departments\/mcc\/coke\/product\/1201080_7940.html\" target=\"_blank\" rel=\"noopener\">Nadelkoks<\/a> ist ein wichtiger Zuschlagstoff f\u00fcr Graphitelektroden, die in der Regel aus Schwer\u00f6len auf Erd\u00f6lbasis oder Steinkohlenteerpech hergestellt werden. Bei der Herstellung wird der WAK von Nadelkoks so gesteuert, dass der Verbrauch von Elektroden bei der Stahlherstellung minimal ist.<\/p>\n<ol start=\"2\">\n<li><strong><b> Mischen und Verformen<\/b><\/strong><\/li>\n<\/ol>\n<p>Die Nadelkokspartikel werden im richtigen Verh\u00e4ltnis mit Binderpech gemischt und dann erhitzt, geknetet und in die gew\u00fcnschte Elektrodenform extrudiert oder gepresst, um eine \"gr\u00fcne Elektrode\" herzustellen.<\/p>\n<ol start=\"3\">\n<li><strong><b> Kalzinierung<\/b><\/strong><\/li>\n<\/ol>\n<p>Die Kalzinierung der gr\u00fcnen Elektrode erfolgt durch Erhitzen bei kontrollierter Temperatur mit dem Ziel <a href=\"https:\/\/en.wikipedia.org\/wiki\/Carbonization\" target=\"_blank\" rel=\"noopener\">Verkohlung<\/a> des Materials. Dadurch wird der Gehalt an fl\u00fcchtigen Bestandteilen reduziert und die strukturelle Integrit\u00e4t verbessert.<\/p>\n<ol start=\"4\">\n<li><strong><b> Graphitierung<\/b><\/strong><\/li>\n<\/ol>\n<p>Anschlie\u00dfend wird die kalzinierte Elektrode in \u00d6fen mit hohen Temperaturen \u00fcber 2500 \u00b0C einer Graphitierungsw\u00e4rmebehandlung unterzogen. Dadurch wird der Kohlenstoff in kristallinen Graphit umgewandelt, der f\u00fcr die Verbesserung der thermischen und elektrischen Leitf\u00e4higkeit entscheidend ist.<\/p>\n<ol start=\"5\">\n<li><strong><b> Verarbeitung<\/b><\/strong><\/li>\n<\/ol>\n<p>Die abschlie\u00dfende Bearbeitung der Graphitelektroden nach exakten Ma\u00dfen gew\u00e4hrleistet die Ausr\u00fcstung des Elektrolyseurs und damit die Leistung w\u00e4hrend des Stahlherstellungsprozesses.<\/p>\n<ol start=\"6\">\n<li><strong><b> CTE Steuerungstechnik<\/b><\/strong><\/li>\n<\/ol>\n<p>Unter den entscheidenden Gr\u00fcnden f\u00fcr die Haltbarkeit und Kosteneffizienz von Graphitelektroden steht der W\u00e4rmeausdehnungskoeffizient an erster Stelle. In dieser Hinsicht wird er bei einer schnellen Pyrolysetemperatur von \u00fcber 750\u00b0C mit einer Verweilzeit von weniger als 5 Sekunden gehalten, um einen Nadelkoks mit niedrigem CTE zu erhalten. Je kleiner der WAK-Wert, desto besser ist der Nadelkoks gegen Erhitzung gesch\u00fctzt.<\/p>\n<h2>Warum sollten Sie unseren Graphitelektroden-Nadelkoks kaufen?<\/h2>\n<p>Unsere Graphitelektroden aus Nadelkoks zeichnen sich durch eine hohe Leitf\u00e4higkeit aus und sind sehr langlebig, so dass ihr Verschlei\u00df gering ist. Dank ihrer Best\u00e4ndigkeit gegen Temperaturschock und Oxidation gew\u00e4hrleisten diese Materialien eine hohe Effizienz bei verschiedenen Stahlprozessen, bei der Batterieherstellung oder beim Schmelzen von Nichteisenmetallen.<\/p>","protected":false},"excerpt":{"rendered":"<p>Die Graphitelektrode aus Nadelkoks besteht aus Petrolkoks. Im Allgemeinen wird f\u00fcr die Herstellung hochwertiger Petroleum-Nadelkoks verwendet. Die Graphitelektrode aus Nadelkoks gilt als Hochleistungsmaterial f\u00fcr Elektrolichtbogen\u00f6fen mit sehr hoher Leistung. Sie kann in der Roh- und Sekund\u00e4rraffination von Stahlschrott verwendet werden, indem sie elektrischen Strom \u00fcbertr\u00e4gt und W\u00e4rme f\u00fcr die vollst\u00e4ndige Schmelze erzeugt.<\/p>","protected":false},"featured_media":7197,"template":"","meta":[],"product_brand":[],"product_cat":[37],"product_tag":[],"class_list":{"0":"post-7191","1":"product","2":"type-product","3":"status-publish","4":"has-post-thumbnail","6":"product_cat-graphite-electrode","8":"first","9":"instock","10":"shipping-taxable","11":"product-type-simple"},"yoast_head":"<!-- This site is optimized with the Yoast SEO Premium plugin v19.2.1 (Yoast SEO v25.3) - https:\/\/yoast.com\/wordpress\/plugins\/seo\/ -->\n<title>Needle Coke Graphite Electrode | Jinsun Carbon<\/title>\n<meta name=\"description\" content=\"Needle Coke Graphite Electrode manufacturer in China, it can used for electric arc furnace and refining furnace for melting steel and other metals.\" \/>\n<meta name=\"robots\" content=\"index, follow, max-snippet:-1, max-image-preview:large, max-video-preview:-1\" \/>\n<link rel=\"canonical\" href=\"https:\/\/jinsuncarbon.com\/de\/produkt\/nadelkoks-graphitelektrode\/\" \/>\n<meta property=\"og:locale\" content=\"de_DE\" \/>\n<meta property=\"og:type\" content=\"article\" \/>\n<meta property=\"og:title\" content=\"Needle Coke Graphite Electrode\" \/>\n<meta property=\"og:description\" content=\"Needle Coke Graphite Electrode manufacturer in China, it can used for electric arc furnace and refining furnace for melting steel and other metals.\" \/>\n<meta property=\"og:url\" content=\"https:\/\/jinsuncarbon.com\/de\/produkt\/nadelkoks-graphitelektrode\/\" \/>\n<meta property=\"og:site_name\" content=\"Jinsun Carbon\" \/>\n<meta property=\"article:publisher\" content=\"https:\/\/www.facebook.com\/Graphite-Electrode-109336238661595\" \/>\n<meta property=\"article:modified_time\" content=\"2025-01-02T03:14:09+00:00\" \/>\n<meta property=\"og:image\" content=\"https:\/\/jinsuncarbon.com\/wp-content\/uploads\/2025\/01\/Needle-coke-graphite-electrode.jpg\" \/>\n\t<meta property=\"og:image:width\" content=\"1024\" \/>\n\t<meta property=\"og:image:height\" content=\"763\" \/>\n\t<meta property=\"og:image:type\" content=\"image\/jpeg\" \/>\n<meta name=\"twitter:card\" content=\"summary_large_image\" \/>\n<meta name=\"twitter:site\" content=\"@jinsuncarbon_\" \/>\n<meta name=\"twitter:label1\" content=\"Gesch\u00e4tzte Lesezeit\" \/>\n\t<meta name=\"twitter:data1\" content=\"4\u00a0Minuten\" \/>\n<script type=\"application\/ld+json\" class=\"yoast-schema-graph\">{\"@context\":\"https:\/\/schema.org\",\"@graph\":[{\"@type\":\"WebPage\",\"@id\":\"https:\/\/jinsuncarbon.com\/product\/needle-coke-graphite-electrode\/\",\"url\":\"https:\/\/jinsuncarbon.com\/product\/needle-coke-graphite-electrode\/\",\"name\":\"Needle Coke Graphite Electrode | Jinsun Carbon\",\"isPartOf\":{\"@id\":\"https:\/\/jinsuncarbon.com\/#website\"},\"primaryImageOfPage\":{\"@id\":\"https:\/\/jinsuncarbon.com\/product\/needle-coke-graphite-electrode\/#primaryimage\"},\"image\":{\"@id\":\"https:\/\/jinsuncarbon.com\/product\/needle-coke-graphite-electrode\/#primaryimage\"},\"thumbnailUrl\":\"https:\/\/jinsuncarbon.com\/wp-content\/uploads\/2025\/01\/Needle-coke-graphite-electrode.jpg\",\"datePublished\":\"2025-01-02T03:14:08+00:00\",\"dateModified\":\"2025-01-02T03:14:09+00:00\",\"description\":\"Needle Coke Graphite Electrode manufacturer in China, it can used for electric arc furnace and refining furnace for melting steel and other metals.\",\"breadcrumb\":{\"@id\":\"https:\/\/jinsuncarbon.com\/product\/needle-coke-graphite-electrode\/#breadcrumb\"},\"inLanguage\":\"de\",\"potentialAction\":[{\"@type\":\"ReadAction\",\"target\":[\"https:\/\/jinsuncarbon.com\/product\/needle-coke-graphite-electrode\/\"]}]},{\"@type\":\"ImageObject\",\"inLanguage\":\"de\",\"@id\":\"https:\/\/jinsuncarbon.com\/product\/needle-coke-graphite-electrode\/#primaryimage\",\"url\":\"https:\/\/jinsuncarbon.com\/wp-content\/uploads\/2025\/01\/Needle-coke-graphite-electrode.jpg\",\"contentUrl\":\"https:\/\/jinsuncarbon.com\/wp-content\/uploads\/2025\/01\/Needle-coke-graphite-electrode.jpg\",\"width\":1024,\"height\":763,\"caption\":\"Needle coke graphite electrode\"},{\"@type\":\"BreadcrumbList\",\"@id\":\"https:\/\/jinsuncarbon.com\/product\/needle-coke-graphite-electrode\/#breadcrumb\",\"itemListElement\":[{\"@type\":\"ListItem\",\"position\":1,\"name\":\"Home\",\"item\":\"https:\/\/jinsuncarbon.com\/\"},{\"@type\":\"ListItem\",\"position\":2,\"name\":\"Products\",\"item\":\"https:\/\/jinsuncarbon.com\/graphite-carbon\/\"},{\"@type\":\"ListItem\",\"position\":3,\"name\":\"Needle Coke Graphite Electrode\"}]},{\"@type\":\"WebSite\",\"@id\":\"https:\/\/jinsuncarbon.com\/#website\",\"url\":\"https:\/\/jinsuncarbon.com\/\",\"name\":\"Jinsun Carbon\",\"description\":\"We are the successful graphite electrode manufacturer in China\",\"publisher\":{\"@id\":\"https:\/\/jinsuncarbon.com\/#organization\"},\"potentialAction\":[{\"@type\":\"SearchAction\",\"target\":{\"@type\":\"EntryPoint\",\"urlTemplate\":\"https:\/\/jinsuncarbon.com\/?s={search_term_string}\"},\"query-input\":{\"@type\":\"PropertyValueSpecification\",\"valueRequired\":true,\"valueName\":\"search_term_string\"}}],\"inLanguage\":\"de\"},{\"@type\":\"Organization\",\"@id\":\"https:\/\/jinsuncarbon.com\/#organization\",\"name\":\"Jinsun Carbon\",\"alternateName\":\"Jinsun Carbon\",\"url\":\"https:\/\/jinsuncarbon.com\/\",\"logo\":{\"@type\":\"ImageObject\",\"inLanguage\":\"de\",\"@id\":\"https:\/\/jinsuncarbon.com\/#\/schema\/logo\/image\/\",\"url\":\"https:\/\/jinsuncarbon.com\/wp-content\/uploads\/2022\/12\/LOGO-1.png\",\"contentUrl\":\"https:\/\/jinsuncarbon.com\/wp-content\/uploads\/2022\/12\/LOGO-1.png\",\"width\":207,\"height\":80,\"caption\":\"Jinsun Carbon\"},\"image\":{\"@id\":\"https:\/\/jinsuncarbon.com\/#\/schema\/logo\/image\/\"},\"sameAs\":[\"https:\/\/www.facebook.com\/Graphite-Electrode-109336238661595\",\"https:\/\/x.com\/jinsuncarbon_\",\"https:\/\/www.linkedin.com\/in\/jinsungraphite\",\"https:\/\/www.youtube.com\/channel\/UCysDNyvyR5-3cCWEmpkVC0g\"]}]}<\/script>\n<!-- \/ Yoast SEO Premium plugin. -->","yoast_head_json":{"title":"Nadelkoks-Graphitelektrode | Jinsun Carbon","description":"Nadelkoks-Graphit-Elektrode Hersteller in China, kann es f\u00fcr elektrische Lichtbogenofen und Raffination Ofen zum Schmelzen von Stahl und anderen Metallen verwendet werden.","robots":{"index":"index","follow":"follow","max-snippet":"max-snippet:-1","max-image-preview":"max-image-preview:large","max-video-preview":"max-video-preview:-1"},"canonical":"https:\/\/jinsuncarbon.com\/de\/produkt\/nadelkoks-graphitelektrode\/","og_locale":"de_DE","og_type":"article","og_title":"Needle Coke Graphite Electrode","og_description":"Needle Coke Graphite Electrode manufacturer in China, it can used for electric arc furnace and refining furnace for melting steel and other metals.","og_url":"https:\/\/jinsuncarbon.com\/de\/produkt\/nadelkoks-graphitelektrode\/","og_site_name":"Jinsun Carbon","article_publisher":"https:\/\/www.facebook.com\/Graphite-Electrode-109336238661595","article_modified_time":"2025-01-02T03:14:09+00:00","og_image":[{"width":1024,"height":763,"url":"https:\/\/jinsuncarbon.com\/wp-content\/uploads\/2025\/01\/Needle-coke-graphite-electrode.jpg","type":"image\/jpeg"}],"twitter_card":"summary_large_image","twitter_site":"@jinsuncarbon_","twitter_misc":{"Gesch\u00e4tzte Lesezeit":"4\u00a0Minuten"},"schema":{"@context":"https:\/\/schema.org","@graph":[{"@type":"WebPage","@id":"https:\/\/jinsuncarbon.com\/product\/needle-coke-graphite-electrode\/","url":"https:\/\/jinsuncarbon.com\/product\/needle-coke-graphite-electrode\/","name":"Nadelkoks-Graphitelektrode | Jinsun Carbon","isPartOf":{"@id":"https:\/\/jinsuncarbon.com\/#website"},"primaryImageOfPage":{"@id":"https:\/\/jinsuncarbon.com\/product\/needle-coke-graphite-electrode\/#primaryimage"},"image":{"@id":"https:\/\/jinsuncarbon.com\/product\/needle-coke-graphite-electrode\/#primaryimage"},"thumbnailUrl":"https:\/\/jinsuncarbon.com\/wp-content\/uploads\/2025\/01\/Needle-coke-graphite-electrode.jpg","datePublished":"2025-01-02T03:14:08+00:00","dateModified":"2025-01-02T03:14:09+00:00","description":"Nadelkoks-Graphit-Elektrode Hersteller in China, kann es f\u00fcr elektrische Lichtbogenofen und Raffination Ofen zum Schmelzen von Stahl und anderen Metallen verwendet werden.","breadcrumb":{"@id":"https:\/\/jinsuncarbon.com\/product\/needle-coke-graphite-electrode\/#breadcrumb"},"inLanguage":"de","potentialAction":[{"@type":"ReadAction","target":["https:\/\/jinsuncarbon.com\/product\/needle-coke-graphite-electrode\/"]}]},{"@type":"ImageObject","inLanguage":"de","@id":"https:\/\/jinsuncarbon.com\/product\/needle-coke-graphite-electrode\/#primaryimage","url":"https:\/\/jinsuncarbon.com\/wp-content\/uploads\/2025\/01\/Needle-coke-graphite-electrode.jpg","contentUrl":"https:\/\/jinsuncarbon.com\/wp-content\/uploads\/2025\/01\/Needle-coke-graphite-electrode.jpg","width":1024,"height":763,"caption":"Needle coke graphite electrode"},{"@type":"BreadcrumbList","@id":"https:\/\/jinsuncarbon.com\/product\/needle-coke-graphite-electrode\/#breadcrumb","itemListElement":[{"@type":"ListItem","position":1,"name":"Home","item":"https:\/\/jinsuncarbon.com\/"},{"@type":"ListItem","position":2,"name":"Products","item":"https:\/\/jinsuncarbon.com\/graphite-carbon\/"},{"@type":"ListItem","position":3,"name":"Needle Coke Graphite Electrode"}]},{"@type":"WebSite","@id":"https:\/\/jinsuncarbon.com\/#website","url":"https:\/\/jinsuncarbon.com\/","name":"Jinsun Kohlenstoff","description":"Wir sind der erfolgreiche Hersteller von Graphitelektroden in China","publisher":{"@id":"https:\/\/jinsuncarbon.com\/#organization"},"potentialAction":[{"@type":"SearchAction","target":{"@type":"EntryPoint","urlTemplate":"https:\/\/jinsuncarbon.com\/?s={search_term_string}"},"query-input":{"@type":"PropertyValueSpecification","valueRequired":true,"valueName":"search_term_string"}}],"inLanguage":"de"},{"@type":"Organization","@id":"https:\/\/jinsuncarbon.com\/#organization","name":"Jinsun Kohlenstoff","alternateName":"Jinsun Carbon","url":"https:\/\/jinsuncarbon.com\/","logo":{"@type":"ImageObject","inLanguage":"de","@id":"https:\/\/jinsuncarbon.com\/#\/schema\/logo\/image\/","url":"https:\/\/jinsuncarbon.com\/wp-content\/uploads\/2022\/12\/LOGO-1.png","contentUrl":"https:\/\/jinsuncarbon.com\/wp-content\/uploads\/2022\/12\/LOGO-1.png","width":207,"height":80,"caption":"Jinsun Carbon"},"image":{"@id":"https:\/\/jinsuncarbon.com\/#\/schema\/logo\/image\/"},"sameAs":["https:\/\/www.facebook.com\/Graphite-Electrode-109336238661595","https:\/\/x.com\/jinsuncarbon_","https:\/\/www.linkedin.com\/in\/jinsungraphite","https:\/\/www.youtube.com\/channel\/UCysDNyvyR5-3cCWEmpkVC0g"]}]}},"_links":{"self":[{"href":"https:\/\/jinsuncarbon.com\/de\/wp-json\/wp\/v2\/product\/7191","targetHints":{"allow":["GET"]}}],"collection":[{"href":"https:\/\/jinsuncarbon.com\/de\/wp-json\/wp\/v2\/product"}],"about":[{"href":"https:\/\/jinsuncarbon.com\/de\/wp-json\/wp\/v2\/types\/product"}],"wp:featuredmedia":[{"embeddable":true,"href":"https:\/\/jinsuncarbon.com\/de\/wp-json\/wp\/v2\/media\/7197"}],"wp:attachment":[{"href":"https:\/\/jinsuncarbon.com\/de\/wp-json\/wp\/v2\/media?parent=7191"}],"wp:term":[{"taxonomy":"product_brand","embeddable":true,"href":"https:\/\/jinsuncarbon.com\/de\/wp-json\/wp\/v2\/product_brand?post=7191"},{"taxonomy":"product_cat","embeddable":true,"href":"https:\/\/jinsuncarbon.com\/de\/wp-json\/wp\/v2\/product_cat?post=7191"},{"taxonomy":"product_tag","embeddable":true,"href":"https:\/\/jinsuncarbon.com\/de\/wp-json\/wp\/v2\/product_tag?post=7191"}],"curies":[{"name":"wp","href":"https:\/\/api.w.org\/{rel}","templated":true}]}}