{"id":7166,"date":"2024-12-29T15:00:58","date_gmt":"2024-12-29T15:00:58","guid":{"rendered":"https:\/\/jinsuncarbon.com\/?post_type=product&#038;p=7166"},"modified":"2025-09-30T05:50:21","modified_gmt":"2025-09-30T05:50:21","slug":"siliziumkarbid-graphit-tiegel","status":"publish","type":"product","link":"https:\/\/jinsuncarbon.com\/de\/produkt\/siliziumkarbid-graphit-tiegel\/","title":{"rendered":"Siliziumkarbid-Graphit-Tiegel"},"content":{"rendered":"<h2>Siliziumkarbid-Graphit-Tiegel Spezifikation<\/h2>\n<table>\n<tbody>\n<tr>\n<td width=\"29\">NEIN.<\/td>\n<td width=\"45\">TYP<\/td>\n<td width=\"71\">OBERER DURCHMESSER<\/td>\n<td width=\"85\">AUSSENH\u00d6HE<\/td>\n<td width=\"73\">INNENDURCHMESSER<\/td>\n<td width=\"95\">AUSSENDURCHMESSER BODEN<\/td>\n<\/tr>\n<tr>\n<td width=\"29\">1<\/td>\n<td width=\"45\">D120<\/td>\n<td width=\"71\">120<\/td>\n<td width=\"85\">135<\/td>\n<td width=\"73\">96<\/td>\n<td width=\"95\">80<\/td>\n<\/tr>\n<tr>\n<td width=\"29\">2<\/td>\n<td width=\"45\">D140<\/td>\n<td width=\"71\">140<\/td>\n<td width=\"85\">155<\/td>\n<td width=\"73\">116<\/td>\n<td width=\"95\">100<\/td>\n<\/tr>\n<tr>\n<td width=\"29\">3<\/td>\n<td width=\"45\">D160<\/td>\n<td width=\"71\">160<\/td>\n<td width=\"85\">166<\/td>\n<td width=\"73\">130<\/td>\n<td width=\"95\">109<\/td>\n<\/tr>\n<tr>\n<td width=\"29\">4<\/td>\n<td width=\"45\">D230<\/td>\n<td width=\"71\">230<\/td>\n<td width=\"85\">400<\/td>\n<td width=\"73\">190<\/td>\n<td width=\"95\">225<\/td>\n<\/tr>\n<tr>\n<td width=\"29\">5<\/td>\n<td width=\"45\">D240<\/td>\n<td width=\"71\">240<\/td>\n<td width=\"85\">335<\/td>\n<td width=\"73\">200<\/td>\n<td width=\"95\">170<\/td>\n<\/tr>\n<tr>\n<td width=\"29\">6<\/td>\n<td width=\"45\">D300<\/td>\n<td width=\"71\">300<\/td>\n<td width=\"85\">600<\/td>\n<td width=\"73\">230<\/td>\n<td width=\"95\">295<\/td>\n<\/tr>\n<tr>\n<td width=\"29\">7<\/td>\n<td width=\"45\">D340<\/td>\n<td width=\"71\">340<\/td>\n<td width=\"85\">560<\/td>\n<td width=\"73\">270<\/td>\n<td width=\"95\">180<\/td>\n<\/tr>\n<tr>\n<td width=\"29\">8<\/td>\n<td width=\"45\">D510<\/td>\n<td width=\"71\">510<\/td>\n<td width=\"85\">900<\/td>\n<td width=\"73\">430<\/td>\n<td width=\"95\">280<\/td>\n<\/tr>\n<tr>\n<td width=\"29\">9<\/td>\n<td width=\"45\">D520<\/td>\n<td width=\"71\">520<\/td>\n<td width=\"85\">760<\/td>\n<td width=\"73\">440<\/td>\n<td width=\"95\">280<\/td>\n<\/tr>\n<tr>\n<td width=\"29\">10<\/td>\n<td width=\"45\">D560<\/td>\n<td width=\"71\">560<\/td>\n<td width=\"85\">665<\/td>\n<td width=\"73\">467<\/td>\n<td width=\"95\">330<\/td>\n<\/tr>\n<tr>\n<td width=\"29\">11<\/td>\n<td width=\"45\">D615<\/td>\n<td width=\"71\">615<\/td>\n<td width=\"85\">630<\/td>\n<td width=\"73\">532.5<\/td>\n<td width=\"95\">300<\/td>\n<\/tr>\n<tr>\n<td width=\"29\">12<\/td>\n<td width=\"45\">D700<\/td>\n<td width=\"71\">700<\/td>\n<td width=\"85\">520<\/td>\n<td width=\"73\">610<\/td>\n<td width=\"95\">290<\/td>\n<\/tr>\n<tr>\n<td width=\"29\">13<\/td>\n<td width=\"45\">D710<\/td>\n<td width=\"71\">710<\/td>\n<td width=\"85\">700<\/td>\n<td width=\"73\">619<\/td>\n<td width=\"95\">285<\/td>\n<\/tr>\n<tr>\n<td width=\"29\">14<\/td>\n<td width=\"45\">D770<\/td>\n<td width=\"71\">770<\/td>\n<td width=\"85\">900<\/td>\n<td width=\"73\">680<\/td>\n<td width=\"95\">310<\/td>\n<\/tr>\n<tr>\n<td width=\"29\">15<\/td>\n<td width=\"45\">D780<\/td>\n<td width=\"71\">780<\/td>\n<td width=\"85\">750<\/td>\n<td width=\"73\">695<\/td>\n<td width=\"95\">360<\/td>\n<\/tr>\n<\/tbody>\n<\/table>\n<p>&nbsp;<\/p>\n<h2>Siliziumkarbid-Graphit-Tiegel<\/h2>\n<p>1. Kernleistung von Siliziumkarbid (SiC)<\/p>\n<p>Hohe H\u00e4rte und hohe mechanische Festigkeit: Siliziumkarbid hat eine Mohsh\u00e4rte von 9,5, die nur von Diamant \u00fcbertroffen wird, und weist eine hervorragende Verschlei\u00df- und Schlagfestigkeit auf.<\/p>\n<p>Ausgezeichnete W\u00e4rmeleitf\u00e4higkeit und hohe Temperaturbest\u00e4ndigkeit: W\u00e4rmeleitf\u00e4higkeit bis zu 120-200 W\/(m-K), kann schnell und gleichm\u00e4\u00dfig W\u00e4rme leiten. Unser Schmelztiegel kann f\u00fcr eine lange Zeit in der Hochtemperaturumgebung von **1600\u00b0C bis 2000\u00b0C stabil arbeiten.<\/p>\n<p>Oxidationsbest\u00e4ndigkeit und chemische Best\u00e4ndigkeit: Siliziumkarbid bildet bei hohen Temperaturen eine dichte SiO2-Schutzschicht, die Oxidation wirksam verhindert. Es ist geeignet f\u00fcr raue Arbeitsbedingungen wie geschmolzenes Metall und korrosive Schlacke.<\/p>\n<p>2. Eigenschaften und Funktionen von Graphit<\/p>\n<p>Hohe Leitf\u00e4higkeit und W\u00e4rmeleitf\u00e4higkeit: <a href=\"https:\/\/jinsuncarbon.com\/de\/was-ist-graphit-und-woraus-besteht-graphit\/\">Graphit<\/a> hat eine hohe W\u00e4rmeleitf\u00e4higkeit, die eine schnelle W\u00e4rmeleitung beg\u00fcnstigt und die Schmelzeffizienz verbessert.<\/p>\n<p>Gute Temperaturwechselbest\u00e4ndigkeit: niedriger thermischer Ausdehnungskoeffizient, Anpassung an drastische Temperaturschwankungen, Verringerung des Risikos von Rissbildung.<\/p>\n<p>3. Verbundvorteil von Siliziumkarbid und Graphit<\/p>\n<p>Synergie der Materialien: Die Verbundstruktur aus Siliziumkarbid und Graphit weist sowohl eine hohe Festigkeit als auch eine hohe W\u00e4rmeleitf\u00e4higkeit auf.<\/p>\n<p>Verl\u00e4ngerte Lebensdauer: Hohe Temperaturbest\u00e4ndigkeit, Oxidationsbest\u00e4ndigkeit und Verschlei\u00dffestigkeit verl\u00e4ngern die Lebensdauer des Produkts erheblich. <a href=\"https:\/\/jinsuncarbon.com\/de\/produkt\/groser-grafitti-tiegel\/\">Schmelztiegel<\/a>.<\/p>\n<p>4. Wichtige Leistungsparameter<\/p>\n<p>W\u00e4rmeausdehnungskoeffizient: geringe W\u00e4rmeausdehnung, gute thermische Stabilit\u00e4t.<\/p>\n<p>Oxidationsbest\u00e4ndigkeitsindex: Beibehaltung einer stabilen Struktur unter hohen Temperaturbedingungen.<\/p>\n<p>W\u00e4rmeleitf\u00e4higkeit und Temperaturwechselbest\u00e4ndigkeit: Verbesserung der Effizienz des Schmelzprozesses, Anpassung an komplexe Temperaturbedingungen.<\/p>\n<p><img fetchpriority=\"high\" decoding=\"async\" class=\"alignnone  wp-image-8104\" src=\"https:\/\/jinsuncarbon.com\/wp-content\/uploads\/2024\/12\/Silicon-Carbide-Graphite-Crucible-1-225x300.jpg\" alt=\"Siliziumkarbid-Graphit-Tiegel\" width=\"263\" height=\"351\" srcset=\"https:\/\/jinsuncarbon.com\/wp-content\/uploads\/2024\/12\/Silicon-Carbide-Graphite-Crucible-1-225x300.jpg 225w, https:\/\/jinsuncarbon.com\/wp-content\/uploads\/2024\/12\/Silicon-Carbide-Graphite-Crucible-1-768x1024.jpg 768w, https:\/\/jinsuncarbon.com\/wp-content\/uploads\/2024\/12\/Silicon-Carbide-Graphite-Crucible-1-9x12.jpg 9w, https:\/\/jinsuncarbon.com\/wp-content\/uploads\/2024\/12\/Silicon-Carbide-Graphite-Crucible-1-600x800.jpg 600w, https:\/\/jinsuncarbon.com\/wp-content\/uploads\/2024\/12\/Silicon-Carbide-Graphite-Crucible-1.jpg 960w\" sizes=\"(max-width: 263px) 100vw, 263px\" \/> <img decoding=\"async\" class=\"alignnone  wp-image-8105\" src=\"https:\/\/jinsuncarbon.com\/wp-content\/uploads\/2024\/12\/Silicon-Carbide-Graphite-Crucible-2-225x300.jpg\" alt=\"Siliziumkarbid-Graphit-Tiegel\" width=\"262\" height=\"350\" srcset=\"https:\/\/jinsuncarbon.com\/wp-content\/uploads\/2024\/12\/Silicon-Carbide-Graphite-Crucible-2-225x300.jpg 225w, https:\/\/jinsuncarbon.com\/wp-content\/uploads\/2024\/12\/Silicon-Carbide-Graphite-Crucible-2-768x1024.jpg 768w, https:\/\/jinsuncarbon.com\/wp-content\/uploads\/2024\/12\/Silicon-Carbide-Graphite-Crucible-2-1152x1536.jpg 1152w, https:\/\/jinsuncarbon.com\/wp-content\/uploads\/2024\/12\/Silicon-Carbide-Graphite-Crucible-2-9x12.jpg 9w, https:\/\/jinsuncarbon.com\/wp-content\/uploads\/2024\/12\/Silicon-Carbide-Graphite-Crucible-2-600x800.jpg 600w, https:\/\/jinsuncarbon.com\/wp-content\/uploads\/2024\/12\/Silicon-Carbide-Graphite-Crucible-2.jpg 1280w\" sizes=\"(max-width: 262px) 100vw, 262px\" \/> <img decoding=\"async\" class=\"alignnone  wp-image-8106\" src=\"https:\/\/jinsuncarbon.com\/wp-content\/uploads\/2024\/12\/Silicon-Carbide-Graphite-Crucible-3-225x300.jpg\" alt=\"Siliziumkarbid-Graphit-Tiegel\" width=\"261\" height=\"348\" srcset=\"https:\/\/jinsuncarbon.com\/wp-content\/uploads\/2024\/12\/Silicon-Carbide-Graphite-Crucible-3-225x300.jpg 225w, https:\/\/jinsuncarbon.com\/wp-content\/uploads\/2024\/12\/Silicon-Carbide-Graphite-Crucible-3-768x1024.jpg 768w, https:\/\/jinsuncarbon.com\/wp-content\/uploads\/2024\/12\/Silicon-Carbide-Graphite-Crucible-3-1152x1536.jpg 1152w, https:\/\/jinsuncarbon.com\/wp-content\/uploads\/2024\/12\/Silicon-Carbide-Graphite-Crucible-3-9x12.jpg 9w, https:\/\/jinsuncarbon.com\/wp-content\/uploads\/2024\/12\/Silicon-Carbide-Graphite-Crucible-3-600x800.jpg 600w, https:\/\/jinsuncarbon.com\/wp-content\/uploads\/2024\/12\/Silicon-Carbide-Graphite-Crucible-3.jpg 1280w\" sizes=\"(max-width: 261px) 100vw, 261px\" \/><\/p>\n<h2>Siliziumkarbid-Graphit-Tiegel Verwendungszwecke<\/h2>\n<p>Metallurgische Industrie: wird bei der Verh\u00fcttung von Aluminium, Kupfer, Magnesium und anderen Nichteisenmetallen verwendet, mit hoher W\u00e4rmeleitf\u00e4higkeit und guter struktureller Stabilit\u00e4t.<\/p>\n<p>Gie\u00dferei-Industrie: Gew\u00e4hrleistung einer hochpr\u00e4zisen Gussfertigung, Verringerung der Energieverluste beim Schmelzen und Verbesserung der Produktionseffizienz.<\/p>\n<p>Halbleiterindustrie: hohe Reinheit und Temperaturstabilit\u00e4t beim Schmelzen und Kristallziehen von einkristallinem Silizium und <a href=\"https:\/\/en.wikipedia.org\/wiki\/Polycrystalline_silicon#:~:text=Polycrystalline%20silicon%20(or%20semi%2Dcrystalline,a%20%22metal%20flake%20effect%22.\" target=\"_blank\" rel=\"noopener\">polykristallines Silizium<\/a>.<\/p>\n<p>Wichtigkeit:<\/p>\n<p>Der Einsatz von Siliziumkarbid-Graphit-Tiegeln verbessert die Effizienz der industriellen Produktion, senkt die Produktionskosten, f\u00f6rdert die technologische Innovation und die industrielle Entwicklung und spielt vor allem in der Hochtemperatur-Materialaufbereitung und in der neuen Energieindustrie eine unersetzliche Rolle.<\/p>\n<p><strong>Vorteile der Metallgie\u00dfereien<\/strong><\/p>\n<p>Hohe Temperaturstabilit\u00e4t und hervorragende W\u00e4rmeleitf\u00e4higkeit: Effiziente und gleichm\u00e4\u00dfige W\u00e4rmeleitung, die auch in einer Umgebung mit hohen Temperaturen stabil bleibt.<\/p>\n<p>Lange Lebensdauer, hohe Wirtschaftlichkeit: Senkung der Wartungskosten, Verbesserung des wirtschaftlichen Gesamtnutzens.<\/p>\n<p>Oxidationsbest\u00e4ndigkeit, Korrosionsbest\u00e4ndigkeit und hohe mechanische Festigkeit: geeignet f\u00fcr raue Arbeitsbedingungen, verl\u00e4ngern die Lebensdauer des Tiegels.<\/p>\n<h2>Verfahren zur Herstellung von Siliziumkarbid-Graphit-Tiegeln<\/h2>\n<p>Auswahl und Handhabung von Rohstoffen<\/p>\n<p>Hochreines Siliciumcarbidpulver und nat\u00fcrliche\/<a href=\"https:\/\/jinsuncarbon.com\/de\/synthetischer-graphit\/\">k\u00fcnstlicher Graphit<\/a> ausgew\u00e4hlt werden.<\/p>\n<p>Steuerung der Partikelgr\u00f6\u00dfenverteilung und des Materialverh\u00e4ltnisses zur Optimierung der Leistungsparameter.<\/p>\n<p>Prozess der Umformung<\/p>\n<p>Isostatisches Pressformen: gew\u00e4hrleistet eine gleichm\u00e4\u00dfige Dichte des Tiegels und eine hohe Formgenauigkeit.<\/p>\n<p>Formgebung: geeignet f\u00fcr Gro\u00dfserienproduktion, niedrige Prozesskosten.<\/p>\n<p>Sinter- und Verdichtungsprozess<\/p>\n<p>Atmosph\u00e4rensintern und Reaktionssintern: Erh\u00f6hung der Dichte und der strukturellen Festigkeit des Tiegels.<\/p>\n<p>Hei\u00dfisostatisches Pressen (HIP): weitere Optimierung der mechanischen Eigenschaften und der Verdichtbarkeit.<\/p>\n<p>Oberfl\u00e4chenoxidationsbest\u00e4ndige Beschichtungstechnologie<\/p>\n<p>Beschichtungsmaterialien wie Siliziumoxid (SiO2) werden ausgew\u00e4hlt, um eine Schutzschicht zu bilden.<\/p>\n<p>Verbessern Sie die Oxidationsbest\u00e4ndigkeit und Lebensdauer des Tiegels.<\/p>\n<p>Qualit\u00e4tskontrolle und Leistungstests<\/p>\n<p>Gepr\u00fcft wurden mechanische Festigkeit, W\u00e4rmeleitf\u00e4higkeit und Oxidationsbest\u00e4ndigkeit.<\/p>\n<p>Die Lebensdauer und die Temperaturwechselbest\u00e4ndigkeit werden durch Simulation der tats\u00e4chlichen Arbeitsbedingungen getestet.<\/p>","protected":false},"excerpt":{"rendered":"<p>Siliziumkarbid-Graphit-Tiegel sind eine Kombination aus Graphit- und Siliziumkarbid-Tiegeln, die haupts\u00e4chlich zum Schmelzen und Gie\u00dfen von Nichteisenmetallen verwendet werden. Er wird f\u00fcr Induktions\u00f6fen und Gas\u00f6fen verwendet. Die Siliziumkarbid-Graphit-Tiegel-Spezifikation:<\/p>\n<ul>\n<li class=\"ql-align-justify\">Sic Inhalt:\u00a0<strong>\u2265\u00a0<\/strong>48%<\/li>\n<li>Feuerfestigkeit: 1650 \u00b0C<\/li>\n<li class=\"ql-align-justify\">Kohlenstoffgehalt:\u00a0<strong>\u2265<\/strong>\u00a030-45%<\/li>\n<li class=\"ql-align-justify\">Offene Porosit\u00e4t:\u00a0<strong>\u2264<\/strong>18-25%<\/li>\n<li class=\"ql-align-justify\">Sch\u00fcttdichte:\u00a0<strong>\u2265<\/strong>1,9-2,1g\/cm<sup>3<\/sup><\/li>\n<\/ul>","protected":false},"featured_media":7167,"template":"","meta":[],"product_brand":[],"product_cat":[38],"product_tag":[],"class_list":{"0":"post-7166","1":"product","2":"type-product","3":"status-publish","4":"has-post-thumbnail","6":"product_cat-graphite-products","8":"first","9":"instock","10":"shipping-taxable","11":"product-type-simple"},"yoast_head":"<!-- This site is optimized with the Yoast SEO Premium plugin v19.2.1 (Yoast SEO v25.3) - https:\/\/yoast.com\/wordpress\/plugins\/seo\/ -->\n<title>Silicon Carbide Graphite Crucible Manufacturer- Best Price<\/title>\n<meta name=\"description\" content=\"Silicon carbide graphite crucible is used for metal smelting and casting, and can melt aluminum, copper and other non-metals.\" \/>\n<meta name=\"robots\" content=\"index, follow, max-snippet:-1, max-image-preview:large, max-video-preview:-1\" \/>\n<link rel=\"canonical\" href=\"https:\/\/jinsuncarbon.com\/de\/produkt\/siliziumkarbid-graphit-tiegel\/\" \/>\n<meta property=\"og:locale\" content=\"de_DE\" \/>\n<meta property=\"og:type\" content=\"article\" \/>\n<meta property=\"og:title\" content=\"Silicon Carbide Graphite Crucible\" \/>\n<meta property=\"og:description\" content=\"Silicon carbide graphite crucible is used for metal smelting and casting, and can melt aluminum, copper and other non-metals.\" \/>\n<meta property=\"og:url\" content=\"https:\/\/jinsuncarbon.com\/de\/produkt\/siliziumkarbid-graphit-tiegel\/\" \/>\n<meta property=\"og:site_name\" content=\"Jinsun Carbon\" \/>\n<meta property=\"article:publisher\" content=\"https:\/\/www.facebook.com\/Graphite-Electrode-109336238661595\" \/>\n<meta property=\"article:modified_time\" content=\"2025-09-30T05:50:21+00:00\" \/>\n<meta property=\"og:image\" content=\"https:\/\/jinsuncarbon.com\/wp-content\/uploads\/2024\/12\/silicon-carbide-graphite-crucible.jpg\" \/>\n\t<meta property=\"og:image:width\" content=\"1024\" \/>\n\t<meta property=\"og:image:height\" content=\"763\" \/>\n\t<meta property=\"og:image:type\" content=\"image\/jpeg\" \/>\n<meta name=\"twitter:card\" content=\"summary_large_image\" \/>\n<meta name=\"twitter:site\" content=\"@jinsuncarbon_\" \/>\n<meta name=\"twitter:label1\" content=\"Gesch\u00e4tzte Lesezeit\" \/>\n\t<meta name=\"twitter:data1\" content=\"4\u00a0Minuten\" \/>\n<script type=\"application\/ld+json\" class=\"yoast-schema-graph\">{\"@context\":\"https:\/\/schema.org\",\"@graph\":[{\"@type\":\"WebPage\",\"@id\":\"https:\/\/jinsuncarbon.com\/product\/silicon-carbide-graphite-crucible\/\",\"url\":\"https:\/\/jinsuncarbon.com\/product\/silicon-carbide-graphite-crucible\/\",\"name\":\"Silicon Carbide Graphite Crucible Manufacturer- Best Price\",\"isPartOf\":{\"@id\":\"https:\/\/jinsuncarbon.com\/#website\"},\"primaryImageOfPage\":{\"@id\":\"https:\/\/jinsuncarbon.com\/product\/silicon-carbide-graphite-crucible\/#primaryimage\"},\"image\":{\"@id\":\"https:\/\/jinsuncarbon.com\/product\/silicon-carbide-graphite-crucible\/#primaryimage\"},\"thumbnailUrl\":\"https:\/\/jinsuncarbon.com\/wp-content\/uploads\/2024\/12\/silicon-carbide-graphite-crucible.jpg\",\"datePublished\":\"2024-12-29T15:00:58+00:00\",\"dateModified\":\"2025-09-30T05:50:21+00:00\",\"description\":\"Silicon carbide graphite crucible is used for metal smelting and casting, and can melt aluminum, copper and other non-metals.\",\"breadcrumb\":{\"@id\":\"https:\/\/jinsuncarbon.com\/product\/silicon-carbide-graphite-crucible\/#breadcrumb\"},\"inLanguage\":\"de\",\"potentialAction\":[{\"@type\":\"ReadAction\",\"target\":[\"https:\/\/jinsuncarbon.com\/product\/silicon-carbide-graphite-crucible\/\"]}]},{\"@type\":\"ImageObject\",\"inLanguage\":\"de\",\"@id\":\"https:\/\/jinsuncarbon.com\/product\/silicon-carbide-graphite-crucible\/#primaryimage\",\"url\":\"https:\/\/jinsuncarbon.com\/wp-content\/uploads\/2024\/12\/silicon-carbide-graphite-crucible.jpg\",\"contentUrl\":\"https:\/\/jinsuncarbon.com\/wp-content\/uploads\/2024\/12\/silicon-carbide-graphite-crucible.jpg\",\"width\":1024,\"height\":763,\"caption\":\"silicon carbide graphite crucible\"},{\"@type\":\"BreadcrumbList\",\"@id\":\"https:\/\/jinsuncarbon.com\/product\/silicon-carbide-graphite-crucible\/#breadcrumb\",\"itemListElement\":[{\"@type\":\"ListItem\",\"position\":1,\"name\":\"Home\",\"item\":\"https:\/\/jinsuncarbon.com\/\"},{\"@type\":\"ListItem\",\"position\":2,\"name\":\"Products\",\"item\":\"https:\/\/jinsuncarbon.com\/graphite-carbon\/\"},{\"@type\":\"ListItem\",\"position\":3,\"name\":\"Silicon Carbide Graphite Crucible\"}]},{\"@type\":\"WebSite\",\"@id\":\"https:\/\/jinsuncarbon.com\/#website\",\"url\":\"https:\/\/jinsuncarbon.com\/\",\"name\":\"Jinsun Carbon\",\"description\":\"We are the successful graphite electrode manufacturer in China\",\"publisher\":{\"@id\":\"https:\/\/jinsuncarbon.com\/#organization\"},\"potentialAction\":[{\"@type\":\"SearchAction\",\"target\":{\"@type\":\"EntryPoint\",\"urlTemplate\":\"https:\/\/jinsuncarbon.com\/?s={search_term_string}\"},\"query-input\":{\"@type\":\"PropertyValueSpecification\",\"valueRequired\":true,\"valueName\":\"search_term_string\"}}],\"inLanguage\":\"de\"},{\"@type\":\"Organization\",\"@id\":\"https:\/\/jinsuncarbon.com\/#organization\",\"name\":\"Jinsun Carbon\",\"alternateName\":\"Jinsun Carbon\",\"url\":\"https:\/\/jinsuncarbon.com\/\",\"logo\":{\"@type\":\"ImageObject\",\"inLanguage\":\"de\",\"@id\":\"https:\/\/jinsuncarbon.com\/#\/schema\/logo\/image\/\",\"url\":\"https:\/\/jinsuncarbon.com\/wp-content\/uploads\/2022\/12\/LOGO-1.png\",\"contentUrl\":\"https:\/\/jinsuncarbon.com\/wp-content\/uploads\/2022\/12\/LOGO-1.png\",\"width\":207,\"height\":80,\"caption\":\"Jinsun Carbon\"},\"image\":{\"@id\":\"https:\/\/jinsuncarbon.com\/#\/schema\/logo\/image\/\"},\"sameAs\":[\"https:\/\/www.facebook.com\/Graphite-Electrode-109336238661595\",\"https:\/\/x.com\/jinsuncarbon_\",\"https:\/\/www.linkedin.com\/in\/jinsungraphite\",\"https:\/\/www.youtube.com\/channel\/UCysDNyvyR5-3cCWEmpkVC0g\"]}]}<\/script>\n<!-- \/ Yoast SEO Premium plugin. -->","yoast_head_json":{"title":"Siliziumkarbid-Graphit-Tiegel Hersteller- Bester Preis","description":"Siliziumkarbid-Graphit-Tiegel werden zum Schmelzen und Gie\u00dfen von Metallen verwendet und k\u00f6nnen Aluminium, Kupfer und andere Nichtmetalle schmelzen.","robots":{"index":"index","follow":"follow","max-snippet":"max-snippet:-1","max-image-preview":"max-image-preview:large","max-video-preview":"max-video-preview:-1"},"canonical":"https:\/\/jinsuncarbon.com\/de\/produkt\/siliziumkarbid-graphit-tiegel\/","og_locale":"de_DE","og_type":"article","og_title":"Silicon Carbide Graphite Crucible","og_description":"Silicon carbide graphite crucible is used for metal smelting and casting, and can melt aluminum, copper and other non-metals.","og_url":"https:\/\/jinsuncarbon.com\/de\/produkt\/siliziumkarbid-graphit-tiegel\/","og_site_name":"Jinsun Carbon","article_publisher":"https:\/\/www.facebook.com\/Graphite-Electrode-109336238661595","article_modified_time":"2025-09-30T05:50:21+00:00","og_image":[{"width":1024,"height":763,"url":"https:\/\/jinsuncarbon.com\/wp-content\/uploads\/2024\/12\/silicon-carbide-graphite-crucible.jpg","type":"image\/jpeg"}],"twitter_card":"summary_large_image","twitter_site":"@jinsuncarbon_","twitter_misc":{"Gesch\u00e4tzte Lesezeit":"4\u00a0Minuten"},"schema":{"@context":"https:\/\/schema.org","@graph":[{"@type":"WebPage","@id":"https:\/\/jinsuncarbon.com\/product\/silicon-carbide-graphite-crucible\/","url":"https:\/\/jinsuncarbon.com\/product\/silicon-carbide-graphite-crucible\/","name":"Siliziumkarbid-Graphit-Tiegel Hersteller- Bester Preis","isPartOf":{"@id":"https:\/\/jinsuncarbon.com\/#website"},"primaryImageOfPage":{"@id":"https:\/\/jinsuncarbon.com\/product\/silicon-carbide-graphite-crucible\/#primaryimage"},"image":{"@id":"https:\/\/jinsuncarbon.com\/product\/silicon-carbide-graphite-crucible\/#primaryimage"},"thumbnailUrl":"https:\/\/jinsuncarbon.com\/wp-content\/uploads\/2024\/12\/silicon-carbide-graphite-crucible.jpg","datePublished":"2024-12-29T15:00:58+00:00","dateModified":"2025-09-30T05:50:21+00:00","description":"Siliziumkarbid-Graphit-Tiegel werden zum Schmelzen und Gie\u00dfen von Metallen verwendet und k\u00f6nnen Aluminium, Kupfer und andere Nichtmetalle schmelzen.","breadcrumb":{"@id":"https:\/\/jinsuncarbon.com\/product\/silicon-carbide-graphite-crucible\/#breadcrumb"},"inLanguage":"de","potentialAction":[{"@type":"ReadAction","target":["https:\/\/jinsuncarbon.com\/product\/silicon-carbide-graphite-crucible\/"]}]},{"@type":"ImageObject","inLanguage":"de","@id":"https:\/\/jinsuncarbon.com\/product\/silicon-carbide-graphite-crucible\/#primaryimage","url":"https:\/\/jinsuncarbon.com\/wp-content\/uploads\/2024\/12\/silicon-carbide-graphite-crucible.jpg","contentUrl":"https:\/\/jinsuncarbon.com\/wp-content\/uploads\/2024\/12\/silicon-carbide-graphite-crucible.jpg","width":1024,"height":763,"caption":"silicon carbide graphite crucible"},{"@type":"BreadcrumbList","@id":"https:\/\/jinsuncarbon.com\/product\/silicon-carbide-graphite-crucible\/#breadcrumb","itemListElement":[{"@type":"ListItem","position":1,"name":"Home","item":"https:\/\/jinsuncarbon.com\/"},{"@type":"ListItem","position":2,"name":"Products","item":"https:\/\/jinsuncarbon.com\/graphite-carbon\/"},{"@type":"ListItem","position":3,"name":"Silicon Carbide Graphite Crucible"}]},{"@type":"WebSite","@id":"https:\/\/jinsuncarbon.com\/#website","url":"https:\/\/jinsuncarbon.com\/","name":"Jinsun Kohlenstoff","description":"Wir sind der erfolgreiche Hersteller von Graphitelektroden in China","publisher":{"@id":"https:\/\/jinsuncarbon.com\/#organization"},"potentialAction":[{"@type":"SearchAction","target":{"@type":"EntryPoint","urlTemplate":"https:\/\/jinsuncarbon.com\/?s={search_term_string}"},"query-input":{"@type":"PropertyValueSpecification","valueRequired":true,"valueName":"search_term_string"}}],"inLanguage":"de"},{"@type":"Organization","@id":"https:\/\/jinsuncarbon.com\/#organization","name":"Jinsun Kohlenstoff","alternateName":"Jinsun Carbon","url":"https:\/\/jinsuncarbon.com\/","logo":{"@type":"ImageObject","inLanguage":"de","@id":"https:\/\/jinsuncarbon.com\/#\/schema\/logo\/image\/","url":"https:\/\/jinsuncarbon.com\/wp-content\/uploads\/2022\/12\/LOGO-1.png","contentUrl":"https:\/\/jinsuncarbon.com\/wp-content\/uploads\/2022\/12\/LOGO-1.png","width":207,"height":80,"caption":"Jinsun Carbon"},"image":{"@id":"https:\/\/jinsuncarbon.com\/#\/schema\/logo\/image\/"},"sameAs":["https:\/\/www.facebook.com\/Graphite-Electrode-109336238661595","https:\/\/x.com\/jinsuncarbon_","https:\/\/www.linkedin.com\/in\/jinsungraphite","https:\/\/www.youtube.com\/channel\/UCysDNyvyR5-3cCWEmpkVC0g"]}]}},"_links":{"self":[{"href":"https:\/\/jinsuncarbon.com\/de\/wp-json\/wp\/v2\/product\/7166","targetHints":{"allow":["GET"]}}],"collection":[{"href":"https:\/\/jinsuncarbon.com\/de\/wp-json\/wp\/v2\/product"}],"about":[{"href":"https:\/\/jinsuncarbon.com\/de\/wp-json\/wp\/v2\/types\/product"}],"wp:featuredmedia":[{"embeddable":true,"href":"https:\/\/jinsuncarbon.com\/de\/wp-json\/wp\/v2\/media\/7167"}],"wp:attachment":[{"href":"https:\/\/jinsuncarbon.com\/de\/wp-json\/wp\/v2\/media?parent=7166"}],"wp:term":[{"taxonomy":"product_brand","embeddable":true,"href":"https:\/\/jinsuncarbon.com\/de\/wp-json\/wp\/v2\/product_brand?post=7166"},{"taxonomy":"product_cat","embeddable":true,"href":"https:\/\/jinsuncarbon.com\/de\/wp-json\/wp\/v2\/product_cat?post=7166"},{"taxonomy":"product_tag","embeddable":true,"href":"https:\/\/jinsuncarbon.com\/de\/wp-json\/wp\/v2\/product_tag?post=7166"}],"curies":[{"name":"wp","href":"https:\/\/api.w.org\/{rel}","templated":true}]}}