{"id":7140,"date":"2024-12-28T00:44:38","date_gmt":"2024-12-28T00:44:38","guid":{"rendered":"https:\/\/jinsuncarbon.com\/?post_type=product&#038;p=7140"},"modified":"2024-12-28T00:44:39","modified_gmt":"2024-12-28T00:44:39","slug":"pyrolytisches-graphitblech","status":"publish","type":"product","link":"https:\/\/jinsuncarbon.com\/de\/produkt\/pyrolytisches-graphitblech\/","title":{"rendered":"Pyrolytische Graphitplatten"},"content":{"rendered":"<p><strong>Eigenschaften von pyrolytischen Graphitplatten<\/strong><\/p>\n<p class=\"ql-align-justify\">Pyrolytische Graphitplatten werden in der Regel in Form von Flocken, Scheiben oder Rollen angeboten. Seine Vorteile liegen auf der Hand.<\/p>\n<p class=\"ql-align-justify\"><strong>Ausgezeichnete thermische Stabilit\u00e4t<\/strong><\/p>\n<p class=\"ql-align-justify\">Es ist in einem weiten Temperaturbereich von -200 \u00b0C bis etwa 1500 \u00b0C stabil.<\/p>\n<p class=\"ql-align-justify\"><strong>Glatte Oberfl\u00e4che und hohes Reflexionsverm\u00f6gen<\/strong><\/p>\n<p class=\"ql-align-justify\">Es ist ein ausgezeichnetes Material zur W\u00e4rmed\u00e4mmung.<\/p>\n<p class=\"ql-align-justify\"><strong>Niedriger Reibungskoeffizient<\/strong><\/p>\n<p class=\"ql-align-justify\">Sie k\u00f6nnen es als selbstschmierende Folie verwenden; leicht zu verarbeiten, zu formen oder zu schneiden; hohe Haltbarkeit.<\/p>\n<p class=\"ql-align-justify\"><strong>Gute W\u00e4rmeleitf\u00e4higkeit<\/strong><\/p>\n<p class=\"ql-align-justify\">Es ist in der Lage, W\u00e4rme schnell zu leiten, was bei vielen W\u00e4rmemanagement-Anwendungen entscheidend ist.<\/p>\n<p class=\"ql-align-justify\"><strong>Gute elektrische Leitf\u00e4higkeit<\/strong><\/p>\n<p class=\"ql-align-justify\">Dies macht es zu einer potenziellen Anwendung in der Elektronik und Elektrotechnik. Zum Beispiel in bestimmten Teilen, die elektrische und thermische Leitf\u00e4higkeit erfordern.<\/p>\n<p>&nbsp;<\/p>\n<h3 class=\"ql-align-justify\">Arten von pyrolytischen Graphitplatten<\/h3>\n<p class=\"ql-align-justify\"><strong>Platten aus pyrolytischem Graphit in Flockenform:<\/strong><\/p>\n<p class=\"ql-align-justify\">Dies ist die h\u00e4ufigste Form, die Form ist regelm\u00e4\u00dfig, leicht zu schneiden und zu verarbeiten. Bequeme Produktion von kleinen elektronischen Ger\u00e4ten pyrolytischen Graphit K\u00fchlk\u00f6rper, oder kleine Dichtung. Sie k\u00f6nnen es direkt nach den spezifischen Gr\u00f6\u00dfenanforderungen schneiden, um die spezifische Form und Gr\u00f6\u00dfe Bed\u00fcrfnisse zu erf\u00fcllen.<\/p>\n<p class=\"ql-align-justify\"><strong>Scheibenf\u00f6rmige Platten aus pyrolytischem Graphit:<\/strong><\/p>\n<p class=\"ql-align-justify\">Diese Form ist f\u00fcr einige Anwendungen geeignet, bei denen Wicklungen oder Spulen erforderlich sind. Die Scheibe aus pyrolytischem Graphit l\u00e4sst sich leicht wickeln. Und man kann ihre thermischen und isolierenden Eigenschaften nutzen, um den stabilen Betrieb der Spule zu gew\u00e4hrleisten.<\/p>\n<p class=\"ql-align-justify\"><strong>Gewalzte Platten aus pyrolytischem Graphit:<\/strong><\/p>\n<p class=\"ql-align-justify\">Sie sind leicht zu lagern und zu transportieren und eignen sich f\u00fcr den Einsatz in gro\u00dfem Ma\u00dfstab. In der industriellen Produktion, wenn eine gro\u00dfe Anzahl von pyrolytischen Graphitplatten erforderlich sind, k\u00f6nnen Sie die gewalzten pyrolytischen Graphitplatten effektiv in das Endprodukt durch kontinuierliche Verarbeitung Methoden umwandeln.<\/p>\n<p class=\"ql-align-justify\">Und der Preis von pyrolytischen Graphitflocken variiert aufgrund von Faktoren wie Reinheit, Form, Gr\u00f6\u00dfe und Marktangebot und -nachfrage. Die Kosten f\u00fcr gew\u00f6hnliche reine pyrolytische Graphitplatten sind relativ niedrig. Und der Preis ist relativ nah an den Menschen. Hochreine pyrolytische Graphitplatten sind aufgrund ihres hohen Reinheitsgrades und ihrer besonderen Anwendungsanforderungen relativ teuer.<\/p>\n<h2 class=\"ql-align-justify\">Verwendungszwecke von Platten aus pyrolytischem Graphit<\/h2>\n<p class=\"ql-align-justify\"><strong>Elektronischer und elektrischer Bereich<\/strong><\/p>\n<p class=\"ql-align-justify\">Pyrolytische Graphitplatten zur W\u00e4rmeableitung. Elektronische Ger\u00e4te erzeugen w\u00e4hrend des Betriebs viel W\u00e4rme, und Platten aus pyrolytischem Graphit leiten die W\u00e4rme dank ihrer hohen W\u00e4rmeleitf\u00e4higkeit schnell ab. Dadurch wird die Temperatur der Ger\u00e4te effektiv gesenkt und die Leistung und Stabilit\u00e4t verbessert.<\/p>\n<p class=\"ql-align-justify\"><strong>Energiefeld<\/strong><\/p>\n<p class=\"ql-align-justify\"><strong>Brennstoffzellen:<\/strong><\/p>\n<p class=\"ql-align-justify\">Pyrolytische Graphitplatten dienen als bipolare Platten zur Trennung von Brennstoff und Oxidationsmittel, zur Sammlung und Leitung von Strom. Und sie tragen Membranelektroden.<\/p>\n<p class=\"ql-align-justify\"><strong>Solarzellen:<\/strong><\/p>\n<p class=\"ql-align-justify\">Sie k\u00f6nnen pyrolytische Graphitplatten verwenden f\u00fcr <a href=\"https:\/\/en.wikipedia.org\/wiki\/Solar_cell\" target=\"_blank\" rel=\"noopener\">Solarzelle<\/a> Elektroden oder Fl\u00fcssigkeitskollektoren. Ihre gute elektrische Leitf\u00e4higkeit und chemische Stabilit\u00e4t tragen dazu bei, die photoelektrische Umwandlungseffizienz und die Stabilit\u00e4t von Solarzellen zu verbessern.<\/p>\n<p class=\"ql-align-justify\"><strong>Mechanische Industrie<\/strong><\/p>\n<p class=\"ql-align-justify\"><strong>Dichtungsmaterial:<\/strong><\/p>\n<p class=\"ql-align-justify\">Pyrolytische Graphitplatten haben eine ausgezeichnete Flexibilit\u00e4t, Korrosionsbest\u00e4ndigkeit und hohe Temperaturstabilit\u00e4t. Es ist das ideale Material f\u00fcr die Herstellung von Gleitringdichtungen, <a href=\"https:\/\/jinsuncarbon.com\/de\/produkt\/graphitdichtung\/\">Dichtung<\/a>s. Sie k\u00f6nnen es weit in der Industrie Rohr, Pumpe, Ventil und andere Ausr\u00fcstung Dichtung verwenden, um Fl\u00fcssigkeit, Gas Leckage zu verhindern.<\/p>\n<p class=\"ql-align-justify\"><strong>Schmierendes Material:<\/strong><\/p>\n<p class=\"ql-align-justify\">Aufgrund der lamellaren Struktur von <a href=\"https:\/\/jinsuncarbon.com\/de\/pyrolytischer-graphit\/\">pyrolytischer Graphit<\/a>Der Reibungskoeffizient ist niedrig. Sie k\u00f6nnen es als Festschmierstoff zur Schmierung mechanischer Teile verwenden, um Reibung und Verschlei\u00df zu verringern und die mechanische Effizienz zu verbessern.<\/p>\n<p class=\"ql-align-justify\"><strong>Chemische Industrie<\/strong><\/p>\n<p class=\"ql-align-justify\"><strong>Anti-Korrosions-Auskleidung:<\/strong><\/p>\n<p class=\"ql-align-justify\">Sie k\u00f6nnen Platten aus pyrolytischem Graphit als Auskleidungsmaterial f\u00fcr Chemikalienbeh\u00e4lter verwenden, <a href=\"https:\/\/en.wikipedia.org\/wiki\/Nuclear_reactor\" target=\"_blank\" rel=\"noopener\">Reaktoren<\/a>usw.. Es kann verhindern, dass korrosive Medien in Beh\u00e4ltern die Ausr\u00fcstung angreifen und die Lebensdauer der Ausr\u00fcstung verl\u00e4ngern.<\/p>\n<p class=\"ql-align-justify\"><strong>Elektrolytische Zellelektrode:<\/strong><\/p>\n<p class=\"ql-align-justify\">Pyrolytisches Graphitblech im elektrolytischen Prozess kann hohen Temperaturen, starken S\u00e4uren und Laugen und anderen rauen Umgebungen standhalten. Verbessern Sie die elektrolytische Effizienz und die Produktqualit\u00e4t.<\/p>","protected":false},"excerpt":{"rendered":"<p class=\"ql-align-justify\"><span data-type=\"2\" data-index=\"3\" data-gid=\"1\">Pyrolytisches Graphitblech ist eine Art d\u00fcnnes Blech aus pyrolytischem Kohlenstoffmaterial.<\/span>\u00a0Es handelt sich um ein Graphitmaterial mit einer hochorientierten kristallinen Struktur, das unter bestimmten Bedingungen durch die Zersetzung organischer Verbindungen bei hohen Temperaturen entsteht.<\/p>\n<p class=\"ql-align-justify\">Mit seinen einzigartigen thermischen, elektrischen, chemischen und reibungstechnischen Eigenschaften bietet es eine hervorragende Leistung in einer Vielzahl moderner industrieller Anwendungen. Au\u00dferdem ist es ein hochleistungsf\u00e4higes und langlebiges Material, das eine Vielzahl dynamischer Anforderungen erf\u00fcllen kann.<\/p>","protected":false},"featured_media":7145,"template":"","meta":[],"product_brand":[],"product_cat":[38],"product_tag":[],"class_list":{"0":"post-7140","1":"product","2":"type-product","3":"status-publish","4":"has-post-thumbnail","6":"product_cat-graphite-products","8":"first","9":"instock","10":"shipping-taxable","11":"product-type-simple"},"yoast_head":"<!-- This site is optimized with the Yoast SEO Premium plugin v19.2.1 (Yoast SEO v25.3) - https:\/\/yoast.com\/wordpress\/plugins\/seo\/ -->\n<title>Pyrolytic Graphite Sheet Manufacturer - Best Price | Jinsun Carbon<\/title>\n<meta name=\"description\" content=\"Pyrolytic Graphite Sheet for sale with high conductivity, high strength and high wear resistance as heat dissipation material. Pyrolytic Graphite Sheet at the best price.\" \/>\n<meta name=\"robots\" content=\"index, follow, max-snippet:-1, max-image-preview:large, max-video-preview:-1\" \/>\n<link rel=\"canonical\" href=\"https:\/\/jinsuncarbon.com\/de\/produkt\/pyrolytisches-graphitblech\/\" \/>\n<meta property=\"og:locale\" content=\"de_DE\" \/>\n<meta property=\"og:type\" content=\"article\" \/>\n<meta property=\"og:title\" content=\"Pyrolytic Graphite Sheet\" \/>\n<meta property=\"og:description\" content=\"Pyrolytic Graphite Sheet for sale with high conductivity, high strength and high wear resistance as heat dissipation material. Pyrolytic Graphite Sheet at the best price.\" \/>\n<meta property=\"og:url\" content=\"https:\/\/jinsuncarbon.com\/de\/produkt\/pyrolytisches-graphitblech\/\" \/>\n<meta property=\"og:site_name\" content=\"Jinsun Carbon\" \/>\n<meta property=\"article:publisher\" content=\"https:\/\/www.facebook.com\/Graphite-Electrode-109336238661595\" \/>\n<meta property=\"article:modified_time\" content=\"2024-12-28T00:44:39+00:00\" \/>\n<meta property=\"og:image\" content=\"https:\/\/jinsuncarbon.com\/wp-content\/uploads\/2024\/12\/pyrolytic-graphite-sheets.jpg\" \/>\n\t<meta property=\"og:image:width\" content=\"1024\" \/>\n\t<meta property=\"og:image:height\" content=\"763\" \/>\n\t<meta property=\"og:image:type\" content=\"image\/jpeg\" \/>\n<meta name=\"twitter:card\" content=\"summary_large_image\" \/>\n<meta name=\"twitter:site\" content=\"@jinsuncarbon_\" \/>\n<meta name=\"twitter:label1\" content=\"Gesch\u00e4tzte Lesezeit\" \/>\n\t<meta name=\"twitter:data1\" content=\"3\u00a0Minuten\" \/>\n<script type=\"application\/ld+json\" class=\"yoast-schema-graph\">{\"@context\":\"https:\/\/schema.org\",\"@graph\":[{\"@type\":\"WebPage\",\"@id\":\"https:\/\/jinsuncarbon.com\/product\/pyrolytic-graphite-sheet\/\",\"url\":\"https:\/\/jinsuncarbon.com\/product\/pyrolytic-graphite-sheet\/\",\"name\":\"Pyrolytic Graphite Sheet Manufacturer - Best Price | Jinsun Carbon\",\"isPartOf\":{\"@id\":\"https:\/\/jinsuncarbon.com\/#website\"},\"primaryImageOfPage\":{\"@id\":\"https:\/\/jinsuncarbon.com\/product\/pyrolytic-graphite-sheet\/#primaryimage\"},\"image\":{\"@id\":\"https:\/\/jinsuncarbon.com\/product\/pyrolytic-graphite-sheet\/#primaryimage\"},\"thumbnailUrl\":\"https:\/\/jinsuncarbon.com\/wp-content\/uploads\/2024\/12\/pyrolytic-graphite-sheets.jpg\",\"datePublished\":\"2024-12-28T00:44:38+00:00\",\"dateModified\":\"2024-12-28T00:44:39+00:00\",\"description\":\"Pyrolytic Graphite Sheet for sale with high conductivity, high strength and high wear resistance as heat dissipation material. Pyrolytic Graphite Sheet at the best price.\",\"breadcrumb\":{\"@id\":\"https:\/\/jinsuncarbon.com\/product\/pyrolytic-graphite-sheet\/#breadcrumb\"},\"inLanguage\":\"de\",\"potentialAction\":[{\"@type\":\"ReadAction\",\"target\":[\"https:\/\/jinsuncarbon.com\/product\/pyrolytic-graphite-sheet\/\"]}]},{\"@type\":\"ImageObject\",\"inLanguage\":\"de\",\"@id\":\"https:\/\/jinsuncarbon.com\/product\/pyrolytic-graphite-sheet\/#primaryimage\",\"url\":\"https:\/\/jinsuncarbon.com\/wp-content\/uploads\/2024\/12\/pyrolytic-graphite-sheets.jpg\",\"contentUrl\":\"https:\/\/jinsuncarbon.com\/wp-content\/uploads\/2024\/12\/pyrolytic-graphite-sheets.jpg\",\"width\":1024,\"height\":763,\"caption\":\"Pyrolytic graphite sheet\"},{\"@type\":\"BreadcrumbList\",\"@id\":\"https:\/\/jinsuncarbon.com\/product\/pyrolytic-graphite-sheet\/#breadcrumb\",\"itemListElement\":[{\"@type\":\"ListItem\",\"position\":1,\"name\":\"Home\",\"item\":\"https:\/\/jinsuncarbon.com\/\"},{\"@type\":\"ListItem\",\"position\":2,\"name\":\"Products\",\"item\":\"https:\/\/jinsuncarbon.com\/graphite-carbon\/\"},{\"@type\":\"ListItem\",\"position\":3,\"name\":\"Pyrolytic Graphite Sheet\"}]},{\"@type\":\"WebSite\",\"@id\":\"https:\/\/jinsuncarbon.com\/#website\",\"url\":\"https:\/\/jinsuncarbon.com\/\",\"name\":\"Jinsun Carbon\",\"description\":\"We are the successful graphite electrode manufacturer in China\",\"publisher\":{\"@id\":\"https:\/\/jinsuncarbon.com\/#organization\"},\"potentialAction\":[{\"@type\":\"SearchAction\",\"target\":{\"@type\":\"EntryPoint\",\"urlTemplate\":\"https:\/\/jinsuncarbon.com\/?s={search_term_string}\"},\"query-input\":{\"@type\":\"PropertyValueSpecification\",\"valueRequired\":true,\"valueName\":\"search_term_string\"}}],\"inLanguage\":\"de\"},{\"@type\":\"Organization\",\"@id\":\"https:\/\/jinsuncarbon.com\/#organization\",\"name\":\"Jinsun Carbon\",\"alternateName\":\"Jinsun Carbon\",\"url\":\"https:\/\/jinsuncarbon.com\/\",\"logo\":{\"@type\":\"ImageObject\",\"inLanguage\":\"de\",\"@id\":\"https:\/\/jinsuncarbon.com\/#\/schema\/logo\/image\/\",\"url\":\"https:\/\/jinsuncarbon.com\/wp-content\/uploads\/2022\/12\/LOGO-1.png\",\"contentUrl\":\"https:\/\/jinsuncarbon.com\/wp-content\/uploads\/2022\/12\/LOGO-1.png\",\"width\":207,\"height\":80,\"caption\":\"Jinsun Carbon\"},\"image\":{\"@id\":\"https:\/\/jinsuncarbon.com\/#\/schema\/logo\/image\/\"},\"sameAs\":[\"https:\/\/www.facebook.com\/Graphite-Electrode-109336238661595\",\"https:\/\/x.com\/jinsuncarbon_\",\"https:\/\/www.linkedin.com\/in\/jinsungraphite\",\"https:\/\/www.youtube.com\/channel\/UCysDNyvyR5-3cCWEmpkVC0g\"]}]}<\/script>\n<!-- \/ Yoast SEO Premium plugin. -->","yoast_head_json":{"title":"Pyrolytische Graphitplatten Hersteller - Bester Preis | Jinsun Carbon","description":"Pyrolytische Graphitplatten zum Verkauf mit hoher Leitf\u00e4higkeit, hoher Festigkeit und hoher Verschlei\u00dffestigkeit als W\u00e4rmeableitungsmaterial. Pyrolytische Graphitplatten zum besten Preis kaufen.","robots":{"index":"index","follow":"follow","max-snippet":"max-snippet:-1","max-image-preview":"max-image-preview:large","max-video-preview":"max-video-preview:-1"},"canonical":"https:\/\/jinsuncarbon.com\/de\/produkt\/pyrolytisches-graphitblech\/","og_locale":"de_DE","og_type":"article","og_title":"Pyrolytic Graphite Sheet","og_description":"Pyrolytic Graphite Sheet for sale with high conductivity, high strength and high wear resistance as heat dissipation material. Pyrolytic Graphite Sheet at the best price.","og_url":"https:\/\/jinsuncarbon.com\/de\/produkt\/pyrolytisches-graphitblech\/","og_site_name":"Jinsun Carbon","article_publisher":"https:\/\/www.facebook.com\/Graphite-Electrode-109336238661595","article_modified_time":"2024-12-28T00:44:39+00:00","og_image":[{"width":1024,"height":763,"url":"https:\/\/jinsuncarbon.com\/wp-content\/uploads\/2024\/12\/pyrolytic-graphite-sheets.jpg","type":"image\/jpeg"}],"twitter_card":"summary_large_image","twitter_site":"@jinsuncarbon_","twitter_misc":{"Gesch\u00e4tzte Lesezeit":"3\u00a0Minuten"},"schema":{"@context":"https:\/\/schema.org","@graph":[{"@type":"WebPage","@id":"https:\/\/jinsuncarbon.com\/product\/pyrolytic-graphite-sheet\/","url":"https:\/\/jinsuncarbon.com\/product\/pyrolytic-graphite-sheet\/","name":"Pyrolytische Graphitplatten Hersteller - Bester Preis | Jinsun Carbon","isPartOf":{"@id":"https:\/\/jinsuncarbon.com\/#website"},"primaryImageOfPage":{"@id":"https:\/\/jinsuncarbon.com\/product\/pyrolytic-graphite-sheet\/#primaryimage"},"image":{"@id":"https:\/\/jinsuncarbon.com\/product\/pyrolytic-graphite-sheet\/#primaryimage"},"thumbnailUrl":"https:\/\/jinsuncarbon.com\/wp-content\/uploads\/2024\/12\/pyrolytic-graphite-sheets.jpg","datePublished":"2024-12-28T00:44:38+00:00","dateModified":"2024-12-28T00:44:39+00:00","description":"Pyrolytische Graphitplatten zum Verkauf mit hoher Leitf\u00e4higkeit, hoher Festigkeit und hoher Verschlei\u00dffestigkeit als W\u00e4rmeableitungsmaterial. Pyrolytische Graphitplatten zum besten Preis kaufen.","breadcrumb":{"@id":"https:\/\/jinsuncarbon.com\/product\/pyrolytic-graphite-sheet\/#breadcrumb"},"inLanguage":"de","potentialAction":[{"@type":"ReadAction","target":["https:\/\/jinsuncarbon.com\/product\/pyrolytic-graphite-sheet\/"]}]},{"@type":"ImageObject","inLanguage":"de","@id":"https:\/\/jinsuncarbon.com\/product\/pyrolytic-graphite-sheet\/#primaryimage","url":"https:\/\/jinsuncarbon.com\/wp-content\/uploads\/2024\/12\/pyrolytic-graphite-sheets.jpg","contentUrl":"https:\/\/jinsuncarbon.com\/wp-content\/uploads\/2024\/12\/pyrolytic-graphite-sheets.jpg","width":1024,"height":763,"caption":"Pyrolytic graphite sheet"},{"@type":"BreadcrumbList","@id":"https:\/\/jinsuncarbon.com\/product\/pyrolytic-graphite-sheet\/#breadcrumb","itemListElement":[{"@type":"ListItem","position":1,"name":"Home","item":"https:\/\/jinsuncarbon.com\/"},{"@type":"ListItem","position":2,"name":"Products","item":"https:\/\/jinsuncarbon.com\/graphite-carbon\/"},{"@type":"ListItem","position":3,"name":"Pyrolytic Graphite Sheet"}]},{"@type":"WebSite","@id":"https:\/\/jinsuncarbon.com\/#website","url":"https:\/\/jinsuncarbon.com\/","name":"Jinsun Kohlenstoff","description":"Wir sind der erfolgreiche Hersteller von Graphitelektroden in China","publisher":{"@id":"https:\/\/jinsuncarbon.com\/#organization"},"potentialAction":[{"@type":"SearchAction","target":{"@type":"EntryPoint","urlTemplate":"https:\/\/jinsuncarbon.com\/?s={search_term_string}"},"query-input":{"@type":"PropertyValueSpecification","valueRequired":true,"valueName":"search_term_string"}}],"inLanguage":"de"},{"@type":"Organization","@id":"https:\/\/jinsuncarbon.com\/#organization","name":"Jinsun Kohlenstoff","alternateName":"Jinsun Carbon","url":"https:\/\/jinsuncarbon.com\/","logo":{"@type":"ImageObject","inLanguage":"de","@id":"https:\/\/jinsuncarbon.com\/#\/schema\/logo\/image\/","url":"https:\/\/jinsuncarbon.com\/wp-content\/uploads\/2022\/12\/LOGO-1.png","contentUrl":"https:\/\/jinsuncarbon.com\/wp-content\/uploads\/2022\/12\/LOGO-1.png","width":207,"height":80,"caption":"Jinsun Carbon"},"image":{"@id":"https:\/\/jinsuncarbon.com\/#\/schema\/logo\/image\/"},"sameAs":["https:\/\/www.facebook.com\/Graphite-Electrode-109336238661595","https:\/\/x.com\/jinsuncarbon_","https:\/\/www.linkedin.com\/in\/jinsungraphite","https:\/\/www.youtube.com\/channel\/UCysDNyvyR5-3cCWEmpkVC0g"]}]}},"_links":{"self":[{"href":"https:\/\/jinsuncarbon.com\/de\/wp-json\/wp\/v2\/product\/7140","targetHints":{"allow":["GET"]}}],"collection":[{"href":"https:\/\/jinsuncarbon.com\/de\/wp-json\/wp\/v2\/product"}],"about":[{"href":"https:\/\/jinsuncarbon.com\/de\/wp-json\/wp\/v2\/types\/product"}],"wp:featuredmedia":[{"embeddable":true,"href":"https:\/\/jinsuncarbon.com\/de\/wp-json\/wp\/v2\/media\/7145"}],"wp:attachment":[{"href":"https:\/\/jinsuncarbon.com\/de\/wp-json\/wp\/v2\/media?parent=7140"}],"wp:term":[{"taxonomy":"product_brand","embeddable":true,"href":"https:\/\/jinsuncarbon.com\/de\/wp-json\/wp\/v2\/product_brand?post=7140"},{"taxonomy":"product_cat","embeddable":true,"href":"https:\/\/jinsuncarbon.com\/de\/wp-json\/wp\/v2\/product_cat?post=7140"},{"taxonomy":"product_tag","embeddable":true,"href":"https:\/\/jinsuncarbon.com\/de\/wp-json\/wp\/v2\/product_tag?post=7140"}],"curies":[{"name":"wp","href":"https:\/\/api.w.org\/{rel}","templated":true}]}}