{"id":7139,"date":"2024-12-28T00:12:55","date_gmt":"2024-12-28T00:12:55","guid":{"rendered":"https:\/\/jinsuncarbon.com\/?post_type=product&#038;p=7139"},"modified":"2025-10-02T07:02:55","modified_gmt":"2025-10-02T07:02:55","slug":"graphithulse","status":"publish","type":"product","link":"https:\/\/jinsuncarbon.com\/de\/produkt\/graphithulse\/","title":{"rendered":"Graphit H\u00fclse"},"content":{"rendered":"<h2>Graphit-H\u00fclse<\/h2>\n<p>Im Allgemeinen sind Graphith\u00fclsen r\u00f6hrenf\u00f6rmig. Das hat eine Menge Vorteile.<\/p>\n<p><strong>Hohe Temperaturstabilit\u00e4t<\/strong><\/p>\n<p>Graphith\u00fclsen k\u00f6nnen tausende von Grad Celsius hohe Temperaturen aushalten. In Hochtemperatur-Ofen und andere Anwendungen, es funktioniert richtig.<\/p>\n<p><strong>Hohe Oberfl\u00e4chenreflexion<\/strong><\/p>\n<p>Es ist ein guter W\u00e4rmed\u00e4mmstoff und seine chemischen Eigenschaften sind stabil.<\/p>\n<p><strong>Niedriger Reibungskoeffizient<\/strong><\/p>\n<p>Sie k\u00f6nnen es als selbstschmierende H\u00fclse verwenden, es ist sehr langlebig.<\/p>\n<p><strong>Ausgezeichnete W\u00e4rmeleitf\u00e4higkeit<\/strong><\/p>\n<p>Es ist in der Lage, W\u00e4rme schnell zu leiten, was bei vielen W\u00e4rmemanagement-Anwendungen wichtig ist.<\/p>\n<p><strong>Gute elektrische Leitf\u00e4higkeit<\/strong><\/p>\n<p>Dies macht es zu einer potenziellen Anwendung im Bereich der Elektrotechnik und Elektronik, z. B. in einigen Teilen, die leitf\u00e4hige und thermische Materialien erfordern.<\/p>\n<p>Und es ist leicht zu verarbeiten und zu schneiden. Aber wie schneidet man <a href=\"https:\/\/jinsuncarbon.com\/de\/die-verwendung-von-graphit\/\">Graphit<\/a> muss je nach Materialeigenschaften die richtigen Werkzeuge und Methoden w\u00e4hlen. Dar\u00fcber hinaus nutzen Graphitgleitlager ihren niedrigen Reibungskoeffizienten und ihre selbstschmierenden Eigenschaften, um Reibungsverluste zu verringern, und Graphitkupferh\u00fclsen sind ebenfalls eine g\u00e4ngige Anwendungsform.<\/p>\n<h2>Arten von Graphith\u00fclsen<\/h2>\n<p><strong>Aufgeteilt nach Heizmethode<\/strong><\/p>\n<p><strong>In L\u00e4ngsrichtung beheizte Graphith\u00fclsen:<\/strong><\/p>\n<p>Ein g\u00e4ngiger Typ von Graphith\u00fclsen, der in axialer Richtung beheizt wird, erzeugt W\u00e4rme durch den Strom an beiden Enden, um die Probe zu erw\u00e4rmen. Die Struktur ist einfach, die Kosten sind niedrig, aber die Temperaturgleichm\u00e4\u00dfigkeit ist schlecht.<\/p>\n<p><strong>Querheizbare Graphith\u00fclse:<\/strong><\/p>\n<p>Die Heizrichtung ist senkrecht zur Achse, und durch die besondere Struktur wird das Rohr gleichm\u00e4\u00dfig beheizt. Dies kann den Temperaturunterschied verringern und die Genauigkeit und Pr\u00e4zision der Analyse verbessern. Es ist geeignet f\u00fcr die Analyse Arbeit mit hohen Temperaturanforderungen und pr\u00e4zise Kontrolle.<\/p>\n<p><strong>Geteilt durch Leistung<\/strong><\/p>\n<p><strong>Gew\u00f6hnliche Graphith\u00fclse (nicht pyrolytisch) :<\/strong><\/p>\n<p><span data-type=\"2\" data-index=\"3\" data-gid=\"1\">Verarbeitet von <a href=\"https:\/\/jinsuncarbon.com\/de\/produkt\/naturgraphit\/\">Naturgraphit<\/a> Materialien hat es eine gewisse Hochtemperaturbest\u00e4ndigkeit und ist bei hohen Temperaturen leicht zu oxidieren.<\/span>\u00a0Es hat eine einfache Struktur und niedrige Kosten. Und ist f\u00fcr die allgemeine Analyse geeignet.<\/p>\n<p><strong>H\u00fclse aus pyrolytischem Graphit:<\/strong><\/p>\n<p>Hergestellt von speziellen <a href=\"https:\/\/en.wikipedia.org\/wiki\/Pyrolysis\" target=\"_blank\" rel=\"noopener\">Pyrolyse<\/a> Prozess, hohe Reinheit, hohe Kristallinit\u00e4t, hohe Stabilit\u00e4t und mechanische Eigenschaften bei hohen Temperaturen. Es kann das Entweichen von Gas und die Adsorption von Verunreinigungen verringern und die analytische Empfindlichkeit und Genauigkeit verbessern. Sie k\u00f6nnen es oft f\u00fcr Spurenelementanalysen und Analysen mit hohen Empfindlichkeitsanforderungen verwenden.<\/p>\n<p><img fetchpriority=\"high\" decoding=\"async\" class=\"alignnone size-medium wp-image-8110\" src=\"https:\/\/jinsuncarbon.com\/wp-content\/uploads\/2024\/12\/Graphite-sleeve-300x224.jpg\" alt=\"Graphit-H\u00fclse\" width=\"300\" height=\"224\" srcset=\"https:\/\/jinsuncarbon.com\/wp-content\/uploads\/2024\/12\/Graphite-sleeve-300x224.jpg 300w, https:\/\/jinsuncarbon.com\/wp-content\/uploads\/2024\/12\/Graphite-sleeve-768x572.jpg 768w, https:\/\/jinsuncarbon.com\/wp-content\/uploads\/2024\/12\/Graphite-sleeve-16x12.jpg 16w, https:\/\/jinsuncarbon.com\/wp-content\/uploads\/2024\/12\/Graphite-sleeve-600x447.jpg 600w, https:\/\/jinsuncarbon.com\/wp-content\/uploads\/2024\/12\/Graphite-sleeve.jpg 1024w\" sizes=\"(max-width: 300px) 100vw, 300px\" \/> \u00a0<img decoding=\"async\" class=\"alignnone size-medium wp-image-8111\" src=\"https:\/\/jinsuncarbon.com\/wp-content\/uploads\/2024\/12\/Graphite-sleeves-300x224.jpg\" alt=\"Graphit-\u00c4rmel\" width=\"300\" height=\"224\" srcset=\"https:\/\/jinsuncarbon.com\/wp-content\/uploads\/2024\/12\/Graphite-sleeves-300x224.jpg 300w, https:\/\/jinsuncarbon.com\/wp-content\/uploads\/2024\/12\/Graphite-sleeves-768x572.jpg 768w, https:\/\/jinsuncarbon.com\/wp-content\/uploads\/2024\/12\/Graphite-sleeves-16x12.jpg 16w, https:\/\/jinsuncarbon.com\/wp-content\/uploads\/2024\/12\/Graphite-sleeves-600x447.jpg 600w, https:\/\/jinsuncarbon.com\/wp-content\/uploads\/2024\/12\/Graphite-sleeves.jpg 1024w\" sizes=\"(max-width: 300px) 100vw, 300px\" \/>\u00a0 <img decoding=\"async\" class=\"alignnone size-medium wp-image-8113\" src=\"https:\/\/jinsuncarbon.com\/wp-content\/uploads\/2024\/12\/Graphite-sleeve-1--300x224.jpg\" alt=\"Graphit-H\u00fclse \" width=\"300\" height=\"224\" srcset=\"https:\/\/jinsuncarbon.com\/wp-content\/uploads\/2024\/12\/Graphite-sleeve-1--300x224.jpg 300w, https:\/\/jinsuncarbon.com\/wp-content\/uploads\/2024\/12\/Graphite-sleeve-1--768x572.jpg 768w, https:\/\/jinsuncarbon.com\/wp-content\/uploads\/2024\/12\/Graphite-sleeve-1--16x12.jpg 16w, https:\/\/jinsuncarbon.com\/wp-content\/uploads\/2024\/12\/Graphite-sleeve-1--600x447.jpg 600w, https:\/\/jinsuncarbon.com\/wp-content\/uploads\/2024\/12\/Graphite-sleeve-1-.jpg 1024w\" sizes=\"(max-width: 300px) 100vw, 300px\" \/><\/p>\n<h2>Verwendungen von Graphith\u00fclsen<\/h2>\n<p>Es hat eine breite Palette von Anwendungen.<\/p>\n<p><strong>Maschinenindustrie<\/strong><\/p>\n<p>Graphitmanschetten sind ein wichtiges Dichtungsmaterial in der mechanischen Industrie. Sie ist verschlei\u00dffest und bietet eine stabile Abdichtung bei hoher Belastung und hoher Geschwindigkeit. Gew\u00e4hrleistet den normalen Betrieb der Ausr\u00fcstung und verl\u00e4ngert die Lebensdauer.<\/p>\n<p><strong>Schifffahrtsindustrie<\/strong><\/p>\n<p>In der Schifffahrtsindustrie k\u00f6nnen Sie Graphitmanschetten zur Abdichtung von Schiffsr\u00fcmpfen und anderen unebenen Oberfl\u00e4chen verwenden. Sie kann den sicheren Betrieb von Schiffen unter rauen Seebedingungen gew\u00e4hrleisten. Und Sie k\u00f6nnen es in Import und Export Wassersysteme und andere Teile verwenden.<\/p>\n<p><strong>Petrochemische Industrie<\/strong><\/p>\n<p>Graphith\u00fclsen spielen eine wichtige Rolle in der petrochemischen Industrie. Bei der Bef\u00f6rderung von korrosiven Medien Ausr\u00fcstung, Verschlei\u00dffestigkeit, Korrosionsbest\u00e4ndigkeit, um das volle Spiel, verhindern, dass Medien-Leckage und Verschlei\u00df der Ausr\u00fcstung. Sie k\u00f6nnen es auch bei der Herstellung von korrosionsbest\u00e4ndigen Ger\u00e4ten verwenden.<\/p>\n<p><strong>Energiewirtschaft<\/strong><\/p>\n<p>In der Energiewirtschaft k\u00f6nnen Sie Graphith\u00fclsen verwenden f\u00fcr <a href=\"https:\/\/en.wikipedia.org\/wiki\/Boiler\" target=\"_blank\" rel=\"noopener\">Heizkessel<\/a>Dampfturbinen und andere Ger\u00e4teabdichtungen. Seine hohe Temperaturbest\u00e4ndigkeit, Druckbest\u00e4ndigkeit, Korrosionsbest\u00e4ndigkeit macht es unverzichtbar.<\/p>\n<p><strong>Anwendungen im Labor<\/strong><\/p>\n<p>Die Graphith\u00fclse ist in Labors weit verbreitet, z. B. zum Tragen und Erhitzen von Proben in Atomabsorptionsspektrometern. Und in anderen experimentellen Ger\u00e4ten, um die Bed\u00fcrfnisse zu erf\u00fcllen.<\/p>\n<p>Dar\u00fcber hinaus k\u00f6nnen Sie auch Graphit H\u00fclse bei der Herstellung von Automobilteilen, Luft-und Raumfahrt High-Performance-Komponenten, biomedizinische Ger\u00e4te. Mit seiner hohen Festigkeit, hohe Verschlei\u00dffestigkeit, hohe Korrosionsbest\u00e4ndigkeit und andere Eigenschaften.<\/p>","protected":false},"excerpt":{"rendered":"<p>Die Graphith\u00fclse ist eine runde H\u00fclse aus hochreinem Graphit, die im Allgemeinen als Dichtungsmaterial in der mechanischen Industrie, als Auskleidung oder als Buchse verwendet wird. Es ist ein hochtemperaturbest\u00e4ndiges und selbstschmierendes Material, das in modernen industriellen Anwendungen gute Leistungen erbringt. Graphitmanschetten werden f\u00fcr die Abdichtung von Ventilen, Pumpen und Wellenbewegungen verwendet und eignen sich f\u00fcr Umgebungen mit hohen Temperaturen.<\/p>","protected":false},"featured_media":7143,"template":"","meta":[],"product_brand":[],"product_cat":[38],"product_tag":[],"class_list":{"0":"post-7139","1":"product","2":"type-product","3":"status-publish","4":"has-post-thumbnail","6":"product_cat-graphite-products","8":"first","9":"instock","10":"shipping-taxable","11":"product-type-simple"},"yoast_head":"<!-- This site is optimized with the Yoast SEO Premium plugin v19.2.1 (Yoast SEO v25.3) - https:\/\/yoast.com\/wordpress\/plugins\/seo\/ -->\n<title>Graphite Sleeve Manufacturer &amp; Supplier | Jinsun Carbon<\/title>\n<meta name=\"description\" content=\"Graphite sleeve is a circular sleeve made of high purity graphite processing, generally used as a sealing material in the mechanical industry, as a lining or bushing\u03a9\" \/>\n<meta name=\"robots\" content=\"index, follow, max-snippet:-1, max-image-preview:large, max-video-preview:-1\" \/>\n<link rel=\"canonical\" href=\"https:\/\/jinsuncarbon.com\/de\/produkt\/graphithulse\/\" \/>\n<meta property=\"og:locale\" content=\"de_DE\" \/>\n<meta property=\"og:type\" content=\"article\" \/>\n<meta property=\"og:title\" content=\"Graphite Sleeve\" \/>\n<meta property=\"og:description\" content=\"Graphite sleeve is a circular sleeve made of high purity graphite processing, generally used as a sealing material in the mechanical industry, as a lining or bushing\u03a9\" \/>\n<meta property=\"og:url\" content=\"https:\/\/jinsuncarbon.com\/de\/produkt\/graphithulse\/\" \/>\n<meta property=\"og:site_name\" content=\"Jinsun Carbon\" \/>\n<meta property=\"article:publisher\" content=\"https:\/\/www.facebook.com\/Graphite-Electrode-109336238661595\" \/>\n<meta property=\"article:modified_time\" content=\"2025-10-02T07:02:55+00:00\" \/>\n<meta property=\"og:image\" content=\"https:\/\/jinsuncarbon.com\/wp-content\/uploads\/2024\/12\/Graphite-sleeve-.jpg\" \/>\n\t<meta property=\"og:image:width\" content=\"1024\" \/>\n\t<meta property=\"og:image:height\" content=\"763\" \/>\n\t<meta property=\"og:image:type\" content=\"image\/jpeg\" \/>\n<meta name=\"twitter:card\" content=\"summary_large_image\" \/>\n<meta name=\"twitter:site\" content=\"@jinsuncarbon_\" \/>\n<meta name=\"twitter:label1\" content=\"Gesch\u00e4tzte Lesezeit\" \/>\n\t<meta name=\"twitter:data1\" content=\"4\u00a0Minuten\" \/>\n<script type=\"application\/ld+json\" class=\"yoast-schema-graph\">{\"@context\":\"https:\/\/schema.org\",\"@graph\":[{\"@type\":\"WebPage\",\"@id\":\"https:\/\/jinsuncarbon.com\/product\/graphite-sleeve\/\",\"url\":\"https:\/\/jinsuncarbon.com\/product\/graphite-sleeve\/\",\"name\":\"Graphite Sleeve Manufacturer & Supplier | Jinsun Carbon\",\"isPartOf\":{\"@id\":\"https:\/\/jinsuncarbon.com\/#website\"},\"primaryImageOfPage\":{\"@id\":\"https:\/\/jinsuncarbon.com\/product\/graphite-sleeve\/#primaryimage\"},\"image\":{\"@id\":\"https:\/\/jinsuncarbon.com\/product\/graphite-sleeve\/#primaryimage\"},\"thumbnailUrl\":\"https:\/\/jinsuncarbon.com\/wp-content\/uploads\/2024\/12\/Graphite-sleeve-.jpg\",\"datePublished\":\"2024-12-28T00:12:55+00:00\",\"dateModified\":\"2025-10-02T07:02:55+00:00\",\"description\":\"Graphite sleeve is a circular sleeve made of high purity graphite processing, generally used as a sealing material in the mechanical industry, as a lining or bushing\u03a9\",\"breadcrumb\":{\"@id\":\"https:\/\/jinsuncarbon.com\/product\/graphite-sleeve\/#breadcrumb\"},\"inLanguage\":\"de\",\"potentialAction\":[{\"@type\":\"ReadAction\",\"target\":[\"https:\/\/jinsuncarbon.com\/product\/graphite-sleeve\/\"]}]},{\"@type\":\"ImageObject\",\"inLanguage\":\"de\",\"@id\":\"https:\/\/jinsuncarbon.com\/product\/graphite-sleeve\/#primaryimage\",\"url\":\"https:\/\/jinsuncarbon.com\/wp-content\/uploads\/2024\/12\/Graphite-sleeve-.jpg\",\"contentUrl\":\"https:\/\/jinsuncarbon.com\/wp-content\/uploads\/2024\/12\/Graphite-sleeve-.jpg\",\"width\":1024,\"height\":763,\"caption\":\"Graphite sleeve\"},{\"@type\":\"BreadcrumbList\",\"@id\":\"https:\/\/jinsuncarbon.com\/product\/graphite-sleeve\/#breadcrumb\",\"itemListElement\":[{\"@type\":\"ListItem\",\"position\":1,\"name\":\"Home\",\"item\":\"https:\/\/jinsuncarbon.com\/\"},{\"@type\":\"ListItem\",\"position\":2,\"name\":\"Products\",\"item\":\"https:\/\/jinsuncarbon.com\/graphite-carbon\/\"},{\"@type\":\"ListItem\",\"position\":3,\"name\":\"Graphite Sleeve\"}]},{\"@type\":\"WebSite\",\"@id\":\"https:\/\/jinsuncarbon.com\/#website\",\"url\":\"https:\/\/jinsuncarbon.com\/\",\"name\":\"Jinsun Carbon\",\"description\":\"We are the successful graphite electrode manufacturer in China\",\"publisher\":{\"@id\":\"https:\/\/jinsuncarbon.com\/#organization\"},\"potentialAction\":[{\"@type\":\"SearchAction\",\"target\":{\"@type\":\"EntryPoint\",\"urlTemplate\":\"https:\/\/jinsuncarbon.com\/?s={search_term_string}\"},\"query-input\":{\"@type\":\"PropertyValueSpecification\",\"valueRequired\":true,\"valueName\":\"search_term_string\"}}],\"inLanguage\":\"de\"},{\"@type\":\"Organization\",\"@id\":\"https:\/\/jinsuncarbon.com\/#organization\",\"name\":\"Jinsun Carbon\",\"alternateName\":\"Jinsun Carbon\",\"url\":\"https:\/\/jinsuncarbon.com\/\",\"logo\":{\"@type\":\"ImageObject\",\"inLanguage\":\"de\",\"@id\":\"https:\/\/jinsuncarbon.com\/#\/schema\/logo\/image\/\",\"url\":\"https:\/\/jinsuncarbon.com\/wp-content\/uploads\/2022\/12\/LOGO-1.png\",\"contentUrl\":\"https:\/\/jinsuncarbon.com\/wp-content\/uploads\/2022\/12\/LOGO-1.png\",\"width\":207,\"height\":80,\"caption\":\"Jinsun Carbon\"},\"image\":{\"@id\":\"https:\/\/jinsuncarbon.com\/#\/schema\/logo\/image\/\"},\"sameAs\":[\"https:\/\/www.facebook.com\/Graphite-Electrode-109336238661595\",\"https:\/\/x.com\/jinsuncarbon_\",\"https:\/\/www.linkedin.com\/in\/jinsungraphite\",\"https:\/\/www.youtube.com\/channel\/UCysDNyvyR5-3cCWEmpkVC0g\"]}]}<\/script>\n<!-- \/ Yoast SEO Premium plugin. -->","yoast_head_json":{"title":"Graphith\u00fclse Hersteller &amp; Lieferant | Jinsun Carbon","description":"Die Graphith\u00fclse ist eine runde H\u00fclse aus hochreinem Graphit, die im Allgemeinen als Dichtungsmaterial in der mechanischen Industrie, als Auskleidung oder Buchse verwendet wird.","robots":{"index":"index","follow":"follow","max-snippet":"max-snippet:-1","max-image-preview":"max-image-preview:large","max-video-preview":"max-video-preview:-1"},"canonical":"https:\/\/jinsuncarbon.com\/de\/produkt\/graphithulse\/","og_locale":"de_DE","og_type":"article","og_title":"Graphite Sleeve","og_description":"Graphite sleeve is a circular sleeve made of high purity graphite processing, generally used as a sealing material in the mechanical industry, as a lining or bushing\u03a9","og_url":"https:\/\/jinsuncarbon.com\/de\/produkt\/graphithulse\/","og_site_name":"Jinsun Carbon","article_publisher":"https:\/\/www.facebook.com\/Graphite-Electrode-109336238661595","article_modified_time":"2025-10-02T07:02:55+00:00","og_image":[{"width":1024,"height":763,"url":"https:\/\/jinsuncarbon.com\/wp-content\/uploads\/2024\/12\/Graphite-sleeve-.jpg","type":"image\/jpeg"}],"twitter_card":"summary_large_image","twitter_site":"@jinsuncarbon_","twitter_misc":{"Gesch\u00e4tzte Lesezeit":"4\u00a0Minuten"},"schema":{"@context":"https:\/\/schema.org","@graph":[{"@type":"WebPage","@id":"https:\/\/jinsuncarbon.com\/product\/graphite-sleeve\/","url":"https:\/\/jinsuncarbon.com\/product\/graphite-sleeve\/","name":"Graphith\u00fclse Hersteller &amp; Lieferant | Jinsun Carbon","isPartOf":{"@id":"https:\/\/jinsuncarbon.com\/#website"},"primaryImageOfPage":{"@id":"https:\/\/jinsuncarbon.com\/product\/graphite-sleeve\/#primaryimage"},"image":{"@id":"https:\/\/jinsuncarbon.com\/product\/graphite-sleeve\/#primaryimage"},"thumbnailUrl":"https:\/\/jinsuncarbon.com\/wp-content\/uploads\/2024\/12\/Graphite-sleeve-.jpg","datePublished":"2024-12-28T00:12:55+00:00","dateModified":"2025-10-02T07:02:55+00:00","description":"Die Graphith\u00fclse ist eine runde H\u00fclse aus hochreinem Graphit, die im Allgemeinen als Dichtungsmaterial in der mechanischen Industrie, als Auskleidung oder Buchse verwendet wird.","breadcrumb":{"@id":"https:\/\/jinsuncarbon.com\/product\/graphite-sleeve\/#breadcrumb"},"inLanguage":"de","potentialAction":[{"@type":"ReadAction","target":["https:\/\/jinsuncarbon.com\/product\/graphite-sleeve\/"]}]},{"@type":"ImageObject","inLanguage":"de","@id":"https:\/\/jinsuncarbon.com\/product\/graphite-sleeve\/#primaryimage","url":"https:\/\/jinsuncarbon.com\/wp-content\/uploads\/2024\/12\/Graphite-sleeve-.jpg","contentUrl":"https:\/\/jinsuncarbon.com\/wp-content\/uploads\/2024\/12\/Graphite-sleeve-.jpg","width":1024,"height":763,"caption":"Graphite sleeve"},{"@type":"BreadcrumbList","@id":"https:\/\/jinsuncarbon.com\/product\/graphite-sleeve\/#breadcrumb","itemListElement":[{"@type":"ListItem","position":1,"name":"Home","item":"https:\/\/jinsuncarbon.com\/"},{"@type":"ListItem","position":2,"name":"Products","item":"https:\/\/jinsuncarbon.com\/graphite-carbon\/"},{"@type":"ListItem","position":3,"name":"Graphite Sleeve"}]},{"@type":"WebSite","@id":"https:\/\/jinsuncarbon.com\/#website","url":"https:\/\/jinsuncarbon.com\/","name":"Jinsun Kohlenstoff","description":"Wir sind der erfolgreiche Hersteller von Graphitelektroden in China","publisher":{"@id":"https:\/\/jinsuncarbon.com\/#organization"},"potentialAction":[{"@type":"SearchAction","target":{"@type":"EntryPoint","urlTemplate":"https:\/\/jinsuncarbon.com\/?s={search_term_string}"},"query-input":{"@type":"PropertyValueSpecification","valueRequired":true,"valueName":"search_term_string"}}],"inLanguage":"de"},{"@type":"Organization","@id":"https:\/\/jinsuncarbon.com\/#organization","name":"Jinsun Kohlenstoff","alternateName":"Jinsun Carbon","url":"https:\/\/jinsuncarbon.com\/","logo":{"@type":"ImageObject","inLanguage":"de","@id":"https:\/\/jinsuncarbon.com\/#\/schema\/logo\/image\/","url":"https:\/\/jinsuncarbon.com\/wp-content\/uploads\/2022\/12\/LOGO-1.png","contentUrl":"https:\/\/jinsuncarbon.com\/wp-content\/uploads\/2022\/12\/LOGO-1.png","width":207,"height":80,"caption":"Jinsun Carbon"},"image":{"@id":"https:\/\/jinsuncarbon.com\/#\/schema\/logo\/image\/"},"sameAs":["https:\/\/www.facebook.com\/Graphite-Electrode-109336238661595","https:\/\/x.com\/jinsuncarbon_","https:\/\/www.linkedin.com\/in\/jinsungraphite","https:\/\/www.youtube.com\/channel\/UCysDNyvyR5-3cCWEmpkVC0g"]}]}},"_links":{"self":[{"href":"https:\/\/jinsuncarbon.com\/de\/wp-json\/wp\/v2\/product\/7139","targetHints":{"allow":["GET"]}}],"collection":[{"href":"https:\/\/jinsuncarbon.com\/de\/wp-json\/wp\/v2\/product"}],"about":[{"href":"https:\/\/jinsuncarbon.com\/de\/wp-json\/wp\/v2\/types\/product"}],"wp:featuredmedia":[{"embeddable":true,"href":"https:\/\/jinsuncarbon.com\/de\/wp-json\/wp\/v2\/media\/7143"}],"wp:attachment":[{"href":"https:\/\/jinsuncarbon.com\/de\/wp-json\/wp\/v2\/media?parent=7139"}],"wp:term":[{"taxonomy":"product_brand","embeddable":true,"href":"https:\/\/jinsuncarbon.com\/de\/wp-json\/wp\/v2\/product_brand?post=7139"},{"taxonomy":"product_cat","embeddable":true,"href":"https:\/\/jinsuncarbon.com\/de\/wp-json\/wp\/v2\/product_cat?post=7139"},{"taxonomy":"product_tag","embeddable":true,"href":"https:\/\/jinsuncarbon.com\/de\/wp-json\/wp\/v2\/product_tag?post=7139"}],"curies":[{"name":"wp","href":"https:\/\/api.w.org\/{rel}","templated":true}]}}