{"id":7111,"date":"2024-12-22T12:44:54","date_gmt":"2024-12-22T12:44:54","guid":{"rendered":"https:\/\/jinsuncarbon.com\/?post_type=product&#038;p=7111"},"modified":"2024-12-22T14:08:04","modified_gmt":"2024-12-22T14:08:04","slug":"naturgraphit","status":"publish","type":"product","link":"https:\/\/jinsuncarbon.com\/de\/produkt\/naturgraphit\/","title":{"rendered":"Nat\u00fcrlicher Graphit"},"content":{"rendered":"<p>Nat\u00fcrlicher Graphit wird nach seiner Kristallform wie folgt eingeteilt.<\/p>\n<h3>Flockengraphit<\/h3>\n<p>Die g\u00e4ngigste Art, der Flockengraphit, ist in der Industrie weltweit sehr gefragt. Diese sehr d\u00fcnnen, flachen, sechseckigen Graphitflocken eignen sich perfekt f\u00fcr Anwendungen, bei denen eine gro\u00dfe Oberfl\u00e4che von Nutzen ist. Er wird vor allem f\u00fcr Schmiermittel, Batterien (insbesondere Lithium-Ionen-Batterien) und die Stahlherstellung verwendet. Flockengraphit: wird aufgrund seiner Vielseitigkeit abgebaut und verarbeitet.<\/p>\n<h3>Amorpher Graphit<\/h3>\n<p>Flockenf\u00f6rmiger Graphit ist st\u00e4rker strukturiert als amorpher Graphit. Seine atomare Anordnung ist unregelm\u00e4\u00dfig und ungeordnet, was ihm verschiedene Eigenschaften verleiht. Obwohl er eine geringere Leitf\u00e4higkeit und andere Eigenschaften als Flockengraphit aufweist, wird er dennoch f\u00fcr zahlreiche Anwendungen wie Gie\u00dfereiarbeiten, als Beschichtungsmittel f\u00fcr feuerfeste Materialien und als F\u00fcllstoff f\u00fcr Batterien verwendet.<\/p>\n<h3>Graphitklumpen<\/h3>\n<p>Die seltenste Art von Naturgraphit ist Klumpengraphit. Er kommt in gro\u00dfen, festen St\u00fccken vor und ist in der Regel in Lagerst\u00e4tten mit h\u00f6herem Reinheitsgrad zu finden. Der Abbau und die Verarbeitung sind schwieriger, so dass er teurer ist als andere Formen. Aufgrund seines hohen Reinheitsgrades und seiner St\u00fcckgr\u00f6\u00dfe eignet er sich f\u00fcr Nischenanwendungen mit hohen Gewinnspannen in modernen Batterien und bestimmten elektronischen Ger\u00e4ten.<\/p>\n<h2>Wie wird Naturgraphit abgebaut?<\/h2>\n<p>Naturgraphit wird sowohl im Tagebau als auch im Untertagebau abgebaut, je nach Tiefe und Lage der Lagerst\u00e4tten. Nachdem das Graphiterz aus der Erde geholt wurde, wird es zerkleinert und von Verunreinigungen befreit.<\/p>\n<p>Graphit wird nach der Gewinnung in der Regel in mehreren Schritten behandelt:<\/p>\n<p>Zerkleinern: Das zerkleinerte Material wird in kleinere St\u00fccke zerlegt, die dann weiterverarbeitet werden.<\/p>\n<p>Reinigung: Quarz, Ton und Erzverunreinigungen werden entfernt, in der Regel durch Flotation und Chemikalien.<\/p>\n<p>Sortierung: Anschlie\u00dfend wird der Graphit nach Sorten sortiert, wobei kleinere Partikel f\u00fcr bestimmte Anwendungen verwendet werden und gr\u00f6\u00dfere Flocken f\u00fcr andere.<\/p>\n<p>Das Endprodukt ist verpackt und bereit f\u00fcr seine zahlreichen Anwendungen in der Industrie und bei Konsumg\u00fctern.<\/p>\n<h2>Warum sollte man sich f\u00fcr Naturgraphit entscheiden?<\/h2>\n<h3>Hohe Reinheit<\/h3>\n<p>Naturgraphit hat den Vorteil, dass er im Allgemeinen einen hohen Reinheitsgrad aufweist. Reinheit kann bei vielen Anwendungen von entscheidender Bedeutung sein, insbesondere in der Elektronik und bei der Energiespeicherung. Die nat\u00fcrliche Form ist oft reiner als synthetischer Graphit, der einige Verunreinigungen aufweisen kann, die die Leistung eines Ger\u00e4ts oder Systems beeintr\u00e4chtigen.<\/p>\n<p>Nachhaltigkeit<\/p>\n<p>Naturgraphit ist eine nachhaltigere Option als synthetischer Graphit. Ein verantwortungsvoller Graphitabbau hat einen halb so gro\u00dfen \u00f6kologischen Fu\u00dfabdruck wie synthetischer Graphit, und jeder synthetische Graphit ist energie- und ressourcenintensiv. Naturgraphit ist die nachhaltige Wahl, da die Industrie auf Nachhaltigkeit umstellt.<\/p>\n<p>Vielseitigkeit<\/p>\n<p>Naturgraphit ist ein \u00e4u\u00dferst vielseitiges Material mit einer Reihe von Anwendungen. Ob f\u00fcr Batterien, die Stahlherstellung, Schmiermittel oder sogar Brennstoffzellen - Naturgraphit kann eine Vielzahl von industriellen Anforderungen erf\u00fcllen.<\/p>\n<h2>Verwendungsm\u00f6glichkeiten von Naturgraphit<\/h2>\n<h3>Energiespeicherung und Batterien<\/h3>\n<p>Naturgraphit hat viele wichtige und schnell wachsende Verwendungszwecke, darunter die Energiespeicherung, insbesondere in Lithium-Ionen-Batterien. Durch diesen Prozess spielt Graphit eine Schl\u00fcsselrolle bei der Energiespeicherung in der <a href=\"https:\/\/www.britannica.com\/technology\/battery-electronics\" target=\"_blank\" rel=\"noopener\">Batterie<\/a>und ist ein wichtiger Bestandteil der Anode. In den letzten zehn Jahren hat sich Flockengraphit wieder zu einem wichtigen Material f\u00fcr den Markt f\u00fcr wiederaufladbare Li-Ionen-Batterien (die in Elektrofahrzeugen und erneuerbaren Energien eingesetzt werden) entwickelt, f\u00fcr den bis 2030 ein Volumen von etwa zwei Milliarden Tonnen prognostiziert wird.<\/p>\n<p>Stahlerzeugung<\/p>\n<p>Graphit ist ein wesentlicher Bestandteil des Stahlherstellungsprozesses. Er wird f\u00fcr hitzebest\u00e4ndige Stoffe oder zur Herstellung von Vanadiumstahl verwendet. Graphit in Pulverform wird auch verwendet in <a href=\"https:\/\/en.wikipedia.org\/wiki\/Steelmaking\" target=\"_blank\" rel=\"noopener\">Stahlwerk<\/a> da es zur Entfernung von Verunreinigungen beitr\u00e4gt und ein hochwertiges Endprodukt liefert. Die hohe W\u00e4rmeleitf\u00e4higkeit des Metalls eignet sich gut f\u00fcr die hohen Temperaturen, die in Stahl\u00f6fen herrschen.<\/p>\n<p>Schmierstoffe<\/p>\n<p>Dank seiner besonderen Struktur ist Graphit ein hervorragendes Schmiermittel! Dadurch k\u00f6nnen Reibung und Verschlei\u00df minimiert werden, was besonders bei Maschinen, Autoteilen und Industrieanlagen von Vorteil ist. Graphitschmierstoffe werden von Automotoren bis hin zu schweren Industriemaschinen eingesetzt, um einen reibungslosen und effizienten Betrieb zu gew\u00e4hrleisten und gleichzeitig die Lebensdauer der wichtigen Teile zu verl\u00e4ngern.<\/p>\n<p>Elektronik<\/p>\n<p>Aufgrund der hohen elektrischen Leitf\u00e4higkeit von Graphit spielt es eine wichtige Rolle in der Elektronik. Er spielt eine Rolle bei der Herstellung von Bauteilen wie Elektroden, Transistoren und K\u00fchlk\u00f6rpern. Seine Leitf\u00e4higkeit sorgt daf\u00fcr, dass Ger\u00e4te wie Smartphones, Laptops und Elektrofahrzeuge effektiv funktionieren. Angesichts der steigenden Nachfrage nach hochentwickelter Elektronik ist die Bedeutung von Graphit in der Industrie unvermeidlich.<\/p>\n<p>Brennstoffzellen<\/p>\n<p>Graphit findet Anwendung in Brennstoffzellen, die chemische Energie in Elektrizit\u00e4t umwandeln. Brennstoffzellen sind eine wichtige Technologie f\u00fcr wasserstoffbetriebene Kraftfahrzeuge und werden auch h\u00e4ufig in Systemen f\u00fcr erneuerbare Energien eingesetzt. Die Hitze- und Korrosionsbest\u00e4ndigkeit des Materials sowie seine Leitf\u00e4higkeit machen es zu einem geeigneten Werkstoff f\u00fcr Brennstoffzellenkomponenten.<\/p>\n<h2>Vorteile der Verwendung von Naturgraphit<\/h2>\n<h3>Hohe Leitf\u00e4higkeit<\/h3>\n<p>Graphit ist ein super thermoelektrisches und leitf\u00e4higes Material. Als solches kommt es vor allem in der Elektrotechnik in einer Batterie, einem Kondensator oder anderen Leitern zum Einsatz, wo eine effektive Energie\u00fcbertragung erforderlich ist.<\/p>\n<p>Hohe Temperaturbest\u00e4ndigkeit<\/p>\n<p>Graphit ver\u00e4ndert seine Struktur auch bei sehr hohen Temperaturen nicht. Diese Eigenschaft macht ihn zu einem bevorzugten Werkstoff f\u00fcr Anwendungen in der Stahlerzeugung, der Automobilindustrie und der Elektronik, um nur einige zu nennen, bei denen es auf Hitzebest\u00e4ndigkeit ankommt.<\/p>\n<p>Umweltschonend<\/p>\n<p>Naturgraphit ist eine umweltfreundlichere Alternative zu synthetischem Graphit. Naturgraphit ist dagegen ein Mineral, was bedeutet, dass - bei verantwortungsvollen Abbaupraktiken - der mit dem Abbau verbundene Energieverbrauch und die Emissionen im Vergleich zu den energieintensiven Verfahren zur Herstellung von synthetischem Graphit relativ gering sind.<\/p>\n<p>Kosteng\u00fcnstig<\/p>\n<p>Es gibt auch nat\u00fcrlichen Graphit, der in der Regel billiger ist als synthetischer Graphit. Er ben\u00f6tigt weniger Energie und Ressourcen bei der Herstellung, was ihn insgesamt billiger macht. Nutzer, die mit einem begrenzten Budget arbeiten, k\u00f6nnen von einer leistungsf\u00e4higen Alternative profitieren: Naturgraphit.<\/p>\n<h2>Wie Sie den richtigen Naturgraphit f\u00fcr Ihre Bed\u00fcrfnisse ausw\u00e4hlen<\/h2>\n<p>- Reinheit: Reinerer Graphit ist wichtig f\u00fcr empfindliche Anwendungen wie Elektronik und Batterien, bei denen schon geringe Mengen an Verunreinigungen die Leistung beeintr\u00e4chtigen k\u00f6nnen.<\/p>\n<p>- Partikelgr\u00f6\u00dfe: Die Partikelgr\u00f6\u00dfe variiert je nach Anwendung. Kleine Partikel eignen sich hervorragend f\u00fcr Schmiermittel, w\u00e4hrend gr\u00f6\u00dfere Flocken in der Stahlerzeugung oder f\u00fcr Hochtemperaturanwendungen verwendet werden k\u00f6nnen.<\/p>\n<p>- Form: Graphit kommt in verschiedenen Formen vor - <a href=\"https:\/\/jinsuncarbon.com\/de\/produkt\/expandiertes-graphitpulver\/\">Pulver<\/a>Klumpen, und <a href=\"https:\/\/jinsuncarbon.com\/de\/produkt\/lamellengraphit\/\">Flocken<\/a>. Welche Form am besten geeignet ist, h\u00e4ngt von den spezifischen Anforderungen Ihres Verfahrens ab. F\u00fcr Beschichtungen und Schmiermittel eignet sich Graphit in Pulverform am besten, w\u00e4hrend Flocken bei Anwendungen mit gro\u00dfer Oberfl\u00e4che vorteilhafter sind.<\/p>","protected":false},"excerpt":{"rendered":"<p>Naturgraphit ist eine nat\u00fcrliche Form von Kohlenstoff, ein nat\u00fcrlich vorkommendes Mineral, das in metamorphen und magmatischen Gesteinen vorkommt. Am bekanntesten ist es f\u00fcr seine Verwendung in Bleistiften, aber seine industriellen Anwendungen gehen weit dar\u00fcber hinaus. Dazu geh\u00f6ren:<br \/>\nElektronik, Luft- und Raumfahrt, Pulvermetallurgie, Schmiermittel, Lithium-Ionen-Batterien und mehr. Graphit ist ein kristallines Allotrop des Kohlenstoffs, das zur Kategorie der weichsten Mineralien geh\u00f6rt und einen metallischen Glanz aufweist, der es aufgrund seiner einzigartigen Eigenschaften zu einem unverzichtbaren Material f\u00fcr viele Hochleistungsanwendungen macht.<\/p>","protected":false},"featured_media":7112,"template":"","meta":[],"product_brand":[],"product_cat":[67],"product_tag":[],"class_list":{"0":"post-7111","1":"product","2":"type-product","3":"status-publish","4":"has-post-thumbnail","6":"product_cat-graphite-material","8":"first","9":"instock","10":"shipping-taxable","11":"product-type-simple"},"yoast_head":"<!-- This site is optimized with the Yoast SEO Premium plugin v19.2.1 (Yoast SEO v25.3) - https:\/\/yoast.com\/wordpress\/plugins\/seo\/ -->\n<title>Natural Graphite Manufacturer &amp; Producer | Jinsun Carbon<\/title>\n<meta name=\"description\" content=\"Natural graphite manufacturers and producers, uses in lubricants, batteries, steelmaking, expanded graphite, natural flake graphite powder at the best price\" \/>\n<meta name=\"robots\" content=\"index, follow, max-snippet:-1, max-image-preview:large, max-video-preview:-1\" \/>\n<link rel=\"canonical\" href=\"https:\/\/jinsuncarbon.com\/de\/produkt\/naturgraphit\/\" \/>\n<meta property=\"og:locale\" content=\"de_DE\" \/>\n<meta property=\"og:type\" content=\"article\" \/>\n<meta property=\"og:title\" content=\"Natural Graphite\" \/>\n<meta property=\"og:description\" content=\"Natural graphite manufacturers and producers, uses in lubricants, batteries, steelmaking, expanded graphite, natural flake graphite powder at the best price\" \/>\n<meta property=\"og:url\" content=\"https:\/\/jinsuncarbon.com\/de\/produkt\/naturgraphit\/\" \/>\n<meta property=\"og:site_name\" content=\"Jinsun Carbon\" \/>\n<meta property=\"article:publisher\" content=\"https:\/\/www.facebook.com\/Graphite-Electrode-109336238661595\" \/>\n<meta property=\"article:modified_time\" content=\"2024-12-22T14:08:04+00:00\" \/>\n<meta property=\"og:image\" content=\"https:\/\/jinsuncarbon.com\/wp-content\/uploads\/2024\/12\/natural-graphite.jpg\" \/>\n\t<meta property=\"og:image:width\" content=\"1024\" \/>\n\t<meta property=\"og:image:height\" content=\"763\" \/>\n\t<meta property=\"og:image:type\" content=\"image\/jpeg\" \/>\n<meta name=\"twitter:card\" content=\"summary_large_image\" \/>\n<meta name=\"twitter:site\" content=\"@jinsuncarbon_\" \/>\n<meta name=\"twitter:label1\" content=\"Gesch\u00e4tzte Lesezeit\" \/>\n\t<meta name=\"twitter:data1\" content=\"5\u00a0Minuten\" \/>\n<script type=\"application\/ld+json\" class=\"yoast-schema-graph\">{\"@context\":\"https:\/\/schema.org\",\"@graph\":[{\"@type\":\"WebPage\",\"@id\":\"https:\/\/jinsuncarbon.com\/product\/natural-graphite\/\",\"url\":\"https:\/\/jinsuncarbon.com\/product\/natural-graphite\/\",\"name\":\"Natural Graphite Manufacturer & Producer | Jinsun Carbon\",\"isPartOf\":{\"@id\":\"https:\/\/jinsuncarbon.com\/#website\"},\"primaryImageOfPage\":{\"@id\":\"https:\/\/jinsuncarbon.com\/product\/natural-graphite\/#primaryimage\"},\"image\":{\"@id\":\"https:\/\/jinsuncarbon.com\/product\/natural-graphite\/#primaryimage\"},\"thumbnailUrl\":\"https:\/\/jinsuncarbon.com\/wp-content\/uploads\/2024\/12\/natural-graphite.jpg\",\"datePublished\":\"2024-12-22T12:44:54+00:00\",\"dateModified\":\"2024-12-22T14:08:04+00:00\",\"description\":\"Natural graphite manufacturers and producers, uses in lubricants, batteries, steelmaking, expanded graphite, natural flake graphite powder at the best price\",\"breadcrumb\":{\"@id\":\"https:\/\/jinsuncarbon.com\/product\/natural-graphite\/#breadcrumb\"},\"inLanguage\":\"de\",\"potentialAction\":[{\"@type\":\"ReadAction\",\"target\":[\"https:\/\/jinsuncarbon.com\/product\/natural-graphite\/\"]}]},{\"@type\":\"ImageObject\",\"inLanguage\":\"de\",\"@id\":\"https:\/\/jinsuncarbon.com\/product\/natural-graphite\/#primaryimage\",\"url\":\"https:\/\/jinsuncarbon.com\/wp-content\/uploads\/2024\/12\/natural-graphite.jpg\",\"contentUrl\":\"https:\/\/jinsuncarbon.com\/wp-content\/uploads\/2024\/12\/natural-graphite.jpg\",\"width\":1024,\"height\":763,\"caption\":\"natural graphite\"},{\"@type\":\"BreadcrumbList\",\"@id\":\"https:\/\/jinsuncarbon.com\/product\/natural-graphite\/#breadcrumb\",\"itemListElement\":[{\"@type\":\"ListItem\",\"position\":1,\"name\":\"Home\",\"item\":\"https:\/\/jinsuncarbon.com\/\"},{\"@type\":\"ListItem\",\"position\":2,\"name\":\"Products\",\"item\":\"https:\/\/jinsuncarbon.com\/graphite-carbon\/\"},{\"@type\":\"ListItem\",\"position\":3,\"name\":\"Natural Graphite\"}]},{\"@type\":\"WebSite\",\"@id\":\"https:\/\/jinsuncarbon.com\/#website\",\"url\":\"https:\/\/jinsuncarbon.com\/\",\"name\":\"Jinsun Carbon\",\"description\":\"We are the successful graphite electrode manufacturer in China\",\"publisher\":{\"@id\":\"https:\/\/jinsuncarbon.com\/#organization\"},\"potentialAction\":[{\"@type\":\"SearchAction\",\"target\":{\"@type\":\"EntryPoint\",\"urlTemplate\":\"https:\/\/jinsuncarbon.com\/?s={search_term_string}\"},\"query-input\":{\"@type\":\"PropertyValueSpecification\",\"valueRequired\":true,\"valueName\":\"search_term_string\"}}],\"inLanguage\":\"de\"},{\"@type\":\"Organization\",\"@id\":\"https:\/\/jinsuncarbon.com\/#organization\",\"name\":\"Jinsun Carbon\",\"alternateName\":\"Jinsun Carbon\",\"url\":\"https:\/\/jinsuncarbon.com\/\",\"logo\":{\"@type\":\"ImageObject\",\"inLanguage\":\"de\",\"@id\":\"https:\/\/jinsuncarbon.com\/#\/schema\/logo\/image\/\",\"url\":\"https:\/\/jinsuncarbon.com\/wp-content\/uploads\/2022\/12\/LOGO-1.png\",\"contentUrl\":\"https:\/\/jinsuncarbon.com\/wp-content\/uploads\/2022\/12\/LOGO-1.png\",\"width\":207,\"height\":80,\"caption\":\"Jinsun Carbon\"},\"image\":{\"@id\":\"https:\/\/jinsuncarbon.com\/#\/schema\/logo\/image\/\"},\"sameAs\":[\"https:\/\/www.facebook.com\/Graphite-Electrode-109336238661595\",\"https:\/\/x.com\/jinsuncarbon_\",\"https:\/\/www.linkedin.com\/in\/jinsungraphite\",\"https:\/\/www.youtube.com\/channel\/UCysDNyvyR5-3cCWEmpkVC0g\"]}]}<\/script>\n<!-- \/ Yoast SEO Premium plugin. -->","yoast_head_json":{"title":"Hersteller und Produzent von Naturgraphit | Jinsun Carbon","description":"Hersteller und Produzenten von Naturgraphit, Verwendung in Schmiermitteln, Batterien, Stahlerzeugung, expandiertem Graphit, Naturgraphitpulver in Flockenform zum besten Preis","robots":{"index":"index","follow":"follow","max-snippet":"max-snippet:-1","max-image-preview":"max-image-preview:large","max-video-preview":"max-video-preview:-1"},"canonical":"https:\/\/jinsuncarbon.com\/de\/produkt\/naturgraphit\/","og_locale":"de_DE","og_type":"article","og_title":"Natural Graphite","og_description":"Natural graphite manufacturers and producers, uses in lubricants, batteries, steelmaking, expanded graphite, natural flake graphite powder at the best price","og_url":"https:\/\/jinsuncarbon.com\/de\/produkt\/naturgraphit\/","og_site_name":"Jinsun Carbon","article_publisher":"https:\/\/www.facebook.com\/Graphite-Electrode-109336238661595","article_modified_time":"2024-12-22T14:08:04+00:00","og_image":[{"width":1024,"height":763,"url":"https:\/\/jinsuncarbon.com\/wp-content\/uploads\/2024\/12\/natural-graphite.jpg","type":"image\/jpeg"}],"twitter_card":"summary_large_image","twitter_site":"@jinsuncarbon_","twitter_misc":{"Gesch\u00e4tzte Lesezeit":"5\u00a0Minuten"},"schema":{"@context":"https:\/\/schema.org","@graph":[{"@type":"WebPage","@id":"https:\/\/jinsuncarbon.com\/product\/natural-graphite\/","url":"https:\/\/jinsuncarbon.com\/product\/natural-graphite\/","name":"Hersteller und Produzent von Naturgraphit | Jinsun Carbon","isPartOf":{"@id":"https:\/\/jinsuncarbon.com\/#website"},"primaryImageOfPage":{"@id":"https:\/\/jinsuncarbon.com\/product\/natural-graphite\/#primaryimage"},"image":{"@id":"https:\/\/jinsuncarbon.com\/product\/natural-graphite\/#primaryimage"},"thumbnailUrl":"https:\/\/jinsuncarbon.com\/wp-content\/uploads\/2024\/12\/natural-graphite.jpg","datePublished":"2024-12-22T12:44:54+00:00","dateModified":"2024-12-22T14:08:04+00:00","description":"Hersteller und Produzenten von Naturgraphit, Verwendung in Schmiermitteln, Batterien, Stahlerzeugung, expandiertem Graphit, Naturgraphitpulver in Flockenform zum besten Preis","breadcrumb":{"@id":"https:\/\/jinsuncarbon.com\/product\/natural-graphite\/#breadcrumb"},"inLanguage":"de","potentialAction":[{"@type":"ReadAction","target":["https:\/\/jinsuncarbon.com\/product\/natural-graphite\/"]}]},{"@type":"ImageObject","inLanguage":"de","@id":"https:\/\/jinsuncarbon.com\/product\/natural-graphite\/#primaryimage","url":"https:\/\/jinsuncarbon.com\/wp-content\/uploads\/2024\/12\/natural-graphite.jpg","contentUrl":"https:\/\/jinsuncarbon.com\/wp-content\/uploads\/2024\/12\/natural-graphite.jpg","width":1024,"height":763,"caption":"natural graphite"},{"@type":"BreadcrumbList","@id":"https:\/\/jinsuncarbon.com\/product\/natural-graphite\/#breadcrumb","itemListElement":[{"@type":"ListItem","position":1,"name":"Home","item":"https:\/\/jinsuncarbon.com\/"},{"@type":"ListItem","position":2,"name":"Products","item":"https:\/\/jinsuncarbon.com\/graphite-carbon\/"},{"@type":"ListItem","position":3,"name":"Natural Graphite"}]},{"@type":"WebSite","@id":"https:\/\/jinsuncarbon.com\/#website","url":"https:\/\/jinsuncarbon.com\/","name":"Jinsun Kohlenstoff","description":"Wir sind der erfolgreiche Hersteller von Graphitelektroden in China","publisher":{"@id":"https:\/\/jinsuncarbon.com\/#organization"},"potentialAction":[{"@type":"SearchAction","target":{"@type":"EntryPoint","urlTemplate":"https:\/\/jinsuncarbon.com\/?s={search_term_string}"},"query-input":{"@type":"PropertyValueSpecification","valueRequired":true,"valueName":"search_term_string"}}],"inLanguage":"de"},{"@type":"Organization","@id":"https:\/\/jinsuncarbon.com\/#organization","name":"Jinsun Kohlenstoff","alternateName":"Jinsun Carbon","url":"https:\/\/jinsuncarbon.com\/","logo":{"@type":"ImageObject","inLanguage":"de","@id":"https:\/\/jinsuncarbon.com\/#\/schema\/logo\/image\/","url":"https:\/\/jinsuncarbon.com\/wp-content\/uploads\/2022\/12\/LOGO-1.png","contentUrl":"https:\/\/jinsuncarbon.com\/wp-content\/uploads\/2022\/12\/LOGO-1.png","width":207,"height":80,"caption":"Jinsun Carbon"},"image":{"@id":"https:\/\/jinsuncarbon.com\/#\/schema\/logo\/image\/"},"sameAs":["https:\/\/www.facebook.com\/Graphite-Electrode-109336238661595","https:\/\/x.com\/jinsuncarbon_","https:\/\/www.linkedin.com\/in\/jinsungraphite","https:\/\/www.youtube.com\/channel\/UCysDNyvyR5-3cCWEmpkVC0g"]}]}},"_links":{"self":[{"href":"https:\/\/jinsuncarbon.com\/de\/wp-json\/wp\/v2\/product\/7111","targetHints":{"allow":["GET"]}}],"collection":[{"href":"https:\/\/jinsuncarbon.com\/de\/wp-json\/wp\/v2\/product"}],"about":[{"href":"https:\/\/jinsuncarbon.com\/de\/wp-json\/wp\/v2\/types\/product"}],"wp:featuredmedia":[{"embeddable":true,"href":"https:\/\/jinsuncarbon.com\/de\/wp-json\/wp\/v2\/media\/7112"}],"wp:attachment":[{"href":"https:\/\/jinsuncarbon.com\/de\/wp-json\/wp\/v2\/media?parent=7111"}],"wp:term":[{"taxonomy":"product_brand","embeddable":true,"href":"https:\/\/jinsuncarbon.com\/de\/wp-json\/wp\/v2\/product_brand?post=7111"},{"taxonomy":"product_cat","embeddable":true,"href":"https:\/\/jinsuncarbon.com\/de\/wp-json\/wp\/v2\/product_cat?post=7111"},{"taxonomy":"product_tag","embeddable":true,"href":"https:\/\/jinsuncarbon.com\/de\/wp-json\/wp\/v2\/product_tag?post=7111"}],"curies":[{"name":"wp","href":"https:\/\/api.w.org\/{rel}","templated":true}]}}