{"id":7108,"date":"2024-12-22T11:48:17","date_gmt":"2024-12-22T11:48:17","guid":{"rendered":"https:\/\/jinsuncarbon.com\/?post_type=product&#038;p=7108"},"modified":"2024-12-22T11:48:52","modified_gmt":"2024-12-22T11:48:52","slug":"graphitrotor","status":"publish","type":"product","link":"https:\/\/jinsuncarbon.com\/de\/produkt\/graphitrotor\/","title":{"rendered":"Graphit-Rotor"},"content":{"rendered":"<h2>Graphit-Rotor und -Welle<\/h2>\n<h3>Dauerhaftigkeit<\/h3>\n<p>Graphit ist weithin f\u00fcr seine Z\u00e4higkeit in schwierigen Umgebungen bekannt. Graphitrotoren und -wellen sind von Natur aus verschlei\u00dffest und \u00fcberdauern l\u00e4nger als Rotoren und Wellen aus Metall oder Polymer. Sie halten st\u00e4ndigem Schleifen, Abrieb und Belastungen stand, was sie zu einer idealen L\u00f6sung f\u00fcr Industrien macht, die einen hohen Arbeitsverschlei\u00df erfordern.<\/p>\n<h3>Korrosionsbest\u00e4ndigkeit<\/h3>\n<p>Eine weitere erstaunliche Eigenschaft von Graphit ist seine hohe Korrosionsbest\u00e4ndigkeit. Im Gegensatz zu Metallen korrodiert oder zersetzt sich Graphit nicht, wenn Feuchtigkeit, S\u00e4uren oder Chemikalien vorhanden sind. Rotoren und Wellen aus Graphit eignen sich besonders gut f\u00fcr den Einsatz in Branchen wie der chemischen Verarbeitung und \u00d6lraffinerien, in denen korrosive Stoffe weit verbreitet sind.<\/p>\n<h3>Hohe Temperaturbest\u00e4ndigkeit<\/h3>\n<p>Ein weiterer Grund, warum sich Graphit f\u00fcr Hochtemperaturanwendungen eignet, ist seine Widerstandsf\u00e4higkeit gegen\u00fcber hohen Temperaturen. In Anwendungen, die von der Stromerzeugung bis hin zu Maschinen in Hoch\u00f6fen reichen, kann Graphit bei Temperaturen von bis zu 1649\u00b0C (3000\u00b0F) ohne Beeintr\u00e4chtigung funktionieren. Rotor und Welle \u00fcberstehen extreme Hochtemperaturumgebungen, ohne dass es zu Ausf\u00e4llen und damit zu Sabotageakten kommt.<\/p>\n<h3>Geringe Reibung<\/h3>\n<p>Graphit wirkt von Natur aus als Schmiermittel und verringert die Reibung beim Aufeinandertreffen beweglicher Teile. Das bedeutet weniger Verschlei\u00df, weniger Energie und niedrigere Betriebstemperaturen. Die geringe Reibung tr\u00e4gt auch dazu bei, \u00dcberhitzung und die Notwendigkeit zus\u00e4tzlicher Schmierung zu vermeiden, die kostspielig und umst\u00e4ndlich sein kann.<\/p>\n<h3>Leichtgewicht<\/h3>\n<p>Graphit ist im Vergleich zu Metallen wie Stahl oder Eisen ein leichtes Material. Au\u00dferdem ist es einfacher, mit Graphitrotoren und -wellen zu arbeiten, was die Belastung von Maschinen verringert. Graphit eignet sich hervorragend f\u00fcr den Einsatz in Elektromotoren oder sogar in der Luft- und Raumfahrttechnik, wo das Gewicht eine Rolle spielt.<\/p>\n<h3>Elektrische Leitf\u00e4higkeit<\/h3>\n<p>Einer der besten schwarzen Leiter ist Graphit. Er eignet sich f\u00fcr Anwendungen, bei denen der elektrische Widerstand ein Problem darstellt, wie z. B. bei Elektromotoren oder Stromgeneratoren. Graphit ist auch ein hervorragender elektrischer Leiter, was ihn aufgrund seiner F\u00e4higkeit, Energie effizient zu \u00fcbertragen, zu einem attraktiven Material f\u00fcr elektrische und elektronische Anwendungen macht.<\/p>\n<h3>Personalisierung<\/h3>\n<p>Rotoren und Wellen aus Graphit k\u00f6nnen f\u00fcr individuelle Anwendungsanforderungen ma\u00dfgeschneidert werden. Zu diesen Spezifikationen geh\u00f6ren Gr\u00f6\u00dfe, Form und Materialzusammensetzung, die auf die Anforderungen der verschiedenen Maschinen zugeschnitten werden k\u00f6nnen. Von einer kleinen Welle f\u00fcr ein Pr\u00e4zisionswerkzeug bis hin zu einem gro\u00dfen Rotor f\u00fcr eine Industrieanlage - Graphit eignet sich f\u00fcr unterschiedliche Konstruktionen.<\/p>\n<h3>Anwendungen von Graphitrotoren und -wellen<\/h3>\n<p>Chemische Verarbeitung<\/p>\n<p>In der chemischen Verarbeitungsindustrie kommen die Anlagen regelm\u00e4\u00dfig mit aggressiven Chemikalien, L\u00f6sungsmitteln und S\u00e4uren in Kontakt. Ein gutes Beispiel f\u00fcr die Vorteile der Verwendung von Graphit, dessen Korrosionsbest\u00e4ndigkeit es zum bevorzugten Material f\u00fcr Rotoren und Wellen in Pumpen, Mischern und Reaktoren macht. Diese Komponenten bieten best\u00e4ndige Zuverl\u00e4ssigkeit in Umgebungen, in denen Standardmaterialien schnell erodieren w\u00fcrden.<\/p>\n<p>&nbsp;<\/p>\n<p>Aluminium-Guss<\/p>\n<p>Graphitrotorwellen sind speziell entwickelte Teile, die in der Industrie zum R\u00fchren von Aluminiumfl\u00fcssigkeiten verwendet werden. Diese Teile werden h\u00e4ufig bei der Verarbeitung von geschmolzenem Metall verwendet, wo sie f\u00fcr das Mischen und Homogenisieren von Aluminium beim Gie\u00dfen oder anderen Produktionsprozessen unerl\u00e4sslich sind. Graphit wird aufgrund seiner au\u00dfergew\u00f6hnlichen Eigenschaften ausgew\u00e4hlt, die es ihm erm\u00f6glichen, extremen Bedingungen standzuhalten, bei denen alternative Materialien Schaden nehmen w\u00fcrden.<\/p>\n<p>Bei der Aluminiumverarbeitung beispielsweise m\u00fcssen der Rotor und die Welle extremer Hitze, Abrieb und den korrosiven Eigenschaften der Schmelze standhalten k\u00f6nnen. <a href=\"https:\/\/en.wikipedia.org\/wiki\/Aluminium#:~:text=Aluminium%20(or%20aluminum%20in%20North,surface%20when%20exposed%20to%20air.\" target=\"_blank\" rel=\"noopener\">Aluminium<\/a>. Graphit widersteht diesen Bedingungen und sorgt daf\u00fcr, dass sich die Ger\u00e4te \u00fcber l\u00e4ngere Zeitr\u00e4ume hinweg weiterentwickeln.<\/p>\n<p>&nbsp;<\/p>\n<h3>Spezifikationen von Graphitrotor und -welle<\/h3>\n<p>Materialzusammensetzung<\/p>\n<ul>\n<li>Reiner Graphit - am besten f\u00fcr regelm\u00e4\u00dfige Anwendungen: Regelm\u00e4\u00dfige Anwendungen, die Korrosionsbest\u00e4ndigkeit und Hitzetoleranz erfordern.<\/li>\n<li>Impr\u00e4gnierter Graphit: F\u00fcr Schwerlastanwendungen, bei denen Festigkeit und zus\u00e4tzliche Haltbarkeit erforderlich sind. Insbesondere hat impr\u00e4gnierter Graphit eine hervorragende Verschlei\u00dffestigkeit.<\/li>\n<li>Graphit-Kohlenstoff-Verbundwerkstoffe: Dies ist eine Mischung aus Graphit und Kohlenstoff, die eine h\u00f6here Festigkeit und Haltbarkeit f\u00fcr hochbelastete Anwendungen bietet. <a href=\"https:\/\/jinsuncarbon.com\/de\/produkt\/kohlenstoff-kohlenstoff-verbundstoff\/\">Kohlenstoff<\/a>.<\/li>\n<\/ul>\n<p>Abmessungen<\/p>\n<p>Rotoren und Wellen aus Graphit k\u00f6nnen in jeder beliebigen Gr\u00f6\u00dfe und mit jedem beliebigen Durchmesser hergestellt werden, die auf Ihre Ausr\u00fcstung zugeschnitten sind. Sie ben\u00f6tigen Pr\u00e4zisionsteile mit sehr unterschiedlichen Gr\u00f6\u00dfen, von kleinen Teilen, die in Motoren und Pumpen verwendet werden, bis hin zu gro\u00dfen Teilen f\u00fcr Industriemaschinen.<\/p>\n<p>Temperaturbest\u00e4ndigkeit<\/p>\n<p>Je nach Typ k\u00f6nnen Rotoren und Wellen aus Graphit eine normale Betriebstemperatur von bis zu 1649\u00b0C (3000\u00b0F) f\u00fcr Hochtemperatureinstellungen aufweisen.<\/p>\n<p>Reibungskoeffizient<\/p>\n<p>Die nat\u00fcrlichen Schmiereigenschaften von Graphit ergeben einen extrem niedrigen Reibungskoeffizienten. Dadurch werden Verschlei\u00df, W\u00e4rme und unn\u00f6tiger Energieverbrauch reduziert, was dieses dynamische Material f\u00fcr rotierende Teile bemerkenswert energieeffizient macht.<\/p>\n<p>Leitf\u00e4higkeit<\/p>\n<p>Da Graphit ein guter Stromleiter ist, eignet er sich f\u00fcr Elektromotoren, Generatoren und andere elektrische Systeme. Je nach Qualit\u00e4t des verwendeten Materials kann es eine unterschiedliche elektrische Leitf\u00e4higkeit aufweisen.<\/p>\n<p>Gewicht<\/p>\n<p><a href=\"https:\/\/jinsuncarbon.com\/de\/die-verwendung-von-graphit\/\">Graphit<\/a> ist viel leichter als Metalle wie Stahl oder Eisen, wodurch sich das Gesamtgewicht von Maschinen und Bauteilen verringert. Bei Anwendungen wie <a href=\"https:\/\/en.wikipedia.org\/wiki\/Aerospace\" target=\"_blank\" rel=\"noopener\">Luft- und Raumfahrt<\/a> oder Elektromotoren, bei denen das Gewicht so gering wie m\u00f6glich sein muss, kann dies besonders wichtig sein.<\/p>\n<p>Tragf\u00e4higkeit<\/p>\n<p>Graphitverbundwerkstoffe eignen sich f\u00fcr praktisch jede tragende Anwendung. Je nach Qualit\u00e4t des verwendeten Graphits k\u00f6nnen diese Bauteile sowohl in leichten als auch in schweren Systemen gute Leistungen erbringen.<\/p>\n<p>&nbsp;<\/p>","protected":false},"excerpt":{"rendered":"<p>Graphitrotoren und -wellen bestehen in der Regel aus hochdichten, hochreinen Graphitmaterialien mit guter Hochtemperatur- und Korrosionsbest\u00e4ndigkeit. Sie werden haupts\u00e4chlich zum Schmelzen von Aluminium verwendet und haben die Aufgabe, die Aluminiumfl\u00fcssigkeit zu r\u00fchren und zu entgasen, Wasserstoff und Verunreinigungen abzuf\u00fchren und die Porosit\u00e4t des Gussst\u00fccks zu verringern, wodurch die Reinheit und Qualit\u00e4t der Aluminiumprodukte verbessert wird. Besonders beliebt sind sie in Industrien, die eine extrem hohe Pr\u00e4zision und Langlebigkeit erfordern, z. B. in der chemischen Verarbeitung, der Metallverh\u00fcttung und dem Gie\u00dfen.<\/p>","protected":false},"featured_media":7109,"template":"","meta":[],"product_brand":[],"product_cat":[38],"product_tag":[],"class_list":{"0":"post-7108","1":"product","2":"type-product","3":"status-publish","4":"has-post-thumbnail","6":"product_cat-graphite-products","8":"first","9":"instock","10":"shipping-taxable","11":"product-type-simple"},"yoast_head":"<!-- This site is optimized with the Yoast SEO Premium plugin v19.2.1 (Yoast SEO v25.3) - https:\/\/yoast.com\/wordpress\/plugins\/seo\/ -->\n<title>Graphite Rotor for Aluminum Melting | Jinsun Carbon<\/title>\n<meta name=\"description\" content=\"The graphite rotor is composed of a rotor and a shaft in aluminum alloy smelting. It improves the purity of aluminum and aluminum alloy by stirring and degassing the aluminum liquid.\" \/>\n<meta name=\"robots\" content=\"index, follow, max-snippet:-1, max-image-preview:large, max-video-preview:-1\" \/>\n<link rel=\"canonical\" href=\"https:\/\/jinsuncarbon.com\/de\/produkt\/graphitrotor\/\" \/>\n<meta property=\"og:locale\" content=\"de_DE\" \/>\n<meta property=\"og:type\" content=\"article\" \/>\n<meta property=\"og:title\" content=\"Graphite Rotor\" \/>\n<meta property=\"og:description\" content=\"The graphite rotor is composed of a rotor and a shaft in aluminum alloy smelting. It improves the purity of aluminum and aluminum alloy by stirring and degassing the aluminum liquid.\" \/>\n<meta property=\"og:url\" content=\"https:\/\/jinsuncarbon.com\/de\/produkt\/graphitrotor\/\" \/>\n<meta property=\"og:site_name\" content=\"Jinsun Carbon\" \/>\n<meta property=\"article:publisher\" content=\"https:\/\/www.facebook.com\/Graphite-Electrode-109336238661595\" \/>\n<meta property=\"article:modified_time\" content=\"2024-12-22T11:48:52+00:00\" \/>\n<meta property=\"og:image\" content=\"https:\/\/jinsuncarbon.com\/wp-content\/uploads\/2024\/12\/Graphite-Rotor-and-Shaft.jpg\" \/>\n\t<meta property=\"og:image:width\" content=\"1024\" \/>\n\t<meta property=\"og:image:height\" content=\"763\" \/>\n\t<meta property=\"og:image:type\" content=\"image\/jpeg\" \/>\n<meta name=\"twitter:card\" content=\"summary_large_image\" \/>\n<meta name=\"twitter:site\" content=\"@jinsuncarbon_\" \/>\n<meta name=\"twitter:label1\" content=\"Gesch\u00e4tzte Lesezeit\" \/>\n\t<meta name=\"twitter:data1\" content=\"4\u00a0Minuten\" \/>\n<script type=\"application\/ld+json\" class=\"yoast-schema-graph\">{\"@context\":\"https:\/\/schema.org\",\"@graph\":[{\"@type\":\"WebPage\",\"@id\":\"https:\/\/jinsuncarbon.com\/product\/graphite-rotor\/\",\"url\":\"https:\/\/jinsuncarbon.com\/product\/graphite-rotor\/\",\"name\":\"Graphite Rotor for Aluminum Melting | Jinsun Carbon\",\"isPartOf\":{\"@id\":\"https:\/\/jinsuncarbon.com\/#website\"},\"primaryImageOfPage\":{\"@id\":\"https:\/\/jinsuncarbon.com\/product\/graphite-rotor\/#primaryimage\"},\"image\":{\"@id\":\"https:\/\/jinsuncarbon.com\/product\/graphite-rotor\/#primaryimage\"},\"thumbnailUrl\":\"https:\/\/jinsuncarbon.com\/wp-content\/uploads\/2024\/12\/Graphite-Rotor-and-Shaft.jpg\",\"datePublished\":\"2024-12-22T11:48:17+00:00\",\"dateModified\":\"2024-12-22T11:48:52+00:00\",\"description\":\"The graphite rotor is composed of a rotor and a shaft in aluminum alloy smelting. It improves the purity of aluminum and aluminum alloy by stirring and degassing the aluminum liquid.\",\"breadcrumb\":{\"@id\":\"https:\/\/jinsuncarbon.com\/product\/graphite-rotor\/#breadcrumb\"},\"inLanguage\":\"de\",\"potentialAction\":[{\"@type\":\"ReadAction\",\"target\":[\"https:\/\/jinsuncarbon.com\/product\/graphite-rotor\/\"]}]},{\"@type\":\"ImageObject\",\"inLanguage\":\"de\",\"@id\":\"https:\/\/jinsuncarbon.com\/product\/graphite-rotor\/#primaryimage\",\"url\":\"https:\/\/jinsuncarbon.com\/wp-content\/uploads\/2024\/12\/Graphite-Rotor-and-Shaft.jpg\",\"contentUrl\":\"https:\/\/jinsuncarbon.com\/wp-content\/uploads\/2024\/12\/Graphite-Rotor-and-Shaft.jpg\",\"width\":1024,\"height\":763,\"caption\":\"Graphite Rotor and Shaft\"},{\"@type\":\"BreadcrumbList\",\"@id\":\"https:\/\/jinsuncarbon.com\/product\/graphite-rotor\/#breadcrumb\",\"itemListElement\":[{\"@type\":\"ListItem\",\"position\":1,\"name\":\"Home\",\"item\":\"https:\/\/jinsuncarbon.com\/\"},{\"@type\":\"ListItem\",\"position\":2,\"name\":\"Products\",\"item\":\"https:\/\/jinsuncarbon.com\/graphite-carbon\/\"},{\"@type\":\"ListItem\",\"position\":3,\"name\":\"Graphite Rotor\"}]},{\"@type\":\"WebSite\",\"@id\":\"https:\/\/jinsuncarbon.com\/#website\",\"url\":\"https:\/\/jinsuncarbon.com\/\",\"name\":\"Jinsun Carbon\",\"description\":\"We are the successful graphite electrode manufacturer in China\",\"publisher\":{\"@id\":\"https:\/\/jinsuncarbon.com\/#organization\"},\"potentialAction\":[{\"@type\":\"SearchAction\",\"target\":{\"@type\":\"EntryPoint\",\"urlTemplate\":\"https:\/\/jinsuncarbon.com\/?s={search_term_string}\"},\"query-input\":{\"@type\":\"PropertyValueSpecification\",\"valueRequired\":true,\"valueName\":\"search_term_string\"}}],\"inLanguage\":\"de\"},{\"@type\":\"Organization\",\"@id\":\"https:\/\/jinsuncarbon.com\/#organization\",\"name\":\"Jinsun Carbon\",\"alternateName\":\"Jinsun Carbon\",\"url\":\"https:\/\/jinsuncarbon.com\/\",\"logo\":{\"@type\":\"ImageObject\",\"inLanguage\":\"de\",\"@id\":\"https:\/\/jinsuncarbon.com\/#\/schema\/logo\/image\/\",\"url\":\"https:\/\/jinsuncarbon.com\/wp-content\/uploads\/2022\/12\/LOGO-1.png\",\"contentUrl\":\"https:\/\/jinsuncarbon.com\/wp-content\/uploads\/2022\/12\/LOGO-1.png\",\"width\":207,\"height\":80,\"caption\":\"Jinsun Carbon\"},\"image\":{\"@id\":\"https:\/\/jinsuncarbon.com\/#\/schema\/logo\/image\/\"},\"sameAs\":[\"https:\/\/www.facebook.com\/Graphite-Electrode-109336238661595\",\"https:\/\/x.com\/jinsuncarbon_\",\"https:\/\/www.linkedin.com\/in\/jinsungraphite\",\"https:\/\/www.youtube.com\/channel\/UCysDNyvyR5-3cCWEmpkVC0g\"]}]}<\/script>\n<!-- \/ Yoast SEO Premium plugin. -->","yoast_head_json":{"title":"Graphitrotor f\u00fcr Aluminiumschmelzen | Jinsun Carbon","description":"Der Graphitrotor besteht aus einem Rotor und einer Welle beim Schmelzen von Aluminiumlegierungen. Er verbessert die Reinheit von Aluminium und Aluminiumlegierungen durch R\u00fchren und Entgasen der Aluminiumfl\u00fcssigkeit.","robots":{"index":"index","follow":"follow","max-snippet":"max-snippet:-1","max-image-preview":"max-image-preview:large","max-video-preview":"max-video-preview:-1"},"canonical":"https:\/\/jinsuncarbon.com\/de\/produkt\/graphitrotor\/","og_locale":"de_DE","og_type":"article","og_title":"Graphite Rotor","og_description":"The graphite rotor is composed of a rotor and a shaft in aluminum alloy smelting. It improves the purity of aluminum and aluminum alloy by stirring and degassing the aluminum liquid.","og_url":"https:\/\/jinsuncarbon.com\/de\/produkt\/graphitrotor\/","og_site_name":"Jinsun Carbon","article_publisher":"https:\/\/www.facebook.com\/Graphite-Electrode-109336238661595","article_modified_time":"2024-12-22T11:48:52+00:00","og_image":[{"width":1024,"height":763,"url":"https:\/\/jinsuncarbon.com\/wp-content\/uploads\/2024\/12\/Graphite-Rotor-and-Shaft.jpg","type":"image\/jpeg"}],"twitter_card":"summary_large_image","twitter_site":"@jinsuncarbon_","twitter_misc":{"Gesch\u00e4tzte Lesezeit":"4\u00a0Minuten"},"schema":{"@context":"https:\/\/schema.org","@graph":[{"@type":"WebPage","@id":"https:\/\/jinsuncarbon.com\/product\/graphite-rotor\/","url":"https:\/\/jinsuncarbon.com\/product\/graphite-rotor\/","name":"Graphitrotor f\u00fcr Aluminiumschmelzen | Jinsun Carbon","isPartOf":{"@id":"https:\/\/jinsuncarbon.com\/#website"},"primaryImageOfPage":{"@id":"https:\/\/jinsuncarbon.com\/product\/graphite-rotor\/#primaryimage"},"image":{"@id":"https:\/\/jinsuncarbon.com\/product\/graphite-rotor\/#primaryimage"},"thumbnailUrl":"https:\/\/jinsuncarbon.com\/wp-content\/uploads\/2024\/12\/Graphite-Rotor-and-Shaft.jpg","datePublished":"2024-12-22T11:48:17+00:00","dateModified":"2024-12-22T11:48:52+00:00","description":"Der Graphitrotor besteht aus einem Rotor und einer Welle beim Schmelzen von Aluminiumlegierungen. Er verbessert die Reinheit von Aluminium und Aluminiumlegierungen durch R\u00fchren und Entgasen der Aluminiumfl\u00fcssigkeit.","breadcrumb":{"@id":"https:\/\/jinsuncarbon.com\/product\/graphite-rotor\/#breadcrumb"},"inLanguage":"de","potentialAction":[{"@type":"ReadAction","target":["https:\/\/jinsuncarbon.com\/product\/graphite-rotor\/"]}]},{"@type":"ImageObject","inLanguage":"de","@id":"https:\/\/jinsuncarbon.com\/product\/graphite-rotor\/#primaryimage","url":"https:\/\/jinsuncarbon.com\/wp-content\/uploads\/2024\/12\/Graphite-Rotor-and-Shaft.jpg","contentUrl":"https:\/\/jinsuncarbon.com\/wp-content\/uploads\/2024\/12\/Graphite-Rotor-and-Shaft.jpg","width":1024,"height":763,"caption":"Graphite Rotor and Shaft"},{"@type":"BreadcrumbList","@id":"https:\/\/jinsuncarbon.com\/product\/graphite-rotor\/#breadcrumb","itemListElement":[{"@type":"ListItem","position":1,"name":"Home","item":"https:\/\/jinsuncarbon.com\/"},{"@type":"ListItem","position":2,"name":"Products","item":"https:\/\/jinsuncarbon.com\/graphite-carbon\/"},{"@type":"ListItem","position":3,"name":"Graphite Rotor"}]},{"@type":"WebSite","@id":"https:\/\/jinsuncarbon.com\/#website","url":"https:\/\/jinsuncarbon.com\/","name":"Jinsun Kohlenstoff","description":"Wir sind der erfolgreiche Hersteller von Graphitelektroden in China","publisher":{"@id":"https:\/\/jinsuncarbon.com\/#organization"},"potentialAction":[{"@type":"SearchAction","target":{"@type":"EntryPoint","urlTemplate":"https:\/\/jinsuncarbon.com\/?s={search_term_string}"},"query-input":{"@type":"PropertyValueSpecification","valueRequired":true,"valueName":"search_term_string"}}],"inLanguage":"de"},{"@type":"Organization","@id":"https:\/\/jinsuncarbon.com\/#organization","name":"Jinsun Kohlenstoff","alternateName":"Jinsun Carbon","url":"https:\/\/jinsuncarbon.com\/","logo":{"@type":"ImageObject","inLanguage":"de","@id":"https:\/\/jinsuncarbon.com\/#\/schema\/logo\/image\/","url":"https:\/\/jinsuncarbon.com\/wp-content\/uploads\/2022\/12\/LOGO-1.png","contentUrl":"https:\/\/jinsuncarbon.com\/wp-content\/uploads\/2022\/12\/LOGO-1.png","width":207,"height":80,"caption":"Jinsun Carbon"},"image":{"@id":"https:\/\/jinsuncarbon.com\/#\/schema\/logo\/image\/"},"sameAs":["https:\/\/www.facebook.com\/Graphite-Electrode-109336238661595","https:\/\/x.com\/jinsuncarbon_","https:\/\/www.linkedin.com\/in\/jinsungraphite","https:\/\/www.youtube.com\/channel\/UCysDNyvyR5-3cCWEmpkVC0g"]}]}},"_links":{"self":[{"href":"https:\/\/jinsuncarbon.com\/de\/wp-json\/wp\/v2\/product\/7108","targetHints":{"allow":["GET"]}}],"collection":[{"href":"https:\/\/jinsuncarbon.com\/de\/wp-json\/wp\/v2\/product"}],"about":[{"href":"https:\/\/jinsuncarbon.com\/de\/wp-json\/wp\/v2\/types\/product"}],"wp:featuredmedia":[{"embeddable":true,"href":"https:\/\/jinsuncarbon.com\/de\/wp-json\/wp\/v2\/media\/7109"}],"wp:attachment":[{"href":"https:\/\/jinsuncarbon.com\/de\/wp-json\/wp\/v2\/media?parent=7108"}],"wp:term":[{"taxonomy":"product_brand","embeddable":true,"href":"https:\/\/jinsuncarbon.com\/de\/wp-json\/wp\/v2\/product_brand?post=7108"},{"taxonomy":"product_cat","embeddable":true,"href":"https:\/\/jinsuncarbon.com\/de\/wp-json\/wp\/v2\/product_cat?post=7108"},{"taxonomy":"product_tag","embeddable":true,"href":"https:\/\/jinsuncarbon.com\/de\/wp-json\/wp\/v2\/product_tag?post=7108"}],"curies":[{"name":"wp","href":"https:\/\/api.w.org\/{rel}","templated":true}]}}