{"id":7103,"date":"2024-12-21T15:21:24","date_gmt":"2024-12-21T15:21:24","guid":{"rendered":"https:\/\/jinsuncarbon.com\/?post_type=product&#038;p=7103"},"modified":"2024-12-21T23:29:04","modified_gmt":"2024-12-21T23:29:04","slug":"stampfpaste","status":"publish","type":"product","link":"https:\/\/jinsuncarbon.com\/de\/produkt\/stampfpaste\/","title":{"rendered":"Stampfpaste"},"content":{"rendered":"<p class=\"ql-align-justify\">Die Rammschutzpaste umfasst haupts\u00e4chlich die folgenden Kategorien.<\/p>\n<h3 class=\"ql-align-justify\">Kaltstampfende Paste<\/h3>\n<p class=\"ql-align-justify\">Sie k\u00f6nnen es bei Raumtemperatur stampfen, Baukomfort, keine zus\u00e4tzliche Heizung Ausr\u00fcstung. Es kann effektiv Baukosten und Energieverbrauch reduzieren. Es hat eine gewisse Plastizit\u00e4t vor dem R\u00f6sten, kann besser f\u00fcllen die L\u00fccke zwischen der Kathode Kohlenstoffblock. Und bilden eine feste Verbindung mit dem <a href=\"https:\/\/jinsuncarbon.com\/de\/produkt\/kohlenstoffblocke\/\">Kohleblock<\/a> im anschlie\u00dfenden R\u00f6stprozess. Zur Gew\u00e4hrleistung der Integrit\u00e4t der Kathodenstruktur und der elektrischen Leitf\u00e4higkeit. Es eignet sich f\u00fcr elektrolytische Aluminiumanlagen mit besonderen Anforderungen an die baulichen Gegebenheiten oder begrenzter Energieversorgung. Insbesondere f\u00fcr den Bau und die Wartung von kleinen Elektrolysezellen.<\/p>\n<h3 class=\"ql-align-justify\">Hei\u00dfpr\u00e4gepaste<\/h3>\n<p class=\"ql-align-justify\">Die Stopfkonstruktion muss bei einer h\u00f6heren Temperatur durchgef\u00fchrt werden, die in der Regel bei etwa 100 \u00b0C liegt. Unter dieser Bedingung werden die Flie\u00dff\u00e4higkeit und die Haftung verbessert. Au\u00dferdem k\u00f6nnen die L\u00fccken und Poren des Kathodenkohlenstoffblocks besser ausgef\u00fcllt werden, wodurch eine dichtere Kathodenstruktur entsteht. Dies f\u00fchrt zu einer besseren Leitf\u00e4higkeit und Erosionsbest\u00e4ndigkeit. Dies eignet sich f\u00fcr den gro\u00df angelegten und effizienten Bau moderner Aluminium-Elektrolysezellen. Es ist hilfreich, um die Gesamtleistung und die Produktionseffizienz der Elektrolysezelle zu verbessern. Sie stellt jedoch hohe Anforderungen an die Bauumgebung und die Heizungsanlage, und die Baukosten sind relativ hoch.<\/p>\n<h2 class=\"ql-align-justify\">Vorteile<\/h2>\n<p class=\"ql-align-justify\"><strong>Gute elektrische Leitf\u00e4higkeit<\/strong><\/p>\n<p class=\"ql-align-justify\">Es kann effektiv Strom leiten, um die reibungslose elektrochemische Reaktion in der Elektrolysezelle zu gew\u00e4hrleisten.<\/p>\n<p class=\"ql-align-justify\"><strong>Hohe Temperaturbest\u00e4ndigkeit<\/strong><\/p>\n<p class=\"ql-align-justify\">Es kann in der Hochtemperaturumgebung der Aluminiumelektrolyse (ca. 950-970 \u00b0C) \u00fcber lange Zeit stabil arbeiten. Dadurch bleibt die Integrit\u00e4t der Kathodenstruktur erhalten.<\/p>\n<p class=\"ql-align-justify\"><strong>Gute Haftung mit dem Kathodenkohlenstoffblock<\/strong><\/p>\n<p class=\"ql-align-justify\">Sie kann eng kombiniert werden, um das Eindringen von Elektrolyt zu verhindern und so die Lebensdauer der Kathode zu verl\u00e4ngern.<\/p>\n<p class=\"ql-align-justify\">Dar\u00fcber hinaus k\u00f6nnen wir die Stampfpaste w\u00e4hrend des Produktionsprozesses an unterschiedliche Elektrolysezellendesigns und Prozessanforderungen anpassen. So k\u00f6nnen wir verschiedene Produktionsanforderungen erf\u00fcllen und die Stabilit\u00e4t und Effizienz der elektrolytischen Aluminiumproduktion sicherstellen.<\/p>\n<h2 class=\"ql-align-justify\">Verwendung von Stampfpaste<\/h2>\n<p class=\"ql-align-justify\">Stampfpaste ist in der Aluminiumelektrolyse-Industrie weit verbreitet.<\/p>\n<p class=\"ql-align-justify\">Bei der Montage von Aluminium-Elektrolysezellen wird die kalte oder hei\u00dfe Stampfpaste genau in den Spalt zwischen den Elektroden gef\u00fcllt. <a href=\"https:\/\/jinsuncarbon.com\/de\/produkt\/kathodenblock\/\">Kathodenkohlenstoffblock<\/a> je nach der tats\u00e4chlichen Situation. Nach dem R\u00f6sten und Aush\u00e4rten wird eine vollst\u00e4ndig leitf\u00e4hige Kathodenbasis mit hervorragender Leistung aufgebaut, um einen Elektronentransportweg f\u00fcr die Reduktionsreaktion von Aluminiumionen zu schaffen. Dies gew\u00e4hrleistet eine stabile und effiziente elektrolytische Reaktion.<\/p>\n<p class=\"ql-align-justify\">Gleichzeitig k\u00f6nnen Sie die Ramm-Paste in der Seite verwenden, um die Seitenstruktur des Fahrzeugs effektiv zu sch\u00fctzen. <a href=\"https:\/\/en.wikipedia.org\/wiki\/Electrolytic_cell\" target=\"_blank\" rel=\"noopener\">elektrolytische Zelle<\/a>. Und widerstehen die Erosion der hohen Temperatur Elektrolyt und <a href=\"https:\/\/en.wikipedia.org\/wiki\/Aluminium#:~:text=Aluminium%20(or%20aluminum%20in%20North,surface%20when%20exposed%20to%20air.\" target=\"_blank\" rel=\"noopener\">Aluminium<\/a> Fl\u00fcssigkeit. Aufrechterhaltung des W\u00e4rmehaushalts der Elektrolysezelle und des stabilen Zustands der Auskleidung, Verringerung des W\u00e4rmeverlusts. Und verbessern die wirtschaftlichen Vorteile und die Sicherheit der elektrolytischen Produktion.<\/p>\n<p class=\"ql-align-justify\">Dar\u00fcber hinaus sind verschiedene Arten von Stampfpaste mit ihren eigenen Eigenschaften, nicht nur in den ersten Bau von neuen elektrolytischen Zellen verwendet, sondern auch in der Wartung und Renovierung von alten elektrolytischen Zellen verwendet. F\u00fcr die nachhaltige und stetige Entwicklung der Aluminiumindustrie ein solides Fundament zu legen. Dies ist das wichtigste Grundmaterial f\u00fcr die Herstellung von Aluminiumelektrolysen.<\/p>","protected":false},"excerpt":{"rendered":"<p>Stampfpaste ist eine Art Kohlenstoffpaste, die auch als Stampfpaste bekannt ist. Es gibt zwei Arten: kalte Stampfpaste und hei\u00dfe Stampfpaste. Sie wird haupts\u00e4chlich zum Legen von Kathodenkohlenstoffbl\u00f6cken, zum F\u00fcllen von Kathodenl\u00fccken, zum Verkleben von Kathodenstahlst\u00e4ben usw. in Aluminium-Elektrolysezellen verwendet. Stampfmasse wird aus Anthrazit, Koks, Graphit, Asphalt und anderen Rohstoffen in einem bestimmten Verh\u00e4ltnis hergestellt. Sie hat eine ausgezeichnete elektrische und thermische Leitf\u00e4higkeit, einen geringen Aschegehalt, eine gute Korrosionsbest\u00e4ndigkeit gegen\u00fcber Aluminiumfl\u00fcssigkeiten und Elektrolyten sowie eine gute Sinterleistung. Daher kann es die Leistung von Aluminium-Elektrolysezellen verbessern und ihre Lebensdauer verl\u00e4ngern. Au\u00dferdem wird die kontinuierliche und effiziente elektrolytische Reaktion gew\u00e4hrleistet.<\/p>\n<p class=\"ql-align-justify\">","protected":false},"featured_media":7104,"template":"","meta":[],"product_brand":[],"product_cat":[39],"product_tag":[],"class_list":{"0":"post-7103","1":"product","2":"type-product","3":"status-publish","4":"has-post-thumbnail","6":"product_cat-carbon-products","8":"first","9":"instock","10":"shipping-taxable","11":"product-type-simple"},"yoast_head":"<!-- This site is optimized with the Yoast SEO Premium plugin v19.2.1 (Yoast SEO v25.3) - https:\/\/yoast.com\/wordpress\/plugins\/seo\/ -->\n<title>Ramming Paste | Jinsun Carbon<\/title>\n<meta name=\"description\" content=\"Ramming paste is a kind of carbon paste, also known as tamping paste, which is mainly used for laying cathode carbon blocks, filling cathode gaps, bonding cathode steel bars, etc. in aluminum electrolytic cells.\" \/>\n<meta name=\"robots\" content=\"index, follow, max-snippet:-1, max-image-preview:large, max-video-preview:-1\" \/>\n<link rel=\"canonical\" href=\"https:\/\/jinsuncarbon.com\/de\/produkt\/stampfpaste\/\" \/>\n<meta property=\"og:locale\" content=\"de_DE\" \/>\n<meta property=\"og:type\" content=\"article\" \/>\n<meta property=\"og:title\" content=\"Ramming Paste\" \/>\n<meta property=\"og:description\" content=\"Ramming paste is a kind of carbon paste, also known as tamping paste, which is mainly used for laying cathode carbon blocks, filling cathode gaps, bonding cathode steel bars, etc. in aluminum electrolytic cells.\" \/>\n<meta property=\"og:url\" content=\"https:\/\/jinsuncarbon.com\/de\/produkt\/stampfpaste\/\" \/>\n<meta property=\"og:site_name\" content=\"Jinsun Carbon\" \/>\n<meta property=\"article:publisher\" content=\"https:\/\/www.facebook.com\/Graphite-Electrode-109336238661595\" \/>\n<meta property=\"article:modified_time\" content=\"2024-12-21T23:29:04+00:00\" \/>\n<meta property=\"og:image\" content=\"https:\/\/jinsuncarbon.com\/wp-content\/uploads\/2024\/12\/Ramming-Paste-.jpg\" \/>\n\t<meta property=\"og:image:width\" content=\"1024\" \/>\n\t<meta property=\"og:image:height\" content=\"763\" \/>\n\t<meta property=\"og:image:type\" content=\"image\/jpeg\" \/>\n<meta name=\"twitter:card\" content=\"summary_large_image\" \/>\n<meta name=\"twitter:site\" content=\"@jinsuncarbon_\" \/>\n<meta name=\"twitter:label1\" content=\"Gesch\u00e4tzte Lesezeit\" \/>\n\t<meta name=\"twitter:data1\" content=\"3\u00a0Minuten\" \/>\n<script type=\"application\/ld+json\" class=\"yoast-schema-graph\">{\"@context\":\"https:\/\/schema.org\",\"@graph\":[{\"@type\":\"WebPage\",\"@id\":\"https:\/\/jinsuncarbon.com\/product\/ramming-paste\/\",\"url\":\"https:\/\/jinsuncarbon.com\/product\/ramming-paste\/\",\"name\":\"Ramming Paste | Jinsun Carbon\",\"isPartOf\":{\"@id\":\"https:\/\/jinsuncarbon.com\/#website\"},\"primaryImageOfPage\":{\"@id\":\"https:\/\/jinsuncarbon.com\/product\/ramming-paste\/#primaryimage\"},\"image\":{\"@id\":\"https:\/\/jinsuncarbon.com\/product\/ramming-paste\/#primaryimage\"},\"thumbnailUrl\":\"https:\/\/jinsuncarbon.com\/wp-content\/uploads\/2024\/12\/Ramming-Paste-.jpg\",\"datePublished\":\"2024-12-21T15:21:24+00:00\",\"dateModified\":\"2024-12-21T23:29:04+00:00\",\"description\":\"Ramming paste is a kind of carbon paste, also known as tamping paste, which is mainly used for laying cathode carbon blocks, filling cathode gaps, bonding cathode steel bars, etc. in aluminum electrolytic cells.\",\"breadcrumb\":{\"@id\":\"https:\/\/jinsuncarbon.com\/product\/ramming-paste\/#breadcrumb\"},\"inLanguage\":\"de\",\"potentialAction\":[{\"@type\":\"ReadAction\",\"target\":[\"https:\/\/jinsuncarbon.com\/product\/ramming-paste\/\"]}]},{\"@type\":\"ImageObject\",\"inLanguage\":\"de\",\"@id\":\"https:\/\/jinsuncarbon.com\/product\/ramming-paste\/#primaryimage\",\"url\":\"https:\/\/jinsuncarbon.com\/wp-content\/uploads\/2024\/12\/Ramming-Paste-.jpg\",\"contentUrl\":\"https:\/\/jinsuncarbon.com\/wp-content\/uploads\/2024\/12\/Ramming-Paste-.jpg\",\"width\":1024,\"height\":763,\"caption\":\"Ramming Paste\"},{\"@type\":\"BreadcrumbList\",\"@id\":\"https:\/\/jinsuncarbon.com\/product\/ramming-paste\/#breadcrumb\",\"itemListElement\":[{\"@type\":\"ListItem\",\"position\":1,\"name\":\"Home\",\"item\":\"https:\/\/jinsuncarbon.com\/\"},{\"@type\":\"ListItem\",\"position\":2,\"name\":\"Products\",\"item\":\"https:\/\/jinsuncarbon.com\/graphite-carbon\/\"},{\"@type\":\"ListItem\",\"position\":3,\"name\":\"Ramming Paste\"}]},{\"@type\":\"WebSite\",\"@id\":\"https:\/\/jinsuncarbon.com\/#website\",\"url\":\"https:\/\/jinsuncarbon.com\/\",\"name\":\"Jinsun Carbon\",\"description\":\"We are the successful graphite electrode manufacturer in China\",\"publisher\":{\"@id\":\"https:\/\/jinsuncarbon.com\/#organization\"},\"potentialAction\":[{\"@type\":\"SearchAction\",\"target\":{\"@type\":\"EntryPoint\",\"urlTemplate\":\"https:\/\/jinsuncarbon.com\/?s={search_term_string}\"},\"query-input\":{\"@type\":\"PropertyValueSpecification\",\"valueRequired\":true,\"valueName\":\"search_term_string\"}}],\"inLanguage\":\"de\"},{\"@type\":\"Organization\",\"@id\":\"https:\/\/jinsuncarbon.com\/#organization\",\"name\":\"Jinsun Carbon\",\"alternateName\":\"Jinsun Carbon\",\"url\":\"https:\/\/jinsuncarbon.com\/\",\"logo\":{\"@type\":\"ImageObject\",\"inLanguage\":\"de\",\"@id\":\"https:\/\/jinsuncarbon.com\/#\/schema\/logo\/image\/\",\"url\":\"https:\/\/jinsuncarbon.com\/wp-content\/uploads\/2022\/12\/LOGO-1.png\",\"contentUrl\":\"https:\/\/jinsuncarbon.com\/wp-content\/uploads\/2022\/12\/LOGO-1.png\",\"width\":207,\"height\":80,\"caption\":\"Jinsun Carbon\"},\"image\":{\"@id\":\"https:\/\/jinsuncarbon.com\/#\/schema\/logo\/image\/\"},\"sameAs\":[\"https:\/\/www.facebook.com\/Graphite-Electrode-109336238661595\",\"https:\/\/x.com\/jinsuncarbon_\",\"https:\/\/www.linkedin.com\/in\/jinsungraphite\",\"https:\/\/www.youtube.com\/channel\/UCysDNyvyR5-3cCWEmpkVC0g\"]}]}<\/script>\n<!-- \/ Yoast SEO Premium plugin. -->","yoast_head_json":{"title":"Stampfpaste | Jinsun Carbon","description":"Stampfpaste ist eine Art Kohlenstoffpaste, die auch als Stampfpaste bekannt ist und haupts\u00e4chlich zum Verlegen von Kathodenkohlenstoffbl\u00f6cken, zum F\u00fcllen von Kathodenspalten, zum Verkleben von Kathodenstahlst\u00e4ben usw. in Aluminiumelektrolysezellen verwendet wird.","robots":{"index":"index","follow":"follow","max-snippet":"max-snippet:-1","max-image-preview":"max-image-preview:large","max-video-preview":"max-video-preview:-1"},"canonical":"https:\/\/jinsuncarbon.com\/de\/produkt\/stampfpaste\/","og_locale":"de_DE","og_type":"article","og_title":"Ramming Paste","og_description":"Ramming paste is a kind of carbon paste, also known as tamping paste, which is mainly used for laying cathode carbon blocks, filling cathode gaps, bonding cathode steel bars, etc. in aluminum electrolytic cells.","og_url":"https:\/\/jinsuncarbon.com\/de\/produkt\/stampfpaste\/","og_site_name":"Jinsun Carbon","article_publisher":"https:\/\/www.facebook.com\/Graphite-Electrode-109336238661595","article_modified_time":"2024-12-21T23:29:04+00:00","og_image":[{"width":1024,"height":763,"url":"https:\/\/jinsuncarbon.com\/wp-content\/uploads\/2024\/12\/Ramming-Paste-.jpg","type":"image\/jpeg"}],"twitter_card":"summary_large_image","twitter_site":"@jinsuncarbon_","twitter_misc":{"Gesch\u00e4tzte Lesezeit":"3\u00a0Minuten"},"schema":{"@context":"https:\/\/schema.org","@graph":[{"@type":"WebPage","@id":"https:\/\/jinsuncarbon.com\/product\/ramming-paste\/","url":"https:\/\/jinsuncarbon.com\/product\/ramming-paste\/","name":"Stampfpaste | Jinsun Carbon","isPartOf":{"@id":"https:\/\/jinsuncarbon.com\/#website"},"primaryImageOfPage":{"@id":"https:\/\/jinsuncarbon.com\/product\/ramming-paste\/#primaryimage"},"image":{"@id":"https:\/\/jinsuncarbon.com\/product\/ramming-paste\/#primaryimage"},"thumbnailUrl":"https:\/\/jinsuncarbon.com\/wp-content\/uploads\/2024\/12\/Ramming-Paste-.jpg","datePublished":"2024-12-21T15:21:24+00:00","dateModified":"2024-12-21T23:29:04+00:00","description":"Stampfpaste ist eine Art Kohlenstoffpaste, die auch als Stampfpaste bekannt ist und haupts\u00e4chlich zum Verlegen von Kathodenkohlenstoffbl\u00f6cken, zum F\u00fcllen von Kathodenspalten, zum Verkleben von Kathodenstahlst\u00e4ben usw. in Aluminiumelektrolysezellen verwendet wird.","breadcrumb":{"@id":"https:\/\/jinsuncarbon.com\/product\/ramming-paste\/#breadcrumb"},"inLanguage":"de","potentialAction":[{"@type":"ReadAction","target":["https:\/\/jinsuncarbon.com\/product\/ramming-paste\/"]}]},{"@type":"ImageObject","inLanguage":"de","@id":"https:\/\/jinsuncarbon.com\/product\/ramming-paste\/#primaryimage","url":"https:\/\/jinsuncarbon.com\/wp-content\/uploads\/2024\/12\/Ramming-Paste-.jpg","contentUrl":"https:\/\/jinsuncarbon.com\/wp-content\/uploads\/2024\/12\/Ramming-Paste-.jpg","width":1024,"height":763,"caption":"Ramming Paste"},{"@type":"BreadcrumbList","@id":"https:\/\/jinsuncarbon.com\/product\/ramming-paste\/#breadcrumb","itemListElement":[{"@type":"ListItem","position":1,"name":"Home","item":"https:\/\/jinsuncarbon.com\/"},{"@type":"ListItem","position":2,"name":"Products","item":"https:\/\/jinsuncarbon.com\/graphite-carbon\/"},{"@type":"ListItem","position":3,"name":"Ramming Paste"}]},{"@type":"WebSite","@id":"https:\/\/jinsuncarbon.com\/#website","url":"https:\/\/jinsuncarbon.com\/","name":"Jinsun Kohlenstoff","description":"Wir sind der erfolgreiche Hersteller von Graphitelektroden in China","publisher":{"@id":"https:\/\/jinsuncarbon.com\/#organization"},"potentialAction":[{"@type":"SearchAction","target":{"@type":"EntryPoint","urlTemplate":"https:\/\/jinsuncarbon.com\/?s={search_term_string}"},"query-input":{"@type":"PropertyValueSpecification","valueRequired":true,"valueName":"search_term_string"}}],"inLanguage":"de"},{"@type":"Organization","@id":"https:\/\/jinsuncarbon.com\/#organization","name":"Jinsun Kohlenstoff","alternateName":"Jinsun Carbon","url":"https:\/\/jinsuncarbon.com\/","logo":{"@type":"ImageObject","inLanguage":"de","@id":"https:\/\/jinsuncarbon.com\/#\/schema\/logo\/image\/","url":"https:\/\/jinsuncarbon.com\/wp-content\/uploads\/2022\/12\/LOGO-1.png","contentUrl":"https:\/\/jinsuncarbon.com\/wp-content\/uploads\/2022\/12\/LOGO-1.png","width":207,"height":80,"caption":"Jinsun Carbon"},"image":{"@id":"https:\/\/jinsuncarbon.com\/#\/schema\/logo\/image\/"},"sameAs":["https:\/\/www.facebook.com\/Graphite-Electrode-109336238661595","https:\/\/x.com\/jinsuncarbon_","https:\/\/www.linkedin.com\/in\/jinsungraphite","https:\/\/www.youtube.com\/channel\/UCysDNyvyR5-3cCWEmpkVC0g"]}]}},"_links":{"self":[{"href":"https:\/\/jinsuncarbon.com\/de\/wp-json\/wp\/v2\/product\/7103","targetHints":{"allow":["GET"]}}],"collection":[{"href":"https:\/\/jinsuncarbon.com\/de\/wp-json\/wp\/v2\/product"}],"about":[{"href":"https:\/\/jinsuncarbon.com\/de\/wp-json\/wp\/v2\/types\/product"}],"wp:featuredmedia":[{"embeddable":true,"href":"https:\/\/jinsuncarbon.com\/de\/wp-json\/wp\/v2\/media\/7104"}],"wp:attachment":[{"href":"https:\/\/jinsuncarbon.com\/de\/wp-json\/wp\/v2\/media?parent=7103"}],"wp:term":[{"taxonomy":"product_brand","embeddable":true,"href":"https:\/\/jinsuncarbon.com\/de\/wp-json\/wp\/v2\/product_brand?post=7103"},{"taxonomy":"product_cat","embeddable":true,"href":"https:\/\/jinsuncarbon.com\/de\/wp-json\/wp\/v2\/product_cat?post=7103"},{"taxonomy":"product_tag","embeddable":true,"href":"https:\/\/jinsuncarbon.com\/de\/wp-json\/wp\/v2\/product_tag?post=7103"}],"curies":[{"name":"wp","href":"https:\/\/api.w.org\/{rel}","templated":true}]}}