{"id":7087,"date":"2024-12-21T03:07:00","date_gmt":"2024-12-21T03:07:00","guid":{"rendered":"https:\/\/jinsuncarbon.com\/?post_type=product&#038;p=7087"},"modified":"2024-12-22T22:47:07","modified_gmt":"2024-12-22T22:47:07","slug":"groser-grafitti-tiegel","status":"publish","type":"product","link":"https:\/\/jinsuncarbon.com\/de\/produkt\/groser-grafitti-tiegel\/","title":{"rendered":"Gro\u00dfer Graphit-Tiegel"},"content":{"rendered":"<h2 class=\"ql-align-justify\">Gro\u00dfer Graphit-Tiegel zu verkaufen<\/h2>\n<p class=\"ql-align-justify\">Gro\u00dfe Graphit-Tiegel haben in der Regel ein gro\u00dfes Volumen und eine starke Struktur, hat viele Vorteile.<\/p>\n<p class=\"ql-align-justify\"><strong>Ausgezeichnete Hochtemperaturbest\u00e4ndigkeit<\/strong><\/p>\n<p class=\"ql-align-justify\">Es kann hohen Temperaturen von bis zu Tausenden von Grad Celsius standhalten, k\u00f6nnen die Bed\u00fcrfnisse der meisten Metallschmelzen zu erf\u00fcllen. Graphit-Tiegel hat einen breiten Temperaturbereich und einen hohen Schmelzpunkt, der sich an die Temperaturanforderungen einer Vielzahl von Metallschmelzen anpassen kann.<\/p>\n<p class=\"ql-align-justify\"><strong>Gute W\u00e4rmeleitf\u00e4higkeit<\/strong><\/p>\n<p class=\"ql-align-justify\">Es kann die W\u00e4rme schnell und gleichm\u00e4\u00dfig auf das Schmelzgut \u00fcbertragen, den Schmelzprozess beschleunigen und die Produktionseffizienz verbessern.<\/p>\n<p class=\"ql-align-justify\"><strong>Stabile chemische Eigenschaften<\/strong><\/p>\n<p class=\"ql-align-justify\">Es ist nicht leicht, mit Metallen und anderen Schmelzzus\u00e4tzen bei hohen Temperaturen zu reagieren. Dadurch kann die Reinheit von Metallen wirksam gew\u00e4hrleistet werden.<\/p>\n<p class=\"ql-align-justify\"><strong>Hohe mechanische Festigkeit<\/strong><\/p>\n<p class=\"ql-align-justify\">Es kann den Auswirkungen von fl\u00fcssigem Metall und seinem eigenen Gewicht widerstehen. Und es ist nicht leicht zu brechen und Verformung, lange Lebensdauer.<\/p>\n<p class=\"ql-align-justify\"><strong>Niedriger W\u00e4rmeausdehnungskoeffizient<\/strong><\/p>\n<p class=\"ql-align-justify\">Die Gr\u00f6\u00dfen\u00e4nderungen bei wiederholter Erw\u00e4rmung und Abk\u00fchlung sind gering. Dadurch kann eine gute strukturelle Stabilit\u00e4t aufrechterhalten und das Risiko von Sch\u00e4den durch thermische Belastung verringert werden.<\/p>\n<p>&nbsp;<\/p>\n<h2>Arten von gro\u00dfen Graphittiegeln<\/h2>\n<p>&nbsp;<\/p>\n<p><strong>Tiegel aus hochreinem Gro\u00dfgraphit<\/strong><\/p>\n<p>Mit einer Graphitreinheit von bis zu 99% und mehr hat dieser Tiegel eine bessere Stabilit\u00e4t und Korrosionsbest\u00e4ndigkeit bei hohen Temperaturen. Sie k\u00f6nnen ihn h\u00e4ufig f\u00fcr das Schmelzen einiger hochreiner Metalle oder spezieller Legierungen mit strengen Anforderungen an den Verunreinigungsgehalt verwenden.<\/p>\n<p>&nbsp;<\/p>\n<p><strong>Strangpressen von Graphittiegeln<\/strong><\/p>\n<p>Durch den Extrusionsprozess, um das Graphitmaterial zu formen, hat dieser Tiegel eine hohe <a href=\"https:\/\/jinsuncarbon.com\/de\/wie-hoch-ist-die-dichte-von-graphit\/\">Dichte<\/a>gleichm\u00e4\u00dfige Struktur, gute Festigkeit. Es ist geeignet f\u00fcr gro\u00dfe Metallschmelzen Unternehmen, kann die gr\u00f6\u00dfere fl\u00fcssige Metall-Kapazit\u00e4t und h\u00e4ufigen Gebrauch zu widerstehen.<\/p>\n<p>&nbsp;<\/p>\n<p><strong>Tiegel aus Graphit mit isostatischem Druck<\/strong><\/p>\n<p>Die Verwendung von isostatischem Druck Technologie Herstellung, seine innere Struktur ist dichter, mehr hervorragende Leistung. Vor allem in der Temperaturwechselbest\u00e4ndigkeit und Korrosionsbest\u00e4ndigkeit ist hervorragend. Sie k\u00f6nnen oft verwenden die <a href=\"https:\/\/jinsuncarbon.com\/de\/produkt\/isostatischer-graphit\/\">Schmelztiegel<\/a> zum Schmelzen einiger hochwertiger, hochschmelzender Metalle, aber die Produktionskosten sind relativ hoch.<\/p>\n<p>&nbsp;<\/p>\n<h2>Verwendungen von gro\u00dfen Graphittiegeln<\/h2>\n<p class=\"ql-align-justify\">Der Anwendungsbereich von gro\u00dfen Graphittiegeln konzentriert sich auf das Schmelzen bei hohen Temperaturen.<\/p>\n<p class=\"ql-align-justify\"><strong>In der metallurgischen Industrie<\/strong><\/p>\n<p class=\"ql-align-justify\">Es wird bei der Verh\u00fcttung von Stahl, Nichteisenmetallen usw. verwendet und kann hohen Temperaturen standhalten. Und bieten stabile Beh\u00e4lterbedingungen f\u00fcr Metall <a href=\"https:\/\/en.wikipedia.org\/wiki\/Refining\" target=\"_blank\" rel=\"noopener\">Veredelung<\/a> und Legierung, um die Gleichm\u00e4\u00dfigkeit und Stabilit\u00e4t der Metallqualit\u00e4t zu gew\u00e4hrleisten.<\/p>\n<p class=\"ql-align-justify\"><strong>Auf dem Gebiet des Gie\u00dfens<\/strong><\/p>\n<p class=\"ql-align-justify\">Ob Sandguss oder Pr\u00e4zisionsguss, gro\u00dfe Graphittiegel sind ein wichtiges Werkzeug zum Schmelzen von fl\u00fcssigem Metall. Er kann verschiedene Metallrohstoffe zu fl\u00fcssigem Metall schmelzen, das den Anforderungen der <a href=\"https:\/\/en.wikipedia.org\/wiki\/Metal_casting\" target=\"_blank\" rel=\"noopener\">Gie\u00dfen<\/a> Verfahren. Gie\u00dfen Sie es in die Form und formen Sie es, um verschiedene mechanische Teile, Autoteile, Luftfahrtteile, etc. herzustellen;<\/p>\n<p class=\"ql-align-justify\"><strong>Im Labor<\/strong><\/p>\n<p class=\"ql-align-justify\">F\u00fcr einige kleine Hochtemperatur-Schmelzexperimente k\u00f6nnen Sie auch Graphittiegel f\u00fcr das Schmelzen und die Probenvorbereitung einer kleinen Anzahl von hochreinen Metallen verwenden. Er bietet genaue und zuverl\u00e4ssige Versuchsbedingungen f\u00fcr die wissenschaftliche Forschung.<\/p>\n<p class=\"ql-align-justify\"><strong>In einigen neuen Bereichen der Materialaufbereitung<\/strong><\/p>\n<p class=\"ql-align-justify\">Wie Hochtemperatur-supraleitenden Materialien, fortschrittliche keramische Materialien Synthese-Prozess, gro\u00dfe Graphit-Tiegel spielt auch eine wichtige Rolle. Seine stabile Hochtemperatur-Performance und chemische Tr\u00e4gheit f\u00fcr die Entwicklung neuer Materialien, um eine starke Garantie bieten.<\/p>\n<p class=\"ql-align-justify\">F\u00fcr gro\u00dfe Tiegel zum Schmelzen von Aluminium, k\u00f6nnen Sie geeignete gro\u00dfe Graphit-Tiegel nach den spezifischen Produktionsanforderungen ausw\u00e4hlen. Und der Preis von Graphittiegeln ist je nach Gr\u00f6\u00dfe, Reinheit, Verfahren und anderen Faktoren unterschiedlich. Sie k\u00f6nnen nach Ihren eigenen Bed\u00fcrfnissen und Budgets beim Kauf w\u00e4hlen. Gleichzeitig bieten wir einen umfangreichen Tiegelverkaufsservice an. Die Graphit Tiegel Gr\u00f6\u00dfen sind vielf\u00e4ltig, um die Bed\u00fcrfnisse der verschiedenen Benutzer zu erf\u00fcllen.<\/p>\n<p class=\"ql-align-justify\">","protected":false},"excerpt":{"rendered":"<p class=\"ql-align-justify\">Der gro\u00dfe Graphittiegel ist ein gro\u00dfer Beh\u00e4lter aus hochwertigem Graphitmaterial zur Aufnahme und zum Schmelzen von Metallen und anderen Stoffen. Mit seiner ausgezeichneten Hochtemperaturbest\u00e4ndigkeit, schnellen W\u00e4rmeleitf\u00e4higkeit, starken chemischen Stabilit\u00e4t und guten mechanischen Festigkeit sowie anderen Eigenschaften nimmt er eine wichtige Stellung in der Metallurgie, im Gie\u00dfereiwesen und in anderen Industriebereichen ein. Es eignet sich f\u00fcr das Schmelzen einer gro\u00dfen Anzahl von Metallen. Zum Beispiel im Bereich des Metallgusses, wo er als Metallgusstiegel weit verbreitet ist.<\/p>\n<p>&nbsp;<\/p>","protected":false},"featured_media":7095,"template":"","meta":[],"product_brand":[],"product_cat":[38],"product_tag":[],"class_list":{"0":"post-7087","1":"product","2":"type-product","3":"status-publish","4":"has-post-thumbnail","6":"product_cat-graphite-products","8":"first","9":"instock","10":"shipping-taxable","11":"product-type-simple"},"yoast_head":"<!-- This site is optimized with the Yoast SEO Premium plugin v19.2.1 (Yoast SEO v25.3) - https:\/\/yoast.com\/wordpress\/plugins\/seo\/ -->\n<title>Large Graphite Crucible | Jinsun Carbon<\/title>\n<meta name=\"description\" content=\"Large Graphite Crucible Manufacturer &amp; Factory &amp; Supplier in China. We offer the best graphite crucible prices for smelting and casting metal industries.\" \/>\n<meta name=\"robots\" content=\"index, follow, max-snippet:-1, max-image-preview:large, max-video-preview:-1\" \/>\n<link rel=\"canonical\" href=\"https:\/\/jinsuncarbon.com\/de\/produkt\/groser-grafitti-tiegel\/\" \/>\n<meta property=\"og:locale\" content=\"de_DE\" \/>\n<meta property=\"og:type\" content=\"article\" \/>\n<meta property=\"og:title\" content=\"Large Graphite Crucible\" \/>\n<meta property=\"og:description\" content=\"Large Graphite Crucible Manufacturer &amp; Factory &amp; Supplier in China. We offer the best graphite crucible prices for smelting and casting metal industries.\" \/>\n<meta property=\"og:url\" content=\"https:\/\/jinsuncarbon.com\/de\/produkt\/groser-grafitti-tiegel\/\" \/>\n<meta property=\"og:site_name\" content=\"Jinsun Carbon\" \/>\n<meta property=\"article:publisher\" content=\"https:\/\/www.facebook.com\/Graphite-Electrode-109336238661595\" \/>\n<meta property=\"article:modified_time\" content=\"2024-12-22T22:47:07+00:00\" \/>\n<meta property=\"og:image\" content=\"https:\/\/jinsuncarbon.com\/wp-content\/uploads\/2024\/12\/large-graphite-crucible-1.jpg\" \/>\n\t<meta property=\"og:image:width\" content=\"1024\" \/>\n\t<meta property=\"og:image:height\" content=\"763\" \/>\n\t<meta property=\"og:image:type\" content=\"image\/jpeg\" \/>\n<meta name=\"twitter:card\" content=\"summary_large_image\" \/>\n<meta name=\"twitter:site\" content=\"@jinsuncarbon_\" \/>\n<meta name=\"twitter:label1\" content=\"Gesch\u00e4tzte Lesezeit\" \/>\n\t<meta name=\"twitter:data1\" content=\"3\u00a0Minuten\" \/>\n<script type=\"application\/ld+json\" class=\"yoast-schema-graph\">{\"@context\":\"https:\/\/schema.org\",\"@graph\":[{\"@type\":\"WebPage\",\"@id\":\"https:\/\/jinsuncarbon.com\/product\/large-graphite-crucible\/\",\"url\":\"https:\/\/jinsuncarbon.com\/product\/large-graphite-crucible\/\",\"name\":\"Large Graphite Crucible | Jinsun Carbon\",\"isPartOf\":{\"@id\":\"https:\/\/jinsuncarbon.com\/#website\"},\"primaryImageOfPage\":{\"@id\":\"https:\/\/jinsuncarbon.com\/product\/large-graphite-crucible\/#primaryimage\"},\"image\":{\"@id\":\"https:\/\/jinsuncarbon.com\/product\/large-graphite-crucible\/#primaryimage\"},\"thumbnailUrl\":\"https:\/\/jinsuncarbon.com\/wp-content\/uploads\/2024\/12\/large-graphite-crucible-1.jpg\",\"datePublished\":\"2024-12-21T03:07:00+00:00\",\"dateModified\":\"2024-12-22T22:47:07+00:00\",\"description\":\"Large Graphite Crucible Manufacturer & Factory & Supplier in China. We offer the best graphite crucible prices for smelting and casting metal industries.\",\"breadcrumb\":{\"@id\":\"https:\/\/jinsuncarbon.com\/product\/large-graphite-crucible\/#breadcrumb\"},\"inLanguage\":\"de\",\"potentialAction\":[{\"@type\":\"ReadAction\",\"target\":[\"https:\/\/jinsuncarbon.com\/product\/large-graphite-crucible\/\"]}]},{\"@type\":\"ImageObject\",\"inLanguage\":\"de\",\"@id\":\"https:\/\/jinsuncarbon.com\/product\/large-graphite-crucible\/#primaryimage\",\"url\":\"https:\/\/jinsuncarbon.com\/wp-content\/uploads\/2024\/12\/large-graphite-crucible-1.jpg\",\"contentUrl\":\"https:\/\/jinsuncarbon.com\/wp-content\/uploads\/2024\/12\/large-graphite-crucible-1.jpg\",\"width\":1024,\"height\":763,\"caption\":\"large graphite crucible\"},{\"@type\":\"BreadcrumbList\",\"@id\":\"https:\/\/jinsuncarbon.com\/product\/large-graphite-crucible\/#breadcrumb\",\"itemListElement\":[{\"@type\":\"ListItem\",\"position\":1,\"name\":\"Home\",\"item\":\"https:\/\/jinsuncarbon.com\/\"},{\"@type\":\"ListItem\",\"position\":2,\"name\":\"Products\",\"item\":\"https:\/\/jinsuncarbon.com\/graphite-carbon\/\"},{\"@type\":\"ListItem\",\"position\":3,\"name\":\"Large Graphite Crucible\"}]},{\"@type\":\"WebSite\",\"@id\":\"https:\/\/jinsuncarbon.com\/#website\",\"url\":\"https:\/\/jinsuncarbon.com\/\",\"name\":\"Jinsun Carbon\",\"description\":\"We are the successful graphite electrode manufacturer in China\",\"publisher\":{\"@id\":\"https:\/\/jinsuncarbon.com\/#organization\"},\"potentialAction\":[{\"@type\":\"SearchAction\",\"target\":{\"@type\":\"EntryPoint\",\"urlTemplate\":\"https:\/\/jinsuncarbon.com\/?s={search_term_string}\"},\"query-input\":{\"@type\":\"PropertyValueSpecification\",\"valueRequired\":true,\"valueName\":\"search_term_string\"}}],\"inLanguage\":\"de\"},{\"@type\":\"Organization\",\"@id\":\"https:\/\/jinsuncarbon.com\/#organization\",\"name\":\"Jinsun Carbon\",\"alternateName\":\"Jinsun Carbon\",\"url\":\"https:\/\/jinsuncarbon.com\/\",\"logo\":{\"@type\":\"ImageObject\",\"inLanguage\":\"de\",\"@id\":\"https:\/\/jinsuncarbon.com\/#\/schema\/logo\/image\/\",\"url\":\"https:\/\/jinsuncarbon.com\/wp-content\/uploads\/2022\/12\/LOGO-1.png\",\"contentUrl\":\"https:\/\/jinsuncarbon.com\/wp-content\/uploads\/2022\/12\/LOGO-1.png\",\"width\":207,\"height\":80,\"caption\":\"Jinsun Carbon\"},\"image\":{\"@id\":\"https:\/\/jinsuncarbon.com\/#\/schema\/logo\/image\/\"},\"sameAs\":[\"https:\/\/www.facebook.com\/Graphite-Electrode-109336238661595\",\"https:\/\/x.com\/jinsuncarbon_\",\"https:\/\/www.linkedin.com\/in\/jinsungraphite\",\"https:\/\/www.youtube.com\/channel\/UCysDNyvyR5-3cCWEmpkVC0g\"]}]}<\/script>\n<!-- \/ Yoast SEO Premium plugin. -->","yoast_head_json":{"title":"Gro\u00dfer Graphit-Tiegel | Jinsun Carbon","description":"Gro\u00dfe Graphit Tiegel Hersteller &amp; Fabrik &amp; Lieferant in China. Wir bieten die besten Graphit Tiegel Preise f\u00fcr Schmelzen und Gie\u00dfen Metallindustrie.","robots":{"index":"index","follow":"follow","max-snippet":"max-snippet:-1","max-image-preview":"max-image-preview:large","max-video-preview":"max-video-preview:-1"},"canonical":"https:\/\/jinsuncarbon.com\/de\/produkt\/groser-grafitti-tiegel\/","og_locale":"de_DE","og_type":"article","og_title":"Large Graphite Crucible","og_description":"Large Graphite Crucible Manufacturer & Factory & Supplier in China. We offer the best graphite crucible prices for smelting and casting metal industries.","og_url":"https:\/\/jinsuncarbon.com\/de\/produkt\/groser-grafitti-tiegel\/","og_site_name":"Jinsun Carbon","article_publisher":"https:\/\/www.facebook.com\/Graphite-Electrode-109336238661595","article_modified_time":"2024-12-22T22:47:07+00:00","og_image":[{"width":1024,"height":763,"url":"https:\/\/jinsuncarbon.com\/wp-content\/uploads\/2024\/12\/large-graphite-crucible-1.jpg","type":"image\/jpeg"}],"twitter_card":"summary_large_image","twitter_site":"@jinsuncarbon_","twitter_misc":{"Gesch\u00e4tzte Lesezeit":"3\u00a0Minuten"},"schema":{"@context":"https:\/\/schema.org","@graph":[{"@type":"WebPage","@id":"https:\/\/jinsuncarbon.com\/product\/large-graphite-crucible\/","url":"https:\/\/jinsuncarbon.com\/product\/large-graphite-crucible\/","name":"Gro\u00dfer Graphit-Tiegel | Jinsun Carbon","isPartOf":{"@id":"https:\/\/jinsuncarbon.com\/#website"},"primaryImageOfPage":{"@id":"https:\/\/jinsuncarbon.com\/product\/large-graphite-crucible\/#primaryimage"},"image":{"@id":"https:\/\/jinsuncarbon.com\/product\/large-graphite-crucible\/#primaryimage"},"thumbnailUrl":"https:\/\/jinsuncarbon.com\/wp-content\/uploads\/2024\/12\/large-graphite-crucible-1.jpg","datePublished":"2024-12-21T03:07:00+00:00","dateModified":"2024-12-22T22:47:07+00:00","description":"Gro\u00dfe Graphit Tiegel Hersteller &amp; Fabrik &amp; Lieferant in China. Wir bieten die besten Graphit Tiegel Preise f\u00fcr Schmelzen und Gie\u00dfen Metallindustrie.","breadcrumb":{"@id":"https:\/\/jinsuncarbon.com\/product\/large-graphite-crucible\/#breadcrumb"},"inLanguage":"de","potentialAction":[{"@type":"ReadAction","target":["https:\/\/jinsuncarbon.com\/product\/large-graphite-crucible\/"]}]},{"@type":"ImageObject","inLanguage":"de","@id":"https:\/\/jinsuncarbon.com\/product\/large-graphite-crucible\/#primaryimage","url":"https:\/\/jinsuncarbon.com\/wp-content\/uploads\/2024\/12\/large-graphite-crucible-1.jpg","contentUrl":"https:\/\/jinsuncarbon.com\/wp-content\/uploads\/2024\/12\/large-graphite-crucible-1.jpg","width":1024,"height":763,"caption":"large graphite crucible"},{"@type":"BreadcrumbList","@id":"https:\/\/jinsuncarbon.com\/product\/large-graphite-crucible\/#breadcrumb","itemListElement":[{"@type":"ListItem","position":1,"name":"Home","item":"https:\/\/jinsuncarbon.com\/"},{"@type":"ListItem","position":2,"name":"Products","item":"https:\/\/jinsuncarbon.com\/graphite-carbon\/"},{"@type":"ListItem","position":3,"name":"Large Graphite Crucible"}]},{"@type":"WebSite","@id":"https:\/\/jinsuncarbon.com\/#website","url":"https:\/\/jinsuncarbon.com\/","name":"Jinsun Kohlenstoff","description":"Wir sind der erfolgreiche Hersteller von Graphitelektroden in China","publisher":{"@id":"https:\/\/jinsuncarbon.com\/#organization"},"potentialAction":[{"@type":"SearchAction","target":{"@type":"EntryPoint","urlTemplate":"https:\/\/jinsuncarbon.com\/?s={search_term_string}"},"query-input":{"@type":"PropertyValueSpecification","valueRequired":true,"valueName":"search_term_string"}}],"inLanguage":"de"},{"@type":"Organization","@id":"https:\/\/jinsuncarbon.com\/#organization","name":"Jinsun Kohlenstoff","alternateName":"Jinsun Carbon","url":"https:\/\/jinsuncarbon.com\/","logo":{"@type":"ImageObject","inLanguage":"de","@id":"https:\/\/jinsuncarbon.com\/#\/schema\/logo\/image\/","url":"https:\/\/jinsuncarbon.com\/wp-content\/uploads\/2022\/12\/LOGO-1.png","contentUrl":"https:\/\/jinsuncarbon.com\/wp-content\/uploads\/2022\/12\/LOGO-1.png","width":207,"height":80,"caption":"Jinsun Carbon"},"image":{"@id":"https:\/\/jinsuncarbon.com\/#\/schema\/logo\/image\/"},"sameAs":["https:\/\/www.facebook.com\/Graphite-Electrode-109336238661595","https:\/\/x.com\/jinsuncarbon_","https:\/\/www.linkedin.com\/in\/jinsungraphite","https:\/\/www.youtube.com\/channel\/UCysDNyvyR5-3cCWEmpkVC0g"]}]}},"_links":{"self":[{"href":"https:\/\/jinsuncarbon.com\/de\/wp-json\/wp\/v2\/product\/7087","targetHints":{"allow":["GET"]}}],"collection":[{"href":"https:\/\/jinsuncarbon.com\/de\/wp-json\/wp\/v2\/product"}],"about":[{"href":"https:\/\/jinsuncarbon.com\/de\/wp-json\/wp\/v2\/types\/product"}],"wp:featuredmedia":[{"embeddable":true,"href":"https:\/\/jinsuncarbon.com\/de\/wp-json\/wp\/v2\/media\/7095"}],"wp:attachment":[{"href":"https:\/\/jinsuncarbon.com\/de\/wp-json\/wp\/v2\/media?parent=7087"}],"wp:term":[{"taxonomy":"product_brand","embeddable":true,"href":"https:\/\/jinsuncarbon.com\/de\/wp-json\/wp\/v2\/product_brand?post=7087"},{"taxonomy":"product_cat","embeddable":true,"href":"https:\/\/jinsuncarbon.com\/de\/wp-json\/wp\/v2\/product_cat?post=7087"},{"taxonomy":"product_tag","embeddable":true,"href":"https:\/\/jinsuncarbon.com\/de\/wp-json\/wp\/v2\/product_tag?post=7087"}],"curies":[{"name":"wp","href":"https:\/\/api.w.org\/{rel}","templated":true}]}}