{"id":7084,"date":"2024-12-20T11:00:56","date_gmt":"2024-12-20T11:00:56","guid":{"rendered":"https:\/\/jinsuncarbon.com\/?post_type=product&#038;p=7084"},"modified":"2024-12-20T11:00:56","modified_gmt":"2024-12-20T11:00:56","slug":"graphitstab-2","status":"publish","type":"product","link":"https:\/\/jinsuncarbon.com\/de\/produkt\/graphitstab-2\/","title":{"rendered":"Graphit-Stab"},"content":{"rendered":"<h2 class=\"ql-align-justify\">Graphitstange zu verkaufen<\/h2>\n<p class=\"ql-align-justify\">Das Aussehen des Graphit-Rundstabs ist zylindrisch, und seine Vorteile liegen auf der Hand.<\/p>\n<p class=\"ql-align-justify\"><strong>Gute elektrische Leitf\u00e4higkeit<\/strong><\/p>\n<p class=\"ql-align-justify\">Es zeichnet sich durch eine effiziente Strom\u00fcbertragung und hervorragende Leistung bei elektrischen Anwendungen aus.<\/p>\n<p class=\"ql-align-justify\">\n<p class=\"ql-align-justify\"><strong>Ausgezeichnete Hochtemperaturbest\u00e4ndigkeit<\/strong><\/p>\n<p class=\"ql-align-justify\">Er kann in Hochtemperaturumgebungen stabil arbeiten und h\u00e4lt im Allgemeinen hohen Temperaturen von \u00fcber 2000\u00b0C stand. Er ist f\u00fcr eine Vielzahl von industriellen Hochtemperaturszenarien geeignet.<\/p>\n<p class=\"ql-align-justify\">\n<p class=\"ql-align-justify\"><strong>Stabile chemische Eigenschaften<\/strong><\/p>\n<p class=\"ql-align-justify\">Es ist s\u00e4ure- und laugenkorrosionsbest\u00e4ndig und reagiert nicht leicht mit den meisten chemischen Substanzen. Sie k\u00f6nnen es in korrosiver Umgebung verwenden.<\/p>\n<p class=\"ql-align-justify\">\n<p class=\"ql-align-justify\"><strong>Hohe mechanische Festigkeit<\/strong><\/p>\n<p class=\"ql-align-justify\">Sie halten einem gewissen Druck und Verschlei\u00df stand und haben eine lange Lebensdauer.<\/p>\n<p class=\"ql-align-justify\">\n<p class=\"ql-align-justify\"><strong>Niedriger W\u00e4rmeausdehnungskoeffizient<\/strong><\/p>\n<p class=\"ql-align-justify\">Es hat eine gute Dimensionsstabilit\u00e4t, wenn die Temperatur \u00e4ndert, kann die Genauigkeit und Stabilit\u00e4t der Ausr\u00fcstung zu gew\u00e4hrleisten.<\/p>\n<p class=\"ql-align-justify\">\n<h2 class=\"ql-align-justify\">Arten von Graphitst\u00e4ben<\/h2>\n<p class=\"ql-align-justify\"><strong>Hochreiner Graphitstab<\/strong><\/p>\n<p class=\"ql-align-justify\">Der Reinheitsgrad betr\u00e4gt in der Regel mehr als 99,9%, mit besserer Leitf\u00e4higkeit und chemischer Stabilit\u00e4t. Es wird h\u00e4ufig in der Elektronik, der Halbleiterindustrie und anderen Branchen mit hohen Reinheits- und Leistungsanforderungen verwendet.<\/p>\n<p class=\"ql-align-justify\">\n<p class=\"ql-align-justify\"><strong>Elektrode Graphitstab<\/strong><\/p>\n<p class=\"ql-align-justify\">Speziell f\u00fcr elektrochemische Bereiche wie Elektrolyse, Galvanik usw. entwickelt. Mit guter elektrischer Leitf\u00e4higkeit und Korrosionsbest\u00e4ndigkeit kann es die Effizienz und Stabilit\u00e4t von elektrochemischen Prozessen effektiv verbessern.<\/p>\n<p class=\"ql-align-justify\">\n<p class=\"ql-align-justify\"><strong>Heizung Graphitstab<\/strong><\/p>\n<p class=\"ql-align-justify\">Mit seinem hohen spezifischen Widerstand kann es viel W\u00e4rme erzeugen, wenn es unter Strom gesetzt wird. Sie k\u00f6nnen es in der industriellen Heizung Ofen, Labor Hochtemperatur-Ofen und andere Ger\u00e4te verwenden, um eine schnelle Erw\u00e4rmung zu erreichen.<\/p>\n<p class=\"ql-align-justify\">\n<p class=\"ql-align-justify\"><strong>Stab aus feuerfestem Graphit<\/strong><\/p>\n<p class=\"ql-align-justify\">Sie k\u00f6nnen es haupts\u00e4chlich im Bereich der Hochtemperatur-Feuerfestmaterialien, in der Metallurgie, Keramik und anderen Industrien verwenden. Es kann hohen Temperaturen standhalten und ist nicht leicht zu verformen, um zuverl\u00e4ssige Unterst\u00fctzung und W\u00e4rmed\u00e4mmung f\u00fcr Hochtemperaturger\u00e4te zu bieten.<\/p>\n<p class=\"ql-align-justify\">\n<p class=\"ql-align-justify\">Bei der Herstellung der verschiedenen Arten von Graphitst\u00e4ben ist die Gestaltung und Auswahl der Graphitst\u00e4be <a href=\"https:\/\/jinsuncarbon.com\/de\/produkt\/graphitform\/\">Schimmelpilze<\/a> ist entscheidend. Und wir passen die Graphitstangen an die spezifischen Verwendungszwecke und Spezifikationen an. Wir stellen sicher, dass die Graphitkn\u00fcppel zu Graphitst\u00e4ben verarbeitet werden k\u00f6nnen, die den Normen entsprechen.<\/p>\n<p class=\"ql-align-justify\">\n<h2 class=\"ql-align-justify\">Verwendungen von Graphitst\u00e4ben<\/h2>\n<p class=\"ql-align-justify\">Graphitst\u00e4be haben eine breite Palette von Anwendungen.<\/p>\n<p class=\"ql-align-justify\"><strong>In der metallurgischen Industrie<\/strong><\/p>\n<p class=\"ql-align-justify\">Als Elektrode f\u00fcr elektrolytisches Aluminium, elektrolytisches Kupfer und andere Metallschmelzverfahren kann sie Strom effizient leiten. Und f\u00f6rdern die Reduktionsreaktion von Metallionen, verbessern die Produktionseffizienz und Produktqualit\u00e4t.<\/p>\n<p class=\"ql-align-justify\">\n<p class=\"ql-align-justify\"><strong>Im Bereich der maschinellen Bearbeitung<\/strong><\/p>\n<p class=\"ql-align-justify\">Sie k\u00f6nnen es als Elektrode verwenden f\u00fcr <a href=\"https:\/\/en.wikipedia.org\/wiki\/Electrical_discharge_machining\" target=\"_blank\" rel=\"noopener\">EDM<\/a>Sie nutzt ihre pr\u00e4zise Form und gute elektrische Leitf\u00e4higkeit, um Metallteile mit hoher Pr\u00e4zision zu bearbeiten und zu formen.<\/p>\n<p class=\"ql-align-justify\">\n<p class=\"ql-align-justify\"><strong>In der Elektronikindustrie<\/strong><\/p>\n<p class=\"ql-align-justify\">Elektroden, die zur Herstellung elektronischer Bauteile verwendet werden, wie z. B. <a href=\"https:\/\/jinsuncarbon.com\/de\/produkt\/graphitrohr-zu-verkaufen\/\">R\u00f6hren<\/a> und Transistoren. Au\u00dferdem dienen sie als Dotierstofftr\u00e4ger f\u00fcr Halbleitermaterialien, um den normalen Betrieb und die Leistungssteigerung elektronischer Ger\u00e4te zu gew\u00e4hrleisten.<\/p>\n<p class=\"ql-align-justify\">\n<p class=\"ql-align-justify\"><strong>In der chemischen Industrie<\/strong><\/p>\n<p class=\"ql-align-justify\">Als korrosionsbest\u00e4ndiges Material f\u00fcr die Auskleidung von Rohrleitungen und den R\u00fchrstab des Reaktionskessels kann es der Erosion verschiedener S\u00e4ure- und Laugenl\u00f6sungen widerstehen. Um die Sicherheit und Stabilit\u00e4t der chemischen Produktion zu gew\u00e4hrleisten.<\/p>\n<p class=\"ql-align-justify\">\n<p class=\"ql-align-justify\"><strong>Im Labor<\/strong><\/p>\n<p class=\"ql-align-justify\">Sie k\u00f6nnen es in der Regel als Heizelement und Probentr\u00e4ger f\u00fcr hohe Temperaturen verwenden <a href=\"https:\/\/en.wikipedia.org\/wiki\/Furnace_(central_heating)\" target=\"_blank\" rel=\"noopener\">\u00d6fen<\/a>. Es kann die Heizung und Unterst\u00fctzung Bed\u00fcrfnisse unter hohen Temperaturen experimentellen Bedingungen zu erf\u00fcllen. Und eine stabile experimentelle Umgebung f\u00fcr die wissenschaftliche Forschung zu schaffen.<\/p>","protected":false},"excerpt":{"rendered":"<p>Graphitstab ist ein stabf\u00f6rmiges Material, das aus hochreinem Graphit als Rohmaterial hergestellt wird. Der Produktionsprozess umfasst die Verarbeitung von Graphitformen und Graphitmaterial. Die Graphitrohstoffe werden zun\u00e4chst zu Graphitvorr\u00e4ten verarbeitet. Dann werden Graphitstangen mit unterschiedlichen Spezifikationen, wie z. B. runde Graphitstangen, durch Strangpressen von Graphitformen oder isostatisches Pressen hergestellt.<\/p>\n<p>Graphitstab hat eine ausgezeichnete elektrische Leitf\u00e4higkeit, hohe Temperaturbest\u00e4ndigkeit, chemische Stabilit\u00e4t und andere Eigenschaften. Er spielt eine Schl\u00fcsselrolle in vielen Bereichen und ist ein zuverl\u00e4ssiges und weit verbreitetes Graphitprodukt.<\/p>","protected":false},"featured_media":7085,"template":"","meta":[],"product_brand":[],"product_cat":[38],"product_tag":[],"class_list":{"0":"post-7084","1":"product","2":"type-product","3":"status-publish","4":"has-post-thumbnail","6":"product_cat-graphite-products","8":"first","9":"instock","10":"shipping-taxable","11":"product-type-simple"},"yoast_head":"<!-- This site is optimized with the Yoast SEO Premium plugin v19.2.1 (Yoast SEO v25.3) - https:\/\/yoast.com\/wordpress\/plugins\/seo\/ -->\n<title>Graphite Bar for Sale | Jinsun Carbon<\/title>\n<meta name=\"description\" content=\"Graphite bar stock for sale, High temperature resistant and high conductivity graphite rods are used in industries such as electrodes, heat exchange and batteries.\" \/>\n<meta name=\"robots\" content=\"index, follow, max-snippet:-1, max-image-preview:large, max-video-preview:-1\" \/>\n<link rel=\"canonical\" href=\"https:\/\/jinsuncarbon.com\/de\/produkt\/graphitstab-2\/\" \/>\n<meta property=\"og:locale\" content=\"de_DE\" \/>\n<meta property=\"og:type\" content=\"article\" \/>\n<meta property=\"og:title\" content=\"Graphite Bar\" \/>\n<meta property=\"og:description\" content=\"Graphite bar stock for sale, High temperature resistant and high conductivity graphite rods are used in industries such as electrodes, heat exchange and batteries.\" \/>\n<meta property=\"og:url\" content=\"https:\/\/jinsuncarbon.com\/de\/produkt\/graphitstab-2\/\" \/>\n<meta property=\"og:site_name\" content=\"Jinsun Carbon\" \/>\n<meta property=\"article:publisher\" content=\"https:\/\/www.facebook.com\/Graphite-Electrode-109336238661595\" \/>\n<meta property=\"og:image\" content=\"https:\/\/jinsuncarbon.com\/wp-content\/uploads\/2024\/12\/Graphite-bar.jpg\" \/>\n\t<meta property=\"og:image:width\" content=\"1024\" \/>\n\t<meta property=\"og:image:height\" content=\"763\" \/>\n\t<meta property=\"og:image:type\" content=\"image\/jpeg\" \/>\n<meta name=\"twitter:card\" content=\"summary_large_image\" \/>\n<meta name=\"twitter:site\" content=\"@jinsuncarbon_\" \/>\n<meta name=\"twitter:label1\" content=\"Gesch\u00e4tzte Lesezeit\" \/>\n\t<meta name=\"twitter:data1\" content=\"3\u00a0Minuten\" \/>\n<script type=\"application\/ld+json\" class=\"yoast-schema-graph\">{\"@context\":\"https:\/\/schema.org\",\"@graph\":[{\"@type\":\"WebPage\",\"@id\":\"https:\/\/jinsuncarbon.com\/product\/graphite-bar\/\",\"url\":\"https:\/\/jinsuncarbon.com\/product\/graphite-bar\/\",\"name\":\"Graphite Bar for Sale | Jinsun Carbon\",\"isPartOf\":{\"@id\":\"https:\/\/jinsuncarbon.com\/#website\"},\"primaryImageOfPage\":{\"@id\":\"https:\/\/jinsuncarbon.com\/product\/graphite-bar\/#primaryimage\"},\"image\":{\"@id\":\"https:\/\/jinsuncarbon.com\/product\/graphite-bar\/#primaryimage\"},\"thumbnailUrl\":\"https:\/\/jinsuncarbon.com\/wp-content\/uploads\/2024\/12\/Graphite-bar.jpg\",\"datePublished\":\"2024-12-20T11:00:56+00:00\",\"description\":\"Graphite bar stock for sale, High temperature resistant and high conductivity graphite rods are used in industries such as electrodes, heat exchange and batteries.\",\"breadcrumb\":{\"@id\":\"https:\/\/jinsuncarbon.com\/product\/graphite-bar\/#breadcrumb\"},\"inLanguage\":\"de\",\"potentialAction\":[{\"@type\":\"ReadAction\",\"target\":[\"https:\/\/jinsuncarbon.com\/product\/graphite-bar\/\"]}]},{\"@type\":\"ImageObject\",\"inLanguage\":\"de\",\"@id\":\"https:\/\/jinsuncarbon.com\/product\/graphite-bar\/#primaryimage\",\"url\":\"https:\/\/jinsuncarbon.com\/wp-content\/uploads\/2024\/12\/Graphite-bar.jpg\",\"contentUrl\":\"https:\/\/jinsuncarbon.com\/wp-content\/uploads\/2024\/12\/Graphite-bar.jpg\",\"width\":1024,\"height\":763,\"caption\":\"Graphite bar\"},{\"@type\":\"BreadcrumbList\",\"@id\":\"https:\/\/jinsuncarbon.com\/product\/graphite-bar\/#breadcrumb\",\"itemListElement\":[{\"@type\":\"ListItem\",\"position\":1,\"name\":\"Home\",\"item\":\"https:\/\/jinsuncarbon.com\/\"},{\"@type\":\"ListItem\",\"position\":2,\"name\":\"Products\",\"item\":\"https:\/\/jinsuncarbon.com\/graphite-carbon\/\"},{\"@type\":\"ListItem\",\"position\":3,\"name\":\"Graphite Bar\"}]},{\"@type\":\"WebSite\",\"@id\":\"https:\/\/jinsuncarbon.com\/#website\",\"url\":\"https:\/\/jinsuncarbon.com\/\",\"name\":\"Jinsun Carbon\",\"description\":\"We are the successful graphite electrode manufacturer in China\",\"publisher\":{\"@id\":\"https:\/\/jinsuncarbon.com\/#organization\"},\"potentialAction\":[{\"@type\":\"SearchAction\",\"target\":{\"@type\":\"EntryPoint\",\"urlTemplate\":\"https:\/\/jinsuncarbon.com\/?s={search_term_string}\"},\"query-input\":{\"@type\":\"PropertyValueSpecification\",\"valueRequired\":true,\"valueName\":\"search_term_string\"}}],\"inLanguage\":\"de\"},{\"@type\":\"Organization\",\"@id\":\"https:\/\/jinsuncarbon.com\/#organization\",\"name\":\"Jinsun Carbon\",\"alternateName\":\"Jinsun Carbon\",\"url\":\"https:\/\/jinsuncarbon.com\/\",\"logo\":{\"@type\":\"ImageObject\",\"inLanguage\":\"de\",\"@id\":\"https:\/\/jinsuncarbon.com\/#\/schema\/logo\/image\/\",\"url\":\"https:\/\/jinsuncarbon.com\/wp-content\/uploads\/2022\/12\/LOGO-1.png\",\"contentUrl\":\"https:\/\/jinsuncarbon.com\/wp-content\/uploads\/2022\/12\/LOGO-1.png\",\"width\":207,\"height\":80,\"caption\":\"Jinsun Carbon\"},\"image\":{\"@id\":\"https:\/\/jinsuncarbon.com\/#\/schema\/logo\/image\/\"},\"sameAs\":[\"https:\/\/www.facebook.com\/Graphite-Electrode-109336238661595\",\"https:\/\/x.com\/jinsuncarbon_\",\"https:\/\/www.linkedin.com\/in\/jinsungraphite\",\"https:\/\/www.youtube.com\/channel\/UCysDNyvyR5-3cCWEmpkVC0g\"]}]}<\/script>\n<!-- \/ Yoast SEO Premium plugin. -->","yoast_head_json":{"title":"Graphitstab zum Verkauf | Jinsun Carbon","description":"Graphitstangen zum Verkauf, Hochtemperaturbest\u00e4ndige Graphitstangen mit hoher Leitf\u00e4higkeit werden in der Industrie f\u00fcr Elektroden, W\u00e4rmeaustausch und Batterien verwendet.","robots":{"index":"index","follow":"follow","max-snippet":"max-snippet:-1","max-image-preview":"max-image-preview:large","max-video-preview":"max-video-preview:-1"},"canonical":"https:\/\/jinsuncarbon.com\/de\/produkt\/graphitstab-2\/","og_locale":"de_DE","og_type":"article","og_title":"Graphite Bar","og_description":"Graphite bar stock for sale, High temperature resistant and high conductivity graphite rods are used in industries such as electrodes, heat exchange and batteries.","og_url":"https:\/\/jinsuncarbon.com\/de\/produkt\/graphitstab-2\/","og_site_name":"Jinsun Carbon","article_publisher":"https:\/\/www.facebook.com\/Graphite-Electrode-109336238661595","og_image":[{"width":1024,"height":763,"url":"https:\/\/jinsuncarbon.com\/wp-content\/uploads\/2024\/12\/Graphite-bar.jpg","type":"image\/jpeg"}],"twitter_card":"summary_large_image","twitter_site":"@jinsuncarbon_","twitter_misc":{"Gesch\u00e4tzte Lesezeit":"3\u00a0Minuten"},"schema":{"@context":"https:\/\/schema.org","@graph":[{"@type":"WebPage","@id":"https:\/\/jinsuncarbon.com\/product\/graphite-bar\/","url":"https:\/\/jinsuncarbon.com\/product\/graphite-bar\/","name":"Graphitstab zum Verkauf | Jinsun Carbon","isPartOf":{"@id":"https:\/\/jinsuncarbon.com\/#website"},"primaryImageOfPage":{"@id":"https:\/\/jinsuncarbon.com\/product\/graphite-bar\/#primaryimage"},"image":{"@id":"https:\/\/jinsuncarbon.com\/product\/graphite-bar\/#primaryimage"},"thumbnailUrl":"https:\/\/jinsuncarbon.com\/wp-content\/uploads\/2024\/12\/Graphite-bar.jpg","datePublished":"2024-12-20T11:00:56+00:00","description":"Graphitstangen zum Verkauf, Hochtemperaturbest\u00e4ndige Graphitstangen mit hoher Leitf\u00e4higkeit werden in der Industrie f\u00fcr Elektroden, W\u00e4rmeaustausch und Batterien verwendet.","breadcrumb":{"@id":"https:\/\/jinsuncarbon.com\/product\/graphite-bar\/#breadcrumb"},"inLanguage":"de","potentialAction":[{"@type":"ReadAction","target":["https:\/\/jinsuncarbon.com\/product\/graphite-bar\/"]}]},{"@type":"ImageObject","inLanguage":"de","@id":"https:\/\/jinsuncarbon.com\/product\/graphite-bar\/#primaryimage","url":"https:\/\/jinsuncarbon.com\/wp-content\/uploads\/2024\/12\/Graphite-bar.jpg","contentUrl":"https:\/\/jinsuncarbon.com\/wp-content\/uploads\/2024\/12\/Graphite-bar.jpg","width":1024,"height":763,"caption":"Graphite bar"},{"@type":"BreadcrumbList","@id":"https:\/\/jinsuncarbon.com\/product\/graphite-bar\/#breadcrumb","itemListElement":[{"@type":"ListItem","position":1,"name":"Home","item":"https:\/\/jinsuncarbon.com\/"},{"@type":"ListItem","position":2,"name":"Products","item":"https:\/\/jinsuncarbon.com\/graphite-carbon\/"},{"@type":"ListItem","position":3,"name":"Graphite Bar"}]},{"@type":"WebSite","@id":"https:\/\/jinsuncarbon.com\/#website","url":"https:\/\/jinsuncarbon.com\/","name":"Jinsun Kohlenstoff","description":"Wir sind der erfolgreiche Hersteller von Graphitelektroden in China","publisher":{"@id":"https:\/\/jinsuncarbon.com\/#organization"},"potentialAction":[{"@type":"SearchAction","target":{"@type":"EntryPoint","urlTemplate":"https:\/\/jinsuncarbon.com\/?s={search_term_string}"},"query-input":{"@type":"PropertyValueSpecification","valueRequired":true,"valueName":"search_term_string"}}],"inLanguage":"de"},{"@type":"Organization","@id":"https:\/\/jinsuncarbon.com\/#organization","name":"Jinsun Kohlenstoff","alternateName":"Jinsun Carbon","url":"https:\/\/jinsuncarbon.com\/","logo":{"@type":"ImageObject","inLanguage":"de","@id":"https:\/\/jinsuncarbon.com\/#\/schema\/logo\/image\/","url":"https:\/\/jinsuncarbon.com\/wp-content\/uploads\/2022\/12\/LOGO-1.png","contentUrl":"https:\/\/jinsuncarbon.com\/wp-content\/uploads\/2022\/12\/LOGO-1.png","width":207,"height":80,"caption":"Jinsun Carbon"},"image":{"@id":"https:\/\/jinsuncarbon.com\/#\/schema\/logo\/image\/"},"sameAs":["https:\/\/www.facebook.com\/Graphite-Electrode-109336238661595","https:\/\/x.com\/jinsuncarbon_","https:\/\/www.linkedin.com\/in\/jinsungraphite","https:\/\/www.youtube.com\/channel\/UCysDNyvyR5-3cCWEmpkVC0g"]}]}},"_links":{"self":[{"href":"https:\/\/jinsuncarbon.com\/de\/wp-json\/wp\/v2\/product\/7084","targetHints":{"allow":["GET"]}}],"collection":[{"href":"https:\/\/jinsuncarbon.com\/de\/wp-json\/wp\/v2\/product"}],"about":[{"href":"https:\/\/jinsuncarbon.com\/de\/wp-json\/wp\/v2\/types\/product"}],"wp:featuredmedia":[{"embeddable":true,"href":"https:\/\/jinsuncarbon.com\/de\/wp-json\/wp\/v2\/media\/7085"}],"wp:attachment":[{"href":"https:\/\/jinsuncarbon.com\/de\/wp-json\/wp\/v2\/media?parent=7084"}],"wp:term":[{"taxonomy":"product_brand","embeddable":true,"href":"https:\/\/jinsuncarbon.com\/de\/wp-json\/wp\/v2\/product_brand?post=7084"},{"taxonomy":"product_cat","embeddable":true,"href":"https:\/\/jinsuncarbon.com\/de\/wp-json\/wp\/v2\/product_cat?post=7084"},{"taxonomy":"product_tag","embeddable":true,"href":"https:\/\/jinsuncarbon.com\/de\/wp-json\/wp\/v2\/product_tag?post=7084"}],"curies":[{"name":"wp","href":"https:\/\/api.w.org\/{rel}","templated":true}]}}