{"id":7078,"date":"2024-12-20T03:56:37","date_gmt":"2024-12-20T03:56:37","guid":{"rendered":"https:\/\/jinsuncarbon.com\/?post_type=product&#038;p=7078"},"modified":"2024-12-20T04:00:15","modified_gmt":"2024-12-20T04:00:15","slug":"isostatischer-graphit","status":"publish","type":"product","link":"https:\/\/jinsuncarbon.com\/de\/produkt\/isostatischer-graphit\/","title":{"rendered":"Isostatischer Graphit"},"content":{"rendered":"<h2>Isostatische Graphiteigenschaften<\/h2>\n<p>Isostatischer Graphit hat normalerweise eine Sch\u00fcttgutform. Seine Vorteile sind herausragend.<\/p>\n<p><strong><b>V<\/b><\/strong><strong><b>sehr hohe Gleichm\u00e4\u00dfigkeit der Dichte<\/b><\/strong><\/p>\n<p>Dies verleiht ihm eine ausgezeichnete Stabilit\u00e4t bei verschiedenen Belastungen.<\/p>\n<p>&nbsp;<\/p>\n<p><strong><b>E<\/b><\/strong><strong><b>Hervorragende Best\u00e4ndigkeit gegen hohe Temperaturen<\/b><\/strong><\/p>\n<p>Es kann normalerweise in einer Umgebung mit hohen Temperaturen von bis zu 2000\u00b0 C-3000 \u00b0C arbeiten. Und es kann auch bei hohen Temperaturen gute mechanische Eigenschaften beibehalten.<\/p>\n<p>&nbsp;<\/p>\n<p><strong><b>Stark <\/b><\/strong><strong><b>chemische Stabilit\u00e4t<\/b><\/strong><\/p>\n<p>Es hat eine hohe Korrosionsbest\u00e4ndigkeit gegen\u00fcber den meisten chemischen Substanzen wie S\u00e4uren und Laugen.<\/p>\n<p>&nbsp;<\/p>\n<p><strong><b>G<\/b><\/strong><strong><b>gute elektrische Leitf\u00e4higkeit <\/b><\/strong><\/p>\n<p>Es eignet sich f\u00fcr viele Anwendungsszenarien, die eine hervorragende elektrische Leitf\u00e4higkeit erfordern.<\/p>\n<p>&nbsp;<\/p>\n<p><strong><b>Hohe mechanische Festigkeit<\/b><\/strong><\/p>\n<p>Es kann gr\u00f6\u00dferem Au\u00dfendruck standhalten und ist nicht leicht zu besch\u00e4digen. Daher eignet es sich hervorragend f\u00fcr Strukturen, die gr\u00f6\u00dferen Belastungen standhalten m\u00fcssen.<\/p>\n<p>&nbsp;<\/p>\n<p>Zugleich ist die Verarbeitungsleistung von isostatischem Graphit besser. Und wir k\u00f6nnen ihn leichter zu verschiedenen komplexen Formen verarbeiten, um Ihren Anforderungen f\u00fcr unterschiedliche Anwendungen gerecht zu werden.<\/p>\n<p>&nbsp;<\/p>\n<h2>Arten von isostatischem Graphit<\/h2>\n<p><strong><b>Nach Rohstoffen:<\/b><\/strong><\/p>\n<p><strong><b>Petrolkoks-Basis<\/b><\/strong><\/p>\n<p>Petrolkoks ist das Hauptmaterial, das durch mehrere Prozesse hergestellt wird und eine gute Leitf\u00e4higkeit und Reinheit aufweist. Sie k\u00f6nnen es oft in der Elektronik, Metallurgie und anderen Bereichen der Elektrodenmaterialien verwenden, um leitf\u00e4hige Stabilit\u00e4t zu gew\u00e4hrleisten.<\/p>\n<p>&nbsp;<\/p>\n<p><strong><b>Asphalt-Koks-Basis<\/b><\/strong><\/p>\n<p>Mit Asphaltkoks als Rohstoff sind die Partikel w\u00e4hrend des Formens gut verbunden, und die Selbstbindung ist stark. Und der hergestellte Graphit hat eine hohe mechanische Festigkeit, die geeignet ist, gro\u00dfen mechanischen Druckszenarien standzuhalten.<\/p>\n<p>&nbsp;<\/p>\n<p><strong><b>Nach Gebrauch<\/b><\/strong><strong><b>:<\/b><\/strong><\/p>\n<p><strong><b>Block<\/b><\/strong><strong><b>\u00a0<\/b><\/strong><strong><b>isostatischer Graphit<\/b><\/strong><\/p>\n<p>Sie k\u00f6nnen es im Bereich der Elektrochemie verwenden. Sein niedriger spezifischer Widerstand kann bei hohen Str\u00f6men stabil arbeiten. Aber es braucht Oberfl\u00e4chenbehandlung Korrosionsbest\u00e4ndigkeit, um Elektrolyse und andere Prozesse der Leistungsverlust zu reduzieren.<\/p>\n<p><strong><b>\u00a0<\/b><\/strong><\/p>\n<p><strong><b>Schimmelpilz<\/b><\/strong>\u00a0<strong><b>isostatischer Graphit<\/b><\/strong><\/p>\n<p>Sie k\u00f6nnen es f\u00fcr EDM-Formen verwenden. Es hat eine hohe Dimensionsstabilit\u00e4t, gute W\u00e4rmeleitung, leicht zu verarbeiten in komplexe Formen. Und es kann Form \u00dcberhitzung Verformung, genaue Kopie Form zu verhindern.<\/p>\n<p>&nbsp;<\/p>\n<p><strong><b>Kernenergie<\/b><\/strong>\u00a0<strong><b>isostatischer Graphit<\/b><\/strong><\/p>\n<p>Als ein Schl\u00fcsselmaterial f\u00fcr <a href=\"https:\/\/en.wikipedia.org\/wiki\/Nuclear_reactor\" target=\"_blank\" rel=\"noopener\">Atomreaktoren<\/a>Es verf\u00fcgt \u00fcber hohe Reinheit, Strahlenschutz und strukturelle Stabilit\u00e4t bei hohen Temperaturen. Und es gew\u00e4hrleistet den sicheren Betrieb von Kernreaktoren.<\/p>\n<p><strong><b>\u00a0<\/b><\/strong><\/p>\n<h2>Verwendungen von isostatischem Graphit<\/h2>\n<p><strong><b>Elektronische Halbleiter<\/b><\/strong><\/p>\n<p>Heizk\u00f6rper und Schmelztiegel f\u00fcr die Herstellung von monokristallinem Silizium sowie Halbleiter-Hochtemperatur\u00f6fen. Seine hohe Reinheit, hohe Temperaturbest\u00e4ndigkeit und chemische Stabilit\u00e4t k\u00f6nnen eine reibungslose Produktion und einen stabilen Betrieb der Anlagen gew\u00e4hrleisten.<\/p>\n<p><strong><b>EDM<\/b><\/strong><\/p>\n<p>Es ist das ideale <a href=\"https:\/\/jinsuncarbon.com\/de\/produkt\/edm-graphit\/\">Elektrode<\/a> Material, gute Leitf\u00e4higkeit kann stabile Entladung, W\u00e4rmeableitung schnell verhindern Elektrode \u00dcberhitzung. Und es ist einfach, komplexe Formen zu verarbeiten, kann Formverarbeitung Genauigkeit und Effizienz zu verbessern. Die isotrope Struktur macht die Elektrode stabiler und zuverl\u00e4ssig in verschiedenen Richtungen w\u00e4hrend der Entladung Bearbeitung.<\/p>\n<p><strong><b>\u00a0<\/b><\/strong><\/p>\n<p><strong><b>Metallurgische Industrie<\/b><\/strong><\/p>\n<p>Isostatischer Graphit als <a href=\"https:\/\/jinsuncarbon.com\/de\/produkt\/graphit-tiegel\/\">Schmelztiegel<\/a>Ofenauskleidung, hohe Temperatur- und Korrosionsbest\u00e4ndigkeit, geeignet f\u00fcr hohe Temperaturen und starke Korrosion Schmelzen Umwelt. Es kann das Schmelzen gew\u00e4hrleisten und die Produktqualit\u00e4t verbessern.<\/p>\n<p>&nbsp;<\/p>\n<p><strong><b>Fotovoltaik-Industrie<\/b><\/strong><\/p>\n<p>Als Heizelement in einem Polysilizium-Reduktionsofen ist es hoch leitf\u00e4hig, hochtemperatur- und korrosionsbest\u00e4ndig. Au\u00dferdem kann es die Energieversorgung unterst\u00fctzen und so zur Verbesserung der Produktionseffizienz und -qualit\u00e4t beitragen. In den letzten Jahren hat die rasche Entwicklung der <a href=\"https:\/\/en.wikipedia.org\/wiki\/Photovoltaics\" target=\"_blank\" rel=\"noopener\">Fotovoltaik<\/a> Industrie hat die Nachfrage auf dem Markt f\u00fcr isostatischen Graphit stark unterst\u00fctzt.<\/p>\n<p>&nbsp;<\/p>\n<p><strong><b>Bereich Kernenergie<\/b><\/strong><\/p>\n<p>Als Moderator und Reflektor in Kernreaktoren kann es die Kernreaktion stabilisieren. Und die strukturelle Stabilit\u00e4t unter starker Strahlung aufrechterhalten und die Reaktorsicherheit gew\u00e4hrleisten.<\/p>\n<p>&nbsp;<\/p>\n<p>&nbsp;<\/p>","protected":false},"excerpt":{"rendered":"<p>Isostatischer Graphit ist eine Art Hochleistungsgraphit, der durch isostatisches Pressen hergestellt wird. Er wird aus hochwertigem Petrolkoks, Asphaltkoks und anderen Rohstoffen durch eine Reihe von Feinverarbeitungsprozessen hergestellt.<\/p>\n<p>&nbsp;<\/p>\n<p>Dieses Material hat einzigartige isotrope Struktureigenschaften. Mit seinen hervorragenden physikalischen, chemischen und mechanischen Eigenschaften spielt isostatisch gepresster Graphit eine wichtige Rolle in vielen Bereichen der High-End-Industrie. Es handelt sich um ein fortschrittliches ultrafeink\u00f6rniges Material mit hoher Zuverl\u00e4ssigkeit und starker Anwendbarkeit.<\/p>","protected":false},"featured_media":7079,"template":"","meta":[],"product_brand":[],"product_cat":[67],"product_tag":[],"class_list":{"0":"post-7078","1":"product","2":"type-product","3":"status-publish","4":"has-post-thumbnail","6":"product_cat-graphite-material","8":"first","9":"instock","10":"shipping-taxable","11":"product-type-simple"},"yoast_head":"<!-- This site is optimized with the Yoast SEO Premium plugin v19.2.1 (Yoast SEO v25.3) - https:\/\/yoast.com\/wordpress\/plugins\/seo\/ -->\n<title>Isostatic Graphite Manufacturer | Jinsun Carbon<\/title>\n<meta name=\"description\" content=\"Isostatic Graphite Manufacturer in China. We supply Isostatic Graphite Blocks, Rods and Crucible products for semiconductor, EDM and aerospace industries.\" \/>\n<meta name=\"robots\" content=\"index, follow, max-snippet:-1, max-image-preview:large, max-video-preview:-1\" \/>\n<link rel=\"canonical\" href=\"https:\/\/jinsuncarbon.com\/de\/produkt\/isostatischer-graphit\/\" \/>\n<meta property=\"og:locale\" content=\"de_DE\" \/>\n<meta property=\"og:type\" content=\"article\" \/>\n<meta property=\"og:title\" content=\"Isostatic Graphite\" \/>\n<meta property=\"og:description\" content=\"Isostatic Graphite Manufacturer in China. We supply Isostatic Graphite Blocks, Rods and Crucible products for semiconductor, EDM and aerospace industries.\" \/>\n<meta property=\"og:url\" content=\"https:\/\/jinsuncarbon.com\/de\/produkt\/isostatischer-graphit\/\" \/>\n<meta property=\"og:site_name\" content=\"Jinsun Carbon\" \/>\n<meta property=\"article:publisher\" content=\"https:\/\/www.facebook.com\/Graphite-Electrode-109336238661595\" \/>\n<meta property=\"article:modified_time\" content=\"2024-12-20T04:00:15+00:00\" \/>\n<meta property=\"og:image\" content=\"https:\/\/jinsuncarbon.com\/wp-content\/uploads\/2024\/12\/Isostatic-Graphite.jpg\" \/>\n\t<meta property=\"og:image:width\" content=\"1024\" \/>\n\t<meta property=\"og:image:height\" content=\"763\" \/>\n\t<meta property=\"og:image:type\" content=\"image\/jpeg\" \/>\n<meta name=\"twitter:card\" content=\"summary_large_image\" \/>\n<meta name=\"twitter:site\" content=\"@jinsuncarbon_\" \/>\n<meta name=\"twitter:label1\" content=\"Gesch\u00e4tzte Lesezeit\" \/>\n\t<meta name=\"twitter:data1\" content=\"3\u00a0Minuten\" \/>\n<script type=\"application\/ld+json\" class=\"yoast-schema-graph\">{\"@context\":\"https:\/\/schema.org\",\"@graph\":[{\"@type\":\"WebPage\",\"@id\":\"https:\/\/jinsuncarbon.com\/product\/isostatic-graphite\/\",\"url\":\"https:\/\/jinsuncarbon.com\/product\/isostatic-graphite\/\",\"name\":\"Isostatic Graphite Manufacturer | Jinsun Carbon\",\"isPartOf\":{\"@id\":\"https:\/\/jinsuncarbon.com\/#website\"},\"primaryImageOfPage\":{\"@id\":\"https:\/\/jinsuncarbon.com\/product\/isostatic-graphite\/#primaryimage\"},\"image\":{\"@id\":\"https:\/\/jinsuncarbon.com\/product\/isostatic-graphite\/#primaryimage\"},\"thumbnailUrl\":\"https:\/\/jinsuncarbon.com\/wp-content\/uploads\/2024\/12\/Isostatic-Graphite.jpg\",\"datePublished\":\"2024-12-20T03:56:37+00:00\",\"dateModified\":\"2024-12-20T04:00:15+00:00\",\"description\":\"Isostatic Graphite Manufacturer in China. We supply Isostatic Graphite Blocks, Rods and Crucible products for semiconductor, EDM and aerospace industries.\",\"breadcrumb\":{\"@id\":\"https:\/\/jinsuncarbon.com\/product\/isostatic-graphite\/#breadcrumb\"},\"inLanguage\":\"de\",\"potentialAction\":[{\"@type\":\"ReadAction\",\"target\":[\"https:\/\/jinsuncarbon.com\/product\/isostatic-graphite\/\"]}]},{\"@type\":\"ImageObject\",\"inLanguage\":\"de\",\"@id\":\"https:\/\/jinsuncarbon.com\/product\/isostatic-graphite\/#primaryimage\",\"url\":\"https:\/\/jinsuncarbon.com\/wp-content\/uploads\/2024\/12\/Isostatic-Graphite.jpg\",\"contentUrl\":\"https:\/\/jinsuncarbon.com\/wp-content\/uploads\/2024\/12\/Isostatic-Graphite.jpg\",\"width\":1024,\"height\":763,\"caption\":\"Isostatic Graphite\"},{\"@type\":\"BreadcrumbList\",\"@id\":\"https:\/\/jinsuncarbon.com\/product\/isostatic-graphite\/#breadcrumb\",\"itemListElement\":[{\"@type\":\"ListItem\",\"position\":1,\"name\":\"Home\",\"item\":\"https:\/\/jinsuncarbon.com\/\"},{\"@type\":\"ListItem\",\"position\":2,\"name\":\"Products\",\"item\":\"https:\/\/jinsuncarbon.com\/graphite-carbon\/\"},{\"@type\":\"ListItem\",\"position\":3,\"name\":\"Isostatic Graphite\"}]},{\"@type\":\"WebSite\",\"@id\":\"https:\/\/jinsuncarbon.com\/#website\",\"url\":\"https:\/\/jinsuncarbon.com\/\",\"name\":\"Jinsun Carbon\",\"description\":\"We are the successful graphite electrode manufacturer in China\",\"publisher\":{\"@id\":\"https:\/\/jinsuncarbon.com\/#organization\"},\"potentialAction\":[{\"@type\":\"SearchAction\",\"target\":{\"@type\":\"EntryPoint\",\"urlTemplate\":\"https:\/\/jinsuncarbon.com\/?s={search_term_string}\"},\"query-input\":{\"@type\":\"PropertyValueSpecification\",\"valueRequired\":true,\"valueName\":\"search_term_string\"}}],\"inLanguage\":\"de\"},{\"@type\":\"Organization\",\"@id\":\"https:\/\/jinsuncarbon.com\/#organization\",\"name\":\"Jinsun Carbon\",\"alternateName\":\"Jinsun Carbon\",\"url\":\"https:\/\/jinsuncarbon.com\/\",\"logo\":{\"@type\":\"ImageObject\",\"inLanguage\":\"de\",\"@id\":\"https:\/\/jinsuncarbon.com\/#\/schema\/logo\/image\/\",\"url\":\"https:\/\/jinsuncarbon.com\/wp-content\/uploads\/2022\/12\/LOGO-1.png\",\"contentUrl\":\"https:\/\/jinsuncarbon.com\/wp-content\/uploads\/2022\/12\/LOGO-1.png\",\"width\":207,\"height\":80,\"caption\":\"Jinsun Carbon\"},\"image\":{\"@id\":\"https:\/\/jinsuncarbon.com\/#\/schema\/logo\/image\/\"},\"sameAs\":[\"https:\/\/www.facebook.com\/Graphite-Electrode-109336238661595\",\"https:\/\/x.com\/jinsuncarbon_\",\"https:\/\/www.linkedin.com\/in\/jinsungraphite\",\"https:\/\/www.youtube.com\/channel\/UCysDNyvyR5-3cCWEmpkVC0g\"]}]}<\/script>\n<!-- \/ Yoast SEO Premium plugin. -->","yoast_head_json":{"title":"Isostatischer Graphit Hersteller | Jinsun Carbon","description":"Isostatischer Graphit Hersteller in China. Wir liefern isostatische Graphitbl\u00f6cke, St\u00e4be und Tiegel f\u00fcr die Halbleiter-, EDM- und Luftfahrtindustrie.","robots":{"index":"index","follow":"follow","max-snippet":"max-snippet:-1","max-image-preview":"max-image-preview:large","max-video-preview":"max-video-preview:-1"},"canonical":"https:\/\/jinsuncarbon.com\/de\/produkt\/isostatischer-graphit\/","og_locale":"de_DE","og_type":"article","og_title":"Isostatic Graphite","og_description":"Isostatic Graphite Manufacturer in China. We supply Isostatic Graphite Blocks, Rods and Crucible products for semiconductor, EDM and aerospace industries.","og_url":"https:\/\/jinsuncarbon.com\/de\/produkt\/isostatischer-graphit\/","og_site_name":"Jinsun Carbon","article_publisher":"https:\/\/www.facebook.com\/Graphite-Electrode-109336238661595","article_modified_time":"2024-12-20T04:00:15+00:00","og_image":[{"width":1024,"height":763,"url":"https:\/\/jinsuncarbon.com\/wp-content\/uploads\/2024\/12\/Isostatic-Graphite.jpg","type":"image\/jpeg"}],"twitter_card":"summary_large_image","twitter_site":"@jinsuncarbon_","twitter_misc":{"Gesch\u00e4tzte Lesezeit":"3\u00a0Minuten"},"schema":{"@context":"https:\/\/schema.org","@graph":[{"@type":"WebPage","@id":"https:\/\/jinsuncarbon.com\/product\/isostatic-graphite\/","url":"https:\/\/jinsuncarbon.com\/product\/isostatic-graphite\/","name":"Isostatischer Graphit Hersteller | Jinsun Carbon","isPartOf":{"@id":"https:\/\/jinsuncarbon.com\/#website"},"primaryImageOfPage":{"@id":"https:\/\/jinsuncarbon.com\/product\/isostatic-graphite\/#primaryimage"},"image":{"@id":"https:\/\/jinsuncarbon.com\/product\/isostatic-graphite\/#primaryimage"},"thumbnailUrl":"https:\/\/jinsuncarbon.com\/wp-content\/uploads\/2024\/12\/Isostatic-Graphite.jpg","datePublished":"2024-12-20T03:56:37+00:00","dateModified":"2024-12-20T04:00:15+00:00","description":"Isostatischer Graphit Hersteller in China. Wir liefern isostatische Graphitbl\u00f6cke, St\u00e4be und Tiegel f\u00fcr die Halbleiter-, EDM- und Luftfahrtindustrie.","breadcrumb":{"@id":"https:\/\/jinsuncarbon.com\/product\/isostatic-graphite\/#breadcrumb"},"inLanguage":"de","potentialAction":[{"@type":"ReadAction","target":["https:\/\/jinsuncarbon.com\/product\/isostatic-graphite\/"]}]},{"@type":"ImageObject","inLanguage":"de","@id":"https:\/\/jinsuncarbon.com\/product\/isostatic-graphite\/#primaryimage","url":"https:\/\/jinsuncarbon.com\/wp-content\/uploads\/2024\/12\/Isostatic-Graphite.jpg","contentUrl":"https:\/\/jinsuncarbon.com\/wp-content\/uploads\/2024\/12\/Isostatic-Graphite.jpg","width":1024,"height":763,"caption":"Isostatic Graphite"},{"@type":"BreadcrumbList","@id":"https:\/\/jinsuncarbon.com\/product\/isostatic-graphite\/#breadcrumb","itemListElement":[{"@type":"ListItem","position":1,"name":"Home","item":"https:\/\/jinsuncarbon.com\/"},{"@type":"ListItem","position":2,"name":"Products","item":"https:\/\/jinsuncarbon.com\/graphite-carbon\/"},{"@type":"ListItem","position":3,"name":"Isostatic Graphite"}]},{"@type":"WebSite","@id":"https:\/\/jinsuncarbon.com\/#website","url":"https:\/\/jinsuncarbon.com\/","name":"Jinsun Kohlenstoff","description":"Wir sind der erfolgreiche Hersteller von Graphitelektroden in China","publisher":{"@id":"https:\/\/jinsuncarbon.com\/#organization"},"potentialAction":[{"@type":"SearchAction","target":{"@type":"EntryPoint","urlTemplate":"https:\/\/jinsuncarbon.com\/?s={search_term_string}"},"query-input":{"@type":"PropertyValueSpecification","valueRequired":true,"valueName":"search_term_string"}}],"inLanguage":"de"},{"@type":"Organization","@id":"https:\/\/jinsuncarbon.com\/#organization","name":"Jinsun Kohlenstoff","alternateName":"Jinsun Carbon","url":"https:\/\/jinsuncarbon.com\/","logo":{"@type":"ImageObject","inLanguage":"de","@id":"https:\/\/jinsuncarbon.com\/#\/schema\/logo\/image\/","url":"https:\/\/jinsuncarbon.com\/wp-content\/uploads\/2022\/12\/LOGO-1.png","contentUrl":"https:\/\/jinsuncarbon.com\/wp-content\/uploads\/2022\/12\/LOGO-1.png","width":207,"height":80,"caption":"Jinsun Carbon"},"image":{"@id":"https:\/\/jinsuncarbon.com\/#\/schema\/logo\/image\/"},"sameAs":["https:\/\/www.facebook.com\/Graphite-Electrode-109336238661595","https:\/\/x.com\/jinsuncarbon_","https:\/\/www.linkedin.com\/in\/jinsungraphite","https:\/\/www.youtube.com\/channel\/UCysDNyvyR5-3cCWEmpkVC0g"]}]}},"_links":{"self":[{"href":"https:\/\/jinsuncarbon.com\/de\/wp-json\/wp\/v2\/product\/7078","targetHints":{"allow":["GET"]}}],"collection":[{"href":"https:\/\/jinsuncarbon.com\/de\/wp-json\/wp\/v2\/product"}],"about":[{"href":"https:\/\/jinsuncarbon.com\/de\/wp-json\/wp\/v2\/types\/product"}],"wp:featuredmedia":[{"embeddable":true,"href":"https:\/\/jinsuncarbon.com\/de\/wp-json\/wp\/v2\/media\/7079"}],"wp:attachment":[{"href":"https:\/\/jinsuncarbon.com\/de\/wp-json\/wp\/v2\/media?parent=7078"}],"wp:term":[{"taxonomy":"product_brand","embeddable":true,"href":"https:\/\/jinsuncarbon.com\/de\/wp-json\/wp\/v2\/product_brand?post=7078"},{"taxonomy":"product_cat","embeddable":true,"href":"https:\/\/jinsuncarbon.com\/de\/wp-json\/wp\/v2\/product_cat?post=7078"},{"taxonomy":"product_tag","embeddable":true,"href":"https:\/\/jinsuncarbon.com\/de\/wp-json\/wp\/v2\/product_tag?post=7078"}],"curies":[{"name":"wp","href":"https:\/\/api.w.org\/{rel}","templated":true}]}}