{"id":7072,"date":"2024-12-20T03:09:39","date_gmt":"2024-12-20T03:09:39","guid":{"rendered":"https:\/\/jinsuncarbon.com\/?post_type=product&#038;p=7072"},"modified":"2024-12-20T03:09:41","modified_gmt":"2024-12-20T03:09:41","slug":"vibrationsgraphit","status":"publish","type":"product","link":"https:\/\/jinsuncarbon.com\/de\/produkt\/vibrationsgraphit\/","title":{"rendered":"Vibrierter Graphit"},"content":{"rendered":"<p>Vibrationsgraphit zeichnet sich durch optimierte physikalische und chemische Eigenschaften, eine einheitliche Struktur, einen geringen Aschegehalt, gute elektrische und thermische Stabilit\u00e4t usw. aus. Er hat gute Anwendungsm\u00f6glichkeiten in vielen Bereichen der modernen Industrie gezeigt. Es handelt sich um ein Hochleistungsmaterial, das verschiedene Anforderungen erf\u00fcllen kann, insbesondere bei hohen Anforderungen an die Materialstabilit\u00e4t und die Leistungskonstanz. So zum Beispiel bei der Herstellung von Graphitelektroden, Schmelztiegeln und Heizelementen f\u00fcr Hochtemperatur\u00f6fen.<\/p>\n<p><strong><b>\u00a0<\/b><\/strong><\/p>\n<h2>Vorteile von Vibrationsgraphit<\/h2>\n<p>Das Erscheinungsbild von Vibrationsgraphit ist vielf\u00e4ltig, gemeinsame Block, Platte und so weiter. Die Vorteile sind offensichtlich.<\/p>\n<p><strong><b>G<\/b><\/strong><strong><b>gute thermische Stabilit\u00e4t<\/b><\/strong><\/p>\n<p>Es kann seine physikalischen und chemischen Eigenschaften in einem breiten Temperaturbereich (z. B. -150 \u00b0C bis 500 \u00b0C) beibehalten. Es hat einen niedrigen W\u00e4rmeausdehnungskoeffizienten. Dadurch werden strukturelle Verformungen und Leistungseinbu\u00dfen aufgrund von Temperaturschwankungen wirksam vermieden.<\/p>\n<p>&nbsp;<\/p>\n<p><strong><b>E<\/b><\/strong><strong><b>Hervorragende mechanische Eigenschaften<\/b><\/strong><\/p>\n<p>Es hat eine hohe Festigkeit und Z\u00e4higkeit, kann ein gewisses Ma\u00df an externen Auswirkungen und mechanischem Druck standhalten. So ist es nicht leicht zu knacken und zu besch\u00e4digen.<\/p>\n<p>&nbsp;<\/p>\n<p><strong><b>Hohe chemische Stabilit\u00e4t<\/b><\/strong><\/p>\n<p>Es ist gegen\u00fcber den meisten S\u00e4uren, Basen, Salzen und anderen Chemikalien gut vertr\u00e4glich. Es kann auch in komplexen chemischen Umgebungen langfristig stabil bleiben.<\/p>\n<p>&nbsp;<\/p>\n<p><strong><b>S<\/b><\/strong><strong><b>Tabelle und zuverl\u00e4ssige elektrische Leitf\u00e4higkeit<\/b><\/strong><\/p>\n<p>Was die elektrische Leitf\u00e4higkeit betrifft, so weist Schwingungsgraphit eine stabile und zuverl\u00e4ssige elektrische Leitf\u00e4higkeit auf. Er kann die leitf\u00e4higen Anforderungen einer Vielzahl von elektronischen und elektrischen Anwendungen erf\u00fcllen.<\/p>\n<p>&nbsp;<\/p>\n<p>Dar\u00fcber hinaus sorgt der einzigartige Vibrationsbehandlungsprozess f\u00fcr eine einheitliche innere Struktur und eine gute Leistungskonsistenz w\u00e4hrend des Gebrauchs. Dies garantiert eine genaue Kontrolle und einen stabilen Betrieb in der industriellen Produktion.<\/p>\n<p><strong><b>\u00a0<\/b><\/strong><\/p>\n<h2>Arten von Vibrationsgraphit<\/h2>\n<p><strong><b>Nach Rohstoffen:<\/b><\/strong><\/p>\n<p><strong><b>Basis aus Naturgraphit<\/b><\/strong><\/p>\n<p>Verarbeitet mit nat\u00fcrlichem Graphit, mit Schmierung und Schichtstruktur Eigenschaften. Es hat stabile Leistung, niedrige Kosten, f\u00fcr gew\u00f6hnliche Motorb\u00fcrsten und so weiter verwendet.<\/p>\n<p>&nbsp;<\/p>\n<p><strong><b>K\u00fcnstliche Graphitbasis<\/b><\/strong><\/p>\n<p>Es wird aus synthetischen Rohstoffen hergestellt, deren Reinheit und Leistung kontrolliert werden kann. Sie k\u00f6nnen es in Bereichen mit hohen Leistungsanforderungen verwenden, wie z. B. als K\u00fchlk\u00f6rper f\u00fcr elektronische Chips.<\/p>\n<p>&nbsp;<\/p>\n<p><strong><b>Nach Leistung:<\/b><\/strong><\/p>\n<p><strong><b>Hohe W\u00e4rmeleitf\u00e4higkeit<\/b><\/strong><strong><b>\u00a0<\/b><\/strong><strong><b>Vibrationsgraphit<\/b><\/strong><\/p>\n<p>Es kann den Prozess zur Verbesserung der W\u00e4rmeleitf\u00e4higkeit optimieren. Und Sie k\u00f6nnen es in W\u00e4rmemanagement-Szenarien wie Computer-CPU-W\u00e4rmeableitungsmodule verwenden.<\/p>\n<p>&nbsp;<\/p>\n<p><strong><b>Hohe Verschlei\u00dffestigkeit<\/b><\/strong><strong><b>\u00a0<\/b><\/strong><strong><b>Vibrationsgraphit<\/b><\/strong><\/p>\n<p>Durch Zus\u00e4tze zur Erh\u00f6hung der Verschlei\u00dffestigkeit eignet es sich f\u00fcr Kolbenringe von Automotoren und andere leicht abnutzbare Teile.<\/p>\n<p>&nbsp;<\/p>\n<p>Dar\u00fcber hinaus k\u00f6nnen Sie auch gesinterten Vibrationsgraphit, impr\u00e4gnierten Vibrationsgraphit, Verbundgraphit oder andere Arten von Vibrationsgraphitprodukten w\u00e4hlen. Um die besonderen Anforderungen der verschiedenen Arbeitsbedingungen f\u00fcr Material Schwingungseigenschaften, mechanische Festigkeit, chemische Stabilit\u00e4t und andere Aspekte zu erf\u00fcllen.<\/p>\n<p><strong><b>\u00a0<\/b><\/strong><\/p>\n<h2>Verwendungsm\u00f6glichkeiten von Vibrationsgraphit<\/h2>\n<p><strong><b>Herstellung von Graphitelektroden<\/b><\/strong><\/p>\n<p>Sie k\u00f6nnen vibrierenden Graphit verwenden <a href=\"https:\/\/jinsuncarbon.com\/de\/produkt\/400mm-graphitelektrode\/\">Elektrode<\/a> in der Elektrolichtbogenofen-Schmelzindustrie. Seine gute Leitf\u00e4higkeit und stabile Stromleitung tragen dazu bei, den Leistungsverlust zu verringern, die Produktionseffizienz zu verbessern und die Kosten zu senken.<\/p>\n<p>&nbsp;<\/p>\n<p><strong><b>K\u00fcstenschmelztiegel herstellen<\/b><\/strong><\/p>\n<p>Sie k\u00f6nnen Graphit weitgehend verwenden <a href=\"https:\/\/jinsuncarbon.com\/de\/produkt\/tiegel-aus-hochreinem-graphit\/\">Schmelztiegel<\/a> in der Metallverh\u00fcttung. Es hat eine hohe Temperaturbest\u00e4ndigkeit, starke chemische Stabilit\u00e4t, hohe mechanische Festigkeit, lange Lebensdauer. Es kann die Reinheit und Qualit\u00e4t des Metalls gew\u00e4hrleisten und die Kontinuit\u00e4t der Produktion verbessern.<\/p>\n<p>&nbsp;<\/p>\n<p><strong><b>Lithium-Batterie<\/b><\/strong><\/p>\n<p>Als negatives Elektrodenmaterial oder -additiv ist seine Mikrostruktur der Lithiumionenaktivit\u00e4t f\u00f6rderlich. Es kann die Lade- und Entladeeffizienz und die Zykluslebensdauer verbessern, die <a href=\"https:\/\/en.wikipedia.org\/wiki\/Lithium-ion_battery\" target=\"_blank\" rel=\"noopener\">Batterie<\/a> Innenwiderstand, Verbesserung der Energieleistung. Und f\u00f6rdern die Entwicklung von sauberer Energie.<\/p>\n<p>&nbsp;<\/p>\n<p><strong><b>Heizelement des Ofens<\/b><\/strong><\/p>\n<p>In der industriellen Heizung <a href=\"https:\/\/en.wikipedia.org\/wiki\/Furnace_(central_heating)\" target=\"_blank\" rel=\"noopener\">Ofen<\/a>Es kann schnell aufheizen und gute Temperaturausgleich, hohe Temperaturbest\u00e4ndigkeit. Und sichern Sie die Produktqualit\u00e4t, reduzieren Sie die Wartungskosten der Ausr\u00fcstung, verbessern Sie die Produktionseffizienz und die Durchlaufrate.<\/p>\n<p>&nbsp;<\/p>\n<p><strong><b>Ofen f\u00fcr einkristallines polykristallines Silizium<\/b><\/strong><\/p>\n<p>Sie k\u00f6nnen es zur Herstellung von Schl\u00fcsselkomponenten im Ofen verwenden. Seine hohe Reinheit kann Verunreinigungen vermeiden, die das Siliziumkristallwachstum beeintr\u00e4chtigen. Seine stabile Hochtemperaturleistung und sein thermisches Feld unterst\u00fctzen das Kristallwachstum und verbessern die elektrische Leistung.<\/p>\n<p>&nbsp;<\/p>\n<p><strong><b>Auskleidung<\/b><\/strong><\/p>\n<p>Es kann hohen Temperaturen, chemischer Erosion und thermischen Schocks im Hochtemperaturofen widerstehen, gute W\u00e4rmed\u00e4mmung. Und verbessern Sie die Effizienz der Energienutzung, verl\u00e4ngern Sie die Nutzungsdauer.<\/p>","protected":false},"excerpt":{"rendered":"<p>Vibrationsgraphit ist eine Art Graphitmaterial, das durch ein spezielles Vibrationsbehandlungsverfahren hergestellt wird. Er basiert auf hochwertigen Graphitrohstoffen und wird unter speziellen Vibrationsbedingungen verarbeitet. Dadurch wird seine innere Struktur regelm\u00e4\u00dfiger und geordneter, was einzigartige Leistungsvorteile mit sich bringt.<\/p>","protected":false},"featured_media":7074,"template":"","meta":[],"product_brand":[],"product_cat":[67],"product_tag":[],"class_list":{"0":"post-7072","1":"product","2":"type-product","3":"status-publish","4":"has-post-thumbnail","6":"product_cat-graphite-material","8":"first","9":"instock","10":"shipping-taxable","11":"product-type-simple"},"yoast_head":"<!-- This site is optimized with the Yoast SEO Premium plugin v19.2.1 (Yoast SEO v27.5) - https:\/\/yoast.com\/product\/yoast-seo-premium-wordpress\/ -->\n<title>Vibrated Graphite - Graphite Material | Jinsun Carbon<\/title>\n<meta name=\"robots\" content=\"index, follow, max-snippet:-1, max-image-preview:large, max-video-preview:-1\" \/>\n<link rel=\"canonical\" href=\"https:\/\/jinsuncarbon.com\/de\/produkt\/vibrationsgraphit\/\" \/>\n<meta property=\"og:locale\" content=\"de_DE\" \/>\n<meta property=\"og:type\" content=\"article\" \/>\n<meta property=\"og:title\" content=\"Vibrated Graphite\" \/>\n<meta property=\"og:description\" content=\"vibrated graphite is a kind of graphite material prepared by special vibration treatment process. It is based on high-quality graphite raw materials and processed under specific vibration conditions. This makes its internal structure more regular and orderly, thus having unique performance advantages.\" \/>\n<meta property=\"og:url\" content=\"https:\/\/jinsuncarbon.com\/de\/produkt\/vibrationsgraphit\/\" \/>\n<meta property=\"og:site_name\" content=\"Jinsun Carbon\" \/>\n<meta property=\"article:publisher\" content=\"https:\/\/www.facebook.com\/Graphite-Electrode-109336238661595\" \/>\n<meta property=\"article:modified_time\" content=\"2024-12-20T03:09:41+00:00\" \/>\n<meta property=\"og:image\" content=\"https:\/\/jinsuncarbon.com\/wp-content\/uploads\/2024\/12\/vibrated-graphite-1.jpg\" \/>\n\t<meta property=\"og:image:width\" content=\"1024\" \/>\n\t<meta property=\"og:image:height\" content=\"763\" \/>\n\t<meta property=\"og:image:type\" content=\"image\/jpeg\" \/>\n<meta name=\"twitter:card\" content=\"summary_large_image\" \/>\n<meta name=\"twitter:site\" content=\"@jinsuncarbon_\" \/>\n<meta name=\"twitter:label1\" content=\"Gesch\u00e4tzte Lesezeit\" \/>\n\t<meta name=\"twitter:data1\" content=\"3\u00a0Minuten\" \/>\n<script type=\"application\/ld+json\" class=\"yoast-schema-graph\">{\"@context\":\"https:\\\/\\\/schema.org\",\"@graph\":[{\"@type\":\"WebPage\",\"@id\":\"https:\\\/\\\/jinsuncarbon.com\\\/product\\\/vibrated-graphite\\\/\",\"url\":\"https:\\\/\\\/jinsuncarbon.com\\\/product\\\/vibrated-graphite\\\/\",\"name\":\"Vibrated Graphite - Graphite Material | Jinsun Carbon\",\"isPartOf\":{\"@id\":\"https:\\\/\\\/jinsuncarbon.com\\\/#website\"},\"primaryImageOfPage\":{\"@id\":\"https:\\\/\\\/jinsuncarbon.com\\\/product\\\/vibrated-graphite\\\/#primaryimage\"},\"image\":{\"@id\":\"https:\\\/\\\/jinsuncarbon.com\\\/product\\\/vibrated-graphite\\\/#primaryimage\"},\"thumbnailUrl\":\"https:\\\/\\\/jinsuncarbon.com\\\/wp-content\\\/uploads\\\/2024\\\/12\\\/vibrated-graphite-1.jpg\",\"datePublished\":\"2024-12-20T03:09:39+00:00\",\"dateModified\":\"2024-12-20T03:09:41+00:00\",\"breadcrumb\":{\"@id\":\"https:\\\/\\\/jinsuncarbon.com\\\/product\\\/vibrated-graphite\\\/#breadcrumb\"},\"inLanguage\":\"de\",\"potentialAction\":[{\"@type\":\"ReadAction\",\"target\":[\"https:\\\/\\\/jinsuncarbon.com\\\/product\\\/vibrated-graphite\\\/\"]}]},{\"@type\":\"ImageObject\",\"inLanguage\":\"de\",\"@id\":\"https:\\\/\\\/jinsuncarbon.com\\\/product\\\/vibrated-graphite\\\/#primaryimage\",\"url\":\"https:\\\/\\\/jinsuncarbon.com\\\/wp-content\\\/uploads\\\/2024\\\/12\\\/vibrated-graphite-1.jpg\",\"contentUrl\":\"https:\\\/\\\/jinsuncarbon.com\\\/wp-content\\\/uploads\\\/2024\\\/12\\\/vibrated-graphite-1.jpg\",\"width\":1024,\"height\":763,\"caption\":\"vibrated graphite\"},{\"@type\":\"BreadcrumbList\",\"@id\":\"https:\\\/\\\/jinsuncarbon.com\\\/product\\\/vibrated-graphite\\\/#breadcrumb\",\"itemListElement\":[{\"@type\":\"ListItem\",\"position\":1,\"name\":\"Home\",\"item\":\"https:\\\/\\\/jinsuncarbon.com\\\/\"},{\"@type\":\"ListItem\",\"position\":2,\"name\":\"Products\",\"item\":\"https:\\\/\\\/jinsuncarbon.com\\\/graphite-carbon\\\/\"},{\"@type\":\"ListItem\",\"position\":3,\"name\":\"Vibrated Graphite\"}]},{\"@type\":\"WebSite\",\"@id\":\"https:\\\/\\\/jinsuncarbon.com\\\/#website\",\"url\":\"https:\\\/\\\/jinsuncarbon.com\\\/\",\"name\":\"Jinsun Carbon\",\"description\":\"We are the successful graphite electrode manufacturer in China\",\"publisher\":{\"@id\":\"https:\\\/\\\/jinsuncarbon.com\\\/#organization\"},\"potentialAction\":[{\"@type\":\"SearchAction\",\"target\":{\"@type\":\"EntryPoint\",\"urlTemplate\":\"https:\\\/\\\/jinsuncarbon.com\\\/?s={search_term_string}\"},\"query-input\":{\"@type\":\"PropertyValueSpecification\",\"valueRequired\":true,\"valueName\":\"search_term_string\"}}],\"inLanguage\":\"de\"},{\"@type\":\"Organization\",\"@id\":\"https:\\\/\\\/jinsuncarbon.com\\\/#organization\",\"name\":\"Jinsun Carbon\",\"alternateName\":\"Jinsun Carbon\",\"url\":\"https:\\\/\\\/jinsuncarbon.com\\\/\",\"logo\":{\"@type\":\"ImageObject\",\"inLanguage\":\"de\",\"@id\":\"https:\\\/\\\/jinsuncarbon.com\\\/#\\\/schema\\\/logo\\\/image\\\/\",\"url\":\"https:\\\/\\\/jinsuncarbon.com\\\/wp-content\\\/uploads\\\/2022\\\/12\\\/LOGO-1.png\",\"contentUrl\":\"https:\\\/\\\/jinsuncarbon.com\\\/wp-content\\\/uploads\\\/2022\\\/12\\\/LOGO-1.png\",\"width\":207,\"height\":80,\"caption\":\"Jinsun Carbon\"},\"image\":{\"@id\":\"https:\\\/\\\/jinsuncarbon.com\\\/#\\\/schema\\\/logo\\\/image\\\/\"},\"sameAs\":[\"https:\\\/\\\/www.facebook.com\\\/Graphite-Electrode-109336238661595\",\"https:\\\/\\\/x.com\\\/jinsuncarbon_\",\"https:\\\/\\\/www.linkedin.com\\\/in\\\/jinsungraphite\",\"https:\\\/\\\/www.youtube.com\\\/channel\\\/UCysDNyvyR5-3cCWEmpkVC0g\"]}]}<\/script>\n<!-- \/ Yoast SEO Premium plugin. -->","yoast_head_json":{"title":"Vibrationsgraphit - Graphitmaterial | Jinsun Carbon","robots":{"index":"index","follow":"follow","max-snippet":"max-snippet:-1","max-image-preview":"max-image-preview:large","max-video-preview":"max-video-preview:-1"},"canonical":"https:\/\/jinsuncarbon.com\/de\/produkt\/vibrationsgraphit\/","og_locale":"de_DE","og_type":"article","og_title":"Vibrated Graphite","og_description":"vibrated graphite is a kind of graphite material prepared by special vibration treatment process. It is based on high-quality graphite raw materials and processed under specific vibration conditions. This makes its internal structure more regular and orderly, thus having unique performance advantages.","og_url":"https:\/\/jinsuncarbon.com\/de\/produkt\/vibrationsgraphit\/","og_site_name":"Jinsun Carbon","article_publisher":"https:\/\/www.facebook.com\/Graphite-Electrode-109336238661595","article_modified_time":"2024-12-20T03:09:41+00:00","og_image":[{"width":1024,"height":763,"url":"https:\/\/jinsuncarbon.com\/wp-content\/uploads\/2024\/12\/vibrated-graphite-1.jpg","type":"image\/jpeg"}],"twitter_card":"summary_large_image","twitter_site":"@jinsuncarbon_","twitter_misc":{"Gesch\u00e4tzte Lesezeit":"3\u00a0Minuten"},"schema":{"@context":"https:\/\/schema.org","@graph":[{"@type":"WebPage","@id":"https:\/\/jinsuncarbon.com\/product\/vibrated-graphite\/","url":"https:\/\/jinsuncarbon.com\/product\/vibrated-graphite\/","name":"Vibrationsgraphit - Graphitmaterial | Jinsun Carbon","isPartOf":{"@id":"https:\/\/jinsuncarbon.com\/#website"},"primaryImageOfPage":{"@id":"https:\/\/jinsuncarbon.com\/product\/vibrated-graphite\/#primaryimage"},"image":{"@id":"https:\/\/jinsuncarbon.com\/product\/vibrated-graphite\/#primaryimage"},"thumbnailUrl":"https:\/\/jinsuncarbon.com\/wp-content\/uploads\/2024\/12\/vibrated-graphite-1.jpg","datePublished":"2024-12-20T03:09:39+00:00","dateModified":"2024-12-20T03:09:41+00:00","breadcrumb":{"@id":"https:\/\/jinsuncarbon.com\/product\/vibrated-graphite\/#breadcrumb"},"inLanguage":"de","potentialAction":[{"@type":"ReadAction","target":["https:\/\/jinsuncarbon.com\/product\/vibrated-graphite\/"]}]},{"@type":"ImageObject","inLanguage":"de","@id":"https:\/\/jinsuncarbon.com\/product\/vibrated-graphite\/#primaryimage","url":"https:\/\/jinsuncarbon.com\/wp-content\/uploads\/2024\/12\/vibrated-graphite-1.jpg","contentUrl":"https:\/\/jinsuncarbon.com\/wp-content\/uploads\/2024\/12\/vibrated-graphite-1.jpg","width":1024,"height":763,"caption":"vibrated graphite"},{"@type":"BreadcrumbList","@id":"https:\/\/jinsuncarbon.com\/product\/vibrated-graphite\/#breadcrumb","itemListElement":[{"@type":"ListItem","position":1,"name":"Home","item":"https:\/\/jinsuncarbon.com\/"},{"@type":"ListItem","position":2,"name":"Products","item":"https:\/\/jinsuncarbon.com\/graphite-carbon\/"},{"@type":"ListItem","position":3,"name":"Vibrated Graphite"}]},{"@type":"WebSite","@id":"https:\/\/jinsuncarbon.com\/#website","url":"https:\/\/jinsuncarbon.com\/","name":"Jinsun Kohlenstoff","description":"Wir sind der erfolgreiche Hersteller von Graphitelektroden in China","publisher":{"@id":"https:\/\/jinsuncarbon.com\/#organization"},"potentialAction":[{"@type":"SearchAction","target":{"@type":"EntryPoint","urlTemplate":"https:\/\/jinsuncarbon.com\/?s={search_term_string}"},"query-input":{"@type":"PropertyValueSpecification","valueRequired":true,"valueName":"search_term_string"}}],"inLanguage":"de"},{"@type":"Organization","@id":"https:\/\/jinsuncarbon.com\/#organization","name":"Jinsun Kohlenstoff","alternateName":"Jinsun Carbon","url":"https:\/\/jinsuncarbon.com\/","logo":{"@type":"ImageObject","inLanguage":"de","@id":"https:\/\/jinsuncarbon.com\/#\/schema\/logo\/image\/","url":"https:\/\/jinsuncarbon.com\/wp-content\/uploads\/2022\/12\/LOGO-1.png","contentUrl":"https:\/\/jinsuncarbon.com\/wp-content\/uploads\/2022\/12\/LOGO-1.png","width":207,"height":80,"caption":"Jinsun Carbon"},"image":{"@id":"https:\/\/jinsuncarbon.com\/#\/schema\/logo\/image\/"},"sameAs":["https:\/\/www.facebook.com\/Graphite-Electrode-109336238661595","https:\/\/x.com\/jinsuncarbon_","https:\/\/www.linkedin.com\/in\/jinsungraphite","https:\/\/www.youtube.com\/channel\/UCysDNyvyR5-3cCWEmpkVC0g"]}]}},"_links":{"self":[{"href":"https:\/\/jinsuncarbon.com\/de\/wp-json\/wp\/v2\/product\/7072","targetHints":{"allow":["GET"]}}],"collection":[{"href":"https:\/\/jinsuncarbon.com\/de\/wp-json\/wp\/v2\/product"}],"about":[{"href":"https:\/\/jinsuncarbon.com\/de\/wp-json\/wp\/v2\/types\/product"}],"wp:featuredmedia":[{"embeddable":true,"href":"https:\/\/jinsuncarbon.com\/de\/wp-json\/wp\/v2\/media\/7074"}],"wp:attachment":[{"href":"https:\/\/jinsuncarbon.com\/de\/wp-json\/wp\/v2\/media?parent=7072"}],"wp:term":[{"taxonomy":"product_brand","embeddable":true,"href":"https:\/\/jinsuncarbon.com\/de\/wp-json\/wp\/v2\/product_brand?post=7072"},{"taxonomy":"product_cat","embeddable":true,"href":"https:\/\/jinsuncarbon.com\/de\/wp-json\/wp\/v2\/product_cat?post=7072"},{"taxonomy":"product_tag","embeddable":true,"href":"https:\/\/jinsuncarbon.com\/de\/wp-json\/wp\/v2\/product_tag?post=7072"}],"curies":[{"name":"wp","href":"https:\/\/api.w.org\/{rel}","templated":true}]}}