{"id":7066,"date":"2024-12-19T14:38:28","date_gmt":"2024-12-19T14:38:28","guid":{"rendered":"https:\/\/jinsuncarbon.com\/?post_type=product&#038;p=7066"},"modified":"2024-12-19T15:17:21","modified_gmt":"2024-12-19T15:17:21","slug":"expandiertes-graphitpulver","status":"publish","type":"product","link":"https:\/\/jinsuncarbon.com\/de\/produkt\/expandiertes-graphitpulver\/","title":{"rendered":"Expandiertes Graphit-Pulver"},"content":{"rendered":"<p class=\"ql-align-justify\">Die Produkte aus expandiertem Graphitpulver haben verschiedene Formen, die g\u00e4ngigsten sind Pulver oder geformte Bl\u00f6cke nach der Verarbeitung. Je nach Ihrem tats\u00e4chlichen Anwendungsszenario und Ihren Prozessanforderungen verarbeiten wir es weiter. So k\u00f6nnen wir es beispielsweise in eine bestimmte Form des W\u00e4rme\u00fcbertragungsmoduls oder des F\u00fcllmaterials bringen. Um unterschiedliche Gr\u00f6\u00dfen und funktionale Anforderungen zu erf\u00fcllen.<\/p>\n<h2 class=\"ql-align-justify\">Vorteile von expandiertem Graphitpulver<\/h2>\n<p class=\"ql-align-justify\">Expandiertes Graphitpulver hat viele hervorragende Eigenschaften.<\/p>\n<p class=\"ql-align-justify\"><strong>Hohe chemische Stabilit\u00e4t<\/strong><\/p>\n<p class=\"ql-align-justify\">Es ist resistent gegen korrosive Substanzen wie starke S\u00e4uren und Laugen.<\/p>\n<p class=\"ql-align-justify\"><strong>Gute Best\u00e4ndigkeit gegen hohe Temperaturen<\/strong><\/p>\n<p class=\"ql-align-justify\">Sie kann stabil bleiben <a href=\"https:\/\/jinsuncarbon.com\/de\/graphitstruktur\/\">Struktur<\/a> in Umgebungen mit hohen Temperaturen. Seine por\u00f6se Struktur verleiht ihm eine starke Adsorptionskapazit\u00e4t und kann eine Vielzahl von Substanzen adsorbieren.<\/p>\n<p class=\"ql-align-justify\"><strong>Gute Flexibilit\u00e4t und Druckbelastbarkeit<\/strong><\/p>\n<p class=\"ql-align-justify\">Man kann es verformen und unter einem gewissen Druck wieder in den urspr\u00fcnglichen Zustand zur\u00fcckversetzen. Gleichzeitig ist auch seine elektrische Leitf\u00e4higkeit relativ hervorragend. Und es hat ein gewisses Anwendungspotenzial im Bereich der Stromleitung.<\/p>\n<p class=\"ql-align-justify\">Wenn Sie die W\u00e4rmeleitf\u00e4higkeit, die Adsorptionseigenschaften und andere technische Parameter und Anwendungsdetails von expandiertem Graphitpulver verstehen wollen, bieten wir Ihnen eine ausf\u00fchrliche technische Anleitung und zahlreiche Anwendungsbeispiele.<\/p>\n<h2>Spezifikationen von expandiertem Graphitpulver<\/h2>\n<table>\n<tbody>\n<tr>\n<td width=\"131\"><strong><b>Leistungsklassifizierung<\/b><\/strong><\/td>\n<td width=\"152\"><strong><b>P<\/b><\/strong><strong><b>Leistungsparameter<\/b><\/strong><\/td>\n<td width=\"142\"><strong><b>S<\/b><\/strong><strong><b>spezifische Daten<\/b><\/strong><\/td>\n<\/tr>\n<tr>\n<td rowspan=\"6\" width=\"131\">Physikalische Eigenschaften<\/td>\n<td width=\"152\">Packungsdichte<\/td>\n<td width=\"142\">0,002-0,015 g\/cm<sup>3<\/sup><\/td>\n<\/tr>\n<tr>\n<td width=\"152\">Echte Dichte<\/td>\n<td width=\"142\">2-2,25 g\/cm<sup>3<\/sup><\/td>\n<\/tr>\n<tr>\n<td width=\"152\">Partikelgr\u00f6\u00dfe - Feines Pulver<\/td>\n<td width=\"142\">&lt;100\u03bcm<\/td>\n<\/tr>\n<tr>\n<td width=\"152\">Partikelgr\u00f6\u00dfe - Mittleres Pulver<\/td>\n<td width=\"142\">100-500\u03bcm<\/td>\n<\/tr>\n<tr>\n<td width=\"152\">Partikelgr\u00f6\u00dfe - Grobes Pulver<\/td>\n<td width=\"142\">&gt;500\u03bcm<\/td>\n<\/tr>\n<tr>\n<td width=\"152\">Expansionsfaktor<\/td>\n<td width=\"142\">100-300 Mal<\/td>\n<\/tr>\n<tr>\n<td rowspan=\"3\" width=\"131\">Chemische Eigenschaften<\/td>\n<td width=\"152\">Kohlenstoffgehalt<\/td>\n<td width=\"142\">Mehr als 90%-99%<\/td>\n<\/tr>\n<tr>\n<td width=\"152\">Aschegehalt<\/td>\n<td width=\"142\">\u00dcber 1% bis 10%<\/td>\n<\/tr>\n<tr>\n<td width=\"152\">Elektrische Leitf\u00e4higkeit<\/td>\n<td width=\"142\">10<sup>2<\/sup>-10<sup>4<\/sup>S\/m<\/td>\n<\/tr>\n<tr>\n<td width=\"131\">Thermische Eigenschaften<\/td>\n<td width=\"152\">W\u00e4rmeleitf\u00e4higkeit<\/td>\n<td width=\"142\">0,1-0,5 W\/(m.k)<\/td>\n<\/tr>\n<\/tbody>\n<\/table>\n<h2 class=\"ql-align-justify\">Verwendungszwecke von expandiertem Graphitpulver<\/h2>\n<p class=\"ql-align-justify\"><strong>Auf dem Gebiet des Umweltschutzes<\/strong><\/p>\n<p class=\"ql-align-justify\">Sie k\u00f6nnen es als Adsorptionsmittel zur Behandlung von Schwermetallionen und organischen Schadstoffen in Industrieabw\u00e4ssern und Abgasen verwenden. Durch seine hohe Adsorptionsleistung kann es die Umwelt wirksam reinigen.<\/p>\n<p class=\"ql-align-justify\"><strong>Im Bereich der Brandverh\u00fctung<\/strong><\/p>\n<p class=\"ql-align-justify\">Sie k\u00f6nnen es zu feuerhemmenden Mitteln hinzuf\u00fcgen <a href=\"https:\/\/en.wikipedia.org\/wiki\/Coating\" target=\"_blank\" rel=\"noopener\">Beschichtungen<\/a> und feuerhemmende Platten. Und nutzen Sie die hohe Temperaturbest\u00e4ndigkeit und die por\u00f6sen Sauerstoffisolierungseigenschaften, um die feuerhemmende Leistung des Materials zu verbessern.<\/p>\n<p class=\"ql-align-justify\"><strong>In der petrochemischen Industrie<\/strong><\/p>\n<p class=\"ql-align-justify\">Sie k\u00f6nnen es als Dichtungsmaterial verwenden. Aufgrund seiner guten Flexibilit\u00e4t und Korrosionsbest\u00e4ndigkeit kann es Rohre, Ventile und andere Verbindungen wirksam abdichten, um das Austreten von Medien zu verhindern.<\/p>\n<p class=\"ql-align-justify\"><strong>In der Elektronikindustrie<\/strong><\/p>\n<p class=\"ql-align-justify\">Sie k\u00f6nnen seine Leitf\u00e4higkeit bei der Herstellung von leitf\u00e4higem Gummi, leitf\u00e4higem Kunststoff und anderen Materialien einsetzen. Es kann die leitenden Eigenschaften von Materialien verbessern.<\/p>\n<p class=\"ql-align-justify\"><strong>Auf dem Gebiet der Energie<\/strong><\/p>\n<p class=\"ql-align-justify\">Sie k\u00f6nnen es als Zusatz zum Negativ verwenden <a href=\"https:\/\/jinsuncarbon.com\/de\/produkt\/elektrode-aus-pyrolytischem-graphit\/\">Elektrode<\/a> Material der Batterie, um die Lade- und Entladeleistung und die Zyklenlebensdauer der Batterie zu verbessern <a href=\"https:\/\/en.wikipedia.org\/wiki\/Electric_battery\" target=\"_blank\" rel=\"noopener\">Batterie<\/a>. Und sie wird dazu beitragen, die Effizienz der Energiespeicherung und -umwandlung zu verbessern.<\/p>\n<p>Dar\u00fcber hinaus k\u00f6nnen Sie auch Produkte aus expandiertem Graphitpulver w\u00e4hlen, die durch verschiedene Aufbereitungsverfahren je nach den spezifischen Einsatzbedingungen und Leistungserwartungen hergestellt werden. So z. B. expandiertes Graphitpulver nach Hochtemperatur-Expansionsbehandlung, Oberfl\u00e4chenmodifikation, Verbundwerkstoff mit anderen Materialien. Oder andere expandierte Graphitpulverderivate mit besonderen Eigenschaften. Um seine einzigartigen Vorteile in den Bereichen W\u00e4rmeableitung, Adsorption, Abdichtung, Flammschutz und anderen Bereichen voll zur Geltung zu bringen. Wir bieten Ihnen ma\u00dfgeschneiderte Materiall\u00f6sungen f\u00fcr Ihre Projekte oder Produkte.<\/p>","protected":false},"excerpt":{"rendered":"<p>Expandiertes Graphitpulver ist ein lockeres und por\u00f6ses, wurmf\u00f6rmiges Material, das aus nat\u00fcrlichem Flockengraphit durch spezielle Verarbeitung hergestellt wird. Es wird auch als flexibles Graphitpulver oder expandiertes Naturgraphitpulver bezeichnet. Wenn das expandierte Graphitpulver erhitzt wird, kann sich sein Volumen auf das 300-fache seines urspr\u00fcnglichen Volumens ausdehnen. Es hat einzigartige physikalische und chemische Eigenschaften. Daher hat es eine breite Palette von Anwendungen in vielen Bereichen und ist ein multifunktionales industrielles Material.<\/p>","protected":false},"featured_media":7067,"template":"","meta":[],"product_brand":[],"product_cat":[40],"product_tag":[],"class_list":{"0":"post-7066","1":"product","2":"type-product","3":"status-publish","4":"has-post-thumbnail","6":"product_cat-petroleum-coke","8":"first","9":"instock","10":"shipping-taxable","11":"product-type-simple"},"yoast_head":"<!-- This site is optimized with the Yoast SEO Premium plugin v19.2.1 (Yoast SEO v25.3) - https:\/\/yoast.com\/wordpress\/plugins\/seo\/ -->\n<title>Expanded Graphite Powder Manufacturer in China | Jinsun Carbon<\/title>\n<meta name=\"description\" content=\"Expanded graphite powder supplier in China, High electrical and thermal conductivity expanded natural graphite powder at best price.\" \/>\n<meta name=\"robots\" content=\"index, follow, max-snippet:-1, max-image-preview:large, max-video-preview:-1\" \/>\n<link rel=\"canonical\" href=\"https:\/\/jinsuncarbon.com\/de\/produkt\/expandiertes-graphitpulver\/\" \/>\n<meta property=\"og:locale\" content=\"de_DE\" \/>\n<meta property=\"og:type\" content=\"article\" \/>\n<meta property=\"og:title\" content=\"Expanded Graphite Powder\" \/>\n<meta property=\"og:description\" content=\"Expanded graphite powder supplier in China, High electrical and thermal conductivity expanded natural graphite powder at best price.\" \/>\n<meta property=\"og:url\" content=\"https:\/\/jinsuncarbon.com\/de\/produkt\/expandiertes-graphitpulver\/\" \/>\n<meta property=\"og:site_name\" content=\"Jinsun Carbon\" \/>\n<meta property=\"article:publisher\" content=\"https:\/\/www.facebook.com\/Graphite-Electrode-109336238661595\" \/>\n<meta property=\"article:modified_time\" content=\"2024-12-19T15:17:21+00:00\" \/>\n<meta property=\"og:image\" content=\"https:\/\/jinsuncarbon.com\/wp-content\/uploads\/2024\/12\/Expanded-graphite-powder.jpg\" \/>\n\t<meta property=\"og:image:width\" content=\"1024\" \/>\n\t<meta property=\"og:image:height\" content=\"763\" \/>\n\t<meta property=\"og:image:type\" content=\"image\/jpeg\" \/>\n<meta name=\"twitter:card\" content=\"summary_large_image\" \/>\n<meta name=\"twitter:site\" content=\"@jinsuncarbon_\" \/>\n<meta name=\"twitter:label1\" content=\"Gesch\u00e4tzte Lesezeit\" \/>\n\t<meta name=\"twitter:data1\" content=\"3\u00a0Minuten\" \/>\n<script type=\"application\/ld+json\" class=\"yoast-schema-graph\">{\"@context\":\"https:\/\/schema.org\",\"@graph\":[{\"@type\":\"WebPage\",\"@id\":\"https:\/\/jinsuncarbon.com\/product\/expanded-graphite-powder\/\",\"url\":\"https:\/\/jinsuncarbon.com\/product\/expanded-graphite-powder\/\",\"name\":\"Expanded Graphite Powder Manufacturer in China | Jinsun Carbon\",\"isPartOf\":{\"@id\":\"https:\/\/jinsuncarbon.com\/#website\"},\"primaryImageOfPage\":{\"@id\":\"https:\/\/jinsuncarbon.com\/product\/expanded-graphite-powder\/#primaryimage\"},\"image\":{\"@id\":\"https:\/\/jinsuncarbon.com\/product\/expanded-graphite-powder\/#primaryimage\"},\"thumbnailUrl\":\"https:\/\/jinsuncarbon.com\/wp-content\/uploads\/2024\/12\/Expanded-graphite-powder.jpg\",\"datePublished\":\"2024-12-19T14:38:28+00:00\",\"dateModified\":\"2024-12-19T15:17:21+00:00\",\"description\":\"Expanded graphite powder supplier in China, High electrical and thermal conductivity expanded natural graphite powder at best price.\",\"breadcrumb\":{\"@id\":\"https:\/\/jinsuncarbon.com\/product\/expanded-graphite-powder\/#breadcrumb\"},\"inLanguage\":\"de\",\"potentialAction\":[{\"@type\":\"ReadAction\",\"target\":[\"https:\/\/jinsuncarbon.com\/product\/expanded-graphite-powder\/\"]}]},{\"@type\":\"ImageObject\",\"inLanguage\":\"de\",\"@id\":\"https:\/\/jinsuncarbon.com\/product\/expanded-graphite-powder\/#primaryimage\",\"url\":\"https:\/\/jinsuncarbon.com\/wp-content\/uploads\/2024\/12\/Expanded-graphite-powder.jpg\",\"contentUrl\":\"https:\/\/jinsuncarbon.com\/wp-content\/uploads\/2024\/12\/Expanded-graphite-powder.jpg\",\"width\":1024,\"height\":763,\"caption\":\"Expanded graphite powder\"},{\"@type\":\"BreadcrumbList\",\"@id\":\"https:\/\/jinsuncarbon.com\/product\/expanded-graphite-powder\/#breadcrumb\",\"itemListElement\":[{\"@type\":\"ListItem\",\"position\":1,\"name\":\"Home\",\"item\":\"https:\/\/jinsuncarbon.com\/\"},{\"@type\":\"ListItem\",\"position\":2,\"name\":\"Products\",\"item\":\"https:\/\/jinsuncarbon.com\/graphite-carbon\/\"},{\"@type\":\"ListItem\",\"position\":3,\"name\":\"Expanded Graphite Powder\"}]},{\"@type\":\"WebSite\",\"@id\":\"https:\/\/jinsuncarbon.com\/#website\",\"url\":\"https:\/\/jinsuncarbon.com\/\",\"name\":\"Jinsun Carbon\",\"description\":\"We are the successful graphite electrode manufacturer in China\",\"publisher\":{\"@id\":\"https:\/\/jinsuncarbon.com\/#organization\"},\"potentialAction\":[{\"@type\":\"SearchAction\",\"target\":{\"@type\":\"EntryPoint\",\"urlTemplate\":\"https:\/\/jinsuncarbon.com\/?s={search_term_string}\"},\"query-input\":{\"@type\":\"PropertyValueSpecification\",\"valueRequired\":true,\"valueName\":\"search_term_string\"}}],\"inLanguage\":\"de\"},{\"@type\":\"Organization\",\"@id\":\"https:\/\/jinsuncarbon.com\/#organization\",\"name\":\"Jinsun Carbon\",\"alternateName\":\"Jinsun Carbon\",\"url\":\"https:\/\/jinsuncarbon.com\/\",\"logo\":{\"@type\":\"ImageObject\",\"inLanguage\":\"de\",\"@id\":\"https:\/\/jinsuncarbon.com\/#\/schema\/logo\/image\/\",\"url\":\"https:\/\/jinsuncarbon.com\/wp-content\/uploads\/2022\/12\/LOGO-1.png\",\"contentUrl\":\"https:\/\/jinsuncarbon.com\/wp-content\/uploads\/2022\/12\/LOGO-1.png\",\"width\":207,\"height\":80,\"caption\":\"Jinsun Carbon\"},\"image\":{\"@id\":\"https:\/\/jinsuncarbon.com\/#\/schema\/logo\/image\/\"},\"sameAs\":[\"https:\/\/www.facebook.com\/Graphite-Electrode-109336238661595\",\"https:\/\/x.com\/jinsuncarbon_\",\"https:\/\/www.linkedin.com\/in\/jinsungraphite\",\"https:\/\/www.youtube.com\/channel\/UCysDNyvyR5-3cCWEmpkVC0g\"]}]}<\/script>\n<!-- \/ Yoast SEO Premium plugin. -->","yoast_head_json":{"title":"Expandiertes Graphitpulver Hersteller in China | Jinsun Carbon","description":"Expandiertes Graphitpulver Lieferant in China, Hohe elektrische und thermische Leitf\u00e4higkeit expandiertes Naturgraphitpulver zum besten Preis.","robots":{"index":"index","follow":"follow","max-snippet":"max-snippet:-1","max-image-preview":"max-image-preview:large","max-video-preview":"max-video-preview:-1"},"canonical":"https:\/\/jinsuncarbon.com\/de\/produkt\/expandiertes-graphitpulver\/","og_locale":"de_DE","og_type":"article","og_title":"Expanded Graphite Powder","og_description":"Expanded graphite powder supplier in China, High electrical and thermal conductivity expanded natural graphite powder at best price.","og_url":"https:\/\/jinsuncarbon.com\/de\/produkt\/expandiertes-graphitpulver\/","og_site_name":"Jinsun Carbon","article_publisher":"https:\/\/www.facebook.com\/Graphite-Electrode-109336238661595","article_modified_time":"2024-12-19T15:17:21+00:00","og_image":[{"width":1024,"height":763,"url":"https:\/\/jinsuncarbon.com\/wp-content\/uploads\/2024\/12\/Expanded-graphite-powder.jpg","type":"image\/jpeg"}],"twitter_card":"summary_large_image","twitter_site":"@jinsuncarbon_","twitter_misc":{"Gesch\u00e4tzte Lesezeit":"3\u00a0Minuten"},"schema":{"@context":"https:\/\/schema.org","@graph":[{"@type":"WebPage","@id":"https:\/\/jinsuncarbon.com\/product\/expanded-graphite-powder\/","url":"https:\/\/jinsuncarbon.com\/product\/expanded-graphite-powder\/","name":"Expandiertes Graphitpulver Hersteller in China | Jinsun Carbon","isPartOf":{"@id":"https:\/\/jinsuncarbon.com\/#website"},"primaryImageOfPage":{"@id":"https:\/\/jinsuncarbon.com\/product\/expanded-graphite-powder\/#primaryimage"},"image":{"@id":"https:\/\/jinsuncarbon.com\/product\/expanded-graphite-powder\/#primaryimage"},"thumbnailUrl":"https:\/\/jinsuncarbon.com\/wp-content\/uploads\/2024\/12\/Expanded-graphite-powder.jpg","datePublished":"2024-12-19T14:38:28+00:00","dateModified":"2024-12-19T15:17:21+00:00","description":"Expandiertes Graphitpulver Lieferant in China, Hohe elektrische und thermische Leitf\u00e4higkeit expandiertes Naturgraphitpulver zum besten Preis.","breadcrumb":{"@id":"https:\/\/jinsuncarbon.com\/product\/expanded-graphite-powder\/#breadcrumb"},"inLanguage":"de","potentialAction":[{"@type":"ReadAction","target":["https:\/\/jinsuncarbon.com\/product\/expanded-graphite-powder\/"]}]},{"@type":"ImageObject","inLanguage":"de","@id":"https:\/\/jinsuncarbon.com\/product\/expanded-graphite-powder\/#primaryimage","url":"https:\/\/jinsuncarbon.com\/wp-content\/uploads\/2024\/12\/Expanded-graphite-powder.jpg","contentUrl":"https:\/\/jinsuncarbon.com\/wp-content\/uploads\/2024\/12\/Expanded-graphite-powder.jpg","width":1024,"height":763,"caption":"Expanded graphite powder"},{"@type":"BreadcrumbList","@id":"https:\/\/jinsuncarbon.com\/product\/expanded-graphite-powder\/#breadcrumb","itemListElement":[{"@type":"ListItem","position":1,"name":"Home","item":"https:\/\/jinsuncarbon.com\/"},{"@type":"ListItem","position":2,"name":"Products","item":"https:\/\/jinsuncarbon.com\/graphite-carbon\/"},{"@type":"ListItem","position":3,"name":"Expanded Graphite Powder"}]},{"@type":"WebSite","@id":"https:\/\/jinsuncarbon.com\/#website","url":"https:\/\/jinsuncarbon.com\/","name":"Jinsun Kohlenstoff","description":"Wir sind der erfolgreiche Hersteller von Graphitelektroden in China","publisher":{"@id":"https:\/\/jinsuncarbon.com\/#organization"},"potentialAction":[{"@type":"SearchAction","target":{"@type":"EntryPoint","urlTemplate":"https:\/\/jinsuncarbon.com\/?s={search_term_string}"},"query-input":{"@type":"PropertyValueSpecification","valueRequired":true,"valueName":"search_term_string"}}],"inLanguage":"de"},{"@type":"Organization","@id":"https:\/\/jinsuncarbon.com\/#organization","name":"Jinsun Kohlenstoff","alternateName":"Jinsun Carbon","url":"https:\/\/jinsuncarbon.com\/","logo":{"@type":"ImageObject","inLanguage":"de","@id":"https:\/\/jinsuncarbon.com\/#\/schema\/logo\/image\/","url":"https:\/\/jinsuncarbon.com\/wp-content\/uploads\/2022\/12\/LOGO-1.png","contentUrl":"https:\/\/jinsuncarbon.com\/wp-content\/uploads\/2022\/12\/LOGO-1.png","width":207,"height":80,"caption":"Jinsun Carbon"},"image":{"@id":"https:\/\/jinsuncarbon.com\/#\/schema\/logo\/image\/"},"sameAs":["https:\/\/www.facebook.com\/Graphite-Electrode-109336238661595","https:\/\/x.com\/jinsuncarbon_","https:\/\/www.linkedin.com\/in\/jinsungraphite","https:\/\/www.youtube.com\/channel\/UCysDNyvyR5-3cCWEmpkVC0g"]}]}},"_links":{"self":[{"href":"https:\/\/jinsuncarbon.com\/de\/wp-json\/wp\/v2\/product\/7066","targetHints":{"allow":["GET"]}}],"collection":[{"href":"https:\/\/jinsuncarbon.com\/de\/wp-json\/wp\/v2\/product"}],"about":[{"href":"https:\/\/jinsuncarbon.com\/de\/wp-json\/wp\/v2\/types\/product"}],"wp:featuredmedia":[{"embeddable":true,"href":"https:\/\/jinsuncarbon.com\/de\/wp-json\/wp\/v2\/media\/7067"}],"wp:attachment":[{"href":"https:\/\/jinsuncarbon.com\/de\/wp-json\/wp\/v2\/media?parent=7066"}],"wp:term":[{"taxonomy":"product_brand","embeddable":true,"href":"https:\/\/jinsuncarbon.com\/de\/wp-json\/wp\/v2\/product_brand?post=7066"},{"taxonomy":"product_cat","embeddable":true,"href":"https:\/\/jinsuncarbon.com\/de\/wp-json\/wp\/v2\/product_cat?post=7066"},{"taxonomy":"product_tag","embeddable":true,"href":"https:\/\/jinsuncarbon.com\/de\/wp-json\/wp\/v2\/product_tag?post=7066"}],"curies":[{"name":"wp","href":"https:\/\/api.w.org\/{rel}","templated":true}]}}