{"id":7030,"date":"2024-12-14T10:28:54","date_gmt":"2024-12-14T10:28:54","guid":{"rendered":"https:\/\/jinsuncarbon.com\/?post_type=product&#038;p=7030"},"modified":"2024-12-14T10:28:54","modified_gmt":"2024-12-14T10:28:54","slug":"graphitlager","status":"publish","type":"product","link":"https:\/\/jinsuncarbon.com\/de\/produkt\/graphitlager\/","title":{"rendered":"Graphit-Lager"},"content":{"rendered":"<p class=\"ql-align-justify\">Graphitlager sind haupts\u00e4chlich Pr\u00e4zisionsbauteile in Form von Ringen oder H\u00fclsen. Je nach Ihren tats\u00e4chlichen Gegebenheiten k\u00f6nnen sie an Ihren Montagebedarf angepasst werden. Wenn Sie mehr \u00fcber den Reibungskoeffizienten und die Lagerkapazit\u00e4t wissen m\u00f6chten, geben wir Ihnen die entsprechenden Antworten und eine professionelle technische Beratung.<\/p>\n<h2>Arten von Graphitlagern<\/h2>\n<p class=\"ql-align-justify\"><strong>Klassifiziert nach dem Gesichtspunkt der Materialzusammensetzung:<\/strong><\/p>\n<p class=\"ql-align-justify\"><strong>Gew\u00f6hnliche Kohlenstofflager<\/strong><\/p>\n<p class=\"ql-align-justify\">Sein Kohlenstoffgehalt kann die allgemeinen industriellen Anwendungen erf\u00fcllen, die Kosten sind relativ niedrig. Und es eignet sich f\u00fcr konventionelle Ger\u00e4te, die keine besonders hohen Anforderungen an die Lagerleistung stellen.<\/p>\n<p class=\"ql-align-justify\">\n<p class=\"ql-align-justify\"><strong>Hochreine Kohlenstoff-Graphit-Lager<\/strong><\/p>\n<p class=\"ql-align-justify\">Mit h\u00f6herem Kohlenstoffgehalt, regelm\u00e4\u00dfigerer Graphitkristallstruktur und besserer Leistung. Sie verwenden es oft in Pr\u00e4zisionsmaschinen mit h\u00f6heren Anforderungen an Pr\u00e4zision und Stabilit\u00e4t.<\/p>\n<p class=\"ql-align-justify\">\n<p class=\"ql-align-justify\"><strong>Graphitlager aus Bronze<\/strong><\/p>\n<p class=\"ql-align-justify\">Es verbindet die hohe Festigkeit von Bronze mit den Schmiereigenschaften von Graphit, mit guter Tragf\u00e4higkeit und Verschlei\u00dffestigkeit. Und Sie k\u00f6nnen es weithin in schweren Industrieanlagen verwenden, die bestimmte Schmiereigenschaften erfordern.<\/p>\n<p class=\"ql-align-justify\">\n<p class=\"ql-align-justify\"><strong>Aus der Strukturformel:<\/strong><\/p>\n<p><strong><b>Graphitimpr\u00e4gnierte Buchsen<\/b><\/strong><\/p>\n<p>Es hat den einzigartigen Vorteil, dass es kompakt und langlebig ist und Verschlei\u00df und Korrosion wirksam widerstehen kann. Durch die Graphitimpr\u00e4gnierung verf\u00fcgt es \u00fcber ausgezeichnete selbstschmierende Eigenschaften und eine gute chemische Stabilit\u00e4t und kann auch unter rauen Bedingungen stabil arbeiten.<\/p>\n<p class=\"ql-align-justify\">\n<p class=\"ql-align-justify\"><strong>Graphit-Kugellager<\/strong><\/p>\n<p class=\"ql-align-justify\">Es verwendet Graphitkugel als Rollk\u00f6rper, hat die Eigenschaften der geringen Reibung, hohe Pr\u00e4zision. Geeignet f\u00fcr Hochgeschwindigkeits-Rotation und hohe Rotationsflexibilit\u00e4t Anforderungen der Ausr\u00fcstung.<\/p>\n<p class=\"ql-align-justify\">\n<p class=\"ql-align-justify\"><strong>Graphit-Luftlager<\/strong><\/p>\n<p class=\"ql-align-justify\">Durch die Kombination von Luft als Schmiermittel und den selbstschmierenden Eigenschaften von Graphit erreichen Graphit-Luftlager Ultra-Hochgeschwindigkeits- und Hochpr\u00e4zisions-Drehbewegungen. Sie k\u00f6nnen haupts\u00e4chlich f\u00fcr schnell drehende Teile in High-End-Bereichen verwendet werden, wie zum Beispiel <a href=\"https:\/\/en.wikipedia.org\/wiki\/Aerospace\" target=\"_blank\" rel=\"noopener\">Luft- und Raumfahrt<\/a>.<\/p>\n<p class=\"ql-align-justify\">\n<h2 class=\"ql-align-justify\">Vorteile von Graphitlagern<\/h2>\n<p class=\"ql-align-justify\"><strong>Hervorragende selbstschmierende Leistung<\/strong><\/p>\n<p class=\"ql-align-justify\">Aufgrund der speziellen Schichtstruktur von Graphit, niedrigen Reibungskoeffizienten, w\u00e4hrend des Betriebs der Ausr\u00fcstung kann Energieverlust zu reduzieren. W\u00e4hrend es reduziert die Abh\u00e4ngigkeit von externen Schmierung.\u00a0<span data-type=\"2\" data-index=\"3\" data-gid=\"1\">In einigen F\u00e4llen, in denen es schwierig ist, Schmier\u00f6l unter besonderen Bedingungen hinzuzuf\u00fcgen, k\u00f6nnen Graphitlager dennoch normal funktionieren.<\/span><\/p>\n<p class=\"ql-align-justify\">\n<p class=\"ql-align-justify\"><strong>Gute thermische Stabilit\u00e4t<\/strong><\/p>\n<p class=\"ql-align-justify\">Es kann seine physikalischen und chemischen Eigenschaften in einer bestimmten Hochtemperaturumgebung stabil halten. Wie bei Eisen und <a href=\"https:\/\/www.britannica.com\/technology\/steel\/Primary-steelmaking\" target=\"_blank\" rel=\"noopener\">Stahlverh\u00fcttung<\/a> Lager aus Kohlenstoff-Graphit-Lagerwerkstoffen k\u00f6nnen hohen Temperaturen ohne Verformung oder Besch\u00e4digung standhalten.<\/p>\n<p class=\"ql-align-justify\">\n<p class=\"ql-align-justify\"><strong>Hohe chemische Stabilit\u00e4t<\/strong><\/p>\n<p class=\"ql-align-justify\">Es hat eine hohe Best\u00e4ndigkeit gegen viele korrosive Medien. In der chemischen Produktion Ausr\u00fcstung, Graphitbuchsen und Kohlenstoff-Graphit-Buchse Lager kann effektiv verhindern, dass Korrosion durch S\u00e4ure und Lauge und andere korrosive Substanzen, verl\u00e4ngern die Lebensdauer.<\/p>\n<p class=\"ql-align-justify\">\n<p class=\"ql-align-justify\"><strong>Bestimmte Leitf\u00e4higkeit<\/strong><\/p>\n<p class=\"ql-align-justify\">In einigen spezifischen elektrischen Ger\u00e4ten k\u00f6nnen sie eine zus\u00e4tzliche leitende oder elektrostatische Exportrolle spielen. Gew\u00e4hrleisten den sicheren Betrieb der Ger\u00e4te, verbessern die Gesamtleistung und Zuverl\u00e4ssigkeit der Ger\u00e4te. Reduzieren Sie Wartungskosten und Ausfallzeiten.<\/p>\n<p class=\"ql-align-justify\">\n<p class=\"ql-align-justify\">\n<h2 class=\"ql-align-justify\">Verwendungszwecke von Graphitlagern<\/h2>\n<p class=\"ql-align-justify\"><strong>Im Bereich der maschinellen Bearbeitung:<\/strong><\/p>\n<p class=\"ql-align-justify\">Die Spindel der Werkzeugmaschine ist mit Graphitlagern ausgestattet, die Reibung und Vibrationen reduzieren k\u00f6nnen. Dadurch werden die Bearbeitungsgenauigkeit und die Oberfl\u00e4chenqualit\u00e4t verbessert, der Werkzeugverschlei\u00df verringert, die Lebensdauer des Werkzeugs verl\u00e4ngert und die Bearbeitungseffizienz verbessert.<\/p>\n<p class=\"ql-align-justify\">\n<p class=\"ql-align-justify\"><strong>In der Automobilbranche:<\/strong><\/p>\n<p class=\"ql-align-justify\">Sie k\u00f6nnen Graphitfette f\u00fcr Radlager mit Graphitgleitlager oder Graphitbronze-Lager, etc. verwenden. Es kann sich an verschiedene komplexe Arbeitsbedingungen im Fahrzeugbetrieb anpassen. Verringern Sie effektiv Reibung und Verschlei\u00df, verbessern Sie die Zuverl\u00e4ssigkeit und Haltbarkeit von Radlagern und sorgen Sie f\u00fcr Fahrsicherheit.<\/p>\n<p class=\"ql-align-justify\">\n<p class=\"ql-align-justify\"><strong>In der Energietechnik:<\/strong><\/p>\n<p class=\"ql-align-justify\">Der Rotorlagerteil des Generators verwendet Lager aus <a href=\"https:\/\/jinsuncarbon.com\/de\/alles-uber-kohlenstoffgraphit\/\">Kohlenstoff-Graphit<\/a> Lagermaterialien. Seine gute elektrische und thermische Leitf\u00e4higkeit tr\u00e4gt zur W\u00e4rmeableitung und zum stabilen Betrieb des Motors bei und verbessert die Effizienz der Stromerzeugung und die Zuverl\u00e4ssigkeit der Anlage.<\/p>\n<p class=\"ql-align-justify\">\n<p class=\"ql-align-justify\"><strong>In der chemischen Produktion:<\/strong><\/p>\n<p class=\"ql-align-justify\">Die Lager aller Arten von Pumpen, Mischern und anderen Ger\u00e4ten verwenden <a href=\"https:\/\/jinsuncarbon.com\/de\/produkt\/graphitbuchsen\/\">Graphitbuchse<\/a> oder Kohlenstoff-Graphit-Lagerbuchsen. Sie k\u00f6nnen der Erosion korrosiver Medien widerstehen und gew\u00e4hrleisten einen langfristig stabilen Betrieb der Ausr\u00fcstung. Reduzieren Sie die H\u00e4ufigkeit der Wartung und des Austauschs der Ausr\u00fcstung und senken Sie die Produktionskosten.<\/p>\n<p class=\"ql-align-justify\">\n<p class=\"ql-align-justify\"><strong>Im Bereich der Luft- und Raumfahrt:<\/strong><\/p>\n<p class=\"ql-align-justify\">Sie k\u00f6nnen Graphitluftlager in Hochgeschwindigkeits- und Hochpr\u00e4zisions-Drehteilen wie z. B. Lageregelungsmechanismen von Satelliten verwenden. Dies erf\u00fcllt die strengen Anforderungen an geringe Reibung, hohe Zuverl\u00e4ssigkeit und lange Lebensdauer. Sie sorgen f\u00fcr einen pr\u00e4zisen und stabilen Betrieb von Satelliten im Weltraum und erf\u00fcllen verschiedene Aufgaben.<\/p>\n<p class=\"ql-align-justify\">\n<p class=\"ql-align-justify\"><strong>In einigen Pr\u00e4zisionsinstrumenten, medizinischen Ger\u00e4ten und anderen Bereichen:<\/strong><\/p>\n<p class=\"ql-align-justify\">Graphitkugellager und Graphitb\u00fcgellager spielen ebenfalls eine wichtige Rolle, da sie eine stabile und zuverl\u00e4ssige Unterst\u00fctzung f\u00fcr die Pr\u00e4zisionsbewegung der Ger\u00e4te bieten. Sie gew\u00e4hrleisten die Genauigkeit und Leistung des Ger\u00e4ts. Erf\u00fcllen die Nachfrage nach hochpr\u00e4zisen Ger\u00e4ten in der wissenschaftlichen Forschung, Medizin und anderen Bereichen.<\/p>","protected":false},"excerpt":{"rendered":"<p class=\"ql-align-justify\">\n<p class=\"ql-align-justify\">Graphitlager sind Lagerteile, die aus Graphit als Hauptmaterial bestehen. Es funktioniert gut in vielen industriellen Szenarien, kann die Leistungsanforderungen verschiedener Arten von Ger\u00e4ten f\u00fcr rotierende St\u00fctzkomponenten erf\u00fcllen und bietet eine zuverl\u00e4ssige Garantie f\u00fcr den reibungslosen und effizienten Betrieb von Ger\u00e4ten. Und es ist eines der wichtigsten Basisteile im modernen industriellen System.<\/p>","protected":false},"featured_media":7031,"template":"","meta":[],"product_brand":[],"product_cat":[38],"product_tag":[],"class_list":{"0":"post-7030","1":"product","2":"type-product","3":"status-publish","4":"has-post-thumbnail","6":"product_cat-graphite-products","8":"first","9":"instock","10":"shipping-taxable","11":"product-type-simple"},"yoast_head":"<!-- This site is optimized with the Yoast SEO Premium plugin v19.2.1 (Yoast SEO v25.3) - https:\/\/yoast.com\/wordpress\/plugins\/seo\/ -->\n<title>Graphite Bearings | Jinsun Carbon<\/title>\n<meta name=\"description\" content=\"Graphite bearings and bushings\u200b manufacturer in China. We supply different types of carbon graphite bearing material at best price.\" \/>\n<meta name=\"robots\" content=\"index, follow, max-snippet:-1, max-image-preview:large, max-video-preview:-1\" \/>\n<link rel=\"canonical\" href=\"https:\/\/jinsuncarbon.com\/de\/produkt\/graphitlager\/\" \/>\n<meta property=\"og:locale\" content=\"de_DE\" \/>\n<meta property=\"og:type\" content=\"article\" \/>\n<meta property=\"og:title\" content=\"Graphite Bearings\" \/>\n<meta property=\"og:description\" content=\"Graphite bearings and bushings\u200b manufacturer in China. We supply different types of carbon graphite bearing material at best price.\" \/>\n<meta property=\"og:url\" content=\"https:\/\/jinsuncarbon.com\/de\/produkt\/graphitlager\/\" \/>\n<meta property=\"og:site_name\" content=\"Jinsun Carbon\" \/>\n<meta property=\"article:publisher\" content=\"https:\/\/www.facebook.com\/Graphite-Electrode-109336238661595\" \/>\n<meta property=\"og:image\" content=\"https:\/\/jinsuncarbon.com\/wp-content\/uploads\/2024\/12\/graphite-bearings.jpg\" \/>\n\t<meta property=\"og:image:width\" content=\"1024\" \/>\n\t<meta property=\"og:image:height\" content=\"763\" \/>\n\t<meta property=\"og:image:type\" content=\"image\/jpeg\" \/>\n<meta name=\"twitter:card\" content=\"summary_large_image\" \/>\n<meta name=\"twitter:site\" content=\"@jinsuncarbon_\" \/>\n<meta name=\"twitter:label1\" content=\"Gesch\u00e4tzte Lesezeit\" \/>\n\t<meta name=\"twitter:data1\" content=\"4\u00a0Minuten\" \/>\n<script type=\"application\/ld+json\" class=\"yoast-schema-graph\">{\"@context\":\"https:\/\/schema.org\",\"@graph\":[{\"@type\":\"WebPage\",\"@id\":\"https:\/\/jinsuncarbon.com\/product\/graphite-bearings\/\",\"url\":\"https:\/\/jinsuncarbon.com\/product\/graphite-bearings\/\",\"name\":\"Graphite Bearings | Jinsun Carbon\",\"isPartOf\":{\"@id\":\"https:\/\/jinsuncarbon.com\/#website\"},\"primaryImageOfPage\":{\"@id\":\"https:\/\/jinsuncarbon.com\/product\/graphite-bearings\/#primaryimage\"},\"image\":{\"@id\":\"https:\/\/jinsuncarbon.com\/product\/graphite-bearings\/#primaryimage\"},\"thumbnailUrl\":\"https:\/\/jinsuncarbon.com\/wp-content\/uploads\/2024\/12\/graphite-bearings.jpg\",\"datePublished\":\"2024-12-14T10:28:54+00:00\",\"description\":\"Graphite bearings and bushings\u200b manufacturer in China. We supply different types of carbon graphite bearing material at best price.\",\"breadcrumb\":{\"@id\":\"https:\/\/jinsuncarbon.com\/product\/graphite-bearings\/#breadcrumb\"},\"inLanguage\":\"de\",\"potentialAction\":[{\"@type\":\"ReadAction\",\"target\":[\"https:\/\/jinsuncarbon.com\/product\/graphite-bearings\/\"]}]},{\"@type\":\"ImageObject\",\"inLanguage\":\"de\",\"@id\":\"https:\/\/jinsuncarbon.com\/product\/graphite-bearings\/#primaryimage\",\"url\":\"https:\/\/jinsuncarbon.com\/wp-content\/uploads\/2024\/12\/graphite-bearings.jpg\",\"contentUrl\":\"https:\/\/jinsuncarbon.com\/wp-content\/uploads\/2024\/12\/graphite-bearings.jpg\",\"width\":1024,\"height\":763,\"caption\":\"graphite bearings\"},{\"@type\":\"BreadcrumbList\",\"@id\":\"https:\/\/jinsuncarbon.com\/product\/graphite-bearings\/#breadcrumb\",\"itemListElement\":[{\"@type\":\"ListItem\",\"position\":1,\"name\":\"Home\",\"item\":\"https:\/\/jinsuncarbon.com\/\"},{\"@type\":\"ListItem\",\"position\":2,\"name\":\"Products\",\"item\":\"https:\/\/jinsuncarbon.com\/graphite-carbon\/\"},{\"@type\":\"ListItem\",\"position\":3,\"name\":\"Graphite Bearings\"}]},{\"@type\":\"WebSite\",\"@id\":\"https:\/\/jinsuncarbon.com\/#website\",\"url\":\"https:\/\/jinsuncarbon.com\/\",\"name\":\"Jinsun Carbon\",\"description\":\"We are the successful graphite electrode manufacturer in China\",\"publisher\":{\"@id\":\"https:\/\/jinsuncarbon.com\/#organization\"},\"potentialAction\":[{\"@type\":\"SearchAction\",\"target\":{\"@type\":\"EntryPoint\",\"urlTemplate\":\"https:\/\/jinsuncarbon.com\/?s={search_term_string}\"},\"query-input\":{\"@type\":\"PropertyValueSpecification\",\"valueRequired\":true,\"valueName\":\"search_term_string\"}}],\"inLanguage\":\"de\"},{\"@type\":\"Organization\",\"@id\":\"https:\/\/jinsuncarbon.com\/#organization\",\"name\":\"Jinsun Carbon\",\"alternateName\":\"Jinsun Carbon\",\"url\":\"https:\/\/jinsuncarbon.com\/\",\"logo\":{\"@type\":\"ImageObject\",\"inLanguage\":\"de\",\"@id\":\"https:\/\/jinsuncarbon.com\/#\/schema\/logo\/image\/\",\"url\":\"https:\/\/jinsuncarbon.com\/wp-content\/uploads\/2022\/12\/LOGO-1.png\",\"contentUrl\":\"https:\/\/jinsuncarbon.com\/wp-content\/uploads\/2022\/12\/LOGO-1.png\",\"width\":207,\"height\":80,\"caption\":\"Jinsun Carbon\"},\"image\":{\"@id\":\"https:\/\/jinsuncarbon.com\/#\/schema\/logo\/image\/\"},\"sameAs\":[\"https:\/\/www.facebook.com\/Graphite-Electrode-109336238661595\",\"https:\/\/x.com\/jinsuncarbon_\",\"https:\/\/www.linkedin.com\/in\/jinsungraphite\",\"https:\/\/www.youtube.com\/channel\/UCysDNyvyR5-3cCWEmpkVC0g\"]}]}<\/script>\n<!-- \/ Yoast SEO Premium plugin. -->","yoast_head_json":{"title":"Graphitlager | Jinsun Carbon","description":"Hersteller von Graphitlagern und -buchsen in China. Wir liefern verschiedene Arten von Kohlenstoff-Graphit Lager Material zum besten Preis.","robots":{"index":"index","follow":"follow","max-snippet":"max-snippet:-1","max-image-preview":"max-image-preview:large","max-video-preview":"max-video-preview:-1"},"canonical":"https:\/\/jinsuncarbon.com\/de\/produkt\/graphitlager\/","og_locale":"de_DE","og_type":"article","og_title":"Graphite Bearings","og_description":"Graphite bearings and bushings\u200b manufacturer in China. We supply different types of carbon graphite bearing material at best price.","og_url":"https:\/\/jinsuncarbon.com\/de\/produkt\/graphitlager\/","og_site_name":"Jinsun Carbon","article_publisher":"https:\/\/www.facebook.com\/Graphite-Electrode-109336238661595","og_image":[{"width":1024,"height":763,"url":"https:\/\/jinsuncarbon.com\/wp-content\/uploads\/2024\/12\/graphite-bearings.jpg","type":"image\/jpeg"}],"twitter_card":"summary_large_image","twitter_site":"@jinsuncarbon_","twitter_misc":{"Gesch\u00e4tzte Lesezeit":"4\u00a0Minuten"},"schema":{"@context":"https:\/\/schema.org","@graph":[{"@type":"WebPage","@id":"https:\/\/jinsuncarbon.com\/product\/graphite-bearings\/","url":"https:\/\/jinsuncarbon.com\/product\/graphite-bearings\/","name":"Graphitlager | Jinsun Carbon","isPartOf":{"@id":"https:\/\/jinsuncarbon.com\/#website"},"primaryImageOfPage":{"@id":"https:\/\/jinsuncarbon.com\/product\/graphite-bearings\/#primaryimage"},"image":{"@id":"https:\/\/jinsuncarbon.com\/product\/graphite-bearings\/#primaryimage"},"thumbnailUrl":"https:\/\/jinsuncarbon.com\/wp-content\/uploads\/2024\/12\/graphite-bearings.jpg","datePublished":"2024-12-14T10:28:54+00:00","description":"Hersteller von Graphitlagern und -buchsen in China. Wir liefern verschiedene Arten von Kohlenstoff-Graphit Lager Material zum besten Preis.","breadcrumb":{"@id":"https:\/\/jinsuncarbon.com\/product\/graphite-bearings\/#breadcrumb"},"inLanguage":"de","potentialAction":[{"@type":"ReadAction","target":["https:\/\/jinsuncarbon.com\/product\/graphite-bearings\/"]}]},{"@type":"ImageObject","inLanguage":"de","@id":"https:\/\/jinsuncarbon.com\/product\/graphite-bearings\/#primaryimage","url":"https:\/\/jinsuncarbon.com\/wp-content\/uploads\/2024\/12\/graphite-bearings.jpg","contentUrl":"https:\/\/jinsuncarbon.com\/wp-content\/uploads\/2024\/12\/graphite-bearings.jpg","width":1024,"height":763,"caption":"graphite bearings"},{"@type":"BreadcrumbList","@id":"https:\/\/jinsuncarbon.com\/product\/graphite-bearings\/#breadcrumb","itemListElement":[{"@type":"ListItem","position":1,"name":"Home","item":"https:\/\/jinsuncarbon.com\/"},{"@type":"ListItem","position":2,"name":"Products","item":"https:\/\/jinsuncarbon.com\/graphite-carbon\/"},{"@type":"ListItem","position":3,"name":"Graphite Bearings"}]},{"@type":"WebSite","@id":"https:\/\/jinsuncarbon.com\/#website","url":"https:\/\/jinsuncarbon.com\/","name":"Jinsun Kohlenstoff","description":"Wir sind der erfolgreiche Hersteller von Graphitelektroden in China","publisher":{"@id":"https:\/\/jinsuncarbon.com\/#organization"},"potentialAction":[{"@type":"SearchAction","target":{"@type":"EntryPoint","urlTemplate":"https:\/\/jinsuncarbon.com\/?s={search_term_string}"},"query-input":{"@type":"PropertyValueSpecification","valueRequired":true,"valueName":"search_term_string"}}],"inLanguage":"de"},{"@type":"Organization","@id":"https:\/\/jinsuncarbon.com\/#organization","name":"Jinsun Kohlenstoff","alternateName":"Jinsun Carbon","url":"https:\/\/jinsuncarbon.com\/","logo":{"@type":"ImageObject","inLanguage":"de","@id":"https:\/\/jinsuncarbon.com\/#\/schema\/logo\/image\/","url":"https:\/\/jinsuncarbon.com\/wp-content\/uploads\/2022\/12\/LOGO-1.png","contentUrl":"https:\/\/jinsuncarbon.com\/wp-content\/uploads\/2022\/12\/LOGO-1.png","width":207,"height":80,"caption":"Jinsun Carbon"},"image":{"@id":"https:\/\/jinsuncarbon.com\/#\/schema\/logo\/image\/"},"sameAs":["https:\/\/www.facebook.com\/Graphite-Electrode-109336238661595","https:\/\/x.com\/jinsuncarbon_","https:\/\/www.linkedin.com\/in\/jinsungraphite","https:\/\/www.youtube.com\/channel\/UCysDNyvyR5-3cCWEmpkVC0g"]}]}},"_links":{"self":[{"href":"https:\/\/jinsuncarbon.com\/de\/wp-json\/wp\/v2\/product\/7030","targetHints":{"allow":["GET"]}}],"collection":[{"href":"https:\/\/jinsuncarbon.com\/de\/wp-json\/wp\/v2\/product"}],"about":[{"href":"https:\/\/jinsuncarbon.com\/de\/wp-json\/wp\/v2\/types\/product"}],"wp:featuredmedia":[{"embeddable":true,"href":"https:\/\/jinsuncarbon.com\/de\/wp-json\/wp\/v2\/media\/7031"}],"wp:attachment":[{"href":"https:\/\/jinsuncarbon.com\/de\/wp-json\/wp\/v2\/media?parent=7030"}],"wp:term":[{"taxonomy":"product_brand","embeddable":true,"href":"https:\/\/jinsuncarbon.com\/de\/wp-json\/wp\/v2\/product_brand?post=7030"},{"taxonomy":"product_cat","embeddable":true,"href":"https:\/\/jinsuncarbon.com\/de\/wp-json\/wp\/v2\/product_cat?post=7030"},{"taxonomy":"product_tag","embeddable":true,"href":"https:\/\/jinsuncarbon.com\/de\/wp-json\/wp\/v2\/product_tag?post=7030"}],"curies":[{"name":"wp","href":"https:\/\/api.w.org\/{rel}","templated":true}]}}