{"id":7027,"date":"2024-12-14T08:42:24","date_gmt":"2024-12-14T08:42:24","guid":{"rendered":"https:\/\/jinsuncarbon.com\/?post_type=product&#038;p=7027"},"modified":"2025-01-26T02:07:37","modified_gmt":"2025-01-26T02:07:37","slug":"400mm-graphitelektrode","status":"publish","type":"product","link":"https:\/\/jinsuncarbon.com\/de\/produkt\/400mm-graphitelektrode\/","title":{"rendered":"400mm Graphit-Elektrode"},"content":{"rendered":"<h2 class=\"ql-align-justify\">400mm Graphitelektrode Vorteile<\/h2>\n<p>&nbsp;<\/p>\n<p class=\"ql-align-justify\"><strong>Ausgezeichnete elektrische Leitf\u00e4higkeit<\/strong><\/p>\n<p class=\"ql-align-justify\">Es kann effizient gro\u00dfe Str\u00f6me \u00fcbertragen, um den Bedarf an elektrischer Energie in gro\u00df angelegten elektrochemischen oder Hochtemperatur-Schmelzprozessen in der industriellen Produktion zu decken. Und gew\u00e4hrleisten die kontinuierliche und stabile Reaktion.<\/p>\n<p class=\"ql-align-justify\"><strong>Gute Best\u00e4ndigkeit gegen hohe Temperaturen<\/strong><\/p>\n<p class=\"ql-align-justify\">Es kann seine strukturelle Integrit\u00e4t und stabile Leistung auch unter hohen Temperaturen, wie z. B. bei der Stahlherstellung im Lichtbogenofen, beibehalten. Es kann hohen Temperaturen von Tausenden von Grad Celsius ohne offensichtliche Erweichung oder Verformung standhalten. Und gew\u00e4hrleisten die Kontinuit\u00e4t des Produktionsprozesses.<\/p>\n<p class=\"ql-align-justify\"><strong>Hohe chemische Stabilit\u00e4t<\/strong><\/p>\n<p class=\"ql-align-justify\">Es hat eine gewisse Toleranz gegen\u00fcber verschiedenen chemischen Substanzen im Ofen. Dies reduziert die <a href=\"https:\/\/jinsuncarbon.com\/de\/graphitelektroden-als-wichtige-stahlerzeugungsleiter-fur-eaf-und-lf\/\">Elektrode<\/a> Verlust durch chemische Reaktionen und verl\u00e4ngert die Lebensdauer.<\/p>\n<p class=\"ql-align-justify\"><strong>M\u00e4\u00dfige mechanische Festigkeit<\/strong><\/p>\n<p class=\"ql-align-justify\">Es h\u00e4lt seinem eigenen Gewicht und verschiedenen mechanischen Belastungen bei der Installation und Nutzung stand. Es ist nicht leicht zu brechen und zu besch\u00e4digen, um die Sicherheit und Zuverl\u00e4ssigkeit der Produktion zu gew\u00e4hrleisten.<\/p>\n<p>&nbsp;<\/p>\n<h2>Spezifikationen f\u00fcr 400-mm-Graphitelektroden<\/h2>\n<p>&nbsp;<\/p>\n<table>\n<tbody>\n<tr>\n<td width=\"169\"><strong><b>Physikalische und chemische Eigenschaften<\/b><\/strong><\/td>\n<td width=\"114\"><strong><b>Einheit<\/b><\/strong><\/td>\n<td width=\"142\"><strong><b>400 mm Graphitelektrode<\/b><\/strong><\/td>\n<\/tr>\n<tr>\n<td width=\"169\">Elektrischer Widerstand<\/td>\n<td width=\"114\">\u03bc\u03a9-m<\/td>\n<td width=\"142\">\u22647.5<\/td>\n<\/tr>\n<tr>\n<td width=\"169\">Festigkeit in Querrichtung<\/td>\n<td width=\"114\">MPa<\/td>\n<td width=\"142\">\u226512.0<\/td>\n<\/tr>\n<tr>\n<td width=\"169\">Elastizit\u00e4tsmodul<\/td>\n<td width=\"114\">GPa<\/td>\n<td width=\"142\">\u226414.0<\/td>\n<\/tr>\n<tr>\n<td width=\"169\">Sch\u00fcttdichte<\/td>\n<td width=\"114\">g\/cm<sup>3<\/sup><\/td>\n<td width=\"142\">\u22651.60<\/td>\n<\/tr>\n<tr>\n<td width=\"169\">W\u00e4rmeausdehnungskoeffizient (100-600<sup>\u3002<\/sup>C)<\/td>\n<td width=\"114\">10<sup>-6<\/sup>\/<sup>\u3002<\/sup>C<\/td>\n<td width=\"142\">\u22642.0<\/td>\n<\/tr>\n<tr>\n<td width=\"169\">Aschegehalt<\/td>\n<td width=\"114\">%<\/td>\n<td width=\"142\">\u22640.5<\/td>\n<\/tr>\n<\/tbody>\n<\/table>\n<h2><\/h2>\n<h2><\/h2>\n<h2 class=\"ql-align-justify\">Verwendungszwecke der 400-mm-Graphitelektrode<\/h2>\n<p>&nbsp;<\/p>\n<p class=\"ql-align-justify\"><strong>In der Eisen- und Stahlverh\u00fcttungsindustrie<\/strong><\/p>\n<p class=\"ql-align-justify\">Als Schl\u00fcsselkomponente des Elektrolichtbogenofens kann er einen starken Lichtbogen erzeugen und elektrische Energie in W\u00e4rmeenergie umwandeln. Schnell schmelzen Rohstoffe wie Stahlschrott, erheblich verbessern die Effizienz und Qualit\u00e4t der Stahlproduktion. Und erf\u00fcllen die Bed\u00fcrfnisse der Bau-, Maschinenbau und andere Industrien f\u00fcr eine gro\u00dfe Anzahl von hochwertigen <a href=\"https:\/\/en.wikipedia.org\/wiki\/Steel\" target=\"_blank\" rel=\"noopener\">Stahl<\/a>.<\/p>\n<p class=\"ql-align-justify\"><strong>Beim Schmelzen von Nichteisenmetallen<\/strong><\/p>\n<p class=\"ql-align-justify\">So zum Beispiel das elektrolytische Herstellungsverfahren von Aluminium, <a href=\"https:\/\/en.wikipedia.org\/wiki\/Copper#:~:text=Copper%20is%20a%20chemical%20element,has%20a%20pinkish%2Dorange%20color.\" target=\"_blank\" rel=\"noopener\">Kupfer<\/a> und anderen Metallen kann die Graphitelektrode als Anode dem starken Strom und der hohen Temperatur im elektrolytischen Prozess standhalten. Sie gew\u00e4hrleistet eine gute elektrische Leitf\u00e4higkeit und f\u00f6rdert die Reduktion und Abscheidung von Metallionen. Und sie erm\u00f6glicht die effiziente Gewinnung und Raffination von Nichteisenmetallen.<\/p>\n<p class=\"ql-align-justify\"><strong>Im Bereich der chemischen Industrie<\/strong><\/p>\n<p class=\"ql-align-justify\">Bei einigen elektrochemischen Hochtemperatur-Synthesereaktionen k\u00f6nnen Sie 400-mm-Graphitelektroden als <a href=\"https:\/\/jinsuncarbon.com\/de\/produkt\/uhp-graphitelektrode\/\">Elektrode<\/a> Materialien zur Teilnahme an chemischen Reaktionen. Sie f\u00f6rdern die Reaktion und schaffen die notwendigen Bedingungen f\u00fcr die Herstellung von chemischen Produkten. Und wegen seiner chemischen Stabilit\u00e4t kann es unn\u00f6tige chemische Reaktionen mit Reaktanten und Produkten reduzieren, die Produktreinheit und Produktionseffizienz verbessern.<\/p>","protected":false},"excerpt":{"rendered":"<p class=\"ql-align-justify\">Die 400-mm-Graphitelektrode ist ein zylindrisches Elektrodenprodukt mit einem Durchmesser von 400 mm, das aus hochwertigem Graphit als Rohmaterial hergestellt und durch ein spezielles Verfahren verarbeitet wird. Sie spielt eine Schl\u00fcsselrolle in der Metallurgie, Chemie und anderen Industriebereichen. Als leitf\u00e4higes Material kann sie hohen Temperaturen, starkem Strom und anderen extremen Bedingungen standhalten.<\/p>\n<p class=\"ql-align-justify\">F\u00fcr alle Arten von elektrochemischen und Hochtemperatur-Schmelzverfahren, um eine stabile Energie\u00fcbertragung und Reaktionsumgebung zu unterst\u00fctzen. Es ist ein wichtiger Teil, um einen effizienten und stabilen Betrieb der industriellen Produktion zu gew\u00e4hrleisten.<\/p>","protected":false},"featured_media":7028,"template":"","meta":[],"product_brand":[],"product_cat":[37],"product_tag":[],"class_list":{"0":"post-7027","1":"product","2":"type-product","3":"status-publish","4":"has-post-thumbnail","6":"product_cat-graphite-electrode","8":"first","9":"instock","10":"shipping-taxable","11":"product-type-simple"},"yoast_head":"<!-- This site is optimized with the Yoast SEO Premium plugin v19.2.1 (Yoast SEO v25.3) - https:\/\/yoast.com\/wordpress\/plugins\/seo\/ -->\n<title>400mm Graphite Electrode Manufacturer | Jinsun Carbon<\/title>\n<meta name=\"description\" content=\"400mm Graphite Electrodes Manufacturer in China. Jinsun supply high quality ultra high power graphite electrodes at best price.\" \/>\n<meta name=\"robots\" content=\"index, follow, max-snippet:-1, max-image-preview:large, max-video-preview:-1\" \/>\n<link rel=\"canonical\" href=\"https:\/\/jinsuncarbon.com\/de\/produkt\/400mm-graphitelektrode\/\" \/>\n<meta property=\"og:locale\" content=\"de_DE\" \/>\n<meta property=\"og:type\" content=\"article\" \/>\n<meta property=\"og:title\" content=\"400mm Graphite Electrode\" \/>\n<meta property=\"og:description\" content=\"400mm Graphite Electrodes Manufacturer in China. Jinsun supply high quality ultra high power graphite electrodes at best price.\" \/>\n<meta property=\"og:url\" content=\"https:\/\/jinsuncarbon.com\/de\/produkt\/400mm-graphitelektrode\/\" \/>\n<meta property=\"og:site_name\" content=\"Jinsun Carbon\" \/>\n<meta property=\"article:publisher\" content=\"https:\/\/www.facebook.com\/Graphite-Electrode-109336238661595\" \/>\n<meta property=\"article:modified_time\" content=\"2025-01-26T02:07:37+00:00\" \/>\n<meta property=\"og:image\" content=\"https:\/\/jinsuncarbon.com\/wp-content\/uploads\/2024\/12\/400mm-Graphite-Electrode.jpg\" \/>\n\t<meta property=\"og:image:width\" content=\"1024\" \/>\n\t<meta property=\"og:image:height\" content=\"763\" \/>\n\t<meta property=\"og:image:type\" content=\"image\/jpeg\" \/>\n<meta name=\"twitter:card\" content=\"summary_large_image\" \/>\n<meta name=\"twitter:site\" content=\"@jinsuncarbon_\" \/>\n<meta name=\"twitter:label1\" content=\"Gesch\u00e4tzte Lesezeit\" \/>\n\t<meta name=\"twitter:data1\" content=\"2\u00a0Minuten\" \/>\n<script type=\"application\/ld+json\" class=\"yoast-schema-graph\">{\"@context\":\"https:\/\/schema.org\",\"@graph\":[{\"@type\":\"WebPage\",\"@id\":\"https:\/\/jinsuncarbon.com\/product\/400mm-graphite-electrode\/\",\"url\":\"https:\/\/jinsuncarbon.com\/product\/400mm-graphite-electrode\/\",\"name\":\"400mm Graphite Electrode Manufacturer | Jinsun Carbon\",\"isPartOf\":{\"@id\":\"https:\/\/jinsuncarbon.com\/#website\"},\"primaryImageOfPage\":{\"@id\":\"https:\/\/jinsuncarbon.com\/product\/400mm-graphite-electrode\/#primaryimage\"},\"image\":{\"@id\":\"https:\/\/jinsuncarbon.com\/product\/400mm-graphite-electrode\/#primaryimage\"},\"thumbnailUrl\":\"https:\/\/jinsuncarbon.com\/wp-content\/uploads\/2024\/12\/400mm-Graphite-Electrode.jpg\",\"datePublished\":\"2024-12-14T08:42:24+00:00\",\"dateModified\":\"2025-01-26T02:07:37+00:00\",\"description\":\"400mm Graphite Electrodes Manufacturer in China. Jinsun supply high quality ultra high power graphite electrodes at best price.\",\"breadcrumb\":{\"@id\":\"https:\/\/jinsuncarbon.com\/product\/400mm-graphite-electrode\/#breadcrumb\"},\"inLanguage\":\"de\",\"potentialAction\":[{\"@type\":\"ReadAction\",\"target\":[\"https:\/\/jinsuncarbon.com\/product\/400mm-graphite-electrode\/\"]}]},{\"@type\":\"ImageObject\",\"inLanguage\":\"de\",\"@id\":\"https:\/\/jinsuncarbon.com\/product\/400mm-graphite-electrode\/#primaryimage\",\"url\":\"https:\/\/jinsuncarbon.com\/wp-content\/uploads\/2024\/12\/400mm-Graphite-Electrode.jpg\",\"contentUrl\":\"https:\/\/jinsuncarbon.com\/wp-content\/uploads\/2024\/12\/400mm-Graphite-Electrode.jpg\",\"width\":1024,\"height\":763,\"caption\":\"400mm Graphite Electrode\"},{\"@type\":\"BreadcrumbList\",\"@id\":\"https:\/\/jinsuncarbon.com\/product\/400mm-graphite-electrode\/#breadcrumb\",\"itemListElement\":[{\"@type\":\"ListItem\",\"position\":1,\"name\":\"Home\",\"item\":\"https:\/\/jinsuncarbon.com\/\"},{\"@type\":\"ListItem\",\"position\":2,\"name\":\"Products\",\"item\":\"https:\/\/jinsuncarbon.com\/graphite-carbon\/\"},{\"@type\":\"ListItem\",\"position\":3,\"name\":\"400mm Graphite Electrode\"}]},{\"@type\":\"WebSite\",\"@id\":\"https:\/\/jinsuncarbon.com\/#website\",\"url\":\"https:\/\/jinsuncarbon.com\/\",\"name\":\"Jinsun Carbon\",\"description\":\"We are the successful graphite electrode manufacturer in China\",\"publisher\":{\"@id\":\"https:\/\/jinsuncarbon.com\/#organization\"},\"potentialAction\":[{\"@type\":\"SearchAction\",\"target\":{\"@type\":\"EntryPoint\",\"urlTemplate\":\"https:\/\/jinsuncarbon.com\/?s={search_term_string}\"},\"query-input\":{\"@type\":\"PropertyValueSpecification\",\"valueRequired\":true,\"valueName\":\"search_term_string\"}}],\"inLanguage\":\"de\"},{\"@type\":\"Organization\",\"@id\":\"https:\/\/jinsuncarbon.com\/#organization\",\"name\":\"Jinsun Carbon\",\"alternateName\":\"Jinsun Carbon\",\"url\":\"https:\/\/jinsuncarbon.com\/\",\"logo\":{\"@type\":\"ImageObject\",\"inLanguage\":\"de\",\"@id\":\"https:\/\/jinsuncarbon.com\/#\/schema\/logo\/image\/\",\"url\":\"https:\/\/jinsuncarbon.com\/wp-content\/uploads\/2022\/12\/LOGO-1.png\",\"contentUrl\":\"https:\/\/jinsuncarbon.com\/wp-content\/uploads\/2022\/12\/LOGO-1.png\",\"width\":207,\"height\":80,\"caption\":\"Jinsun Carbon\"},\"image\":{\"@id\":\"https:\/\/jinsuncarbon.com\/#\/schema\/logo\/image\/\"},\"sameAs\":[\"https:\/\/www.facebook.com\/Graphite-Electrode-109336238661595\",\"https:\/\/x.com\/jinsuncarbon_\",\"https:\/\/www.linkedin.com\/in\/jinsungraphite\",\"https:\/\/www.youtube.com\/channel\/UCysDNyvyR5-3cCWEmpkVC0g\"]}]}<\/script>\n<!-- \/ Yoast SEO Premium plugin. -->","yoast_head_json":{"title":"400mm Graphitelektrode Hersteller | Jinsun Carbon","description":"400mm Graphitelektroden Hersteller in China. Jinsun liefern hohe Qualit\u00e4t ultra hohe Leistung Graphitelektroden zum besten Preis.","robots":{"index":"index","follow":"follow","max-snippet":"max-snippet:-1","max-image-preview":"max-image-preview:large","max-video-preview":"max-video-preview:-1"},"canonical":"https:\/\/jinsuncarbon.com\/de\/produkt\/400mm-graphitelektrode\/","og_locale":"de_DE","og_type":"article","og_title":"400mm Graphite Electrode","og_description":"400mm Graphite Electrodes Manufacturer in China. Jinsun supply high quality ultra high power graphite electrodes at best price.","og_url":"https:\/\/jinsuncarbon.com\/de\/produkt\/400mm-graphitelektrode\/","og_site_name":"Jinsun Carbon","article_publisher":"https:\/\/www.facebook.com\/Graphite-Electrode-109336238661595","article_modified_time":"2025-01-26T02:07:37+00:00","og_image":[{"width":1024,"height":763,"url":"https:\/\/jinsuncarbon.com\/wp-content\/uploads\/2024\/12\/400mm-Graphite-Electrode.jpg","type":"image\/jpeg"}],"twitter_card":"summary_large_image","twitter_site":"@jinsuncarbon_","twitter_misc":{"Gesch\u00e4tzte Lesezeit":"2\u00a0Minuten"},"schema":{"@context":"https:\/\/schema.org","@graph":[{"@type":"WebPage","@id":"https:\/\/jinsuncarbon.com\/product\/400mm-graphite-electrode\/","url":"https:\/\/jinsuncarbon.com\/product\/400mm-graphite-electrode\/","name":"400mm Graphitelektrode Hersteller | Jinsun Carbon","isPartOf":{"@id":"https:\/\/jinsuncarbon.com\/#website"},"primaryImageOfPage":{"@id":"https:\/\/jinsuncarbon.com\/product\/400mm-graphite-electrode\/#primaryimage"},"image":{"@id":"https:\/\/jinsuncarbon.com\/product\/400mm-graphite-electrode\/#primaryimage"},"thumbnailUrl":"https:\/\/jinsuncarbon.com\/wp-content\/uploads\/2024\/12\/400mm-Graphite-Electrode.jpg","datePublished":"2024-12-14T08:42:24+00:00","dateModified":"2025-01-26T02:07:37+00:00","description":"400mm Graphitelektroden Hersteller in China. Jinsun liefern hohe Qualit\u00e4t ultra hohe Leistung Graphitelektroden zum besten Preis.","breadcrumb":{"@id":"https:\/\/jinsuncarbon.com\/product\/400mm-graphite-electrode\/#breadcrumb"},"inLanguage":"de","potentialAction":[{"@type":"ReadAction","target":["https:\/\/jinsuncarbon.com\/product\/400mm-graphite-electrode\/"]}]},{"@type":"ImageObject","inLanguage":"de","@id":"https:\/\/jinsuncarbon.com\/product\/400mm-graphite-electrode\/#primaryimage","url":"https:\/\/jinsuncarbon.com\/wp-content\/uploads\/2024\/12\/400mm-Graphite-Electrode.jpg","contentUrl":"https:\/\/jinsuncarbon.com\/wp-content\/uploads\/2024\/12\/400mm-Graphite-Electrode.jpg","width":1024,"height":763,"caption":"400mm Graphite Electrode"},{"@type":"BreadcrumbList","@id":"https:\/\/jinsuncarbon.com\/product\/400mm-graphite-electrode\/#breadcrumb","itemListElement":[{"@type":"ListItem","position":1,"name":"Home","item":"https:\/\/jinsuncarbon.com\/"},{"@type":"ListItem","position":2,"name":"Products","item":"https:\/\/jinsuncarbon.com\/graphite-carbon\/"},{"@type":"ListItem","position":3,"name":"400mm Graphite Electrode"}]},{"@type":"WebSite","@id":"https:\/\/jinsuncarbon.com\/#website","url":"https:\/\/jinsuncarbon.com\/","name":"Jinsun Kohlenstoff","description":"Wir sind der erfolgreiche Hersteller von Graphitelektroden in China","publisher":{"@id":"https:\/\/jinsuncarbon.com\/#organization"},"potentialAction":[{"@type":"SearchAction","target":{"@type":"EntryPoint","urlTemplate":"https:\/\/jinsuncarbon.com\/?s={search_term_string}"},"query-input":{"@type":"PropertyValueSpecification","valueRequired":true,"valueName":"search_term_string"}}],"inLanguage":"de"},{"@type":"Organization","@id":"https:\/\/jinsuncarbon.com\/#organization","name":"Jinsun Kohlenstoff","alternateName":"Jinsun Carbon","url":"https:\/\/jinsuncarbon.com\/","logo":{"@type":"ImageObject","inLanguage":"de","@id":"https:\/\/jinsuncarbon.com\/#\/schema\/logo\/image\/","url":"https:\/\/jinsuncarbon.com\/wp-content\/uploads\/2022\/12\/LOGO-1.png","contentUrl":"https:\/\/jinsuncarbon.com\/wp-content\/uploads\/2022\/12\/LOGO-1.png","width":207,"height":80,"caption":"Jinsun Carbon"},"image":{"@id":"https:\/\/jinsuncarbon.com\/#\/schema\/logo\/image\/"},"sameAs":["https:\/\/www.facebook.com\/Graphite-Electrode-109336238661595","https:\/\/x.com\/jinsuncarbon_","https:\/\/www.linkedin.com\/in\/jinsungraphite","https:\/\/www.youtube.com\/channel\/UCysDNyvyR5-3cCWEmpkVC0g"]}]}},"_links":{"self":[{"href":"https:\/\/jinsuncarbon.com\/de\/wp-json\/wp\/v2\/product\/7027","targetHints":{"allow":["GET"]}}],"collection":[{"href":"https:\/\/jinsuncarbon.com\/de\/wp-json\/wp\/v2\/product"}],"about":[{"href":"https:\/\/jinsuncarbon.com\/de\/wp-json\/wp\/v2\/types\/product"}],"wp:featuredmedia":[{"embeddable":true,"href":"https:\/\/jinsuncarbon.com\/de\/wp-json\/wp\/v2\/media\/7028"}],"wp:attachment":[{"href":"https:\/\/jinsuncarbon.com\/de\/wp-json\/wp\/v2\/media?parent=7027"}],"wp:term":[{"taxonomy":"product_brand","embeddable":true,"href":"https:\/\/jinsuncarbon.com\/de\/wp-json\/wp\/v2\/product_brand?post=7027"},{"taxonomy":"product_cat","embeddable":true,"href":"https:\/\/jinsuncarbon.com\/de\/wp-json\/wp\/v2\/product_cat?post=7027"},{"taxonomy":"product_tag","embeddable":true,"href":"https:\/\/jinsuncarbon.com\/de\/wp-json\/wp\/v2\/product_tag?post=7027"}],"curies":[{"name":"wp","href":"https:\/\/api.w.org\/{rel}","templated":true}]}}