{"id":7024,"date":"2024-12-14T08:23:31","date_gmt":"2024-12-14T08:23:31","guid":{"rendered":"https:\/\/jinsuncarbon.com\/?post_type=product&#038;p=7024"},"modified":"2024-12-14T08:23:32","modified_gmt":"2024-12-14T08:23:32","slug":"uhp-500-graphitelektrode","status":"publish","type":"product","link":"https:\/\/jinsuncarbon.com\/de\/produkt\/uhp-500-graphitelektrode\/","title":{"rendered":"500mm UHP-Graphit-Elektrode"},"content":{"rendered":"<h2>UHP 500 Graphit-Elektroden<\/h2>\n<p>Niedriger elektrischer Widerstand: UHP 500-Elektroden weisen einen geringen Widerstand auf, was den Energieverlust verringert und diese Elektroden f\u00fcr den langfristigen industriellen Prozess wirtschaftlich macht.<\/p>\n<p>Langlebigkeit: Diese Elektroden k\u00f6nnen so konstruiert werden, dass sie nicht nur mechanischer Belastung, sondern auch thermischen Schocks standhalten und so eine zuverl\u00e4ssige und dauerhafte L\u00f6sung f\u00fcr stark beanspruchte industrielle Prozesse bieten.<\/p>\n<p>Geringe Energiedissipation: UHP 500-Elektroden sind hoch leitf\u00e4hig, so dass die Energie mit geringem Energieverlust flie\u00dft. Sie sind hoch leitf\u00e4hig, was eine schnelle und gleichm\u00e4\u00dfige Erw\u00e4rmung in den entsprechenden Bereichen erm\u00f6glicht.<\/p>\n<p>Hitzebest\u00e4ndigkeit: Diese Elektroden sind so konstruiert, dass sie hohen Hitzegraden standhalten und auch bei hohen Temperaturen strukturell stabil und effektiv bleiben.<\/p>\n<p>Reinheit: Mit geringen Verunreinigungen haben UHP 500-Elektroden eine h\u00f6here Zuverl\u00e4ssigkeit und eine bessere Ausgabequalit\u00e4t, da sie so wenig wie m\u00f6glich verunreinigen oder den Prozess st\u00f6ren.<\/p>\n<h2>Anwendungen der 500mm UHP-Graphitelektrode<\/h2>\n<p><strong>Elektrolichtbogen\u00f6fen (EAF)<\/strong><\/p>\n<p>EAFs sind auf UHP 500-Elektroden angewiesen, um den Schmelzprozess durchzuf\u00fchren. Diese Elektroden sind in der Lage, hohe Str\u00f6me zu bew\u00e4ltigen, die zum effizienten Emulgieren von Stahlschrott und Rohstoffen erforderlich sind. Die verbesserten thermischen Eigenschaften erm\u00f6glichen schnellere Schmelzzeiten, was sich direkt in einem h\u00f6heren Produktionsdurchsatz und einer h\u00f6heren betrieblichen Effizienz niederschl\u00e4gt. Mit UHP 500 <a href=\"https:\/\/jinsuncarbon.com\/de\/produkt\/uhp-graphitelektrode\/\">Elektroden<\/a>k\u00f6nnen Sie ein h\u00f6heres Produktivit\u00e4tsniveau ohne Qualit\u00e4tseinbu\u00dfen erreichen.<\/p>\n<p><strong>Pfannen\u00f6fen<\/strong><\/p>\n<p>UHP 500-Elektroden sind in Pfannen\u00f6fen f\u00fcr Stahl unverzichtbar <a href=\"https:\/\/en.wikipedia.org\/wiki\/Refining\" target=\"_blank\" rel=\"noopener\">Veredelung<\/a>. Sie verf\u00fcgen \u00fcber stabile Lichtb\u00f6gen, mit denen sich die Temperatur w\u00e4hrend des Raffinationsprozesses genau steuern l\u00e4sst. Diese Pr\u00e4zision ist entscheidend, um die erforderliche chemische Zusammensetzung und die mechanischen Eigenschaften der Stahlerzeugnisse zu erreichen. Diese Elektroden verbessern den Prozess der Stahlveredelung durch ihre Zuverl\u00e4ssigkeit und Leistung.<\/p>\n<p><strong>Nichteisenmetallschmelze<\/strong><\/p>\n<p>Aluminium, Kupfer und andere <a href=\"https:\/\/en.wikipedia.org\/wiki\/Non-ferrous_metal\" target=\"_blank\" rel=\"noopener\">Nichteisenmetalle<\/a> Metalle profitieren ebenfalls von der Leistung und Stabilit\u00e4t einer UHP 500-Elektrode. Sie sind in der Lage, unter extremen Bedingungen zu arbeiten und k\u00f6nnen daher in einer Vielzahl von metallurgischen Prozessen eingesetzt werden. Diese Elektroden bieten einen zuverl\u00e4ssigen, leistungsstarken Betrieb f\u00fcr die Produktion von Nichteisenmetallen.<\/p>\n<h2>Warum die Graphitelektrode UHP 500<\/h2>\n<p><strong>Hohe Leistung<\/strong><\/p>\n<p>Aus diesem Grund sorgen die UHP 500-Elektroden f\u00fcr einen deutlich geringeren Energie\u00fcbertragungsverlust, eine hocheffiziente Erw\u00e4rmung und einen sehr zuverl\u00e4ssigen Betrieb. Sie k\u00f6nnen gro\u00dfe elektrische Str\u00f6me verarbeiten, was zu einem schnelleren Schmelzen und einer gleichm\u00e4\u00dfigen W\u00e4rmeverteilung f\u00fchrt, was k\u00fcrzere Zykluszeiten ohne Qualit\u00e4tseinbu\u00dfen erm\u00f6glicht.<\/p>\n<p><strong>Kosteng\u00fcnstig<\/strong><\/p>\n<p>UHP 500-Elektroden helfen Ihnen auch, Betriebskosten zu sparen, da sie Energieverluste minimieren und die Austauschzyklen verl\u00e4ngern.<\/p>\n<p><strong>Zuverl\u00e4ssige Qualit\u00e4t<\/strong><\/p>\n<p>Mit der Verwendung von UHP 500-Elektroden entscheiden Sie sich f\u00fcr ein Produkt, das die Branchenspezifikationen \u00fcbertrifft. Sie wurden mit viel Liebe zum Detail und unter strenger Qualit\u00e4tskontrolle entwickelt und sind so konzipiert, dass sie selbst in den rauesten Umgebungen Stabilit\u00e4t und Best\u00e4ndigkeit bieten.<\/p>\n<h2>Verwendung der 500mm UHP-Graphitelektrode\uff1f<\/h2>\n<p>Einrichtung<\/p>\n<p>Der korrekte Einbau der UHP 500-Elektroden ist entscheidend f\u00fcr ihre optimale Leistung. Achten Sie darauf, dass der Elektrodenhalter richtig ausgerichtet ist, um Fehlausrichtungen w\u00e4hrend des Betriebs zu vermeiden. (Da ein zu starkes Anziehen der Anschl\u00fcsse zu Spannungsbr\u00fcchen f\u00fchren kann, ist Vorsicht geboten.) Wichtig ist jedoch, dass bei korrekter Installation das Risiko mechanischer Besch\u00e4digungen geringer und die Lebensdauer der Elektrode l\u00e4nger ist, so dass nahtlosere und sicherere Prozesse m\u00f6glich sind.<\/p>\n<p>Wartung<\/p>\n<p>Um die Qualit\u00e4t zu erhalten und die Lebensdauer der UHP 500-Elektroden zu verl\u00e4ngern, ist eine regelm\u00e4\u00dfige Wartung erforderlich. \u00dcberpr\u00fcfen Sie sie jedoch vor der Verwendung auf Risse, Verschlei\u00df oder andere Sch\u00e4den. Die Elektroden m\u00fcssen vor direkter Sonneneinstrahlung gesch\u00fctzt an einem trockenen und sauberen Ort aufbewahrt werden. Eine routinem\u00e4\u00dfige Reinigung und eine sachgem\u00e4\u00dfe Handhabung w\u00e4hrend der Lagerung und des Transports tragen dazu bei, dass die Leistung der Elektroden konstant bleibt, so dass Sie die beste Rendite aus Ihrer Investition erzielen k\u00f6nnen.<\/p>","protected":false},"excerpt":{"rendered":"<p>UHP 500-Graphitelektroden wurden mit einer einzigartigen Materialqualit\u00e4t entwickelt, die sie widerstandsf\u00e4hig gegen Temperaturschocks und mechanische Belastungen macht. Ihre h\u00f6here Leitf\u00e4higkeit f\u00fcr elektrischen Strom ohne Verlust der Integrit\u00e4t erm\u00f6glicht eine bessere Leistung als andere Typen unter extremen Betriebsbedingungen. Mit den UHP 500-Elektroden erhalten Sie ein unvergleichlich zuverl\u00e4ssiges und leistungsf\u00e4higes Produkt, das sich besonders f\u00fcr anspruchsvolle Branchen wie die Stahlerzeugung und die Verarbeitung von Nichteisenmetallen eignet.<\/p>","protected":false},"featured_media":7025,"template":"","meta":[],"product_brand":[],"product_cat":[37],"product_tag":[],"class_list":{"0":"post-7024","1":"product","2":"type-product","3":"status-publish","4":"has-post-thumbnail","6":"product_cat-graphite-electrode","8":"first","9":"instock","10":"shipping-taxable","11":"product-type-simple"},"yoast_head":"<!-- This site is optimized with the Yoast SEO Premium plugin v19.2.1 (Yoast SEO v25.3) - https:\/\/yoast.com\/wordpress\/plugins\/seo\/ -->\n<title>500mm UHP Graphite Electrode for Arc Furnace Steelmaking<\/title>\n<meta name=\"description\" content=\"UHP 500 Graphite Electrodes Manufacturer in China. We supply high quality UHP 500mm Graphite Electrodes at the best price.\" \/>\n<meta name=\"robots\" content=\"index, follow, max-snippet:-1, max-image-preview:large, max-video-preview:-1\" \/>\n<link rel=\"canonical\" href=\"https:\/\/jinsuncarbon.com\/de\/produkt\/uhp-500-graphitelektrode\/\" \/>\n<meta property=\"og:locale\" content=\"de_DE\" \/>\n<meta property=\"og:type\" content=\"article\" \/>\n<meta property=\"og:title\" content=\"500mm UHP Graphite Electrode\" \/>\n<meta property=\"og:description\" content=\"UHP 500 Graphite Electrodes Manufacturer in China. We supply high quality UHP 500mm Graphite Electrodes at the best price.\" \/>\n<meta property=\"og:url\" content=\"https:\/\/jinsuncarbon.com\/de\/produkt\/uhp-500-graphitelektrode\/\" \/>\n<meta property=\"og:site_name\" content=\"Jinsun Carbon\" \/>\n<meta property=\"article:publisher\" content=\"https:\/\/www.facebook.com\/Graphite-Electrode-109336238661595\" \/>\n<meta property=\"article:modified_time\" content=\"2024-12-14T08:23:32+00:00\" \/>\n<meta property=\"og:image\" content=\"https:\/\/jinsuncarbon.com\/wp-content\/uploads\/2024\/12\/UHP-500-Graphite-Electrodes.jpg\" \/>\n\t<meta property=\"og:image:width\" content=\"1024\" \/>\n\t<meta property=\"og:image:height\" content=\"763\" \/>\n\t<meta property=\"og:image:type\" content=\"image\/jpeg\" \/>\n<meta name=\"twitter:card\" content=\"summary_large_image\" \/>\n<meta name=\"twitter:site\" content=\"@jinsuncarbon_\" \/>\n<meta name=\"twitter:label1\" content=\"Gesch\u00e4tzte Lesezeit\" \/>\n\t<meta name=\"twitter:data1\" content=\"3\u00a0Minuten\" \/>\n<script type=\"application\/ld+json\" class=\"yoast-schema-graph\">{\"@context\":\"https:\/\/schema.org\",\"@graph\":[{\"@type\":\"WebPage\",\"@id\":\"https:\/\/jinsuncarbon.com\/product\/uhp-500-graphite-electrode\/\",\"url\":\"https:\/\/jinsuncarbon.com\/product\/uhp-500-graphite-electrode\/\",\"name\":\"500mm UHP Graphite Electrode for Arc Furnace Steelmaking\",\"isPartOf\":{\"@id\":\"https:\/\/jinsuncarbon.com\/#website\"},\"primaryImageOfPage\":{\"@id\":\"https:\/\/jinsuncarbon.com\/product\/uhp-500-graphite-electrode\/#primaryimage\"},\"image\":{\"@id\":\"https:\/\/jinsuncarbon.com\/product\/uhp-500-graphite-electrode\/#primaryimage\"},\"thumbnailUrl\":\"https:\/\/jinsuncarbon.com\/wp-content\/uploads\/2024\/12\/UHP-500-Graphite-Electrodes.jpg\",\"datePublished\":\"2024-12-14T08:23:31+00:00\",\"dateModified\":\"2024-12-14T08:23:32+00:00\",\"description\":\"UHP 500 Graphite Electrodes Manufacturer in China. We supply high quality UHP 500mm Graphite Electrodes at the best price.\",\"breadcrumb\":{\"@id\":\"https:\/\/jinsuncarbon.com\/product\/uhp-500-graphite-electrode\/#breadcrumb\"},\"inLanguage\":\"de\",\"potentialAction\":[{\"@type\":\"ReadAction\",\"target\":[\"https:\/\/jinsuncarbon.com\/product\/uhp-500-graphite-electrode\/\"]}]},{\"@type\":\"ImageObject\",\"inLanguage\":\"de\",\"@id\":\"https:\/\/jinsuncarbon.com\/product\/uhp-500-graphite-electrode\/#primaryimage\",\"url\":\"https:\/\/jinsuncarbon.com\/wp-content\/uploads\/2024\/12\/UHP-500-Graphite-Electrodes.jpg\",\"contentUrl\":\"https:\/\/jinsuncarbon.com\/wp-content\/uploads\/2024\/12\/UHP-500-Graphite-Electrodes.jpg\",\"width\":1024,\"height\":763,\"caption\":\"UHP 500 Graphite Electrodes\"},{\"@type\":\"BreadcrumbList\",\"@id\":\"https:\/\/jinsuncarbon.com\/product\/uhp-500-graphite-electrode\/#breadcrumb\",\"itemListElement\":[{\"@type\":\"ListItem\",\"position\":1,\"name\":\"Home\",\"item\":\"https:\/\/jinsuncarbon.com\/\"},{\"@type\":\"ListItem\",\"position\":2,\"name\":\"Products\",\"item\":\"https:\/\/jinsuncarbon.com\/graphite-carbon\/\"},{\"@type\":\"ListItem\",\"position\":3,\"name\":\"500mm UHP Graphite Electrode\"}]},{\"@type\":\"WebSite\",\"@id\":\"https:\/\/jinsuncarbon.com\/#website\",\"url\":\"https:\/\/jinsuncarbon.com\/\",\"name\":\"Jinsun Carbon\",\"description\":\"We are the successful graphite electrode manufacturer in China\",\"publisher\":{\"@id\":\"https:\/\/jinsuncarbon.com\/#organization\"},\"potentialAction\":[{\"@type\":\"SearchAction\",\"target\":{\"@type\":\"EntryPoint\",\"urlTemplate\":\"https:\/\/jinsuncarbon.com\/?s={search_term_string}\"},\"query-input\":{\"@type\":\"PropertyValueSpecification\",\"valueRequired\":true,\"valueName\":\"search_term_string\"}}],\"inLanguage\":\"de\"},{\"@type\":\"Organization\",\"@id\":\"https:\/\/jinsuncarbon.com\/#organization\",\"name\":\"Jinsun Carbon\",\"alternateName\":\"Jinsun Carbon\",\"url\":\"https:\/\/jinsuncarbon.com\/\",\"logo\":{\"@type\":\"ImageObject\",\"inLanguage\":\"de\",\"@id\":\"https:\/\/jinsuncarbon.com\/#\/schema\/logo\/image\/\",\"url\":\"https:\/\/jinsuncarbon.com\/wp-content\/uploads\/2022\/12\/LOGO-1.png\",\"contentUrl\":\"https:\/\/jinsuncarbon.com\/wp-content\/uploads\/2022\/12\/LOGO-1.png\",\"width\":207,\"height\":80,\"caption\":\"Jinsun Carbon\"},\"image\":{\"@id\":\"https:\/\/jinsuncarbon.com\/#\/schema\/logo\/image\/\"},\"sameAs\":[\"https:\/\/www.facebook.com\/Graphite-Electrode-109336238661595\",\"https:\/\/x.com\/jinsuncarbon_\",\"https:\/\/www.linkedin.com\/in\/jinsungraphite\",\"https:\/\/www.youtube.com\/channel\/UCysDNyvyR5-3cCWEmpkVC0g\"]}]}<\/script>\n<!-- \/ Yoast SEO Premium plugin. -->","yoast_head_json":{"title":"500mm UHP-Graphitelektrode f\u00fcr die Stahlerzeugung im Lichtbogenofen","description":"UHP 500 Graphitelektroden Hersteller in China. Wir liefern hochwertige UHP 500mm Graphitelektroden zum besten Preis.","robots":{"index":"index","follow":"follow","max-snippet":"max-snippet:-1","max-image-preview":"max-image-preview:large","max-video-preview":"max-video-preview:-1"},"canonical":"https:\/\/jinsuncarbon.com\/de\/produkt\/uhp-500-graphitelektrode\/","og_locale":"de_DE","og_type":"article","og_title":"500mm UHP Graphite Electrode","og_description":"UHP 500 Graphite Electrodes Manufacturer in China. We supply high quality UHP 500mm Graphite Electrodes at the best price.","og_url":"https:\/\/jinsuncarbon.com\/de\/produkt\/uhp-500-graphitelektrode\/","og_site_name":"Jinsun Carbon","article_publisher":"https:\/\/www.facebook.com\/Graphite-Electrode-109336238661595","article_modified_time":"2024-12-14T08:23:32+00:00","og_image":[{"width":1024,"height":763,"url":"https:\/\/jinsuncarbon.com\/wp-content\/uploads\/2024\/12\/UHP-500-Graphite-Electrodes.jpg","type":"image\/jpeg"}],"twitter_card":"summary_large_image","twitter_site":"@jinsuncarbon_","twitter_misc":{"Gesch\u00e4tzte Lesezeit":"3\u00a0Minuten"},"schema":{"@context":"https:\/\/schema.org","@graph":[{"@type":"WebPage","@id":"https:\/\/jinsuncarbon.com\/product\/uhp-500-graphite-electrode\/","url":"https:\/\/jinsuncarbon.com\/product\/uhp-500-graphite-electrode\/","name":"500mm UHP-Graphitelektrode f\u00fcr die Stahlerzeugung im Lichtbogenofen","isPartOf":{"@id":"https:\/\/jinsuncarbon.com\/#website"},"primaryImageOfPage":{"@id":"https:\/\/jinsuncarbon.com\/product\/uhp-500-graphite-electrode\/#primaryimage"},"image":{"@id":"https:\/\/jinsuncarbon.com\/product\/uhp-500-graphite-electrode\/#primaryimage"},"thumbnailUrl":"https:\/\/jinsuncarbon.com\/wp-content\/uploads\/2024\/12\/UHP-500-Graphite-Electrodes.jpg","datePublished":"2024-12-14T08:23:31+00:00","dateModified":"2024-12-14T08:23:32+00:00","description":"UHP 500 Graphitelektroden Hersteller in China. Wir liefern hochwertige UHP 500mm Graphitelektroden zum besten Preis.","breadcrumb":{"@id":"https:\/\/jinsuncarbon.com\/product\/uhp-500-graphite-electrode\/#breadcrumb"},"inLanguage":"de","potentialAction":[{"@type":"ReadAction","target":["https:\/\/jinsuncarbon.com\/product\/uhp-500-graphite-electrode\/"]}]},{"@type":"ImageObject","inLanguage":"de","@id":"https:\/\/jinsuncarbon.com\/product\/uhp-500-graphite-electrode\/#primaryimage","url":"https:\/\/jinsuncarbon.com\/wp-content\/uploads\/2024\/12\/UHP-500-Graphite-Electrodes.jpg","contentUrl":"https:\/\/jinsuncarbon.com\/wp-content\/uploads\/2024\/12\/UHP-500-Graphite-Electrodes.jpg","width":1024,"height":763,"caption":"UHP 500 Graphite Electrodes"},{"@type":"BreadcrumbList","@id":"https:\/\/jinsuncarbon.com\/product\/uhp-500-graphite-electrode\/#breadcrumb","itemListElement":[{"@type":"ListItem","position":1,"name":"Home","item":"https:\/\/jinsuncarbon.com\/"},{"@type":"ListItem","position":2,"name":"Products","item":"https:\/\/jinsuncarbon.com\/graphite-carbon\/"},{"@type":"ListItem","position":3,"name":"500mm UHP Graphite Electrode"}]},{"@type":"WebSite","@id":"https:\/\/jinsuncarbon.com\/#website","url":"https:\/\/jinsuncarbon.com\/","name":"Jinsun Kohlenstoff","description":"Wir sind der erfolgreiche Hersteller von Graphitelektroden in China","publisher":{"@id":"https:\/\/jinsuncarbon.com\/#organization"},"potentialAction":[{"@type":"SearchAction","target":{"@type":"EntryPoint","urlTemplate":"https:\/\/jinsuncarbon.com\/?s={search_term_string}"},"query-input":{"@type":"PropertyValueSpecification","valueRequired":true,"valueName":"search_term_string"}}],"inLanguage":"de"},{"@type":"Organization","@id":"https:\/\/jinsuncarbon.com\/#organization","name":"Jinsun Kohlenstoff","alternateName":"Jinsun Carbon","url":"https:\/\/jinsuncarbon.com\/","logo":{"@type":"ImageObject","inLanguage":"de","@id":"https:\/\/jinsuncarbon.com\/#\/schema\/logo\/image\/","url":"https:\/\/jinsuncarbon.com\/wp-content\/uploads\/2022\/12\/LOGO-1.png","contentUrl":"https:\/\/jinsuncarbon.com\/wp-content\/uploads\/2022\/12\/LOGO-1.png","width":207,"height":80,"caption":"Jinsun Carbon"},"image":{"@id":"https:\/\/jinsuncarbon.com\/#\/schema\/logo\/image\/"},"sameAs":["https:\/\/www.facebook.com\/Graphite-Electrode-109336238661595","https:\/\/x.com\/jinsuncarbon_","https:\/\/www.linkedin.com\/in\/jinsungraphite","https:\/\/www.youtube.com\/channel\/UCysDNyvyR5-3cCWEmpkVC0g"]}]}},"_links":{"self":[{"href":"https:\/\/jinsuncarbon.com\/de\/wp-json\/wp\/v2\/product\/7024","targetHints":{"allow":["GET"]}}],"collection":[{"href":"https:\/\/jinsuncarbon.com\/de\/wp-json\/wp\/v2\/product"}],"about":[{"href":"https:\/\/jinsuncarbon.com\/de\/wp-json\/wp\/v2\/types\/product"}],"wp:featuredmedia":[{"embeddable":true,"href":"https:\/\/jinsuncarbon.com\/de\/wp-json\/wp\/v2\/media\/7025"}],"wp:attachment":[{"href":"https:\/\/jinsuncarbon.com\/de\/wp-json\/wp\/v2\/media?parent=7024"}],"wp:term":[{"taxonomy":"product_brand","embeddable":true,"href":"https:\/\/jinsuncarbon.com\/de\/wp-json\/wp\/v2\/product_brand?post=7024"},{"taxonomy":"product_cat","embeddable":true,"href":"https:\/\/jinsuncarbon.com\/de\/wp-json\/wp\/v2\/product_cat?post=7024"},{"taxonomy":"product_tag","embeddable":true,"href":"https:\/\/jinsuncarbon.com\/de\/wp-json\/wp\/v2\/product_tag?post=7024"}],"curies":[{"name":"wp","href":"https:\/\/api.w.org\/{rel}","templated":true}]}}