{"id":6976,"date":"2024-12-09T14:04:51","date_gmt":"2024-12-09T14:04:51","guid":{"rendered":"https:\/\/jinsuncarbon.com\/?post_type=product&#038;p=6976"},"modified":"2024-12-14T10:19:43","modified_gmt":"2024-12-14T10:19:43","slug":"graphit-erdol-koks","status":"publish","type":"product","link":"https:\/\/jinsuncarbon.com\/de\/produkt\/graphit-erdol-koks\/","title":{"rendered":"Graphit Petrolkoks"},"content":{"rendered":"<h2 class=\"elementor-heading-title elementor-size-default\">Graphit Petrolkoks Hersteller<\/h2>\n<p>&nbsp;<\/p>\n<p>Graphit-Erd\u00f6lkoks hat viele Vorteile, die ihn zu einem beliebten Produkt in vielen Industriezweigen machen.<\/p>\n<p><strong>Hohe elektrische Leitf\u00e4higkeit<\/strong><\/p>\n<p>Es hat eine hohe elektrische Leitf\u00e4higkeit, kann Strom effektiv leiten und eignet sich gut f\u00fcr einige Anwendungsszenarien, die eine gute elektrische Leitf\u00e4higkeit erfordern.<\/p>\n<p><strong>Gute thermische Stabilit\u00e4t<\/strong><\/p>\n<p>Es hat auch eine gute thermische Stabilit\u00e4t, kann die relative Stabilit\u00e4t der Struktur in der Hochtemperatur-Umgebung zu erhalten, ist nicht leicht zu verformen oder Zersetzung, kann einen gro\u00dfen Temperaturbereich zu widerstehen, von normaler Temperatur zu h\u00f6heren Temperaturbereich kann normal verwendet werden.<\/p>\n<p><strong>Chemische Stabilit\u00e4t<\/strong><\/p>\n<p>Auch die chemische Stabilit\u00e4t von Graphitpetrolkoks ist relativ hervorragend, da er der Erosion einer Vielzahl von chemischen Substanzen widerstehen kann und auch in einigen korrosiven Medien stabil bleibt.<\/p>\n<p><strong>Gute Dichte<\/strong><\/p>\n<p>Dar\u00fcber hinaus ist seine Dichte relativ moderat, was eine gewisse Qualit\u00e4t und Festigkeit gew\u00e4hrleistet, ohne zu schwer zu sein, und sich gut f\u00fcr die Verarbeitung und Anwendung in verschiedenen Industrieanlagen und -prozessen eignet.<\/p>\n<h2>Spezifikationen von Graphit-Erd\u00f6lkoks<\/h2>\n<table style=\"height: 355px;\" width=\"413\">\n<tbody>\n<tr>\n<td colspan=\"2\" width=\"550\">Graphitierter kalzinierter Petrolkoks (GPC)<\/td>\n<\/tr>\n<tr>\n<td width=\"197\">Granularit\u00e4t<\/td>\n<td>1-3, 1-5, 3-8, 8-26 mm<\/td>\n<\/tr>\n<tr>\n<td width=\"197\">Fester Kohlenstoff<\/td>\n<td>\u2265 98.5%<\/td>\n<\/tr>\n<tr>\n<td width=\"197\">Schwefel<\/td>\n<td>&lt;0,05%<\/td>\n<\/tr>\n<tr>\n<td width=\"197\">Esche<\/td>\n<td>&lt;0,5%<\/td>\n<\/tr>\n<tr>\n<td width=\"197\">V.M<\/td>\n<td>&lt;0,5%<\/td>\n<\/tr>\n<\/tbody>\n<\/table>\n<p>&nbsp;<\/p>\n<p>F\u00fcr jedes Graphitpetrolkoks-Produkt stellen wir einen detaillierten Qualit\u00e4tspr\u00fcfungsbericht zur Verf\u00fcgung, der auch den Aschegehalt, den Gehalt an fl\u00fcchtigen Bestandteilen, den spezifischen Widerstand und andere wichtige Leistungsindikatoren enth\u00e4lt, so dass die Benutzer nach ihren eigenen Bed\u00fcrfnissen ausw\u00e4hlen k\u00f6nnen.<\/p>\n<h2>Produktionsprozess<\/h2>\n<p>Die Herstellung von Graphit-Erd\u00f6lkoks ist ein komplexer und heikler Prozess, der mehrere wichtige Schritte umfasst:<\/p>\n<p>Schritt 1: Vorbehandlung des Rohmaterials<\/p>\n<p>Zun\u00e4chst sollten die Rohstoffe f\u00fcr Petrolkoks gesiebt und vorbehandelt werden, um Verunreinigungen und gro\u00dfe Inhomogenit\u00e4ten zu entfernen. Dieser Schritt ist wichtig, um die Qualit\u00e4tsstabilit\u00e4t der sp\u00e4teren Produkte zu gew\u00e4hrleisten. In der Regel wird eine Kombination aus mechanischer Siebung und physikalischer Reinigung eingesetzt, um die Verunreinigungen, die nicht den Anforderungen entsprechen, abzutrennen, so dass der Rohstoff eine bestimmte Reinheit und Partikelgr\u00f6\u00dfe erreichen kann.<\/p>\n<p>Schritt 2: Kalzinierung bei hoher Temperatur<\/p>\n<p>Das vorbehandelte Petrolkoks-Rohmaterial wird in den Hochtemperatur-Kalzinierofen zur <a href=\"https:\/\/en.wikipedia.org\/wiki\/Calcination\" target=\"_blank\" rel=\"noopener\">Kalzinieren<\/a>. Die Kalzinierungstemperatur liegt in der Regel zwischen 1200\u00b0C und 1500\u00b0C. Bei diesem Prozess wird eine gro\u00dfe Menge fl\u00fcchtiger Stoffe aus dem Petrolkoks entfernt, w\u00e4hrend sich seine Struktur \u00e4ndert und allm\u00e4hlich in eine graphitierte Struktur \u00fcbergeht. Die Hochtemperaturkalzinierung kann die Dichte und Festigkeit von Petrolkoks weiter erh\u00f6hen und seine elektrische Leitf\u00e4higkeit und thermische Stabilit\u00e4t verbessern.<\/p>\n<p>Schritt 3: Graphitierung<\/p>\n<p>Der kalzinierte Petrolkoks muss au\u00dferdem graphitiert werden. Dieser Schritt wird in einer <a href=\"https:\/\/vacuum-furnaces.com\/graphitization-furnaces\/\" target=\"_blank\" rel=\"noopener\">Graphitierungsofen<\/a> bei einer h\u00f6heren Temperatur, die 2500\u00b0C - 3000\u00b0C erreichen kann. In einer solchen Hochtemperaturumgebung werden die Kohlenstoff-Kohlenstoff-Bindungen im Petrolkoks weiter umgeordnet und optimiert, so dass ein besser strukturierter Graphitkristall entsteht <a href=\"https:\/\/jinsuncarbon.com\/de\/graphitstruktur\/\">Struktur<\/a>Dadurch wird der Graphitierungsgrad deutlich erh\u00f6ht, was zu einer erheblichen Verbesserung der Schl\u00fcsseleigenschaften, wie z. B. der elektrischen Leitf\u00e4higkeit und der thermischen Stabilit\u00e4t, f\u00fchrt, so dass es die strengen Anforderungen von industriellen High-End-Anwendungen erf\u00fcllen kann.<\/p>\n<h2>Verwendung von Graphitpetrolkoks<\/h2>\n<p><strong>Eisen- und Stahlmetallurgische Industrie:<\/strong><\/p>\n<p>Sie kann die <a href=\"https:\/\/jinsuncarbon.com\/de\/verwendung-von-kohlenstoff\/\">Kohlenstoff<\/a> Gehalt beim Schmelzen und Gie\u00dfen von Stahl. Au\u00dferdem kann es die Menge an Stahlschrott erh\u00f6hen und die Menge an Roheisen reduzieren. Mit guter elektrischer Leitf\u00e4higkeit, effizienter Umwandlung von elektrischer Energie in W\u00e4rmeenergie, F\u00f6rderung der Stahlschmelze Prozess.<\/p>\n<p><strong>Aluminium-Elektrolyse-Industrie:<\/strong><\/p>\n<p>Anodenmaterial f\u00fcr die Herstellung elektrolytischer Zellen.<\/p>\n<p>Stabiler Leitungsstrom w\u00e4hrend der Elektrolyse, der auch bei hohen Temperaturen und in einer stark korrosiven Elektrolytumgebung eine gute Leistung gew\u00e4hrleistet.<\/p>\n<p><strong>Chemische Industrie:<\/strong><\/p>\n<p>Herstellung von hochtemperatur- und korrosionsbest\u00e4ndigen Auskleidungsmaterialien f\u00fcr Reaktionsbeh\u00e4lter. Wie die Herstellung von Kalziumkarbid, Siliziumkarbid, etc. Sch\u00fctzen Sie den Beh\u00e4lterk\u00f6rper wirksam vor der Erosion durch chemische Reaktionen.<\/p>\n<p><strong>Hochwertiger feuerfester Bereich:<\/strong><\/p>\n<p>Es kann die Leistung von feuerfesten Materialien verbessern, die Lebensdauer verl\u00e4ngern und den sicheren und stabilen Betrieb der industriellen Hochtemperaturproduktion gew\u00e4hrleisten.<\/p>","protected":false},"excerpt":{"rendered":"<p>Graphit-Erd\u00f6lkoks (GPC) wird auch als graphitierter Erd\u00f6lkoks bezeichnet. Er ist ein wichtiges Kohlenstoffmaterial und ein Nebenprodukt der Erd\u00f6lverarbeitung. Nach einem speziellen Verfahren bildet er ein Material mit einzigartigen Eigenschaften. Er liegt oft in Block- oder Granulatform vor, hat meist eine silbergraue oder schwarze Farbe, einen hohen Kohlenstoffgehalt und einen gewissen Grad an Graphitierung.<\/p>","protected":false},"featured_media":6978,"template":"","meta":[],"product_brand":[],"product_cat":[40],"product_tag":[],"class_list":{"0":"post-6976","1":"product","2":"type-product","3":"status-publish","4":"has-post-thumbnail","6":"product_cat-petroleum-coke","8":"first","9":"instock","10":"virtual","11":"product-type-simple"},"yoast_head":"<!-- This site is optimized with the Yoast SEO Premium plugin v19.2.1 (Yoast SEO v25.3) - https:\/\/yoast.com\/wordpress\/plugins\/seo\/ -->\n<title>Graphite Petroleum Coke Manufacturer in China - Best Price| Jinsun Carbon<\/title>\n<meta name=\"description\" content=\"China Graphite Petroleum Coke GPC manufacturer, graphitized petroleum coke recarburizer for metallurgical casting industry.\" \/>\n<meta name=\"robots\" content=\"index, follow, max-snippet:-1, max-image-preview:large, max-video-preview:-1\" \/>\n<link rel=\"canonical\" href=\"https:\/\/jinsuncarbon.com\/de\/produkt\/graphit-erdol-koks\/\" \/>\n<meta property=\"og:locale\" content=\"de_DE\" \/>\n<meta property=\"og:type\" content=\"article\" \/>\n<meta property=\"og:title\" content=\"Graphite Petroleum Coke\" \/>\n<meta property=\"og:description\" content=\"China Graphite Petroleum Coke GPC manufacturer, graphitized petroleum coke recarburizer for metallurgical casting industry.\" \/>\n<meta property=\"og:url\" content=\"https:\/\/jinsuncarbon.com\/de\/produkt\/graphit-erdol-koks\/\" \/>\n<meta property=\"og:site_name\" content=\"Jinsun Carbon\" \/>\n<meta property=\"article:publisher\" content=\"https:\/\/www.facebook.com\/Graphite-Electrode-109336238661595\" \/>\n<meta property=\"article:modified_time\" content=\"2024-12-14T10:19:43+00:00\" \/>\n<meta property=\"og:image\" content=\"https:\/\/jinsuncarbon.com\/wp-content\/uploads\/2024\/12\/Graphite-petroleum-coke.jpg\" \/>\n\t<meta property=\"og:image:width\" content=\"1024\" \/>\n\t<meta property=\"og:image:height\" content=\"763\" \/>\n\t<meta property=\"og:image:type\" content=\"image\/jpeg\" \/>\n<meta name=\"twitter:card\" content=\"summary_large_image\" \/>\n<meta name=\"twitter:site\" content=\"@jinsuncarbon_\" \/>\n<meta name=\"twitter:label1\" content=\"Gesch\u00e4tzte Lesezeit\" \/>\n\t<meta name=\"twitter:data1\" content=\"3\u00a0Minuten\" \/>\n<script type=\"application\/ld+json\" class=\"yoast-schema-graph\">{\"@context\":\"https:\/\/schema.org\",\"@graph\":[{\"@type\":\"WebPage\",\"@id\":\"https:\/\/jinsuncarbon.com\/product\/graphite-petroleum-coke\/\",\"url\":\"https:\/\/jinsuncarbon.com\/product\/graphite-petroleum-coke\/\",\"name\":\"Graphite Petroleum Coke Manufacturer in China - Best Price| Jinsun Carbon\",\"isPartOf\":{\"@id\":\"https:\/\/jinsuncarbon.com\/#website\"},\"primaryImageOfPage\":{\"@id\":\"https:\/\/jinsuncarbon.com\/product\/graphite-petroleum-coke\/#primaryimage\"},\"image\":{\"@id\":\"https:\/\/jinsuncarbon.com\/product\/graphite-petroleum-coke\/#primaryimage\"},\"thumbnailUrl\":\"https:\/\/jinsuncarbon.com\/wp-content\/uploads\/2024\/12\/Graphite-petroleum-coke.jpg\",\"datePublished\":\"2024-12-09T14:04:51+00:00\",\"dateModified\":\"2024-12-14T10:19:43+00:00\",\"description\":\"China Graphite Petroleum Coke GPC manufacturer, graphitized petroleum coke recarburizer for metallurgical casting industry.\",\"breadcrumb\":{\"@id\":\"https:\/\/jinsuncarbon.com\/product\/graphite-petroleum-coke\/#breadcrumb\"},\"inLanguage\":\"de\",\"potentialAction\":[{\"@type\":\"ReadAction\",\"target\":[\"https:\/\/jinsuncarbon.com\/product\/graphite-petroleum-coke\/\"]}]},{\"@type\":\"ImageObject\",\"inLanguage\":\"de\",\"@id\":\"https:\/\/jinsuncarbon.com\/product\/graphite-petroleum-coke\/#primaryimage\",\"url\":\"https:\/\/jinsuncarbon.com\/wp-content\/uploads\/2024\/12\/Graphite-petroleum-coke.jpg\",\"contentUrl\":\"https:\/\/jinsuncarbon.com\/wp-content\/uploads\/2024\/12\/Graphite-petroleum-coke.jpg\",\"width\":1024,\"height\":763,\"caption\":\"Graphite petroleum coke\"},{\"@type\":\"BreadcrumbList\",\"@id\":\"https:\/\/jinsuncarbon.com\/product\/graphite-petroleum-coke\/#breadcrumb\",\"itemListElement\":[{\"@type\":\"ListItem\",\"position\":1,\"name\":\"Home\",\"item\":\"https:\/\/jinsuncarbon.com\/\"},{\"@type\":\"ListItem\",\"position\":2,\"name\":\"Products\",\"item\":\"https:\/\/jinsuncarbon.com\/graphite-carbon\/\"},{\"@type\":\"ListItem\",\"position\":3,\"name\":\"Graphite Petroleum Coke\"}]},{\"@type\":\"WebSite\",\"@id\":\"https:\/\/jinsuncarbon.com\/#website\",\"url\":\"https:\/\/jinsuncarbon.com\/\",\"name\":\"Jinsun Carbon\",\"description\":\"We are the successful graphite electrode manufacturer in China\",\"publisher\":{\"@id\":\"https:\/\/jinsuncarbon.com\/#organization\"},\"potentialAction\":[{\"@type\":\"SearchAction\",\"target\":{\"@type\":\"EntryPoint\",\"urlTemplate\":\"https:\/\/jinsuncarbon.com\/?s={search_term_string}\"},\"query-input\":{\"@type\":\"PropertyValueSpecification\",\"valueRequired\":true,\"valueName\":\"search_term_string\"}}],\"inLanguage\":\"de\"},{\"@type\":\"Organization\",\"@id\":\"https:\/\/jinsuncarbon.com\/#organization\",\"name\":\"Jinsun Carbon\",\"alternateName\":\"Jinsun Carbon\",\"url\":\"https:\/\/jinsuncarbon.com\/\",\"logo\":{\"@type\":\"ImageObject\",\"inLanguage\":\"de\",\"@id\":\"https:\/\/jinsuncarbon.com\/#\/schema\/logo\/image\/\",\"url\":\"https:\/\/jinsuncarbon.com\/wp-content\/uploads\/2022\/12\/LOGO-1.png\",\"contentUrl\":\"https:\/\/jinsuncarbon.com\/wp-content\/uploads\/2022\/12\/LOGO-1.png\",\"width\":207,\"height\":80,\"caption\":\"Jinsun Carbon\"},\"image\":{\"@id\":\"https:\/\/jinsuncarbon.com\/#\/schema\/logo\/image\/\"},\"sameAs\":[\"https:\/\/www.facebook.com\/Graphite-Electrode-109336238661595\",\"https:\/\/x.com\/jinsuncarbon_\",\"https:\/\/www.linkedin.com\/in\/jinsungraphite\",\"https:\/\/www.youtube.com\/channel\/UCysDNyvyR5-3cCWEmpkVC0g\"]}]}<\/script>\n<!-- \/ Yoast SEO Premium plugin. -->","yoast_head_json":{"title":"Graphit Petrolkoks Hersteller in China - Bester Preis| Jinsun Carbon","description":"China Graphit Petrolkoks GPC Hersteller, graphitierter Petrolkoks Recarburizer f\u00fcr die metallurgische Gussindustrie.","robots":{"index":"index","follow":"follow","max-snippet":"max-snippet:-1","max-image-preview":"max-image-preview:large","max-video-preview":"max-video-preview:-1"},"canonical":"https:\/\/jinsuncarbon.com\/de\/produkt\/graphit-erdol-koks\/","og_locale":"de_DE","og_type":"article","og_title":"Graphite Petroleum Coke","og_description":"China Graphite Petroleum Coke GPC manufacturer, graphitized petroleum coke recarburizer for metallurgical casting industry.","og_url":"https:\/\/jinsuncarbon.com\/de\/produkt\/graphit-erdol-koks\/","og_site_name":"Jinsun Carbon","article_publisher":"https:\/\/www.facebook.com\/Graphite-Electrode-109336238661595","article_modified_time":"2024-12-14T10:19:43+00:00","og_image":[{"width":1024,"height":763,"url":"https:\/\/jinsuncarbon.com\/wp-content\/uploads\/2024\/12\/Graphite-petroleum-coke.jpg","type":"image\/jpeg"}],"twitter_card":"summary_large_image","twitter_site":"@jinsuncarbon_","twitter_misc":{"Gesch\u00e4tzte Lesezeit":"3\u00a0Minuten"},"schema":{"@context":"https:\/\/schema.org","@graph":[{"@type":"WebPage","@id":"https:\/\/jinsuncarbon.com\/product\/graphite-petroleum-coke\/","url":"https:\/\/jinsuncarbon.com\/product\/graphite-petroleum-coke\/","name":"Graphit Petrolkoks Hersteller in China - Bester Preis| Jinsun Carbon","isPartOf":{"@id":"https:\/\/jinsuncarbon.com\/#website"},"primaryImageOfPage":{"@id":"https:\/\/jinsuncarbon.com\/product\/graphite-petroleum-coke\/#primaryimage"},"image":{"@id":"https:\/\/jinsuncarbon.com\/product\/graphite-petroleum-coke\/#primaryimage"},"thumbnailUrl":"https:\/\/jinsuncarbon.com\/wp-content\/uploads\/2024\/12\/Graphite-petroleum-coke.jpg","datePublished":"2024-12-09T14:04:51+00:00","dateModified":"2024-12-14T10:19:43+00:00","description":"China Graphit Petrolkoks GPC Hersteller, graphitierter Petrolkoks Recarburizer f\u00fcr die metallurgische Gussindustrie.","breadcrumb":{"@id":"https:\/\/jinsuncarbon.com\/product\/graphite-petroleum-coke\/#breadcrumb"},"inLanguage":"de","potentialAction":[{"@type":"ReadAction","target":["https:\/\/jinsuncarbon.com\/product\/graphite-petroleum-coke\/"]}]},{"@type":"ImageObject","inLanguage":"de","@id":"https:\/\/jinsuncarbon.com\/product\/graphite-petroleum-coke\/#primaryimage","url":"https:\/\/jinsuncarbon.com\/wp-content\/uploads\/2024\/12\/Graphite-petroleum-coke.jpg","contentUrl":"https:\/\/jinsuncarbon.com\/wp-content\/uploads\/2024\/12\/Graphite-petroleum-coke.jpg","width":1024,"height":763,"caption":"Graphite petroleum coke"},{"@type":"BreadcrumbList","@id":"https:\/\/jinsuncarbon.com\/product\/graphite-petroleum-coke\/#breadcrumb","itemListElement":[{"@type":"ListItem","position":1,"name":"Home","item":"https:\/\/jinsuncarbon.com\/"},{"@type":"ListItem","position":2,"name":"Products","item":"https:\/\/jinsuncarbon.com\/graphite-carbon\/"},{"@type":"ListItem","position":3,"name":"Graphite Petroleum Coke"}]},{"@type":"WebSite","@id":"https:\/\/jinsuncarbon.com\/#website","url":"https:\/\/jinsuncarbon.com\/","name":"Jinsun Kohlenstoff","description":"Wir sind der erfolgreiche Hersteller von Graphitelektroden in China","publisher":{"@id":"https:\/\/jinsuncarbon.com\/#organization"},"potentialAction":[{"@type":"SearchAction","target":{"@type":"EntryPoint","urlTemplate":"https:\/\/jinsuncarbon.com\/?s={search_term_string}"},"query-input":{"@type":"PropertyValueSpecification","valueRequired":true,"valueName":"search_term_string"}}],"inLanguage":"de"},{"@type":"Organization","@id":"https:\/\/jinsuncarbon.com\/#organization","name":"Jinsun Kohlenstoff","alternateName":"Jinsun Carbon","url":"https:\/\/jinsuncarbon.com\/","logo":{"@type":"ImageObject","inLanguage":"de","@id":"https:\/\/jinsuncarbon.com\/#\/schema\/logo\/image\/","url":"https:\/\/jinsuncarbon.com\/wp-content\/uploads\/2022\/12\/LOGO-1.png","contentUrl":"https:\/\/jinsuncarbon.com\/wp-content\/uploads\/2022\/12\/LOGO-1.png","width":207,"height":80,"caption":"Jinsun Carbon"},"image":{"@id":"https:\/\/jinsuncarbon.com\/#\/schema\/logo\/image\/"},"sameAs":["https:\/\/www.facebook.com\/Graphite-Electrode-109336238661595","https:\/\/x.com\/jinsuncarbon_","https:\/\/www.linkedin.com\/in\/jinsungraphite","https:\/\/www.youtube.com\/channel\/UCysDNyvyR5-3cCWEmpkVC0g"]}]}},"_links":{"self":[{"href":"https:\/\/jinsuncarbon.com\/de\/wp-json\/wp\/v2\/product\/6976","targetHints":{"allow":["GET"]}}],"collection":[{"href":"https:\/\/jinsuncarbon.com\/de\/wp-json\/wp\/v2\/product"}],"about":[{"href":"https:\/\/jinsuncarbon.com\/de\/wp-json\/wp\/v2\/types\/product"}],"wp:featuredmedia":[{"embeddable":true,"href":"https:\/\/jinsuncarbon.com\/de\/wp-json\/wp\/v2\/media\/6978"}],"wp:attachment":[{"href":"https:\/\/jinsuncarbon.com\/de\/wp-json\/wp\/v2\/media?parent=6976"}],"wp:term":[{"taxonomy":"product_brand","embeddable":true,"href":"https:\/\/jinsuncarbon.com\/de\/wp-json\/wp\/v2\/product_brand?post=6976"},{"taxonomy":"product_cat","embeddable":true,"href":"https:\/\/jinsuncarbon.com\/de\/wp-json\/wp\/v2\/product_cat?post=6976"},{"taxonomy":"product_tag","embeddable":true,"href":"https:\/\/jinsuncarbon.com\/de\/wp-json\/wp\/v2\/product_tag?post=6976"}],"curies":[{"name":"wp","href":"https:\/\/api.w.org\/{rel}","templated":true}]}}