{"id":6950,"date":"2024-12-08T14:57:46","date_gmt":"2024-12-08T14:57:46","guid":{"rendered":"https:\/\/jinsuncarbon.com\/?post_type=product&#038;p=6950"},"modified":"2024-12-09T14:48:29","modified_gmt":"2024-12-09T14:48:29","slug":"graphitfolie","status":"publish","type":"product","link":"https:\/\/jinsuncarbon.com\/de\/produkt\/graphitfolie\/","title":{"rendered":"Graphit-Folie"},"content":{"rendered":"<h2 class=\"ql-align-justify\">Graphitfolienlieferanten<\/h2>\n<h3 class=\"ql-align-justify\">Klassifiziert nach Reinheit<\/h3>\n<p class=\"ql-align-justify\">Graphitfolie mit Standardreinheit. Der Kohlenstoffgehalt betr\u00e4gt im Allgemeinen etwa 99%.\u00a0<span data-type=\"2\" data-index=\"3\" data-gid=\"1\">Mit dieser Art von Graphitfolie k\u00f6nnen Sie die Anforderungen der meisten g\u00e4ngigen industriellen Anwendungen erf\u00fcllen.<\/span>\u00a0Die Kosten sind relativ g\u00fcnstig und eignen sich f\u00fcr allgemeine W\u00e4rmemanagement- und mechanische Dichtungsszenarien.<\/p>\n<p class=\"ql-align-justify\">Hochreine Graphitfolie. Der Kohlenstoffgehalt erreicht ca. 99,5%, manchmal auch als Graphitfolie in Nuklearqualit\u00e4t bekannt. Sie k\u00f6nnen diese hochreine Graphitfolie in Umgebungen verwenden, in denen die Reinheit entscheidend ist. Zum Beispiel als Neutronenmoderator oder als Reflektormaterial in der Nuklearindustrie.<\/p>\n<h3 class=\"ql-align-justify\">Klassifizierung nach Form<\/h3>\n<p class=\"ql-align-justify\">Flockenf\u00f6rmige Graphitfolie. Dies ist eine h\u00e4ufigere Form, ihre Form ist regelm\u00e4\u00dfig, leicht zu schneiden und zu verarbeiten. Sie eignet sich f\u00fcr die Herstellung von K\u00fchlk\u00f6rpern oder kleinen Dichtungen f\u00fcr kleine elektronische Ger\u00e4te. Wir k\u00f6nnen die Flockengraphitfolie direkt nach den spezifischen Gr\u00f6\u00dfenanforderungen zuschneiden, um die spezifischen Form- und Gr\u00f6\u00dfenanforderungen zu erf\u00fcllen.<\/p>\n<p class=\"ql-align-justify\"><span data-type=\"2\" data-index=\"5\" data-gid=\"2\">Scheibe Graphitfolie.<\/span> Diese Form ist f\u00fcr den Einsatz in einigen Anwendungen, die Wicklung oder Wicklung erfordern geeignet. Es kann leicht gewickelt werden Betrieb, w\u00e4hrend seine thermischen und isolierenden Eigenschaften spielen, um den stabilen Betrieb der Spule zu gew\u00e4hrleisten.<\/p>\n<p class=\"ql-align-justify\">Gerollte Graphitfolie. Sie ist leicht zu lagern, zu transportieren und in gro\u00dfem Umfang zu verwenden. Wenn in der industriellen Produktion eine gro\u00dfe Anzahl von Graphitfolien ben\u00f6tigt wird, k\u00f6nnen gewalzte Graphitfolien durch kontinuierliche Verarbeitungsmethoden effizient in Endprodukte umgewandelt werden.<\/p>\n<h2 class=\"ql-align-justify\">Verwendungen von Graphitfolie<\/h2>\n<p class=\"ql-align-justify\"><strong>Elektronischer und elektrischer Bereich<\/strong><\/p>\n<p class=\"ql-align-justify\">W\u00e4rmeableitung. Elektronische Ger\u00e4te erzeugen w\u00e4hrend des Betriebs eine Menge W\u00e4rme. Graphitfolie hat eine hohe W\u00e4rmeleitf\u00e4higkeit. Sie kann W\u00e4rme schnell ableiten, die Ger\u00e4tetemperatur effektiv senken und die Leistung und Stabilit\u00e4t verbessern.<\/p>\n<p class=\"ql-align-justify\"><strong>Energiefeld<\/strong><\/p>\n<p class=\"ql-align-justify\">Brennstoffzellen. In Brennstoffzellen k\u00f6nnen Graphitfolien als Bipolarplatten verwendet werden, um Brennstoff und Oxidationsmittel zu trennen, Strom zu sammeln und zu leiten. Und Membranelektroden tragen.<\/p>\n<p class=\"ql-align-justify\">Solarzellen. Elektroden oder Fl\u00fcssigkeitskollektoren, die f\u00fcr Solarzellen verwendet werden k\u00f6nnen. Seine gute elektrische Leitf\u00e4higkeit und chemische Stabilit\u00e4t tragen zur Verbesserung der photoelektrischen Umwandlungseffizienz und der Stabilit\u00e4t von Solarzellen bei.<\/p>\n<p class=\"ql-align-justify\"><strong>Mechanische Industrie<\/strong><\/p>\n<p class=\"ql-align-justify\">Dichtungsmaterial. Es hat eine ausgezeichnete Flexibilit\u00e4t, Korrosionsbest\u00e4ndigkeit und hohe Temperaturstabilit\u00e4t. Graphitfolie ist das ideale Material f\u00fcr die Herstellung von mechanischen Dichtungen, Dichtungen. Es ist weit verbreitet in der Automobil-, Erd\u00f6l-, Chemie-, Papier-und anderen Industrien von Rohren, Pumpen, Ventile und andere Ger\u00e4te Dichtung verwendet. Denn es kann effektiv verhindern, dass Fl\u00fcssigkeit, Gas austreten.<\/p>\n<p class=\"ql-align-justify\">Schmierendes Material. Aufgrund der Schichtstruktur der Graphitfolie hat sie einen niedrigen Reibungskoeffizienten. Sie kann als Feststoff verwendet werden <a href=\"https:\/\/en.wikipedia.org\/wiki\/Lubricant\" target=\"_blank\" rel=\"noopener\">Schmiermittel<\/a> zur Schmierung mechanischer Teile, zur Verringerung von Reibung und Verschlei\u00df und zur Verbesserung der mechanischen Leistungsf\u00e4higkeit.<\/p>\n<p class=\"ql-align-justify\"><strong>Chemische Industrie<\/strong><\/p>\n<p class=\"ql-align-justify\">Anti-Korrosions-Auskleidung. Sie k\u00f6nnen es als Auskleidungsmaterial f\u00fcr chemische Beh\u00e4lter, Reaktoren usw. verwenden. Um zu verhindern, dass das korrosive Medium im Beh\u00e4lter die Ausr\u00fcstung angreift, und um die Lebensdauer der Ausr\u00fcstung zu verl\u00e4ngern.<\/p>\n<p class=\"ql-align-justify\">Elektrolytische Zellelektrode. Beim elektrolytischen Verfahren wird Graphitfolie als <a href=\"https:\/\/jinsuncarbon.com\/de\/produkt\/graphitstab-elektrode\/\">Elektrode<\/a> kann hohen Temperaturen, starken S\u00e4uren und Laugen und anderen rauen Umgebungen standhalten. Dies kann die elektrolytische Effizienz und die Produktqualit\u00e4t verbessern.<\/p>\n<h2 class=\"ql-align-justify\">Vorteile von flexiblem Graphit<\/h2>\n<p class=\"ql-align-justify\">Im Allgemeinen hat die Graphitfolie die Form einer Schuppe, einer Scheibe oder einer Rolle. Ihre Vorteile sind erheblich.<\/p>\n<p class=\"ql-align-justify\">Mit \u00fcberlegener thermischer Stabilit\u00e4t kann es in einem weiten Temperaturbereich von -200\u00b0C bis ca. 450\u00b0C stabil sein; die Oberfl\u00e4che ist stark reflektierend und stellt eine ausgezeichnete W\u00e4rmebarriere dar; die chemischen Eigenschaften sind inert; niedriger Reibungskoeffizient, kann als selbstschmierende Folie verwendet werden; leicht zu formen oder zu schneiden; sehr haltbar;<\/p>\n<p class=\"ql-align-justify\">Graphitfolien verf\u00fcgen \u00fcber eine hervorragende W\u00e4rmeleitf\u00e4higkeit, die es ihnen erm\u00f6glicht, W\u00e4rme schnell zu leiten. Dies ist in vielen Bereichen entscheidend <a href=\"https:\/\/en.wikipedia.org\/wiki\/Thermal_management_(electronics)\" target=\"_blank\" rel=\"noopener\">W\u00e4rmemanagement<\/a> Anwendungen. Die gute Leitf\u00e4higkeit der Graphitfolie macht sie auch zu einem potenziellen Einsatz in der Elektronik und Elektrotechnik. Zum Beispiel in einigen Teilen, die Strom und W\u00e4rme leiten m\u00fcssen, als ideales Material.<\/p>\n<p class=\"ql-align-justify\">In Maschinen machen sich Graphitfolienlager ihren niedrigen Reibungskoeffizienten und ihre selbstschmierenden Eigenschaften zunutze. Dadurch k\u00f6nnen Reibungsverluste verringert, die Lebensdauer der Ausr\u00fcstung verl\u00e4ngert und die Betriebseffizienz verbessert werden.<\/p>","protected":false},"excerpt":{"rendered":"<p>Graphitfolie, auch als Weichgraphit bezeichnet, ist eine extrem d\u00fcnne Folie aus hochreinem Graphitmaterial. Sie wird auch als expandierbarer Graphit bezeichnet. Mit seinen einzigartigen thermischen, chemischen, elektrischen und Reibungseigenschaften eignet es sich f\u00fcr eine Vielzahl moderner industrieller Anwendungen und ist ein starkes und haltbares Material, das sich gut f\u00fcr dynamische Anforderungen eignet.<\/p>","protected":false},"featured_media":6967,"template":"","meta":[],"product_brand":[],"product_cat":[38],"product_tag":[],"class_list":{"0":"post-6950","1":"product","2":"type-product","3":"status-publish","4":"has-post-thumbnail","6":"product_cat-graphite-products","8":"first","9":"instock","10":"shipping-taxable","11":"product-type-simple"},"yoast_head":"<!-- This site is optimized with the Yoast SEO Premium plugin v19.2.1 (Yoast SEO v25.3) - https:\/\/yoast.com\/wordpress\/plugins\/seo\/ -->\n<title>Graphite Foil Manufacturer in China - Best Prices<\/title>\n<meta name=\"description\" content=\"Graphite foil, also known as soft graphite, is an extremely thin sheet made of a high-purity graphite material. Graphite Foil Suppliers offers the best prices.\" \/>\n<meta name=\"robots\" content=\"index, follow, max-snippet:-1, max-image-preview:large, max-video-preview:-1\" \/>\n<link rel=\"canonical\" href=\"https:\/\/jinsuncarbon.com\/de\/produkt\/graphitfolie\/\" \/>\n<meta property=\"og:locale\" content=\"de_DE\" \/>\n<meta property=\"og:type\" content=\"article\" \/>\n<meta property=\"og:title\" content=\"Graphite Foil\" \/>\n<meta property=\"og:description\" content=\"Graphite foil, also known as soft graphite, is an extremely thin sheet made of a high-purity graphite material. Graphite Foil Suppliers offers the best prices.\" \/>\n<meta property=\"og:url\" content=\"https:\/\/jinsuncarbon.com\/de\/produkt\/graphitfolie\/\" \/>\n<meta property=\"og:site_name\" content=\"Jinsun Carbon\" \/>\n<meta property=\"article:publisher\" content=\"https:\/\/www.facebook.com\/Graphite-Electrode-109336238661595\" \/>\n<meta property=\"article:modified_time\" content=\"2024-12-09T14:48:29+00:00\" \/>\n<meta property=\"og:image\" content=\"https:\/\/jinsuncarbon.com\/wp-content\/uploads\/2024\/12\/Graphite-Foil-1.jpg\" \/>\n\t<meta property=\"og:image:width\" content=\"1024\" \/>\n\t<meta property=\"og:image:height\" content=\"763\" \/>\n\t<meta property=\"og:image:type\" content=\"image\/jpeg\" \/>\n<meta name=\"twitter:card\" content=\"summary_large_image\" \/>\n<meta name=\"twitter:site\" content=\"@jinsuncarbon_\" \/>\n<meta name=\"twitter:label1\" content=\"Gesch\u00e4tzte Lesezeit\" \/>\n\t<meta name=\"twitter:data1\" content=\"4\u00a0Minuten\" \/>\n<script type=\"application\/ld+json\" class=\"yoast-schema-graph\">{\"@context\":\"https:\/\/schema.org\",\"@graph\":[{\"@type\":\"WebPage\",\"@id\":\"https:\/\/jinsuncarbon.com\/product\/graphite-foil\/\",\"url\":\"https:\/\/jinsuncarbon.com\/product\/graphite-foil\/\",\"name\":\"Graphite Foil Manufacturer in China - Best Prices\",\"isPartOf\":{\"@id\":\"https:\/\/jinsuncarbon.com\/#website\"},\"primaryImageOfPage\":{\"@id\":\"https:\/\/jinsuncarbon.com\/product\/graphite-foil\/#primaryimage\"},\"image\":{\"@id\":\"https:\/\/jinsuncarbon.com\/product\/graphite-foil\/#primaryimage\"},\"thumbnailUrl\":\"https:\/\/jinsuncarbon.com\/wp-content\/uploads\/2024\/12\/Graphite-Foil-1.jpg\",\"datePublished\":\"2024-12-08T14:57:46+00:00\",\"dateModified\":\"2024-12-09T14:48:29+00:00\",\"description\":\"Graphite foil, also known as soft graphite, is an extremely thin sheet made of a high-purity graphite material. Graphite Foil Suppliers offers the best prices.\",\"breadcrumb\":{\"@id\":\"https:\/\/jinsuncarbon.com\/product\/graphite-foil\/#breadcrumb\"},\"inLanguage\":\"de\",\"potentialAction\":[{\"@type\":\"ReadAction\",\"target\":[\"https:\/\/jinsuncarbon.com\/product\/graphite-foil\/\"]}]},{\"@type\":\"ImageObject\",\"inLanguage\":\"de\",\"@id\":\"https:\/\/jinsuncarbon.com\/product\/graphite-foil\/#primaryimage\",\"url\":\"https:\/\/jinsuncarbon.com\/wp-content\/uploads\/2024\/12\/Graphite-Foil-1.jpg\",\"contentUrl\":\"https:\/\/jinsuncarbon.com\/wp-content\/uploads\/2024\/12\/Graphite-Foil-1.jpg\",\"width\":1024,\"height\":763,\"caption\":\"Graphite Foil\"},{\"@type\":\"BreadcrumbList\",\"@id\":\"https:\/\/jinsuncarbon.com\/product\/graphite-foil\/#breadcrumb\",\"itemListElement\":[{\"@type\":\"ListItem\",\"position\":1,\"name\":\"Home\",\"item\":\"https:\/\/jinsuncarbon.com\/\"},{\"@type\":\"ListItem\",\"position\":2,\"name\":\"Products\",\"item\":\"https:\/\/jinsuncarbon.com\/graphite-carbon\/\"},{\"@type\":\"ListItem\",\"position\":3,\"name\":\"Graphite Foil\"}]},{\"@type\":\"WebSite\",\"@id\":\"https:\/\/jinsuncarbon.com\/#website\",\"url\":\"https:\/\/jinsuncarbon.com\/\",\"name\":\"Jinsun Carbon\",\"description\":\"We are the successful graphite electrode manufacturer in China\",\"publisher\":{\"@id\":\"https:\/\/jinsuncarbon.com\/#organization\"},\"potentialAction\":[{\"@type\":\"SearchAction\",\"target\":{\"@type\":\"EntryPoint\",\"urlTemplate\":\"https:\/\/jinsuncarbon.com\/?s={search_term_string}\"},\"query-input\":{\"@type\":\"PropertyValueSpecification\",\"valueRequired\":true,\"valueName\":\"search_term_string\"}}],\"inLanguage\":\"de\"},{\"@type\":\"Organization\",\"@id\":\"https:\/\/jinsuncarbon.com\/#organization\",\"name\":\"Jinsun Carbon\",\"alternateName\":\"Jinsun Carbon\",\"url\":\"https:\/\/jinsuncarbon.com\/\",\"logo\":{\"@type\":\"ImageObject\",\"inLanguage\":\"de\",\"@id\":\"https:\/\/jinsuncarbon.com\/#\/schema\/logo\/image\/\",\"url\":\"https:\/\/jinsuncarbon.com\/wp-content\/uploads\/2022\/12\/LOGO-1.png\",\"contentUrl\":\"https:\/\/jinsuncarbon.com\/wp-content\/uploads\/2022\/12\/LOGO-1.png\",\"width\":207,\"height\":80,\"caption\":\"Jinsun Carbon\"},\"image\":{\"@id\":\"https:\/\/jinsuncarbon.com\/#\/schema\/logo\/image\/\"},\"sameAs\":[\"https:\/\/www.facebook.com\/Graphite-Electrode-109336238661595\",\"https:\/\/x.com\/jinsuncarbon_\",\"https:\/\/www.linkedin.com\/in\/jinsungraphite\",\"https:\/\/www.youtube.com\/channel\/UCysDNyvyR5-3cCWEmpkVC0g\"]}]}<\/script>\n<!-- \/ Yoast SEO Premium plugin. -->","yoast_head_json":{"title":"Graphit-Folie Hersteller in China - Beste Preise","description":"Graphitfolie, auch bekannt als Weichgraphit, ist eine extrem d\u00fcnne Folie aus hochreinem Graphitmaterial. Graphite Foil Suppliers bietet die besten Preise.","robots":{"index":"index","follow":"follow","max-snippet":"max-snippet:-1","max-image-preview":"max-image-preview:large","max-video-preview":"max-video-preview:-1"},"canonical":"https:\/\/jinsuncarbon.com\/de\/produkt\/graphitfolie\/","og_locale":"de_DE","og_type":"article","og_title":"Graphite Foil","og_description":"Graphite foil, also known as soft graphite, is an extremely thin sheet made of a high-purity graphite material. Graphite Foil Suppliers offers the best prices.","og_url":"https:\/\/jinsuncarbon.com\/de\/produkt\/graphitfolie\/","og_site_name":"Jinsun Carbon","article_publisher":"https:\/\/www.facebook.com\/Graphite-Electrode-109336238661595","article_modified_time":"2024-12-09T14:48:29+00:00","og_image":[{"width":1024,"height":763,"url":"https:\/\/jinsuncarbon.com\/wp-content\/uploads\/2024\/12\/Graphite-Foil-1.jpg","type":"image\/jpeg"}],"twitter_card":"summary_large_image","twitter_site":"@jinsuncarbon_","twitter_misc":{"Gesch\u00e4tzte Lesezeit":"4\u00a0Minuten"},"schema":{"@context":"https:\/\/schema.org","@graph":[{"@type":"WebPage","@id":"https:\/\/jinsuncarbon.com\/product\/graphite-foil\/","url":"https:\/\/jinsuncarbon.com\/product\/graphite-foil\/","name":"Graphit-Folie Hersteller in China - Beste Preise","isPartOf":{"@id":"https:\/\/jinsuncarbon.com\/#website"},"primaryImageOfPage":{"@id":"https:\/\/jinsuncarbon.com\/product\/graphite-foil\/#primaryimage"},"image":{"@id":"https:\/\/jinsuncarbon.com\/product\/graphite-foil\/#primaryimage"},"thumbnailUrl":"https:\/\/jinsuncarbon.com\/wp-content\/uploads\/2024\/12\/Graphite-Foil-1.jpg","datePublished":"2024-12-08T14:57:46+00:00","dateModified":"2024-12-09T14:48:29+00:00","description":"Graphitfolie, auch bekannt als Weichgraphit, ist eine extrem d\u00fcnne Folie aus hochreinem Graphitmaterial. Graphite Foil Suppliers bietet die besten Preise.","breadcrumb":{"@id":"https:\/\/jinsuncarbon.com\/product\/graphite-foil\/#breadcrumb"},"inLanguage":"de","potentialAction":[{"@type":"ReadAction","target":["https:\/\/jinsuncarbon.com\/product\/graphite-foil\/"]}]},{"@type":"ImageObject","inLanguage":"de","@id":"https:\/\/jinsuncarbon.com\/product\/graphite-foil\/#primaryimage","url":"https:\/\/jinsuncarbon.com\/wp-content\/uploads\/2024\/12\/Graphite-Foil-1.jpg","contentUrl":"https:\/\/jinsuncarbon.com\/wp-content\/uploads\/2024\/12\/Graphite-Foil-1.jpg","width":1024,"height":763,"caption":"Graphite Foil"},{"@type":"BreadcrumbList","@id":"https:\/\/jinsuncarbon.com\/product\/graphite-foil\/#breadcrumb","itemListElement":[{"@type":"ListItem","position":1,"name":"Home","item":"https:\/\/jinsuncarbon.com\/"},{"@type":"ListItem","position":2,"name":"Products","item":"https:\/\/jinsuncarbon.com\/graphite-carbon\/"},{"@type":"ListItem","position":3,"name":"Graphite Foil"}]},{"@type":"WebSite","@id":"https:\/\/jinsuncarbon.com\/#website","url":"https:\/\/jinsuncarbon.com\/","name":"Jinsun Kohlenstoff","description":"Wir sind der erfolgreiche Hersteller von Graphitelektroden in China","publisher":{"@id":"https:\/\/jinsuncarbon.com\/#organization"},"potentialAction":[{"@type":"SearchAction","target":{"@type":"EntryPoint","urlTemplate":"https:\/\/jinsuncarbon.com\/?s={search_term_string}"},"query-input":{"@type":"PropertyValueSpecification","valueRequired":true,"valueName":"search_term_string"}}],"inLanguage":"de"},{"@type":"Organization","@id":"https:\/\/jinsuncarbon.com\/#organization","name":"Jinsun Kohlenstoff","alternateName":"Jinsun Carbon","url":"https:\/\/jinsuncarbon.com\/","logo":{"@type":"ImageObject","inLanguage":"de","@id":"https:\/\/jinsuncarbon.com\/#\/schema\/logo\/image\/","url":"https:\/\/jinsuncarbon.com\/wp-content\/uploads\/2022\/12\/LOGO-1.png","contentUrl":"https:\/\/jinsuncarbon.com\/wp-content\/uploads\/2022\/12\/LOGO-1.png","width":207,"height":80,"caption":"Jinsun Carbon"},"image":{"@id":"https:\/\/jinsuncarbon.com\/#\/schema\/logo\/image\/"},"sameAs":["https:\/\/www.facebook.com\/Graphite-Electrode-109336238661595","https:\/\/x.com\/jinsuncarbon_","https:\/\/www.linkedin.com\/in\/jinsungraphite","https:\/\/www.youtube.com\/channel\/UCysDNyvyR5-3cCWEmpkVC0g"]}]}},"_links":{"self":[{"href":"https:\/\/jinsuncarbon.com\/de\/wp-json\/wp\/v2\/product\/6950","targetHints":{"allow":["GET"]}}],"collection":[{"href":"https:\/\/jinsuncarbon.com\/de\/wp-json\/wp\/v2\/product"}],"about":[{"href":"https:\/\/jinsuncarbon.com\/de\/wp-json\/wp\/v2\/types\/product"}],"wp:featuredmedia":[{"embeddable":true,"href":"https:\/\/jinsuncarbon.com\/de\/wp-json\/wp\/v2\/media\/6967"}],"wp:attachment":[{"href":"https:\/\/jinsuncarbon.com\/de\/wp-json\/wp\/v2\/media?parent=6950"}],"wp:term":[{"taxonomy":"product_brand","embeddable":true,"href":"https:\/\/jinsuncarbon.com\/de\/wp-json\/wp\/v2\/product_brand?post=6950"},{"taxonomy":"product_cat","embeddable":true,"href":"https:\/\/jinsuncarbon.com\/de\/wp-json\/wp\/v2\/product_cat?post=6950"},{"taxonomy":"product_tag","embeddable":true,"href":"https:\/\/jinsuncarbon.com\/de\/wp-json\/wp\/v2\/product_tag?post=6950"}],"curies":[{"name":"wp","href":"https:\/\/api.w.org\/{rel}","templated":true}]}}