{"id":6931,"date":"2024-12-05T15:02:51","date_gmt":"2024-12-05T15:02:51","guid":{"rendered":"https:\/\/jinsuncarbon.com\/?post_type=product&#038;p=6931"},"modified":"2024-12-09T14:53:40","modified_gmt":"2024-12-09T14:53:40","slug":"kohlefaser","status":"publish","type":"product","link":"https:\/\/jinsuncarbon.com\/de\/produkt\/kohlefaser\/","title":{"rendered":"Kohlefaser"},"content":{"rendered":"<h2>Zusammensetzung und Eigenschaften von Kohlenstofffasern<\/h2>\n<p>Kohlefaser ist eine Art Hochleistungsfaserwerkstoff mit Kohlenstoff als Hauptbestandteil.<\/p>\n<ul>\n<li>Hohe Festigkeit<\/li>\n<\/ul>\n<p>Diese hohe Festigkeit beruht auf seiner einzigartigen Mikrostruktur. Dank ihrer dichten Struktur kann sie gro\u00dfen \u00e4u\u00dferen Kr\u00e4ften standhalten, ohne leicht zu brechen. In Bezug auf die Kompression von Kohlenstofffasern ist die Druckleistung zwar etwas schlechter als die Zugleistung, aber sie zeigt immer noch eine gute Ausdauer, und die Druckfestigkeit von Kohlenstofffasern im Vergleich zu Stahl hat bei der spezifischen Festigkeit (Verh\u00e4ltnis von Festigkeit zu Dichte) einen bedeutenden Vorteil, in der Luft- und Raumfahrt und anderen Bereichen, die extrem empfindlich auf das Gewicht des Materials reagieren, zeichnet sich diese Eigenschaft aus.<\/p>\n<p>&nbsp;<\/p>\n<ul>\n<li>Geringe Dichte<\/li>\n<\/ul>\n<p>Die Dichte von Kohlenstofffasern betr\u00e4gt etwa 1,5-2,0 g\/cm\u00b3, was nur etwa 1\/4-1\/5 der Dichte von Stahl entspricht. Die geringe Dichte von Kohlenstofffasern ist haupts\u00e4chlich auf ihre besondere Mikrostruktur zur\u00fcckzuf\u00fchren. Die organische Faser wird bei hoher Temperatur karbonisiert, wobei eine gro\u00dfe Anzahl von Nicht-Kohlenstoff-Elementen wie Wasserstoff, Sauerstoff und Stickstoff entfernt wird und die Kohlenstoffatome eine <a href=\"https:\/\/jinsuncarbon.com\/de\/was-ist-graphit-und-woraus-besteht-graphit\/\">Graphit<\/a>-\u00e4hnliche Kristallstruktur, die entlang der Faserachse angeordnet ist. Diese Anordnung verleiht der Kohlenstofffaser sowohl eine hohe Festigkeit als auch eine relativ lockere innere Struktur mit gro\u00dfen Atomabst\u00e4nden und einer Mehrheit von Leichtgewichten. <a href=\"https:\/\/www.toppr.com\/guides\/chemistry\/carbon-and-its-compounds\/carbon\/#:~:text=The%20atomic%20number%20of%20carbon,to%20an%20almost%20unlimited%20degree.\" target=\"_blank\" rel=\"noopener\">Kohlenstoffatome<\/a>Die Gesamtdichte ist also gering.<\/p>\n<p>&nbsp;<\/p>\n<ul>\n<li>Gute chemische Stabilit\u00e4t<\/li>\n<\/ul>\n<p>Kohlefasern sind gegen\u00fcber allgemeinen Chemikalien gut vertr\u00e4glich, k\u00f6nnen in einer Vielzahl von chemischen Umgebungen, wie z. B. S\u00e4uren und Laugen, eine stabile Leistung beibehalten und verursachen nicht so leicht chemische Reaktionen, die die Leistung beeintr\u00e4chtigen, so dass ein langfristiger zuverl\u00e4ssiger Betrieb unter komplexen Bedingungen gew\u00e4hrleistet ist. Egal, ob es sich um eine feuchte Meeresumgebung oder einen Industriestandort voller chemischer Korrosion handelt, Kohlefaserprodukte k\u00f6nnen ihre strukturelle Integrit\u00e4t und Leistungsstabilit\u00e4t langfristig aufrechterhalten.<\/p>\n<p>&nbsp;<\/p>\n<h2><strong>Herstellung von Kohlenstofffasern<\/strong><\/h2>\n<p>Kohlefaser<strong><b>\u00a0<\/b><\/strong>Die Herstellung ist komplexer und feiner. Der erste Schritt ist die Aufbereitung der Rohstoffe, wobei Polyacrylnitrilfasern (PAN) als Vorprodukte verwendet werden. Dann wird eine Voroxidationsbehandlung durchgef\u00fchrt, so dass die Faser an der Luft auf etwa 200-300 \u00b0C erhitzt wird und eine hitzestabile trapezf\u00f6rmige Struktur bildet. Gefolgt von der <a href=\"https:\/\/en.wikipedia.org\/wiki\/Carbonization\" target=\"_blank\" rel=\"noopener\">Verkohlung<\/a> Prozess wird die voroxidierte Faser unter dem Schutz eines Inertgases auf 1000-1500 \u00b0C erhitzt, um den Kohlenstoffanteil zu entfernen und eine Kohlenstofffaser mit einem h\u00f6heren Kohlenstoffgehalt zu bilden. <a href=\"https:\/\/jinsuncarbon.com\/de\/verwendung-von-kohlenstoff\/\">Kohlenstoff<\/a> Inhalt. Anschlie\u00dfend kann es graphitiert werden, um die Kristallinit\u00e4t und die Eigenschaften der Fasern weiter zu verbessern.<\/p>\n<p>&nbsp;<\/p>\n<p>In der Formgebungsphase ist das Formpressen von Kohlenstofffasern eine der am h\u00e4ufigsten verwendeten Methoden, d. h. Kohlenstofffasern, Harz und andere Matrixmaterialien werden in einem bestimmten Verh\u00e4ltnis gemischt, in die Form gegeben und unter bestimmten Druck- und Temperaturbedingungen verfestigt, um Verbundwerkstoffe verschiedener Formen wie Kohlenstofffaserplatten, Rohre usw. herzustellen. Bei diesem Prozess ist die genaue Kontrolle von Druck, Temperatur, Zeit und anderen Parametern von entscheidender Bedeutung, um die Produktqualit\u00e4t zu gew\u00e4hrleisten. Daher sollten bei der Auswahl hochwertiger Kohlenstofffasern wichtige Leistungsindikatoren wie die Zugfestigkeit der Kohlenstofffasern in MPa, die Druckfestigkeit, der Elastizit\u00e4tsmodul und die Dichte unbedingt ber\u00fccksichtigt werden.<\/p>\n<p>&nbsp;<\/p>\n<p>Wenn Sie mehr \u00fcber Kohlenstofffasern erfahren m\u00f6chten, erhalten Sie von Ihrem Kohlenstofffaserlieferanten professionelle Erkl\u00e4rungen und Anleitungen sowie eine F\u00fclle von technischen Ratschl\u00e4gen. Dar\u00fcber hinaus k\u00f6nnen Sie aus einer breiten Palette von Carbonfaser-Produkttypen w\u00e4hlen, wie z. B. unidirektionale Carbonfaser, geflochtene Carbonfaser, geschnittene Carbonfaser oder Prepreg-Carbonfaser.<\/p>\n<p>&nbsp;<\/p>\n<p>&nbsp;<\/p>\n<h2>Anwendungen von Kohlenstofffasern<\/h2>\n<p>Luft- und Raumfahrt<\/p>\n<p>Kohlefaser kann f\u00fcr Flugzeugfl\u00fcgel, Flugzeugr\u00fcmpfe und andere Strukturbauteile verwendet werden. Sie hat ein geringes Gewicht und hohe Festigkeitseigenschaften. Es kann das Gewicht des Flugzeugs zur gleichen Zeit zu reduzieren, erf\u00fcllen die verschiedenen mechanischen Anforderungen w\u00e4hrend des Fluges, wie die Zugfestigkeit und Druckfestigkeit im Flug zu widerstehen, verbessern die Kraftstoffeffizienz.<\/p>\n<p>&nbsp;<\/p>\n<p>Automobilbranche<\/p>\n<p>Sie k\u00f6nnen Kohlefaser zur Herstellung von Karosserierahmen, Komponenten usw. verwenden. Die Verwendung von Kohlefaser kann das Eigengewicht des Fahrzeugs effektiv reduzieren, die Beschleunigungsleistung und den Kraftstoffverbrauch des Fahrzeugs verbessern, und wenn das Fahrzeug externen Kr\u00e4ften wie Kollisionen ausgesetzt ist, kann seine gute Druckfestigkeit einen gewissen Sicherheitsschutz bieten.<\/p>\n<p><strong><b>\u00a0<\/b><\/strong><\/p>\n<p>Sportartikel<\/p>\n<p>Auch die Sportartikelbranche ist untrennbar mit Carbonfasern verbunden. Hochwertige Badmintonschl\u00e4ger, Tennisschl\u00e4ger und Golfschl\u00e4ger werden aus Kohlenstofffasern hergestellt. Sie bieten eine gute Zugfestigkeit und Handhabungsleistung f\u00fcr Sportger\u00e4te, so dass die Sportler w\u00e4hrend des Gebrauchs auf einem besseren Niveau spielen k\u00f6nnen.<\/p>","protected":false},"excerpt":{"rendered":"<p>Kohlenstofffasern werden aus organischen Fasern (z. B. Polyacrylnitrilfasern, Asphaltfasern usw.) durch eine Reihe komplexer Prozesse wie Hochtemperaturverkohlung hergestellt. Ihr Kohlenstoffgehalt betr\u00e4gt in der Regel mehr als 90%, mit ausgezeichneten Eigenschaften wie hoher Festigkeit, geringer Dichte und hoher Temperaturbest\u00e4ndigkeit, die in vielen fortschrittlichen Bereichen eine Schl\u00fcsselrolle spielen.<\/p>\n<p>Kohlefaser kann eine Vielzahl von Formen aufweisen. Je nach Ihren spezifischen Bed\u00fcrfnissen k\u00f6nnen sie pr\u00e4zise bearbeitet werden, um Ihren genauen Abmessungen zu entsprechen.<\/p>","protected":false},"featured_media":6934,"template":"","meta":[],"product_brand":[],"product_cat":[39],"product_tag":[],"class_list":{"0":"post-6931","1":"product","2":"type-product","3":"status-publish","4":"has-post-thumbnail","6":"product_cat-carbon-products","8":"first","9":"instock","10":"shipping-taxable","11":"product-type-simple"},"yoast_head":"<!-- This site is optimized with the Yoast SEO Premium plugin v19.2.1 (Yoast SEO v25.3) - https:\/\/yoast.com\/wordpress\/plugins\/seo\/ -->\n<title>Carbon Fiber Manufacturer - Best Price| Jinsun Carbon<\/title>\n<meta name=\"description\" content=\"Carbon fiber manufacturer in China, carbon fiber best prices for sale.\" \/>\n<meta name=\"robots\" content=\"index, follow, max-snippet:-1, max-image-preview:large, max-video-preview:-1\" \/>\n<link rel=\"canonical\" href=\"https:\/\/jinsuncarbon.com\/de\/produkt\/kohlefaser\/\" \/>\n<meta property=\"og:locale\" content=\"de_DE\" \/>\n<meta property=\"og:type\" content=\"article\" \/>\n<meta property=\"og:title\" content=\"Carbon Fiber\" \/>\n<meta property=\"og:description\" content=\"Carbon fiber manufacturer in China, carbon fiber best prices for sale.\" \/>\n<meta property=\"og:url\" content=\"https:\/\/jinsuncarbon.com\/de\/produkt\/kohlefaser\/\" \/>\n<meta property=\"og:site_name\" content=\"Jinsun Carbon\" \/>\n<meta property=\"article:publisher\" content=\"https:\/\/www.facebook.com\/Graphite-Electrode-109336238661595\" \/>\n<meta property=\"article:modified_time\" content=\"2024-12-09T14:53:40+00:00\" \/>\n<meta property=\"og:image\" content=\"https:\/\/jinsuncarbon.com\/wp-content\/uploads\/2024\/12\/Carbon-Fiber.jpg\" \/>\n\t<meta property=\"og:image:width\" content=\"1024\" \/>\n\t<meta property=\"og:image:height\" content=\"763\" \/>\n\t<meta property=\"og:image:type\" content=\"image\/jpeg\" \/>\n<meta name=\"twitter:card\" content=\"summary_large_image\" \/>\n<meta name=\"twitter:site\" content=\"@jinsuncarbon_\" \/>\n<meta name=\"twitter:label1\" content=\"Gesch\u00e4tzte Lesezeit\" \/>\n\t<meta name=\"twitter:data1\" content=\"4\u00a0Minuten\" \/>\n<script type=\"application\/ld+json\" class=\"yoast-schema-graph\">{\"@context\":\"https:\/\/schema.org\",\"@graph\":[{\"@type\":\"WebPage\",\"@id\":\"https:\/\/jinsuncarbon.com\/product\/carbon-fiber\/\",\"url\":\"https:\/\/jinsuncarbon.com\/product\/carbon-fiber\/\",\"name\":\"Carbon Fiber Manufacturer - Best Price| Jinsun Carbon\",\"isPartOf\":{\"@id\":\"https:\/\/jinsuncarbon.com\/#website\"},\"primaryImageOfPage\":{\"@id\":\"https:\/\/jinsuncarbon.com\/product\/carbon-fiber\/#primaryimage\"},\"image\":{\"@id\":\"https:\/\/jinsuncarbon.com\/product\/carbon-fiber\/#primaryimage\"},\"thumbnailUrl\":\"https:\/\/jinsuncarbon.com\/wp-content\/uploads\/2024\/12\/Carbon-Fiber.jpg\",\"datePublished\":\"2024-12-05T15:02:51+00:00\",\"dateModified\":\"2024-12-09T14:53:40+00:00\",\"description\":\"Carbon fiber manufacturer in China, carbon fiber best prices for sale.\",\"breadcrumb\":{\"@id\":\"https:\/\/jinsuncarbon.com\/product\/carbon-fiber\/#breadcrumb\"},\"inLanguage\":\"de\",\"potentialAction\":[{\"@type\":\"ReadAction\",\"target\":[\"https:\/\/jinsuncarbon.com\/product\/carbon-fiber\/\"]}]},{\"@type\":\"ImageObject\",\"inLanguage\":\"de\",\"@id\":\"https:\/\/jinsuncarbon.com\/product\/carbon-fiber\/#primaryimage\",\"url\":\"https:\/\/jinsuncarbon.com\/wp-content\/uploads\/2024\/12\/Carbon-Fiber.jpg\",\"contentUrl\":\"https:\/\/jinsuncarbon.com\/wp-content\/uploads\/2024\/12\/Carbon-Fiber.jpg\",\"width\":1024,\"height\":763,\"caption\":\"Carbon Fiber\"},{\"@type\":\"BreadcrumbList\",\"@id\":\"https:\/\/jinsuncarbon.com\/product\/carbon-fiber\/#breadcrumb\",\"itemListElement\":[{\"@type\":\"ListItem\",\"position\":1,\"name\":\"Home\",\"item\":\"https:\/\/jinsuncarbon.com\/\"},{\"@type\":\"ListItem\",\"position\":2,\"name\":\"Products\",\"item\":\"https:\/\/jinsuncarbon.com\/graphite-carbon\/\"},{\"@type\":\"ListItem\",\"position\":3,\"name\":\"Carbon Fiber\"}]},{\"@type\":\"WebSite\",\"@id\":\"https:\/\/jinsuncarbon.com\/#website\",\"url\":\"https:\/\/jinsuncarbon.com\/\",\"name\":\"Jinsun Carbon\",\"description\":\"We are the successful graphite electrode manufacturer in China\",\"publisher\":{\"@id\":\"https:\/\/jinsuncarbon.com\/#organization\"},\"potentialAction\":[{\"@type\":\"SearchAction\",\"target\":{\"@type\":\"EntryPoint\",\"urlTemplate\":\"https:\/\/jinsuncarbon.com\/?s={search_term_string}\"},\"query-input\":{\"@type\":\"PropertyValueSpecification\",\"valueRequired\":true,\"valueName\":\"search_term_string\"}}],\"inLanguage\":\"de\"},{\"@type\":\"Organization\",\"@id\":\"https:\/\/jinsuncarbon.com\/#organization\",\"name\":\"Jinsun Carbon\",\"alternateName\":\"Jinsun Carbon\",\"url\":\"https:\/\/jinsuncarbon.com\/\",\"logo\":{\"@type\":\"ImageObject\",\"inLanguage\":\"de\",\"@id\":\"https:\/\/jinsuncarbon.com\/#\/schema\/logo\/image\/\",\"url\":\"https:\/\/jinsuncarbon.com\/wp-content\/uploads\/2022\/12\/LOGO-1.png\",\"contentUrl\":\"https:\/\/jinsuncarbon.com\/wp-content\/uploads\/2022\/12\/LOGO-1.png\",\"width\":207,\"height\":80,\"caption\":\"Jinsun Carbon\"},\"image\":{\"@id\":\"https:\/\/jinsuncarbon.com\/#\/schema\/logo\/image\/\"},\"sameAs\":[\"https:\/\/www.facebook.com\/Graphite-Electrode-109336238661595\",\"https:\/\/x.com\/jinsuncarbon_\",\"https:\/\/www.linkedin.com\/in\/jinsungraphite\",\"https:\/\/www.youtube.com\/channel\/UCysDNyvyR5-3cCWEmpkVC0g\"]}]}<\/script>\n<!-- \/ Yoast SEO Premium plugin. -->","yoast_head_json":{"title":"Hersteller von Kohlenstofffasern - Bester Preis| Jinsun Carbon","description":"Kohlefaser Hersteller in China, Kohlefaser besten Preise zu verkaufen.","robots":{"index":"index","follow":"follow","max-snippet":"max-snippet:-1","max-image-preview":"max-image-preview:large","max-video-preview":"max-video-preview:-1"},"canonical":"https:\/\/jinsuncarbon.com\/de\/produkt\/kohlefaser\/","og_locale":"de_DE","og_type":"article","og_title":"Carbon Fiber","og_description":"Carbon fiber manufacturer in China, carbon fiber best prices for sale.","og_url":"https:\/\/jinsuncarbon.com\/de\/produkt\/kohlefaser\/","og_site_name":"Jinsun Carbon","article_publisher":"https:\/\/www.facebook.com\/Graphite-Electrode-109336238661595","article_modified_time":"2024-12-09T14:53:40+00:00","og_image":[{"width":1024,"height":763,"url":"https:\/\/jinsuncarbon.com\/wp-content\/uploads\/2024\/12\/Carbon-Fiber.jpg","type":"image\/jpeg"}],"twitter_card":"summary_large_image","twitter_site":"@jinsuncarbon_","twitter_misc":{"Gesch\u00e4tzte Lesezeit":"4\u00a0Minuten"},"schema":{"@context":"https:\/\/schema.org","@graph":[{"@type":"WebPage","@id":"https:\/\/jinsuncarbon.com\/product\/carbon-fiber\/","url":"https:\/\/jinsuncarbon.com\/product\/carbon-fiber\/","name":"Hersteller von Kohlenstofffasern - Bester Preis| Jinsun Carbon","isPartOf":{"@id":"https:\/\/jinsuncarbon.com\/#website"},"primaryImageOfPage":{"@id":"https:\/\/jinsuncarbon.com\/product\/carbon-fiber\/#primaryimage"},"image":{"@id":"https:\/\/jinsuncarbon.com\/product\/carbon-fiber\/#primaryimage"},"thumbnailUrl":"https:\/\/jinsuncarbon.com\/wp-content\/uploads\/2024\/12\/Carbon-Fiber.jpg","datePublished":"2024-12-05T15:02:51+00:00","dateModified":"2024-12-09T14:53:40+00:00","description":"Kohlefaser Hersteller in China, Kohlefaser besten Preise zu verkaufen.","breadcrumb":{"@id":"https:\/\/jinsuncarbon.com\/product\/carbon-fiber\/#breadcrumb"},"inLanguage":"de","potentialAction":[{"@type":"ReadAction","target":["https:\/\/jinsuncarbon.com\/product\/carbon-fiber\/"]}]},{"@type":"ImageObject","inLanguage":"de","@id":"https:\/\/jinsuncarbon.com\/product\/carbon-fiber\/#primaryimage","url":"https:\/\/jinsuncarbon.com\/wp-content\/uploads\/2024\/12\/Carbon-Fiber.jpg","contentUrl":"https:\/\/jinsuncarbon.com\/wp-content\/uploads\/2024\/12\/Carbon-Fiber.jpg","width":1024,"height":763,"caption":"Carbon Fiber"},{"@type":"BreadcrumbList","@id":"https:\/\/jinsuncarbon.com\/product\/carbon-fiber\/#breadcrumb","itemListElement":[{"@type":"ListItem","position":1,"name":"Home","item":"https:\/\/jinsuncarbon.com\/"},{"@type":"ListItem","position":2,"name":"Products","item":"https:\/\/jinsuncarbon.com\/graphite-carbon\/"},{"@type":"ListItem","position":3,"name":"Carbon Fiber"}]},{"@type":"WebSite","@id":"https:\/\/jinsuncarbon.com\/#website","url":"https:\/\/jinsuncarbon.com\/","name":"Jinsun Kohlenstoff","description":"Wir sind der erfolgreiche Hersteller von Graphitelektroden in China","publisher":{"@id":"https:\/\/jinsuncarbon.com\/#organization"},"potentialAction":[{"@type":"SearchAction","target":{"@type":"EntryPoint","urlTemplate":"https:\/\/jinsuncarbon.com\/?s={search_term_string}"},"query-input":{"@type":"PropertyValueSpecification","valueRequired":true,"valueName":"search_term_string"}}],"inLanguage":"de"},{"@type":"Organization","@id":"https:\/\/jinsuncarbon.com\/#organization","name":"Jinsun Kohlenstoff","alternateName":"Jinsun Carbon","url":"https:\/\/jinsuncarbon.com\/","logo":{"@type":"ImageObject","inLanguage":"de","@id":"https:\/\/jinsuncarbon.com\/#\/schema\/logo\/image\/","url":"https:\/\/jinsuncarbon.com\/wp-content\/uploads\/2022\/12\/LOGO-1.png","contentUrl":"https:\/\/jinsuncarbon.com\/wp-content\/uploads\/2022\/12\/LOGO-1.png","width":207,"height":80,"caption":"Jinsun Carbon"},"image":{"@id":"https:\/\/jinsuncarbon.com\/#\/schema\/logo\/image\/"},"sameAs":["https:\/\/www.facebook.com\/Graphite-Electrode-109336238661595","https:\/\/x.com\/jinsuncarbon_","https:\/\/www.linkedin.com\/in\/jinsungraphite","https:\/\/www.youtube.com\/channel\/UCysDNyvyR5-3cCWEmpkVC0g"]}]}},"_links":{"self":[{"href":"https:\/\/jinsuncarbon.com\/de\/wp-json\/wp\/v2\/product\/6931","targetHints":{"allow":["GET"]}}],"collection":[{"href":"https:\/\/jinsuncarbon.com\/de\/wp-json\/wp\/v2\/product"}],"about":[{"href":"https:\/\/jinsuncarbon.com\/de\/wp-json\/wp\/v2\/types\/product"}],"wp:featuredmedia":[{"embeddable":true,"href":"https:\/\/jinsuncarbon.com\/de\/wp-json\/wp\/v2\/media\/6934"}],"wp:attachment":[{"href":"https:\/\/jinsuncarbon.com\/de\/wp-json\/wp\/v2\/media?parent=6931"}],"wp:term":[{"taxonomy":"product_brand","embeddable":true,"href":"https:\/\/jinsuncarbon.com\/de\/wp-json\/wp\/v2\/product_brand?post=6931"},{"taxonomy":"product_cat","embeddable":true,"href":"https:\/\/jinsuncarbon.com\/de\/wp-json\/wp\/v2\/product_cat?post=6931"},{"taxonomy":"product_tag","embeddable":true,"href":"https:\/\/jinsuncarbon.com\/de\/wp-json\/wp\/v2\/product_tag?post=6931"}],"curies":[{"name":"wp","href":"https:\/\/api.w.org\/{rel}","templated":true}]}}