{"id":6920,"date":"2024-12-03T14:47:39","date_gmt":"2024-12-03T14:47:39","guid":{"rendered":"https:\/\/jinsuncarbon.com\/?post_type=product&#038;p=6920"},"modified":"2025-01-02T10:00:10","modified_gmt":"2025-01-02T10:00:10","slug":"kohlenstoff-kohlenstoff-verbundstoff","status":"publish","type":"product","link":"https:\/\/jinsuncarbon.com\/de\/produkt\/kohlenstoff-kohlenstoff-verbundstoff\/","title":{"rendered":"Kohlenstoff-Kohlenstoff-Verbund"},"content":{"rendered":"<p>Kohlenstoff-Kohlenstoff-Verbundwerkstoff, auch allgemein als verst\u00e4rkter Kohlenstoff-Kohlenstoff bezeichnet. Diese Materialien sind hochtemperaturbest\u00e4ndig (sauerstofffrei), haben eine hohe mechanische Festigkeit bei hohen Temperaturen, sind leicht und haben eine hohe spezifische Festigkeit. Insbesondere haben diese Materialien gute Absorptionseigenschaften f\u00fcr bestimmte Wellen. Daher werden Kohlenstoff-Kohlenstoff-Verbundwerkstoffe h\u00e4ufig in der Luft- und Raumfahrt und in der Milit\u00e4rindustrie eingesetzt.<\/p>\n<h2>Eigenschaften von Kohlenstoff-Kohlenstoff-Verbundwerkstoffen<\/h2>\n<ul>\n<li>Hohe Festigkeit<\/li>\n<\/ul>\n<p><span data-type=\"2\" data-index=\"1\" data-gid=\"0\">Die Struktur von Kohlenstoff-Kohlenstoff-Verbundmaterial ist unglaublich stark und wird aus Kohlenstofffasern gebildet.<\/span>\u00a0CCCs weisen nicht nur bei Raumtemperatur, sondern auch bei hohen Temperaturen eine au\u00dfergew\u00f6hnliche Festigkeit auf, was sie zu einem geeigneten Kandidaten f\u00fcr den Einsatz in anspruchsvollen Bereichen macht.<\/p>\n<ul>\n<li>Thermische Stabilit\u00e4t<\/li>\n<\/ul>\n<p><span data-type=\"2\" data-index=\"3\" data-gid=\"1\">Kohlenstoff-Kohlenstoff-Verbundwerkstoffe sind in der Lage, extrem hohen Temperaturen standzuhalten und nicht spr\u00f6de zu werden.<\/span>\u00a0Daher werden sie auch h\u00e4ufig in Anwendungen mit extrem hohen Temperaturen eingesetzt, z. B. im Verteidigungs- und Automobilbereich.<\/p>\n<ul>\n<li>Korrosionsbest\u00e4ndigkeit<\/li>\n<\/ul>\n<p>Kohlenstoff-Kohlenstoff-Verbundwerkstoffe haben eine gute Korrosionsbest\u00e4ndigkeit. Sie rosten nicht und zersetzen sich nicht durch Chemikalien oder Feuchtigkeit, wie es bei Metallen der Fall ist. Das macht sie ideal f\u00fcr den Einsatz in extremen Umgebungen, in denen herk\u00f6mmliche Materialien nicht standhalten w\u00fcrden.<\/p>\n<h2>Herstellung von Kohlenstoff-Kohlenstoff-Verbundwerkstoffen<\/h2>\n<p><span data-type=\"2\" data-index=\"5\" data-gid=\"2\">Zun\u00e4chst werden Kohlenstofffasern zu einem Gewebe oder einer Matte verwoben, um Kohlenstoff-Kohlenstoff-Verbundwerkstoffe herzustellen.<\/span>\u00a0Daher werden diese Fasern mit einer Kohlenstoffmatrix impr\u00e4gniert, in der Regel mit Hilfe eines Verfahrens, das als chemische Dampfinfiltration (CVI) bezeichnet wird. Die Fasern werden durch die Matrix zusammengehalten, wodurch eine feste Struktur entsteht. Dieser Verbundwerkstoff wird dann auf hohe Temperaturen erhitzt, um seine Eigenschaften f\u00fcr den Luftantrieb zu entwickeln.<\/p>\n<p>Es handelt sich um ein Herstellungsverfahren, das eine gro\u00dfe Anpassungsf\u00e4higkeit erm\u00f6glicht; das Endprodukt kann f\u00fcr bestimmte Anwendungen optimiert werden. Das Ergebnis ist ein Material mit extrem hoher Festigkeit, geringem Gewicht und hervorragender thermischer Signatur.<\/p>\n<h2>Arten von Kohlenstoff-Kohlenstoff-Verbundwerkstoffen<\/h2>\n<h3>Faserverst\u00e4rkte Kohlenstoff-Verbundwerkstoffe<\/h3>\n<p>Der h\u00e4ufigste Typ, den wir herstellen, sind kohlenstofffaserverst\u00e4rkte Verbundwerkstoffe. Sie haben eine Struktur aus Kohlenstofffasern innerhalb eines <a href=\"https:\/\/jinsuncarbon.com\/de\/verwendung-von-kohlenstoff\/\">Kohlenstoff<\/a>-basierten Matrix. Die Fasern tragen zur Festigkeit und Steifigkeit bei, w\u00e4hrend die Matrix f\u00fcr Stabilit\u00e4t und Haltbarkeit sorgt. Das Ergebnis dieser Kombination ist, dass sich faserverst\u00e4rkte Verbundwerkstoffe gut f\u00fcr Spannglieder und Hochleistungsanwendungen eignen.<\/p>\n<h3>Kohlenstoff-Kohlenstoff-Verbundwerkstoffe mit keramischer Matrix<\/h3>\n<p>Bestimmte Kohlenstoff-Kohlenstoff-Verbundwerkstoffe sind mit einer Keramikmatrix verst\u00e4rkt. Die Keramik erh\u00f6ht die Widerstandsf\u00e4higkeit gegen Verschlei\u00df und Temperaturschocks. Dadurch werden diese Verbundwerkstoffe noch stabiler und hitzebest\u00e4ndiger und eignen sich perfekt f\u00fcr den Einsatz in extremen Umgebungen, z. B. in Raketend\u00fcsen oder Bremsscheiben.<\/p>\n<h2>Kohlenstoff-Kohlenstoff-Verbundwerkstoffe Anwendungen<\/h2>\n<ul>\n<li>Luft- und Raumfahrtindustrie<\/li>\n<\/ul>\n<p>Diese werden in der Luft- und Raumfahrt h\u00e4ufig als Kohlenstoff-Kohlenstoff-Verbundwerkstoffe verwendet. Sie halten extremen Temperaturen stand und bieten eine hohe Festigkeit bei geringem Gewicht, was sie ideal f\u00fcr den Einsatz in Triebwerkskomponenten, Bremssystemen und Hitzeschilden macht.<\/p>\n<p>Der als Bremsbelag verwendete Kohlenstoff-Kohlenstoff-Verbundwerkstoff ist leicht, hat einen niedrigen Reibungskoeffizienten und verf\u00fcgt \u00fcber eine hohe Bremsleistung bei hohen Temperaturen.<\/p>\n<p>Als Strukturmaterial f\u00fcr Flugzeuge sind sie stabil und korrosionsbest\u00e4ndig, und der Rumpf verformt oder korrodiert auch im Langzeitbetrieb nicht.<\/p>\n<ul>\n<li>Fotovoltaik<\/li>\n<\/ul>\n<p>Kohlenstoff-Kohlenstoff-Verbundwerkstoffe k\u00f6nnen verwendet werden, um Siliziumwerkstoffe in <a href=\"https:\/\/en.wikipedia.org\/wiki\/Vacuum_furnace\" target=\"_blank\" rel=\"noopener\">Vakuum\u00f6fen<\/a> um hochwertige Einkristalle zu z\u00fcchten. Es bietet ein hochwertiges thermisches Feld f\u00fcr den CZ-Einkristallprozess, um die strukturelle Integrit\u00e4t der Kristalle zu gew\u00e4hrleisten. <a href=\"https:\/\/www.britannica.com\/science\/single-crystal\" target=\"_blank\" rel=\"noopener\">Einkristall<\/a>.<\/p>\n<ul>\n<li>Milit\u00e4rische Anwendungen<\/li>\n<\/ul>\n<p>Aufgrund ihrer Verwendung im Milit\u00e4r werden Kohlenstoff-Kohlenstoff-Verbundwerkstoffe in zahlreichen Anwendungen wie Raketenkomponenten, panzerbrechenden Geschossen und Hitzeschilden eingesetzt. Auch in der Verteidigungstechnik werden Sensoren ben\u00f6tigt, die unter extremen Temperatur- und Druckbedingungen arbeiten k\u00f6nnen.<\/p>\n<p>&nbsp;<\/p>","protected":false},"excerpt":{"rendered":"<p>Kohlenstoff-Kohlenstoff-Verbundwerkstoffe sind eine neue Art von Werkstoffen mit hervorragender Leistung, die aus Kohlenstofffasern und einer kohlenstoffbasierten Matrix bestehen und einer Hochtemperatur-W\u00e4rmebehandlung unterzogen werden. Diese Materialien zeichnen sich durch hohe Festigkeit, gro\u00dfen Modul, hohe Temperaturbest\u00e4ndigkeit und Korrosionsbest\u00e4ndigkeit aus. Daher finden sie breite Anwendung in der Luft- und Raumfahrt, im Automobilbau, im Schiffbau, in der chemischen Industrie und in anderen Bereichen.<\/p>","protected":false},"featured_media":6922,"template":"","meta":[],"product_brand":[],"product_cat":[39],"product_tag":[],"class_list":{"0":"post-6920","1":"product","2":"type-product","3":"status-publish","4":"has-post-thumbnail","6":"product_cat-carbon-products","8":"first","9":"instock","10":"shipping-taxable","11":"product-type-simple"},"yoast_head":"<!-- This site is optimized with the Yoast SEO Premium plugin v19.2.1 (Yoast SEO v25.3) - https:\/\/yoast.com\/wordpress\/plugins\/seo\/ -->\n<title>Carbon Composite Manufacturer in China | Jinsun Carbon<\/title>\n<meta name=\"description\" content=\"Carbon-carbon composite (CCCs) consist of a carbon matrix with carbon fibers arranged to achieve the smallest necessary area for the structure.\" \/>\n<meta name=\"robots\" content=\"index, follow, max-snippet:-1, max-image-preview:large, max-video-preview:-1\" \/>\n<link rel=\"canonical\" href=\"https:\/\/jinsuncarbon.com\/de\/produkt\/kohlenstoff-kohlenstoff-verbundstoff\/\" \/>\n<meta property=\"og:locale\" content=\"de_DE\" \/>\n<meta property=\"og:type\" content=\"article\" \/>\n<meta property=\"og:title\" content=\"Carbon-Carbon Composite\" \/>\n<meta property=\"og:description\" content=\"Carbon-carbon composite (CCCs) consist of a carbon matrix with carbon fibers arranged to achieve the smallest necessary area for the structure.\" \/>\n<meta property=\"og:url\" content=\"https:\/\/jinsuncarbon.com\/de\/produkt\/kohlenstoff-kohlenstoff-verbundstoff\/\" \/>\n<meta property=\"og:site_name\" content=\"Jinsun Carbon\" \/>\n<meta property=\"article:publisher\" content=\"https:\/\/www.facebook.com\/Graphite-Electrode-109336238661595\" \/>\n<meta property=\"article:modified_time\" content=\"2025-01-02T10:00:10+00:00\" \/>\n<meta property=\"og:image\" content=\"https:\/\/jinsuncarbon.com\/wp-content\/uploads\/2024\/12\/Carbon-Carbon-Composite.jpg\" \/>\n\t<meta property=\"og:image:width\" content=\"1024\" \/>\n\t<meta property=\"og:image:height\" content=\"763\" \/>\n\t<meta property=\"og:image:type\" content=\"image\/jpeg\" \/>\n<meta name=\"twitter:card\" content=\"summary_large_image\" \/>\n<meta name=\"twitter:site\" content=\"@jinsuncarbon_\" \/>\n<meta name=\"twitter:label1\" content=\"Gesch\u00e4tzte Lesezeit\" \/>\n\t<meta name=\"twitter:data1\" content=\"3\u00a0Minuten\" \/>\n<script type=\"application\/ld+json\" class=\"yoast-schema-graph\">{\"@context\":\"https:\/\/schema.org\",\"@graph\":[{\"@type\":\"WebPage\",\"@id\":\"https:\/\/jinsuncarbon.com\/product\/carbon-carbon-composite\/\",\"url\":\"https:\/\/jinsuncarbon.com\/product\/carbon-carbon-composite\/\",\"name\":\"Carbon Composite Manufacturer in China | Jinsun Carbon\",\"isPartOf\":{\"@id\":\"https:\/\/jinsuncarbon.com\/#website\"},\"primaryImageOfPage\":{\"@id\":\"https:\/\/jinsuncarbon.com\/product\/carbon-carbon-composite\/#primaryimage\"},\"image\":{\"@id\":\"https:\/\/jinsuncarbon.com\/product\/carbon-carbon-composite\/#primaryimage\"},\"thumbnailUrl\":\"https:\/\/jinsuncarbon.com\/wp-content\/uploads\/2024\/12\/Carbon-Carbon-Composite.jpg\",\"datePublished\":\"2024-12-03T14:47:39+00:00\",\"dateModified\":\"2025-01-02T10:00:10+00:00\",\"description\":\"Carbon-carbon composite (CCCs) consist of a carbon matrix with carbon fibers arranged to achieve the smallest necessary area for the structure.\",\"breadcrumb\":{\"@id\":\"https:\/\/jinsuncarbon.com\/product\/carbon-carbon-composite\/#breadcrumb\"},\"inLanguage\":\"de\",\"potentialAction\":[{\"@type\":\"ReadAction\",\"target\":[\"https:\/\/jinsuncarbon.com\/product\/carbon-carbon-composite\/\"]}]},{\"@type\":\"ImageObject\",\"inLanguage\":\"de\",\"@id\":\"https:\/\/jinsuncarbon.com\/product\/carbon-carbon-composite\/#primaryimage\",\"url\":\"https:\/\/jinsuncarbon.com\/wp-content\/uploads\/2024\/12\/Carbon-Carbon-Composite.jpg\",\"contentUrl\":\"https:\/\/jinsuncarbon.com\/wp-content\/uploads\/2024\/12\/Carbon-Carbon-Composite.jpg\",\"width\":1024,\"height\":763,\"caption\":\"Carbon-Carbon Composite\"},{\"@type\":\"BreadcrumbList\",\"@id\":\"https:\/\/jinsuncarbon.com\/product\/carbon-carbon-composite\/#breadcrumb\",\"itemListElement\":[{\"@type\":\"ListItem\",\"position\":1,\"name\":\"Home\",\"item\":\"https:\/\/jinsuncarbon.com\/\"},{\"@type\":\"ListItem\",\"position\":2,\"name\":\"Products\",\"item\":\"https:\/\/jinsuncarbon.com\/graphite-carbon\/\"},{\"@type\":\"ListItem\",\"position\":3,\"name\":\"Carbon-Carbon Composite\"}]},{\"@type\":\"WebSite\",\"@id\":\"https:\/\/jinsuncarbon.com\/#website\",\"url\":\"https:\/\/jinsuncarbon.com\/\",\"name\":\"Jinsun Carbon\",\"description\":\"We are the successful graphite electrode manufacturer in China\",\"publisher\":{\"@id\":\"https:\/\/jinsuncarbon.com\/#organization\"},\"potentialAction\":[{\"@type\":\"SearchAction\",\"target\":{\"@type\":\"EntryPoint\",\"urlTemplate\":\"https:\/\/jinsuncarbon.com\/?s={search_term_string}\"},\"query-input\":{\"@type\":\"PropertyValueSpecification\",\"valueRequired\":true,\"valueName\":\"search_term_string\"}}],\"inLanguage\":\"de\"},{\"@type\":\"Organization\",\"@id\":\"https:\/\/jinsuncarbon.com\/#organization\",\"name\":\"Jinsun Carbon\",\"alternateName\":\"Jinsun Carbon\",\"url\":\"https:\/\/jinsuncarbon.com\/\",\"logo\":{\"@type\":\"ImageObject\",\"inLanguage\":\"de\",\"@id\":\"https:\/\/jinsuncarbon.com\/#\/schema\/logo\/image\/\",\"url\":\"https:\/\/jinsuncarbon.com\/wp-content\/uploads\/2022\/12\/LOGO-1.png\",\"contentUrl\":\"https:\/\/jinsuncarbon.com\/wp-content\/uploads\/2022\/12\/LOGO-1.png\",\"width\":207,\"height\":80,\"caption\":\"Jinsun Carbon\"},\"image\":{\"@id\":\"https:\/\/jinsuncarbon.com\/#\/schema\/logo\/image\/\"},\"sameAs\":[\"https:\/\/www.facebook.com\/Graphite-Electrode-109336238661595\",\"https:\/\/x.com\/jinsuncarbon_\",\"https:\/\/www.linkedin.com\/in\/jinsungraphite\",\"https:\/\/www.youtube.com\/channel\/UCysDNyvyR5-3cCWEmpkVC0g\"]}]}<\/script>\n<!-- \/ Yoast SEO Premium plugin. -->","yoast_head_json":{"title":"Kohlenstoff-Verbundwerkstoff Hersteller in China | Jinsun Carbon","description":"Kohlenstoff-Kohlenstoff-Verbundwerkstoffe (CCCs) bestehen aus einer Kohlenstoffmatrix mit Kohlenstofffasern, die so angeordnet sind, dass sie die kleinste f\u00fcr die Struktur erforderliche Fl\u00e4che bilden.","robots":{"index":"index","follow":"follow","max-snippet":"max-snippet:-1","max-image-preview":"max-image-preview:large","max-video-preview":"max-video-preview:-1"},"canonical":"https:\/\/jinsuncarbon.com\/de\/produkt\/kohlenstoff-kohlenstoff-verbundstoff\/","og_locale":"de_DE","og_type":"article","og_title":"Carbon-Carbon Composite","og_description":"Carbon-carbon composite (CCCs) consist of a carbon matrix with carbon fibers arranged to achieve the smallest necessary area for the structure.","og_url":"https:\/\/jinsuncarbon.com\/de\/produkt\/kohlenstoff-kohlenstoff-verbundstoff\/","og_site_name":"Jinsun Carbon","article_publisher":"https:\/\/www.facebook.com\/Graphite-Electrode-109336238661595","article_modified_time":"2025-01-02T10:00:10+00:00","og_image":[{"width":1024,"height":763,"url":"https:\/\/jinsuncarbon.com\/wp-content\/uploads\/2024\/12\/Carbon-Carbon-Composite.jpg","type":"image\/jpeg"}],"twitter_card":"summary_large_image","twitter_site":"@jinsuncarbon_","twitter_misc":{"Gesch\u00e4tzte Lesezeit":"3\u00a0Minuten"},"schema":{"@context":"https:\/\/schema.org","@graph":[{"@type":"WebPage","@id":"https:\/\/jinsuncarbon.com\/product\/carbon-carbon-composite\/","url":"https:\/\/jinsuncarbon.com\/product\/carbon-carbon-composite\/","name":"Kohlenstoff-Verbundwerkstoff Hersteller in China | Jinsun Carbon","isPartOf":{"@id":"https:\/\/jinsuncarbon.com\/#website"},"primaryImageOfPage":{"@id":"https:\/\/jinsuncarbon.com\/product\/carbon-carbon-composite\/#primaryimage"},"image":{"@id":"https:\/\/jinsuncarbon.com\/product\/carbon-carbon-composite\/#primaryimage"},"thumbnailUrl":"https:\/\/jinsuncarbon.com\/wp-content\/uploads\/2024\/12\/Carbon-Carbon-Composite.jpg","datePublished":"2024-12-03T14:47:39+00:00","dateModified":"2025-01-02T10:00:10+00:00","description":"Kohlenstoff-Kohlenstoff-Verbundwerkstoffe (CCCs) bestehen aus einer Kohlenstoffmatrix mit Kohlenstofffasern, die so angeordnet sind, dass sie die kleinste f\u00fcr die Struktur erforderliche Fl\u00e4che bilden.","breadcrumb":{"@id":"https:\/\/jinsuncarbon.com\/product\/carbon-carbon-composite\/#breadcrumb"},"inLanguage":"de","potentialAction":[{"@type":"ReadAction","target":["https:\/\/jinsuncarbon.com\/product\/carbon-carbon-composite\/"]}]},{"@type":"ImageObject","inLanguage":"de","@id":"https:\/\/jinsuncarbon.com\/product\/carbon-carbon-composite\/#primaryimage","url":"https:\/\/jinsuncarbon.com\/wp-content\/uploads\/2024\/12\/Carbon-Carbon-Composite.jpg","contentUrl":"https:\/\/jinsuncarbon.com\/wp-content\/uploads\/2024\/12\/Carbon-Carbon-Composite.jpg","width":1024,"height":763,"caption":"Carbon-Carbon Composite"},{"@type":"BreadcrumbList","@id":"https:\/\/jinsuncarbon.com\/product\/carbon-carbon-composite\/#breadcrumb","itemListElement":[{"@type":"ListItem","position":1,"name":"Home","item":"https:\/\/jinsuncarbon.com\/"},{"@type":"ListItem","position":2,"name":"Products","item":"https:\/\/jinsuncarbon.com\/graphite-carbon\/"},{"@type":"ListItem","position":3,"name":"Carbon-Carbon Composite"}]},{"@type":"WebSite","@id":"https:\/\/jinsuncarbon.com\/#website","url":"https:\/\/jinsuncarbon.com\/","name":"Jinsun Kohlenstoff","description":"Wir sind der erfolgreiche Hersteller von Graphitelektroden in China","publisher":{"@id":"https:\/\/jinsuncarbon.com\/#organization"},"potentialAction":[{"@type":"SearchAction","target":{"@type":"EntryPoint","urlTemplate":"https:\/\/jinsuncarbon.com\/?s={search_term_string}"},"query-input":{"@type":"PropertyValueSpecification","valueRequired":true,"valueName":"search_term_string"}}],"inLanguage":"de"},{"@type":"Organization","@id":"https:\/\/jinsuncarbon.com\/#organization","name":"Jinsun Kohlenstoff","alternateName":"Jinsun Carbon","url":"https:\/\/jinsuncarbon.com\/","logo":{"@type":"ImageObject","inLanguage":"de","@id":"https:\/\/jinsuncarbon.com\/#\/schema\/logo\/image\/","url":"https:\/\/jinsuncarbon.com\/wp-content\/uploads\/2022\/12\/LOGO-1.png","contentUrl":"https:\/\/jinsuncarbon.com\/wp-content\/uploads\/2022\/12\/LOGO-1.png","width":207,"height":80,"caption":"Jinsun Carbon"},"image":{"@id":"https:\/\/jinsuncarbon.com\/#\/schema\/logo\/image\/"},"sameAs":["https:\/\/www.facebook.com\/Graphite-Electrode-109336238661595","https:\/\/x.com\/jinsuncarbon_","https:\/\/www.linkedin.com\/in\/jinsungraphite","https:\/\/www.youtube.com\/channel\/UCysDNyvyR5-3cCWEmpkVC0g"]}]}},"_links":{"self":[{"href":"https:\/\/jinsuncarbon.com\/de\/wp-json\/wp\/v2\/product\/6920","targetHints":{"allow":["GET"]}}],"collection":[{"href":"https:\/\/jinsuncarbon.com\/de\/wp-json\/wp\/v2\/product"}],"about":[{"href":"https:\/\/jinsuncarbon.com\/de\/wp-json\/wp\/v2\/types\/product"}],"wp:featuredmedia":[{"embeddable":true,"href":"https:\/\/jinsuncarbon.com\/de\/wp-json\/wp\/v2\/media\/6922"}],"wp:attachment":[{"href":"https:\/\/jinsuncarbon.com\/de\/wp-json\/wp\/v2\/media?parent=6920"}],"wp:term":[{"taxonomy":"product_brand","embeddable":true,"href":"https:\/\/jinsuncarbon.com\/de\/wp-json\/wp\/v2\/product_brand?post=6920"},{"taxonomy":"product_cat","embeddable":true,"href":"https:\/\/jinsuncarbon.com\/de\/wp-json\/wp\/v2\/product_cat?post=6920"},{"taxonomy":"product_tag","embeddable":true,"href":"https:\/\/jinsuncarbon.com\/de\/wp-json\/wp\/v2\/product_tag?post=6920"}],"curies":[{"name":"wp","href":"https:\/\/api.w.org\/{rel}","templated":true}]}}