{"id":6864,"date":"2024-11-30T02:12:51","date_gmt":"2024-11-30T02:12:51","guid":{"rendered":"https:\/\/jinsuncarbon.com\/?post_type=product&#038;p=6864"},"modified":"2024-12-01T04:40:26","modified_gmt":"2024-12-01T04:40:26","slug":"graphitdichtung","status":"publish","type":"product","link":"https:\/\/jinsuncarbon.com\/de\/produkt\/graphitdichtung\/","title":{"rendered":"Graphit-Dichtung"},"content":{"rendered":"<p>Graphitdichtung ist ein Dichtungsmaterial, das h\u00e4ufig bei hohen Temperaturen, hohem Druck und korrosionsbest\u00e4ndigen Anwendungen eingesetzt wird. Es wird auch h\u00e4ufig verwendet, um den Austritt von Gasen oder Fl\u00fcssigkeiten zwischen Trennfl\u00e4chen zu verhindern. Aus diesem Grund sind sie sehr vielseitig, langlebig und k\u00f6nnen hohen Temperaturen standhalten, wodurch sie sich gut f\u00fcr raue Umgebungen eignen.<\/p>\n<h2>Graphit-Dichtungen Spezifikationen<\/h2>\n<h3>Hohe Temperaturbest\u00e4ndigkeit<\/h3>\n<p>Eine Graphit-Dichtungsplatte ist in der Lage, hohe Temperaturen in einem Bereich von -200\u00b0C bis 450\u00b0C (-328\u00b0F -842\u00b0F) zu ertragen. Einige High-End-Modelle k\u00f6nnen sogar noch hei\u00dfere Temperaturen aushalten. In Branchen, in denen Hochtemperaturanwendungen \u00fcblich sind, erweisen sie sich als gut.<\/p>\n<h3>Korrosionsbest\u00e4ndigkeit<\/h3>\n<p><span class=\"\" data-type=\"2\" data-index=\"9\" data-gid=\"1\">Das Material der Graphitdichtung ist best\u00e4ndig gegen die meisten korrosiven Substanzen wie S\u00e4uren und Laugen.<\/span>\u00a0Aus diesem Grund tr\u00e4gt es zur Integrit\u00e4t der Dichtung in einer chemischen Umgebung bei.<\/p>\n<h3>Flexibel und komprimierbar<\/h3>\n<p>Sie haben eine hohe Kompression, so dass sie sich an unebene Oberfl\u00e4chen anpassen. Dies gew\u00e4hrleistet eine ordnungsgem\u00e4\u00dfe Abdichtung, selbst wenn Sie mit einer unebenen Oberfl\u00e4che oder hohen Drucksituationen konfrontiert sind.<\/p>\n<h3>Dauerhaftigkeit<\/h3>\n<p>Au\u00dferdem sind sie langlebig und sehr widerstandsf\u00e4hig gegen Abnutzung und Verschlei\u00df. Bei guter Pflege halten sie mehrere Jahrzehnte und m\u00fcssen nicht so oft ersetzt werden.<\/p>\n<h3>W\u00e4rmeleitf\u00e4higkeit<\/h3>\n<p>Graphit-Dichtungsmaterial ist ein guter W\u00e4rmeleiter. Dadurch wird eine \u00dcberhitzung verhindert und die Systemleistung aufrechterhalten, indem sichergestellt wird, dass die W\u00e4rme effizient von der Dichtungsfl\u00e4che abgeleitet wird.<\/p>\n<h3>Chemische Vertr\u00e4glichkeit<\/h3>\n<p>Graphitdichtungen bieten ein breites Spektrum an chemischer Vertr\u00e4glichkeit. Ganz gleich, ob Sie mit \u00d6len, Gasen oder L\u00f6sungsmitteln arbeiten - Dichtungen wie diese k\u00f6nnen eine zuverl\u00e4ssige Abdichtung gew\u00e4hrleisten, ohne dass es im Laufe der Zeit zu einem Abbau kommt.<\/p>\n<h3>Eins\u00e4tze: Mit Edelstahleinsatz, Drahtgeflecht<\/h3>\n<p>Viele verst\u00e4rkte Graphitdichtungen verf\u00fcgen \u00fcber Einlagen aus rostfreiem Stahl oder Drahtgeflecht, um zus\u00e4tzliche Festigkeit zu erreichen und Besch\u00e4digungen unter Druck zu vermeiden. Diese Einlagen erh\u00f6hen die Haltbarkeit und erhalten gleichzeitig die guten Dichtungseigenschaften von Graphit.<\/p>\n<h2>Verwendungen von Graphitdichtungen<\/h2>\n<h3>Kraftwerke<\/h3>\n<p>Abgasgraphitdichtungen kommen in Kraftwerken vor allem in Hochtemperatur- und Hochdruckumgebungen zum Einsatz, wo eine dauerhafte Dichtung f\u00fcr Sicherheit und Effizienz erforderlich ist.<\/p>\n<p>Chemische Verarbeitung<\/p>\n<p>Dichtungsmaterial aus Graphit wird h\u00e4ufig in chemischen Verarbeitungsbetrieben verwendet, da es mit den Chemikalien vertr\u00e4glich ist. Es kann Rohrleitungen und Ventile abdichten und das Austreten von Schadstoffen verhindern.<\/p>\n<p>Automobilindustrie<\/p>\n<p>F\u00fcr Motorkomponenten der Automobilhersteller werden Graphitdichtungen verwendet. Ihre Hitzebest\u00e4ndigkeit und Kompressibilit\u00e4t eignen sich f\u00fcr den Einsatz in Auspuffanlagen und anderen hochbelasteten Bereichen.<\/p>\n<h3>\u00d6l und Gas<\/h3>\n<p>Abgasgraphitdichtungen finden ihre Nische in der \u00d6l- und Gasindustrie bei der Abdichtung von Pipelines, Pumpen und Kompressoren, die hohen Dr\u00fccken und Temperaturen ausgesetzt sind.<\/p>\n<p>Auspuffrohre<\/p>\n<p>Haupts\u00e4chlich Auspuff-Graphit-Dichtungen, eine Art Hochtemperatur-Metallverbindung, ist sehr wichtig f\u00fcr die Abdichtung des Auspuffsystems, einer Umgebung mit hohen Temperaturen und korrosiven Gasen.<\/p>\n<p>Dynamische oder Wellendichtung<\/p>\n<p>Sie werden in dynamischen Dichtungen und Wellendichtungen in Form von Graphitdichtungen und Graphit <a href=\"https:\/\/jinsuncarbon.com\/de\/produkt\/graphitring\/\">Ring<\/a> Dichtungen. Ihre Flexibilit\u00e4t erm\u00f6glicht eine sichere Abdichtung unter wechselnden Bedingungen, wie z. B. in Pumpen oder Kompressoren.<\/p>\n<h2>Arten von Graphit-Dichtungen<\/h2>\n<h3>Reiner Graphit Dichtung<\/h3>\n<p>Diese Dichtungen werden aus reinem 100% hergestellt. <a href=\"https:\/\/jinsuncarbon.com\/de\/was-ist-graphit-und-woraus-besteht-graphit\/\">Graphit<\/a> die eine hervorragende Abdichtung in einer Vielzahl von Branchen gew\u00e4hrleistet.<\/p>\n<h3>Verst\u00e4rkte Graphit-Dichtungen<\/h3>\n<p>Diese Dichtungen verf\u00fcgen \u00fcber eine Einlage aus Edelstahl oder anderen verst\u00e4rkenden Materialien, damit sie hohem Druck standhalten; sie eignen sich hervorragend f\u00fcr Anwendungen an Bord.<\/p>\n<h3>Flexible Graphit-Dichtungen<\/h3>\n<p>Diese Dichtungen bieten eine hohe Flexibilit\u00e4t, die eine bessere Abdichtung erm\u00f6glicht, da sie sich an die Form der Oberfl\u00e4che anpassen. Sie werden h\u00e4ufig bei unebenen oder rauen Oberfl\u00e4chen eingesetzt.<\/p>\n<h3>Graphit-Kopfdichtung<\/h3>\n<p>Sie wird zur Abdichtung des Motors verwendet. Ihre Funktion bei hohen Temperaturen und hohem Druck ist es, sicherzustellen, dass es keine Temperaturunterschiede und Relativbewegungen zwischen dem Zylinderblock und dem Zylinderkopf aufgrund von thermischer Ausdehnung und Kontraktion gibt. Graphit-Zylinderkopfdichtungen haben eine viel bessere Dichtungsleistung als Asbestdichtungen oder Metalldichtungen.<\/p>\n<h3>Spiralf\u00f6rmig gewickelte Graphit-Dichtungen<\/h3>\n<p>Sie bestehen aus Lagen von Graphitmetallstreifen, die umeinander gewickelt sind. Sie bieten ein h\u00f6heres Ma\u00df an Abdichtung f\u00fcr <a href=\"https:\/\/en.wikipedia.org\/wiki\/Flange\" target=\"_blank\" rel=\"noopener\">geflanscht<\/a> Verbindungen.<\/p>\n<h3>Expandierte Graphit-Dichtungen<\/h3>\n<p>Dichtungen aus expandiertem Graphit sind von Natur aus por\u00f6ser, was gut f\u00fcr Anwendungen ist, die eine umfangreichere Art von <a href=\"https:\/\/en.wikipedia.org\/wiki\/Flexibility_(anatomy)\" target=\"_blank\" rel=\"noopener\">Flexibilit\u00e4t<\/a> und Versiegelung.<\/p>\n<h3><\/h3>\n<h2>Vorteile von Graphit-Dichtungen<\/h2>\n<p><strong>Hervorragende Siegelf\u00e4higkeit<\/strong><\/p>\n<p><span class=\"\" data-type=\"2\" data-index=\"19\" data-gid=\"2\">Graphitdichtungen dichten in allen Arten von Systemen gut ab.<\/span>\u00a0Sie passen sich an unregelm\u00e4\u00dfige Oberfl\u00e4chen an und sorgen f\u00fcr eine dichte, auslaufsichere Abdichtung.<\/p>\n<p><strong>Kosteng\u00fcnstig<\/strong><\/p>\n<p>Graphitdichtungen bieten eine hervorragende Leistung und sind im Vergleich zu den meisten Dichtungsmaterialien recht preiswert. Dies macht sie zu einem kosteneffektiven Vorteil f\u00fcr die Industrie weltweit.<\/p>\n<p><strong>Einfache Installation<\/strong><\/p>\n<p>Sie sind einfach zu installieren und k\u00f6nnen in Hoch- und Niederdrucksystemen verwendet werden. Dank ihrer Komprimierbarkeit passen sie sich mit minimalem Aufwand an den K\u00f6rper an und sorgen so f\u00fcr einen passgenauen Sitz.<\/p>\n<p><strong>Widerstandsf\u00e4hig gegen abrasiven Verschlei\u00df<\/strong><\/p>\n<p>Sie sind daher weniger anf\u00e4llig f\u00fcr Abnutzung durch abrasive Materialien. Dies erm\u00f6glicht eine lange Lebensdauer in anspruchsvollen Umgebungen.<\/p>","protected":false},"excerpt":{"rendered":"<p>Graphitdichtungen werden haupts\u00e4chlich in industriellen Rohrflanschen, W\u00e4rmetauschern, Kondensatoren, Generatoren, Ventilen usw. verwendet.\u00a0<span data-type=\"2\" data-index=\"1\" data-gid=\"0\">Material p<\/span>Eigenschaften sind:<\/p>\n<ul>\n<li><span data-type=\"0\" data-index=\"7\" data-gid=\"0\">Breiter Temperaturbereich<\/span><\/li>\n<li>Selbstschmierend<\/li>\n<li>Ausgezeichnete chemische Best\u00e4ndigkeit<\/li>\n<li>Hohe mechanische Festigkeit<\/li>\n<li>Hohe Druckbest\u00e4ndigkeit<\/li>\n<\/ul>","protected":false},"featured_media":6866,"template":"","meta":[],"product_brand":[],"product_cat":[38],"product_tag":[],"class_list":{"0":"post-6864","1":"product","2":"type-product","3":"status-publish","4":"has-post-thumbnail","6":"product_cat-graphite-products","8":"first","9":"instock","10":"shipping-taxable","11":"product-type-simple"},"yoast_head":"<!-- This site is optimized with the Yoast SEO Premium plugin v19.2.1 (Yoast SEO v27.5) - https:\/\/yoast.com\/product\/yoast-seo-premium-wordpress\/ -->\n<title>Graphite Gasket Manufacturer in China | Jinsun Carbon<\/title>\n<meta name=\"description\" content=\"Graphite gasket is a sealing material commonly used in high temperature, high pressure and corrosion resistant applications.\u00a0\" \/>\n<meta name=\"robots\" content=\"index, follow, max-snippet:-1, max-image-preview:large, max-video-preview:-1\" \/>\n<link rel=\"canonical\" href=\"https:\/\/jinsuncarbon.com\/de\/produkt\/graphitdichtung\/\" \/>\n<meta property=\"og:locale\" content=\"de_DE\" \/>\n<meta property=\"og:type\" content=\"article\" \/>\n<meta property=\"og:title\" content=\"Graphite Gasket\" \/>\n<meta property=\"og:description\" content=\"Graphite gasket is a sealing material commonly used in high temperature, high pressure and corrosion resistant applications.\u00a0\" \/>\n<meta property=\"og:url\" content=\"https:\/\/jinsuncarbon.com\/de\/produkt\/graphitdichtung\/\" \/>\n<meta property=\"og:site_name\" content=\"Jinsun Carbon\" \/>\n<meta property=\"article:publisher\" content=\"https:\/\/www.facebook.com\/Graphite-Electrode-109336238661595\" \/>\n<meta property=\"article:modified_time\" content=\"2024-12-01T04:40:26+00:00\" \/>\n<meta property=\"og:image\" content=\"https:\/\/jinsuncarbon.com\/wp-content\/uploads\/2024\/11\/Graphite-Gaskets-1.jpg\" \/>\n\t<meta property=\"og:image:width\" content=\"1024\" \/>\n\t<meta property=\"og:image:height\" content=\"763\" \/>\n\t<meta property=\"og:image:type\" content=\"image\/jpeg\" \/>\n<meta name=\"twitter:card\" content=\"summary_large_image\" \/>\n<meta name=\"twitter:site\" content=\"@jinsuncarbon_\" \/>\n<meta name=\"twitter:label1\" content=\"Gesch\u00e4tzte Lesezeit\" \/>\n\t<meta name=\"twitter:data1\" content=\"4\u00a0Minuten\" \/>\n<script type=\"application\/ld+json\" class=\"yoast-schema-graph\">{\"@context\":\"https:\\\/\\\/schema.org\",\"@graph\":[{\"@type\":\"WebPage\",\"@id\":\"https:\\\/\\\/jinsuncarbon.com\\\/product\\\/graphite-gasket\\\/\",\"url\":\"https:\\\/\\\/jinsuncarbon.com\\\/product\\\/graphite-gasket\\\/\",\"name\":\"Graphite Gasket Manufacturer in China | Jinsun Carbon\",\"isPartOf\":{\"@id\":\"https:\\\/\\\/jinsuncarbon.com\\\/#website\"},\"primaryImageOfPage\":{\"@id\":\"https:\\\/\\\/jinsuncarbon.com\\\/product\\\/graphite-gasket\\\/#primaryimage\"},\"image\":{\"@id\":\"https:\\\/\\\/jinsuncarbon.com\\\/product\\\/graphite-gasket\\\/#primaryimage\"},\"thumbnailUrl\":\"https:\\\/\\\/jinsuncarbon.com\\\/wp-content\\\/uploads\\\/2024\\\/11\\\/Graphite-Gaskets-1.jpg\",\"datePublished\":\"2024-11-30T02:12:51+00:00\",\"dateModified\":\"2024-12-01T04:40:26+00:00\",\"description\":\"Graphite gasket is a sealing material commonly used in high temperature, high pressure and corrosion resistant applications.\u00a0\",\"breadcrumb\":{\"@id\":\"https:\\\/\\\/jinsuncarbon.com\\\/product\\\/graphite-gasket\\\/#breadcrumb\"},\"inLanguage\":\"de\",\"potentialAction\":[{\"@type\":\"ReadAction\",\"target\":[\"https:\\\/\\\/jinsuncarbon.com\\\/product\\\/graphite-gasket\\\/\"]}]},{\"@type\":\"ImageObject\",\"inLanguage\":\"de\",\"@id\":\"https:\\\/\\\/jinsuncarbon.com\\\/product\\\/graphite-gasket\\\/#primaryimage\",\"url\":\"https:\\\/\\\/jinsuncarbon.com\\\/wp-content\\\/uploads\\\/2024\\\/11\\\/Graphite-Gaskets-1.jpg\",\"contentUrl\":\"https:\\\/\\\/jinsuncarbon.com\\\/wp-content\\\/uploads\\\/2024\\\/11\\\/Graphite-Gaskets-1.jpg\",\"width\":1024,\"height\":763,\"caption\":\"Graphite Gaskets\"},{\"@type\":\"BreadcrumbList\",\"@id\":\"https:\\\/\\\/jinsuncarbon.com\\\/product\\\/graphite-gasket\\\/#breadcrumb\",\"itemListElement\":[{\"@type\":\"ListItem\",\"position\":1,\"name\":\"Home\",\"item\":\"https:\\\/\\\/jinsuncarbon.com\\\/\"},{\"@type\":\"ListItem\",\"position\":2,\"name\":\"Products\",\"item\":\"https:\\\/\\\/jinsuncarbon.com\\\/graphite-carbon\\\/\"},{\"@type\":\"ListItem\",\"position\":3,\"name\":\"Graphite Gasket\"}]},{\"@type\":\"WebSite\",\"@id\":\"https:\\\/\\\/jinsuncarbon.com\\\/#website\",\"url\":\"https:\\\/\\\/jinsuncarbon.com\\\/\",\"name\":\"Jinsun Carbon\",\"description\":\"We are the successful graphite electrode manufacturer in China\",\"publisher\":{\"@id\":\"https:\\\/\\\/jinsuncarbon.com\\\/#organization\"},\"potentialAction\":[{\"@type\":\"SearchAction\",\"target\":{\"@type\":\"EntryPoint\",\"urlTemplate\":\"https:\\\/\\\/jinsuncarbon.com\\\/?s={search_term_string}\"},\"query-input\":{\"@type\":\"PropertyValueSpecification\",\"valueRequired\":true,\"valueName\":\"search_term_string\"}}],\"inLanguage\":\"de\"},{\"@type\":\"Organization\",\"@id\":\"https:\\\/\\\/jinsuncarbon.com\\\/#organization\",\"name\":\"Jinsun Carbon\",\"alternateName\":\"Jinsun Carbon\",\"url\":\"https:\\\/\\\/jinsuncarbon.com\\\/\",\"logo\":{\"@type\":\"ImageObject\",\"inLanguage\":\"de\",\"@id\":\"https:\\\/\\\/jinsuncarbon.com\\\/#\\\/schema\\\/logo\\\/image\\\/\",\"url\":\"https:\\\/\\\/jinsuncarbon.com\\\/wp-content\\\/uploads\\\/2022\\\/12\\\/LOGO-1.png\",\"contentUrl\":\"https:\\\/\\\/jinsuncarbon.com\\\/wp-content\\\/uploads\\\/2022\\\/12\\\/LOGO-1.png\",\"width\":207,\"height\":80,\"caption\":\"Jinsun Carbon\"},\"image\":{\"@id\":\"https:\\\/\\\/jinsuncarbon.com\\\/#\\\/schema\\\/logo\\\/image\\\/\"},\"sameAs\":[\"https:\\\/\\\/www.facebook.com\\\/Graphite-Electrode-109336238661595\",\"https:\\\/\\\/x.com\\\/jinsuncarbon_\",\"https:\\\/\\\/www.linkedin.com\\\/in\\\/jinsungraphite\",\"https:\\\/\\\/www.youtube.com\\\/channel\\\/UCysDNyvyR5-3cCWEmpkVC0g\"]}]}<\/script>\n<!-- \/ Yoast SEO Premium plugin. -->","yoast_head_json":{"title":"Graphit Dichtung Hersteller in China | Jinsun Carbon","description":"Die Graphitdichtung ist ein Dichtungsmaterial, das h\u00e4ufig bei hohen Temperaturen, hohem Druck und korrosionsbest\u00e4ndigen Anwendungen eingesetzt wird.\u00a0","robots":{"index":"index","follow":"follow","max-snippet":"max-snippet:-1","max-image-preview":"max-image-preview:large","max-video-preview":"max-video-preview:-1"},"canonical":"https:\/\/jinsuncarbon.com\/de\/produkt\/graphitdichtung\/","og_locale":"de_DE","og_type":"article","og_title":"Graphite Gasket","og_description":"Graphite gasket is a sealing material commonly used in high temperature, high pressure and corrosion resistant applications.\u00a0","og_url":"https:\/\/jinsuncarbon.com\/de\/produkt\/graphitdichtung\/","og_site_name":"Jinsun Carbon","article_publisher":"https:\/\/www.facebook.com\/Graphite-Electrode-109336238661595","article_modified_time":"2024-12-01T04:40:26+00:00","og_image":[{"width":1024,"height":763,"url":"https:\/\/jinsuncarbon.com\/wp-content\/uploads\/2024\/11\/Graphite-Gaskets-1.jpg","type":"image\/jpeg"}],"twitter_card":"summary_large_image","twitter_site":"@jinsuncarbon_","twitter_misc":{"Gesch\u00e4tzte Lesezeit":"4\u00a0Minuten"},"schema":{"@context":"https:\/\/schema.org","@graph":[{"@type":"WebPage","@id":"https:\/\/jinsuncarbon.com\/product\/graphite-gasket\/","url":"https:\/\/jinsuncarbon.com\/product\/graphite-gasket\/","name":"Graphit Dichtung Hersteller in China | Jinsun Carbon","isPartOf":{"@id":"https:\/\/jinsuncarbon.com\/#website"},"primaryImageOfPage":{"@id":"https:\/\/jinsuncarbon.com\/product\/graphite-gasket\/#primaryimage"},"image":{"@id":"https:\/\/jinsuncarbon.com\/product\/graphite-gasket\/#primaryimage"},"thumbnailUrl":"https:\/\/jinsuncarbon.com\/wp-content\/uploads\/2024\/11\/Graphite-Gaskets-1.jpg","datePublished":"2024-11-30T02:12:51+00:00","dateModified":"2024-12-01T04:40:26+00:00","description":"Die Graphitdichtung ist ein Dichtungsmaterial, das h\u00e4ufig bei hohen Temperaturen, hohem Druck und korrosionsbest\u00e4ndigen Anwendungen eingesetzt wird.\u00a0","breadcrumb":{"@id":"https:\/\/jinsuncarbon.com\/product\/graphite-gasket\/#breadcrumb"},"inLanguage":"de","potentialAction":[{"@type":"ReadAction","target":["https:\/\/jinsuncarbon.com\/product\/graphite-gasket\/"]}]},{"@type":"ImageObject","inLanguage":"de","@id":"https:\/\/jinsuncarbon.com\/product\/graphite-gasket\/#primaryimage","url":"https:\/\/jinsuncarbon.com\/wp-content\/uploads\/2024\/11\/Graphite-Gaskets-1.jpg","contentUrl":"https:\/\/jinsuncarbon.com\/wp-content\/uploads\/2024\/11\/Graphite-Gaskets-1.jpg","width":1024,"height":763,"caption":"Graphite Gaskets"},{"@type":"BreadcrumbList","@id":"https:\/\/jinsuncarbon.com\/product\/graphite-gasket\/#breadcrumb","itemListElement":[{"@type":"ListItem","position":1,"name":"Home","item":"https:\/\/jinsuncarbon.com\/"},{"@type":"ListItem","position":2,"name":"Products","item":"https:\/\/jinsuncarbon.com\/graphite-carbon\/"},{"@type":"ListItem","position":3,"name":"Graphite Gasket"}]},{"@type":"WebSite","@id":"https:\/\/jinsuncarbon.com\/#website","url":"https:\/\/jinsuncarbon.com\/","name":"Jinsun Kohlenstoff","description":"Wir sind der erfolgreiche Hersteller von Graphitelektroden in China","publisher":{"@id":"https:\/\/jinsuncarbon.com\/#organization"},"potentialAction":[{"@type":"SearchAction","target":{"@type":"EntryPoint","urlTemplate":"https:\/\/jinsuncarbon.com\/?s={search_term_string}"},"query-input":{"@type":"PropertyValueSpecification","valueRequired":true,"valueName":"search_term_string"}}],"inLanguage":"de"},{"@type":"Organization","@id":"https:\/\/jinsuncarbon.com\/#organization","name":"Jinsun Kohlenstoff","alternateName":"Jinsun Carbon","url":"https:\/\/jinsuncarbon.com\/","logo":{"@type":"ImageObject","inLanguage":"de","@id":"https:\/\/jinsuncarbon.com\/#\/schema\/logo\/image\/","url":"https:\/\/jinsuncarbon.com\/wp-content\/uploads\/2022\/12\/LOGO-1.png","contentUrl":"https:\/\/jinsuncarbon.com\/wp-content\/uploads\/2022\/12\/LOGO-1.png","width":207,"height":80,"caption":"Jinsun Carbon"},"image":{"@id":"https:\/\/jinsuncarbon.com\/#\/schema\/logo\/image\/"},"sameAs":["https:\/\/www.facebook.com\/Graphite-Electrode-109336238661595","https:\/\/x.com\/jinsuncarbon_","https:\/\/www.linkedin.com\/in\/jinsungraphite","https:\/\/www.youtube.com\/channel\/UCysDNyvyR5-3cCWEmpkVC0g"]}]}},"_links":{"self":[{"href":"https:\/\/jinsuncarbon.com\/de\/wp-json\/wp\/v2\/product\/6864","targetHints":{"allow":["GET"]}}],"collection":[{"href":"https:\/\/jinsuncarbon.com\/de\/wp-json\/wp\/v2\/product"}],"about":[{"href":"https:\/\/jinsuncarbon.com\/de\/wp-json\/wp\/v2\/types\/product"}],"wp:featuredmedia":[{"embeddable":true,"href":"https:\/\/jinsuncarbon.com\/de\/wp-json\/wp\/v2\/media\/6866"}],"wp:attachment":[{"href":"https:\/\/jinsuncarbon.com\/de\/wp-json\/wp\/v2\/media?parent=6864"}],"wp:term":[{"taxonomy":"product_brand","embeddable":true,"href":"https:\/\/jinsuncarbon.com\/de\/wp-json\/wp\/v2\/product_brand?post=6864"},{"taxonomy":"product_cat","embeddable":true,"href":"https:\/\/jinsuncarbon.com\/de\/wp-json\/wp\/v2\/product_cat?post=6864"},{"taxonomy":"product_tag","embeddable":true,"href":"https:\/\/jinsuncarbon.com\/de\/wp-json\/wp\/v2\/product_tag?post=6864"}],"curies":[{"name":"wp","href":"https:\/\/api.w.org\/{rel}","templated":true}]}}