{"id":6860,"date":"2024-11-30T08:51:26","date_gmt":"2024-11-30T08:51:26","guid":{"rendered":"https:\/\/jinsuncarbon.com\/?post_type=product&#038;p=6860"},"modified":"2024-12-05T01:58:32","modified_gmt":"2024-12-05T01:58:32","slug":"graphitbarren","status":"publish","type":"product","link":"https:\/\/jinsuncarbon.com\/de\/produkt\/graphitbarren\/","title":{"rendered":"Graphit-Barren"},"content":{"rendered":"<h2>Graphit Barren Hersteller<\/h2>\n<p>Graphitbl\u00f6cke haben mehrere wichtige Eigenschaften, die sie in verschiedenen Industriezweigen n\u00fctzlich machen:<\/p>\n<ul>\n<li>Hohe Dichte: Graphitbl\u00f6cke haben eine Sch\u00fcttdichte von 1,78 bis 1,9 g\/cm3. Dies sorgt f\u00fcr eine hervorragende mechanische Festigkeit und Druckbest\u00e4ndigkeit.<\/li>\n<\/ul>\n<p>&nbsp;<\/p>\n<ul>\n<li>\u00a0Niedriger Aschegehalt: Der Aschegehalt von Graphitbl\u00f6cken betr\u00e4gt in der Regel \u22640,15%. Dies gew\u00e4hrleistet eine hohe Reinheit und eine geringere Verunreinigung in verschiedenen Prozessen.<\/li>\n<\/ul>\n<p>&nbsp;<\/p>\n<ul>\n<li>Korrosionsbest\u00e4ndigkeit: Graphitbl\u00f6cke haben eine ausgezeichnete Schlagfestigkeit und Korrosionsbest\u00e4ndigkeit gegen\u00fcber S\u00e4uren und Laugen. Die stabile Leistung von Graphitbl\u00f6cken gew\u00e4hrleistet die Zuverl\u00e4ssigkeit des Produkts.<\/li>\n<\/ul>\n<p>&nbsp;<\/p>\n<ul>\n<li>Elektrisch: Graphit ist ein Kohlenstoffelement mit einem hohen Grad an Gitterintegrit\u00e4t. Seine Gitterform \u00e4hnelt einer Bienenwabe und hat hervorragende elektrische <a href=\"https:\/\/jinsuncarbon.com\/de\/elektrischer-widerstand-von-graphit\/\">Leitf\u00e4higkeit<\/a>. Auch wenn es im Vergleich zu Metallen weniger leistungsf\u00e4hig ist, kann es aufgrund seiner hohen Leitf\u00e4higkeit und Komprimierbarkeit bei einigen Anwendungen Vorteile bieten. So kann Graphit beispielsweise als leitf\u00e4higer Film dienen und Metalle ersetzen, um eine h\u00f6here Ger\u00e4teleistung zu erzielen und die Materialkosten zu senken. Die Herstellung von leitf\u00e4higen Graphitfolien ist relativ einfach und billiger, so dass sie in Massenproduktion hergestellt werden k\u00f6nnen. In vielen F\u00e4llen halten sie l\u00e4nger als Metallfolien.<\/li>\n<\/ul>\n<p>&nbsp;<\/p>\n<ul>\n<li>Nachhaltiges Material: Graphitkokillen sind sehr haltbar und haben eine lange Lebensdauer, so dass sie nicht so h\u00e4ufig ausgetauscht werden m\u00fcssen und weniger Abfall entsteht. Dar\u00fcber hinaus wird Graphit recycelt, was einen nachhaltigeren Herstellungsprozess erm\u00f6glicht. Ausrangierte Formen k\u00f6nnen dann wiederaufbereitet und f\u00fcr neue Anwendungen verwendet werden.<\/li>\n<\/ul>\n<p>&nbsp;<\/p>\n<p>Wie oben erw\u00e4hnt, hat der Graphitblock die Eigenschaften einer geringen thermischen Tr\u00e4gheit und einer schnellen Erhitzungsf\u00e4higkeit. Er kann hohen Temperaturen und Hitzeschocks gut widerstehen. Da Graphitbl\u00f6cke eine gro\u00dfe Strahlungsfl\u00e4che und eine hohe Heizleistung haben, bieten sie eine stabile Grundleistung.<\/p>\n<p>&nbsp;<\/p>\n<h2>Anwendungen von Graphitbl\u00f6cken<\/h2>\n<p><strong>Metallurgie<\/strong>: Die Metallurgie verwendet Graphitbarren f\u00fcr den Pr\u00e4zisionsguss von Metallen wie Aluminium und sogar hochwertigen Metallen wie Gold, Silber, Platin und Palladium. Aufgrund seiner hervorragenden W\u00e4rmeleitf\u00e4higkeit und Selbstschmiereigenschaften kann Graphitbarren die Gie\u00dfgeschwindigkeit verbessern. Graphitbl\u00f6cke k\u00f6nnen die Ausbeute und die Produktqualit\u00e4t in vielerlei Hinsicht verbessern. Sie gew\u00e4hrleisten eine genaue Gr\u00f6\u00dfe, eine glatte Oberfl\u00e4che und eine gleichm\u00e4\u00dfige Kristallisationsstruktur.<\/p>\n<p><strong>Glasherstellung:<\/strong> Auch in der Glasherstellung werden Graphitbarren h\u00e4ufig verwendet. Zum Beispiel bei der Herstellung von Glasbeh\u00e4ltern und anderen Glasprodukten. Es kann geschmolzenes Glas abk\u00fchlen, ohne bei extremer Hitze zu brechen.<\/p>\n<p><strong>Schmuckherstellung:<\/strong> Bei Edelmetallen wie Gold- und Silberschmuck ist bei der Herstellung mehr Vorsicht geboten. Die Eigenschaften von Graphit machen den Anpassungsprozess von Barren relativ einfach. Es kann geschmolzene Edelmetalle abk\u00fchlen, ohne bei extremer Hitze zu brechen.<\/p>\n<p><strong>Strangguss von Nichteisenmetallen:<\/strong> Viele Hersteller haben mit Erfolg k\u00fcnstliches Graphitmaterial beim Druckguss von Nichteisenmetallen eingesetzt. Die Produktion von Zink- und Kupferlegierungen <a href=\"https:\/\/www.merriam-webster.com\/dictionary\/casting\" target=\"_blank\" rel=\"noopener\">Gussteile<\/a> wurden in Automobilteilen verwendet.<\/p>\n<p>&nbsp;<\/p>\n<h2>Technische Spezifikationen von Graphitbarren<\/h2>\n<p>Hochreiner Graphit ist eine Art Kohlenstoffmaterial mit hohem Reinheitsgrad, und seine technischen Spezifikationen variieren je nach Qualit\u00e4t. Im Folgenden sind einige wichtige Graphitprodukte und ihre entsprechenden Indikatoren aufgef\u00fchrt:<\/p>\n<p>&nbsp;<\/p>\n<p>1. LC50-99,9: hat einen hohen Gehalt an festem Kohlenstoff, der 99,90% erreicht, und einen sehr niedrigen Wassergehalt von nur 0,20%. Diese hohe Reinheit macht es geeignet f\u00fcr strenge Dichtungsanwendungen. Beispielsweise als flexibles Graphitdichtungsmaterial, das auch unter extremen Bedingungen eine gute Leistung erbringt.<\/p>\n<p>2. LC300-99.9: Der Gehalt an festem Kohlenstoff ist etwas niedriger, aber immer noch h\u00f6her als 99,9%. Und der Feuchtigkeitsgehalt wird unter 20,0% kontrolliert. Dadurch eignen sich die Barren f\u00fcr Anwendungen mit hohen Anforderungen an die Schmierleistung. Es kann also als Grundmaterial f\u00fcr Schmiermittel verwendet werden.<\/p>\n<p>3. LC180-99,9 und LC(I)150-99,99: Diese Graphitsorten haben ebenfalls einen hohen Reinheitsgrad und einen kontrollierten Feuchtigkeitsgehalt von 20,0%. Sie sind f\u00fcr bestimmte industrielle Anwendungen geeignet. So zum Beispiel als Material, das eine h\u00f6here Reinheit und Stabilit\u00e4t erfordert.<\/p>","protected":false},"excerpt":{"rendered":"<p>Graphitbl\u00f6cke sind Bl\u00f6cke aus hochreinem Graphit, die in bestimmte Formen gebracht werden und in vielen Branchen als Gussformen verwendet werden.<\/p>\n<p>Unsere Graphitbl\u00f6cke werden durch isostatisches Pressen hergestellt. Dadurch zeichnen sie sich durch hohe Festigkeit, hohe Reinheit, hohe Dichte, hohe chemische Stabilit\u00e4t und gute physikalische Eigenschaften aus. Dar\u00fcber hinaus k\u00f6nnen wir auch eine Vielzahl von Graphitbarrenformen herstellen, einschlie\u00dflich kundenspezifischer Barren, um Ihren unterschiedlichen Anforderungen gerecht zu werden.<\/p>","protected":false},"featured_media":6871,"template":"","meta":[],"product_brand":[],"product_cat":[38],"product_tag":[],"class_list":{"0":"post-6860","1":"product","2":"type-product","3":"status-publish","4":"has-post-thumbnail","6":"product_cat-graphite-products","8":"first","9":"instock","10":"shipping-taxable","11":"product-type-simple"},"yoast_head":"<!-- This site is optimized with the Yoast SEO Premium plugin v19.2.1 (Yoast SEO v25.3) - https:\/\/yoast.com\/wordpress\/plugins\/seo\/ -->\n<title>Graphite Ingot Manufacturer in China<\/title>\n<meta name=\"robots\" content=\"index, follow, max-snippet:-1, max-image-preview:large, max-video-preview:-1\" \/>\n<link rel=\"canonical\" href=\"https:\/\/jinsuncarbon.com\/de\/produkt\/graphitbarren\/\" \/>\n<meta property=\"og:locale\" content=\"de_DE\" \/>\n<meta property=\"og:type\" content=\"article\" \/>\n<meta property=\"og:title\" content=\"Graphite Ingot\" \/>\n<meta property=\"og:description\" content=\"Graphite ingots are blocks of high purity graphite formed into specific shapes, and many industries use them as molds to casting.  Our graphite ingot is produced by isostatic pressing. This allows them to have the characteristics of high strength, high purity, high density, high chemical stability and good physical properties. Besides, we can also manufacture a variety of graphite ingot molds, including customized ingots to meet your different needs.\" \/>\n<meta property=\"og:url\" content=\"https:\/\/jinsuncarbon.com\/de\/produkt\/graphitbarren\/\" \/>\n<meta property=\"og:site_name\" content=\"Jinsun Carbon\" \/>\n<meta property=\"article:publisher\" content=\"https:\/\/www.facebook.com\/Graphite-Electrode-109336238661595\" \/>\n<meta property=\"article:modified_time\" content=\"2024-12-05T01:58:32+00:00\" \/>\n<meta property=\"og:image\" content=\"https:\/\/jinsuncarbon.com\/wp-content\/uploads\/2024\/11\/Graphite-Ingot.jpg\" \/>\n\t<meta property=\"og:image:width\" content=\"1024\" \/>\n\t<meta property=\"og:image:height\" content=\"763\" \/>\n\t<meta property=\"og:image:type\" content=\"image\/jpeg\" \/>\n<meta name=\"twitter:card\" content=\"summary_large_image\" \/>\n<meta name=\"twitter:site\" content=\"@jinsuncarbon_\" \/>\n<meta name=\"twitter:label1\" content=\"Gesch\u00e4tzte Lesezeit\" \/>\n\t<meta name=\"twitter:data1\" content=\"3\u00a0Minuten\" \/>\n<script type=\"application\/ld+json\" class=\"yoast-schema-graph\">{\"@context\":\"https:\/\/schema.org\",\"@graph\":[{\"@type\":\"WebPage\",\"@id\":\"https:\/\/jinsuncarbon.com\/product\/graphite-ingot\/\",\"url\":\"https:\/\/jinsuncarbon.com\/product\/graphite-ingot\/\",\"name\":\"Graphite Ingot Manufacturer in China\",\"isPartOf\":{\"@id\":\"https:\/\/jinsuncarbon.com\/#website\"},\"primaryImageOfPage\":{\"@id\":\"https:\/\/jinsuncarbon.com\/product\/graphite-ingot\/#primaryimage\"},\"image\":{\"@id\":\"https:\/\/jinsuncarbon.com\/product\/graphite-ingot\/#primaryimage\"},\"thumbnailUrl\":\"https:\/\/jinsuncarbon.com\/wp-content\/uploads\/2024\/11\/Graphite-Ingot.jpg\",\"datePublished\":\"2024-11-30T08:51:26+00:00\",\"dateModified\":\"2024-12-05T01:58:32+00:00\",\"breadcrumb\":{\"@id\":\"https:\/\/jinsuncarbon.com\/product\/graphite-ingot\/#breadcrumb\"},\"inLanguage\":\"de\",\"potentialAction\":[{\"@type\":\"ReadAction\",\"target\":[\"https:\/\/jinsuncarbon.com\/product\/graphite-ingot\/\"]}]},{\"@type\":\"ImageObject\",\"inLanguage\":\"de\",\"@id\":\"https:\/\/jinsuncarbon.com\/product\/graphite-ingot\/#primaryimage\",\"url\":\"https:\/\/jinsuncarbon.com\/wp-content\/uploads\/2024\/11\/Graphite-Ingot.jpg\",\"contentUrl\":\"https:\/\/jinsuncarbon.com\/wp-content\/uploads\/2024\/11\/Graphite-Ingot.jpg\",\"width\":1024,\"height\":763,\"caption\":\"Graphite Ingot\"},{\"@type\":\"BreadcrumbList\",\"@id\":\"https:\/\/jinsuncarbon.com\/product\/graphite-ingot\/#breadcrumb\",\"itemListElement\":[{\"@type\":\"ListItem\",\"position\":1,\"name\":\"Home\",\"item\":\"https:\/\/jinsuncarbon.com\/\"},{\"@type\":\"ListItem\",\"position\":2,\"name\":\"Products\",\"item\":\"https:\/\/jinsuncarbon.com\/graphite-carbon\/\"},{\"@type\":\"ListItem\",\"position\":3,\"name\":\"Graphite Ingot\"}]},{\"@type\":\"WebSite\",\"@id\":\"https:\/\/jinsuncarbon.com\/#website\",\"url\":\"https:\/\/jinsuncarbon.com\/\",\"name\":\"Jinsun Carbon\",\"description\":\"We are the successful graphite electrode manufacturer in China\",\"publisher\":{\"@id\":\"https:\/\/jinsuncarbon.com\/#organization\"},\"potentialAction\":[{\"@type\":\"SearchAction\",\"target\":{\"@type\":\"EntryPoint\",\"urlTemplate\":\"https:\/\/jinsuncarbon.com\/?s={search_term_string}\"},\"query-input\":{\"@type\":\"PropertyValueSpecification\",\"valueRequired\":true,\"valueName\":\"search_term_string\"}}],\"inLanguage\":\"de\"},{\"@type\":\"Organization\",\"@id\":\"https:\/\/jinsuncarbon.com\/#organization\",\"name\":\"Jinsun Carbon\",\"alternateName\":\"Jinsun Carbon\",\"url\":\"https:\/\/jinsuncarbon.com\/\",\"logo\":{\"@type\":\"ImageObject\",\"inLanguage\":\"de\",\"@id\":\"https:\/\/jinsuncarbon.com\/#\/schema\/logo\/image\/\",\"url\":\"https:\/\/jinsuncarbon.com\/wp-content\/uploads\/2022\/12\/LOGO-1.png\",\"contentUrl\":\"https:\/\/jinsuncarbon.com\/wp-content\/uploads\/2022\/12\/LOGO-1.png\",\"width\":207,\"height\":80,\"caption\":\"Jinsun Carbon\"},\"image\":{\"@id\":\"https:\/\/jinsuncarbon.com\/#\/schema\/logo\/image\/\"},\"sameAs\":[\"https:\/\/www.facebook.com\/Graphite-Electrode-109336238661595\",\"https:\/\/x.com\/jinsuncarbon_\",\"https:\/\/www.linkedin.com\/in\/jinsungraphite\",\"https:\/\/www.youtube.com\/channel\/UCysDNyvyR5-3cCWEmpkVC0g\"]}]}<\/script>\n<!-- \/ Yoast SEO Premium plugin. -->","yoast_head_json":{"title":"Graphit Barren Hersteller in China","robots":{"index":"index","follow":"follow","max-snippet":"max-snippet:-1","max-image-preview":"max-image-preview:large","max-video-preview":"max-video-preview:-1"},"canonical":"https:\/\/jinsuncarbon.com\/de\/produkt\/graphitbarren\/","og_locale":"de_DE","og_type":"article","og_title":"Graphite Ingot","og_description":"Graphite ingots are blocks of high purity graphite formed into specific shapes, and many industries use them as molds to casting.  Our graphite ingot is produced by isostatic pressing. This allows them to have the characteristics of high strength, high purity, high density, high chemical stability and good physical properties. Besides, we can also manufacture a variety of graphite ingot molds, including customized ingots to meet your different needs.","og_url":"https:\/\/jinsuncarbon.com\/de\/produkt\/graphitbarren\/","og_site_name":"Jinsun Carbon","article_publisher":"https:\/\/www.facebook.com\/Graphite-Electrode-109336238661595","article_modified_time":"2024-12-05T01:58:32+00:00","og_image":[{"width":1024,"height":763,"url":"https:\/\/jinsuncarbon.com\/wp-content\/uploads\/2024\/11\/Graphite-Ingot.jpg","type":"image\/jpeg"}],"twitter_card":"summary_large_image","twitter_site":"@jinsuncarbon_","twitter_misc":{"Gesch\u00e4tzte Lesezeit":"3\u00a0Minuten"},"schema":{"@context":"https:\/\/schema.org","@graph":[{"@type":"WebPage","@id":"https:\/\/jinsuncarbon.com\/product\/graphite-ingot\/","url":"https:\/\/jinsuncarbon.com\/product\/graphite-ingot\/","name":"Graphit Barren Hersteller in China","isPartOf":{"@id":"https:\/\/jinsuncarbon.com\/#website"},"primaryImageOfPage":{"@id":"https:\/\/jinsuncarbon.com\/product\/graphite-ingot\/#primaryimage"},"image":{"@id":"https:\/\/jinsuncarbon.com\/product\/graphite-ingot\/#primaryimage"},"thumbnailUrl":"https:\/\/jinsuncarbon.com\/wp-content\/uploads\/2024\/11\/Graphite-Ingot.jpg","datePublished":"2024-11-30T08:51:26+00:00","dateModified":"2024-12-05T01:58:32+00:00","breadcrumb":{"@id":"https:\/\/jinsuncarbon.com\/product\/graphite-ingot\/#breadcrumb"},"inLanguage":"de","potentialAction":[{"@type":"ReadAction","target":["https:\/\/jinsuncarbon.com\/product\/graphite-ingot\/"]}]},{"@type":"ImageObject","inLanguage":"de","@id":"https:\/\/jinsuncarbon.com\/product\/graphite-ingot\/#primaryimage","url":"https:\/\/jinsuncarbon.com\/wp-content\/uploads\/2024\/11\/Graphite-Ingot.jpg","contentUrl":"https:\/\/jinsuncarbon.com\/wp-content\/uploads\/2024\/11\/Graphite-Ingot.jpg","width":1024,"height":763,"caption":"Graphite Ingot"},{"@type":"BreadcrumbList","@id":"https:\/\/jinsuncarbon.com\/product\/graphite-ingot\/#breadcrumb","itemListElement":[{"@type":"ListItem","position":1,"name":"Home","item":"https:\/\/jinsuncarbon.com\/"},{"@type":"ListItem","position":2,"name":"Products","item":"https:\/\/jinsuncarbon.com\/graphite-carbon\/"},{"@type":"ListItem","position":3,"name":"Graphite Ingot"}]},{"@type":"WebSite","@id":"https:\/\/jinsuncarbon.com\/#website","url":"https:\/\/jinsuncarbon.com\/","name":"Jinsun Kohlenstoff","description":"Wir sind der erfolgreiche Hersteller von Graphitelektroden in China","publisher":{"@id":"https:\/\/jinsuncarbon.com\/#organization"},"potentialAction":[{"@type":"SearchAction","target":{"@type":"EntryPoint","urlTemplate":"https:\/\/jinsuncarbon.com\/?s={search_term_string}"},"query-input":{"@type":"PropertyValueSpecification","valueRequired":true,"valueName":"search_term_string"}}],"inLanguage":"de"},{"@type":"Organization","@id":"https:\/\/jinsuncarbon.com\/#organization","name":"Jinsun Kohlenstoff","alternateName":"Jinsun Carbon","url":"https:\/\/jinsuncarbon.com\/","logo":{"@type":"ImageObject","inLanguage":"de","@id":"https:\/\/jinsuncarbon.com\/#\/schema\/logo\/image\/","url":"https:\/\/jinsuncarbon.com\/wp-content\/uploads\/2022\/12\/LOGO-1.png","contentUrl":"https:\/\/jinsuncarbon.com\/wp-content\/uploads\/2022\/12\/LOGO-1.png","width":207,"height":80,"caption":"Jinsun Carbon"},"image":{"@id":"https:\/\/jinsuncarbon.com\/#\/schema\/logo\/image\/"},"sameAs":["https:\/\/www.facebook.com\/Graphite-Electrode-109336238661595","https:\/\/x.com\/jinsuncarbon_","https:\/\/www.linkedin.com\/in\/jinsungraphite","https:\/\/www.youtube.com\/channel\/UCysDNyvyR5-3cCWEmpkVC0g"]}]}},"_links":{"self":[{"href":"https:\/\/jinsuncarbon.com\/de\/wp-json\/wp\/v2\/product\/6860","targetHints":{"allow":["GET"]}}],"collection":[{"href":"https:\/\/jinsuncarbon.com\/de\/wp-json\/wp\/v2\/product"}],"about":[{"href":"https:\/\/jinsuncarbon.com\/de\/wp-json\/wp\/v2\/types\/product"}],"wp:featuredmedia":[{"embeddable":true,"href":"https:\/\/jinsuncarbon.com\/de\/wp-json\/wp\/v2\/media\/6871"}],"wp:attachment":[{"href":"https:\/\/jinsuncarbon.com\/de\/wp-json\/wp\/v2\/media?parent=6860"}],"wp:term":[{"taxonomy":"product_brand","embeddable":true,"href":"https:\/\/jinsuncarbon.com\/de\/wp-json\/wp\/v2\/product_brand?post=6860"},{"taxonomy":"product_cat","embeddable":true,"href":"https:\/\/jinsuncarbon.com\/de\/wp-json\/wp\/v2\/product_cat?post=6860"},{"taxonomy":"product_tag","embeddable":true,"href":"https:\/\/jinsuncarbon.com\/de\/wp-json\/wp\/v2\/product_tag?post=6860"}],"curies":[{"name":"wp","href":"https:\/\/api.w.org\/{rel}","templated":true}]}}