{"id":6842,"date":"2024-11-30T07:55:11","date_gmt":"2024-11-30T07:55:11","guid":{"rendered":"https:\/\/jinsuncarbon.com\/?post_type=product&#038;p=6842"},"modified":"2024-12-29T14:15:48","modified_gmt":"2024-12-29T14:15:48","slug":"ton-graphit-tiegel","status":"publish","type":"product","link":"https:\/\/jinsuncarbon.com\/de\/produkt\/ton-graphit-tiegel\/","title":{"rendered":"Lehm-Graphit-Tiegel"},"content":{"rendered":"<h2 class=\"ql-align-justify\">Lehm Graphit Tiegel Hersteller<\/h2>\n<p class=\"ql-align-justify\">Tontiegel aus Graphit weisen eine hervorragende Leistung unter Hochtemperaturbedingungen auf, da sie einen sehr hohen Schmelzpunkt haben und aus hochwertigen Materialien hergestellt sind. Im Vergleich zu herk\u00f6mmlichen Tontiegeln verl\u00e4ngert ihre dichte Struktur die Lebensdauer um das 3- bis 5-fache, gew\u00e4hrleistet eine perfekte W\u00e4rmeleitf\u00e4higkeit, reduziert den Energieverbrauch und minimiert das Anhaften von Schlacken. Das Ergebnis ist eine effiziente und umweltfreundliche W\u00e4rme\u00fcbertragung.<\/p>\n<p class=\"ql-align-justify\">Die Graphittiegel mit Tonknochen widerstehen Korrosion, Oxidation und Temperaturschocks. Durch fortschrittliche Behandlungsverfahren werden sie haltbarer und haben eine h\u00f6here Leitf\u00e4higkeit. Das Design ist einfach und umweltfreundlich. Das macht sie wirtschaftlicher und effizienter und damit perfekt f\u00fcr die industrielle Produktion.<\/p>\n<h2 class=\"ql-align-justify\">Anwendungen von Lehm-Graphit-Tiegeln<\/h2>\n<p class=\"ql-align-justify\">F\u00fcr das Schmelzen verschiedener Metalle werden weltweit Tiegel aus tonhaltigem Graphit verwendet. Sie eignen sich hervorragend f\u00fcr Nichteisenmetalle wie legiertes Kupfer, Rotkupfer und Messing. Sie k\u00f6nnen aber auch Zink, Aluminium, Blei, Zinn, Gold und Silber effektiv schmelzen. Diese Anwendungen erf\u00fcllen die Anforderungen in <a href=\"https:\/\/en.wikipedia.org\/wiki\/Metal_casting\" target=\"_blank\" rel=\"noopener\">Gie\u00dfen<\/a>Verarbeitung und Laboratorien.<\/p>\n<h2 class=\"ql-align-justify\">Wie stellt man einen Graphit-Tiegel aus Ton her?<\/h2>\n<p class=\"ql-align-justify\">Der Produktionsprozess umfasst eine Reihe von Vorg\u00e4ngen wie die Auswahl des Rohmaterials, das Mischen, Formen, Brennen und die Oberfl\u00e4chenbehandlung.<\/p>\n<p class=\"ql-align-justify\"><strong>Bestandteile des Tiegels<\/strong><\/p>\n<p class=\"ql-align-justify\">Zun\u00e4chst bereiten wir Rohstoffe wie <a href=\"https:\/\/jinsuncarbon.com\/de\/produkt\/lamellengraphit\/\">Lamellengraphit<\/a>Ton, Kieselerde, Wachsstein, usw. Der erste Schritt besteht darin, die Rohstoffe auf eine bestimmte Korngr\u00f6\u00dfe zu zerkleinern und alle Rohstoffe gem\u00e4\u00df der Rezeptur gleichm\u00e4\u00dfig zu mischen.<\/p>\n<p>Aufgrund der unterschiedlichen Metalle und Einsatzbedingungen des Tiegels ist das Verh\u00e4ltnis der verschiedenen Rohstoffe bei der Herstellung unterschiedlich. Bei der Zusammensetzung von Tongraphit-Tiegeln macht Graphit den gr\u00f6\u00dften Anteil aus.<\/p>\n<p>Am Beispiel der Verh\u00fcttung von kohlenstoffreichem Stahl sieht die Rezeptur des Tongraphit-Tiegels wie folgt aus: Flockengraphit 50-55%, feuerfester Ton: 38-40%, andere Zuschlagstoffe: 5-15%.<\/p>\n<p class=\"ql-align-justify\"><strong>Gie\u00dfen<\/strong><\/p>\n<p class=\"ql-align-justify\">Wir verwenden das Kompressionsformverfahren, um den Tiegel mit einer Stahlform als Form zu formen. Anschlie\u00dfend wird das getrocknete Halbfabrikat getrocknet.<\/p>\n<p class=\"ql-align-justify\"><strong>Feuern<\/strong><\/p>\n<p class=\"ql-align-justify\">Um genau zu sein, glasieren wir den Tiegel zun\u00e4chst und brennen ihn dann, nachdem die Glasurschicht getrocknet ist. Diese Tiegel werden in einem Brennofen bei 700-900 Grad Celsius gebrannt. Der Zweck des Brennens ist es, die Dichte und mechanische Festigkeit des Tiegels zu erh\u00f6hen.<\/p>\n<p class=\"ql-align-justify\">Durch dieses Verfahren wird eine kompakte Struktur im Tiegelmaterial erreicht. Auf diese Weise erh\u00e4lt das Keramikmaterial eine gute W\u00e4rmeleitf\u00e4higkeit, Hitzebest\u00e4ndigkeit und chemische Korrosionsbest\u00e4ndigkeit.<\/p>\n<p class=\"ql-align-justify\"><strong>Inspektion<\/strong><\/p>\n<p class=\"ql-align-justify\">Die abschlie\u00dfende Qualit\u00e4tspr\u00fcfung gew\u00e4hrleistet die Einhaltung der geforderten Schmelz- und Gussnormen.<\/p>\n<h2 class=\"ql-align-justify\">Warum unseren Tiegel w\u00e4hlen?<\/h2>\n<p class=\"ql-align-justify\">Unsere Tongraphit-Tiegel sind langlebig, gew\u00e4hrleisten eine hervorragende thermische Leistung und sind ideal zum Schmelzen von <a href=\"https:\/\/en.wikipedia.org\/wiki\/Copper\" target=\"_blank\" rel=\"noopener\">Kupfer<\/a>, Messing, Aluminium und Edelmetalle. Dar\u00fcber hinaus reduziert die l\u00e4ngere Lebensdauer den Kraftstoffverbrauch erheblich und spart Kosten. Schlie\u00dflich ist es in kundenspezifischer Gr\u00f6\u00dfe und Ausf\u00fchrung erh\u00e4ltlich, um verschiedene Anwendungsanforderungen effektiv zu erf\u00fcllen.<\/p>\n<div class=\"J_module\">\n<div class=\"ife-detail-decorate-table\">\n<table class=\"has-title is-zebra all magic-8\">\n<tbody>\n<tr>\n<td colspan=\"4\" rowspan=\"1\">\n<h3 class=\"magic-9\">\u00a0 \u00a0 \u00a0 \u00a0 \u00a0 \u00a0 \u00a0 \u00a0 \u00a0 \u00a0 \u00a0 \u00a0 \u00a0 \u00a0 \u00a0 \u00a0 \u00a0 \u00a0 \u00a0 \u00a0 \u00a0 \u00a0 \u00a0 \u00a0 \u00a0 \u00a0 \u00a0 C<span class=\"magic-10\">Graphit-Tiegel legen Gr\u00f6\u00dfen<\/span><\/h3>\n<\/td>\n<\/tr>\n<tr>\n<td colspan=\"1\" rowspan=\"1\">\n<div class=\"magic-15\">Nein.<\/div>\n<\/td>\n<td colspan=\"1\" rowspan=\"1\">\n<div class=\"magic-12\">H\u00f6he mm<\/div>\n<\/td>\n<td colspan=\"1\" rowspan=\"1\">\n<div class=\"magic-13\">Oberer OD mm<\/div>\n<\/td>\n<td colspan=\"1\" rowspan=\"1\">\n<div class=\"magic-12\">Unterer OD mm<\/div>\n<\/td>\n<\/tr>\n<tr>\n<td colspan=\"1\" rowspan=\"1\">\n<div class=\"magic-15\">2#<\/div>\n<\/td>\n<td colspan=\"1\" rowspan=\"1\">\n<div class=\"magic-12\">100<\/div>\n<\/td>\n<td colspan=\"1\" rowspan=\"1\">\n<div class=\"magic-13\">90<\/div>\n<\/td>\n<td colspan=\"1\" rowspan=\"1\">\n<div class=\"magic-12\">50<\/div>\n<\/td>\n<\/tr>\n<tr>\n<td colspan=\"1\" rowspan=\"1\">\n<div class=\"magic-15\">10#<\/div>\n<\/td>\n<td colspan=\"1\" rowspan=\"1\">\n<div class=\"magic-12\">173<\/div>\n<\/td>\n<td colspan=\"1\" rowspan=\"1\">\n<div class=\"magic-13\">162<\/div>\n<\/td>\n<td colspan=\"1\" rowspan=\"1\">\n<div class=\"magic-12\">95<\/div>\n<\/td>\n<\/tr>\n<tr>\n<td colspan=\"1\" rowspan=\"1\">\n<div class=\"magic-15\">10#<\/div>\n<\/td>\n<td colspan=\"1\" rowspan=\"1\">\n<div class=\"magic-12\">175<\/div>\n<\/td>\n<td colspan=\"1\" rowspan=\"1\">\n<div class=\"magic-13\">150<\/div>\n<\/td>\n<td colspan=\"1\" rowspan=\"1\">\n<div class=\"magic-12\">110<\/div>\n<\/td>\n<\/tr>\n<tr>\n<td colspan=\"1\" rowspan=\"1\">\n<div class=\"magic-15\">12#<\/div>\n<\/td>\n<td colspan=\"1\" rowspan=\"1\">\n<div class=\"magic-12\">180<\/div>\n<\/td>\n<td colspan=\"1\" rowspan=\"1\">\n<div class=\"magic-13\">155<\/div>\n<\/td>\n<td colspan=\"1\" rowspan=\"1\">\n<div class=\"magic-12\">105<\/div>\n<\/td>\n<\/tr>\n<tr>\n<td colspan=\"1\" rowspan=\"1\">\n<div class=\"magic-15\">20#<\/div>\n<\/td>\n<td colspan=\"1\" rowspan=\"1\">\n<div class=\"magic-12\">240<\/div>\n<\/td>\n<td colspan=\"1\" rowspan=\"1\">\n<div class=\"magic-13\">190<\/div>\n<\/td>\n<td colspan=\"1\" rowspan=\"1\">\n<div class=\"magic-12\">130<\/div>\n<\/td>\n<\/tr>\n<tr>\n<td colspan=\"1\" rowspan=\"1\">\n<div class=\"magic-15\">30#<\/div>\n<\/td>\n<td colspan=\"1\" rowspan=\"1\">\n<div class=\"magic-12\">260<\/div>\n<\/td>\n<td colspan=\"1\" rowspan=\"1\">\n<div class=\"magic-13\">210<\/div>\n<\/td>\n<td colspan=\"1\" rowspan=\"1\">\n<div class=\"magic-12\">145<\/div>\n<\/td>\n<\/tr>\n<tr>\n<td colspan=\"1\" rowspan=\"1\">\n<div class=\"magic-15\">30#<\/div>\n<\/td>\n<td colspan=\"1\" rowspan=\"1\">\n<div class=\"magic-12\">300<\/div>\n<\/td>\n<td colspan=\"1\" rowspan=\"1\">\n<div class=\"magic-13\">237<\/div>\n<\/td>\n<td colspan=\"1\" rowspan=\"1\">\n<div class=\"magic-12\">170<\/div>\n<\/td>\n<\/tr>\n<tr>\n<td colspan=\"1\" rowspan=\"1\">\n<div class=\"magic-15\">40#<\/div>\n<\/td>\n<td colspan=\"1\" rowspan=\"1\">\n<div class=\"magic-12\">325<\/div>\n<\/td>\n<td colspan=\"1\" rowspan=\"1\">\n<div class=\"magic-13\">275<\/div>\n<\/td>\n<td colspan=\"1\" rowspan=\"1\">\n<div class=\"magic-12\">185<\/div>\n<\/td>\n<\/tr>\n<tr>\n<td colspan=\"1\" rowspan=\"1\">\n<div class=\"magic-15\">70#<\/div>\n<\/td>\n<td colspan=\"1\" rowspan=\"1\">\n<div class=\"magic-12\">350<\/div>\n<\/td>\n<td colspan=\"1\" rowspan=\"1\">\n<div class=\"magic-13\">280<\/div>\n<\/td>\n<td colspan=\"1\" rowspan=\"1\">\n<div class=\"magic-12\">190<\/div>\n<\/td>\n<\/tr>\n<tr>\n<td colspan=\"1\" rowspan=\"1\">\n<div class=\"magic-15\">80#<\/div>\n<\/td>\n<td colspan=\"1\" rowspan=\"1\">\n<div class=\"magic-12\">360<\/div>\n<\/td>\n<td colspan=\"1\" rowspan=\"1\">\n<div class=\"magic-13\">300<\/div>\n<\/td>\n<td colspan=\"1\" rowspan=\"1\">\n<div class=\"magic-12\">195<\/div>\n<\/td>\n<\/tr>\n<tr>\n<td colspan=\"1\" rowspan=\"1\">\n<div class=\"magic-15\">100#<\/div>\n<\/td>\n<td colspan=\"1\" rowspan=\"1\">\n<div class=\"magic-12\">380<\/div>\n<\/td>\n<td colspan=\"1\" rowspan=\"1\">\n<div class=\"magic-13\">325<\/div>\n<\/td>\n<td colspan=\"1\" rowspan=\"1\">\n<div class=\"magic-12\">225<\/div>\n<\/td>\n<\/tr>\n<tr>\n<td colspan=\"1\" rowspan=\"1\">\n<div class=\"magic-15\">120#<\/div>\n<\/td>\n<td colspan=\"1\" rowspan=\"1\">\n<div class=\"magic-12\">400<\/div>\n<\/td>\n<td colspan=\"1\" rowspan=\"1\">\n<div class=\"magic-13\">347<\/div>\n<\/td>\n<td colspan=\"1\" rowspan=\"1\">\n<div class=\"magic-12\">230<\/div>\n<\/td>\n<\/tr>\n<tr>\n<td colspan=\"1\" rowspan=\"1\">\n<div class=\"magic-15\">150#<\/div>\n<\/td>\n<td colspan=\"1\" rowspan=\"1\">\n<div class=\"magic-12\">435<\/div>\n<\/td>\n<td colspan=\"1\" rowspan=\"1\">\n<div class=\"magic-13\">355<\/div>\n<\/td>\n<td colspan=\"1\" rowspan=\"1\">\n<div class=\"magic-12\">255<\/div>\n<\/td>\n<\/tr>\n<tr>\n<td colspan=\"1\" rowspan=\"1\">\n<div class=\"magic-15\">200#<\/div>\n<\/td>\n<td colspan=\"1\" rowspan=\"1\">\n<div class=\"magic-12\">440<\/div>\n<\/td>\n<td colspan=\"1\" rowspan=\"1\">\n<div class=\"magic-13\">420<\/div>\n<\/td>\n<td colspan=\"1\" rowspan=\"1\">\n<div class=\"magic-12\">270<\/div>\n<\/td>\n<\/tr>\n<tr>\n<td colspan=\"1\" rowspan=\"1\">\n<div class=\"magic-15\">250#<\/div>\n<\/td>\n<td colspan=\"1\" rowspan=\"1\">\n<div class=\"magic-12\">510<\/div>\n<\/td>\n<td colspan=\"1\" rowspan=\"1\">\n<div class=\"magic-13\">420<\/div>\n<\/td>\n<td colspan=\"1\" rowspan=\"1\">\n<div class=\"magic-12\">300<\/div>\n<\/td>\n<\/tr>\n<tr>\n<td colspan=\"1\" rowspan=\"1\">\n<div class=\"magic-15\">300#<\/div>\n<\/td>\n<td colspan=\"1\" rowspan=\"1\">\n<div class=\"magic-12\">520<\/div>\n<\/td>\n<td colspan=\"1\" rowspan=\"1\">\n<div class=\"magic-13\">435<\/div>\n<\/td>\n<td colspan=\"1\" rowspan=\"1\">\n<div class=\"magic-12\">310<\/div>\n<\/td>\n<\/tr>\n<tr>\n<td colspan=\"1\" rowspan=\"1\">\n<div class=\"magic-15\">400#<\/div>\n<\/td>\n<td colspan=\"1\" rowspan=\"1\">\n<div class=\"magic-12\">690<\/div>\n<\/td>\n<td colspan=\"1\" rowspan=\"1\">\n<div class=\"magic-13\">510<\/div>\n<\/td>\n<td colspan=\"1\" rowspan=\"1\">\n<div class=\"magic-12\">320<\/div>\n<\/td>\n<\/tr>\n<tr>\n<td colspan=\"1\" rowspan=\"1\">\n<div class=\"magic-15\">500#<\/div>\n<\/td>\n<td colspan=\"1\" rowspan=\"1\">\n<div class=\"magic-12\">740<\/div>\n<\/td>\n<td colspan=\"1\" rowspan=\"1\">\n<div class=\"magic-13\">540<\/div>\n<\/td>\n<td colspan=\"1\" rowspan=\"1\">\n<div class=\"magic-12\">330<\/div>\n<\/td>\n<\/tr>\n<tr>\n<td colspan=\"1\" rowspan=\"1\">\n<div class=\"magic-15\">500#<\/div>\n<\/td>\n<td colspan=\"1\" rowspan=\"1\">\n<div class=\"magic-12\">700<\/div>\n<\/td>\n<td colspan=\"1\" rowspan=\"1\">\n<div class=\"magic-13\">470<\/div>\n<\/td>\n<td colspan=\"1\" rowspan=\"1\">\n<div class=\"magic-12\">450<\/div>\n<\/td>\n<\/tr>\n<tr>\n<td colspan=\"1\" rowspan=\"1\">\n<div class=\"magic-15\">800#<\/div>\n<\/td>\n<td colspan=\"1\" rowspan=\"1\">\n<div class=\"magic-12\">800<\/div>\n<\/td>\n<td colspan=\"1\" rowspan=\"1\">\n<div class=\"magic-13\">700<\/div>\n<\/td>\n<td colspan=\"1\" rowspan=\"1\">\n<div class=\"magic-12\">500<\/div>\n<\/td>\n<\/tr>\n<\/tbody>\n<\/table>\n<\/div>\n<\/div>\n<div class=\"J_module\">\n<div class=\"ife-detail-decorate-table\">\n<table class=\"all magic-8\">\n<tbody>\n<tr>\n<td colspan=\"6\" rowspan=\"1\">\n<div class=\"magic-16\">\n<div class=\"magic-4\" data-spm-anchor-id=\"0.0.0.i8.7ff84f05xNnNLL\"><b data-spm-anchor-id=\"a2700.custom-template.0.i61.58fb3333EI6Q45\">\u00a0Spezifikation des Tiegels<\/b><\/div>\n<\/div>\n<\/td>\n<\/tr>\n<tr>\n<td colspan=\"1\" rowspan=\"1\">\n<div class=\"magic-22\">\n<div class=\"magic-4\">SIC<\/div>\n<\/div>\n<\/td>\n<td colspan=\"1\" rowspan=\"1\">\n<div class=\"magic-17\">\n<div class=\"magic-4\">C<\/div>\n<\/div>\n<\/td>\n<td colspan=\"1\" rowspan=\"1\">\n<div class=\"magic-18\">\n<div class=\"magic-4\">BULK DENSITY<\/div>\n<\/div>\n<\/td>\n<td colspan=\"1\" rowspan=\"1\">\n<div class=\"magic-19\">\n<div class=\"magic-4\">SCHEINBARE POROSIT\u00c4T<\/div>\n<\/div>\n<\/td>\n<td colspan=\"1\" rowspan=\"1\">\n<div class=\"magic-20\">\n<div class=\"magic-4\">Modulus des Bruchs<\/div>\n<\/div>\n<\/td>\n<td colspan=\"1\" rowspan=\"1\">\n<div class=\"magic-23\">\n<div class=\"magic-4\">REFRATORINESS<\/div>\n<\/div>\n<\/td>\n<\/tr>\n<tr>\n<td colspan=\"1\" rowspan=\"1\">\n<div class=\"magic-22\">\n<div class=\"magic-4\">\u2265 40%<\/div>\n<\/div>\n<\/td>\n<td colspan=\"1\" rowspan=\"1\">\n<div class=\"magic-17\">\n<div class=\"magic-4\">\u2265 35%<\/div>\n<\/div>\n<\/td>\n<td colspan=\"1\" rowspan=\"1\">\n<div class=\"magic-18\">\n<div class=\"magic-4\">\u22652,2 G\/CM3<\/div>\n<\/div>\n<\/td>\n<td colspan=\"1\" rowspan=\"1\">\n<div class=\"magic-19\">\n<div class=\"magic-4\">\u00a0\u226415%<\/div>\n<\/div>\n<\/td>\n<td colspan=\"1\" rowspan=\"1\">\n<div class=\"magic-20\">\n<div class=\"magic-4\">\u226510Mpa<\/div>\n<\/div>\n<\/td>\n<td colspan=\"1\" rowspan=\"1\">\n<div class=\"magic-23\">\n<div class=\"magic-4\" data-spm-anchor-id=\"a2700.details.0.i64.4b3a7b5e8T8Tbo\">1790\u2103<\/div>\n<\/div>\n<\/td>\n<\/tr>\n<\/tbody>\n<\/table>\n<\/div>\n<\/div>\n<p>&nbsp;<\/p>","protected":false},"excerpt":{"rendered":"<p>F\u00fcr unsere Tongraphit-Tiegel werden hochwertige Rohstoffe verwendet, darunter Flockengraphit, Siliziumkarbid und feuerfester Ton. Diese Rohstoffe werden zerkleinert, gesiebt, geknetet, geformt und schlie\u00dflich gesintert. Diese Schmelztiegel weisen eine bessere strukturelle Stabilit\u00e4t und Widerstandsf\u00e4higkeit gegen\u00fcber hohen Temperaturen, Temperaturschocks und Korrosion auf. Sie sind oxidationsbest\u00e4ndig und k\u00f6nnen in offenen Elektro\u00f6fen verwendet werden. Dar\u00fcber hinaus ist der Preis von Tongraphit-Tiegeln relativ g\u00fcnstig und liegt unter dem von k\u00fcnstlichem Graphit. <a href=\"https:\/\/jinsuncarbon.com\/de\/produkt\/graphit-tiegel\/\">Schmelztiegel<\/a>.<\/p>","protected":false},"featured_media":6869,"template":"","meta":[],"product_brand":[],"product_cat":[38],"product_tag":[],"class_list":{"0":"post-6842","1":"product","2":"type-product","3":"status-publish","4":"has-post-thumbnail","6":"product_cat-graphite-products","8":"first","9":"instock","10":"shipping-taxable","11":"product-type-simple"},"yoast_head":"<!-- This site is optimized with the Yoast SEO Premium plugin v19.2.1 (Yoast SEO v25.3) - https:\/\/yoast.com\/wordpress\/plugins\/seo\/ -->\n<title>Clay Graphite Crucible Manufacturer in China | Jinsun Carbon<\/title>\n<meta name=\"robots\" content=\"index, follow, max-snippet:-1, max-image-preview:large, max-video-preview:-1\" \/>\n<link rel=\"canonical\" href=\"https:\/\/jinsuncarbon.com\/de\/produkt\/ton-graphit-tiegel\/\" \/>\n<meta property=\"og:locale\" content=\"de_DE\" \/>\n<meta property=\"og:type\" content=\"article\" \/>\n<meta property=\"og:title\" content=\"Clay Graphite Crucible\" \/>\n<meta property=\"og:description\" content=\"Our clay graphite crucibles use high-quality raw materials, including flake graphite, silicon carbide and refractory clay. These raw materials are crushed, screened, kneaded, molded, and finally sintered. These crucibles have better structural stability and resistance to high temperature, thermal shock and corrosion. They are resistant to oxidation and can be used in open electric furnaces. In addition, the price of clay graphite crucibles is relatively cheap, lower than that of artificial graphite crucibles.\" \/>\n<meta property=\"og:url\" content=\"https:\/\/jinsuncarbon.com\/de\/produkt\/ton-graphit-tiegel\/\" \/>\n<meta property=\"og:site_name\" content=\"Jinsun Carbon\" \/>\n<meta property=\"article:publisher\" content=\"https:\/\/www.facebook.com\/Graphite-Electrode-109336238661595\" \/>\n<meta property=\"article:modified_time\" content=\"2024-12-29T14:15:48+00:00\" \/>\n<meta property=\"og:image\" content=\"https:\/\/jinsuncarbon.com\/wp-content\/uploads\/2024\/11\/Clay-Graphite-Crucible.jpg\" \/>\n\t<meta property=\"og:image:width\" content=\"1024\" \/>\n\t<meta property=\"og:image:height\" content=\"763\" \/>\n\t<meta property=\"og:image:type\" content=\"image\/jpeg\" \/>\n<meta name=\"twitter:card\" content=\"summary_large_image\" \/>\n<meta name=\"twitter:site\" content=\"@jinsuncarbon_\" \/>\n<meta name=\"twitter:label1\" content=\"Gesch\u00e4tzte Lesezeit\" \/>\n\t<meta name=\"twitter:data1\" content=\"3\u00a0Minuten\" \/>\n<script type=\"application\/ld+json\" class=\"yoast-schema-graph\">{\"@context\":\"https:\/\/schema.org\",\"@graph\":[{\"@type\":\"WebPage\",\"@id\":\"https:\/\/jinsuncarbon.com\/product\/clay-graphite-crucible\/\",\"url\":\"https:\/\/jinsuncarbon.com\/product\/clay-graphite-crucible\/\",\"name\":\"Clay Graphite Crucible Manufacturer in China | Jinsun Carbon\",\"isPartOf\":{\"@id\":\"https:\/\/jinsuncarbon.com\/#website\"},\"primaryImageOfPage\":{\"@id\":\"https:\/\/jinsuncarbon.com\/product\/clay-graphite-crucible\/#primaryimage\"},\"image\":{\"@id\":\"https:\/\/jinsuncarbon.com\/product\/clay-graphite-crucible\/#primaryimage\"},\"thumbnailUrl\":\"https:\/\/jinsuncarbon.com\/wp-content\/uploads\/2024\/11\/Clay-Graphite-Crucible.jpg\",\"datePublished\":\"2024-11-30T07:55:11+00:00\",\"dateModified\":\"2024-12-29T14:15:48+00:00\",\"breadcrumb\":{\"@id\":\"https:\/\/jinsuncarbon.com\/product\/clay-graphite-crucible\/#breadcrumb\"},\"inLanguage\":\"de\",\"potentialAction\":[{\"@type\":\"ReadAction\",\"target\":[\"https:\/\/jinsuncarbon.com\/product\/clay-graphite-crucible\/\"]}]},{\"@type\":\"ImageObject\",\"inLanguage\":\"de\",\"@id\":\"https:\/\/jinsuncarbon.com\/product\/clay-graphite-crucible\/#primaryimage\",\"url\":\"https:\/\/jinsuncarbon.com\/wp-content\/uploads\/2024\/11\/Clay-Graphite-Crucible.jpg\",\"contentUrl\":\"https:\/\/jinsuncarbon.com\/wp-content\/uploads\/2024\/11\/Clay-Graphite-Crucible.jpg\",\"width\":1024,\"height\":763,\"caption\":\"Clay Graphite Crucible\"},{\"@type\":\"BreadcrumbList\",\"@id\":\"https:\/\/jinsuncarbon.com\/product\/clay-graphite-crucible\/#breadcrumb\",\"itemListElement\":[{\"@type\":\"ListItem\",\"position\":1,\"name\":\"Home\",\"item\":\"https:\/\/jinsuncarbon.com\/\"},{\"@type\":\"ListItem\",\"position\":2,\"name\":\"Products\",\"item\":\"https:\/\/jinsuncarbon.com\/graphite-carbon\/\"},{\"@type\":\"ListItem\",\"position\":3,\"name\":\"Clay Graphite Crucible\"}]},{\"@type\":\"WebSite\",\"@id\":\"https:\/\/jinsuncarbon.com\/#website\",\"url\":\"https:\/\/jinsuncarbon.com\/\",\"name\":\"Jinsun Carbon\",\"description\":\"We are the successful graphite electrode manufacturer in China\",\"publisher\":{\"@id\":\"https:\/\/jinsuncarbon.com\/#organization\"},\"potentialAction\":[{\"@type\":\"SearchAction\",\"target\":{\"@type\":\"EntryPoint\",\"urlTemplate\":\"https:\/\/jinsuncarbon.com\/?s={search_term_string}\"},\"query-input\":{\"@type\":\"PropertyValueSpecification\",\"valueRequired\":true,\"valueName\":\"search_term_string\"}}],\"inLanguage\":\"de\"},{\"@type\":\"Organization\",\"@id\":\"https:\/\/jinsuncarbon.com\/#organization\",\"name\":\"Jinsun Carbon\",\"alternateName\":\"Jinsun Carbon\",\"url\":\"https:\/\/jinsuncarbon.com\/\",\"logo\":{\"@type\":\"ImageObject\",\"inLanguage\":\"de\",\"@id\":\"https:\/\/jinsuncarbon.com\/#\/schema\/logo\/image\/\",\"url\":\"https:\/\/jinsuncarbon.com\/wp-content\/uploads\/2022\/12\/LOGO-1.png\",\"contentUrl\":\"https:\/\/jinsuncarbon.com\/wp-content\/uploads\/2022\/12\/LOGO-1.png\",\"width\":207,\"height\":80,\"caption\":\"Jinsun Carbon\"},\"image\":{\"@id\":\"https:\/\/jinsuncarbon.com\/#\/schema\/logo\/image\/\"},\"sameAs\":[\"https:\/\/www.facebook.com\/Graphite-Electrode-109336238661595\",\"https:\/\/x.com\/jinsuncarbon_\",\"https:\/\/www.linkedin.com\/in\/jinsungraphite\",\"https:\/\/www.youtube.com\/channel\/UCysDNyvyR5-3cCWEmpkVC0g\"]}]}<\/script>\n<!-- \/ Yoast SEO Premium plugin. -->","yoast_head_json":{"title":"Ton Graphit Tiegel Hersteller in China | Jinsun Carbon","robots":{"index":"index","follow":"follow","max-snippet":"max-snippet:-1","max-image-preview":"max-image-preview:large","max-video-preview":"max-video-preview:-1"},"canonical":"https:\/\/jinsuncarbon.com\/de\/produkt\/ton-graphit-tiegel\/","og_locale":"de_DE","og_type":"article","og_title":"Clay Graphite Crucible","og_description":"Our clay graphite crucibles use high-quality raw materials, including flake graphite, silicon carbide and refractory clay. These raw materials are crushed, screened, kneaded, molded, and finally sintered. These crucibles have better structural stability and resistance to high temperature, thermal shock and corrosion. They are resistant to oxidation and can be used in open electric furnaces. In addition, the price of clay graphite crucibles is relatively cheap, lower than that of artificial graphite crucibles.","og_url":"https:\/\/jinsuncarbon.com\/de\/produkt\/ton-graphit-tiegel\/","og_site_name":"Jinsun Carbon","article_publisher":"https:\/\/www.facebook.com\/Graphite-Electrode-109336238661595","article_modified_time":"2024-12-29T14:15:48+00:00","og_image":[{"width":1024,"height":763,"url":"https:\/\/jinsuncarbon.com\/wp-content\/uploads\/2024\/11\/Clay-Graphite-Crucible.jpg","type":"image\/jpeg"}],"twitter_card":"summary_large_image","twitter_site":"@jinsuncarbon_","twitter_misc":{"Gesch\u00e4tzte Lesezeit":"3\u00a0Minuten"},"schema":{"@context":"https:\/\/schema.org","@graph":[{"@type":"WebPage","@id":"https:\/\/jinsuncarbon.com\/product\/clay-graphite-crucible\/","url":"https:\/\/jinsuncarbon.com\/product\/clay-graphite-crucible\/","name":"Ton Graphit Tiegel Hersteller in China | Jinsun Carbon","isPartOf":{"@id":"https:\/\/jinsuncarbon.com\/#website"},"primaryImageOfPage":{"@id":"https:\/\/jinsuncarbon.com\/product\/clay-graphite-crucible\/#primaryimage"},"image":{"@id":"https:\/\/jinsuncarbon.com\/product\/clay-graphite-crucible\/#primaryimage"},"thumbnailUrl":"https:\/\/jinsuncarbon.com\/wp-content\/uploads\/2024\/11\/Clay-Graphite-Crucible.jpg","datePublished":"2024-11-30T07:55:11+00:00","dateModified":"2024-12-29T14:15:48+00:00","breadcrumb":{"@id":"https:\/\/jinsuncarbon.com\/product\/clay-graphite-crucible\/#breadcrumb"},"inLanguage":"de","potentialAction":[{"@type":"ReadAction","target":["https:\/\/jinsuncarbon.com\/product\/clay-graphite-crucible\/"]}]},{"@type":"ImageObject","inLanguage":"de","@id":"https:\/\/jinsuncarbon.com\/product\/clay-graphite-crucible\/#primaryimage","url":"https:\/\/jinsuncarbon.com\/wp-content\/uploads\/2024\/11\/Clay-Graphite-Crucible.jpg","contentUrl":"https:\/\/jinsuncarbon.com\/wp-content\/uploads\/2024\/11\/Clay-Graphite-Crucible.jpg","width":1024,"height":763,"caption":"Clay Graphite Crucible"},{"@type":"BreadcrumbList","@id":"https:\/\/jinsuncarbon.com\/product\/clay-graphite-crucible\/#breadcrumb","itemListElement":[{"@type":"ListItem","position":1,"name":"Home","item":"https:\/\/jinsuncarbon.com\/"},{"@type":"ListItem","position":2,"name":"Products","item":"https:\/\/jinsuncarbon.com\/graphite-carbon\/"},{"@type":"ListItem","position":3,"name":"Clay Graphite Crucible"}]},{"@type":"WebSite","@id":"https:\/\/jinsuncarbon.com\/#website","url":"https:\/\/jinsuncarbon.com\/","name":"Jinsun Kohlenstoff","description":"Wir sind der erfolgreiche Hersteller von Graphitelektroden in China","publisher":{"@id":"https:\/\/jinsuncarbon.com\/#organization"},"potentialAction":[{"@type":"SearchAction","target":{"@type":"EntryPoint","urlTemplate":"https:\/\/jinsuncarbon.com\/?s={search_term_string}"},"query-input":{"@type":"PropertyValueSpecification","valueRequired":true,"valueName":"search_term_string"}}],"inLanguage":"de"},{"@type":"Organization","@id":"https:\/\/jinsuncarbon.com\/#organization","name":"Jinsun Kohlenstoff","alternateName":"Jinsun Carbon","url":"https:\/\/jinsuncarbon.com\/","logo":{"@type":"ImageObject","inLanguage":"de","@id":"https:\/\/jinsuncarbon.com\/#\/schema\/logo\/image\/","url":"https:\/\/jinsuncarbon.com\/wp-content\/uploads\/2022\/12\/LOGO-1.png","contentUrl":"https:\/\/jinsuncarbon.com\/wp-content\/uploads\/2022\/12\/LOGO-1.png","width":207,"height":80,"caption":"Jinsun Carbon"},"image":{"@id":"https:\/\/jinsuncarbon.com\/#\/schema\/logo\/image\/"},"sameAs":["https:\/\/www.facebook.com\/Graphite-Electrode-109336238661595","https:\/\/x.com\/jinsuncarbon_","https:\/\/www.linkedin.com\/in\/jinsungraphite","https:\/\/www.youtube.com\/channel\/UCysDNyvyR5-3cCWEmpkVC0g"]}]}},"_links":{"self":[{"href":"https:\/\/jinsuncarbon.com\/de\/wp-json\/wp\/v2\/product\/6842","targetHints":{"allow":["GET"]}}],"collection":[{"href":"https:\/\/jinsuncarbon.com\/de\/wp-json\/wp\/v2\/product"}],"about":[{"href":"https:\/\/jinsuncarbon.com\/de\/wp-json\/wp\/v2\/types\/product"}],"wp:featuredmedia":[{"embeddable":true,"href":"https:\/\/jinsuncarbon.com\/de\/wp-json\/wp\/v2\/media\/6869"}],"wp:attachment":[{"href":"https:\/\/jinsuncarbon.com\/de\/wp-json\/wp\/v2\/media?parent=6842"}],"wp:term":[{"taxonomy":"product_brand","embeddable":true,"href":"https:\/\/jinsuncarbon.com\/de\/wp-json\/wp\/v2\/product_brand?post=6842"},{"taxonomy":"product_cat","embeddable":true,"href":"https:\/\/jinsuncarbon.com\/de\/wp-json\/wp\/v2\/product_cat?post=6842"},{"taxonomy":"product_tag","embeddable":true,"href":"https:\/\/jinsuncarbon.com\/de\/wp-json\/wp\/v2\/product_tag?post=6842"}],"curies":[{"name":"wp","href":"https:\/\/api.w.org\/{rel}","templated":true}]}}