{"id":6834,"date":"2024-11-26T11:37:08","date_gmt":"2024-11-26T11:37:08","guid":{"rendered":"https:\/\/jinsuncarbon.com\/?post_type=product&#038;p=6834"},"modified":"2025-10-02T07:22:10","modified_gmt":"2025-10-02T07:22:10","slug":"graphitelektrodenschrott","status":"publish","type":"product","link":"https:\/\/jinsuncarbon.com\/de\/produkt\/graphitelektrodenschrott\/","title":{"rendered":"Graphitelektrodenschrott"},"content":{"rendered":"<p>Graphitelektrodenschrott hat ein erhebliches Potenzial f\u00fcr die Wiederverwendung. Der Kohlenstoffgehalt ist noch zu einem betr\u00e4chtlichen Teil erhalten. Er bietet die M\u00f6glichkeit der Gewinnung von Sekund\u00e4rwerten f\u00fcr viele Industriezweige. Es gibt verschiedene Formen von Graphitelektrodenschrott, z. B. in Form von Bl\u00f6cken, Granulat usw., mit einer breiten Palette von Gr\u00f6\u00dfen. Ob Sie eine gro\u00dfe industrielle Umformung oder eine kleine Prozessinnovation sind, Sie k\u00f6nnen unsere professionellen Verarbeitungs- und Einsatzdienste nutzen. Gr\u00fcndliche Erkundung des verborgenen Wertes, so dass er genau an Ihr spezifisches Anwendungsszenario angepasst werden kann. Werden Sie f\u00fcr Ihre Kostensenkung, Effizienz, Ressourcenrecycling der richtige Assistent.<\/p>\n<p>&nbsp;<\/p>\n<h2>Vorteile von Graphitelektrodenschrott<\/h2>\n<ul>\n<li>Gute Wiederverwertbarkeit. Mit fortschrittlicher Recyclingtechnologie und -verfahren kann der Schrott effizient reintegriert werden. Die R\u00fcckgewinnungsrate kann 96% oder mehr erreichen. Es reduziert den Schrott von Ressourcen, spart eine Menge von Rohstoff Beschaffung Kosten f\u00fcr Unternehmen. Und der Recyclingprozess ist relativ einfach und schnell. Es kann in kurzer Zeit eine gro\u00dfe Menge an Schrott recyceln und so die Effizienz des Ressourcenrecyclings von Unternehmen effektiv verbessern.<\/li>\n<\/ul>\n<p>&nbsp;<\/p>\n<ul>\n<li>Potenzieller W\u00e4rmenutzungswert. In Hochtemperaturumgebungen kann Graphitelektrodenschrott stabil W\u00e4rme aufnehmen und speichern. Seine W\u00e4rmekapazit\u00e4t ist hoch und kann als hochwertiges W\u00e4rmeaustauschmedium in industriellen W\u00e4rmekreislaufsystemen verwendet werden. Au\u00dferdem reduziert es den Energieverbrauch und verbessert die Energieeffizienz.<\/li>\n<\/ul>\n<p>&nbsp;<\/p>\n<ul>\n<li>Sie haben eine gewisse Basis f\u00fcr die elektrische Leitf\u00e4higkeit. Es kann als leitf\u00e4higes Hilfsmaterial verwendet werden. Bei der Herstellung oder Schaltungsreparatur von elektronischen Bauteilen, die geringe Anforderungen an die Leitf\u00e4higkeit haben, aber bestimmte leitf\u00e4hige Eigenschaften erfordern.<\/li>\n<\/ul>\n<p>&nbsp;<\/p>\n<ul>\n<li>Die chemische Stabilit\u00e4t ist relativ hoch. Es kann der Erosion durch korrosive Substanzen wie starke S\u00e4uren und Laugen widerstehen. Dies verl\u00e4ngert die Lebensdauer von Beh\u00e4ltern und verringert die Kosten f\u00fcr die Wartung der Anlagen und die durch chemische Korrosion verursachten Ausfallzeiten.<\/li>\n<\/ul>\n<p>&nbsp;<\/p>\n<ul>\n<li>M\u00e4\u00dfige Dichte f\u00fcr einfache Handhabung. Es ist weder zu schwer, um den Transport und die Handhabung zu erschweren, noch zu leicht, um es zu handhaben. Der Schrott kann die Verluste und den Energieverbrauch der Anlagen verringern. Er verbessert auch die Effizienz der Aufbereitung und erleichtert den Unternehmen die Wiederaufbereitung und Nutzung von Graphitelektrodenschrott in gro\u00dfem Ma\u00dfstab.<\/li>\n<\/ul>\n<p>&nbsp;<\/p>\n<ul>\n<li>Der Gehalt an Verunreinigungen liegt im abtrennbaren Bereich. Durch herk\u00f6mmliche physikalische Trennverfahren wie Siebung, Flotation und chemische Reinigungsverfahren kann der Gehalt an Verunreinigungen auf ein extrem niedriges Niveau reduziert werden. So kann der gereinigte Graphitelektrodenschrott die h\u00f6heren Anforderungen industrieller Anwendungen erf\u00fcllen.<\/li>\n<\/ul>\n<p>&nbsp;<\/p>\n<h2>Verwendungen von Graphitelektrodenabf\u00e4llen<\/h2>\n<ul>\n<li><strong>Herstellung von Elektroden aus wiederverwertetem Graphit:<\/strong> Nach einer speziellen Prozessbehandlung kann Graphitelektrodenschrott als Teil des Rohmaterials f\u00fcr die Herstellung von Graphitelektroden wiederverwendet werden. Auf diese Weise k\u00f6nnen effektiv Ressourcen eingespart werden.<\/li>\n<\/ul>\n<p>&nbsp;<\/p>\n<ul>\n<li><strong>Herstellung von Kohlenstoffelektroden:<\/strong> Graphitelektrodensp\u00e4ne werden als Rohstoff f\u00fcr die Herstellung von <a href=\"https:\/\/jinsuncarbon.com\/de\/produkt\/kohleelektrode\/\">Kohleelektroden<\/a> vor allem, weil es die Leitf\u00e4higkeit von Kohlenstoffelektroden erheblich verbessern kann. Dar\u00fcber hinaus kann es auch die mechanische Festigkeit von Kohlenstoffelektroden erh\u00f6hen und ihre Struktur stabiler machen.<\/li>\n<\/ul>\n<p>&nbsp;<\/p>\n<ul>\n<li><strong>Herstellung von Kathodenkohlenstoffbl\u00f6cken:<\/strong> Nach der Zugabe von Graphitsp\u00e4nen bei der Herstellung von Kathodenkohlenstoffbl\u00f6cken wird der Widerstand der <a href=\"https:\/\/jinsuncarbon.com\/de\/produkt\/kathodenblock\/\">Kathodenkohlenstoffbl\u00f6cke<\/a> wird reduziert, was der Elektrolyse f\u00f6rderlich ist. Gleichzeitig ist der Graphit weich, was die Verarbeitung und das Formen der Kathodenkohlenstoffbl\u00f6cke erleichtert.<\/li>\n<\/ul>\n<p>&nbsp;<\/p>\n<ul>\n<li><strong>Stahl-Aufkohlungsanlage:<\/strong> Bei der Stahlherstellung kann durch die Zugabe von behandeltem Graphitelektrodenschrott der Kohlenstoffgehalt des geschmolzenen Stahls genau eingestellt werden. Au\u00dferdem wird dadurch die Qualit\u00e4t des Stahls verbessert.<\/li>\n<\/ul>\n<p>&nbsp;<\/p>\n<ul>\n<li><strong>Feuerfeste Zusatzstoffe:<\/strong> Wird es feuerfesten Materialien zugesetzt, kann es deren Hochtemperaturbest\u00e4ndigkeit und strukturelle Stabilit\u00e4t verbessern. Daher kann es die Lebensdauer von feuerfesten Materialien verl\u00e4ngern.<\/li>\n<\/ul>","protected":false},"excerpt":{"rendered":"<p>Graphitelektrodenschrott ist das Restmaterial, das bei der Herstellung oder Verwendung von Graphitelektroden anf\u00e4llt. Nach der Taufe und Ausf\u00e4llung vieler komplexer Prozesse birgt seine innere Struktur einzigartige Geheimnisse. Obwohl es sich um einen Abfall handelt, weist er immer noch die Kerneigenschaften von Graphitmaterialien auf. Der Graphitelektrodenschrott weist bestimmte Kristallstrukturmerkmale auf, die eine unregelm\u00e4\u00dfige blockige oder k\u00f6rnige Form aufweisen. In den meisten F\u00e4llen dienen sie als Reserve f\u00fcr erneuerbare Ressourcen.<\/p>","protected":false},"featured_media":6835,"template":"","meta":[],"product_brand":[],"product_cat":[38],"product_tag":[],"class_list":{"0":"post-6834","1":"product","2":"type-product","3":"status-publish","4":"has-post-thumbnail","6":"product_cat-graphite-products","8":"first","9":"instock","10":"shipping-taxable","11":"product-type-simple"},"yoast_head":"<!-- This site is optimized with the Yoast SEO Premium plugin v19.2.1 (Yoast SEO v25.3) - https:\/\/yoast.com\/wordpress\/plugins\/seo\/ -->\n<title>Graphite Electrode Scrap Manufacturer | Jinsun Carbon<\/title>\n<meta name=\"description\" content=\"Graphite electrode scrap has considerable potential for reuse. The carbon content is still maintained in a considerable proportion.\" \/>\n<meta name=\"robots\" content=\"index, follow, max-snippet:-1, max-image-preview:large, max-video-preview:-1\" \/>\n<link rel=\"canonical\" href=\"https:\/\/jinsuncarbon.com\/de\/produkt\/graphitelektrodenschrott\/\" \/>\n<meta property=\"og:locale\" content=\"de_DE\" \/>\n<meta property=\"og:type\" content=\"article\" \/>\n<meta property=\"og:title\" content=\"Graphite Electrode Scrap\" \/>\n<meta property=\"og:description\" content=\"Graphite electrode scrap has considerable potential for reuse. The carbon content is still maintained in a considerable proportion.\" \/>\n<meta property=\"og:url\" content=\"https:\/\/jinsuncarbon.com\/de\/produkt\/graphitelektrodenschrott\/\" \/>\n<meta property=\"og:site_name\" content=\"Jinsun Carbon\" \/>\n<meta property=\"article:publisher\" content=\"https:\/\/www.facebook.com\/Graphite-Electrode-109336238661595\" \/>\n<meta property=\"article:modified_time\" content=\"2025-10-02T07:22:10+00:00\" \/>\n<meta property=\"og:image\" content=\"https:\/\/jinsuncarbon.com\/wp-content\/uploads\/2024\/11\/Graphite-electrode-scrap.jpg\" \/>\n\t<meta property=\"og:image:width\" content=\"1024\" \/>\n\t<meta property=\"og:image:height\" content=\"763\" \/>\n\t<meta property=\"og:image:type\" content=\"image\/jpeg\" \/>\n<meta name=\"twitter:card\" content=\"summary_large_image\" \/>\n<meta name=\"twitter:site\" content=\"@jinsuncarbon_\" \/>\n<meta name=\"twitter:label1\" content=\"Gesch\u00e4tzte Lesezeit\" \/>\n\t<meta name=\"twitter:data1\" content=\"3\u00a0Minuten\" \/>\n<script type=\"application\/ld+json\" class=\"yoast-schema-graph\">{\"@context\":\"https:\/\/schema.org\",\"@graph\":[{\"@type\":\"WebPage\",\"@id\":\"https:\/\/jinsuncarbon.com\/product\/graphite-electrode-scrap\/\",\"url\":\"https:\/\/jinsuncarbon.com\/product\/graphite-electrode-scrap\/\",\"name\":\"Graphite Electrode Scrap Manufacturer | Jinsun Carbon\",\"isPartOf\":{\"@id\":\"https:\/\/jinsuncarbon.com\/#website\"},\"primaryImageOfPage\":{\"@id\":\"https:\/\/jinsuncarbon.com\/product\/graphite-electrode-scrap\/#primaryimage\"},\"image\":{\"@id\":\"https:\/\/jinsuncarbon.com\/product\/graphite-electrode-scrap\/#primaryimage\"},\"thumbnailUrl\":\"https:\/\/jinsuncarbon.com\/wp-content\/uploads\/2024\/11\/Graphite-electrode-scrap.jpg\",\"datePublished\":\"2024-11-26T11:37:08+00:00\",\"dateModified\":\"2025-10-02T07:22:10+00:00\",\"description\":\"Graphite electrode scrap has considerable potential for reuse. The carbon content is still maintained in a considerable proportion.\",\"breadcrumb\":{\"@id\":\"https:\/\/jinsuncarbon.com\/product\/graphite-electrode-scrap\/#breadcrumb\"},\"inLanguage\":\"de\",\"potentialAction\":[{\"@type\":\"ReadAction\",\"target\":[\"https:\/\/jinsuncarbon.com\/product\/graphite-electrode-scrap\/\"]}]},{\"@type\":\"ImageObject\",\"inLanguage\":\"de\",\"@id\":\"https:\/\/jinsuncarbon.com\/product\/graphite-electrode-scrap\/#primaryimage\",\"url\":\"https:\/\/jinsuncarbon.com\/wp-content\/uploads\/2024\/11\/Graphite-electrode-scrap.jpg\",\"contentUrl\":\"https:\/\/jinsuncarbon.com\/wp-content\/uploads\/2024\/11\/Graphite-electrode-scrap.jpg\",\"width\":1024,\"height\":763,\"caption\":\"Graphite electrode scrap\"},{\"@type\":\"BreadcrumbList\",\"@id\":\"https:\/\/jinsuncarbon.com\/product\/graphite-electrode-scrap\/#breadcrumb\",\"itemListElement\":[{\"@type\":\"ListItem\",\"position\":1,\"name\":\"Home\",\"item\":\"https:\/\/jinsuncarbon.com\/\"},{\"@type\":\"ListItem\",\"position\":2,\"name\":\"Products\",\"item\":\"https:\/\/jinsuncarbon.com\/graphite-carbon\/\"},{\"@type\":\"ListItem\",\"position\":3,\"name\":\"Graphite Electrode Scrap\"}]},{\"@type\":\"WebSite\",\"@id\":\"https:\/\/jinsuncarbon.com\/#website\",\"url\":\"https:\/\/jinsuncarbon.com\/\",\"name\":\"Jinsun Carbon\",\"description\":\"We are the successful graphite electrode manufacturer in China\",\"publisher\":{\"@id\":\"https:\/\/jinsuncarbon.com\/#organization\"},\"potentialAction\":[{\"@type\":\"SearchAction\",\"target\":{\"@type\":\"EntryPoint\",\"urlTemplate\":\"https:\/\/jinsuncarbon.com\/?s={search_term_string}\"},\"query-input\":{\"@type\":\"PropertyValueSpecification\",\"valueRequired\":true,\"valueName\":\"search_term_string\"}}],\"inLanguage\":\"de\"},{\"@type\":\"Organization\",\"@id\":\"https:\/\/jinsuncarbon.com\/#organization\",\"name\":\"Jinsun Carbon\",\"alternateName\":\"Jinsun Carbon\",\"url\":\"https:\/\/jinsuncarbon.com\/\",\"logo\":{\"@type\":\"ImageObject\",\"inLanguage\":\"de\",\"@id\":\"https:\/\/jinsuncarbon.com\/#\/schema\/logo\/image\/\",\"url\":\"https:\/\/jinsuncarbon.com\/wp-content\/uploads\/2022\/12\/LOGO-1.png\",\"contentUrl\":\"https:\/\/jinsuncarbon.com\/wp-content\/uploads\/2022\/12\/LOGO-1.png\",\"width\":207,\"height\":80,\"caption\":\"Jinsun Carbon\"},\"image\":{\"@id\":\"https:\/\/jinsuncarbon.com\/#\/schema\/logo\/image\/\"},\"sameAs\":[\"https:\/\/www.facebook.com\/Graphite-Electrode-109336238661595\",\"https:\/\/x.com\/jinsuncarbon_\",\"https:\/\/www.linkedin.com\/in\/jinsungraphite\",\"https:\/\/www.youtube.com\/channel\/UCysDNyvyR5-3cCWEmpkVC0g\"]}]}<\/script>\n<!-- \/ Yoast SEO Premium plugin. -->","yoast_head_json":{"title":"Graphitelektrodenschrott Hersteller | Jinsun Carbon","description":"Graphitelektrodenschrott hat ein erhebliches Potenzial f\u00fcr die Wiederverwendung. Der Kohlenstoffgehalt ist noch in einem betr\u00e4chtlichen Anteil erhalten.","robots":{"index":"index","follow":"follow","max-snippet":"max-snippet:-1","max-image-preview":"max-image-preview:large","max-video-preview":"max-video-preview:-1"},"canonical":"https:\/\/jinsuncarbon.com\/de\/produkt\/graphitelektrodenschrott\/","og_locale":"de_DE","og_type":"article","og_title":"Graphite Electrode Scrap","og_description":"Graphite electrode scrap has considerable potential for reuse. The carbon content is still maintained in a considerable proportion.","og_url":"https:\/\/jinsuncarbon.com\/de\/produkt\/graphitelektrodenschrott\/","og_site_name":"Jinsun Carbon","article_publisher":"https:\/\/www.facebook.com\/Graphite-Electrode-109336238661595","article_modified_time":"2025-10-02T07:22:10+00:00","og_image":[{"width":1024,"height":763,"url":"https:\/\/jinsuncarbon.com\/wp-content\/uploads\/2024\/11\/Graphite-electrode-scrap.jpg","type":"image\/jpeg"}],"twitter_card":"summary_large_image","twitter_site":"@jinsuncarbon_","twitter_misc":{"Gesch\u00e4tzte Lesezeit":"3\u00a0Minuten"},"schema":{"@context":"https:\/\/schema.org","@graph":[{"@type":"WebPage","@id":"https:\/\/jinsuncarbon.com\/product\/graphite-electrode-scrap\/","url":"https:\/\/jinsuncarbon.com\/product\/graphite-electrode-scrap\/","name":"Graphitelektrodenschrott Hersteller | Jinsun Carbon","isPartOf":{"@id":"https:\/\/jinsuncarbon.com\/#website"},"primaryImageOfPage":{"@id":"https:\/\/jinsuncarbon.com\/product\/graphite-electrode-scrap\/#primaryimage"},"image":{"@id":"https:\/\/jinsuncarbon.com\/product\/graphite-electrode-scrap\/#primaryimage"},"thumbnailUrl":"https:\/\/jinsuncarbon.com\/wp-content\/uploads\/2024\/11\/Graphite-electrode-scrap.jpg","datePublished":"2024-11-26T11:37:08+00:00","dateModified":"2025-10-02T07:22:10+00:00","description":"Graphitelektrodenschrott hat ein erhebliches Potenzial f\u00fcr die Wiederverwendung. Der Kohlenstoffgehalt ist noch in einem betr\u00e4chtlichen Anteil erhalten.","breadcrumb":{"@id":"https:\/\/jinsuncarbon.com\/product\/graphite-electrode-scrap\/#breadcrumb"},"inLanguage":"de","potentialAction":[{"@type":"ReadAction","target":["https:\/\/jinsuncarbon.com\/product\/graphite-electrode-scrap\/"]}]},{"@type":"ImageObject","inLanguage":"de","@id":"https:\/\/jinsuncarbon.com\/product\/graphite-electrode-scrap\/#primaryimage","url":"https:\/\/jinsuncarbon.com\/wp-content\/uploads\/2024\/11\/Graphite-electrode-scrap.jpg","contentUrl":"https:\/\/jinsuncarbon.com\/wp-content\/uploads\/2024\/11\/Graphite-electrode-scrap.jpg","width":1024,"height":763,"caption":"Graphite electrode scrap"},{"@type":"BreadcrumbList","@id":"https:\/\/jinsuncarbon.com\/product\/graphite-electrode-scrap\/#breadcrumb","itemListElement":[{"@type":"ListItem","position":1,"name":"Home","item":"https:\/\/jinsuncarbon.com\/"},{"@type":"ListItem","position":2,"name":"Products","item":"https:\/\/jinsuncarbon.com\/graphite-carbon\/"},{"@type":"ListItem","position":3,"name":"Graphite Electrode Scrap"}]},{"@type":"WebSite","@id":"https:\/\/jinsuncarbon.com\/#website","url":"https:\/\/jinsuncarbon.com\/","name":"Jinsun Kohlenstoff","description":"Wir sind der erfolgreiche Hersteller von Graphitelektroden in China","publisher":{"@id":"https:\/\/jinsuncarbon.com\/#organization"},"potentialAction":[{"@type":"SearchAction","target":{"@type":"EntryPoint","urlTemplate":"https:\/\/jinsuncarbon.com\/?s={search_term_string}"},"query-input":{"@type":"PropertyValueSpecification","valueRequired":true,"valueName":"search_term_string"}}],"inLanguage":"de"},{"@type":"Organization","@id":"https:\/\/jinsuncarbon.com\/#organization","name":"Jinsun Kohlenstoff","alternateName":"Jinsun Carbon","url":"https:\/\/jinsuncarbon.com\/","logo":{"@type":"ImageObject","inLanguage":"de","@id":"https:\/\/jinsuncarbon.com\/#\/schema\/logo\/image\/","url":"https:\/\/jinsuncarbon.com\/wp-content\/uploads\/2022\/12\/LOGO-1.png","contentUrl":"https:\/\/jinsuncarbon.com\/wp-content\/uploads\/2022\/12\/LOGO-1.png","width":207,"height":80,"caption":"Jinsun Carbon"},"image":{"@id":"https:\/\/jinsuncarbon.com\/#\/schema\/logo\/image\/"},"sameAs":["https:\/\/www.facebook.com\/Graphite-Electrode-109336238661595","https:\/\/x.com\/jinsuncarbon_","https:\/\/www.linkedin.com\/in\/jinsungraphite","https:\/\/www.youtube.com\/channel\/UCysDNyvyR5-3cCWEmpkVC0g"]}]}},"_links":{"self":[{"href":"https:\/\/jinsuncarbon.com\/de\/wp-json\/wp\/v2\/product\/6834","targetHints":{"allow":["GET"]}}],"collection":[{"href":"https:\/\/jinsuncarbon.com\/de\/wp-json\/wp\/v2\/product"}],"about":[{"href":"https:\/\/jinsuncarbon.com\/de\/wp-json\/wp\/v2\/types\/product"}],"wp:featuredmedia":[{"embeddable":true,"href":"https:\/\/jinsuncarbon.com\/de\/wp-json\/wp\/v2\/media\/6835"}],"wp:attachment":[{"href":"https:\/\/jinsuncarbon.com\/de\/wp-json\/wp\/v2\/media?parent=6834"}],"wp:term":[{"taxonomy":"product_brand","embeddable":true,"href":"https:\/\/jinsuncarbon.com\/de\/wp-json\/wp\/v2\/product_brand?post=6834"},{"taxonomy":"product_cat","embeddable":true,"href":"https:\/\/jinsuncarbon.com\/de\/wp-json\/wp\/v2\/product_cat?post=6834"},{"taxonomy":"product_tag","embeddable":true,"href":"https:\/\/jinsuncarbon.com\/de\/wp-json\/wp\/v2\/product_tag?post=6834"}],"curies":[{"name":"wp","href":"https:\/\/api.w.org\/{rel}","templated":true}]}}