{"id":6799,"date":"2024-11-25T09:34:57","date_gmt":"2024-11-25T09:34:57","guid":{"rendered":"https:\/\/jinsuncarbon.com\/?post_type=product&#038;p=6799"},"modified":"2024-12-01T12:56:31","modified_gmt":"2024-12-01T12:56:31","slug":"elektrode-aus-pyrolytischem-graphit","status":"publish","type":"product","link":"https:\/\/jinsuncarbon.com\/de\/produkt\/elektrode-aus-pyrolytischem-graphit\/","title":{"rendered":"Elektrode aus pyrolytischem Graphit"},"content":{"rendered":"<p>Die Elektrodenformen aus pyrolytischem Graphit sind vielf\u00e4ltig, flexibel in der Gr\u00f6\u00dfe und von ausgezeichneter Reinheit. Ob klein oder gro\u00df, es kann auf Ihre spezifischen Bed\u00fcrfnisse zugeschnitten werden. Durch den professionellen Anpassungsprozess kann sie perfekt an Ihre Projektanforderungen angepasst werden. Der Kohlenstoffgehalt der Graphitelektrode ist im Allgemeinen so hoch wie 98% oder h\u00f6her. Und es ist ein wohlverdientes Modell der hochreinen Elektrodenmaterialien.<\/p>\n<p>&nbsp;<\/p>\n<h2>Vorteile von Elektroden aus pyrolytischem Graphit<\/h2>\n<ul>\n<li><strong>Hohe Temperaturstabilit\u00e4t:<\/strong>\u00a0Pyrolytische Graphitelektroden k\u00f6nnen extrem hohen Temperaturen standhalten. Sie behalten ihre strukturelle Stabilit\u00e4t auch bei hohen Temperaturen von mehr als 3000 \u00b0C bei, ohne zu erweichen oder zu schmelzen. Dadurch k\u00f6nnen sie bei Hochtemperaturschmelzen, Hochtemperatursynthesen und anderen Verfahren stabil arbeiten. So zum Beispiel beim Schmelzen von Spezialmetallen. Dies kann hohe Temperaturen f\u00fcr eine lange Zeit zu widerstehen und weiterhin die Rolle der Elektroden zu spielen.<\/li>\n<\/ul>\n<p>&nbsp;<\/p>\n<ul>\n<li><strong>Ausgezeichnete elektrische Leitf\u00e4higkeit:<\/strong> Mit seiner guten elektrischen Leitf\u00e4higkeit kann es Strom effizient leiten. In elektrochemischen Anwendungen kann es den Widerstandsverlust effektiv reduzieren und die Energieeffizienz verbessern. In gro\u00dfen elektrolytischen Industrien, wie z.B. der elektrolytischen Aluminiumproduktion, hilft seine ausgezeichnete elektrische Leitf\u00e4higkeit, die Produktionskosten zu senken und die Produktionsgeschwindigkeit zu erh\u00f6hen.<\/li>\n<\/ul>\n<p>&nbsp;<\/p>\n<ul>\n<li><strong>Chemische Toleranz:<\/strong> Es hat eine starke chemische Tr\u00e4gheit, S\u00e4ure, Alkali, organische L\u00f6sungsmittel und andere chemische Substanzen. Es hat ein hohes Ma\u00df an Toleranz, nicht leicht zu chemischen Reaktionen und Korrosion. In der komplexen chemischen Umgebung im chemischen Bereich, wie das Vorhandensein von verschiedenen Elektrolyten und korrosiven Gasen, kann es f\u00fcr eine lange Zeit stabil laufen. Dadurch werden die H\u00e4ufigkeit des Elektrodenwechsels und die Wartungskosten reduziert.<\/li>\n<\/ul>\n<p>&nbsp;<\/p>\n<ul>\n<li><strong>Niedriger Ausdehnungskoeffizient:<\/strong> Der W\u00e4rmeausdehnungskoeffizient der Elektrode aus pyrolytischem Graphit ist sehr niedrig. Und ihre Gr\u00f6\u00dfe \u00e4ndert sich geringf\u00fcgig, wenn sich die Temperatur \u00e4ndert. Diese Eigenschaft ist besonders wichtig bei hochpr\u00e4zisen Bearbeitungs- und Versuchsprozessen. Zum Beispiel bei der Halbleiterherstellung. Dadurch wird die Ma\u00dfhaltigkeit der Elektroden bei unterschiedlichen Prozesstemperaturen gew\u00e4hrleistet und die Stabilit\u00e4t der Produktqualit\u00e4t sichergestellt.<\/li>\n<\/ul>\n<p>&nbsp;<\/p>\n<h2>Anwendungen von Elektroden aus pyrolytischem Graphit<\/h2>\n<p>Die Oberfl\u00e4che der Elektrode aus pyrolytischem Graphit kann modifiziert werden, um Ionen selektiv nachzuweisen. Beim Nachweis von Schwermetallionen zum Beispiel f\u00fchren chemisch modifizierte Elektroden zu spezifischen Reaktionen mit Schwermetallionen. Und die Ionenkonzentrationen werden entsprechend den Ver\u00e4nderungen der <a href=\"https:\/\/en.wikipedia.org\/wiki\/Electrochemistry\" target=\"_blank\" rel=\"noopener\">elektrochemisch<\/a> Signale. Es kann auch organische Stoffe erkennen. Wie der Nachweis von Glukose und anderen biologischen kleinen Komponenten, die auf der Elektrodenoberfl\u00e4che der Glukose-Oxidase und anderen biologischen Enzymen. Es verwendet das Enzym und Glukose spezifische Reaktion durch das elektrische Signal \u00c4nderungen f\u00fcr die quantitative Erfassung erzeugt.<\/p>\n<p>&nbsp;<\/p>\n<p><strong>Auf dem Gebiet der elektrochemischen Forschung,<\/strong> die Elektrode aus pyrolytischem Graphit hat eine gute Leitf\u00e4higkeit und Stabilit\u00e4t. Und wir k\u00f6nnen es verwenden, um den Ladungstransferprozess auf dem <a href=\"https:\/\/jinsuncarbon.com\/de\/produkt\/graphitstab-elektrode\/\">Elektrode<\/a> Oberfl\u00e4che, Adsorptions- und Desorptionsprozesse von Substanzen und andere kinetische Probleme. Dies hilft, den Mechanismus der elektrochemischen Reaktion besser zu verstehen. Und es bietet theoretische Unterst\u00fctzung f\u00fcr die Entwicklung von leistungsstarken elektrochemischen Ger\u00e4ten. Gleichzeitig k\u00f6nnen wir es auch als Katalysatortr\u00e4ger verwenden und verschiedene Katalysatoren laden, um die Auswirkungen elektrokatalytischer Reaktionen zu untersuchen. Dazu geh\u00f6ren die Sauerstoffreduktionsreaktion, die Wasserstoffentwicklungsreaktion, usw.. So k\u00f6nnen wir effiziente elektrokatalytische Materialien und Reaktionssysteme erforschen. Dies f\u00f6rdert auch den Fortschritt von Brennstoffzellen, Elektrolytwasser und anderen Technologien.<\/p>\n<p>&nbsp;<\/p>\n<p><strong>Unter <a href=\"https:\/\/en.wikipedia.org\/wiki\/Sensor#:~:text=In%20the%20broadest%20definition%2C%20a,electronics%2C%20frequently%20a%20computer%20processor.\" target=\"_blank\" rel=\"noopener\">Sensor<\/a> Anwendungen,<\/strong> Elektroden aus pyrolytischem Graphit k\u00f6nnen auf bestimmte Gase reagieren. So werden beispielsweise empfindliche Materialien wie Metalloxide auf der Elektrodenoberfl\u00e4che modifiziert, um Gase wie Sauerstoff, Wasserstoff und <a href=\"https:\/\/jinsuncarbon.com\/de\/verwendung-von-kohlenstoff\/\">Kohlenstoff<\/a> Monoxid. Es k\u00f6nnen auch Biosensoren zum Nachweis von Substanzen oder biologischer Aktivit\u00e4t in lebenden Organismen hergestellt werden. Kombinieren Sie es zum Beispiel mit Enzymen, Antik\u00f6rpern, Nukleins\u00e4uren und anderen biometrischen Elementen. Dann kann es schnell und empfindlich Blutzucker, Blutfette, Krankheitserreger usw. nachweisen.<\/p>","protected":false},"excerpt":{"rendered":"<p>Die Elektrode aus pyrolytischem Graphit wird sorgf\u00e4ltig nach dem hochmodernen CVD-Verfahren (chemische Gasphasenabscheidung) hergestellt. Bei hoher Temperatur und in einer genau kontrollierten Umgebung werden kohlenstoffhaltige Gase thermisch zersetzt. Die Kohlenstoffatome werden pr\u00e4zise abgeschieden. Und durch die hoch geordnete Kristallstruktur werden Graphitschichten mit einzigartigen Strukturen geformt. Dies gilt insbesondere f\u00fcr die wichtige Kantenebenenstruktur, die das Material von anderen Materialien abhebt und eine au\u00dfergew\u00f6hnliche Leistung erm\u00f6glicht.<\/p>","protected":false},"featured_media":6800,"template":"","meta":[],"product_brand":[],"product_cat":[38],"product_tag":[],"class_list":{"0":"post-6799","1":"product","2":"type-product","3":"status-publish","4":"has-post-thumbnail","6":"product_cat-graphite-products","8":"first","9":"instock","10":"shipping-taxable","11":"product-type-simple"},"yoast_head":"<!-- This site is optimized with the Yoast SEO Premium plugin v19.2.1 (Yoast SEO v25.3) - https:\/\/yoast.com\/wordpress\/plugins\/seo\/ -->\n<title>Pyrolytic Graphite Electrode Manufacturer in China<\/title>\n<meta name=\"description\" content=\"Pyrolytic graphite electrode is constructed by the cutting-edge CVD (chemical vapor deposition) process, it can be based on your specific needs.\" \/>\n<meta name=\"robots\" content=\"index, follow, max-snippet:-1, max-image-preview:large, max-video-preview:-1\" \/>\n<link rel=\"canonical\" href=\"https:\/\/jinsuncarbon.com\/de\/produkt\/elektrode-aus-pyrolytischem-graphit\/\" \/>\n<meta property=\"og:locale\" content=\"de_DE\" \/>\n<meta property=\"og:type\" content=\"article\" \/>\n<meta property=\"og:title\" content=\"Pyrolytic Graphite Electrode\" \/>\n<meta property=\"og:description\" content=\"Pyrolytic graphite electrode is constructed by the cutting-edge CVD (chemical vapor deposition) process, it can be based on your specific needs.\" \/>\n<meta property=\"og:url\" content=\"https:\/\/jinsuncarbon.com\/de\/produkt\/elektrode-aus-pyrolytischem-graphit\/\" \/>\n<meta property=\"og:site_name\" content=\"Jinsun Carbon\" \/>\n<meta property=\"article:publisher\" content=\"https:\/\/www.facebook.com\/Graphite-Electrode-109336238661595\" \/>\n<meta property=\"article:modified_time\" content=\"2024-12-01T12:56:31+00:00\" \/>\n<meta property=\"og:image\" content=\"https:\/\/jinsuncarbon.com\/wp-content\/uploads\/2024\/11\/pyrolytic-graphite-electrode.jpg\" \/>\n\t<meta property=\"og:image:width\" content=\"1024\" \/>\n\t<meta property=\"og:image:height\" content=\"763\" \/>\n\t<meta property=\"og:image:type\" content=\"image\/jpeg\" \/>\n<meta name=\"twitter:card\" content=\"summary_large_image\" \/>\n<meta name=\"twitter:site\" content=\"@jinsuncarbon_\" \/>\n<meta name=\"twitter:label1\" content=\"Gesch\u00e4tzte Lesezeit\" \/>\n\t<meta name=\"twitter:data1\" content=\"3\u00a0Minuten\" \/>\n<script type=\"application\/ld+json\" class=\"yoast-schema-graph\">{\"@context\":\"https:\/\/schema.org\",\"@graph\":[{\"@type\":\"WebPage\",\"@id\":\"https:\/\/jinsuncarbon.com\/product\/pyrolytic-graphite-electrode\/\",\"url\":\"https:\/\/jinsuncarbon.com\/product\/pyrolytic-graphite-electrode\/\",\"name\":\"Pyrolytic Graphite Electrode Manufacturer in China\",\"isPartOf\":{\"@id\":\"https:\/\/jinsuncarbon.com\/#website\"},\"primaryImageOfPage\":{\"@id\":\"https:\/\/jinsuncarbon.com\/product\/pyrolytic-graphite-electrode\/#primaryimage\"},\"image\":{\"@id\":\"https:\/\/jinsuncarbon.com\/product\/pyrolytic-graphite-electrode\/#primaryimage\"},\"thumbnailUrl\":\"https:\/\/jinsuncarbon.com\/wp-content\/uploads\/2024\/11\/pyrolytic-graphite-electrode.jpg\",\"datePublished\":\"2024-11-25T09:34:57+00:00\",\"dateModified\":\"2024-12-01T12:56:31+00:00\",\"description\":\"Pyrolytic graphite electrode is constructed by the cutting-edge CVD (chemical vapor deposition) process, it can be based on your specific needs.\",\"breadcrumb\":{\"@id\":\"https:\/\/jinsuncarbon.com\/product\/pyrolytic-graphite-electrode\/#breadcrumb\"},\"inLanguage\":\"de\",\"potentialAction\":[{\"@type\":\"ReadAction\",\"target\":[\"https:\/\/jinsuncarbon.com\/product\/pyrolytic-graphite-electrode\/\"]}]},{\"@type\":\"ImageObject\",\"inLanguage\":\"de\",\"@id\":\"https:\/\/jinsuncarbon.com\/product\/pyrolytic-graphite-electrode\/#primaryimage\",\"url\":\"https:\/\/jinsuncarbon.com\/wp-content\/uploads\/2024\/11\/pyrolytic-graphite-electrode.jpg\",\"contentUrl\":\"https:\/\/jinsuncarbon.com\/wp-content\/uploads\/2024\/11\/pyrolytic-graphite-electrode.jpg\",\"width\":1024,\"height\":763,\"caption\":\"pyrolytic graphite electrode\"},{\"@type\":\"BreadcrumbList\",\"@id\":\"https:\/\/jinsuncarbon.com\/product\/pyrolytic-graphite-electrode\/#breadcrumb\",\"itemListElement\":[{\"@type\":\"ListItem\",\"position\":1,\"name\":\"Home\",\"item\":\"https:\/\/jinsuncarbon.com\/\"},{\"@type\":\"ListItem\",\"position\":2,\"name\":\"Products\",\"item\":\"https:\/\/jinsuncarbon.com\/graphite-carbon\/\"},{\"@type\":\"ListItem\",\"position\":3,\"name\":\"Pyrolytic Graphite Electrode\"}]},{\"@type\":\"WebSite\",\"@id\":\"https:\/\/jinsuncarbon.com\/#website\",\"url\":\"https:\/\/jinsuncarbon.com\/\",\"name\":\"Jinsun Carbon\",\"description\":\"We are the successful graphite electrode manufacturer in China\",\"publisher\":{\"@id\":\"https:\/\/jinsuncarbon.com\/#organization\"},\"potentialAction\":[{\"@type\":\"SearchAction\",\"target\":{\"@type\":\"EntryPoint\",\"urlTemplate\":\"https:\/\/jinsuncarbon.com\/?s={search_term_string}\"},\"query-input\":{\"@type\":\"PropertyValueSpecification\",\"valueRequired\":true,\"valueName\":\"search_term_string\"}}],\"inLanguage\":\"de\"},{\"@type\":\"Organization\",\"@id\":\"https:\/\/jinsuncarbon.com\/#organization\",\"name\":\"Jinsun Carbon\",\"alternateName\":\"Jinsun Carbon\",\"url\":\"https:\/\/jinsuncarbon.com\/\",\"logo\":{\"@type\":\"ImageObject\",\"inLanguage\":\"de\",\"@id\":\"https:\/\/jinsuncarbon.com\/#\/schema\/logo\/image\/\",\"url\":\"https:\/\/jinsuncarbon.com\/wp-content\/uploads\/2022\/12\/LOGO-1.png\",\"contentUrl\":\"https:\/\/jinsuncarbon.com\/wp-content\/uploads\/2022\/12\/LOGO-1.png\",\"width\":207,\"height\":80,\"caption\":\"Jinsun Carbon\"},\"image\":{\"@id\":\"https:\/\/jinsuncarbon.com\/#\/schema\/logo\/image\/\"},\"sameAs\":[\"https:\/\/www.facebook.com\/Graphite-Electrode-109336238661595\",\"https:\/\/x.com\/jinsuncarbon_\",\"https:\/\/www.linkedin.com\/in\/jinsungraphite\",\"https:\/\/www.youtube.com\/channel\/UCysDNyvyR5-3cCWEmpkVC0g\"]}]}<\/script>\n<!-- \/ Yoast SEO Premium plugin. -->","yoast_head_json":{"title":"Pyrolytische Graphitelektrode Hersteller in China","description":"Die Elektrode aus pyrolytischem Graphit wird durch das hochmoderne CVD-Verfahren (chemische Gasphasenabscheidung) hergestellt und kann auf Ihre spezifischen Bed\u00fcrfnisse abgestimmt werden.","robots":{"index":"index","follow":"follow","max-snippet":"max-snippet:-1","max-image-preview":"max-image-preview:large","max-video-preview":"max-video-preview:-1"},"canonical":"https:\/\/jinsuncarbon.com\/de\/produkt\/elektrode-aus-pyrolytischem-graphit\/","og_locale":"de_DE","og_type":"article","og_title":"Pyrolytic Graphite Electrode","og_description":"Pyrolytic graphite electrode is constructed by the cutting-edge CVD (chemical vapor deposition) process, it can be based on your specific needs.","og_url":"https:\/\/jinsuncarbon.com\/de\/produkt\/elektrode-aus-pyrolytischem-graphit\/","og_site_name":"Jinsun Carbon","article_publisher":"https:\/\/www.facebook.com\/Graphite-Electrode-109336238661595","article_modified_time":"2024-12-01T12:56:31+00:00","og_image":[{"width":1024,"height":763,"url":"https:\/\/jinsuncarbon.com\/wp-content\/uploads\/2024\/11\/pyrolytic-graphite-electrode.jpg","type":"image\/jpeg"}],"twitter_card":"summary_large_image","twitter_site":"@jinsuncarbon_","twitter_misc":{"Gesch\u00e4tzte Lesezeit":"3\u00a0Minuten"},"schema":{"@context":"https:\/\/schema.org","@graph":[{"@type":"WebPage","@id":"https:\/\/jinsuncarbon.com\/product\/pyrolytic-graphite-electrode\/","url":"https:\/\/jinsuncarbon.com\/product\/pyrolytic-graphite-electrode\/","name":"Pyrolytische Graphitelektrode Hersteller in China","isPartOf":{"@id":"https:\/\/jinsuncarbon.com\/#website"},"primaryImageOfPage":{"@id":"https:\/\/jinsuncarbon.com\/product\/pyrolytic-graphite-electrode\/#primaryimage"},"image":{"@id":"https:\/\/jinsuncarbon.com\/product\/pyrolytic-graphite-electrode\/#primaryimage"},"thumbnailUrl":"https:\/\/jinsuncarbon.com\/wp-content\/uploads\/2024\/11\/pyrolytic-graphite-electrode.jpg","datePublished":"2024-11-25T09:34:57+00:00","dateModified":"2024-12-01T12:56:31+00:00","description":"Die Elektrode aus pyrolytischem Graphit wird durch das hochmoderne CVD-Verfahren (chemische Gasphasenabscheidung) hergestellt und kann auf Ihre spezifischen Bed\u00fcrfnisse abgestimmt werden.","breadcrumb":{"@id":"https:\/\/jinsuncarbon.com\/product\/pyrolytic-graphite-electrode\/#breadcrumb"},"inLanguage":"de","potentialAction":[{"@type":"ReadAction","target":["https:\/\/jinsuncarbon.com\/product\/pyrolytic-graphite-electrode\/"]}]},{"@type":"ImageObject","inLanguage":"de","@id":"https:\/\/jinsuncarbon.com\/product\/pyrolytic-graphite-electrode\/#primaryimage","url":"https:\/\/jinsuncarbon.com\/wp-content\/uploads\/2024\/11\/pyrolytic-graphite-electrode.jpg","contentUrl":"https:\/\/jinsuncarbon.com\/wp-content\/uploads\/2024\/11\/pyrolytic-graphite-electrode.jpg","width":1024,"height":763,"caption":"pyrolytic graphite electrode"},{"@type":"BreadcrumbList","@id":"https:\/\/jinsuncarbon.com\/product\/pyrolytic-graphite-electrode\/#breadcrumb","itemListElement":[{"@type":"ListItem","position":1,"name":"Home","item":"https:\/\/jinsuncarbon.com\/"},{"@type":"ListItem","position":2,"name":"Products","item":"https:\/\/jinsuncarbon.com\/graphite-carbon\/"},{"@type":"ListItem","position":3,"name":"Pyrolytic Graphite Electrode"}]},{"@type":"WebSite","@id":"https:\/\/jinsuncarbon.com\/#website","url":"https:\/\/jinsuncarbon.com\/","name":"Jinsun Kohlenstoff","description":"Wir sind der erfolgreiche Hersteller von Graphitelektroden in China","publisher":{"@id":"https:\/\/jinsuncarbon.com\/#organization"},"potentialAction":[{"@type":"SearchAction","target":{"@type":"EntryPoint","urlTemplate":"https:\/\/jinsuncarbon.com\/?s={search_term_string}"},"query-input":{"@type":"PropertyValueSpecification","valueRequired":true,"valueName":"search_term_string"}}],"inLanguage":"de"},{"@type":"Organization","@id":"https:\/\/jinsuncarbon.com\/#organization","name":"Jinsun Kohlenstoff","alternateName":"Jinsun Carbon","url":"https:\/\/jinsuncarbon.com\/","logo":{"@type":"ImageObject","inLanguage":"de","@id":"https:\/\/jinsuncarbon.com\/#\/schema\/logo\/image\/","url":"https:\/\/jinsuncarbon.com\/wp-content\/uploads\/2022\/12\/LOGO-1.png","contentUrl":"https:\/\/jinsuncarbon.com\/wp-content\/uploads\/2022\/12\/LOGO-1.png","width":207,"height":80,"caption":"Jinsun Carbon"},"image":{"@id":"https:\/\/jinsuncarbon.com\/#\/schema\/logo\/image\/"},"sameAs":["https:\/\/www.facebook.com\/Graphite-Electrode-109336238661595","https:\/\/x.com\/jinsuncarbon_","https:\/\/www.linkedin.com\/in\/jinsungraphite","https:\/\/www.youtube.com\/channel\/UCysDNyvyR5-3cCWEmpkVC0g"]}]}},"_links":{"self":[{"href":"https:\/\/jinsuncarbon.com\/de\/wp-json\/wp\/v2\/product\/6799","targetHints":{"allow":["GET"]}}],"collection":[{"href":"https:\/\/jinsuncarbon.com\/de\/wp-json\/wp\/v2\/product"}],"about":[{"href":"https:\/\/jinsuncarbon.com\/de\/wp-json\/wp\/v2\/types\/product"}],"wp:featuredmedia":[{"embeddable":true,"href":"https:\/\/jinsuncarbon.com\/de\/wp-json\/wp\/v2\/media\/6800"}],"wp:attachment":[{"href":"https:\/\/jinsuncarbon.com\/de\/wp-json\/wp\/v2\/media?parent=6799"}],"wp:term":[{"taxonomy":"product_brand","embeddable":true,"href":"https:\/\/jinsuncarbon.com\/de\/wp-json\/wp\/v2\/product_brand?post=6799"},{"taxonomy":"product_cat","embeddable":true,"href":"https:\/\/jinsuncarbon.com\/de\/wp-json\/wp\/v2\/product_cat?post=6799"},{"taxonomy":"product_tag","embeddable":true,"href":"https:\/\/jinsuncarbon.com\/de\/wp-json\/wp\/v2\/product_tag?post=6799"}],"curies":[{"name":"wp","href":"https:\/\/api.w.org\/{rel}","templated":true}]}}