{"id":6797,"date":"2024-11-25T11:28:34","date_gmt":"2024-11-25T11:28:34","guid":{"rendered":"https:\/\/jinsuncarbon.com\/?post_type=product&#038;p=6797"},"modified":"2024-12-01T12:55:15","modified_gmt":"2024-12-01T12:55:15","slug":"flexible-graphitplatte","status":"publish","type":"product","link":"https:\/\/jinsuncarbon.com\/de\/produkt\/flexible-graphitplatte\/","title":{"rendered":"Flexible Graphitplatten"},"content":{"rendered":"<p>Die Herstellung von flexiblen Graphitplatten beginnt in der Regel mit der Ans\u00e4uerung von Naturgraphit, um Verunreinigungen zu entfernen. Diese erm\u00f6glichen die Bildung von Graphit-Zwischenschichtverbindungen. Dann, nach dem Waschen, Trocknen und anderen Schritten, wird die Hochtemperaturquelltechnik eingesetzt. Unter der Wirkung der sofortigen hohen Temperatur (im Allgemeinen bis zu 1000\u2103 oder mehr), die Graphit-Zwischenschicht-Verbindungen schnell zersetzen, um Gas zu produzieren. Daher bildet der Graphit entlang der Richtung der Zwischenschichtexpansion einen wurmartig expandierten Graphit. Schlie\u00dflich wird der expandierte Graphit durch Walzen, Rollen und andere mechanische Verarbeitungsverfahren zu flexiblen Graphitplatten mit einer bestimmten Dicke und Festigkeit verarbeitet.<\/p>\n<p>&nbsp;<\/p>\n<p>Je nach Ihren individuellen Bed\u00fcrfnissen k\u00f6nnen wir sie durch professionelles Schneiden, Formen und andere Feinbearbeitungen genau an die von Ihnen gew\u00fcnschte Gr\u00f6\u00dfe und Form anpassen. Ob die Anforderungen an die Abdichtung kleiner R\u00e4ume oder die Anforderungen an die W\u00e4rmeableitung unregelm\u00e4\u00dfiger Heizfl\u00e4chen, flexible Graphitplatten lassen sich problemlos bew\u00e4ltigen. Dies erm\u00f6glicht effiziente, zuverl\u00e4ssige und ma\u00dfgeschneiderte Materiall\u00f6sungen f\u00fcr Ihre industrielle Produktion oder Ihre wissenschaftlichen und technologischen Forschungs- und Entwicklungsprojekte. Die ideale Wahl f\u00fcr Ihr Streben nach h\u00f6chster Qualit\u00e4t und einzigartigen Anwendungen.<\/p>\n<p>&nbsp;<\/p>\n<h2>Vorteile von flexiblen Graphitplatten<\/h2>\n<ul>\n<li>Ausgezeichnete W\u00e4rmeleitf\u00e4higkeit. Die W\u00e4rmeleitf\u00e4higkeit der flexiblen Graphitplatte ist hoch. Sie kann W\u00e4rme schnell leiten. Und es kann die Temperatur von Schl\u00fcsselkomponenten wie Chips im Bereich der W\u00e4rmeableitung von elektronischen Ger\u00e4ten effektiv reduzieren. Dies gew\u00e4hrleistet den stabilen Betrieb der Ger\u00e4te und verhindert Leistungseinbu\u00dfen oder Ausf\u00e4lle durch \u00dcberhitzung.<\/li>\n<\/ul>\n<p>&nbsp;<\/p>\n<ul>\n<li>Hervorragende Best\u00e4ndigkeit gegen hohe Temperaturen. Es kann weiterhin in einer Hochtemperaturumgebung arbeiten. Und es kann Tausende von Grad hoher Temperatur in einer inerten Atmosph\u00e4re aushalten, geeignet f\u00fcr Hochtemperatur-Ofenisolierung, feuerfeste Beschichtung, etc. Au\u00dferdem kann es die strukturelle Integrit\u00e4t und stabile Leistung unter extremen Hochtemperaturbedingungen beibehalten.<\/li>\n<\/ul>\n<p>&nbsp;<\/p>\n<ul>\n<li>Gute chemische Stabilit\u00e4t. Starke S\u00e4uren, starke Laugen und die meisten organischen L\u00f6sungsmittel sind gut vertr\u00e4glich. In der chemischen, pharmazeutischen und anderen korrosiven industriellen Umgebung, kann als korrosionsbest\u00e4ndige Auskleidung, Dichtung und andere Materialien verwendet werden. Diese effektiv zu verhindern, dass die Erosion von chemischen Medien auf die Ausr\u00fcstung.<\/li>\n<\/ul>\n<p>&nbsp;<\/p>\n<ul>\n<li>Ausgezeichnete Flexibilit\u00e4t und Verarbeitbarkeit. Wir k\u00f6nnen es problemlos in eine Vielzahl komplexer Formen schneiden, biegen und falten. Das ist praktisch f\u00fcr den Einbau und die Verwendung an unterschiedlich geformten Anlagenkomponenten. Zum Beispiel f\u00fcr die Abdichtung von speziell geformten Rohren und die unregelm\u00e4\u00dfige Form des K\u00fchlmoduls.<\/li>\n<\/ul>\n<p>&nbsp;<\/p>\n<ul>\n<li>Geringe Dichte. Geringes Gewicht kann die Anforderungen an die Materialleistung erf\u00fcllen. (In Anwendungsszenarien mit strengen Gewichtsbeschr\u00e4nkungen. Wie z.B. Luft- und Raumfahrtger\u00e4te, tragbare elektronische Ger\u00e4te usw.) Und es kann auch das Gesamtgewicht und den Energieverbrauch reduzieren.<\/li>\n<\/ul>\n<p>&nbsp;<\/p>\n<h2>Wichtigste Anwendungen<\/h2>\n<p><strong>Elektronik und Kommunikation<\/strong>. In Smartphones, Computern und anderen elektronischen Ger\u00e4ten werden flexible Graphitplatten h\u00e4ufig als W\u00e4rmeableitungsmaterial verwendet. Befestigt an <a href=\"https:\/\/en.wikipedia.org\/wiki\/CHiPs\" target=\"_blank\" rel=\"noopener\">Chips<\/a>Batterien und anderen heizenden Teilen wird die W\u00e4rme schnell abgeleitet. Dadurch wird sichergestellt, dass die Temperatur des Ger\u00e4ts bei Hochleistungsbetrieb stabil ist. In Ger\u00e4ten wie dem Leistungsverst\u00e4rker der Kommunikationsbasisstation werden seine gute W\u00e4rmeleitf\u00e4higkeit und hohe Temperaturbest\u00e4ndigkeit ebenfalls verwendet, um den normalen Betrieb und die Lebensdauer des Ger\u00e4ts zu gew\u00e4hrleisten.<\/p>\n<p>&nbsp;<\/p>\n<p><strong>Energiewirtschaft<\/strong>. In Lithium-Ionen-Batterien k\u00f6nnen wir es als Zusatzstoff verwenden, um <a href=\"https:\/\/jinsuncarbon.com\/de\/produkt\/graphitstab-elektrode\/\">Elektrode<\/a> Materialien oder ein Beschichtungsmaterial zur Fl\u00fcssigkeitsaufnahme. Dies verbessert\u00a0<a href=\"https:\/\/en.wikipedia.org\/wiki\/Electric_battery\" target=\"_blank\" rel=\"noopener\">Batterie<\/a> Lade- und Entladeleistung und Zykluslebensdauer. In Brennstoffzellen k\u00f6nnen wir es als Dichtungs- und Leitmaterial f\u00fcr Bipolarplatten verwenden, um die Gesamtleistung und Stabilit\u00e4t von Brennstoffzellen zu verbessern.<\/p>\n<p>&nbsp;<\/p>\n<p><strong>Maschinenbau und Automobilindustrie<\/strong>. In der Zylinderkopfdichtung, Auspuff <a href=\"https:\/\/jinsuncarbon.com\/de\/produkt\/graphitrohr-zu-verkaufen\/\">Rohr<\/a> Dichtungen und andere Teile des Automotors, k\u00f6nnen wir es auch verwenden. Die flexible Graphitplatte nutzt ihre hohe Temperaturbest\u00e4ndigkeit und gute Dichtungsleistung, um das Austreten von Gas und Fl\u00fcssigkeit zu verhindern. Und sie gew\u00e4hrleistet den effizienten Betrieb des Motors. Die Dichtungsverbindung verschiedener Hochtemperatur- und Hochdruckger\u00e4te in der mechanischen Fertigung, wie Kompressoren, Pumpenventile usw., spielt ebenfalls eine wichtige Rolle bei der Abdichtung. Es reduziert die Wartungskosten der Ausr\u00fcstung und verbessert die Betriebssicherheit.<\/p>","protected":false},"excerpt":{"rendered":"<p>Flexible Graphitplatten sind ein sehr charakteristisches Plattenmaterial. Sie bestehen haupts\u00e4chlich aus hochwertigem Naturgraphit als Ausgangsmaterial und werden mit Hilfe einer speziellen Technologie sorgf\u00e4ltig hergestellt. Bei hochwertigen flexiblen Graphitplatten wird der Kohlenstoffgehalt bei 95% oder h\u00f6her gehalten. Dies gew\u00e4hrleistet eine hervorragende Leistung. Flexible Graphitplatten werden meist in Plattenform angeboten, die sich perfekt an die Oberfl\u00e4che verschiedener komplexer Formen von Teilen anpassen lassen.<\/p>","protected":false},"featured_media":6810,"template":"","meta":[],"product_brand":[],"product_cat":[38],"product_tag":[],"class_list":{"0":"post-6797","1":"product","2":"type-product","3":"status-publish","4":"has-post-thumbnail","6":"product_cat-graphite-products","8":"first","9":"instock","10":"shipping-taxable","11":"product-type-simple"},"yoast_head":"<!-- This site is optimized with the Yoast SEO Premium plugin v19.2.1 (Yoast SEO v25.3) - https:\/\/yoast.com\/wordpress\/plugins\/seo\/ -->\n<title>Flexible Graphite Sheet Manufacturer | Jinsun Carbon<\/title>\n<meta name=\"description\" content=\"Flexible graphite sheet is a very characteristic sheet material. It is mainly made of high quality natural graphite as the source material and carefully created by special technology.\" \/>\n<meta name=\"robots\" content=\"index, follow, max-snippet:-1, max-image-preview:large, max-video-preview:-1\" \/>\n<link rel=\"canonical\" href=\"https:\/\/jinsuncarbon.com\/de\/produkt\/flexible-graphitplatte\/\" \/>\n<meta property=\"og:locale\" content=\"de_DE\" \/>\n<meta property=\"og:type\" content=\"article\" \/>\n<meta property=\"og:title\" content=\"Flexible Graphite Sheet\" \/>\n<meta property=\"og:description\" content=\"Flexible graphite sheet is a very characteristic sheet material. It is mainly made of high quality natural graphite as the source material and carefully created by special technology.\" \/>\n<meta property=\"og:url\" content=\"https:\/\/jinsuncarbon.com\/de\/produkt\/flexible-graphitplatte\/\" \/>\n<meta property=\"og:site_name\" content=\"Jinsun Carbon\" \/>\n<meta property=\"article:publisher\" content=\"https:\/\/www.facebook.com\/Graphite-Electrode-109336238661595\" \/>\n<meta property=\"article:modified_time\" content=\"2024-12-01T12:55:15+00:00\" \/>\n<meta property=\"og:image\" content=\"https:\/\/jinsuncarbon.com\/wp-content\/uploads\/2024\/11\/WechatIMG1547.jpg\" \/>\n\t<meta property=\"og:image:width\" content=\"1024\" \/>\n\t<meta property=\"og:image:height\" content=\"763\" \/>\n\t<meta property=\"og:image:type\" content=\"image\/jpeg\" \/>\n<meta name=\"twitter:card\" content=\"summary_large_image\" \/>\n<meta name=\"twitter:site\" content=\"@jinsuncarbon_\" \/>\n<meta name=\"twitter:label1\" content=\"Gesch\u00e4tzte Lesezeit\" \/>\n\t<meta name=\"twitter:data1\" content=\"4\u00a0Minuten\" \/>\n<script type=\"application\/ld+json\" class=\"yoast-schema-graph\">{\"@context\":\"https:\/\/schema.org\",\"@graph\":[{\"@type\":\"WebPage\",\"@id\":\"https:\/\/jinsuncarbon.com\/product\/flexible-graphite-sheet\/\",\"url\":\"https:\/\/jinsuncarbon.com\/product\/flexible-graphite-sheet\/\",\"name\":\"Flexible Graphite Sheet Manufacturer | Jinsun Carbon\",\"isPartOf\":{\"@id\":\"https:\/\/jinsuncarbon.com\/#website\"},\"primaryImageOfPage\":{\"@id\":\"https:\/\/jinsuncarbon.com\/product\/flexible-graphite-sheet\/#primaryimage\"},\"image\":{\"@id\":\"https:\/\/jinsuncarbon.com\/product\/flexible-graphite-sheet\/#primaryimage\"},\"thumbnailUrl\":\"https:\/\/jinsuncarbon.com\/wp-content\/uploads\/2024\/11\/WechatIMG1547.jpg\",\"datePublished\":\"2024-11-25T11:28:34+00:00\",\"dateModified\":\"2024-12-01T12:55:15+00:00\",\"description\":\"Flexible graphite sheet is a very characteristic sheet material. It is mainly made of high quality natural graphite as the source material and carefully created by special technology.\",\"breadcrumb\":{\"@id\":\"https:\/\/jinsuncarbon.com\/product\/flexible-graphite-sheet\/#breadcrumb\"},\"inLanguage\":\"de\",\"potentialAction\":[{\"@type\":\"ReadAction\",\"target\":[\"https:\/\/jinsuncarbon.com\/product\/flexible-graphite-sheet\/\"]}]},{\"@type\":\"ImageObject\",\"inLanguage\":\"de\",\"@id\":\"https:\/\/jinsuncarbon.com\/product\/flexible-graphite-sheet\/#primaryimage\",\"url\":\"https:\/\/jinsuncarbon.com\/wp-content\/uploads\/2024\/11\/WechatIMG1547.jpg\",\"contentUrl\":\"https:\/\/jinsuncarbon.com\/wp-content\/uploads\/2024\/11\/WechatIMG1547.jpg\",\"width\":1024,\"height\":763,\"caption\":\"Flexible graphite sheet\"},{\"@type\":\"BreadcrumbList\",\"@id\":\"https:\/\/jinsuncarbon.com\/product\/flexible-graphite-sheet\/#breadcrumb\",\"itemListElement\":[{\"@type\":\"ListItem\",\"position\":1,\"name\":\"Home\",\"item\":\"https:\/\/jinsuncarbon.com\/\"},{\"@type\":\"ListItem\",\"position\":2,\"name\":\"Products\",\"item\":\"https:\/\/jinsuncarbon.com\/graphite-carbon\/\"},{\"@type\":\"ListItem\",\"position\":3,\"name\":\"Flexible Graphite Sheet\"}]},{\"@type\":\"WebSite\",\"@id\":\"https:\/\/jinsuncarbon.com\/#website\",\"url\":\"https:\/\/jinsuncarbon.com\/\",\"name\":\"Jinsun Carbon\",\"description\":\"We are the successful graphite electrode manufacturer in China\",\"publisher\":{\"@id\":\"https:\/\/jinsuncarbon.com\/#organization\"},\"potentialAction\":[{\"@type\":\"SearchAction\",\"target\":{\"@type\":\"EntryPoint\",\"urlTemplate\":\"https:\/\/jinsuncarbon.com\/?s={search_term_string}\"},\"query-input\":{\"@type\":\"PropertyValueSpecification\",\"valueRequired\":true,\"valueName\":\"search_term_string\"}}],\"inLanguage\":\"de\"},{\"@type\":\"Organization\",\"@id\":\"https:\/\/jinsuncarbon.com\/#organization\",\"name\":\"Jinsun Carbon\",\"alternateName\":\"Jinsun Carbon\",\"url\":\"https:\/\/jinsuncarbon.com\/\",\"logo\":{\"@type\":\"ImageObject\",\"inLanguage\":\"de\",\"@id\":\"https:\/\/jinsuncarbon.com\/#\/schema\/logo\/image\/\",\"url\":\"https:\/\/jinsuncarbon.com\/wp-content\/uploads\/2022\/12\/LOGO-1.png\",\"contentUrl\":\"https:\/\/jinsuncarbon.com\/wp-content\/uploads\/2022\/12\/LOGO-1.png\",\"width\":207,\"height\":80,\"caption\":\"Jinsun Carbon\"},\"image\":{\"@id\":\"https:\/\/jinsuncarbon.com\/#\/schema\/logo\/image\/\"},\"sameAs\":[\"https:\/\/www.facebook.com\/Graphite-Electrode-109336238661595\",\"https:\/\/x.com\/jinsuncarbon_\",\"https:\/\/www.linkedin.com\/in\/jinsungraphite\",\"https:\/\/www.youtube.com\/channel\/UCysDNyvyR5-3cCWEmpkVC0g\"]}]}<\/script>\n<!-- \/ Yoast SEO Premium plugin. -->","yoast_head_json":{"title":"Flexible Graphitplatten Hersteller | Jinsun Carbon","description":"Flexible Graphitplatten sind ein sehr charakteristisches Plattenmaterial. Es wird haupts\u00e4chlich aus hochwertigem Naturgraphit als Ausgangsmaterial hergestellt und mit Hilfe einer speziellen Technologie sorgf\u00e4ltig bearbeitet.","robots":{"index":"index","follow":"follow","max-snippet":"max-snippet:-1","max-image-preview":"max-image-preview:large","max-video-preview":"max-video-preview:-1"},"canonical":"https:\/\/jinsuncarbon.com\/de\/produkt\/flexible-graphitplatte\/","og_locale":"de_DE","og_type":"article","og_title":"Flexible Graphite Sheet","og_description":"Flexible graphite sheet is a very characteristic sheet material. It is mainly made of high quality natural graphite as the source material and carefully created by special technology.","og_url":"https:\/\/jinsuncarbon.com\/de\/produkt\/flexible-graphitplatte\/","og_site_name":"Jinsun Carbon","article_publisher":"https:\/\/www.facebook.com\/Graphite-Electrode-109336238661595","article_modified_time":"2024-12-01T12:55:15+00:00","og_image":[{"width":1024,"height":763,"url":"https:\/\/jinsuncarbon.com\/wp-content\/uploads\/2024\/11\/WechatIMG1547.jpg","type":"image\/jpeg"}],"twitter_card":"summary_large_image","twitter_site":"@jinsuncarbon_","twitter_misc":{"Gesch\u00e4tzte Lesezeit":"4\u00a0Minuten"},"schema":{"@context":"https:\/\/schema.org","@graph":[{"@type":"WebPage","@id":"https:\/\/jinsuncarbon.com\/product\/flexible-graphite-sheet\/","url":"https:\/\/jinsuncarbon.com\/product\/flexible-graphite-sheet\/","name":"Flexible Graphitplatten Hersteller | Jinsun Carbon","isPartOf":{"@id":"https:\/\/jinsuncarbon.com\/#website"},"primaryImageOfPage":{"@id":"https:\/\/jinsuncarbon.com\/product\/flexible-graphite-sheet\/#primaryimage"},"image":{"@id":"https:\/\/jinsuncarbon.com\/product\/flexible-graphite-sheet\/#primaryimage"},"thumbnailUrl":"https:\/\/jinsuncarbon.com\/wp-content\/uploads\/2024\/11\/WechatIMG1547.jpg","datePublished":"2024-11-25T11:28:34+00:00","dateModified":"2024-12-01T12:55:15+00:00","description":"Flexible Graphitplatten sind ein sehr charakteristisches Plattenmaterial. Es wird haupts\u00e4chlich aus hochwertigem Naturgraphit als Ausgangsmaterial hergestellt und mit Hilfe einer speziellen Technologie sorgf\u00e4ltig bearbeitet.","breadcrumb":{"@id":"https:\/\/jinsuncarbon.com\/product\/flexible-graphite-sheet\/#breadcrumb"},"inLanguage":"de","potentialAction":[{"@type":"ReadAction","target":["https:\/\/jinsuncarbon.com\/product\/flexible-graphite-sheet\/"]}]},{"@type":"ImageObject","inLanguage":"de","@id":"https:\/\/jinsuncarbon.com\/product\/flexible-graphite-sheet\/#primaryimage","url":"https:\/\/jinsuncarbon.com\/wp-content\/uploads\/2024\/11\/WechatIMG1547.jpg","contentUrl":"https:\/\/jinsuncarbon.com\/wp-content\/uploads\/2024\/11\/WechatIMG1547.jpg","width":1024,"height":763,"caption":"Flexible graphite sheet"},{"@type":"BreadcrumbList","@id":"https:\/\/jinsuncarbon.com\/product\/flexible-graphite-sheet\/#breadcrumb","itemListElement":[{"@type":"ListItem","position":1,"name":"Home","item":"https:\/\/jinsuncarbon.com\/"},{"@type":"ListItem","position":2,"name":"Products","item":"https:\/\/jinsuncarbon.com\/graphite-carbon\/"},{"@type":"ListItem","position":3,"name":"Flexible Graphite Sheet"}]},{"@type":"WebSite","@id":"https:\/\/jinsuncarbon.com\/#website","url":"https:\/\/jinsuncarbon.com\/","name":"Jinsun Kohlenstoff","description":"Wir sind der erfolgreiche Hersteller von Graphitelektroden in China","publisher":{"@id":"https:\/\/jinsuncarbon.com\/#organization"},"potentialAction":[{"@type":"SearchAction","target":{"@type":"EntryPoint","urlTemplate":"https:\/\/jinsuncarbon.com\/?s={search_term_string}"},"query-input":{"@type":"PropertyValueSpecification","valueRequired":true,"valueName":"search_term_string"}}],"inLanguage":"de"},{"@type":"Organization","@id":"https:\/\/jinsuncarbon.com\/#organization","name":"Jinsun Kohlenstoff","alternateName":"Jinsun Carbon","url":"https:\/\/jinsuncarbon.com\/","logo":{"@type":"ImageObject","inLanguage":"de","@id":"https:\/\/jinsuncarbon.com\/#\/schema\/logo\/image\/","url":"https:\/\/jinsuncarbon.com\/wp-content\/uploads\/2022\/12\/LOGO-1.png","contentUrl":"https:\/\/jinsuncarbon.com\/wp-content\/uploads\/2022\/12\/LOGO-1.png","width":207,"height":80,"caption":"Jinsun Carbon"},"image":{"@id":"https:\/\/jinsuncarbon.com\/#\/schema\/logo\/image\/"},"sameAs":["https:\/\/www.facebook.com\/Graphite-Electrode-109336238661595","https:\/\/x.com\/jinsuncarbon_","https:\/\/www.linkedin.com\/in\/jinsungraphite","https:\/\/www.youtube.com\/channel\/UCysDNyvyR5-3cCWEmpkVC0g"]}]}},"_links":{"self":[{"href":"https:\/\/jinsuncarbon.com\/de\/wp-json\/wp\/v2\/product\/6797","targetHints":{"allow":["GET"]}}],"collection":[{"href":"https:\/\/jinsuncarbon.com\/de\/wp-json\/wp\/v2\/product"}],"about":[{"href":"https:\/\/jinsuncarbon.com\/de\/wp-json\/wp\/v2\/types\/product"}],"wp:featuredmedia":[{"embeddable":true,"href":"https:\/\/jinsuncarbon.com\/de\/wp-json\/wp\/v2\/media\/6810"}],"wp:attachment":[{"href":"https:\/\/jinsuncarbon.com\/de\/wp-json\/wp\/v2\/media?parent=6797"}],"wp:term":[{"taxonomy":"product_brand","embeddable":true,"href":"https:\/\/jinsuncarbon.com\/de\/wp-json\/wp\/v2\/product_brand?post=6797"},{"taxonomy":"product_cat","embeddable":true,"href":"https:\/\/jinsuncarbon.com\/de\/wp-json\/wp\/v2\/product_cat?post=6797"},{"taxonomy":"product_tag","embeddable":true,"href":"https:\/\/jinsuncarbon.com\/de\/wp-json\/wp\/v2\/product_tag?post=6797"}],"curies":[{"name":"wp","href":"https:\/\/api.w.org\/{rel}","templated":true}]}}