{"id":6667,"date":"2024-11-17T14:35:15","date_gmt":"2024-11-17T14:35:15","guid":{"rendered":"https:\/\/jinsuncarbon.com\/?post_type=product&#038;p=6667"},"modified":"2024-11-17T14:35:16","modified_gmt":"2024-11-17T14:35:16","slug":"graphitelektrode-mit-kleinem-durchmesser","status":"publish","type":"product","link":"https:\/\/jinsuncarbon.com\/de\/produkt\/graphitelektrode-mit-kleinem-durchmesser\/","title":{"rendered":"Graphitelektrode mit kleinem Durchmesser"},"content":{"rendered":"<p>Graphitelektroden mit kleinem Durchmesser haben einen hohen Reinheitsgrad, eine hohe Leitf\u00e4higkeit und eine hohe thermische Stabilit\u00e4t und sind au\u00dferdem ein wichtiges Material f\u00fcr das industrielle Schmelzen. Wir k\u00f6nnen Ihnen kundenspezifische Anforderungen anbieten, einschlie\u00dflich L\u00e4nge, Stanzung, Rille und andere spezielle Herstellungsverfahren.<\/p>\n<h2>Vorteile unserer Graphitelektrode mit kleinem Durchmesser<\/h2>\n<ul>\n<li><strong>Hohe Reinheit:<\/strong><\/li>\n<\/ul>\n<p>Unsere Graphitelektrode mit kleinem Durchmesser hat in der Regel einen hohen Reinheitsgrad und die Funktion, Verunreinigungen im Metallschmelzprozess zu reduzieren.<\/p>\n<ul>\n<li><strong>Hohe Dichte<\/strong><\/li>\n<\/ul>\n<p>Die hohe Dichte der Graphitelektrode mit kleinem Durchmesser verbessert die Festigkeit und Haltbarkeit der Elektrode, so dass sie \u00fcber einen langen Zeitraum hinweg ihre Leistung beibeh\u00e4lt.<\/p>\n<ul>\n<li><strong>Hohe thermische Stabilit\u00e4t:<\/strong><\/li>\n<\/ul>\n<p><a href=\"https:\/\/jinsuncarbon.com\/de\/produkt\/shp-graphitelektrode\/\">Graphit-Elektroden<\/a> ist strukturell stabil und wird bei hohen Temperaturen nicht leicht geschmolzen oder oxidiert.<\/p>\n<ul>\n<li><strong>Leichte Verarbeitung:<\/strong><\/li>\n<\/ul>\n<p>Es kann in einer Vielzahl von Formen und Gr\u00f6\u00dfen bearbeitet werden, um verschiedenen EAF-Konstruktionen gerecht zu werden. Dank dieser Flexibilit\u00e4t k\u00f6nnen Graphitelektroden ein breites Spektrum an metallurgischen Anforderungen erf\u00fcllen.<\/p>\n<p>&nbsp;<\/p>\n<h2>Anwendungen<\/h2>\n<ul>\n<li><strong>Schmelzen von Kalziumkarbid und Quarz:<\/strong>- Beim Schmelzen von Kalziumkarbid fungiert die Graphitelektrode mit dem kleinen Durchmesser als Leiter, um elektrische Energie in den Ofen zu leiten. Dadurch werden die Rohstoffe durch eine chemische Reaktion zu Kalziumkarbid umgewandelt, was den Schmelzprozess reibungsloser gestaltet. Bei der Quarzschmelze spielt sie die Rolle des Leiters und der Heizung und tr\u00e4gt dazu bei, dass das Quarzerz gereinigt und bei hohen Temperaturen umgewandelt wird.<\/li>\n<\/ul>\n<p>&nbsp;<\/p>\n<ul>\n<li><strong>Formenbau:<\/strong> \u00a0\u00a0\u00a0-Graphitelektroden mit kleinem Durchmesser werden f\u00fcr die Bearbeitung aller Arten von Formen verwendet, wie z. B. Spritzgussformen, Druckgussformen usw. Sie erm\u00f6glicht pr\u00e4zises Erodieren in komplexen Formen und kleinen Teilen von <a href=\"https:\/\/jinsuncarbon.com\/de\/produkt\/graphitform\/\">Schimmelpilze<\/a>und verbessert die Genauigkeit und Oberfl\u00e4chenqualit\u00e4t der Formen.<\/li>\n<\/ul>\n<p>&nbsp;<\/p>\n<ul>\n<li><strong>Halbleiter :<\/strong> Bei der Herstellung von monokristallinem Silizium kann auch eine Graphitelektrode mit kleinem Durchmesser verwendet werden, um die <a href=\"https:\/\/jinsuncarbon.com\/de\/produkt\/graphit-heizelement\/\">Heizelement<\/a> f\u00fcr Kristallzucht\u00f6fen. Aufgrund seiner hohen Temperaturbest\u00e4ndigkeit und chemischen Stabilit\u00e4t kann es in einer Hochtemperatur- und Hochvakuumumgebung eingesetzt werden. Dies schafft die notwendigen Bedingungen f\u00fcr das Wachstum von monokristallinem Silizium.<\/li>\n<\/ul>\n<p>&nbsp;<\/p>\n<ul>\n<li><strong>Chemisch:<\/strong>- In einigen chemischen Prozessen, wie Elektrolyse, Synthesereaktionen usw.. Sie k\u00f6nnen als Elektrodenmaterial verwendet werden, um an elektrochemischen Reaktionen teilzunehmen oder leitende Pfade zu schaffen.<\/li>\n<\/ul>\n<p>&nbsp;<\/p>\n<ul>\n<li><strong>EDM:<\/strong> \u00a0\u00a0\u00a0- Die Funkenerosion ist ein wichtiges Verfahren im Formenbau. Sie k\u00f6nnen Graphitelektroden mit kleinem Durchmesser als Werkzeugelektroden verwenden, um <a href=\"https:\/\/en.wikipedia.org\/wiki\/Electrical_discharge_machining\" target=\"_blank\" rel=\"noopener\">EDM<\/a> zum Abtragen von Formmaterial durch Entladungskorrosion, was zu komplexen Formen und hochpr\u00e4zisen Gussformen f\u00fchrt. Zu seinen Vorteilen geh\u00f6ren eine gute Entladungsleistung, geringe Verluste und eine hohe Bearbeitungsgenauigkeit.<\/li>\n<\/ul>\n<p>&nbsp;<\/p>\n<h2>Warum sollten Sie Jinsun-Graphitelektroden f\u00fcr Ihr Schmelzverfahren w\u00e4hlen?<\/h2>\n<p><strong>Hohe elektrische und thermische Leitf\u00e4higkeit:<\/strong><\/p>\n<p>-Unsere Elektrode hat eine ausgezeichnete elektrische und thermische Leitf\u00e4higkeit und kann elektrischen Strom und W\u00e4rme effektiv leiten. Dadurch eignet sie sich hervorragend f\u00fcr den Hochtemperatur-Schmelzprozess, kann W\u00e4rme schnell \u00fcbertragen und die Schmelzleistung verbessern.<\/p>\n<p><strong>Hohe Temperaturbest\u00e4ndigkeit:<\/strong><\/p>\n<p>Die Elektrode ist bei extrem hohen Temperaturen stabil, ohne zu schmelzen oder Schaden zu nehmen. Daher hat sie offensichtliche Vorteile in Hochtemperaturumgebungen wie Elektrolichtbogen\u00f6fen, <a href=\"https:\/\/en.wikipedia.org\/wiki\/Vacuum_furnace\" target=\"_blank\" rel=\"noopener\">Vakuum\u00f6fen<\/a> und Mittelfrequenz\u00f6fen.<\/p>\n<p><strong>Niedriger W\u00e4rmeausdehnungskoeffizient:<\/strong><\/p>\n<p>Der W\u00e4rmeausdehnungskoeffizient der Graphitelektrode ist gering, und sie wird durch die bei der Verarbeitung entstehende Hitze nicht leicht verformt. So kann sie die Stabilit\u00e4t und Genauigkeit des Schmelzprozesses gew\u00e4hrleisten.<\/p>\n<p><strong>Hohe mechanische Festigkeit<\/strong><\/p>\n<p>Unsere Elektroden k\u00f6nnen hohen Zug- und Sto\u00dfkr\u00e4ften standhalten und haben eine Biegefestigkeit von 10-45 MPa. Dies liegt daran, dass diese Elektroden mehrfach impr\u00e4gniert sind, um die Leistung zu verbessern.<\/p>\n<p>&nbsp;<\/p>","protected":false},"excerpt":{"rendered":"<p>Graphitelektroden mit kleinem Durchmesser beziehen sich in der Regel auf hochreine Graphitprodukte mit kleinem Durchmesser. Sie wird aus kohlenstoffhaltigen Rohstoffen wie Petrolkoks und Nadelkoks durch Zerkleinern, Formen, R\u00f6sten und Graphitieren hergestellt.  Im Allgemeinen kann ihr Durchmesser zwischen 60 und 150 Millimetern variieren.<\/p>\n<p>&nbsp;<\/p>","protected":false},"featured_media":6668,"template":"","meta":[],"product_brand":[],"product_cat":[37],"product_tag":[],"class_list":{"0":"post-6667","1":"product","2":"type-product","3":"status-publish","4":"has-post-thumbnail","6":"product_cat-graphite-electrode","8":"first","9":"instock","10":"shipping-taxable","11":"product-type-simple"},"yoast_head":"<!-- This site is optimized with the Yoast SEO Premium plugin v19.2.1 (Yoast SEO v25.3) - https:\/\/yoast.com\/wordpress\/plugins\/seo\/ -->\n<title>Small Diameter Graphite Electrode Manufacturer | Jinsun Carbon<\/title>\n<meta name=\"description\" content=\"Small diameter graphite electrode has high purity, high conductivity and high thermal stability, and it is also a key material for industrial melting.\" \/>\n<meta name=\"robots\" content=\"index, follow, max-snippet:-1, max-image-preview:large, max-video-preview:-1\" \/>\n<link rel=\"canonical\" href=\"https:\/\/jinsuncarbon.com\/de\/produkt\/graphitelektrode-mit-kleinem-durchmesser\/\" \/>\n<meta property=\"og:locale\" content=\"de_DE\" \/>\n<meta property=\"og:type\" content=\"article\" \/>\n<meta property=\"og:title\" content=\"Small Diameter Graphite Electrode\" \/>\n<meta property=\"og:description\" content=\"Small diameter graphite electrode has high purity, high conductivity and high thermal stability, and it is also a key material for industrial melting.\" \/>\n<meta property=\"og:url\" content=\"https:\/\/jinsuncarbon.com\/de\/produkt\/graphitelektrode-mit-kleinem-durchmesser\/\" \/>\n<meta property=\"og:site_name\" content=\"Jinsun Carbon\" \/>\n<meta property=\"article:publisher\" content=\"https:\/\/www.facebook.com\/Graphite-Electrode-109336238661595\" \/>\n<meta property=\"article:modified_time\" content=\"2024-11-17T14:35:16+00:00\" \/>\n<meta property=\"og:image\" content=\"https:\/\/jinsuncarbon.com\/wp-content\/uploads\/2024\/11\/Small-diameter-graphite-electrode.jpg\" \/>\n\t<meta property=\"og:image:width\" content=\"1024\" \/>\n\t<meta property=\"og:image:height\" content=\"763\" \/>\n\t<meta property=\"og:image:type\" content=\"image\/jpeg\" \/>\n<meta name=\"twitter:card\" content=\"summary_large_image\" \/>\n<meta name=\"twitter:site\" content=\"@jinsuncarbon_\" \/>\n<meta name=\"twitter:label1\" content=\"Gesch\u00e4tzte Lesezeit\" \/>\n\t<meta name=\"twitter:data1\" content=\"3\u00a0Minuten\" \/>\n<script type=\"application\/ld+json\" class=\"yoast-schema-graph\">{\"@context\":\"https:\/\/schema.org\",\"@graph\":[{\"@type\":\"WebPage\",\"@id\":\"https:\/\/jinsuncarbon.com\/product\/small-diameter-graphite-electrode\/\",\"url\":\"https:\/\/jinsuncarbon.com\/product\/small-diameter-graphite-electrode\/\",\"name\":\"Small Diameter Graphite Electrode Manufacturer | Jinsun Carbon\",\"isPartOf\":{\"@id\":\"https:\/\/jinsuncarbon.com\/#website\"},\"primaryImageOfPage\":{\"@id\":\"https:\/\/jinsuncarbon.com\/product\/small-diameter-graphite-electrode\/#primaryimage\"},\"image\":{\"@id\":\"https:\/\/jinsuncarbon.com\/product\/small-diameter-graphite-electrode\/#primaryimage\"},\"thumbnailUrl\":\"https:\/\/jinsuncarbon.com\/wp-content\/uploads\/2024\/11\/Small-diameter-graphite-electrode.jpg\",\"datePublished\":\"2024-11-17T14:35:15+00:00\",\"dateModified\":\"2024-11-17T14:35:16+00:00\",\"description\":\"Small diameter graphite electrode has high purity, high conductivity and high thermal stability, and it is also a key material for industrial melting.\",\"breadcrumb\":{\"@id\":\"https:\/\/jinsuncarbon.com\/product\/small-diameter-graphite-electrode\/#breadcrumb\"},\"inLanguage\":\"de\",\"potentialAction\":[{\"@type\":\"ReadAction\",\"target\":[\"https:\/\/jinsuncarbon.com\/product\/small-diameter-graphite-electrode\/\"]}]},{\"@type\":\"ImageObject\",\"inLanguage\":\"de\",\"@id\":\"https:\/\/jinsuncarbon.com\/product\/small-diameter-graphite-electrode\/#primaryimage\",\"url\":\"https:\/\/jinsuncarbon.com\/wp-content\/uploads\/2024\/11\/Small-diameter-graphite-electrode.jpg\",\"contentUrl\":\"https:\/\/jinsuncarbon.com\/wp-content\/uploads\/2024\/11\/Small-diameter-graphite-electrode.jpg\",\"width\":1024,\"height\":763,\"caption\":\"Small diameter graphite electrode | Jinsuncarbon\"},{\"@type\":\"BreadcrumbList\",\"@id\":\"https:\/\/jinsuncarbon.com\/product\/small-diameter-graphite-electrode\/#breadcrumb\",\"itemListElement\":[{\"@type\":\"ListItem\",\"position\":1,\"name\":\"Home\",\"item\":\"https:\/\/jinsuncarbon.com\/\"},{\"@type\":\"ListItem\",\"position\":2,\"name\":\"Products\",\"item\":\"https:\/\/jinsuncarbon.com\/graphite-carbon\/\"},{\"@type\":\"ListItem\",\"position\":3,\"name\":\"Small Diameter Graphite Electrode\"}]},{\"@type\":\"WebSite\",\"@id\":\"https:\/\/jinsuncarbon.com\/#website\",\"url\":\"https:\/\/jinsuncarbon.com\/\",\"name\":\"Jinsun Carbon\",\"description\":\"We are the successful graphite electrode manufacturer in China\",\"publisher\":{\"@id\":\"https:\/\/jinsuncarbon.com\/#organization\"},\"potentialAction\":[{\"@type\":\"SearchAction\",\"target\":{\"@type\":\"EntryPoint\",\"urlTemplate\":\"https:\/\/jinsuncarbon.com\/?s={search_term_string}\"},\"query-input\":{\"@type\":\"PropertyValueSpecification\",\"valueRequired\":true,\"valueName\":\"search_term_string\"}}],\"inLanguage\":\"de\"},{\"@type\":\"Organization\",\"@id\":\"https:\/\/jinsuncarbon.com\/#organization\",\"name\":\"Jinsun Carbon\",\"alternateName\":\"Jinsun Carbon\",\"url\":\"https:\/\/jinsuncarbon.com\/\",\"logo\":{\"@type\":\"ImageObject\",\"inLanguage\":\"de\",\"@id\":\"https:\/\/jinsuncarbon.com\/#\/schema\/logo\/image\/\",\"url\":\"https:\/\/jinsuncarbon.com\/wp-content\/uploads\/2022\/12\/LOGO-1.png\",\"contentUrl\":\"https:\/\/jinsuncarbon.com\/wp-content\/uploads\/2022\/12\/LOGO-1.png\",\"width\":207,\"height\":80,\"caption\":\"Jinsun Carbon\"},\"image\":{\"@id\":\"https:\/\/jinsuncarbon.com\/#\/schema\/logo\/image\/\"},\"sameAs\":[\"https:\/\/www.facebook.com\/Graphite-Electrode-109336238661595\",\"https:\/\/x.com\/jinsuncarbon_\",\"https:\/\/www.linkedin.com\/in\/jinsungraphite\",\"https:\/\/www.youtube.com\/channel\/UCysDNyvyR5-3cCWEmpkVC0g\"]}]}<\/script>\n<!-- \/ Yoast SEO Premium plugin. -->","yoast_head_json":{"title":"Graphitelektrode mit kleinem Durchmesser Hersteller | Jinsun Carbon","description":"Graphitelektroden mit kleinem Durchmesser haben einen hohen Reinheitsgrad, eine hohe Leitf\u00e4higkeit und eine hohe thermische Stabilit\u00e4t und sind au\u00dferdem ein wichtiges Material f\u00fcr das industrielle Schmelzen.","robots":{"index":"index","follow":"follow","max-snippet":"max-snippet:-1","max-image-preview":"max-image-preview:large","max-video-preview":"max-video-preview:-1"},"canonical":"https:\/\/jinsuncarbon.com\/de\/produkt\/graphitelektrode-mit-kleinem-durchmesser\/","og_locale":"de_DE","og_type":"article","og_title":"Small Diameter Graphite Electrode","og_description":"Small diameter graphite electrode has high purity, high conductivity and high thermal stability, and it is also a key material for industrial melting.","og_url":"https:\/\/jinsuncarbon.com\/de\/produkt\/graphitelektrode-mit-kleinem-durchmesser\/","og_site_name":"Jinsun Carbon","article_publisher":"https:\/\/www.facebook.com\/Graphite-Electrode-109336238661595","article_modified_time":"2024-11-17T14:35:16+00:00","og_image":[{"width":1024,"height":763,"url":"https:\/\/jinsuncarbon.com\/wp-content\/uploads\/2024\/11\/Small-diameter-graphite-electrode.jpg","type":"image\/jpeg"}],"twitter_card":"summary_large_image","twitter_site":"@jinsuncarbon_","twitter_misc":{"Gesch\u00e4tzte Lesezeit":"3\u00a0Minuten"},"schema":{"@context":"https:\/\/schema.org","@graph":[{"@type":"WebPage","@id":"https:\/\/jinsuncarbon.com\/product\/small-diameter-graphite-electrode\/","url":"https:\/\/jinsuncarbon.com\/product\/small-diameter-graphite-electrode\/","name":"Graphitelektrode mit kleinem Durchmesser Hersteller | Jinsun Carbon","isPartOf":{"@id":"https:\/\/jinsuncarbon.com\/#website"},"primaryImageOfPage":{"@id":"https:\/\/jinsuncarbon.com\/product\/small-diameter-graphite-electrode\/#primaryimage"},"image":{"@id":"https:\/\/jinsuncarbon.com\/product\/small-diameter-graphite-electrode\/#primaryimage"},"thumbnailUrl":"https:\/\/jinsuncarbon.com\/wp-content\/uploads\/2024\/11\/Small-diameter-graphite-electrode.jpg","datePublished":"2024-11-17T14:35:15+00:00","dateModified":"2024-11-17T14:35:16+00:00","description":"Graphitelektroden mit kleinem Durchmesser haben einen hohen Reinheitsgrad, eine hohe Leitf\u00e4higkeit und eine hohe thermische Stabilit\u00e4t und sind au\u00dferdem ein wichtiges Material f\u00fcr das industrielle Schmelzen.","breadcrumb":{"@id":"https:\/\/jinsuncarbon.com\/product\/small-diameter-graphite-electrode\/#breadcrumb"},"inLanguage":"de","potentialAction":[{"@type":"ReadAction","target":["https:\/\/jinsuncarbon.com\/product\/small-diameter-graphite-electrode\/"]}]},{"@type":"ImageObject","inLanguage":"de","@id":"https:\/\/jinsuncarbon.com\/product\/small-diameter-graphite-electrode\/#primaryimage","url":"https:\/\/jinsuncarbon.com\/wp-content\/uploads\/2024\/11\/Small-diameter-graphite-electrode.jpg","contentUrl":"https:\/\/jinsuncarbon.com\/wp-content\/uploads\/2024\/11\/Small-diameter-graphite-electrode.jpg","width":1024,"height":763,"caption":"Small diameter graphite electrode | Jinsuncarbon"},{"@type":"BreadcrumbList","@id":"https:\/\/jinsuncarbon.com\/product\/small-diameter-graphite-electrode\/#breadcrumb","itemListElement":[{"@type":"ListItem","position":1,"name":"Home","item":"https:\/\/jinsuncarbon.com\/"},{"@type":"ListItem","position":2,"name":"Products","item":"https:\/\/jinsuncarbon.com\/graphite-carbon\/"},{"@type":"ListItem","position":3,"name":"Small Diameter Graphite Electrode"}]},{"@type":"WebSite","@id":"https:\/\/jinsuncarbon.com\/#website","url":"https:\/\/jinsuncarbon.com\/","name":"Jinsun Kohlenstoff","description":"Wir sind der erfolgreiche Hersteller von Graphitelektroden in China","publisher":{"@id":"https:\/\/jinsuncarbon.com\/#organization"},"potentialAction":[{"@type":"SearchAction","target":{"@type":"EntryPoint","urlTemplate":"https:\/\/jinsuncarbon.com\/?s={search_term_string}"},"query-input":{"@type":"PropertyValueSpecification","valueRequired":true,"valueName":"search_term_string"}}],"inLanguage":"de"},{"@type":"Organization","@id":"https:\/\/jinsuncarbon.com\/#organization","name":"Jinsun Kohlenstoff","alternateName":"Jinsun Carbon","url":"https:\/\/jinsuncarbon.com\/","logo":{"@type":"ImageObject","inLanguage":"de","@id":"https:\/\/jinsuncarbon.com\/#\/schema\/logo\/image\/","url":"https:\/\/jinsuncarbon.com\/wp-content\/uploads\/2022\/12\/LOGO-1.png","contentUrl":"https:\/\/jinsuncarbon.com\/wp-content\/uploads\/2022\/12\/LOGO-1.png","width":207,"height":80,"caption":"Jinsun Carbon"},"image":{"@id":"https:\/\/jinsuncarbon.com\/#\/schema\/logo\/image\/"},"sameAs":["https:\/\/www.facebook.com\/Graphite-Electrode-109336238661595","https:\/\/x.com\/jinsuncarbon_","https:\/\/www.linkedin.com\/in\/jinsungraphite","https:\/\/www.youtube.com\/channel\/UCysDNyvyR5-3cCWEmpkVC0g"]}]}},"_links":{"self":[{"href":"https:\/\/jinsuncarbon.com\/de\/wp-json\/wp\/v2\/product\/6667","targetHints":{"allow":["GET"]}}],"collection":[{"href":"https:\/\/jinsuncarbon.com\/de\/wp-json\/wp\/v2\/product"}],"about":[{"href":"https:\/\/jinsuncarbon.com\/de\/wp-json\/wp\/v2\/types\/product"}],"wp:featuredmedia":[{"embeddable":true,"href":"https:\/\/jinsuncarbon.com\/de\/wp-json\/wp\/v2\/media\/6668"}],"wp:attachment":[{"href":"https:\/\/jinsuncarbon.com\/de\/wp-json\/wp\/v2\/media?parent=6667"}],"wp:term":[{"taxonomy":"product_brand","embeddable":true,"href":"https:\/\/jinsuncarbon.com\/de\/wp-json\/wp\/v2\/product_brand?post=6667"},{"taxonomy":"product_cat","embeddable":true,"href":"https:\/\/jinsuncarbon.com\/de\/wp-json\/wp\/v2\/product_cat?post=6667"},{"taxonomy":"product_tag","embeddable":true,"href":"https:\/\/jinsuncarbon.com\/de\/wp-json\/wp\/v2\/product_tag?post=6667"}],"curies":[{"name":"wp","href":"https:\/\/api.w.org\/{rel}","templated":true}]}}