{"id":6666,"date":"2024-11-19T12:33:54","date_gmt":"2024-11-19T12:33:54","guid":{"rendered":"https:\/\/jinsuncarbon.com\/?post_type=product&#038;p=6666"},"modified":"2024-12-01T22:53:30","modified_gmt":"2024-12-01T22:53:30","slug":"graphitstab-elektrode","status":"publish","type":"product","link":"https:\/\/jinsuncarbon.com\/de\/produkt\/graphitstab-elektrode\/","title":{"rendered":"Graphit-Stabelektrode"},"content":{"rendered":"<p>Graphitstabelektroden haben in der Regel eine zylindrische Form und werden h\u00e4ufig in der Metallverh\u00fcttung und anderen Bereichen eingesetzt. Sie sind ein unverzichtbarer Bestandteil der modernen industriellen Produktion. Unsere Stabelektroden haben eine ausgezeichnete Leitf\u00e4higkeit und k\u00f6nnen hohen Temperaturen standhalten. Daher bleiben diese Materialien auch bei hohen Temperaturen stabil und schmelzen nicht leicht. Au\u00dferdem ist ihre chemische Stabilit\u00e4t eine Schl\u00fcsseleigenschaft, die ihnen eine ausgezeichnete Korrosionsbest\u00e4ndigkeit verleiht und sie f\u00fcr ein breites Spektrum von Umgebungen geeignet macht.<\/p>\n<h2>Hauptmerkmale:<\/h2>\n<p>Ausgezeichnete Leitf\u00e4higkeit, hohe Temperaturbest\u00e4ndigkeit, chemische Stabilit\u00e4t Elektrodenst\u00e4be werden aus hochreinem Graphit hergestellt. Sie haben eine hohe Festigkeit und einen geringen Widerstand, was ihnen eine l\u00e4ngere Lebensdauer erm\u00f6glicht. Sie weisen eine erstaunliche Temperaturwechselbest\u00e4ndigkeit auf und k\u00f6nnen raschen Temperaturschwankungen standhalten. Gleichzeitig k\u00f6nnen diese Elektrodenst\u00e4be pr\u00e4zise verarbeitet werden, um Bauteile verschiedener Formen und Volumina herzustellen. Au\u00dferdem behalten sie die Konsistenz der elektrischen und thermischen Leitf\u00e4higkeit der gleichen Materialcharge bei, was den Anforderungen verschiedener Branchen gerecht wird.<\/p>\n<p>Diese Graphitstabelektroden weisen eine hohe Oxidationsbest\u00e4ndigkeit, S\u00e4ure- und Laugenkorrosionsbest\u00e4ndigkeit und Verschlei\u00dffestigkeit auf. Sie sind das bevorzugte Material f\u00fcr die Anwendung in verschiedenen chemischen Umgebungen wie Elektrolyse und Schmelzen geworden.<\/p>\n<h2>Graphit-Stabelektrode Verwendungszwecke<\/h2>\n<p><strong>Herstellung von Stahl im Elektrolichtbogenofen:<\/strong><\/p>\n<p>Graphitstabelektroden werden zur Erzeugung von Hochtemperaturlichtb\u00f6gen verwendet, um Stahlschrott oder Ferrolegierungen zu schmelzen. Sie spielt auch eine doppelte Rolle als Leitf\u00e4higkeit und Hochtemperaturbest\u00e4ndigkeit, um den reibungslosen Ablauf der Stahlerzeugung im Elektroofen zu gew\u00e4hrleisten.<\/p>\n<p><strong>Widerstandsheizung des Ofens:<\/strong><\/p>\n<p>Im Widerstandsofen kann es als <a href=\"https:\/\/jinsuncarbon.com\/de\/produkt\/graphit-heizelement\/\">Heizelement<\/a> um eine stabile W\u00e4rmequelle zu schaffen.<\/p>\n<p><strong>Elektrolytische Zellen:<\/strong><\/p>\n<p>Sie werden verwendet als <a href=\"https:\/\/jinsuncarbon.com\/de\/produkt\/anodenkohlenstoffblock\/\">Anoden<\/a> oder <a href=\"https:\/\/jinsuncarbon.com\/de\/produkt\/kathodenblock\/\">Kathoden<\/a> im elektrolytischen Prozess, insbesondere bei der Herstellung von Metallen wie Aluminium. Es kann zu Graphitrotoren verarbeitet und zur Bel\u00fcftung w\u00e4hrend des R\u00fchrens von Aluminiumfl\u00fcssigkeit verwendet werden.<\/p>\n<p><strong>Spezielles Schwei\u00dfen:<\/strong><\/p>\n<p>Graphitelektroden werden auch in speziellen Schwei\u00dfverfahren wie dem Widerstandsschwei\u00dfen und <a href=\"https:\/\/en.wikipedia.org\/wiki\/Arc_welding#:~:text=Arc%20welding%20is%20a%20welding,a%20binding%20of%20the%20metals.\" target=\"_blank\" rel=\"noopener\">Lichtbogenschwei\u00dfen<\/a>.<\/p>\n<p><strong>Schmelzen von Nichteisenmetallen:<\/strong><\/p>\n<p>Als leitf\u00e4hige Materialien wandeln Nichteisenmetalle elektrische Energie in W\u00e4rmeenergie zum Schmelzen um und Nichteisenmetalle <a href=\"https:\/\/en.wikipedia.org\/wiki\/Refining_(metallurgy)#:~:text=In%20metallurgy%2C%20refining%20consists%20of,identical%20to%20the%20raw%20material.\" target=\"_blank\" rel=\"noopener\">Metallveredelung<\/a>.<\/p>\n<p>&nbsp;<\/p>\n<h2>Unterschiede zwischen Graphitstabelektroden und Elektroden aus anderen Materialien:<\/h2>\n<p><strong>Strukturelle Unterschiede:<\/strong><\/p>\n<p>Im Vergleich zu glasartigem Kohlenstoff hat Graphit eine hoch geordnete Kristallstruktur, die aus hexagonal angeordneten Kohlenstoffatomschichten besteht, w\u00e4hrend glasartiger Kohlenstoff eine amorphe, nicht graphitisierbare Form von Kohlenstoff ist.<\/p>\n<p><strong>Physische Eigenschaften:<\/strong><\/p>\n<p>Graphit zeichnet sich durch eine hervorragende thermische und elektrische Leitf\u00e4higkeit aus.<\/p>\n<p>Wenn glasartiger Kohlenstoff eine geringere W\u00e4rmeleitf\u00e4higkeit hat, ist auch der elektrische Widerstand h\u00f6her.<\/p>\n<p><strong>Mechanische Eigenschaften:<\/strong><\/p>\n<p>Die Randebenen von Graphit haben eine glatte, flexible Struktur, die sich entlang der Basalebene abziehen l\u00e4sst, w\u00e4hrend glasartiger Kohlenstoff dicht und hart ist und weder f\u00fcr Gase noch f\u00fcr Fl\u00fcssigkeiten durchl\u00e4ssig ist.<\/p>\n<p><strong>Unterschiede in der Anwendung:<\/strong><\/p>\n<p>Stabelektroden aus Graphit werden h\u00e4ufig als Elektroden in Lichtbogen\u00f6fen, Lithium-Ionen-Batterien und anderen Hochtemperaturanwendungen eingesetzt, w\u00e4hrend glasartiger Kohlenstoff aufgrund seiner hervorragenden Eigenschaften die bevorzugte Wahl f\u00fcr Pr\u00e4zisionsteile mit hohen Toleranz- und Detailanforderungen ist.<\/p>\n<p>&nbsp;<\/p>","protected":false},"excerpt":{"rendered":"<p>Graphitstabelektroden werden aus Graphit hergestellt. Diese Elektroden haben eine hohe Reinheit, hohe Dichte, hohe Festigkeit und hohe Leitf\u00e4higkeit. Sie sind in Bereichen wie Stahl, Elektrolyse, Halbleiter und Luft- und Raumfahrt unverzichtbar. Die Herstellung umfasst das Mischen, Kneten, Formen, Brennen und Verarbeiten, um die besten physikalischen und chemischen Eigenschaften zu gew\u00e4hrleisten. Zu den von uns hergestellten Typen und Qualit\u00e4ten geh\u00f6ren: UHP-, HP-, RP-Graphitelektroden, hochreine Graphitstabelektroden und Naturgraphitelektroden. Diese Elektroden k\u00f6nnen Ihre unterschiedlichen industriellen Anforderungen erf\u00fcllen.<\/p>","protected":false},"featured_media":6697,"template":"","meta":[],"product_brand":[],"product_cat":[37],"product_tag":[],"class_list":{"0":"post-6666","1":"product","2":"type-product","3":"status-publish","4":"has-post-thumbnail","6":"product_cat-graphite-electrode","8":"first","9":"instock","10":"shipping-taxable","11":"product-type-simple"},"yoast_head":"<!-- This site is optimized with the Yoast SEO Premium plugin v19.2.1 (Yoast SEO v25.3) - https:\/\/yoast.com\/wordpress\/plugins\/seo\/ -->\n<title>Graphite Rod Electrode Manufacturer | Jinsun Carbon<\/title>\n<meta name=\"description\" content=\"Graphite rod electrodes are usually in cylindrical form and widely used in metal smelting and other fields.\u00a0They are an indispensable part of modern industrial production.\" \/>\n<meta name=\"robots\" content=\"index, follow, max-snippet:-1, max-image-preview:large, max-video-preview:-1\" \/>\n<link rel=\"canonical\" href=\"https:\/\/jinsuncarbon.com\/de\/produkt\/graphitstab-elektrode\/\" \/>\n<meta property=\"og:locale\" content=\"de_DE\" \/>\n<meta property=\"og:type\" content=\"article\" \/>\n<meta property=\"og:title\" content=\"Graphite Rod Electrode\" \/>\n<meta property=\"og:description\" content=\"Graphite rod electrodes are usually in cylindrical form and widely used in metal smelting and other fields.\u00a0They are an indispensable part of modern industrial production.\" \/>\n<meta property=\"og:url\" content=\"https:\/\/jinsuncarbon.com\/de\/produkt\/graphitstab-elektrode\/\" \/>\n<meta property=\"og:site_name\" content=\"Jinsun Carbon\" \/>\n<meta property=\"article:publisher\" content=\"https:\/\/www.facebook.com\/Graphite-Electrode-109336238661595\" \/>\n<meta property=\"article:modified_time\" content=\"2024-12-01T22:53:30+00:00\" \/>\n<meta property=\"og:image\" content=\"https:\/\/jinsuncarbon.com\/wp-content\/uploads\/2024\/11\/Graphite-rod-electrode.jpg\" \/>\n\t<meta property=\"og:image:width\" content=\"1024\" \/>\n\t<meta property=\"og:image:height\" content=\"763\" \/>\n\t<meta property=\"og:image:type\" content=\"image\/jpeg\" \/>\n<meta name=\"twitter:card\" content=\"summary_large_image\" \/>\n<meta name=\"twitter:site\" content=\"@jinsuncarbon_\" \/>\n<meta name=\"twitter:label1\" content=\"Gesch\u00e4tzte Lesezeit\" \/>\n\t<meta name=\"twitter:data1\" content=\"3\u00a0Minuten\" \/>\n<script type=\"application\/ld+json\" class=\"yoast-schema-graph\">{\"@context\":\"https:\/\/schema.org\",\"@graph\":[{\"@type\":\"WebPage\",\"@id\":\"https:\/\/jinsuncarbon.com\/product\/graphite-rod-electrode\/\",\"url\":\"https:\/\/jinsuncarbon.com\/product\/graphite-rod-electrode\/\",\"name\":\"Graphite Rod Electrode Manufacturer | Jinsun Carbon\",\"isPartOf\":{\"@id\":\"https:\/\/jinsuncarbon.com\/#website\"},\"primaryImageOfPage\":{\"@id\":\"https:\/\/jinsuncarbon.com\/product\/graphite-rod-electrode\/#primaryimage\"},\"image\":{\"@id\":\"https:\/\/jinsuncarbon.com\/product\/graphite-rod-electrode\/#primaryimage\"},\"thumbnailUrl\":\"https:\/\/jinsuncarbon.com\/wp-content\/uploads\/2024\/11\/Graphite-rod-electrode.jpg\",\"datePublished\":\"2024-11-19T12:33:54+00:00\",\"dateModified\":\"2024-12-01T22:53:30+00:00\",\"description\":\"Graphite rod electrodes are usually in cylindrical form and widely used in metal smelting and other fields.\u00a0They are an indispensable part of modern industrial production.\",\"breadcrumb\":{\"@id\":\"https:\/\/jinsuncarbon.com\/product\/graphite-rod-electrode\/#breadcrumb\"},\"inLanguage\":\"de\",\"potentialAction\":[{\"@type\":\"ReadAction\",\"target\":[\"https:\/\/jinsuncarbon.com\/product\/graphite-rod-electrode\/\"]}]},{\"@type\":\"ImageObject\",\"inLanguage\":\"de\",\"@id\":\"https:\/\/jinsuncarbon.com\/product\/graphite-rod-electrode\/#primaryimage\",\"url\":\"https:\/\/jinsuncarbon.com\/wp-content\/uploads\/2024\/11\/Graphite-rod-electrode.jpg\",\"contentUrl\":\"https:\/\/jinsuncarbon.com\/wp-content\/uploads\/2024\/11\/Graphite-rod-electrode.jpg\",\"width\":1024,\"height\":763,\"caption\":\"Graphite rod electrodes \uff5cJinsuncarbon\"},{\"@type\":\"BreadcrumbList\",\"@id\":\"https:\/\/jinsuncarbon.com\/product\/graphite-rod-electrode\/#breadcrumb\",\"itemListElement\":[{\"@type\":\"ListItem\",\"position\":1,\"name\":\"Home\",\"item\":\"https:\/\/jinsuncarbon.com\/\"},{\"@type\":\"ListItem\",\"position\":2,\"name\":\"Products\",\"item\":\"https:\/\/jinsuncarbon.com\/graphite-carbon\/\"},{\"@type\":\"ListItem\",\"position\":3,\"name\":\"Graphite Rod Electrode\"}]},{\"@type\":\"WebSite\",\"@id\":\"https:\/\/jinsuncarbon.com\/#website\",\"url\":\"https:\/\/jinsuncarbon.com\/\",\"name\":\"Jinsun Carbon\",\"description\":\"We are the successful graphite electrode manufacturer in China\",\"publisher\":{\"@id\":\"https:\/\/jinsuncarbon.com\/#organization\"},\"potentialAction\":[{\"@type\":\"SearchAction\",\"target\":{\"@type\":\"EntryPoint\",\"urlTemplate\":\"https:\/\/jinsuncarbon.com\/?s={search_term_string}\"},\"query-input\":{\"@type\":\"PropertyValueSpecification\",\"valueRequired\":true,\"valueName\":\"search_term_string\"}}],\"inLanguage\":\"de\"},{\"@type\":\"Organization\",\"@id\":\"https:\/\/jinsuncarbon.com\/#organization\",\"name\":\"Jinsun Carbon\",\"alternateName\":\"Jinsun Carbon\",\"url\":\"https:\/\/jinsuncarbon.com\/\",\"logo\":{\"@type\":\"ImageObject\",\"inLanguage\":\"de\",\"@id\":\"https:\/\/jinsuncarbon.com\/#\/schema\/logo\/image\/\",\"url\":\"https:\/\/jinsuncarbon.com\/wp-content\/uploads\/2022\/12\/LOGO-1.png\",\"contentUrl\":\"https:\/\/jinsuncarbon.com\/wp-content\/uploads\/2022\/12\/LOGO-1.png\",\"width\":207,\"height\":80,\"caption\":\"Jinsun Carbon\"},\"image\":{\"@id\":\"https:\/\/jinsuncarbon.com\/#\/schema\/logo\/image\/\"},\"sameAs\":[\"https:\/\/www.facebook.com\/Graphite-Electrode-109336238661595\",\"https:\/\/x.com\/jinsuncarbon_\",\"https:\/\/www.linkedin.com\/in\/jinsungraphite\",\"https:\/\/www.youtube.com\/channel\/UCysDNyvyR5-3cCWEmpkVC0g\"]}]}<\/script>\n<!-- \/ Yoast SEO Premium plugin. -->","yoast_head_json":{"title":"Graphit-Stabelektrode Hersteller | Jinsun Carbon","description":"Graphitstabelektroden haben in der Regel eine zylindrische Form und werden h\u00e4ufig in der Metallverh\u00fcttung und anderen Bereichen eingesetzt. Sie sind ein unverzichtbarer Bestandteil der modernen industriellen Produktion.","robots":{"index":"index","follow":"follow","max-snippet":"max-snippet:-1","max-image-preview":"max-image-preview:large","max-video-preview":"max-video-preview:-1"},"canonical":"https:\/\/jinsuncarbon.com\/de\/produkt\/graphitstab-elektrode\/","og_locale":"de_DE","og_type":"article","og_title":"Graphite Rod Electrode","og_description":"Graphite rod electrodes are usually in cylindrical form and widely used in metal smelting and other fields.\u00a0They are an indispensable part of modern industrial production.","og_url":"https:\/\/jinsuncarbon.com\/de\/produkt\/graphitstab-elektrode\/","og_site_name":"Jinsun Carbon","article_publisher":"https:\/\/www.facebook.com\/Graphite-Electrode-109336238661595","article_modified_time":"2024-12-01T22:53:30+00:00","og_image":[{"width":1024,"height":763,"url":"https:\/\/jinsuncarbon.com\/wp-content\/uploads\/2024\/11\/Graphite-rod-electrode.jpg","type":"image\/jpeg"}],"twitter_card":"summary_large_image","twitter_site":"@jinsuncarbon_","twitter_misc":{"Gesch\u00e4tzte Lesezeit":"3\u00a0Minuten"},"schema":{"@context":"https:\/\/schema.org","@graph":[{"@type":"WebPage","@id":"https:\/\/jinsuncarbon.com\/product\/graphite-rod-electrode\/","url":"https:\/\/jinsuncarbon.com\/product\/graphite-rod-electrode\/","name":"Graphit-Stabelektrode Hersteller | Jinsun Carbon","isPartOf":{"@id":"https:\/\/jinsuncarbon.com\/#website"},"primaryImageOfPage":{"@id":"https:\/\/jinsuncarbon.com\/product\/graphite-rod-electrode\/#primaryimage"},"image":{"@id":"https:\/\/jinsuncarbon.com\/product\/graphite-rod-electrode\/#primaryimage"},"thumbnailUrl":"https:\/\/jinsuncarbon.com\/wp-content\/uploads\/2024\/11\/Graphite-rod-electrode.jpg","datePublished":"2024-11-19T12:33:54+00:00","dateModified":"2024-12-01T22:53:30+00:00","description":"Graphitstabelektroden haben in der Regel eine zylindrische Form und werden h\u00e4ufig in der Metallverh\u00fcttung und anderen Bereichen eingesetzt. Sie sind ein unverzichtbarer Bestandteil der modernen industriellen Produktion.","breadcrumb":{"@id":"https:\/\/jinsuncarbon.com\/product\/graphite-rod-electrode\/#breadcrumb"},"inLanguage":"de","potentialAction":[{"@type":"ReadAction","target":["https:\/\/jinsuncarbon.com\/product\/graphite-rod-electrode\/"]}]},{"@type":"ImageObject","inLanguage":"de","@id":"https:\/\/jinsuncarbon.com\/product\/graphite-rod-electrode\/#primaryimage","url":"https:\/\/jinsuncarbon.com\/wp-content\/uploads\/2024\/11\/Graphite-rod-electrode.jpg","contentUrl":"https:\/\/jinsuncarbon.com\/wp-content\/uploads\/2024\/11\/Graphite-rod-electrode.jpg","width":1024,"height":763,"caption":"Graphite rod electrodes \uff5cJinsuncarbon"},{"@type":"BreadcrumbList","@id":"https:\/\/jinsuncarbon.com\/product\/graphite-rod-electrode\/#breadcrumb","itemListElement":[{"@type":"ListItem","position":1,"name":"Home","item":"https:\/\/jinsuncarbon.com\/"},{"@type":"ListItem","position":2,"name":"Products","item":"https:\/\/jinsuncarbon.com\/graphite-carbon\/"},{"@type":"ListItem","position":3,"name":"Graphite Rod Electrode"}]},{"@type":"WebSite","@id":"https:\/\/jinsuncarbon.com\/#website","url":"https:\/\/jinsuncarbon.com\/","name":"Jinsun Kohlenstoff","description":"Wir sind der erfolgreiche Hersteller von Graphitelektroden in China","publisher":{"@id":"https:\/\/jinsuncarbon.com\/#organization"},"potentialAction":[{"@type":"SearchAction","target":{"@type":"EntryPoint","urlTemplate":"https:\/\/jinsuncarbon.com\/?s={search_term_string}"},"query-input":{"@type":"PropertyValueSpecification","valueRequired":true,"valueName":"search_term_string"}}],"inLanguage":"de"},{"@type":"Organization","@id":"https:\/\/jinsuncarbon.com\/#organization","name":"Jinsun Kohlenstoff","alternateName":"Jinsun Carbon","url":"https:\/\/jinsuncarbon.com\/","logo":{"@type":"ImageObject","inLanguage":"de","@id":"https:\/\/jinsuncarbon.com\/#\/schema\/logo\/image\/","url":"https:\/\/jinsuncarbon.com\/wp-content\/uploads\/2022\/12\/LOGO-1.png","contentUrl":"https:\/\/jinsuncarbon.com\/wp-content\/uploads\/2022\/12\/LOGO-1.png","width":207,"height":80,"caption":"Jinsun Carbon"},"image":{"@id":"https:\/\/jinsuncarbon.com\/#\/schema\/logo\/image\/"},"sameAs":["https:\/\/www.facebook.com\/Graphite-Electrode-109336238661595","https:\/\/x.com\/jinsuncarbon_","https:\/\/www.linkedin.com\/in\/jinsungraphite","https:\/\/www.youtube.com\/channel\/UCysDNyvyR5-3cCWEmpkVC0g"]}]}},"_links":{"self":[{"href":"https:\/\/jinsuncarbon.com\/de\/wp-json\/wp\/v2\/product\/6666","targetHints":{"allow":["GET"]}}],"collection":[{"href":"https:\/\/jinsuncarbon.com\/de\/wp-json\/wp\/v2\/product"}],"about":[{"href":"https:\/\/jinsuncarbon.com\/de\/wp-json\/wp\/v2\/types\/product"}],"wp:featuredmedia":[{"embeddable":true,"href":"https:\/\/jinsuncarbon.com\/de\/wp-json\/wp\/v2\/media\/6697"}],"wp:attachment":[{"href":"https:\/\/jinsuncarbon.com\/de\/wp-json\/wp\/v2\/media?parent=6666"}],"wp:term":[{"taxonomy":"product_brand","embeddable":true,"href":"https:\/\/jinsuncarbon.com\/de\/wp-json\/wp\/v2\/product_brand?post=6666"},{"taxonomy":"product_cat","embeddable":true,"href":"https:\/\/jinsuncarbon.com\/de\/wp-json\/wp\/v2\/product_cat?post=6666"},{"taxonomy":"product_tag","embeddable":true,"href":"https:\/\/jinsuncarbon.com\/de\/wp-json\/wp\/v2\/product_tag?post=6666"}],"curies":[{"name":"wp","href":"https:\/\/api.w.org\/{rel}","templated":true}]}}